{"id":10958,"date":"2023-04-12T08:29:11","date_gmt":"2023-04-12T08:29:11","guid":{"rendered":"https:\/\/museo.inf.upv.es\/?page_id=10958"},"modified":"2023-05-10T16:47:59","modified_gmt":"2023-05-10T16:47:59","slug":"concurso-de-desarrollo","status":"publish","type":"page","link":"https:\/\/museo.inf.upv.es\/en\/concurso-de-desarrollo\/","title":{"rendered":"(Espa\u00f1ol) Concurso de desarrollo"},"content":{"rendered":"<p class=\"qtranxs-available-languages-message qtranxs-available-languages-message-en\">Sorry, this entry is only available in <a href=\"https:\/\/museo.inf.upv.es\/es\/wp-json\/wp\/v2\/pages\/10958\" class=\"qtranxs-available-language-link qtranxs-available-language-link-es\" title=\"Espa\u00f1ol\">Espa\u00f1ol<\/a> and <a href=\"https:\/\/museo.inf.upv.es\/va\/wp-json\/wp\/v2\/pages\/10958\" class=\"qtranxs-available-language-link qtranxs-available-language-link-va\" title=\"Valenci\u00e0\">Valenci\u00e0<\/a>.<\/p>","protected":false},"excerpt":{"rendered":"<p>Sorry, this entry is only available in Espa\u00f1ol and Valenci\u00e0.<\/p>\n","protected":false},"author":2,"featured_media":0,"parent":0,"menu_order":0,"comment_status":"closed","ping_status":"closed","template":"","meta":{"_monsterinsights_skip_tracking":false,"_monsterinsights_sitenote_active":false,"_monsterinsights_sitenote_note":"","_monsterinsights_sitenote_category":0,"footnotes":""},"class_list":["post-10958","page","type-page","status-publish","hentry","post"],"yoast_head":"<!-- This site is optimized with the Yoast SEO plugin v27.4 - https:\/\/yoast.com\/product\/yoast-seo-wordpress\/ -->\n<title>(Espa\u00f1ol) Concurso de desarrollo - Web del Museo de Inform\u00e1tica 2.0<\/title>\n<meta name=\"robots\" content=\"index, follow, max-snippet:-1, max-image-preview:large, max-video-preview:-1\" \/>\n<link rel=\"canonical\" href=\"https:\/\/museo.inf.upv.es\/concurso-de-desarrollo\/\" \/>\n<meta property=\"og:locale\" content=\"en_US\" \/>\n<meta property=\"og:type\" content=\"article\" \/>\n<meta property=\"og:title\" content=\"(Espa\u00f1ol) Concurso de desarrollo - Web del Museo de Inform\u00e1tica 2.0\" \/>\n<meta property=\"og:description\" content=\"Sorry, this entry is only available in Espa\u00f1ol and Valenci\u00e0.\" \/>\n<meta property=\"og:url\" content=\"https:\/\/museo.inf.upv.es\/concurso-de-desarrollo\/\" \/>\n<meta property=\"og:site_name\" content=\"Web del Museo de Inform\u00e1tica 2.0\" \/>\n<meta property=\"article:modified_time\" content=\"2023-05-10T16:47:59+00:00\" \/>\n<meta property=\"og:image\" content=\"https:\/\/museo.inf.upv.es\/wp-content\/uploads\/2023\/04\/Sin-titulo-1-300x266.png\" \/>\n<meta name=\"twitter:card\" content=\"summary_large_image\" \/>\n<meta name=\"twitter:label1\" content=\"Est. reading time\" \/>\n\t<meta name=\"twitter:data1\" content=\"3 minutes\" \/>\n<script type=\"application\/ld+json\" class=\"yoast-schema-graph\">{\"@context\":\"https:\\\/\\\/schema.org\",\"@graph\":[{\"@type\":\"WebPage\",\"@id\":\"https:\\\/\\\/museo.inf.upv.es\\\/concurso-de-desarrollo\\\/\",\"url\":\"https:\\\/\\\/museo.inf.upv.es\\\/concurso-de-desarrollo\\\/\",\"name\":\"(Espa\u00f1ol) Concurso de desarrollo - Web del Museo de Inform\u00e1tica 2.0\",\"isPartOf\":{\"@id\":\"https:\\\/\\\/museo.inf.upv.es\\\/#website\"},\"primaryImageOfPage\":{\"@id\":\"https:\\\/\\\/museo.inf.upv.es\\\/concurso-de-desarrollo\\\/#primaryimage\"},\"image\":{\"@id\":\"https:\\\/\\\/museo.inf.upv.es\\\/concurso-de-desarrollo\\\/#primaryimage\"},\"thumbnailUrl\":\"https:\\\/\\\/museo.inf.upv.es\\\/wp-content\\\/uploads\\\/2023\\\/04\\\/Sin-titulo-1-300x266.png\",\"datePublished\":\"2023-04-12T08:29:11+00:00\",\"dateModified\":\"2023-05-10T16:47:59+00:00\",\"breadcrumb\":{\"@id\":\"https:\\\/\\\/museo.inf.upv.es\\\/concurso-de-desarrollo\\\/#breadcrumb\"},\"inLanguage\":\"en-US\",\"potentialAction\":[{\"@type\":\"ReadAction\",\"target\":[\"https:\\\/\\\/museo.inf.upv.es\\\/concurso-de-desarrollo\\\/\"]}]},{\"@type\":\"ImageObject\",\"inLanguage\":\"en-US\",\"@id\":\"https:\\\/\\\/museo.inf.upv.es\\\/concurso-de-desarrollo\\\/#primaryimage\",\"url\":\"https:\\\/\\\/museo.inf.upv.es\\\/wp-content\\\/uploads\\\/2023\\\/04\\\/Sin-titulo-1-300x266.png\",\"contentUrl\":\"https:\\\/\\\/museo.inf.upv.es\\\/wp-content\\\/uploads\\\/2023\\\/04\\\/Sin-titulo-1-300x266.png\"},{\"@type\":\"BreadcrumbList\",\"@id\":\"https:\\\/\\\/museo.inf.upv.es\\\/concurso-de-desarrollo\\\/#breadcrumb\",\"itemListElement\":[{\"@type\":\"ListItem\",\"position\":1,\"name\":\"Portada\",\"item\":\"https:\\\/\\\/museo.inf.upv.es\\\/\"},{\"@type\":\"ListItem\",\"position\":2,\"name\":\"Concurso de desarrollo\"}]},{\"@type\":\"WebSite\",\"@id\":\"https:\\\/\\\/museo.inf.upv.es\\\/#website\",\"url\":\"https:\\\/\\\/museo.inf.upv.es\\\/\",\"name\":\"Web del Museo de Inform\u00e1tica 2.0\",\"description\":\"Web del Museo de Inform\u00e1tica 2.0\",\"potentialAction\":[{\"@type\":\"SearchAction\",\"target\":{\"@type\":\"EntryPoint\",\"urlTemplate\":\"https:\\\/\\\/museo.inf.upv.es\\\/?s={search_term_string}\"},\"query-input\":{\"@type\":\"PropertyValueSpecification\",\"valueRequired\":true,\"valueName\":\"search_term_string\"}}],\"inLanguage\":\"en-US\"}]}<\/script>\n<!-- \/ Yoast SEO plugin. -->","yoast_head_json":{"title":"(Espa\u00f1ol) Concurso de desarrollo - Web del Museo de Inform\u00e1tica 2.0","robots":{"index":"index","follow":"follow","max-snippet":"max-snippet:-1","max-image-preview":"max-image-preview:large","max-video-preview":"max-video-preview:-1"},"canonical":"https:\/\/museo.inf.upv.es\/concurso-de-desarrollo\/","og_locale":"en_US","og_type":"article","og_title":"(Espa\u00f1ol) Concurso de desarrollo - Web del Museo de Inform\u00e1tica 2.0","og_description":"Sorry, this entry is only available in Espa\u00f1ol and Valenci\u00e0.","og_url":"https:\/\/museo.inf.upv.es\/concurso-de-desarrollo\/","og_site_name":"Web del Museo de Inform\u00e1tica 2.0","article_modified_time":"2023-05-10T16:47:59+00:00","og_image":[{"url":"https:\/\/museo.inf.upv.es\/wp-content\/uploads\/2023\/04\/Sin-titulo-1-300x266.png","type":"","width":"","height":""}],"twitter_card":"summary_large_image","twitter_misc":{"Est. reading time":"3 minutes"},"schema":{"@context":"https:\/\/schema.org","@graph":[{"@type":"WebPage","@id":"https:\/\/museo.inf.upv.es\/concurso-de-desarrollo\/","url":"https:\/\/museo.inf.upv.es\/concurso-de-desarrollo\/","name":"(Espa\u00f1ol) Concurso de desarrollo - Web del Museo de Inform\u00e1tica 2.0","isPartOf":{"@id":"https:\/\/museo.inf.upv.es\/#website"},"primaryImageOfPage":{"@id":"https:\/\/museo.inf.upv.es\/concurso-de-desarrollo\/#primaryimage"},"image":{"@id":"https:\/\/museo.inf.upv.es\/concurso-de-desarrollo\/#primaryimage"},"thumbnailUrl":"https:\/\/museo.inf.upv.es\/wp-content\/uploads\/2023\/04\/Sin-titulo-1-300x266.png","datePublished":"2023-04-12T08:29:11+00:00","dateModified":"2023-05-10T16:47:59+00:00","breadcrumb":{"@id":"https:\/\/museo.inf.upv.es\/concurso-de-desarrollo\/#breadcrumb"},"inLanguage":"en-US","potentialAction":[{"@type":"ReadAction","target":["https:\/\/museo.inf.upv.es\/concurso-de-desarrollo\/"]}]},{"@type":"ImageObject","inLanguage":"en-US","@id":"https:\/\/museo.inf.upv.es\/concurso-de-desarrollo\/#primaryimage","url":"https:\/\/museo.inf.upv.es\/wp-content\/uploads\/2023\/04\/Sin-titulo-1-300x266.png","contentUrl":"https:\/\/museo.inf.upv.es\/wp-content\/uploads\/2023\/04\/Sin-titulo-1-300x266.png"},{"@type":"BreadcrumbList","@id":"https:\/\/museo.inf.upv.es\/concurso-de-desarrollo\/#breadcrumb","itemListElement":[{"@type":"ListItem","position":1,"name":"Portada","item":"https:\/\/museo.inf.upv.es\/"},{"@type":"ListItem","position":2,"name":"Concurso de desarrollo"}]},{"@type":"WebSite","@id":"https:\/\/museo.inf.upv.es\/#website","url":"https:\/\/museo.inf.upv.es\/","name":"Web del Museo de Inform\u00e1tica 2.0","description":"Web del Museo de Inform\u00e1tica 2.0","potentialAction":[{"@type":"SearchAction","target":{"@type":"EntryPoint","urlTemplate":"https:\/\/museo.inf.upv.es\/?s={search_term_string}"},"query-input":{"@type":"PropertyValueSpecification","valueRequired":true,"valueName":"search_term_string"}}],"inLanguage":"en-US"}]}},"_links":{"self":[{"href":"https:\/\/museo.inf.upv.es\/en\/wp-json\/wp\/v2\/pages\/10958","targetHints":{"allow":["GET"]}}],"collection":[{"href":"https:\/\/museo.inf.upv.es\/en\/wp-json\/wp\/v2\/pages"}],"about":[{"href":"https:\/\/museo.inf.upv.es\/en\/wp-json\/wp\/v2\/types\/page"}],"author":[{"embeddable":true,"href":"https:\/\/museo.inf.upv.es\/en\/wp-json\/wp\/v2\/users\/2"}],"replies":[{"embeddable":true,"href":"https:\/\/museo.inf.upv.es\/en\/wp-json\/wp\/v2\/comments?post=10958"}],"version-history":[{"count":50,"href":"https:\/\/museo.inf.upv.es\/en\/wp-json\/wp\/v2\/pages\/10958\/revisions"}],"predecessor-version":[{"id":11153,"href":"https:\/\/museo.inf.upv.es\/en\/wp-json\/wp\/v2\/pages\/10958\/revisions\/11153"}],"wp:attachment":[{"href":"https:\/\/museo.inf.upv.es\/en\/wp-json\/wp\/v2\/media?parent=10958"}],"curies":[{"name":"wp","href":"https:\/\/api.w.org\/{rel}","templated":true}]}}