{"id":11665,"date":"2025-03-05T16:49:52","date_gmt":"2025-03-05T16:49:52","guid":{"rendered":"https:\/\/museo.inf.upv.es\/?page_id=11665"},"modified":"2025-06-12T09:28:06","modified_gmt":"2025-06-12T09:28:06","slug":"rpv25","status":"publish","type":"page","link":"https:\/\/museo.inf.upv.es\/en\/rpv25\/","title":{"rendered":"RPV25"},"content":{"rendered":"<p style=\"text-align: justify;\"> \u201cRetr\u00f3polis Valencia\u201d, the reference event dedicated to retrocomputing in the city of Valencia, returns one more year to the facilities of the Escuela T\u00e9cnica Superior de Ingenier\u00eda Inform\u00e1tica of the Polytechnic University of Valencia.<\/p>\n<p>Our 8th edition will be held on April 12, 2025. #RPV25<\/p>\n<p style=\"text-align: justify;\">We will have an exhibition of old consoles and computers from all generations and we will enjoy conferences, indie developers, workshops, live podcasts, a flea market and, of course, tournaments.<\/p>\n<p style=\"text-align: justify;\">In addition, visitors will be able to play on some of these emblematic relics that have made history and laid the foundations of the current industry.<\/p>\n<p style=\"text-align: justify;\">Additional activities will also be included, such as guided tours of the ETSINF Computer Museum, where you can see machines that predate what is considered retro (mainframes, card punchers, etc.), equipment that cannot be seen at any other event of this type.<\/p>\n<ul>\n<li><a href=\"https:\/\/museo.inf.upv.es\/blog\/2025\/04\/04\/horarios-y-actividades-rpv25\/\">Horarios y Actividades<\/a><\/li>\n<li><a href=\"https:\/\/museo.inf.upv.es\/blog\/2025\/03\/25\/concurso-de-desarrollo-de-videojuegos-rpv25\/\">Concurso de Desarrollo<\/a><\/li>\n<li><a href=\"https:\/\/museo.inf.upv.es\/blog\/2025\/03\/07\/colaboradores-retropolis-2025\/\">Colaboradores<\/a><\/li>\n<li><a href=\"https:\/\/museo.inf.upv.es\/noticias-rpv25\/\">Noticias<\/a><\/li>\n<li><a href=\"https:\/\/museo.inf.upv.es\/localizacion\/\">Localizaci\u00f3n<\/a><\/li>\n<li><a href=\"https:\/\/photos.app.goo.gl\/t6tVJLtrtag2eBhM9\">Im\u00e1genes<\/a><\/li>\n<li><a href=\"https:\/\/museo.inf.upv.es\/blog\/2025\/06\/12\/conferencias-rpv25\/\">Conferencias<\/a><\/li>\n<\/ul>\n<p><\/p>\n<p><img loading=\"lazy\" decoding=\"async\" class=\"aligncenter wp-image-11666 size-large\" src=\"https:\/\/museo.inf.upv.es\/wp-content\/uploads\/2025\/03\/RPV25cartel-724x1024.jpg\" alt=\"\" width=\"720\" height=\"1018\" srcset=\"https:\/\/museo.inf.upv.es\/wp-content\/uploads\/2025\/03\/RPV25cartel-724x1024.jpg 724w, https:\/\/museo.inf.upv.es\/wp-content\/uploads\/2025\/03\/RPV25cartel-212x300.jpg 212w, https:\/\/museo.inf.upv.es\/wp-content\/uploads\/2025\/03\/RPV25cartel-768x1086.jpg 768w, https:\/\/museo.inf.upv.es\/wp-content\/uploads\/2025\/03\/RPV25cartel-1086x1536.jpg 1086w, https:\/\/museo.inf.upv.es\/wp-content\/uploads\/2025\/03\/RPV25cartel.jpg 1131w\" sizes=\"auto, (max-width: 720px) 100vw, 720px\" \/><\/p>","protected":false},"excerpt":{"rendered":"<p>\u201cRetr\u00f3polis Valencia\u201d, the reference event dedicated to retrocomputing in the city of Valencia, returns one more year to the facilities of the Escuela T\u00e9cnica Superior de Ingenier\u00eda Inform\u00e1tica of the Polytechnic University of Valencia. Our 8th edition will be held on April 12, 2025. #RPV25 We will have an exhibition of old consoles and computers [&hellip;]<\/p>\n","protected":false},"author":2,"featured_media":0,"parent":0,"menu_order":0,"comment_status":"closed","ping_status":"closed","template":"","meta":{"_monsterinsights_skip_tracking":false,"_monsterinsights_sitenote_active":false,"_monsterinsights_sitenote_note":"","_monsterinsights_sitenote_category":0,"footnotes":""},"class_list":["post-11665","page","type-page","status-publish","hentry","post"],"yoast_head":"<!-- This site is optimized with the Yoast SEO plugin v27.4 - https:\/\/yoast.com\/product\/yoast-seo-wordpress\/ -->\n<title>RPV25 - Web del Museo de Inform\u00e1tica 2.0<\/title>\n<meta name=\"robots\" content=\"index, follow, max-snippet:-1, max-image-preview:large, max-video-preview:-1\" \/>\n<link rel=\"canonical\" href=\"https:\/\/museo.inf.upv.es\/rpv25\/\" \/>\n<meta property=\"og:locale\" content=\"en_US\" \/>\n<meta property=\"og:type\" content=\"article\" \/>\n<meta property=\"og:title\" content=\"RPV25 - Web del Museo de Inform\u00e1tica 2.0\" \/>\n<meta property=\"og:description\" content=\"\u201cRetr\u00f3polis Valencia\u201d, the reference event dedicated to retrocomputing in the city of Valencia, returns one more year to the facilities of the Escuela T\u00e9cnica Superior de Ingenier\u00eda Inform\u00e1tica of the Polytechnic University of Valencia. Our 8th edition will be held on April 12, 2025. #RPV25 We will have an exhibition of old consoles and computers [&hellip;]\" \/>\n<meta property=\"og:url\" content=\"https:\/\/museo.inf.upv.es\/rpv25\/\" \/>\n<meta property=\"og:site_name\" content=\"Web del Museo de Inform\u00e1tica 2.0\" \/>\n<meta property=\"article:modified_time\" content=\"2025-06-12T09:28:06+00:00\" \/>\n<meta property=\"og:image\" content=\"https:\/\/museo.inf.upv.es\/wp-content\/uploads\/2025\/03\/RPV25cartel.jpg\" \/>\n\t<meta property=\"og:image:width\" content=\"1131\" \/>\n\t<meta property=\"og:image:height\" content=\"1600\" \/>\n\t<meta property=\"og:image:type\" content=\"image\/jpeg\" \/>\n<meta name=\"twitter:card\" content=\"summary_large_image\" \/>\n<meta name=\"twitter:label1\" content=\"Est. reading time\" \/>\n\t<meta name=\"twitter:data1\" content=\"3 minutes\" \/>\n<script type=\"application\/ld+json\" class=\"yoast-schema-graph\">{\"@context\":\"https:\\\/\\\/schema.org\",\"@graph\":[{\"@type\":\"WebPage\",\"@id\":\"https:\\\/\\\/museo.inf.upv.es\\\/rpv25\\\/\",\"url\":\"https:\\\/\\\/museo.inf.upv.es\\\/rpv25\\\/\",\"name\":\"RPV25 - Web del Museo de Inform\u00e1tica 2.0\",\"isPartOf\":{\"@id\":\"https:\\\/\\\/museo.inf.upv.es\\\/#website\"},\"primaryImageOfPage\":{\"@id\":\"https:\\\/\\\/museo.inf.upv.es\\\/rpv25\\\/#primaryimage\"},\"image\":{\"@id\":\"https:\\\/\\\/museo.inf.upv.es\\\/rpv25\\\/#primaryimage\"},\"thumbnailUrl\":\"https:\\\/\\\/museo.inf.upv.es\\\/wp-content\\\/uploads\\\/2025\\\/03\\\/RPV25cartel-724x1024.jpg\",\"datePublished\":\"2025-03-05T16:49:52+00:00\",\"dateModified\":\"2025-06-12T09:28:06+00:00\",\"breadcrumb\":{\"@id\":\"https:\\\/\\\/museo.inf.upv.es\\\/rpv25\\\/#breadcrumb\"},\"inLanguage\":\"en-US\",\"potentialAction\":[{\"@type\":\"ReadAction\",\"target\":[\"https:\\\/\\\/museo.inf.upv.es\\\/rpv25\\\/\"]}]},{\"@type\":\"ImageObject\",\"inLanguage\":\"en-US\",\"@id\":\"https:\\\/\\\/museo.inf.upv.es\\\/rpv25\\\/#primaryimage\",\"url\":\"https:\\\/\\\/museo.inf.upv.es\\\/wp-content\\\/uploads\\\/2025\\\/03\\\/RPV25cartel-724x1024.jpg\",\"contentUrl\":\"https:\\\/\\\/museo.inf.upv.es\\\/wp-content\\\/uploads\\\/2025\\\/03\\\/RPV25cartel-724x1024.jpg\"},{\"@type\":\"BreadcrumbList\",\"@id\":\"https:\\\/\\\/museo.inf.upv.es\\\/rpv25\\\/#breadcrumb\",\"itemListElement\":[{\"@type\":\"ListItem\",\"position\":1,\"name\":\"Portada\",\"item\":\"https:\\\/\\\/museo.inf.upv.es\\\/\"},{\"@type\":\"ListItem\",\"position\":2,\"name\":\"RPV25\"}]},{\"@type\":\"WebSite\",\"@id\":\"https:\\\/\\\/museo.inf.upv.es\\\/#website\",\"url\":\"https:\\\/\\\/museo.inf.upv.es\\\/\",\"name\":\"Web del Museo de Inform\u00e1tica 2.0\",\"description\":\"Web del Museo de Inform\u00e1tica 2.0\",\"potentialAction\":[{\"@type\":\"SearchAction\",\"target\":{\"@type\":\"EntryPoint\",\"urlTemplate\":\"https:\\\/\\\/museo.inf.upv.es\\\/?s={search_term_string}\"},\"query-input\":{\"@type\":\"PropertyValueSpecification\",\"valueRequired\":true,\"valueName\":\"search_term_string\"}}],\"inLanguage\":\"en-US\"}]}<\/script>\n<!-- \/ Yoast SEO plugin. -->","yoast_head_json":{"title":"RPV25 - Web del Museo de Inform\u00e1tica 2.0","robots":{"index":"index","follow":"follow","max-snippet":"max-snippet:-1","max-image-preview":"max-image-preview:large","max-video-preview":"max-video-preview:-1"},"canonical":"https:\/\/museo.inf.upv.es\/rpv25\/","og_locale":"en_US","og_type":"article","og_title":"RPV25 - Web del Museo de Inform\u00e1tica 2.0","og_description":"\u201cRetr\u00f3polis Valencia\u201d, the reference event dedicated to retrocomputing in the city of Valencia, returns one more year to the facilities of the Escuela T\u00e9cnica Superior de Ingenier\u00eda Inform\u00e1tica of the Polytechnic University of Valencia. Our 8th edition will be held on April 12, 2025. #RPV25 We will have an exhibition of old consoles and computers [&hellip;]","og_url":"https:\/\/museo.inf.upv.es\/rpv25\/","og_site_name":"Web del Museo de Inform\u00e1tica 2.0","article_modified_time":"2025-06-12T09:28:06+00:00","og_image":[{"width":1131,"height":1600,"url":"https:\/\/museo.inf.upv.es\/wp-content\/uploads\/2025\/03\/RPV25cartel.jpg","type":"image\/jpeg"}],"twitter_card":"summary_large_image","twitter_misc":{"Est. reading time":"3 minutes"},"schema":{"@context":"https:\/\/schema.org","@graph":[{"@type":"WebPage","@id":"https:\/\/museo.inf.upv.es\/rpv25\/","url":"https:\/\/museo.inf.upv.es\/rpv25\/","name":"RPV25 - Web del Museo de Inform\u00e1tica 2.0","isPartOf":{"@id":"https:\/\/museo.inf.upv.es\/#website"},"primaryImageOfPage":{"@id":"https:\/\/museo.inf.upv.es\/rpv25\/#primaryimage"},"image":{"@id":"https:\/\/museo.inf.upv.es\/rpv25\/#primaryimage"},"thumbnailUrl":"https:\/\/museo.inf.upv.es\/wp-content\/uploads\/2025\/03\/RPV25cartel-724x1024.jpg","datePublished":"2025-03-05T16:49:52+00:00","dateModified":"2025-06-12T09:28:06+00:00","breadcrumb":{"@id":"https:\/\/museo.inf.upv.es\/rpv25\/#breadcrumb"},"inLanguage":"en-US","potentialAction":[{"@type":"ReadAction","target":["https:\/\/museo.inf.upv.es\/rpv25\/"]}]},{"@type":"ImageObject","inLanguage":"en-US","@id":"https:\/\/museo.inf.upv.es\/rpv25\/#primaryimage","url":"https:\/\/museo.inf.upv.es\/wp-content\/uploads\/2025\/03\/RPV25cartel-724x1024.jpg","contentUrl":"https:\/\/museo.inf.upv.es\/wp-content\/uploads\/2025\/03\/RPV25cartel-724x1024.jpg"},{"@type":"BreadcrumbList","@id":"https:\/\/museo.inf.upv.es\/rpv25\/#breadcrumb","itemListElement":[{"@type":"ListItem","position":1,"name":"Portada","item":"https:\/\/museo.inf.upv.es\/"},{"@type":"ListItem","position":2,"name":"RPV25"}]},{"@type":"WebSite","@id":"https:\/\/museo.inf.upv.es\/#website","url":"https:\/\/museo.inf.upv.es\/","name":"Web del Museo de Inform\u00e1tica 2.0","description":"Web del Museo de Inform\u00e1tica 2.0","potentialAction":[{"@type":"SearchAction","target":{"@type":"EntryPoint","urlTemplate":"https:\/\/museo.inf.upv.es\/?s={search_term_string}"},"query-input":{"@type":"PropertyValueSpecification","valueRequired":true,"valueName":"search_term_string"}}],"inLanguage":"en-US"}]}},"_links":{"self":[{"href":"https:\/\/museo.inf.upv.es\/en\/wp-json\/wp\/v2\/pages\/11665","targetHints":{"allow":["GET"]}}],"collection":[{"href":"https:\/\/museo.inf.upv.es\/en\/wp-json\/wp\/v2\/pages"}],"about":[{"href":"https:\/\/museo.inf.upv.es\/en\/wp-json\/wp\/v2\/types\/page"}],"author":[{"embeddable":true,"href":"https:\/\/museo.inf.upv.es\/en\/wp-json\/wp\/v2\/users\/2"}],"replies":[{"embeddable":true,"href":"https:\/\/museo.inf.upv.es\/en\/wp-json\/wp\/v2\/comments?post=11665"}],"version-history":[{"count":11,"href":"https:\/\/museo.inf.upv.es\/en\/wp-json\/wp\/v2\/pages\/11665\/revisions"}],"predecessor-version":[{"id":12505,"href":"https:\/\/museo.inf.upv.es\/en\/wp-json\/wp\/v2\/pages\/11665\/revisions\/12505"}],"wp:attachment":[{"href":"https:\/\/museo.inf.upv.es\/en\/wp-json\/wp\/v2\/media?parent=11665"}],"curies":[{"name":"wp","href":"https:\/\/api.w.org\/{rel}","templated":true}]}}