{"id":11754,"date":"2025-03-26T11:49:20","date_gmt":"2025-03-26T11:49:20","guid":{"rendered":"https:\/\/museo.inf.upv.es\/?page_id=11754"},"modified":"2025-03-27T10:44:31","modified_gmt":"2025-03-27T10:44:31","slug":"noticias-rpv25","status":"publish","type":"page","link":"https:\/\/museo.inf.upv.es\/en\/noticias-rpv25\/","title":{"rendered":"RPV25 News"},"content":{"rendered":"<ul class=\"wp-block-latest-posts__list is-grid columns-3 has-dates wp-block-latest-posts\"><li><a class=\"wp-block-latest-posts__post-title\" href=\"https:\/\/museo.inf.upv.es\/en\/blog\/2025\/06\/12\/conferencias-rpv25\/\">Conferences RPV25<\/a><time datetime=\"2025-06-12T09:24:46+00:00\" class=\"wp-block-latest-posts__post-date\">Thursday June 12th, 2025<\/time><div class=\"wp-block-latest-posts__post-excerpt\">Here are the video conferences we enjoyed at Retr\u00f3polis Valencia 2025 #RPV25: Presentaci\u00f3n del Libro \u00abCinco Duros Vol. II\u00bb (Diego Vargas Pardo) @dvargaspardo El nuevo ARMY MOVES OVERDRIVE (Pablo Ruiz y Ram\u00f3n Nafr\u00eda) @Pablo_Dinamic y @NaeVal C\u00f3mo montar tu propia Arcade (Pablo Garc\u00eda Ferrando) Preservando la N3DS: Azahar y Pretendo Network (Daniel L\u00f3pez y PabloMK7\u2026 <a class=\"wp-block-latest-posts__read-more\" href=\"https:\/\/museo.inf.upv.es\/en\/blog\/2025\/06\/12\/conferencias-rpv25\/\" rel=\"noopener noreferrer\">Read more<span class=\"screen-reader-text\">: Conferences RPV25<\/span><\/a><\/div><\/li>\n<li><a class=\"wp-block-latest-posts__post-title\" href=\"https:\/\/museo.inf.upv.es\/en\/blog\/2025\/05\/14\/balance-retropolis-2025-rpv25\/\">Balance of Retropolis 2025 #RPV25<\/a><time datetime=\"2025-05-14T09:37:39+00:00\" class=\"wp-block-latest-posts__post-date\">Wednesday May 14th, 2025<\/time><div class=\"wp-block-latest-posts__post-excerpt\">On April 12th, the Polytechnic University of Valencia hosted the latest edition of Retropolis 2025, the retrocomputing and classic video game fair that has established itself as a leading event for vintage technology and digital history enthusiasts. This year, the HP-UPV Business Chair and the Edicom Business Chair played a key role as event sponsors.\u2026 <a class=\"wp-block-latest-posts__read-more\" href=\"https:\/\/museo.inf.upv.es\/en\/blog\/2025\/05\/14\/balance-retropolis-2025-rpv25\/\" rel=\"noopener noreferrer\">Read more<span class=\"screen-reader-text\">: Balance of Retropolis 2025 #RPV25<\/span><\/a><\/div><\/li>\n<li><a class=\"wp-block-latest-posts__post-title\" href=\"https:\/\/museo.inf.upv.es\/en\/blog\/2025\/04\/04\/horarios-y-actividades-rpv25\/\">Schedules and Activities RPV25<\/a><time datetime=\"2025-04-04T14:57:08+00:00\" class=\"wp-block-latest-posts__post-date\">Friday April  4th, 2025<\/time><div class=\"wp-block-latest-posts__post-excerpt\">#RPV25 Program SATURDAY, APRIL 12 Torneos Conferencias 11h:00 &#8211; Presentaci\u00f3n del Libro &#8220;Cinco Duros Vol. II&#8221; (Diego Vargas Pardo). &#8220;Cinco Duros&#8221; documenta esta historia porque es un esfuerzo por rescatar del olvido un cap\u00edtulo clave de la cultura digital espa\u00f1ola, d\u00e1ndole voz a sus protagonistas y celebrando su creatividad y perseverancia en un momento en\u2026 <a class=\"wp-block-latest-posts__read-more\" href=\"https:\/\/museo.inf.upv.es\/en\/blog\/2025\/04\/04\/horarios-y-actividades-rpv25\/\" rel=\"noopener noreferrer\">Read more<span class=\"screen-reader-text\">: Schedules and Activities RPV25<\/span><\/a><\/div><\/li>\n<li><a class=\"wp-block-latest-posts__post-title\" href=\"https:\/\/museo.inf.upv.es\/en\/blog\/2025\/04\/02\/menu-especial-retropolis-valencia-2025\/\">Special Menu Retropolis Valencia 2025<\/a><time datetime=\"2025-04-02T09:12:23+00:00\" class=\"wp-block-latest-posts__post-date\">Wednesday April  2nd, 2025<\/time><div class=\"wp-block-latest-posts__post-excerpt\">The La Vella caf\u00e9, located just a few meters from the event area and within the Polytechnic University of Valencia, has prepared a special menu for all attendees, both public and exhibitors, at Retr\u00f3polis Valencia 2024. Prices are very affordable and include a choice of first and second courses, dessert, and a drink. There will\u2026 <a class=\"wp-block-latest-posts__read-more\" href=\"https:\/\/museo.inf.upv.es\/en\/blog\/2025\/04\/02\/menu-especial-retropolis-valencia-2025\/\" rel=\"noopener noreferrer\">Read more<span class=\"screen-reader-text\">: Special Menu Retropolis Valencia 2025<\/span><\/a><\/div><\/li>\n<li><a class=\"wp-block-latest-posts__post-title\" href=\"https:\/\/museo.inf.upv.es\/en\/blog\/2025\/03\/26\/exposicion-temporal-en-el-espai-inf-3\/\">Temporary exhibition in space.inf<\/a><time datetime=\"2025-03-26T11:42:24+00:00\" class=\"wp-block-latest-posts__post-date\">Wednesday March 26th, 2025<\/time><div class=\"wp-block-latest-posts__post-excerpt\">In 2025, Retr\u00f3Polis Valencia celebrates its 8th edition next Saturday, April 12th, and as part of its supporting content, we have organized a temporary exhibition at espai.inf in building 1E with a historical retrospective of the posters from all editions of Retr\u00f3Polis, the event organized by the ETSINF Computer Museum with the aim of disseminating,\u2026 <a class=\"wp-block-latest-posts__read-more\" href=\"https:\/\/museo.inf.upv.es\/en\/blog\/2025\/03\/26\/exposicion-temporal-en-el-espai-inf-3\/\" rel=\"noopener noreferrer\">Read more<span class=\"screen-reader-text\">: Temporary exhibition in space.inf<\/span><\/a><\/div><\/li>\n<li><a class=\"wp-block-latest-posts__post-title\" href=\"https:\/\/museo.inf.upv.es\/en\/blog\/2025\/03\/25\/concurso-de-desarrollo-de-videojuegos-rpv25\/\">RPV25 Video Game Development Competition<\/a><time datetime=\"2025-03-25T08:35:26+00:00\" class=\"wp-block-latest-posts__post-date\">Tuesday March 25th, 2025<\/time><div class=\"wp-block-latest-posts__post-excerpt\">Retropolis 2025 Video Game Development Competition RetroPolis Valencia 2025 #RPV25 is pleased to present the 3rd Edition of the RetroPaella Awards \u201925, the major retro video game development competition for 8- and 16-bit platforms. Contestants can submit a video game developed during the years 2024\/25(regardless of whether it has been released or not). Therefore, it\u2026 <a class=\"wp-block-latest-posts__read-more\" href=\"https:\/\/museo.inf.upv.es\/en\/blog\/2025\/03\/25\/concurso-de-desarrollo-de-videojuegos-rpv25\/\" rel=\"noopener noreferrer\">Read more<span class=\"screen-reader-text\">: RPV25 Video Game Development Competition<\/span><\/a><\/div><\/li>\n<\/ul>","protected":false},"excerpt":{"rendered":"","protected":false},"author":2,"featured_media":0,"parent":0,"menu_order":0,"comment_status":"closed","ping_status":"closed","template":"","meta":{"_monsterinsights_skip_tracking":false,"_monsterinsights_sitenote_active":false,"_monsterinsights_sitenote_note":"","_monsterinsights_sitenote_category":0,"footnotes":""},"class_list":["post-11754","page","type-page","status-publish","hentry","post"],"yoast_head":"<!-- This site is optimized with the Yoast SEO plugin v27.3 - https:\/\/yoast.com\/product\/yoast-seo-wordpress\/ -->\n<title>RPV25 News - Web del Museo de Inform\u00e1tica 2.0<\/title>\n<meta name=\"robots\" content=\"index, follow, max-snippet:-1, max-image-preview:large, max-video-preview:-1\" \/>\n<link rel=\"canonical\" href=\"https:\/\/museo.inf.upv.es\/noticias-rpv25\/\" \/>\n<meta property=\"og:locale\" content=\"en_US\" \/>\n<meta property=\"og:type\" content=\"article\" \/>\n<meta property=\"og:title\" content=\"RPV25 News - Web del Museo de Inform\u00e1tica 2.0\" \/>\n<meta property=\"og:url\" content=\"https:\/\/museo.inf.upv.es\/noticias-rpv25\/\" \/>\n<meta property=\"og:site_name\" content=\"Web del Museo de Inform\u00e1tica 2.0\" \/>\n<meta property=\"article:modified_time\" content=\"2025-03-27T10:44:31+00:00\" \/>\n<meta name=\"twitter:card\" content=\"summary_large_image\" \/>\n<meta name=\"twitter:label1\" content=\"Est. reading time\" \/>\n\t<meta name=\"twitter:data1\" content=\"1 minute\" \/>\n<script type=\"application\/ld+json\" class=\"yoast-schema-graph\">{\"@context\":\"https:\\\/\\\/schema.org\",\"@graph\":[{\"@type\":\"WebPage\",\"@id\":\"https:\\\/\\\/museo.inf.upv.es\\\/noticias-rpv25\\\/\",\"url\":\"https:\\\/\\\/museo.inf.upv.es\\\/noticias-rpv25\\\/\",\"name\":\"RPV25 News - Web del Museo de Inform\u00e1tica 2.0\",\"isPartOf\":{\"@id\":\"https:\\\/\\\/museo.inf.upv.es\\\/#website\"},\"datePublished\":\"2025-03-26T11:49:20+00:00\",\"dateModified\":\"2025-03-27T10:44:31+00:00\",\"breadcrumb\":{\"@id\":\"https:\\\/\\\/museo.inf.upv.es\\\/noticias-rpv25\\\/#breadcrumb\"},\"inLanguage\":\"en-US\",\"potentialAction\":[{\"@type\":\"ReadAction\",\"target\":[\"https:\\\/\\\/museo.inf.upv.es\\\/noticias-rpv25\\\/\"]}]},{\"@type\":\"BreadcrumbList\",\"@id\":\"https:\\\/\\\/museo.inf.upv.es\\\/noticias-rpv25\\\/#breadcrumb\",\"itemListElement\":[{\"@type\":\"ListItem\",\"position\":1,\"name\":\"Portada\",\"item\":\"https:\\\/\\\/museo.inf.upv.es\\\/\"},{\"@type\":\"ListItem\",\"position\":2,\"name\":\"Noticias RPV25\"}]},{\"@type\":\"WebSite\",\"@id\":\"https:\\\/\\\/museo.inf.upv.es\\\/#website\",\"url\":\"https:\\\/\\\/museo.inf.upv.es\\\/\",\"name\":\"Web del Museo de Inform\u00e1tica 2.0\",\"description\":\"Web del Museo de Inform\u00e1tica 2.0\",\"potentialAction\":[{\"@type\":\"SearchAction\",\"target\":{\"@type\":\"EntryPoint\",\"urlTemplate\":\"https:\\\/\\\/museo.inf.upv.es\\\/?s={search_term_string}\"},\"query-input\":{\"@type\":\"PropertyValueSpecification\",\"valueRequired\":true,\"valueName\":\"search_term_string\"}}],\"inLanguage\":\"en-US\"}]}<\/script>\n<!-- \/ Yoast SEO plugin. -->","yoast_head_json":{"title":"RPV25 News - Web del Museo de Inform\u00e1tica 2.0","robots":{"index":"index","follow":"follow","max-snippet":"max-snippet:-1","max-image-preview":"max-image-preview:large","max-video-preview":"max-video-preview:-1"},"canonical":"https:\/\/museo.inf.upv.es\/noticias-rpv25\/","og_locale":"en_US","og_type":"article","og_title":"RPV25 News - Web del Museo de Inform\u00e1tica 2.0","og_url":"https:\/\/museo.inf.upv.es\/noticias-rpv25\/","og_site_name":"Web del Museo de Inform\u00e1tica 2.0","article_modified_time":"2025-03-27T10:44:31+00:00","twitter_card":"summary_large_image","twitter_misc":{"Est. reading time":"1 minute"},"schema":{"@context":"https:\/\/schema.org","@graph":[{"@type":"WebPage","@id":"https:\/\/museo.inf.upv.es\/noticias-rpv25\/","url":"https:\/\/museo.inf.upv.es\/noticias-rpv25\/","name":"RPV25 News - Web del Museo de Inform\u00e1tica 2.0","isPartOf":{"@id":"https:\/\/museo.inf.upv.es\/#website"},"datePublished":"2025-03-26T11:49:20+00:00","dateModified":"2025-03-27T10:44:31+00:00","breadcrumb":{"@id":"https:\/\/museo.inf.upv.es\/noticias-rpv25\/#breadcrumb"},"inLanguage":"en-US","potentialAction":[{"@type":"ReadAction","target":["https:\/\/museo.inf.upv.es\/noticias-rpv25\/"]}]},{"@type":"BreadcrumbList","@id":"https:\/\/museo.inf.upv.es\/noticias-rpv25\/#breadcrumb","itemListElement":[{"@type":"ListItem","position":1,"name":"Portada","item":"https:\/\/museo.inf.upv.es\/"},{"@type":"ListItem","position":2,"name":"Noticias RPV25"}]},{"@type":"WebSite","@id":"https:\/\/museo.inf.upv.es\/#website","url":"https:\/\/museo.inf.upv.es\/","name":"Web del Museo de Inform\u00e1tica 2.0","description":"Web del Museo de Inform\u00e1tica 2.0","potentialAction":[{"@type":"SearchAction","target":{"@type":"EntryPoint","urlTemplate":"https:\/\/museo.inf.upv.es\/?s={search_term_string}"},"query-input":{"@type":"PropertyValueSpecification","valueRequired":true,"valueName":"search_term_string"}}],"inLanguage":"en-US"}]}},"_links":{"self":[{"href":"https:\/\/museo.inf.upv.es\/en\/wp-json\/wp\/v2\/pages\/11754","targetHints":{"allow":["GET"]}}],"collection":[{"href":"https:\/\/museo.inf.upv.es\/en\/wp-json\/wp\/v2\/pages"}],"about":[{"href":"https:\/\/museo.inf.upv.es\/en\/wp-json\/wp\/v2\/types\/page"}],"author":[{"embeddable":true,"href":"https:\/\/museo.inf.upv.es\/en\/wp-json\/wp\/v2\/users\/2"}],"replies":[{"embeddable":true,"href":"https:\/\/museo.inf.upv.es\/en\/wp-json\/wp\/v2\/comments?post=11754"}],"version-history":[{"count":3,"href":"https:\/\/museo.inf.upv.es\/en\/wp-json\/wp\/v2\/pages\/11754\/revisions"}],"predecessor-version":[{"id":12513,"href":"https:\/\/museo.inf.upv.es\/en\/wp-json\/wp\/v2\/pages\/11754\/revisions\/12513"}],"wp:attachment":[{"href":"https:\/\/museo.inf.upv.es\/en\/wp-json\/wp\/v2\/media?parent=11754"}],"curies":[{"name":"wp","href":"https:\/\/api.w.org\/{rel}","templated":true}]}}