{"id":2438,"date":"2021-04-14T15:22:25","date_gmt":"2021-04-14T15:22:25","guid":{"rendered":"https:\/\/museoupdating.webs.upv.es\/nuevaweb\/?page_id=2438"},"modified":"2021-04-14T15:27:38","modified_gmt":"2021-04-14T15:27:38","slug":"juegosscratch2","status":"publish","type":"page","link":"https:\/\/museo.inf.upv.es\/en\/juegosscratch2\/","title":{"rendered":"Classic Videogames with Scratch II"},"content":{"rendered":"<p><\/p>\n<div class=\"row-wrapper-x\" style=\"text-align: left;\">\n<p style=\"text-align: center;\"><span style=\"color: #d60066;\"><strong><span style=\"font-size: 2em; line-height: 1.5em;\">Videojuegos cl\u00e1sicos con Scratch (II)<\/span><\/strong><\/span><\/p>\n<h3 style=\"text-align: center; color: #404040;\"><strong>Miguel Marqu\u00e9s Moros<\/strong><\/h3>\n<p>&nbsp;<\/p>\n<p>This is the second part of the section created by Samuel. In this section three of the most known video games of the history are included so everyone can enjoy them and learn at the same time.<\/p>\n<p>These video games have been installed in the programming language <strong>Scratch<\/strong>. Previously, tasks to know more deeply these video games has been made. Besides, <strong>Scratch<\/strong> has an interactive community for users. In it, users share their video games allowing others to get programs from their video games. There is an option called \u201creinvent\u201d to avoid starting all over again in the programming.<\/p>\n<h3 style=\"text-align: center;\"><strong>Frogger<\/strong><\/h3>\n<h3><strong>History<\/strong><\/h3>\n<p>Frogger was born in the amusement arcade in Japan by Konami Company in 1981. It will have an early success so the company SEGA\/Gremlin will take it to the United States. Frogger was one of the video games that marked the start of the golden era of the video games.<\/p>\n<p>After its success and the rise of game consoles at home years later, there will be a sequel but it won\u2019t be exclusive for arcades but for video consoles and personal computers. Currently, there are uncountable versions of the game on the internet due to the love that the players community have and also because the game has been neglected by Konami.<\/p>\n<h3><strong>Objective<\/strong><\/h3>\n<p>The player has to manage a frog with its family. For that, it has to cross the road and the river. Watch out with the cars and the water. The player has four lives in each round to save four frogs. After the previous round, it increases the difficulty.<\/p>\n<h3><strong>Instructions<\/strong><\/h3>\n<ol type=\"i\">\n<li>Press the green flag to start the game and the red button to end it.<\/li>\n<li>Press \u201cplay\u201d to start the game and then you can choose the difficulty among \u201cnovice\u201d, \u201cnormal\u201d or \u201cadvanced\u201d.<\/li>\n<li>Press \u201cinstructions\u201d to see the instructions of the game.<\/li>\n<li>Press \u201ccredits\u201d to see the game credits.<\/li>\n<\/ol>\n<p style=\"text-align: center;\"><iframe loading=\"lazy\" src=\"\/\/scratch.mit.edu\/projects\/embed\/112172441\/?autostart=false\" width=\"700\" height=\"700\" frameborder=\"0\" allowfullscreen=\"allowfullscreen\"><\/iframe><\/p>\n<p>To access the page where the video game is, you can go to this link \u2013&gt; <a href=\"https:\/\/scratch.mit.edu\/projects\/112172441\/\">Frogger<\/a><\/p>\n<h3 style=\"text-align: center;\"><\/h3>\n<h3 style=\"text-align: center;\"><strong>Duck Hunt<\/strong><\/h3>\n<h3><strong>History<\/strong><\/h3>\n<p>Duck hunt is a first person shooter launched by Nintendo Entertainment System (NES). It was developed and published by Nintendo in 1984 in Japan. The game came with a gun so the player could aim to the screen and pull the trigger. It was a best seller in American territory.<\/p>\n<p>The video game was produced by Gumpei Yoko who already had experience with this kind of games. He developed other projects but they were a money loss for Nintendo. In spite of that, he risks with Duck Hunt and the video game turned out to be a huge success.<\/p>\n<h3><strong>Objective<\/strong><\/h3>\n<p>The player has to hunt as many ducks he\/she can. For that, you use a gun to aim at the ducks that appear on the screen and shoot at them. You only have three bullets per duck and you have to hunt minimum 6 ducks to get to the next round. In each round the difficulty will increase.<\/p>\n<h3><strong>Instructions<\/strong><\/h3>\n<ol type=\"i\">\n<li>Press the green flag to start the game and the red button to end it.<\/li>\n<li>Press \u201cplay\u201d to start the game and then you can choose the difficulty among \u201cnovice\u201d, \u201cnormal\u201d or \u201cadvanced\u201d.<\/li>\n<li>Press \u201cinstructions\u201d to see the instructions of the game.<\/li>\n<li>Press \u201ccredits\u201d to see the game credits.<\/li>\n<\/ol>\n<p style=\"text-align: center;\"><iframe loading=\"lazy\" src=\"\/\/scratch.mit.edu\/projects\/embed\/112172851\/?autostart=false\" width=\"700\" height=\"700\" frameborder=\"0\" allowfullscreen=\"allowfullscreen\"><\/iframe><\/p>\n<p>To access the page where the video game is, you can go to this link \u2013&gt; <a href=\"https:\/\/scratch.mit.edu\/projects\/112172851\/\">Duck Hunt<\/a><\/p>\n<h3 style=\"text-align: center;\"><\/h3>\n<h3 style=\"text-align: center;\"><strong>Super Mario Bros<\/strong><\/h3>\n<h3><strong>History<\/strong><\/h3>\n<p>Super Mario Bros is a platform game launched by Nintendo Entertainment System (NES). It was developed and published by Nintendo in 1985. It is considered the best platform game and an icon within this genre. The player controls Mario Bros who was to rescue the princess kidnapped by the king Koopa. For that, Mario will have to go through all the kingdom looking for her.<\/p>\n<p>The video games was created by Shigeru Miyamoto and Mario will soon become the image for the Nintendo Company. Currently, there are uncountable games about this universe created by Miyamoto and it is the best-selling saga in all the world.<\/p>\n<h3><strong>Objective<\/strong><\/h3>\n<p>The player controls Super Mario who has the mission to rescue the princess. While doing that, the player will have to confront the dangers in each level.<\/p>\n<h3><strong>Instructions<\/strong><\/h3>\n<ol type=\"i\">\n<li>Press the green flag to start the game and the red button to end it.<\/li>\n<li>Press \u201cplay\u201d to start the game.<\/li>\n<li>Press \u201cinstructions\u201d to see the instructions of the game.<\/li>\n<li>Press \u201ccredits\u201d to see the game credits.<\/li>\n<\/ol>\n<p style=\"text-align: center;\"><iframe loading=\"lazy\" src=\"\/\/scratch.mit.edu\/projects\/embed\/113744169\/?autostart=false\" width=\"700\" height=\"700\" frameborder=\"0\" allowfullscreen=\"allowfullscreen\"><\/iframe><\/p>\n<h3><strong>Notes<\/strong><\/h3>\n<p>The video game has not been recreated faithfully on Scratch. There is only one level created by the author to show the adaptation of this game into Scratch. Besides, to make it more difficult, the player only has one life.<\/p>\n<p>To access the page where the video game is, you can go to this link \u2013&gt; <a href=\"https:\/\/scratch.mit.edu\/projects\/113744169\/\">Super Mario Bros<\/a><\/p>\n<p>Video games\u2019 creator: Miguel Marqu\u00e9s Moros<\/p>\n<p>Tutor: Xavier Molero Prieto<\/p>\n<\/div>\n<p><\/p>","protected":false},"excerpt":{"rendered":"<p>Videojuegos cl\u00e1sicos con Scratch (II) Miguel Marqu\u00e9s Moros &nbsp; This is the second part of the section created by Samuel. In this section three of the most known video games of the history are included so everyone can enjoy them and learn at the same time. These video games have been installed in the programming [&hellip;]<\/p>\n","protected":false},"author":1,"featured_media":0,"parent":0,"menu_order":0,"comment_status":"closed","ping_status":"closed","template":"","meta":{"_monsterinsights_skip_tracking":false,"_monsterinsights_sitenote_active":false,"_monsterinsights_sitenote_note":"","_monsterinsights_sitenote_category":0,"footnotes":""},"class_list":["post-2438","page","type-page","status-publish","hentry","post"],"yoast_head":"<!-- This site is optimized with the Yoast SEO plugin v27.3 - https:\/\/yoast.com\/product\/yoast-seo-wordpress\/ -->\n<title>Classic Videogames with Scratch II - Web del Museo de Inform\u00e1tica 2.0<\/title>\n<meta name=\"robots\" content=\"index, follow, max-snippet:-1, max-image-preview:large, max-video-preview:-1\" \/>\n<link rel=\"canonical\" href=\"https:\/\/museo.inf.upv.es\/juegosscratch2\/\" \/>\n<meta property=\"og:locale\" content=\"en_US\" \/>\n<meta property=\"og:type\" content=\"article\" \/>\n<meta property=\"og:title\" content=\"Classic Videogames with Scratch II - Web del Museo de Inform\u00e1tica 2.0\" \/>\n<meta property=\"og:description\" content=\"Videojuegos cl\u00e1sicos con Scratch (II) Miguel Marqu\u00e9s Moros &nbsp; This is the second part of the section created by Samuel. In this section three of the most known video games of the history are included so everyone can enjoy them and learn at the same time. These video games have been installed in the programming [&hellip;]\" \/>\n<meta property=\"og:url\" content=\"https:\/\/museo.inf.upv.es\/juegosscratch2\/\" \/>\n<meta property=\"og:site_name\" content=\"Web del Museo de Inform\u00e1tica 2.0\" \/>\n<meta property=\"article:modified_time\" content=\"2021-04-14T15:27:38+00:00\" \/>\n<meta name=\"twitter:card\" content=\"summary_large_image\" \/>\n<meta name=\"twitter:label1\" content=\"Est. reading time\" \/>\n\t<meta name=\"twitter:data1\" content=\"9 minutes\" \/>\n<script type=\"application\/ld+json\" class=\"yoast-schema-graph\">{\"@context\":\"https:\\\/\\\/schema.org\",\"@graph\":[{\"@type\":\"WebPage\",\"@id\":\"https:\\\/\\\/museo.inf.upv.es\\\/juegosscratch2\\\/\",\"url\":\"https:\\\/\\\/museo.inf.upv.es\\\/juegosscratch2\\\/\",\"name\":\"Classic Videogames with Scratch II - Web del Museo de Inform\u00e1tica 2.0\",\"isPartOf\":{\"@id\":\"https:\\\/\\\/museo.inf.upv.es\\\/#website\"},\"datePublished\":\"2021-04-14T15:22:25+00:00\",\"dateModified\":\"2021-04-14T15:27:38+00:00\",\"breadcrumb\":{\"@id\":\"https:\\\/\\\/museo.inf.upv.es\\\/juegosscratch2\\\/#breadcrumb\"},\"inLanguage\":\"en-US\",\"potentialAction\":[{\"@type\":\"ReadAction\",\"target\":[\"https:\\\/\\\/museo.inf.upv.es\\\/juegosscratch2\\\/\"]}]},{\"@type\":\"BreadcrumbList\",\"@id\":\"https:\\\/\\\/museo.inf.upv.es\\\/juegosscratch2\\\/#breadcrumb\",\"itemListElement\":[{\"@type\":\"ListItem\",\"position\":1,\"name\":\"Portada\",\"item\":\"https:\\\/\\\/museo.inf.upv.es\\\/\"},{\"@type\":\"ListItem\",\"position\":2,\"name\":\"Videojuegos cl\u00e1sicos con Scratch (II)\"}]},{\"@type\":\"WebSite\",\"@id\":\"https:\\\/\\\/museo.inf.upv.es\\\/#website\",\"url\":\"https:\\\/\\\/museo.inf.upv.es\\\/\",\"name\":\"Web del Museo de Inform\u00e1tica 2.0\",\"description\":\"Web del Museo de Inform\u00e1tica 2.0\",\"potentialAction\":[{\"@type\":\"SearchAction\",\"target\":{\"@type\":\"EntryPoint\",\"urlTemplate\":\"https:\\\/\\\/museo.inf.upv.es\\\/?s={search_term_string}\"},\"query-input\":{\"@type\":\"PropertyValueSpecification\",\"valueRequired\":true,\"valueName\":\"search_term_string\"}}],\"inLanguage\":\"en-US\"}]}<\/script>\n<!-- \/ Yoast SEO plugin. -->","yoast_head_json":{"title":"Classic Videogames with Scratch II - Web del Museo de Inform\u00e1tica 2.0","robots":{"index":"index","follow":"follow","max-snippet":"max-snippet:-1","max-image-preview":"max-image-preview:large","max-video-preview":"max-video-preview:-1"},"canonical":"https:\/\/museo.inf.upv.es\/juegosscratch2\/","og_locale":"en_US","og_type":"article","og_title":"Classic Videogames with Scratch II - Web del Museo de Inform\u00e1tica 2.0","og_description":"Videojuegos cl\u00e1sicos con Scratch (II) Miguel Marqu\u00e9s Moros &nbsp; This is the second part of the section created by Samuel. In this section three of the most known video games of the history are included so everyone can enjoy them and learn at the same time. These video games have been installed in the programming [&hellip;]","og_url":"https:\/\/museo.inf.upv.es\/juegosscratch2\/","og_site_name":"Web del Museo de Inform\u00e1tica 2.0","article_modified_time":"2021-04-14T15:27:38+00:00","twitter_card":"summary_large_image","twitter_misc":{"Est. reading time":"9 minutes"},"schema":{"@context":"https:\/\/schema.org","@graph":[{"@type":"WebPage","@id":"https:\/\/museo.inf.upv.es\/juegosscratch2\/","url":"https:\/\/museo.inf.upv.es\/juegosscratch2\/","name":"Classic Videogames with Scratch II - Web del Museo de Inform\u00e1tica 2.0","isPartOf":{"@id":"https:\/\/museo.inf.upv.es\/#website"},"datePublished":"2021-04-14T15:22:25+00:00","dateModified":"2021-04-14T15:27:38+00:00","breadcrumb":{"@id":"https:\/\/museo.inf.upv.es\/juegosscratch2\/#breadcrumb"},"inLanguage":"en-US","potentialAction":[{"@type":"ReadAction","target":["https:\/\/museo.inf.upv.es\/juegosscratch2\/"]}]},{"@type":"BreadcrumbList","@id":"https:\/\/museo.inf.upv.es\/juegosscratch2\/#breadcrumb","itemListElement":[{"@type":"ListItem","position":1,"name":"Portada","item":"https:\/\/museo.inf.upv.es\/"},{"@type":"ListItem","position":2,"name":"Videojuegos cl\u00e1sicos con Scratch (II)"}]},{"@type":"WebSite","@id":"https:\/\/museo.inf.upv.es\/#website","url":"https:\/\/museo.inf.upv.es\/","name":"Web del Museo de Inform\u00e1tica 2.0","description":"Web del Museo de Inform\u00e1tica 2.0","potentialAction":[{"@type":"SearchAction","target":{"@type":"EntryPoint","urlTemplate":"https:\/\/museo.inf.upv.es\/?s={search_term_string}"},"query-input":{"@type":"PropertyValueSpecification","valueRequired":true,"valueName":"search_term_string"}}],"inLanguage":"en-US"}]}},"_links":{"self":[{"href":"https:\/\/museo.inf.upv.es\/en\/wp-json\/wp\/v2\/pages\/2438","targetHints":{"allow":["GET"]}}],"collection":[{"href":"https:\/\/museo.inf.upv.es\/en\/wp-json\/wp\/v2\/pages"}],"about":[{"href":"https:\/\/museo.inf.upv.es\/en\/wp-json\/wp\/v2\/types\/page"}],"author":[{"embeddable":true,"href":"https:\/\/museo.inf.upv.es\/en\/wp-json\/wp\/v2\/users\/1"}],"replies":[{"embeddable":true,"href":"https:\/\/museo.inf.upv.es\/en\/wp-json\/wp\/v2\/comments?post=2438"}],"version-history":[{"count":3,"href":"https:\/\/museo.inf.upv.es\/en\/wp-json\/wp\/v2\/pages\/2438\/revisions"}],"predecessor-version":[{"id":2444,"href":"https:\/\/museo.inf.upv.es\/en\/wp-json\/wp\/v2\/pages\/2438\/revisions\/2444"}],"wp:attachment":[{"href":"https:\/\/museo.inf.upv.es\/en\/wp-json\/wp\/v2\/media?parent=2438"}],"curies":[{"name":"wp","href":"https:\/\/api.w.org\/{rel}","templated":true}]}}