{"id":295,"date":"2021-03-31T15:33:48","date_gmt":"2021-03-31T15:33:48","guid":{"rendered":"https:\/\/museoupdating.webs.upv.es\/nuevaweb\/?page_id=295"},"modified":"2021-05-10T10:37:10","modified_gmt":"2021-05-10T10:37:10","slug":"un-cafe-en-el-museo","status":"publish","type":"page","link":"https:\/\/museo.inf.upv.es\/en\/un-cafe-en-el-museo\/","title":{"rendered":"Coffee break at the Museum"},"content":{"rendered":"<p style=\"text-align: justify;\">The Museu d\u2019Inform\u00e0tica of the Escola T\u00e9cnica Superior d\u2019Enginyeria Inform\u00e0tica starts a permanente photo exposition made by \u00c1lvaro Dom\u00e8nech that shows in an artistic way some of the pieces pertaining to the museum\u2019s collection. The exposition is placed at the coffee corner placed at the first floor of building 1G. See the exposition here.<\/p>\n<p>\u00a0<\/p>\n\n<div id=\"pl-gb295-69e2582e334b3\"  class=\"panel-layout\" ><div id=\"pg-gb295-69e2582e334b3-0\"  class=\"panel-grid panel-no-style\" ><div id=\"pgc-gb295-69e2582e334b3-0-0\"  class=\"panel-grid-cell\" ><div id=\"panel-gb295-69e2582e334b3-0-0-0\" class=\"so-panel widget widget_media_gallery panel-first-child panel-last-child\" data-index=\"0\" >\n\t\t<style type=\"text\/css\">\n\t\t\t#gallery-1 {\n\t\t\t\tmargin: auto;\n\t\t\t}\n\t\t\t#gallery-1 .gallery-item {\n\t\t\t\tfloat: left;\n\t\t\t\tmargin-top: 10px;\n\t\t\t\ttext-align: center;\n\t\t\t\twidth: 25%;\n\t\t\t}\n\t\t\t#gallery-1 img {\n\t\t\t\tborder: 2px solid #cfcfcf;\n\t\t\t}\n\t\t\t#gallery-1 .gallery-caption {\n\t\t\t\tmargin-left: 0;\n\t\t\t}\n\t\t\t\/* see gallery_shortcode() in wp-includes\/media.php *\/\n\t\t<\/style>\n\t\t<div id='gallery-1' class='gallery galleryid-295 gallery-columns-4 gallery-size-medium'><dl class='gallery-item'>\n\t\t\t<dt class='gallery-icon portrait'>\n\t\t\t\t<a href='https:\/\/museo.inf.upv.es\/wp-content\/uploads\/2021\/04\/cafe-museo-1-scaled.jpg'><img loading=\"lazy\" decoding=\"async\" width=\"201\" height=\"300\" src=\"https:\/\/museo.inf.upv.es\/wp-content\/uploads\/2021\/04\/cafe-museo-1-201x300.jpg\" class=\"attachment-medium size-medium\" alt=\"\" srcset=\"https:\/\/museo.inf.upv.es\/wp-content\/uploads\/2021\/04\/cafe-museo-1-201x300.jpg 201w, https:\/\/museo.inf.upv.es\/wp-content\/uploads\/2021\/04\/cafe-museo-1-687x1024.jpg 687w, https:\/\/museo.inf.upv.es\/wp-content\/uploads\/2021\/04\/cafe-museo-1-768x1145.jpg 768w, https:\/\/museo.inf.upv.es\/wp-content\/uploads\/2021\/04\/cafe-museo-1-1030x1536.jpg 1030w, https:\/\/museo.inf.upv.es\/wp-content\/uploads\/2021\/04\/cafe-museo-1-1373x2048.jpg 1373w, https:\/\/museo.inf.upv.es\/wp-content\/uploads\/2021\/04\/cafe-museo-1-scaled.jpg 1716w\" sizes=\"auto, (max-width: 201px) 100vw, 201px\" \/><\/a>\n\t\t\t<\/dt><\/dl><dl class='gallery-item'>\n\t\t\t<dt class='gallery-icon portrait'>\n\t\t\t\t<a href='https:\/\/museo.inf.upv.es\/wp-content\/uploads\/2021\/04\/cafe-museo-2-scaled.jpg'><img loading=\"lazy\" decoding=\"async\" width=\"201\" height=\"300\" src=\"https:\/\/museo.inf.upv.es\/wp-content\/uploads\/2021\/04\/cafe-museo-2-201x300.jpg\" class=\"attachment-medium size-medium\" alt=\"\" srcset=\"https:\/\/museo.inf.upv.es\/wp-content\/uploads\/2021\/04\/cafe-museo-2-201x300.jpg 201w, https:\/\/museo.inf.upv.es\/wp-content\/uploads\/2021\/04\/cafe-museo-2-687x1024.jpg 687w, https:\/\/museo.inf.upv.es\/wp-content\/uploads\/2021\/04\/cafe-museo-2-768x1144.jpg 768w, https:\/\/museo.inf.upv.es\/wp-content\/uploads\/2021\/04\/cafe-museo-2-1031x1536.jpg 1031w, https:\/\/museo.inf.upv.es\/wp-content\/uploads\/2021\/04\/cafe-museo-2-1375x2048.jpg 1375w, https:\/\/museo.inf.upv.es\/wp-content\/uploads\/2021\/04\/cafe-museo-2-scaled.jpg 1719w\" sizes=\"auto, (max-width: 201px) 100vw, 201px\" \/><\/a>\n\t\t\t<\/dt><\/dl><dl class='gallery-item'>\n\t\t\t<dt class='gallery-icon portrait'>\n\t\t\t\t<a href='https:\/\/museo.inf.upv.es\/wp-content\/uploads\/2021\/04\/cafe-museo-3-scaled.jpg'><img loading=\"lazy\" decoding=\"async\" width=\"200\" height=\"300\" src=\"https:\/\/museo.inf.upv.es\/wp-content\/uploads\/2021\/04\/cafe-museo-3-200x300.jpg\" class=\"attachment-medium size-medium\" alt=\"\" srcset=\"https:\/\/museo.inf.upv.es\/wp-content\/uploads\/2021\/04\/cafe-museo-3-200x300.jpg 200w, https:\/\/museo.inf.upv.es\/wp-content\/uploads\/2021\/04\/cafe-museo-3-683x1024.jpg 683w, https:\/\/museo.inf.upv.es\/wp-content\/uploads\/2021\/04\/cafe-museo-3-768x1151.jpg 768w, https:\/\/museo.inf.upv.es\/wp-content\/uploads\/2021\/04\/cafe-museo-3-1025x1536.jpg 1025w, https:\/\/museo.inf.upv.es\/wp-content\/uploads\/2021\/04\/cafe-museo-3-1367x2048.jpg 1367w, https:\/\/museo.inf.upv.es\/wp-content\/uploads\/2021\/04\/cafe-museo-3-scaled.jpg 1709w\" sizes=\"auto, (max-width: 200px) 100vw, 200px\" \/><\/a>\n\t\t\t<\/dt><\/dl><dl class='gallery-item'>\n\t\t\t<dt class='gallery-icon portrait'>\n\t\t\t\t<a href='https:\/\/museo.inf.upv.es\/wp-content\/uploads\/2021\/04\/cafe-museo-4-scaled.jpg'><img loading=\"lazy\" decoding=\"async\" width=\"201\" height=\"300\" src=\"https:\/\/museo.inf.upv.es\/wp-content\/uploads\/2021\/04\/cafe-museo-4-201x300.jpg\" class=\"attachment-medium size-medium\" alt=\"\" srcset=\"https:\/\/museo.inf.upv.es\/wp-content\/uploads\/2021\/04\/cafe-museo-4-201x300.jpg 201w, https:\/\/museo.inf.upv.es\/wp-content\/uploads\/2021\/04\/cafe-museo-4-687x1024.jpg 687w, https:\/\/museo.inf.upv.es\/wp-content\/uploads\/2021\/04\/cafe-museo-4-768x1145.jpg 768w, https:\/\/museo.inf.upv.es\/wp-content\/uploads\/2021\/04\/cafe-museo-4-1030x1536.jpg 1030w, https:\/\/museo.inf.upv.es\/wp-content\/uploads\/2021\/04\/cafe-museo-4-1373x2048.jpg 1373w, https:\/\/museo.inf.upv.es\/wp-content\/uploads\/2021\/04\/cafe-museo-4-scaled.jpg 1716w\" sizes=\"auto, (max-width: 201px) 100vw, 201px\" \/><\/a>\n\t\t\t<\/dt><\/dl><br style=\"clear: both\" \/><dl class='gallery-item'>\n\t\t\t<dt class='gallery-icon portrait'>\n\t\t\t\t<a href='https:\/\/museo.inf.upv.es\/wp-content\/uploads\/2021\/04\/cafe-museo-5-scaled.jpg'><img loading=\"lazy\" decoding=\"async\" width=\"201\" height=\"300\" src=\"https:\/\/museo.inf.upv.es\/wp-content\/uploads\/2021\/04\/cafe-museo-5-201x300.jpg\" class=\"attachment-medium size-medium\" alt=\"\" srcset=\"https:\/\/museo.inf.upv.es\/wp-content\/uploads\/2021\/04\/cafe-museo-5-201x300.jpg 201w, https:\/\/museo.inf.upv.es\/wp-content\/uploads\/2021\/04\/cafe-museo-5-687x1024.jpg 687w, https:\/\/museo.inf.upv.es\/wp-content\/uploads\/2021\/04\/cafe-museo-5-768x1145.jpg 768w, https:\/\/museo.inf.upv.es\/wp-content\/uploads\/2021\/04\/cafe-museo-5-1030x1536.jpg 1030w, https:\/\/museo.inf.upv.es\/wp-content\/uploads\/2021\/04\/cafe-museo-5-1373x2048.jpg 1373w, https:\/\/museo.inf.upv.es\/wp-content\/uploads\/2021\/04\/cafe-museo-5-scaled.jpg 1716w\" sizes=\"auto, (max-width: 201px) 100vw, 201px\" \/><\/a>\n\t\t\t<\/dt><\/dl><dl class='gallery-item'>\n\t\t\t<dt class='gallery-icon portrait'>\n\t\t\t\t<a href='https:\/\/museo.inf.upv.es\/wp-content\/uploads\/2021\/04\/cafe-museo-6-scaled.jpg'><img loading=\"lazy\" decoding=\"async\" width=\"200\" height=\"300\" src=\"https:\/\/museo.inf.upv.es\/wp-content\/uploads\/2021\/04\/cafe-museo-6-200x300.jpg\" class=\"attachment-medium size-medium\" alt=\"\" srcset=\"https:\/\/museo.inf.upv.es\/wp-content\/uploads\/2021\/04\/cafe-museo-6-200x300.jpg 200w, https:\/\/museo.inf.upv.es\/wp-content\/uploads\/2021\/04\/cafe-museo-6-683x1024.jpg 683w, https:\/\/museo.inf.upv.es\/wp-content\/uploads\/2021\/04\/cafe-museo-6-768x1151.jpg 768w, https:\/\/museo.inf.upv.es\/wp-content\/uploads\/2021\/04\/cafe-museo-6-1025x1536.jpg 1025w, https:\/\/museo.inf.upv.es\/wp-content\/uploads\/2021\/04\/cafe-museo-6-1367x2048.jpg 1367w, https:\/\/museo.inf.upv.es\/wp-content\/uploads\/2021\/04\/cafe-museo-6-scaled.jpg 1709w\" sizes=\"auto, (max-width: 200px) 100vw, 200px\" \/><\/a>\n\t\t\t<\/dt><\/dl><dl class='gallery-item'>\n\t\t\t<dt class='gallery-icon portrait'>\n\t\t\t\t<a href='https:\/\/museo.inf.upv.es\/wp-content\/uploads\/2021\/04\/cafe-museo-7-scaled.jpg'><img loading=\"lazy\" decoding=\"async\" width=\"200\" height=\"300\" src=\"https:\/\/museo.inf.upv.es\/wp-content\/uploads\/2021\/04\/cafe-museo-7-200x300.jpg\" class=\"attachment-medium size-medium\" alt=\"\" srcset=\"https:\/\/museo.inf.upv.es\/wp-content\/uploads\/2021\/04\/cafe-museo-7-200x300.jpg 200w, https:\/\/museo.inf.upv.es\/wp-content\/uploads\/2021\/04\/cafe-museo-7-683x1024.jpg 683w, https:\/\/museo.inf.upv.es\/wp-content\/uploads\/2021\/04\/cafe-museo-7-768x1152.jpg 768w, https:\/\/museo.inf.upv.es\/wp-content\/uploads\/2021\/04\/cafe-museo-7-1024x1536.jpg 1024w, https:\/\/museo.inf.upv.es\/wp-content\/uploads\/2021\/04\/cafe-museo-7-1365x2048.jpg 1365w, https:\/\/museo.inf.upv.es\/wp-content\/uploads\/2021\/04\/cafe-museo-7-scaled.jpg 1706w\" sizes=\"auto, (max-width: 200px) 100vw, 200px\" \/><\/a>\n\t\t\t<\/dt><\/dl><dl class='gallery-item'>\n\t\t\t<dt class='gallery-icon portrait'>\n\t\t\t\t<a href='https:\/\/museo.inf.upv.es\/wp-content\/uploads\/2021\/04\/cafe-museo-8-scaled.jpg'><img loading=\"lazy\" decoding=\"async\" width=\"200\" height=\"300\" src=\"https:\/\/museo.inf.upv.es\/wp-content\/uploads\/2021\/04\/cafe-museo-8-200x300.jpg\" class=\"attachment-medium size-medium\" alt=\"\" srcset=\"https:\/\/museo.inf.upv.es\/wp-content\/uploads\/2021\/04\/cafe-museo-8-200x300.jpg 200w, https:\/\/museo.inf.upv.es\/wp-content\/uploads\/2021\/04\/cafe-museo-8-683x1024.jpg 683w, https:\/\/museo.inf.upv.es\/wp-content\/uploads\/2021\/04\/cafe-museo-8-768x1151.jpg 768w, https:\/\/museo.inf.upv.es\/wp-content\/uploads\/2021\/04\/cafe-museo-8-1025x1536.jpg 1025w, https:\/\/museo.inf.upv.es\/wp-content\/uploads\/2021\/04\/cafe-museo-8-1367x2048.jpg 1367w, https:\/\/museo.inf.upv.es\/wp-content\/uploads\/2021\/04\/cafe-museo-8-scaled.jpg 1709w\" sizes=\"auto, (max-width: 200px) 100vw, 200px\" \/><\/a>\n\t\t\t<\/dt><\/dl><br style=\"clear: both\" \/><dl class='gallery-item'>\n\t\t\t<dt class='gallery-icon portrait'>\n\t\t\t\t<a href='https:\/\/museo.inf.upv.es\/wp-content\/uploads\/2021\/04\/cafe-museo-9-scaled.jpg'><img loading=\"lazy\" decoding=\"async\" width=\"200\" height=\"300\" src=\"https:\/\/museo.inf.upv.es\/wp-content\/uploads\/2021\/04\/cafe-museo-9-200x300.jpg\" class=\"attachment-medium size-medium\" alt=\"\" srcset=\"https:\/\/museo.inf.upv.es\/wp-content\/uploads\/2021\/04\/cafe-museo-9-200x300.jpg 200w, https:\/\/museo.inf.upv.es\/wp-content\/uploads\/2021\/04\/cafe-museo-9-683x1024.jpg 683w, https:\/\/museo.inf.upv.es\/wp-content\/uploads\/2021\/04\/cafe-museo-9-768x1151.jpg 768w, https:\/\/museo.inf.upv.es\/wp-content\/uploads\/2021\/04\/cafe-museo-9-1025x1536.jpg 1025w, https:\/\/museo.inf.upv.es\/wp-content\/uploads\/2021\/04\/cafe-museo-9-1367x2048.jpg 1367w, https:\/\/museo.inf.upv.es\/wp-content\/uploads\/2021\/04\/cafe-museo-9-scaled.jpg 1709w\" sizes=\"auto, (max-width: 200px) 100vw, 200px\" \/><\/a>\n\t\t\t<\/dt><\/dl><dl class='gallery-item'>\n\t\t\t<dt class='gallery-icon portrait'>\n\t\t\t\t<a href='https:\/\/museo.inf.upv.es\/wp-content\/uploads\/2021\/04\/cafe-museo-10-scaled.jpg'><img loading=\"lazy\" decoding=\"async\" width=\"200\" height=\"300\" src=\"https:\/\/museo.inf.upv.es\/wp-content\/uploads\/2021\/04\/cafe-museo-10-200x300.jpg\" class=\"attachment-medium size-medium\" alt=\"\" srcset=\"https:\/\/museo.inf.upv.es\/wp-content\/uploads\/2021\/04\/cafe-museo-10-200x300.jpg 200w, https:\/\/museo.inf.upv.es\/wp-content\/uploads\/2021\/04\/cafe-museo-10-683x1024.jpg 683w, https:\/\/museo.inf.upv.es\/wp-content\/uploads\/2021\/04\/cafe-museo-10-768x1151.jpg 768w, https:\/\/museo.inf.upv.es\/wp-content\/uploads\/2021\/04\/cafe-museo-10-1025x1536.jpg 1025w, https:\/\/museo.inf.upv.es\/wp-content\/uploads\/2021\/04\/cafe-museo-10-1367x2048.jpg 1367w, https:\/\/museo.inf.upv.es\/wp-content\/uploads\/2021\/04\/cafe-museo-10-scaled.jpg 1709w\" sizes=\"auto, (max-width: 200px) 100vw, 200px\" \/><\/a>\n\t\t\t<\/dt><\/dl><dl class='gallery-item'>\n\t\t\t<dt class='gallery-icon portrait'>\n\t\t\t\t<a href='https:\/\/museo.inf.upv.es\/wp-content\/uploads\/2021\/04\/cafe-museo-11-scaled.jpg'><img loading=\"lazy\" decoding=\"async\" width=\"202\" height=\"300\" src=\"https:\/\/museo.inf.upv.es\/wp-content\/uploads\/2021\/04\/cafe-museo-11-202x300.jpg\" class=\"attachment-medium size-medium\" alt=\"\" srcset=\"https:\/\/museo.inf.upv.es\/wp-content\/uploads\/2021\/04\/cafe-museo-11-202x300.jpg 202w, https:\/\/museo.inf.upv.es\/wp-content\/uploads\/2021\/04\/cafe-museo-11-690x1024.jpg 690w, https:\/\/museo.inf.upv.es\/wp-content\/uploads\/2021\/04\/cafe-museo-11-768x1139.jpg 768w, https:\/\/museo.inf.upv.es\/wp-content\/uploads\/2021\/04\/cafe-museo-11-1036x1536.jpg 1036w, https:\/\/museo.inf.upv.es\/wp-content\/uploads\/2021\/04\/cafe-museo-11-1381x2048.jpg 1381w, https:\/\/museo.inf.upv.es\/wp-content\/uploads\/2021\/04\/cafe-museo-11-scaled.jpg 1726w\" sizes=\"auto, (max-width: 202px) 100vw, 202px\" \/><\/a>\n\t\t\t<\/dt><\/dl><dl class='gallery-item'>\n\t\t\t<dt class='gallery-icon portrait'>\n\t\t\t\t<a href='https:\/\/museo.inf.upv.es\/wp-content\/uploads\/2021\/04\/cafe-museo-12-scaled.jpg'><img loading=\"lazy\" decoding=\"async\" width=\"200\" height=\"300\" src=\"https:\/\/museo.inf.upv.es\/wp-content\/uploads\/2021\/04\/cafe-museo-12-200x300.jpg\" class=\"attachment-medium size-medium\" alt=\"\" srcset=\"https:\/\/museo.inf.upv.es\/wp-content\/uploads\/2021\/04\/cafe-museo-12-200x300.jpg 200w, https:\/\/museo.inf.upv.es\/wp-content\/uploads\/2021\/04\/cafe-museo-12-683x1024.jpg 683w, https:\/\/museo.inf.upv.es\/wp-content\/uploads\/2021\/04\/cafe-museo-12-768x1151.jpg 768w, https:\/\/museo.inf.upv.es\/wp-content\/uploads\/2021\/04\/cafe-museo-12-1025x1536.jpg 1025w, https:\/\/museo.inf.upv.es\/wp-content\/uploads\/2021\/04\/cafe-museo-12-1367x2048.jpg 1367w, https:\/\/museo.inf.upv.es\/wp-content\/uploads\/2021\/04\/cafe-museo-12-scaled.jpg 1709w\" sizes=\"auto, (max-width: 200px) 100vw, 200px\" \/><\/a>\n\t\t\t<\/dt><\/dl><br style=\"clear: both\" \/><dl class='gallery-item'>\n\t\t\t<dt class='gallery-icon portrait'>\n\t\t\t\t<a href='https:\/\/museo.inf.upv.es\/wp-content\/uploads\/2021\/04\/cafe-museo-13-scaled.jpg'><img loading=\"lazy\" decoding=\"async\" width=\"205\" height=\"300\" src=\"https:\/\/museo.inf.upv.es\/wp-content\/uploads\/2021\/04\/cafe-museo-13-205x300.jpg\" class=\"attachment-medium size-medium\" alt=\"\" srcset=\"https:\/\/museo.inf.upv.es\/wp-content\/uploads\/2021\/04\/cafe-museo-13-205x300.jpg 205w, https:\/\/museo.inf.upv.es\/wp-content\/uploads\/2021\/04\/cafe-museo-13-699x1024.jpg 699w, https:\/\/museo.inf.upv.es\/wp-content\/uploads\/2021\/04\/cafe-museo-13-768x1125.jpg 768w, https:\/\/museo.inf.upv.es\/wp-content\/uploads\/2021\/04\/cafe-museo-13-1049x1536.jpg 1049w, https:\/\/museo.inf.upv.es\/wp-content\/uploads\/2021\/04\/cafe-museo-13-1398x2048.jpg 1398w, https:\/\/museo.inf.upv.es\/wp-content\/uploads\/2021\/04\/cafe-museo-13-scaled.jpg 1748w\" sizes=\"auto, (max-width: 205px) 100vw, 205px\" \/><\/a>\n\t\t\t<\/dt><\/dl><dl class='gallery-item'>\n\t\t\t<dt class='gallery-icon portrait'>\n\t\t\t\t<a href='https:\/\/museo.inf.upv.es\/wp-content\/uploads\/2021\/04\/cafe-museo-14-scaled.jpg'><img loading=\"lazy\" decoding=\"async\" width=\"200\" height=\"300\" src=\"https:\/\/museo.inf.upv.es\/wp-content\/uploads\/2021\/04\/cafe-museo-14-200x300.jpg\" class=\"attachment-medium size-medium\" alt=\"\" srcset=\"https:\/\/museo.inf.upv.es\/wp-content\/uploads\/2021\/04\/cafe-museo-14-200x300.jpg 200w, https:\/\/museo.inf.upv.es\/wp-content\/uploads\/2021\/04\/cafe-museo-14-683x1024.jpg 683w, https:\/\/museo.inf.upv.es\/wp-content\/uploads\/2021\/04\/cafe-museo-14-768x1151.jpg 768w, https:\/\/museo.inf.upv.es\/wp-content\/uploads\/2021\/04\/cafe-museo-14-1025x1536.jpg 1025w, https:\/\/museo.inf.upv.es\/wp-content\/uploads\/2021\/04\/cafe-museo-14-1367x2048.jpg 1367w, https:\/\/museo.inf.upv.es\/wp-content\/uploads\/2021\/04\/cafe-museo-14-scaled.jpg 1709w\" sizes=\"auto, (max-width: 200px) 100vw, 200px\" \/><\/a>\n\t\t\t<\/dt><\/dl><dl class='gallery-item'>\n\t\t\t<dt class='gallery-icon portrait'>\n\t\t\t\t<a href='https:\/\/museo.inf.upv.es\/wp-content\/uploads\/2021\/04\/cafe-museo-15-scaled.jpg'><img loading=\"lazy\" decoding=\"async\" width=\"200\" height=\"300\" src=\"https:\/\/museo.inf.upv.es\/wp-content\/uploads\/2021\/04\/cafe-museo-15-200x300.jpg\" class=\"attachment-medium size-medium\" alt=\"\" srcset=\"https:\/\/museo.inf.upv.es\/wp-content\/uploads\/2021\/04\/cafe-museo-15-200x300.jpg 200w, https:\/\/museo.inf.upv.es\/wp-content\/uploads\/2021\/04\/cafe-museo-15-683x1024.jpg 683w, https:\/\/museo.inf.upv.es\/wp-content\/uploads\/2021\/04\/cafe-museo-15-768x1151.jpg 768w, https:\/\/museo.inf.upv.es\/wp-content\/uploads\/2021\/04\/cafe-museo-15-1025x1536.jpg 1025w, https:\/\/museo.inf.upv.es\/wp-content\/uploads\/2021\/04\/cafe-museo-15-1367x2048.jpg 1367w, https:\/\/museo.inf.upv.es\/wp-content\/uploads\/2021\/04\/cafe-museo-15-scaled.jpg 1709w\" sizes=\"auto, (max-width: 200px) 100vw, 200px\" \/><\/a>\n\t\t\t<\/dt><\/dl><dl class='gallery-item'>\n\t\t\t<dt class='gallery-icon portrait'>\n\t\t\t\t<a href='https:\/\/museo.inf.upv.es\/wp-content\/uploads\/2021\/04\/cafe-museo-16-scaled.jpg'><img loading=\"lazy\" decoding=\"async\" width=\"200\" height=\"300\" src=\"https:\/\/museo.inf.upv.es\/wp-content\/uploads\/2021\/04\/cafe-museo-16-200x300.jpg\" class=\"attachment-medium size-medium\" alt=\"\" srcset=\"https:\/\/museo.inf.upv.es\/wp-content\/uploads\/2021\/04\/cafe-museo-16-200x300.jpg 200w, https:\/\/museo.inf.upv.es\/wp-content\/uploads\/2021\/04\/cafe-museo-16-683x1024.jpg 683w, https:\/\/museo.inf.upv.es\/wp-content\/uploads\/2021\/04\/cafe-museo-16-768x1151.jpg 768w, https:\/\/museo.inf.upv.es\/wp-content\/uploads\/2021\/04\/cafe-museo-16-1025x1536.jpg 1025w, https:\/\/museo.inf.upv.es\/wp-content\/uploads\/2021\/04\/cafe-museo-16-1367x2048.jpg 1367w, https:\/\/museo.inf.upv.es\/wp-content\/uploads\/2021\/04\/cafe-museo-16-scaled.jpg 1709w\" sizes=\"auto, (max-width: 200px) 100vw, 200px\" \/><\/a>\n\t\t\t<\/dt><\/dl><br style=\"clear: both\" \/>\n\t\t<\/div>\n<\/div><\/div><\/div><\/div>","protected":false},"excerpt":{"rendered":"<p>The Museu d\u2019Inform\u00e0tica of the Escola T\u00e9cnica Superior d\u2019Enginyeria Inform\u00e0tica starts a permanente photo exposition made by \u00c1lvaro Dom\u00e8nech that shows in an artistic way some of the pieces pertaining to the museum\u2019s collection. The exposition is placed at the coffee corner placed at the first floor of building 1G. See the exposition here. \u00a0<\/p>\n","protected":false},"author":1,"featured_media":0,"parent":0,"menu_order":0,"comment_status":"closed","ping_status":"closed","template":"","meta":{"_monsterinsights_skip_tracking":false,"_monsterinsights_sitenote_active":false,"_monsterinsights_sitenote_note":"","_monsterinsights_sitenote_category":0,"footnotes":""},"class_list":["post-295","page","type-page","status-publish","hentry","post"],"yoast_head":"<!-- This site is optimized with the Yoast SEO plugin v27.4 - https:\/\/yoast.com\/product\/yoast-seo-wordpress\/ -->\n<title>Coffee break at the Museum - Web del Museo de Inform\u00e1tica 2.0<\/title>\n<meta name=\"robots\" content=\"index, follow, max-snippet:-1, max-image-preview:large, max-video-preview:-1\" \/>\n<link rel=\"canonical\" href=\"https:\/\/museo.inf.upv.es\/en\/un-cafe-en-el-museo\/\" \/>\n<meta property=\"og:locale\" content=\"en_US\" \/>\n<meta property=\"og:type\" content=\"article\" \/>\n<meta property=\"og:title\" content=\"Coffee break at the Museum - Web del Museo de Inform\u00e1tica 2.0\" \/>\n<meta property=\"og:description\" content=\"The Museu d\u2019Inform\u00e0tica of the Escola T\u00e9cnica Superior d\u2019Enginyeria Inform\u00e0tica starts a permanente photo exposition made by \u00c1lvaro Dom\u00e8nech that shows in an artistic way some of the pieces pertaining to the museum\u2019s collection. The exposition is placed at the coffee corner placed at the first floor of building 1G. See the exposition here. \u00a0\" \/>\n<meta property=\"og:url\" content=\"https:\/\/museo.inf.upv.es\/en\/un-cafe-en-el-museo\/\" \/>\n<meta property=\"og:site_name\" content=\"Web del Museo de Inform\u00e1tica 2.0\" \/>\n<meta property=\"article:modified_time\" content=\"2021-05-10T10:37:10+00:00\" \/>\n<meta property=\"og:image\" content=\"https:\/\/museoinf.webs.upv.es\/wp-content\/uploads\/2021\/04\/cafe-museo-1-201x300.jpg\" \/>\n<meta name=\"twitter:card\" content=\"summary_large_image\" \/>\n<meta name=\"twitter:label1\" content=\"Est. reading time\" \/>\n\t<meta name=\"twitter:data1\" content=\"5 minutes\" \/>\n<script type=\"application\/ld+json\" class=\"yoast-schema-graph\">{\"@context\":\"https:\\\/\\\/schema.org\",\"@graph\":[{\"@type\":\"WebPage\",\"@id\":\"https:\\\/\\\/museo.inf.upv.es\\\/en\\\/un-cafe-en-el-museo\\\/\",\"url\":\"https:\\\/\\\/museo.inf.upv.es\\\/en\\\/un-cafe-en-el-museo\\\/\",\"name\":\"Coffee break at the Museum - Web del Museo de Inform\u00e1tica 2.0\",\"isPartOf\":{\"@id\":\"https:\\\/\\\/museo.inf.upv.es\\\/#website\"},\"primaryImageOfPage\":{\"@id\":\"https:\\\/\\\/museo.inf.upv.es\\\/en\\\/un-cafe-en-el-museo\\\/#primaryimage\"},\"image\":{\"@id\":\"https:\\\/\\\/museo.inf.upv.es\\\/en\\\/un-cafe-en-el-museo\\\/#primaryimage\"},\"thumbnailUrl\":\"https:\\\/\\\/museoinf.webs.upv.es\\\/wp-content\\\/uploads\\\/2021\\\/04\\\/cafe-museo-1-201x300.jpg\",\"datePublished\":\"2021-03-31T15:33:48+00:00\",\"dateModified\":\"2021-05-10T10:37:10+00:00\",\"breadcrumb\":{\"@id\":\"https:\\\/\\\/museo.inf.upv.es\\\/en\\\/un-cafe-en-el-museo\\\/#breadcrumb\"},\"inLanguage\":\"en-US\",\"potentialAction\":[{\"@type\":\"ReadAction\",\"target\":[\"https:\\\/\\\/museo.inf.upv.es\\\/en\\\/un-cafe-en-el-museo\\\/\"]}]},{\"@type\":\"ImageObject\",\"inLanguage\":\"en-US\",\"@id\":\"https:\\\/\\\/museo.inf.upv.es\\\/en\\\/un-cafe-en-el-museo\\\/#primaryimage\",\"url\":\"https:\\\/\\\/museoinf.webs.upv.es\\\/wp-content\\\/uploads\\\/2021\\\/04\\\/cafe-museo-1-201x300.jpg\",\"contentUrl\":\"https:\\\/\\\/museoinf.webs.upv.es\\\/wp-content\\\/uploads\\\/2021\\\/04\\\/cafe-museo-1-201x300.jpg\"},{\"@type\":\"BreadcrumbList\",\"@id\":\"https:\\\/\\\/museo.inf.upv.es\\\/en\\\/un-cafe-en-el-museo\\\/#breadcrumb\",\"itemListElement\":[{\"@type\":\"ListItem\",\"position\":1,\"name\":\"Portada\",\"item\":\"https:\\\/\\\/museo.inf.upv.es\\\/\"},{\"@type\":\"ListItem\",\"position\":2,\"name\":\"Coffee break at the Museum\"}]},{\"@type\":\"WebSite\",\"@id\":\"https:\\\/\\\/museo.inf.upv.es\\\/#website\",\"url\":\"https:\\\/\\\/museo.inf.upv.es\\\/\",\"name\":\"Web del Museo de Inform\u00e1tica 2.0\",\"description\":\"Web del Museo de Inform\u00e1tica 2.0\",\"potentialAction\":[{\"@type\":\"SearchAction\",\"target\":{\"@type\":\"EntryPoint\",\"urlTemplate\":\"https:\\\/\\\/museo.inf.upv.es\\\/?s={search_term_string}\"},\"query-input\":{\"@type\":\"PropertyValueSpecification\",\"valueRequired\":true,\"valueName\":\"search_term_string\"}}],\"inLanguage\":\"en-US\"}]}<\/script>\n<!-- \/ Yoast SEO plugin. -->","yoast_head_json":{"title":"Coffee break at the Museum - Web del Museo de Inform\u00e1tica 2.0","robots":{"index":"index","follow":"follow","max-snippet":"max-snippet:-1","max-image-preview":"max-image-preview:large","max-video-preview":"max-video-preview:-1"},"canonical":"https:\/\/museo.inf.upv.es\/en\/un-cafe-en-el-museo\/","og_locale":"en_US","og_type":"article","og_title":"Coffee break at the Museum - Web del Museo de Inform\u00e1tica 2.0","og_description":"The Museu d\u2019Inform\u00e0tica of the Escola T\u00e9cnica Superior d\u2019Enginyeria Inform\u00e0tica starts a permanente photo exposition made by \u00c1lvaro Dom\u00e8nech that shows in an artistic way some of the pieces pertaining to the museum\u2019s collection. The exposition is placed at the coffee corner placed at the first floor of building 1G. See the exposition here. \u00a0","og_url":"https:\/\/museo.inf.upv.es\/en\/un-cafe-en-el-museo\/","og_site_name":"Web del Museo de Inform\u00e1tica 2.0","article_modified_time":"2021-05-10T10:37:10+00:00","og_image":[{"url":"https:\/\/museoinf.webs.upv.es\/wp-content\/uploads\/2021\/04\/cafe-museo-1-201x300.jpg","type":"","width":"","height":""}],"twitter_card":"summary_large_image","twitter_misc":{"Est. reading time":"5 minutes"},"schema":{"@context":"https:\/\/schema.org","@graph":[{"@type":"WebPage","@id":"https:\/\/museo.inf.upv.es\/en\/un-cafe-en-el-museo\/","url":"https:\/\/museo.inf.upv.es\/en\/un-cafe-en-el-museo\/","name":"Coffee break at the Museum - Web del Museo de Inform\u00e1tica 2.0","isPartOf":{"@id":"https:\/\/museo.inf.upv.es\/#website"},"primaryImageOfPage":{"@id":"https:\/\/museo.inf.upv.es\/en\/un-cafe-en-el-museo\/#primaryimage"},"image":{"@id":"https:\/\/museo.inf.upv.es\/en\/un-cafe-en-el-museo\/#primaryimage"},"thumbnailUrl":"https:\/\/museoinf.webs.upv.es\/wp-content\/uploads\/2021\/04\/cafe-museo-1-201x300.jpg","datePublished":"2021-03-31T15:33:48+00:00","dateModified":"2021-05-10T10:37:10+00:00","breadcrumb":{"@id":"https:\/\/museo.inf.upv.es\/en\/un-cafe-en-el-museo\/#breadcrumb"},"inLanguage":"en-US","potentialAction":[{"@type":"ReadAction","target":["https:\/\/museo.inf.upv.es\/en\/un-cafe-en-el-museo\/"]}]},{"@type":"ImageObject","inLanguage":"en-US","@id":"https:\/\/museo.inf.upv.es\/en\/un-cafe-en-el-museo\/#primaryimage","url":"https:\/\/museoinf.webs.upv.es\/wp-content\/uploads\/2021\/04\/cafe-museo-1-201x300.jpg","contentUrl":"https:\/\/museoinf.webs.upv.es\/wp-content\/uploads\/2021\/04\/cafe-museo-1-201x300.jpg"},{"@type":"BreadcrumbList","@id":"https:\/\/museo.inf.upv.es\/en\/un-cafe-en-el-museo\/#breadcrumb","itemListElement":[{"@type":"ListItem","position":1,"name":"Portada","item":"https:\/\/museo.inf.upv.es\/"},{"@type":"ListItem","position":2,"name":"Coffee break at the Museum"}]},{"@type":"WebSite","@id":"https:\/\/museo.inf.upv.es\/#website","url":"https:\/\/museo.inf.upv.es\/","name":"Web del Museo de Inform\u00e1tica 2.0","description":"Web del Museo de Inform\u00e1tica 2.0","potentialAction":[{"@type":"SearchAction","target":{"@type":"EntryPoint","urlTemplate":"https:\/\/museo.inf.upv.es\/?s={search_term_string}"},"query-input":{"@type":"PropertyValueSpecification","valueRequired":true,"valueName":"search_term_string"}}],"inLanguage":"en-US"}]}},"_links":{"self":[{"href":"https:\/\/museo.inf.upv.es\/en\/wp-json\/wp\/v2\/pages\/295","targetHints":{"allow":["GET"]}}],"collection":[{"href":"https:\/\/museo.inf.upv.es\/en\/wp-json\/wp\/v2\/pages"}],"about":[{"href":"https:\/\/museo.inf.upv.es\/en\/wp-json\/wp\/v2\/types\/page"}],"author":[{"embeddable":true,"href":"https:\/\/museo.inf.upv.es\/en\/wp-json\/wp\/v2\/users\/1"}],"replies":[{"embeddable":true,"href":"https:\/\/museo.inf.upv.es\/en\/wp-json\/wp\/v2\/comments?post=295"}],"version-history":[{"count":11,"href":"https:\/\/museo.inf.upv.es\/en\/wp-json\/wp\/v2\/pages\/295\/revisions"}],"predecessor-version":[{"id":3920,"href":"https:\/\/museo.inf.upv.es\/en\/wp-json\/wp\/v2\/pages\/295\/revisions\/3920"}],"wp:attachment":[{"href":"https:\/\/museo.inf.upv.es\/en\/wp-json\/wp\/v2\/media?parent=295"}],"curies":[{"name":"wp","href":"https:\/\/api.w.org\/{rel}","templated":true}]}}