{"id":3277,"date":"2021-05-06T15:35:45","date_gmt":"2021-05-06T15:35:45","guid":{"rendered":"https:\/\/museoupdating.webs.upv.es\/nuevaweb\/?page_id=3277"},"modified":"2021-06-28T10:39:00","modified_gmt":"2021-06-28T10:39:00","slug":"bits-en-femenino-2","status":"publish","type":"page","link":"https:\/\/museo.inf.upv.es\/en\/bits-en-femenino-2\/","title":{"rendered":"BitsenFemen\u00ed"},"content":{"rendered":"<p style=\"text-align: justify;\"><a href=\"https:\/\/museo.inf.upv.es\/wp-content\/uploads\/2021\/06\/bitsenfemeni_disenyadoras.jpg\"><img loading=\"lazy\" decoding=\"async\" class=\"alignright wp-image-8662 \" src=\"https:\/\/museo.inf.upv.es\/wp-content\/uploads\/2021\/06\/bitsenfemeni_disenyadoras.jpg\" alt=\"\" width=\"476\" height=\"321\" srcset=\"https:\/\/museo.inf.upv.es\/wp-content\/uploads\/2021\/06\/bitsenfemeni_disenyadoras.jpg 768w, https:\/\/museo.inf.upv.es\/wp-content\/uploads\/2021\/06\/bitsenfemeni_disenyadoras-300x203.jpg 300w, https:\/\/museo.inf.upv.es\/wp-content\/uploads\/2021\/06\/bitsenfemeni_disenyadoras-272x182.jpg 272w\" sizes=\"auto, (max-width: 476px) 100vw, 476px\" \/><\/a><img loading=\"lazy\" decoding=\"async\" class=\"alignleft wp-image-7754 size-thumbnail\" src=\"https:\/\/museo.inf.upv.es\/wp-content\/uploads\/2021\/05\/Silueta-150x150.jpg\" alt=\"\" width=\"150\" height=\"150\" srcset=\"https:\/\/museo.inf.upv.es\/wp-content\/uploads\/2021\/05\/Silueta-150x150.jpg 150w, https:\/\/museo.inf.upv.es\/wp-content\/uploads\/2021\/05\/Silueta-300x300.jpg 300w, https:\/\/museo.inf.upv.es\/wp-content\/uploads\/2021\/05\/Silueta-1024x1024.jpg 1024w, https:\/\/museo.inf.upv.es\/wp-content\/uploads\/2021\/05\/Silueta-768x768.jpg 768w, https:\/\/museo.inf.upv.es\/wp-content\/uploads\/2021\/05\/Silueta-400x400.jpg 400w, https:\/\/museo.inf.upv.es\/wp-content\/uploads\/2021\/05\/Silueta-1536x1536.jpg 1536w, https:\/\/museo.inf.upv.es\/wp-content\/uploads\/2021\/05\/Silueta-2048x2048.jpg 2048w\" sizes=\"auto, (max-width: 150px) 100vw, 150px\" \/><\/p>\n<p style=\"text-align: justify;\">Hello, We are Isabel, Ivana, Judit, Iris, Natalia and Mar, designers of this mural for the Museu d&#8217;Inform\u00e0tica of the Polytechnic University of Valencia.<\/p>\n<p style=\"text-align: justify;\">Bits en femin\u00ed is a graphic project with which some of the most important women in the world of computing are made known as a tribute, highlighting their contributions and professional achievements.<\/p>\n<p style=\"text-align: justify;\">Through this installation, the advance of the female role in one of the sectors that continues to be affected by the gender gap, computer science, becomes visible. Through the elaboration of this project it has been possible to expand our network of knowledge in relation to the role of women in science. Inspired by the life trajectory of the protagonists of the mural, our intention is to encourage female participation in sectors that are not very equal in terms of gender, especially in those related to science and technology.<\/p>\n<p style=\"text-align: justify;\">For this reason, we thank entities such as the Faculty of Informatics for promoting the development of projects like this one, which encourage more women to leave their mark in the history of technological evolution, highlighting the importance of having female references. A contribution that is undoubtedly essential for the improvement of a future society that is moving towards technology and equality.<\/p>\n<p><\/p>\n\n\n<div class=\"wp-block-columns is-layout-flex wp-container-core-columns-is-layout-9d6595d7 wp-block-columns-is-layout-flex\">\n<div class=\"wp-block-column is-layout-flow wp-block-column-is-layout-flow\">\n<figure class=\"wp-block-embed is-type-video is-provider-youtube wp-block-embed-youtube wp-embed-aspect-16-9 wp-has-aspect-ratio\"><div class=\"wp-block-embed__wrapper\">\n<iframe loading=\"lazy\" title=\"Presentaci\u00f3n instalaci\u00f3n Bitsenfemen\u00ed\" width=\"720\" height=\"405\" src=\"https:\/\/www.youtube.com\/embed\/53KavaKW1CU?feature=oembed\" frameborder=\"0\" allow=\"accelerometer; autoplay; clipboard-write; encrypted-media; gyroscope; picture-in-picture\" allowfullscreen><\/iframe>\n<\/div><\/figure>\n<\/div>\n\n\n\n<div class=\"wp-block-column is-vertically-aligned-center is-layout-flow wp-block-column-is-layout-flow\">\n<p> Presentation of the BitsenFemen\u00ed installation on Youtube 22\/06\/2021.<\/p>\n<p><\/p>\n<\/div>\n<\/div>\n\n\n\n<p><\/p>\n\n\n\n<p><\/p>\n\n\n\n<figure class=\"wp-block-gallery columns-2 is-cropped wp-block-gallery-2 is-layout-flex wp-block-gallery-is-layout-flex\"><ul class=\"blocks-gallery-grid\"><li class=\"blocks-gallery-item\"><figure><a href=\"https:\/\/museoinf.webs.upv.es\/wp-content\/uploads\/2021\/05\/Mockup1_Claropng-scaled.jpg\"><img loading=\"lazy\" decoding=\"async\" width=\"1024\" height=\"683\" src=\"https:\/\/museoinf.webs.upv.es\/wp-content\/uploads\/2021\/05\/Mockup1_Claropng-1024x683.jpg\" alt=\"\" data-id=\"8121\" data-full-url=\"https:\/\/museoinf.webs.upv.es\/wp-content\/uploads\/2021\/05\/Mockup1_Claropng-scaled.jpg\" data-link=\"https:\/\/museoinf.webs.upv.es\/bits-en-femenino-2\/mockup1_claropng-2\/#main\" class=\"wp-image-8121\" srcset=\"https:\/\/museo.inf.upv.es\/wp-content\/uploads\/2021\/05\/Mockup1_Claropng-1024x683.jpg 1024w, https:\/\/museo.inf.upv.es\/wp-content\/uploads\/2021\/05\/Mockup1_Claropng-300x200.jpg 300w, https:\/\/museo.inf.upv.es\/wp-content\/uploads\/2021\/05\/Mockup1_Claropng-768x512.jpg 768w, https:\/\/museo.inf.upv.es\/wp-content\/uploads\/2021\/05\/Mockup1_Claropng-1536x1024.jpg 1536w, https:\/\/museo.inf.upv.es\/wp-content\/uploads\/2021\/05\/Mockup1_Claropng-2048x1365.jpg 2048w, https:\/\/museo.inf.upv.es\/wp-content\/uploads\/2021\/05\/Mockup1_Claropng-272x182.jpg 272w\" sizes=\"auto, (max-width: 1024px) 100vw, 1024px\" \/><\/a><\/figure><\/li><li class=\"blocks-gallery-item\"><figure><a href=\"https:\/\/museoinf.webs.upv.es\/wp-content\/uploads\/2021\/05\/Mockup3_Claro--scaled.jpg\"><img loading=\"lazy\" decoding=\"async\" width=\"1024\" height=\"676\" src=\"https:\/\/museoinf.webs.upv.es\/wp-content\/uploads\/2021\/05\/Mockup3_Claro--1024x676.jpg\" alt=\"\" data-id=\"8122\" data-full-url=\"https:\/\/museoinf.webs.upv.es\/wp-content\/uploads\/2021\/05\/Mockup3_Claro--scaled.jpg\" data-link=\"https:\/\/museoinf.webs.upv.es\/bits-en-femenino-2\/mockup3_claro-2\/#main\" class=\"wp-image-8122\" srcset=\"https:\/\/museo.inf.upv.es\/wp-content\/uploads\/2021\/05\/Mockup3_Claro--1024x676.jpg 1024w, https:\/\/museo.inf.upv.es\/wp-content\/uploads\/2021\/05\/Mockup3_Claro--300x198.jpg 300w, https:\/\/museo.inf.upv.es\/wp-content\/uploads\/2021\/05\/Mockup3_Claro--768x507.jpg 768w, https:\/\/museo.inf.upv.es\/wp-content\/uploads\/2021\/05\/Mockup3_Claro--1536x1014.jpg 1536w, https:\/\/museo.inf.upv.es\/wp-content\/uploads\/2021\/05\/Mockup3_Claro--2048x1352.jpg 2048w\" sizes=\"auto, (max-width: 1024px) 100vw, 1024px\" \/><\/a><\/figure><\/li><\/ul><figcaption class=\"blocks-gallery-caption\"><span style=\"color:#d1005d\" class=\"has-inline-color\">Mural exhibited on the first floor of Building 1E of the UPV&#8217;s ETSINF<\/span><\/figcaption><\/figure>\n\n\n<p>The mural in detail:<\/p>\n\n\n<p><\/p>\n\n\n\n<div class=\"wp-block-image\"><figure class=\"aligncenter size-large is-resized\"><a href=\"https:\/\/museoinf.webs.upv.es\/wp-content\/uploads\/2021\/05\/mural.jpg\"><img loading=\"lazy\" decoding=\"async\" src=\"https:\/\/museoinf.webs.upv.es\/wp-content\/uploads\/2021\/05\/mural-1024x327.jpg\" alt=\"\" class=\"wp-image-3458\" width=\"1094\" height=\"349\" srcset=\"https:\/\/museo.inf.upv.es\/wp-content\/uploads\/2021\/05\/mural-1024x327.jpg 1024w, https:\/\/museo.inf.upv.es\/wp-content\/uploads\/2021\/05\/mural-300x96.jpg 300w, https:\/\/museo.inf.upv.es\/wp-content\/uploads\/2021\/05\/mural-768x245.jpg 768w, https:\/\/museo.inf.upv.es\/wp-content\/uploads\/2021\/05\/mural.jpg 1519w\" sizes=\"auto, (max-width: 1094px) 100vw, 1094px\" \/><\/a><\/figure><\/div>\n\n\n\n<p><a href=\"https:\/\/museoinf.webs.upv.es\/bits-en-femenino\/\">Old Posters webpage of the Bits en Femen\u00ed exhibition<\/a><\/p>\n\n\n\n<p><\/p>","protected":false},"excerpt":{"rendered":"<p>Hello, We are Isabel, Ivana, Judit, Iris, Natalia and Mar, designers of this mural for the Museu d&#8217;Inform\u00e0tica of the Polytechnic University of Valencia. Bits en femin\u00ed is a graphic project with which some of the most important women in the world of computing are made known as a tribute, highlighting their contributions and professional [&hellip;]<\/p>\n","protected":false},"author":1,"featured_media":0,"parent":0,"menu_order":0,"comment_status":"closed","ping_status":"closed","template":"","meta":{"_monsterinsights_skip_tracking":false,"_monsterinsights_sitenote_active":false,"_monsterinsights_sitenote_note":"","_monsterinsights_sitenote_category":0,"footnotes":""},"class_list":["post-3277","page","type-page","status-publish","hentry","post"],"yoast_head":"<!-- This site is optimized with the Yoast SEO plugin v27.4 - https:\/\/yoast.com\/product\/yoast-seo-wordpress\/ -->\n<title>BitsenFemen\u00ed - Web del Museo de Inform\u00e1tica 2.0<\/title>\n<meta name=\"robots\" content=\"index, follow, max-snippet:-1, max-image-preview:large, max-video-preview:-1\" \/>\n<link rel=\"canonical\" href=\"https:\/\/museo.inf.upv.es\/en\/bits-en-femenino-2\/\" \/>\n<meta property=\"og:locale\" content=\"en_US\" \/>\n<meta property=\"og:type\" content=\"article\" \/>\n<meta property=\"og:title\" content=\"BitsenFemen\u00ed - Web del Museo de Inform\u00e1tica 2.0\" \/>\n<meta property=\"og:description\" content=\"Hello, We are Isabel, Ivana, Judit, Iris, Natalia and Mar, designers of this mural for the Museu d&#8217;Inform\u00e0tica of the Polytechnic University of Valencia. Bits en femin\u00ed is a graphic project with which some of the most important women in the world of computing are made known as a tribute, highlighting their contributions and professional [&hellip;]\" \/>\n<meta property=\"og:url\" content=\"https:\/\/museo.inf.upv.es\/en\/bits-en-femenino-2\/\" \/>\n<meta property=\"og:site_name\" content=\"Web del Museo de Inform\u00e1tica 2.0\" \/>\n<meta property=\"article:modified_time\" content=\"2021-06-28T10:39:00+00:00\" \/>\n<meta property=\"og:image\" content=\"https:\/\/museo.inf.upv.es\/wp-content\/uploads\/2021\/06\/bitsenfemeni_disenyadoras.jpg\" \/>\n<meta name=\"twitter:card\" content=\"summary_large_image\" \/>\n<meta name=\"twitter:label1\" content=\"Est. reading time\" \/>\n\t<meta name=\"twitter:data1\" content=\"12 minutes\" \/>\n<script type=\"application\/ld+json\" class=\"yoast-schema-graph\">{\"@context\":\"https:\\\/\\\/schema.org\",\"@graph\":[{\"@type\":\"WebPage\",\"@id\":\"https:\\\/\\\/museo.inf.upv.es\\\/en\\\/bits-en-femenino-2\\\/\",\"url\":\"https:\\\/\\\/museo.inf.upv.es\\\/en\\\/bits-en-femenino-2\\\/\",\"name\":\"BitsenFemen\u00ed - Web del Museo de Inform\u00e1tica 2.0\",\"isPartOf\":{\"@id\":\"https:\\\/\\\/museo.inf.upv.es\\\/#website\"},\"primaryImageOfPage\":{\"@id\":\"https:\\\/\\\/museo.inf.upv.es\\\/en\\\/bits-en-femenino-2\\\/#primaryimage\"},\"image\":{\"@id\":\"https:\\\/\\\/museo.inf.upv.es\\\/en\\\/bits-en-femenino-2\\\/#primaryimage\"},\"thumbnailUrl\":\"https:\\\/\\\/museo.inf.upv.es\\\/wp-content\\\/uploads\\\/2021\\\/06\\\/bitsenfemeni_disenyadoras.jpg\",\"datePublished\":\"2021-05-06T15:35:45+00:00\",\"dateModified\":\"2021-06-28T10:39:00+00:00\",\"breadcrumb\":{\"@id\":\"https:\\\/\\\/museo.inf.upv.es\\\/en\\\/bits-en-femenino-2\\\/#breadcrumb\"},\"inLanguage\":\"en-US\",\"potentialAction\":[{\"@type\":\"ReadAction\",\"target\":[\"https:\\\/\\\/museo.inf.upv.es\\\/en\\\/bits-en-femenino-2\\\/\"]}]},{\"@type\":\"ImageObject\",\"inLanguage\":\"en-US\",\"@id\":\"https:\\\/\\\/museo.inf.upv.es\\\/en\\\/bits-en-femenino-2\\\/#primaryimage\",\"url\":\"https:\\\/\\\/museo.inf.upv.es\\\/wp-content\\\/uploads\\\/2021\\\/06\\\/bitsenfemeni_disenyadoras.jpg\",\"contentUrl\":\"https:\\\/\\\/museo.inf.upv.es\\\/wp-content\\\/uploads\\\/2021\\\/06\\\/bitsenfemeni_disenyadoras.jpg\"},{\"@type\":\"BreadcrumbList\",\"@id\":\"https:\\\/\\\/museo.inf.upv.es\\\/en\\\/bits-en-femenino-2\\\/#breadcrumb\",\"itemListElement\":[{\"@type\":\"ListItem\",\"position\":1,\"name\":\"Portada\",\"item\":\"https:\\\/\\\/museo.inf.upv.es\\\/\"},{\"@type\":\"ListItem\",\"position\":2,\"name\":\"BitsenFemen\u00ed\"}]},{\"@type\":\"WebSite\",\"@id\":\"https:\\\/\\\/museo.inf.upv.es\\\/#website\",\"url\":\"https:\\\/\\\/museo.inf.upv.es\\\/\",\"name\":\"Web del Museo de Inform\u00e1tica 2.0\",\"description\":\"Web del Museo de Inform\u00e1tica 2.0\",\"potentialAction\":[{\"@type\":\"SearchAction\",\"target\":{\"@type\":\"EntryPoint\",\"urlTemplate\":\"https:\\\/\\\/museo.inf.upv.es\\\/?s={search_term_string}\"},\"query-input\":{\"@type\":\"PropertyValueSpecification\",\"valueRequired\":true,\"valueName\":\"search_term_string\"}}],\"inLanguage\":\"en-US\"}]}<\/script>\n<!-- \/ Yoast SEO plugin. -->","yoast_head_json":{"title":"BitsenFemen\u00ed - Web del Museo de Inform\u00e1tica 2.0","robots":{"index":"index","follow":"follow","max-snippet":"max-snippet:-1","max-image-preview":"max-image-preview:large","max-video-preview":"max-video-preview:-1"},"canonical":"https:\/\/museo.inf.upv.es\/en\/bits-en-femenino-2\/","og_locale":"en_US","og_type":"article","og_title":"BitsenFemen\u00ed - Web del Museo de Inform\u00e1tica 2.0","og_description":"Hello, We are Isabel, Ivana, Judit, Iris, Natalia and Mar, designers of this mural for the Museu d&#8217;Inform\u00e0tica of the Polytechnic University of Valencia. Bits en femin\u00ed is a graphic project with which some of the most important women in the world of computing are made known as a tribute, highlighting their contributions and professional [&hellip;]","og_url":"https:\/\/museo.inf.upv.es\/en\/bits-en-femenino-2\/","og_site_name":"Web del Museo de Inform\u00e1tica 2.0","article_modified_time":"2021-06-28T10:39:00+00:00","og_image":[{"url":"https:\/\/museo.inf.upv.es\/wp-content\/uploads\/2021\/06\/bitsenfemeni_disenyadoras.jpg","type":"","width":"","height":""}],"twitter_card":"summary_large_image","twitter_misc":{"Est. reading time":"12 minutes"},"schema":{"@context":"https:\/\/schema.org","@graph":[{"@type":"WebPage","@id":"https:\/\/museo.inf.upv.es\/en\/bits-en-femenino-2\/","url":"https:\/\/museo.inf.upv.es\/en\/bits-en-femenino-2\/","name":"BitsenFemen\u00ed - Web del Museo de Inform\u00e1tica 2.0","isPartOf":{"@id":"https:\/\/museo.inf.upv.es\/#website"},"primaryImageOfPage":{"@id":"https:\/\/museo.inf.upv.es\/en\/bits-en-femenino-2\/#primaryimage"},"image":{"@id":"https:\/\/museo.inf.upv.es\/en\/bits-en-femenino-2\/#primaryimage"},"thumbnailUrl":"https:\/\/museo.inf.upv.es\/wp-content\/uploads\/2021\/06\/bitsenfemeni_disenyadoras.jpg","datePublished":"2021-05-06T15:35:45+00:00","dateModified":"2021-06-28T10:39:00+00:00","breadcrumb":{"@id":"https:\/\/museo.inf.upv.es\/en\/bits-en-femenino-2\/#breadcrumb"},"inLanguage":"en-US","potentialAction":[{"@type":"ReadAction","target":["https:\/\/museo.inf.upv.es\/en\/bits-en-femenino-2\/"]}]},{"@type":"ImageObject","inLanguage":"en-US","@id":"https:\/\/museo.inf.upv.es\/en\/bits-en-femenino-2\/#primaryimage","url":"https:\/\/museo.inf.upv.es\/wp-content\/uploads\/2021\/06\/bitsenfemeni_disenyadoras.jpg","contentUrl":"https:\/\/museo.inf.upv.es\/wp-content\/uploads\/2021\/06\/bitsenfemeni_disenyadoras.jpg"},{"@type":"BreadcrumbList","@id":"https:\/\/museo.inf.upv.es\/en\/bits-en-femenino-2\/#breadcrumb","itemListElement":[{"@type":"ListItem","position":1,"name":"Portada","item":"https:\/\/museo.inf.upv.es\/"},{"@type":"ListItem","position":2,"name":"BitsenFemen\u00ed"}]},{"@type":"WebSite","@id":"https:\/\/museo.inf.upv.es\/#website","url":"https:\/\/museo.inf.upv.es\/","name":"Web del Museo de Inform\u00e1tica 2.0","description":"Web del Museo de Inform\u00e1tica 2.0","potentialAction":[{"@type":"SearchAction","target":{"@type":"EntryPoint","urlTemplate":"https:\/\/museo.inf.upv.es\/?s={search_term_string}"},"query-input":{"@type":"PropertyValueSpecification","valueRequired":true,"valueName":"search_term_string"}}],"inLanguage":"en-US"}]}},"_links":{"self":[{"href":"https:\/\/museo.inf.upv.es\/en\/wp-json\/wp\/v2\/pages\/3277","targetHints":{"allow":["GET"]}}],"collection":[{"href":"https:\/\/museo.inf.upv.es\/en\/wp-json\/wp\/v2\/pages"}],"about":[{"href":"https:\/\/museo.inf.upv.es\/en\/wp-json\/wp\/v2\/types\/page"}],"author":[{"embeddable":true,"href":"https:\/\/museo.inf.upv.es\/en\/wp-json\/wp\/v2\/users\/1"}],"replies":[{"embeddable":true,"href":"https:\/\/museo.inf.upv.es\/en\/wp-json\/wp\/v2\/comments?post=3277"}],"version-history":[{"count":169,"href":"https:\/\/museo.inf.upv.es\/en\/wp-json\/wp\/v2\/pages\/3277\/revisions"}],"predecessor-version":[{"id":10688,"href":"https:\/\/museo.inf.upv.es\/en\/wp-json\/wp\/v2\/pages\/3277\/revisions\/10688"}],"wp:attachment":[{"href":"https:\/\/museo.inf.upv.es\/en\/wp-json\/wp\/v2\/media?parent=3277"}],"curies":[{"name":"wp","href":"https:\/\/api.w.org\/{rel}","templated":true}]}}