{"id":4103,"date":"2021-05-11T08:10:57","date_gmt":"2021-05-11T08:10:57","guid":{"rendered":"https:\/\/museoupdating.webs.upv.es\/?page_id=4103"},"modified":"2021-05-28T14:14:08","modified_gmt":"2021-05-28T14:14:08","slug":"juega-con-microbit","status":"publish","type":"page","link":"https:\/\/museo.inf.upv.es\/en\/juega-con-microbit\/","title":{"rendered":"Play with micro:bit"},"content":{"rendered":"<p><\/p>\n<p>In this section of our website we recover the didactic material developed in the context of the Chair of Civic Technologies that was active in our University until 2019. This Chair objectives were to provide technological solutions to everyday problems using the micro:bit card, which allows to quantify, through sensors, various parameters of its physical environment.<\/span><\/p>\n<p style=\"text-align: justify;\"><span style=\"font-size: inherit;\"><\/span><\/p>\n<p><\/p>\n<\/div>\n<\/div>\n\n\n<div class=\"wp-block-columns is-layout-flex wp-container-core-columns-is-layout-9d6595d7 wp-block-columns-is-layout-flex\">\n<div class=\"wp-block-column is-layout-flow wp-block-column-is-layout-flow\" style=\"flex-basis:33.33%\">\n<p>Go to<\/p>\n\n\n\n<div class=\"wp-block-buttons is-content-justification-center is-layout-flex wp-block-buttons-is-layout-flex\">\n<div class=\"wp-block-button is-style-fill\"><a class=\"wp-block-button__link has-white-color has-text-color has-background\" href=\"https:\/\/museoinf.webs.upv.es\/blog\/category\/microbit\/basico\/\" style=\"background-color:#d1005d\" target=\"_blank\" rel=\"noreferrer noopener\">Basic Projects<\/a><\/div>\n\n\n\n<div class=\"wp-block-button is-style-fill\"><a class=\"wp-block-button__link has-white-color has-text-color has-background\" href=\"https:\/\/museoinf.webs.upv.es\/blog\/category\/microbit\/avanzado\/\" style=\"background-color:#d1005d\" target=\"_blank\" rel=\"noreferrer noopener\">Avanced Projects<\/a><\/div>\n<\/div>\n\n\n\n<hr class=\"wp-block-separator\"\/>\n<\/div>\n\n\n\n<div class=\"wp-block-column is-layout-flow wp-block-column-is-layout-flow\" style=\"flex-basis:66.66%\">\n<figure class=\"wp-block-gallery columns-3 is-cropped wp-block-gallery-1 is-layout-flex wp-block-gallery-is-layout-flex\"><ul class=\"blocks-gallery-grid\"><li class=\"blocks-gallery-item\"><figure><img loading=\"lazy\" decoding=\"async\" width=\"350\" height=\"300\" src=\"https:\/\/museoinf.webs.upv.es\/wp-content\/uploads\/2021\/05\/microbit-features-compass-2-350x300-1.png\" alt=\"\" data-id=\"4115\" data-full-url=\"https:\/\/museoinf.webs.upv.es\/wp-content\/uploads\/2021\/05\/microbit-features-compass-2-350x300-1.png\" data-link=\"https:\/\/museoinf.webs.upv.es\/?attachment_id=4115#main\" class=\"wp-image-4115\" srcset=\"https:\/\/museo.inf.upv.es\/wp-content\/uploads\/2021\/05\/microbit-features-compass-2-350x300-1.png 350w, https:\/\/museo.inf.upv.es\/wp-content\/uploads\/2021\/05\/microbit-features-compass-2-350x300-1-300x257.png 300w\" sizes=\"auto, (max-width: 350px) 100vw, 350px\" \/><\/figure><\/li><li class=\"blocks-gallery-item\"><figure><img loading=\"lazy\" decoding=\"async\" width=\"350\" height=\"231\" src=\"https:\/\/museoinf.webs.upv.es\/wp-content\/uploads\/2021\/05\/Screen-Shot-2019-05-03-at-09.46.41-350x300-1-e1620720531988.png\" alt=\"\" data-id=\"4121\" data-full-url=\"https:\/\/museoinf.webs.upv.es\/wp-content\/uploads\/2021\/05\/Screen-Shot-2019-05-03-at-09.46.41-350x300-1-e1620720531988.png\" data-link=\"https:\/\/museoinf.webs.upv.es\/?attachment_id=4121#main\" class=\"wp-image-4121\" srcset=\"https:\/\/museo.inf.upv.es\/wp-content\/uploads\/2021\/05\/Screen-Shot-2019-05-03-at-09.46.41-350x300-1-e1620720531988.png 350w, https:\/\/museo.inf.upv.es\/wp-content\/uploads\/2021\/05\/Screen-Shot-2019-05-03-at-09.46.41-350x300-1-e1620720531988-300x198.png 300w\" sizes=\"auto, (max-width: 350px) 100vw, 350px\" \/><\/figure><\/li><li class=\"blocks-gallery-item\"><figure><img loading=\"lazy\" decoding=\"async\" width=\"350\" height=\"300\" src=\"https:\/\/museoinf.webs.upv.es\/wp-content\/uploads\/2021\/05\/microbit-features-accelerometer-350x300-1.png\" alt=\"\" data-id=\"4116\" data-full-url=\"https:\/\/museoinf.webs.upv.es\/wp-content\/uploads\/2021\/05\/microbit-features-accelerometer-350x300-1.png\" data-link=\"https:\/\/museoinf.webs.upv.es\/?attachment_id=4116#main\" class=\"wp-image-4116\" srcset=\"https:\/\/museo.inf.upv.es\/wp-content\/uploads\/2021\/05\/microbit-features-accelerometer-350x300-1.png 350w, https:\/\/museo.inf.upv.es\/wp-content\/uploads\/2021\/05\/microbit-features-accelerometer-350x300-1-300x257.png 300w\" sizes=\"auto, (max-width: 350px) 100vw, 350px\" \/><\/figure><\/li><\/ul><\/figure>\n<\/div>\n<\/div>\n\n\n\n<div class=\"wp-block-columns is-layout-flex wp-container-core-columns-is-layout-9d6595d7 wp-block-columns-is-layout-flex\">\n<div class=\"wp-block-column is-layout-flow wp-block-column-is-layout-flow\" style=\"flex-basis:40%\">\n<p class=\"has-text-align-center\"> <\/p>\n\n\n\n<p> <\/p>\n\n\n\n<p class=\"has-text-align-center\">All the material here compiled was depeloped by former students, now graduates, Mar\u00eda Navarro and Rafa S\u00e1nchez and was coordinated by the professors and researchers Diego \u00c1lvarez and Xavier Molero from the <a href=\"https:\/\/www.inf.upv.es\/\">ETSINF <\/a>Computer Science School .<\/p>\n\n\n\n<p class=\"has-text-align-center\"><\/p>\n<\/div>\n\n\n\n<div class=\"wp-block-column is-layout-flow wp-block-column-is-layout-flow\">\n<figure class=\"wp-block-image size-large\"><img loading=\"lazy\" decoding=\"async\" width=\"50\" height=\"300\" src=\"https:\/\/museoinf.webs.upv.es\/wp-content\/uploads\/2021\/05\/team.jpg\" alt=\"\" class=\"wp-image-5003\"\/><\/figure>\n<\/div>\n\n\n\n<div class=\"wp-block-column is-vertically-aligned-top is-layout-flow wp-block-column-is-layout-flow\" style=\"flex-basis:75%\">\n<div class=\"wp-block-image\"><figure class=\"alignleft size-large is-resized\"><img loading=\"lazy\" decoding=\"async\" src=\"https:\/\/museoinf.webs.upv.es\/wp-content\/uploads\/2021\/05\/team.jpg\" alt=\"\" class=\"wp-image-5003\" width=\"20\" height=\"120\"\/><\/figure><\/div>\n\n\n\n<div class=\"wp-block-image is-style-rounded\"><figure class=\"alignleft size-large is-resized\"><img loading=\"lazy\" decoding=\"async\" src=\"https:\/\/museoinf.webs.upv.es\/wp-content\/uploads\/2021\/05\/IMG_4725-4.jpg\" alt=\"\" class=\"wp-image-4961\" width=\"135\" height=\"135\" srcset=\"https:\/\/museo.inf.upv.es\/wp-content\/uploads\/2021\/05\/IMG_4725-4.jpg 640w, https:\/\/museo.inf.upv.es\/wp-content\/uploads\/2021\/05\/IMG_4725-4-300x300.jpg 300w, https:\/\/museo.inf.upv.es\/wp-content\/uploads\/2021\/05\/IMG_4725-4-150x150.jpg 150w, https:\/\/museo.inf.upv.es\/wp-content\/uploads\/2021\/05\/IMG_4725-4-400x400.jpg 400w\" sizes=\"auto, (max-width: 135px) 100vw, 135px\" \/><figcaption><strong>Diego \u00c1lvarez<br><\/strong><span class=\"has-inline-color has-cyan-bluish-gray-color\">Profesor ETSINF-UPV<\/span><\/figcaption><\/figure><\/div>\n\n\n\n<div class=\"wp-block-image is-style-rounded\"><figure class=\"alignleft size-large is-resized\"><img loading=\"lazy\" decoding=\"async\" src=\"https:\/\/museoinf.webs.upv.es\/wp-content\/uploads\/2021\/05\/IMG_4724-1.jpg\" alt=\"\" class=\"wp-image-4960\" width=\"135\" height=\"135\" srcset=\"https:\/\/museo.inf.upv.es\/wp-content\/uploads\/2021\/05\/IMG_4724-1.jpg 640w, https:\/\/museo.inf.upv.es\/wp-content\/uploads\/2021\/05\/IMG_4724-1-300x300.jpg 300w, https:\/\/museo.inf.upv.es\/wp-content\/uploads\/2021\/05\/IMG_4724-1-150x150.jpg 150w, https:\/\/museo.inf.upv.es\/wp-content\/uploads\/2021\/05\/IMG_4724-1-400x400.jpg 400w\" sizes=\"auto, (max-width: 135px) 100vw, 135px\" \/><figcaption><strong>Xavier Molero<br><\/strong><span class=\"has-inline-color has-cyan-bluish-gray-color\">Profesor ETSINF-UPV<\/span><\/figcaption><\/figure><\/div>\n\n\n\n<div class=\"wp-block-image is-style-rounded\"><figure class=\"alignleft size-large is-resized\"><img loading=\"lazy\" decoding=\"async\" src=\"https:\/\/museoinf.webs.upv.es\/wp-content\/uploads\/2021\/05\/maria-1-1-1024x1024.png\" alt=\"\" class=\"wp-image-4959\" width=\"135\" height=\"135\" srcset=\"https:\/\/museo.inf.upv.es\/wp-content\/uploads\/2021\/05\/maria-1-1-1024x1024.png 1024w, https:\/\/museo.inf.upv.es\/wp-content\/uploads\/2021\/05\/maria-1-1-300x300.png 300w, https:\/\/museo.inf.upv.es\/wp-content\/uploads\/2021\/05\/maria-1-1-150x150.png 150w, https:\/\/museo.inf.upv.es\/wp-content\/uploads\/2021\/05\/maria-1-1-768x768.png 768w, https:\/\/museo.inf.upv.es\/wp-content\/uploads\/2021\/05\/maria-1-1-400x400.png 400w, https:\/\/museo.inf.upv.es\/wp-content\/uploads\/2021\/05\/maria-1-1-1536x1536.png 1536w, https:\/\/museo.inf.upv.es\/wp-content\/uploads\/2021\/05\/maria-1-1-2048x2048.png 2048w\" sizes=\"auto, (max-width: 135px) 100vw, 135px\" \/><figcaption><strong>Mar\u00eda Navarro<\/strong><br><span class=\"has-inline-color has-cyan-bluish-gray-color\">Graduada ETSINF<\/span><\/figcaption><\/figure><\/div>\n\n\n\n<div class=\"wp-block-image is-style-rounded\"><figure class=\"alignleft size-large is-resized\"><img loading=\"lazy\" decoding=\"async\" src=\"https:\/\/museoinf.webs.upv.es\/wp-content\/uploads\/2021\/05\/IMG_4726.jpg\" alt=\"\" class=\"wp-image-4955\" width=\"135\" height=\"135\" srcset=\"https:\/\/museo.inf.upv.es\/wp-content\/uploads\/2021\/05\/IMG_4726.jpg 640w, https:\/\/museo.inf.upv.es\/wp-content\/uploads\/2021\/05\/IMG_4726-300x300.jpg 300w, https:\/\/museo.inf.upv.es\/wp-content\/uploads\/2021\/05\/IMG_4726-150x150.jpg 150w, https:\/\/museo.inf.upv.es\/wp-content\/uploads\/2021\/05\/IMG_4726-400x400.jpg 400w\" sizes=\"auto, (max-width: 135px) 100vw, 135px\" \/><figcaption><strong>Rafa S\u00e1nchez<\/strong><br><span class=\"has-inline-color has-cyan-bluish-gray-color\">Graduado ETSINF<\/span><\/figcaption><\/figure><\/div>\n<\/div>\n<\/div>","protected":false},"excerpt":{"rendered":"<p>In this section of our website we recover the didactic material developed in the context of the Chair of Civic Technologies that was active in our University until 2019. This Chair objectives were to provide technological solutions to everyday problems using the micro:bit card, which allows to quantify, through sensors, various parameters of its physical [&hellip;]<\/p>\n","protected":false},"author":1,"featured_media":0,"parent":0,"menu_order":0,"comment_status":"closed","ping_status":"closed","template":"","meta":{"_monsterinsights_skip_tracking":false,"_monsterinsights_sitenote_active":false,"_monsterinsights_sitenote_note":"","_monsterinsights_sitenote_category":0,"footnotes":""},"class_list":["post-4103","page","type-page","status-publish","hentry","post"],"yoast_head":"<!-- This site is optimized with the Yoast SEO plugin v27.4 - https:\/\/yoast.com\/product\/yoast-seo-wordpress\/ -->\n<title>Play with micro:bit - Web del Museo de Inform\u00e1tica 2.0<\/title>\n<meta name=\"robots\" content=\"index, follow, max-snippet:-1, max-image-preview:large, max-video-preview:-1\" \/>\n<link rel=\"canonical\" href=\"https:\/\/museo.inf.upv.es\/juega-con-microbit\/\" \/>\n<meta property=\"og:locale\" content=\"en_US\" \/>\n<meta property=\"og:type\" content=\"article\" \/>\n<meta property=\"og:title\" content=\"Play with micro:bit - Web del Museo de Inform\u00e1tica 2.0\" \/>\n<meta property=\"og:description\" content=\"In this section of our website we recover the didactic material developed in the context of the Chair of Civic Technologies that was active in our University until 2019. This Chair objectives were to provide technological solutions to everyday problems using the micro:bit card, which allows to quantify, through sensors, various parameters of its physical [&hellip;]\" \/>\n<meta property=\"og:url\" content=\"https:\/\/museo.inf.upv.es\/juega-con-microbit\/\" \/>\n<meta property=\"og:site_name\" content=\"Web del Museo de Inform\u00e1tica 2.0\" \/>\n<meta property=\"article:modified_time\" content=\"2021-05-28T14:14:08+00:00\" \/>\n<meta property=\"og:image\" content=\"https:\/\/museoinf.webs.upv.es\/wp-content\/uploads\/2021\/05\/microbit-features-compass-2-350x300-1.png\" \/>\n<meta name=\"twitter:card\" content=\"summary_large_image\" \/>\n<meta name=\"twitter:label1\" content=\"Est. reading time\" \/>\n\t<meta name=\"twitter:data1\" content=\"4 minutes\" \/>\n<script type=\"application\/ld+json\" class=\"yoast-schema-graph\">{\"@context\":\"https:\\\/\\\/schema.org\",\"@graph\":[{\"@type\":\"WebPage\",\"@id\":\"https:\\\/\\\/museo.inf.upv.es\\\/juega-con-microbit\\\/\",\"url\":\"https:\\\/\\\/museo.inf.upv.es\\\/juega-con-microbit\\\/\",\"name\":\"Play with micro:bit - Web del Museo de Inform\u00e1tica 2.0\",\"isPartOf\":{\"@id\":\"https:\\\/\\\/museo.inf.upv.es\\\/#website\"},\"primaryImageOfPage\":{\"@id\":\"https:\\\/\\\/museo.inf.upv.es\\\/juega-con-microbit\\\/#primaryimage\"},\"image\":{\"@id\":\"https:\\\/\\\/museo.inf.upv.es\\\/juega-con-microbit\\\/#primaryimage\"},\"thumbnailUrl\":\"https:\\\/\\\/museoinf.webs.upv.es\\\/wp-content\\\/uploads\\\/2021\\\/05\\\/microbit-features-compass-2-350x300-1.png\",\"datePublished\":\"2021-05-11T08:10:57+00:00\",\"dateModified\":\"2021-05-28T14:14:08+00:00\",\"breadcrumb\":{\"@id\":\"https:\\\/\\\/museo.inf.upv.es\\\/juega-con-microbit\\\/#breadcrumb\"},\"inLanguage\":\"en-US\",\"potentialAction\":[{\"@type\":\"ReadAction\",\"target\":[\"https:\\\/\\\/museo.inf.upv.es\\\/juega-con-microbit\\\/\"]}]},{\"@type\":\"ImageObject\",\"inLanguage\":\"en-US\",\"@id\":\"https:\\\/\\\/museo.inf.upv.es\\\/juega-con-microbit\\\/#primaryimage\",\"url\":\"https:\\\/\\\/museoinf.webs.upv.es\\\/wp-content\\\/uploads\\\/2021\\\/05\\\/microbit-features-compass-2-350x300-1.png\",\"contentUrl\":\"https:\\\/\\\/museoinf.webs.upv.es\\\/wp-content\\\/uploads\\\/2021\\\/05\\\/microbit-features-compass-2-350x300-1.png\"},{\"@type\":\"BreadcrumbList\",\"@id\":\"https:\\\/\\\/museo.inf.upv.es\\\/juega-con-microbit\\\/#breadcrumb\",\"itemListElement\":[{\"@type\":\"ListItem\",\"position\":1,\"name\":\"Portada\",\"item\":\"https:\\\/\\\/museo.inf.upv.es\\\/\"},{\"@type\":\"ListItem\",\"position\":2,\"name\":\"Juega con micro:bit\"}]},{\"@type\":\"WebSite\",\"@id\":\"https:\\\/\\\/museo.inf.upv.es\\\/#website\",\"url\":\"https:\\\/\\\/museo.inf.upv.es\\\/\",\"name\":\"Web del Museo de Inform\u00e1tica 2.0\",\"description\":\"Web del Museo de Inform\u00e1tica 2.0\",\"potentialAction\":[{\"@type\":\"SearchAction\",\"target\":{\"@type\":\"EntryPoint\",\"urlTemplate\":\"https:\\\/\\\/museo.inf.upv.es\\\/?s={search_term_string}\"},\"query-input\":{\"@type\":\"PropertyValueSpecification\",\"valueRequired\":true,\"valueName\":\"search_term_string\"}}],\"inLanguage\":\"en-US\"}]}<\/script>\n<!-- \/ Yoast SEO plugin. -->","yoast_head_json":{"title":"Play with micro:bit - Web del Museo de Inform\u00e1tica 2.0","robots":{"index":"index","follow":"follow","max-snippet":"max-snippet:-1","max-image-preview":"max-image-preview:large","max-video-preview":"max-video-preview:-1"},"canonical":"https:\/\/museo.inf.upv.es\/juega-con-microbit\/","og_locale":"en_US","og_type":"article","og_title":"Play with micro:bit - Web del Museo de Inform\u00e1tica 2.0","og_description":"In this section of our website we recover the didactic material developed in the context of the Chair of Civic Technologies that was active in our University until 2019. This Chair objectives were to provide technological solutions to everyday problems using the micro:bit card, which allows to quantify, through sensors, various parameters of its physical [&hellip;]","og_url":"https:\/\/museo.inf.upv.es\/juega-con-microbit\/","og_site_name":"Web del Museo de Inform\u00e1tica 2.0","article_modified_time":"2021-05-28T14:14:08+00:00","og_image":[{"url":"https:\/\/museoinf.webs.upv.es\/wp-content\/uploads\/2021\/05\/microbit-features-compass-2-350x300-1.png","type":"","width":"","height":""}],"twitter_card":"summary_large_image","twitter_misc":{"Est. reading time":"4 minutes"},"schema":{"@context":"https:\/\/schema.org","@graph":[{"@type":"WebPage","@id":"https:\/\/museo.inf.upv.es\/juega-con-microbit\/","url":"https:\/\/museo.inf.upv.es\/juega-con-microbit\/","name":"Play with micro:bit - Web del Museo de Inform\u00e1tica 2.0","isPartOf":{"@id":"https:\/\/museo.inf.upv.es\/#website"},"primaryImageOfPage":{"@id":"https:\/\/museo.inf.upv.es\/juega-con-microbit\/#primaryimage"},"image":{"@id":"https:\/\/museo.inf.upv.es\/juega-con-microbit\/#primaryimage"},"thumbnailUrl":"https:\/\/museoinf.webs.upv.es\/wp-content\/uploads\/2021\/05\/microbit-features-compass-2-350x300-1.png","datePublished":"2021-05-11T08:10:57+00:00","dateModified":"2021-05-28T14:14:08+00:00","breadcrumb":{"@id":"https:\/\/museo.inf.upv.es\/juega-con-microbit\/#breadcrumb"},"inLanguage":"en-US","potentialAction":[{"@type":"ReadAction","target":["https:\/\/museo.inf.upv.es\/juega-con-microbit\/"]}]},{"@type":"ImageObject","inLanguage":"en-US","@id":"https:\/\/museo.inf.upv.es\/juega-con-microbit\/#primaryimage","url":"https:\/\/museoinf.webs.upv.es\/wp-content\/uploads\/2021\/05\/microbit-features-compass-2-350x300-1.png","contentUrl":"https:\/\/museoinf.webs.upv.es\/wp-content\/uploads\/2021\/05\/microbit-features-compass-2-350x300-1.png"},{"@type":"BreadcrumbList","@id":"https:\/\/museo.inf.upv.es\/juega-con-microbit\/#breadcrumb","itemListElement":[{"@type":"ListItem","position":1,"name":"Portada","item":"https:\/\/museo.inf.upv.es\/"},{"@type":"ListItem","position":2,"name":"Juega con micro:bit"}]},{"@type":"WebSite","@id":"https:\/\/museo.inf.upv.es\/#website","url":"https:\/\/museo.inf.upv.es\/","name":"Web del Museo de Inform\u00e1tica 2.0","description":"Web del Museo de Inform\u00e1tica 2.0","potentialAction":[{"@type":"SearchAction","target":{"@type":"EntryPoint","urlTemplate":"https:\/\/museo.inf.upv.es\/?s={search_term_string}"},"query-input":{"@type":"PropertyValueSpecification","valueRequired":true,"valueName":"search_term_string"}}],"inLanguage":"en-US"}]}},"_links":{"self":[{"href":"https:\/\/museo.inf.upv.es\/en\/wp-json\/wp\/v2\/pages\/4103","targetHints":{"allow":["GET"]}}],"collection":[{"href":"https:\/\/museo.inf.upv.es\/en\/wp-json\/wp\/v2\/pages"}],"about":[{"href":"https:\/\/museo.inf.upv.es\/en\/wp-json\/wp\/v2\/types\/page"}],"author":[{"embeddable":true,"href":"https:\/\/museo.inf.upv.es\/en\/wp-json\/wp\/v2\/users\/1"}],"replies":[{"embeddable":true,"href":"https:\/\/museo.inf.upv.es\/en\/wp-json\/wp\/v2\/comments?post=4103"}],"version-history":[{"count":96,"href":"https:\/\/museo.inf.upv.es\/en\/wp-json\/wp\/v2\/pages\/4103\/revisions"}],"predecessor-version":[{"id":7966,"href":"https:\/\/museo.inf.upv.es\/en\/wp-json\/wp\/v2\/pages\/4103\/revisions\/7966"}],"wp:attachment":[{"href":"https:\/\/museo.inf.upv.es\/en\/wp-json\/wp\/v2\/media?parent=4103"}],"curies":[{"name":"wp","href":"https:\/\/api.w.org\/{rel}","templated":true}]}}