{"id":6745,"date":"2021-05-23T18:56:06","date_gmt":"2021-05-23T18:56:06","guid":{"rendered":"https:\/\/museoupdating.webs.upv.es\/?page_id=6745"},"modified":"2021-05-23T19:39:20","modified_gmt":"2021-05-23T19:39:20","slug":"actividades-3","status":"publish","type":"page","link":"https:\/\/museo.inf.upv.es\/en\/actividades-3\/","title":{"rendered":"Activities"},"content":{"rendered":"\n<h2 class=\"wp-block-heading\">Visitas Guiadas<\/h2>\n\n\n<ul class=\"wp-block-latest-posts__list wp-block-latest-posts\"><li><div class=\"wp-block-latest-posts__featured-image aligncenter\"><img loading=\"lazy\" decoding=\"async\" width=\"300\" height=\"225\" src=\"https:\/\/museo.inf.upv.es\/wp-content\/uploads\/2021\/05\/VG-COLEGIO-RUZAFA-25-05-2018-13-300x225-1.jpg\" class=\"attachment-medium size-medium wp-post-image\" alt=\"\" style=\"\" \/><\/div><a class=\"wp-block-latest-posts__post-title\" href=\"https:\/\/museo.inf.upv.es\/en\/blog\/2021\/05\/21\/el-museo-de-informatica-por-dentro\/\">Insight to Informatics Museum<\/a><div class=\"wp-block-latest-posts__post-excerpt\">The best way to visit our facilities. The activity includes the projection of a ducumentary about the History of Informatics. After that a guided visit through all the permanent exhibition is made. During the visit you will be able to see all kind of computing devices, the milestones of personal computing and also a great\u2026 <a class=\"wp-block-latest-posts__read-more\" href=\"https:\/\/museo.inf.upv.es\/en\/blog\/2021\/05\/21\/el-museo-de-informatica-por-dentro\/\" rel=\"noopener noreferrer\">Read more<span class=\"screen-reader-text\">: Insight to Informatics Museum<\/span><\/a><\/div><\/li>\n<\/ul>\n\n\n<h2 class=\"wp-block-heading\">La Inform\u00e1tica Vintage<\/h2>\n\n\n<ul class=\"wp-block-latest-posts__list alignleft wp-block-latest-posts\"><li><div class=\"wp-block-latest-posts__featured-image aligncenter\"><img loading=\"lazy\" decoding=\"async\" width=\"300\" height=\"169\" src=\"https:\/\/museo.inf.upv.es\/wp-content\/uploads\/2021\/05\/TR-COLEGIO-DIOCESANO-SAN-JUAN-BOSCO-07-05-2018-5-720x406-1-300x169.jpg\" class=\"attachment-medium size-medium wp-post-image\" alt=\"\" style=\"\" srcset=\"https:\/\/museo.inf.upv.es\/wp-content\/uploads\/2021\/05\/TR-COLEGIO-DIOCESANO-SAN-JUAN-BOSCO-07-05-2018-5-720x406-1-300x169.jpg 300w, https:\/\/museo.inf.upv.es\/wp-content\/uploads\/2021\/05\/TR-COLEGIO-DIOCESANO-SAN-JUAN-BOSCO-07-05-2018-5-720x406-1.jpg 720w\" sizes=\"auto, (max-width: 300px) 100vw, 300px\" \/><\/div><a class=\"wp-block-latest-posts__post-title\" href=\"https:\/\/museo.inf.upv.es\/en\/blog\/2021\/05\/23\/taller-de-retroinformatica\/\">Retroinformatics Workshop<\/a><div class=\"wp-block-latest-posts__post-excerpt\">This activity takes the visitor into the world and uses of informatics of the first home computers. We use Amstrad microcomputers from the decade of 1980s to study little BASIC written programs and play some vintage videogames. Due to the material, the museum staff recalls teachers and visitors to be responsible and careful when\u2026 <a class=\"wp-block-latest-posts__read-more\" href=\"https:\/\/museo.inf.upv.es\/en\/blog\/2021\/05\/23\/taller-de-retroinformatica\/\" rel=\"noopener noreferrer\">Read more<span class=\"screen-reader-text\">: Retroinformatics Workshop<\/span><\/a><\/div><\/li>\n<\/ul>\n\n\n<p><\/p>\n\n\n\n<h2 class=\"wp-block-heading\">Talleres de Programaci\u00f3n<\/h2>\n\n\n<ul class=\"wp-block-latest-posts__list alignleft wp-block-latest-posts\"><li><div class=\"wp-block-latest-posts__featured-image aligncenter\"><img loading=\"lazy\" decoding=\"async\" width=\"300\" height=\"195\" src=\"https:\/\/museo.inf.upv.es\/wp-content\/uploads\/2021\/05\/scratch-howilearnedcode-1-300x195.jpg\" class=\"attachment-medium size-medium wp-post-image\" alt=\"\" style=\"\" srcset=\"https:\/\/museo.inf.upv.es\/wp-content\/uploads\/2021\/05\/scratch-howilearnedcode-1-300x195.jpg 300w, https:\/\/museo.inf.upv.es\/wp-content\/uploads\/2021\/05\/scratch-howilearnedcode-1.jpg 530w\" sizes=\"auto, (max-width: 300px) 100vw, 300px\" \/><\/div><a class=\"wp-block-latest-posts__post-title\" href=\"https:\/\/museo.inf.upv.es\/en\/blog\/2021\/05\/23\/taller-de-programacion-basica-con-scratch\/\">Basic Programming Workshop using Scratch<\/a><div class=\"wp-block-latest-posts__post-excerpt\">In this activity we teach programming by means of the design and conception of a videogame, just as a computer engineer will do it, applying computational thinking. To participate in this activity there is no need to have previous knowledge on programming skills nor using Scratch. This activity is prepared for those programming beginners.<\/div><\/li>\n<li><div class=\"wp-block-latest-posts__featured-image aligncenter\"><img loading=\"lazy\" decoding=\"async\" width=\"300\" height=\"253\" src=\"https:\/\/museo.inf.upv.es\/wp-content\/uploads\/2021\/05\/scratch-header-300x253.png\" class=\"attachment-medium size-medium wp-post-image\" alt=\"\" style=\"\" srcset=\"https:\/\/museo.inf.upv.es\/wp-content\/uploads\/2021\/05\/scratch-header-300x253.png 300w, https:\/\/museo.inf.upv.es\/wp-content\/uploads\/2021\/05\/scratch-header.png 594w\" sizes=\"auto, (max-width: 300px) 100vw, 300px\" \/><\/div><a class=\"wp-block-latest-posts__post-title\" href=\"https:\/\/museo.inf.upv.es\/en\/blog\/2021\/05\/23\/taller-de-programacion-fisica-con-scratch-y-picoboard\/\">Physical programming workshop using Scratch and Picoboard<\/a><div class=\"wp-block-latest-posts__post-excerpt\">This workshop combines Scratch programming and physical world interactions through the Picoboard sensor board. Visitors will have fun by designing and programming video games in which sliders, buttons and light and noise detectors take part. This workshop is recommended for those with basic programming skills who want to involve their programs with real world physical\u2026 <a class=\"wp-block-latest-posts__read-more\" href=\"https:\/\/museo.inf.upv.es\/en\/blog\/2021\/05\/23\/taller-de-programacion-fisica-con-scratch-y-picoboard\/\" rel=\"noopener noreferrer\">Read more<span class=\"screen-reader-text\">: Physical programming workshop using Scratch and Picoboard<\/span><\/a><\/div><\/li>\n<\/ul>\n\n\n<p><\/p>\n\n\n\n<h2 class=\"wp-block-heading\">Talleres de criptograf\u00eda y criptoan\u00e1lisis<\/h2>\n\n\n<ul class=\"wp-block-latest-posts__list wp-block-latest-posts\"><li><div class=\"wp-block-latest-posts__featured-image aligncenter\"><img loading=\"lazy\" decoding=\"async\" width=\"300\" height=\"225\" src=\"https:\/\/museo.inf.upv.es\/wp-content\/uploads\/2021\/05\/IMG_3887-300x225-1.jpg\" class=\"attachment-medium size-medium wp-post-image\" alt=\"\" style=\"\" \/><\/div><a class=\"wp-block-latest-posts__post-title\" href=\"https:\/\/museo.inf.upv.es\/en\/blog\/2021\/05\/23\/taller-de-criptografia-clasica\/\">Classic Cryptography workshop<\/a><div class=\"wp-block-latest-posts__post-excerpt\">In this workshop we teach, in a fully practical way, some of the most known methods in message encryption. In addition, we introduce the mathematical basis of cryptoanalysis. This workshop is recommended for those looking forward to introduce themselves into the cryptography world.<\/div><\/li>\n<li><div class=\"wp-block-latest-posts__featured-image aligncenter\"><img loading=\"lazy\" decoding=\"async\" width=\"300\" height=\"169\" src=\"https:\/\/museo.inf.upv.es\/wp-content\/uploads\/2021\/05\/descarga-720x406-1-300x169.jpg\" class=\"attachment-medium size-medium wp-post-image\" alt=\"\" style=\"\" srcset=\"https:\/\/museo.inf.upv.es\/wp-content\/uploads\/2021\/05\/descarga-720x406-1-300x169.jpg 300w, https:\/\/museo.inf.upv.es\/wp-content\/uploads\/2021\/05\/descarga-720x406-1.jpg 720w\" sizes=\"auto, (max-width: 300px) 100vw, 300px\" \/><\/div><a class=\"wp-block-latest-posts__post-title\" href=\"https:\/\/museo.inf.upv.es\/en\/blog\/2021\/05\/23\/alan-turing-y-la-maquina-enigma\/\">Alan Turing and the Enigma Machine<\/a><div class=\"wp-block-latest-posts__post-excerpt\">Know all the aspects of the life and work of the british mathematician Alan Turing, one of the fathers of informatics. This workshop focuses in the Alan Turing\u2019s role during WWII as a cryptoanalist of the encrypted messages of the German Force. Visitors will act as cryptonanalysts and will know how Enigma Machine worked as\u2026 <a class=\"wp-block-latest-posts__read-more\" href=\"https:\/\/museo.inf.upv.es\/en\/blog\/2021\/05\/23\/alan-turing-y-la-maquina-enigma\/\" rel=\"noopener noreferrer\">Read more<span class=\"screen-reader-text\">: Alan Turing and the Enigma Machine<\/span><\/a><\/div><\/li>\n<li><div class=\"wp-block-latest-posts__featured-image aligncenter\"><img loading=\"lazy\" decoding=\"async\" width=\"300\" height=\"225\" src=\"https:\/\/museo.inf.upv.es\/wp-content\/uploads\/2021\/05\/NSA-Crypto-Backdoor-1024x768-300x225-1.jpg\" class=\"attachment-medium size-medium wp-post-image\" alt=\"\" style=\"\" \/><\/div><a class=\"wp-block-latest-posts__post-title\" href=\"https:\/\/museo.inf.upv.es\/en\/blog\/2021\/05\/23\/el-origen-de-la-criptografia-de-clave-publica\/\">The origin of Public-key Cryptography<\/a><div class=\"wp-block-latest-posts__post-excerpt\">This workshop shows the mathematic foundation of the asymmetric cyphering systems used in nowadays computers. Through some practical activities we will explain differences between public and private key, Kerckhoffs\u2019 principle, Diffie-Hellman algorithm and we will try to break them. This workshop requires the visitors to have some mathematical concepts clear (factorisation, prime numbers), so it\u2026 <a class=\"wp-block-latest-posts__read-more\" href=\"https:\/\/museo.inf.upv.es\/en\/blog\/2021\/05\/23\/el-origen-de-la-criptografia-de-clave-publica\/\" rel=\"noopener noreferrer\">Read more<span class=\"screen-reader-text\">: The origin of Public-key Cryptography<\/span><\/a><\/div><\/li>\n<\/ul>","protected":false},"excerpt":{"rendered":"<p>Visitas Guiadas La Inform\u00e1tica Vintage Talleres de Programaci\u00f3n Talleres de criptograf\u00eda y criptoan\u00e1lisis<\/p>\n","protected":false},"author":1,"featured_media":0,"parent":0,"menu_order":0,"comment_status":"closed","ping_status":"closed","template":"","meta":{"_monsterinsights_skip_tracking":false,"_monsterinsights_sitenote_active":false,"_monsterinsights_sitenote_note":"","_monsterinsights_sitenote_category":0,"footnotes":""},"class_list":["post-6745","page","type-page","status-publish","hentry","post"],"yoast_head":"<!-- This site is optimized with the Yoast SEO plugin v27.3 - https:\/\/yoast.com\/product\/yoast-seo-wordpress\/ -->\n<title>Activities - Web del Museo de Inform\u00e1tica 2.0<\/title>\n<meta name=\"robots\" content=\"index, follow, max-snippet:-1, max-image-preview:large, max-video-preview:-1\" \/>\n<link rel=\"canonical\" href=\"https:\/\/museo.inf.upv.es\/actividades-3\/\" \/>\n<meta property=\"og:locale\" content=\"en_US\" \/>\n<meta property=\"og:type\" content=\"article\" \/>\n<meta property=\"og:title\" content=\"Activities - Web del Museo de Inform\u00e1tica 2.0\" \/>\n<meta property=\"og:description\" content=\"Visitas Guiadas La Inform\u00e1tica Vintage Talleres de Programaci\u00f3n Talleres de criptograf\u00eda y criptoan\u00e1lisis\" \/>\n<meta property=\"og:url\" content=\"https:\/\/museo.inf.upv.es\/actividades-3\/\" \/>\n<meta property=\"og:site_name\" content=\"Web del Museo de Inform\u00e1tica 2.0\" \/>\n<meta property=\"article:modified_time\" content=\"2021-05-23T19:39:20+00:00\" \/>\n<meta name=\"twitter:card\" content=\"summary_large_image\" \/>\n<meta name=\"twitter:label1\" content=\"Est. reading time\" \/>\n\t<meta name=\"twitter:data1\" content=\"1 minute\" \/>\n<script type=\"application\/ld+json\" class=\"yoast-schema-graph\">{\"@context\":\"https:\\\/\\\/schema.org\",\"@graph\":[{\"@type\":\"WebPage\",\"@id\":\"https:\\\/\\\/museo.inf.upv.es\\\/actividades-3\\\/\",\"url\":\"https:\\\/\\\/museo.inf.upv.es\\\/actividades-3\\\/\",\"name\":\"Activities - Web del Museo de Inform\u00e1tica 2.0\",\"isPartOf\":{\"@id\":\"https:\\\/\\\/museo.inf.upv.es\\\/#website\"},\"datePublished\":\"2021-05-23T18:56:06+00:00\",\"dateModified\":\"2021-05-23T19:39:20+00:00\",\"breadcrumb\":{\"@id\":\"https:\\\/\\\/museo.inf.upv.es\\\/actividades-3\\\/#breadcrumb\"},\"inLanguage\":\"en-US\",\"potentialAction\":[{\"@type\":\"ReadAction\",\"target\":[\"https:\\\/\\\/museo.inf.upv.es\\\/actividades-3\\\/\"]}]},{\"@type\":\"BreadcrumbList\",\"@id\":\"https:\\\/\\\/museo.inf.upv.es\\\/actividades-3\\\/#breadcrumb\",\"itemListElement\":[{\"@type\":\"ListItem\",\"position\":1,\"name\":\"Portada\",\"item\":\"https:\\\/\\\/museo.inf.upv.es\\\/\"},{\"@type\":\"ListItem\",\"position\":2,\"name\":\"Actividades\"}]},{\"@type\":\"WebSite\",\"@id\":\"https:\\\/\\\/museo.inf.upv.es\\\/#website\",\"url\":\"https:\\\/\\\/museo.inf.upv.es\\\/\",\"name\":\"Web del Museo de Inform\u00e1tica 2.0\",\"description\":\"Web del Museo de Inform\u00e1tica 2.0\",\"potentialAction\":[{\"@type\":\"SearchAction\",\"target\":{\"@type\":\"EntryPoint\",\"urlTemplate\":\"https:\\\/\\\/museo.inf.upv.es\\\/?s={search_term_string}\"},\"query-input\":{\"@type\":\"PropertyValueSpecification\",\"valueRequired\":true,\"valueName\":\"search_term_string\"}}],\"inLanguage\":\"en-US\"}]}<\/script>\n<!-- \/ Yoast SEO plugin. -->","yoast_head_json":{"title":"Activities - Web del Museo de Inform\u00e1tica 2.0","robots":{"index":"index","follow":"follow","max-snippet":"max-snippet:-1","max-image-preview":"max-image-preview:large","max-video-preview":"max-video-preview:-1"},"canonical":"https:\/\/museo.inf.upv.es\/actividades-3\/","og_locale":"en_US","og_type":"article","og_title":"Activities - Web del Museo de Inform\u00e1tica 2.0","og_description":"Visitas Guiadas La Inform\u00e1tica Vintage Talleres de Programaci\u00f3n Talleres de criptograf\u00eda y criptoan\u00e1lisis","og_url":"https:\/\/museo.inf.upv.es\/actividades-3\/","og_site_name":"Web del Museo de Inform\u00e1tica 2.0","article_modified_time":"2021-05-23T19:39:20+00:00","twitter_card":"summary_large_image","twitter_misc":{"Est. reading time":"1 minute"},"schema":{"@context":"https:\/\/schema.org","@graph":[{"@type":"WebPage","@id":"https:\/\/museo.inf.upv.es\/actividades-3\/","url":"https:\/\/museo.inf.upv.es\/actividades-3\/","name":"Activities - Web del Museo de Inform\u00e1tica 2.0","isPartOf":{"@id":"https:\/\/museo.inf.upv.es\/#website"},"datePublished":"2021-05-23T18:56:06+00:00","dateModified":"2021-05-23T19:39:20+00:00","breadcrumb":{"@id":"https:\/\/museo.inf.upv.es\/actividades-3\/#breadcrumb"},"inLanguage":"en-US","potentialAction":[{"@type":"ReadAction","target":["https:\/\/museo.inf.upv.es\/actividades-3\/"]}]},{"@type":"BreadcrumbList","@id":"https:\/\/museo.inf.upv.es\/actividades-3\/#breadcrumb","itemListElement":[{"@type":"ListItem","position":1,"name":"Portada","item":"https:\/\/museo.inf.upv.es\/"},{"@type":"ListItem","position":2,"name":"Actividades"}]},{"@type":"WebSite","@id":"https:\/\/museo.inf.upv.es\/#website","url":"https:\/\/museo.inf.upv.es\/","name":"Web del Museo de Inform\u00e1tica 2.0","description":"Web del Museo de Inform\u00e1tica 2.0","potentialAction":[{"@type":"SearchAction","target":{"@type":"EntryPoint","urlTemplate":"https:\/\/museo.inf.upv.es\/?s={search_term_string}"},"query-input":{"@type":"PropertyValueSpecification","valueRequired":true,"valueName":"search_term_string"}}],"inLanguage":"en-US"}]}},"_links":{"self":[{"href":"https:\/\/museo.inf.upv.es\/en\/wp-json\/wp\/v2\/pages\/6745","targetHints":{"allow":["GET"]}}],"collection":[{"href":"https:\/\/museo.inf.upv.es\/en\/wp-json\/wp\/v2\/pages"}],"about":[{"href":"https:\/\/museo.inf.upv.es\/en\/wp-json\/wp\/v2\/types\/page"}],"author":[{"embeddable":true,"href":"https:\/\/museo.inf.upv.es\/en\/wp-json\/wp\/v2\/users\/1"}],"replies":[{"embeddable":true,"href":"https:\/\/museo.inf.upv.es\/en\/wp-json\/wp\/v2\/comments?post=6745"}],"version-history":[{"count":31,"href":"https:\/\/museo.inf.upv.es\/en\/wp-json\/wp\/v2\/pages\/6745\/revisions"}],"predecessor-version":[{"id":6837,"href":"https:\/\/museo.inf.upv.es\/en\/wp-json\/wp\/v2\/pages\/6745\/revisions\/6837"}],"wp:attachment":[{"href":"https:\/\/museo.inf.upv.es\/en\/wp-json\/wp\/v2\/media?parent=6745"}],"curies":[{"name":"wp","href":"https:\/\/api.w.org\/{rel}","templated":true}]}}