{"id":7365,"date":"2012-11-12T12:47:25","date_gmt":"2012-11-12T12:47:25","guid":{"rendered":"http:\/\/museo.inf.upv.es\/?page_id=51"},"modified":"2021-05-25T15:14:35","modified_gmt":"2021-05-25T15:14:35","slug":"actividades-pedagogicas","status":"publish","type":"page","link":"https:\/\/museo.inf.upv.es\/en\/actividades-pedagogicas\/","title":{"rendered":"Didactics"},"content":{"rendered":"<p style=\"text-align: justify;\"><a href=\"https:\/\/museoinf.webs.upv.es\/te-lo-sabes\/\"><img loading=\"lazy\" decoding=\"async\" class=\"alignright wp-image-1698\" src=\"https:\/\/museoinf.webs.upv.es\/wp-content\/uploads\/2012\/11\/telosabes.jpg\" alt=\"telosabes\" width=\"252\" height=\"227\" \/><\/a><\/p>\n<p style=\"text-align: justify;\">We are sure you used it before but, can you tell what a <em>captcha<\/em> is and what is behind its design? What would you think if you saw a fly stuck with a tape to a Programming notebook? Do you still think the Internet has always existed? Come and work in our <strong>educational activities<\/strong>. You could make the most of the visit and you will have more knowledge of the past, present and future of computing.<\/p>\n<p style=\"text-align: justify;\">The educational activities of the Museum can be made by <strong>any type of public<\/strong>. You can make it either <strong>individually<\/strong> or in a <strong>group<\/strong>. Moreover, we have taken into account that students from <strong>ESO and training cycles<\/strong> could do them so they can be used by their teachers.<\/p>\n<p style=\"text-align: justify;\">These activities deal with <strong>concepts<\/strong> related with the <strong>development of computing<\/strong> and the <strong>relationship between computing and society<\/strong>. The activities are thought to be made in two specific times. First, <strong>before<\/strong> the visit so you will get familiar with the context and terminology of Computing. Second, <strong>after<\/strong> the visit so you can reflect on the experience and the knowledge acquired in the Museum.<\/p>\n<table style=\"border: 0px;\" border=\"0\" width=\"200\">\n<tbody>\n<tr>\n<td style=\"border: 0px; height: 300px;\">\n<div class=\"fluid-width-video-wrapper\" style=\"height: 350px; width: 375px;\"><iframe loading=\"lazy\" src=\"\/\/www.youtube.com\/embed\/svV6_nZYYyM?rel=0\" width=\"560\" height=\"315\" frameborder=\"0\" allowfullscreen=\"allowfullscreen\"><\/iframe><\/div>\n<\/td>\n<td style=\"vertical-align: middle; border: 0px; text-align: left;\">\n<blockquote>\n<p style=\"text-align: left;\">\u00bfQu\u00e9 es la inform\u00e1tica? \u00bfC\u00f3mo puede ayudar a la sociedad? M\u00e1s videos sobre la ingenier\u00eda inform\u00e1tica desde el <a href=\"https:\/\/www.youtube.com\/channel\/UChmPLg766QD2y22BD-cRUYA\" target=\"_blank\" rel=\"noopener\">canal de YouTube de la CODDII<\/a><\/p>\n<\/blockquote>\n<\/td>\n<\/tr>\n<\/tbody>\n<\/table>\n<p>You can\u00a0<a title=\"actividades\" href=\"https:\/\/museoinf.webs.upv.es\/wp-content\/uploads\/2012\/11\/Actividades-educativas-del-Museo-de-Inform\u00e1tica.pdf\">download<\/a> our activities or you can access here on the website:<\/p>\n<ul>\n<li><a title=\"\u00bfTe lo sabes?\" href=\"https:\/\/museoinf.webs.upv.es\/te-lo-sabes\/\">\u00bfTe lo sabes?<\/a><\/li>\n<li><a href=\"https:\/\/museoinf.webs.upv.es\/actividades-pedagogicas\/antes-de-la-visita\/\">Actividades antes de la visita<\/a><\/li>\n<li><a href=\"https:\/\/museoinf.webs.upv.es\/actividades-pedagogicas\/despues-de-la-visita\/\">Actividades despu\u00e9s de la visita<\/a><\/li>\n<\/ul>\n<p><\/p>","protected":false},"excerpt":{"rendered":"<p>We are sure you used it before but, can you tell what a captcha is and what is behind its design? What would you think if you saw a fly stuck with a tape to a Programming notebook? Do you still think the Internet has always existed? Come and work in our educational activities. You [&hellip;]<\/p>\n","protected":false},"author":1,"featured_media":0,"parent":0,"menu_order":30,"comment_status":"closed","ping_status":"closed","template":"","meta":{"_monsterinsights_skip_tracking":false,"_monsterinsights_sitenote_active":false,"_monsterinsights_sitenote_note":"","_monsterinsights_sitenote_category":0,"footnotes":""},"class_list":["post-7365","page","type-page","status-publish","hentry","post"],"yoast_head":"<!-- This site is optimized with the Yoast SEO plugin v27.4 - https:\/\/yoast.com\/product\/yoast-seo-wordpress\/ -->\n<title>Didactics - Web del Museo de Inform\u00e1tica 2.0<\/title>\n<meta name=\"robots\" content=\"index, follow, max-snippet:-1, max-image-preview:large, max-video-preview:-1\" \/>\n<link rel=\"canonical\" href=\"https:\/\/museo.inf.upv.es\/en\/actividades-pedagogicas\/\" \/>\n<meta property=\"og:locale\" content=\"en_US\" \/>\n<meta property=\"og:type\" content=\"article\" \/>\n<meta property=\"og:title\" content=\"Didactics - Web del Museo de Inform\u00e1tica 2.0\" \/>\n<meta property=\"og:description\" content=\"We are sure you used it before but, can you tell what a captcha is and what is behind its design? What would you think if you saw a fly stuck with a tape to a Programming notebook? Do you still think the Internet has always existed? Come and work in our educational activities. You [&hellip;]\" \/>\n<meta property=\"og:url\" content=\"https:\/\/museo.inf.upv.es\/en\/actividades-pedagogicas\/\" \/>\n<meta property=\"og:site_name\" content=\"Web del Museo de Inform\u00e1tica 2.0\" \/>\n<meta property=\"article:modified_time\" content=\"2021-05-25T15:14:35+00:00\" \/>\n<meta property=\"og:image\" content=\"https:\/\/museoinf.webs.upv.es\/wp-content\/uploads\/2012\/11\/telosabes.jpg\" \/>\n<meta name=\"twitter:card\" content=\"summary_large_image\" \/>\n<meta name=\"twitter:label1\" content=\"Est. reading time\" \/>\n\t<meta name=\"twitter:data1\" content=\"6 minutes\" \/>\n<script type=\"application\/ld+json\" class=\"yoast-schema-graph\">{\"@context\":\"https:\\\/\\\/schema.org\",\"@graph\":[{\"@type\":\"WebPage\",\"@id\":\"https:\\\/\\\/museo.inf.upv.es\\\/en\\\/actividades-pedagogicas\\\/\",\"url\":\"https:\\\/\\\/museo.inf.upv.es\\\/en\\\/actividades-pedagogicas\\\/\",\"name\":\"Didactics - Web del Museo de Inform\u00e1tica 2.0\",\"isPartOf\":{\"@id\":\"https:\\\/\\\/museo.inf.upv.es\\\/#website\"},\"primaryImageOfPage\":{\"@id\":\"https:\\\/\\\/museo.inf.upv.es\\\/en\\\/actividades-pedagogicas\\\/#primaryimage\"},\"image\":{\"@id\":\"https:\\\/\\\/museo.inf.upv.es\\\/en\\\/actividades-pedagogicas\\\/#primaryimage\"},\"thumbnailUrl\":\"https:\\\/\\\/museoinf.webs.upv.es\\\/wp-content\\\/uploads\\\/2012\\\/11\\\/telosabes.jpg\",\"datePublished\":\"2012-11-12T12:47:25+00:00\",\"dateModified\":\"2021-05-25T15:14:35+00:00\",\"breadcrumb\":{\"@id\":\"https:\\\/\\\/museo.inf.upv.es\\\/en\\\/actividades-pedagogicas\\\/#breadcrumb\"},\"inLanguage\":\"en-US\",\"potentialAction\":[{\"@type\":\"ReadAction\",\"target\":[\"https:\\\/\\\/museo.inf.upv.es\\\/en\\\/actividades-pedagogicas\\\/\"]}]},{\"@type\":\"ImageObject\",\"inLanguage\":\"en-US\",\"@id\":\"https:\\\/\\\/museo.inf.upv.es\\\/en\\\/actividades-pedagogicas\\\/#primaryimage\",\"url\":\"https:\\\/\\\/museoinf.webs.upv.es\\\/wp-content\\\/uploads\\\/2012\\\/11\\\/telosabes.jpg\",\"contentUrl\":\"https:\\\/\\\/museoinf.webs.upv.es\\\/wp-content\\\/uploads\\\/2012\\\/11\\\/telosabes.jpg\"},{\"@type\":\"BreadcrumbList\",\"@id\":\"https:\\\/\\\/museo.inf.upv.es\\\/en\\\/actividades-pedagogicas\\\/#breadcrumb\",\"itemListElement\":[{\"@type\":\"ListItem\",\"position\":1,\"name\":\"Portada\",\"item\":\"https:\\\/\\\/museo.inf.upv.es\\\/\"},{\"@type\":\"ListItem\",\"position\":2,\"name\":\"Didactics\"}]},{\"@type\":\"WebSite\",\"@id\":\"https:\\\/\\\/museo.inf.upv.es\\\/#website\",\"url\":\"https:\\\/\\\/museo.inf.upv.es\\\/\",\"name\":\"Web del Museo de Inform\u00e1tica 2.0\",\"description\":\"Web del Museo de Inform\u00e1tica 2.0\",\"potentialAction\":[{\"@type\":\"SearchAction\",\"target\":{\"@type\":\"EntryPoint\",\"urlTemplate\":\"https:\\\/\\\/museo.inf.upv.es\\\/?s={search_term_string}\"},\"query-input\":{\"@type\":\"PropertyValueSpecification\",\"valueRequired\":true,\"valueName\":\"search_term_string\"}}],\"inLanguage\":\"en-US\"}]}<\/script>\n<!-- \/ Yoast SEO plugin. -->","yoast_head_json":{"title":"Didactics - Web del Museo de Inform\u00e1tica 2.0","robots":{"index":"index","follow":"follow","max-snippet":"max-snippet:-1","max-image-preview":"max-image-preview:large","max-video-preview":"max-video-preview:-1"},"canonical":"https:\/\/museo.inf.upv.es\/en\/actividades-pedagogicas\/","og_locale":"en_US","og_type":"article","og_title":"Didactics - Web del Museo de Inform\u00e1tica 2.0","og_description":"We are sure you used it before but, can you tell what a captcha is and what is behind its design? What would you think if you saw a fly stuck with a tape to a Programming notebook? Do you still think the Internet has always existed? Come and work in our educational activities. You [&hellip;]","og_url":"https:\/\/museo.inf.upv.es\/en\/actividades-pedagogicas\/","og_site_name":"Web del Museo de Inform\u00e1tica 2.0","article_modified_time":"2021-05-25T15:14:35+00:00","og_image":[{"url":"https:\/\/museoinf.webs.upv.es\/wp-content\/uploads\/2012\/11\/telosabes.jpg","type":"","width":"","height":""}],"twitter_card":"summary_large_image","twitter_misc":{"Est. reading time":"6 minutes"},"schema":{"@context":"https:\/\/schema.org","@graph":[{"@type":"WebPage","@id":"https:\/\/museo.inf.upv.es\/en\/actividades-pedagogicas\/","url":"https:\/\/museo.inf.upv.es\/en\/actividades-pedagogicas\/","name":"Didactics - Web del Museo de Inform\u00e1tica 2.0","isPartOf":{"@id":"https:\/\/museo.inf.upv.es\/#website"},"primaryImageOfPage":{"@id":"https:\/\/museo.inf.upv.es\/en\/actividades-pedagogicas\/#primaryimage"},"image":{"@id":"https:\/\/museo.inf.upv.es\/en\/actividades-pedagogicas\/#primaryimage"},"thumbnailUrl":"https:\/\/museoinf.webs.upv.es\/wp-content\/uploads\/2012\/11\/telosabes.jpg","datePublished":"2012-11-12T12:47:25+00:00","dateModified":"2021-05-25T15:14:35+00:00","breadcrumb":{"@id":"https:\/\/museo.inf.upv.es\/en\/actividades-pedagogicas\/#breadcrumb"},"inLanguage":"en-US","potentialAction":[{"@type":"ReadAction","target":["https:\/\/museo.inf.upv.es\/en\/actividades-pedagogicas\/"]}]},{"@type":"ImageObject","inLanguage":"en-US","@id":"https:\/\/museo.inf.upv.es\/en\/actividades-pedagogicas\/#primaryimage","url":"https:\/\/museoinf.webs.upv.es\/wp-content\/uploads\/2012\/11\/telosabes.jpg","contentUrl":"https:\/\/museoinf.webs.upv.es\/wp-content\/uploads\/2012\/11\/telosabes.jpg"},{"@type":"BreadcrumbList","@id":"https:\/\/museo.inf.upv.es\/en\/actividades-pedagogicas\/#breadcrumb","itemListElement":[{"@type":"ListItem","position":1,"name":"Portada","item":"https:\/\/museo.inf.upv.es\/"},{"@type":"ListItem","position":2,"name":"Didactics"}]},{"@type":"WebSite","@id":"https:\/\/museo.inf.upv.es\/#website","url":"https:\/\/museo.inf.upv.es\/","name":"Web del Museo de Inform\u00e1tica 2.0","description":"Web del Museo de Inform\u00e1tica 2.0","potentialAction":[{"@type":"SearchAction","target":{"@type":"EntryPoint","urlTemplate":"https:\/\/museo.inf.upv.es\/?s={search_term_string}"},"query-input":{"@type":"PropertyValueSpecification","valueRequired":true,"valueName":"search_term_string"}}],"inLanguage":"en-US"}]}},"_links":{"self":[{"href":"https:\/\/museo.inf.upv.es\/en\/wp-json\/wp\/v2\/pages\/7365","targetHints":{"allow":["GET"]}}],"collection":[{"href":"https:\/\/museo.inf.upv.es\/en\/wp-json\/wp\/v2\/pages"}],"about":[{"href":"https:\/\/museo.inf.upv.es\/en\/wp-json\/wp\/v2\/types\/page"}],"author":[{"embeddable":true,"href":"https:\/\/museo.inf.upv.es\/en\/wp-json\/wp\/v2\/users\/1"}],"replies":[{"embeddable":true,"href":"https:\/\/museo.inf.upv.es\/en\/wp-json\/wp\/v2\/comments?post=7365"}],"version-history":[{"count":41,"href":"https:\/\/museo.inf.upv.es\/en\/wp-json\/wp\/v2\/pages\/7365\/revisions"}],"predecessor-version":[{"id":7446,"href":"https:\/\/museo.inf.upv.es\/en\/wp-json\/wp\/v2\/pages\/7365\/revisions\/7446"}],"wp:attachment":[{"href":"https:\/\/museo.inf.upv.es\/en\/wp-json\/wp\/v2\/media?parent=7365"}],"curies":[{"name":"wp","href":"https:\/\/api.w.org\/{rel}","templated":true}]}}