{"id":7876,"date":"2021-05-28T08:40:05","date_gmt":"2021-05-28T08:40:05","guid":{"rendered":"https:\/\/museoupdating.webs.upv.es\/?page_id=7876"},"modified":"2026-03-02T15:43:35","modified_gmt":"2026-03-02T15:43:35","slug":"retropolis-valencia","status":"publish","type":"page","link":"https:\/\/museo.inf.upv.es\/en\/retropolis-valencia\/","title":{"rendered":"Retr\u00f3polis Valencia"},"content":{"rendered":"<ul class=\"wp-block-social-links aligncenter has-icon-color is-style-logos-only is-layout-flex wp-block-social-links-is-layout-flex\"><li style=\"color:#d1005d;\" class=\"wp-social-link wp-social-link-twitter  wp-block-social-link\"><a href=\"https:\/\/twitter.com\/retropolisvlc\" class=\"wp-block-social-link-anchor\"><svg width=\"24\" height=\"24\" viewBox=\"0 0 24 24\" version=\"1.1\" xmlns=\"http:\/\/www.w3.org\/2000\/svg\" aria-hidden=\"true\" focusable=\"false\"><path d=\"M22.23,5.924c-0.736,0.326-1.527,0.547-2.357,0.646c0.847-0.508,1.498-1.312,1.804-2.27 c-0.793,0.47-1.671,0.812-2.606,0.996C18.324,4.498,17.257,4,16.077,4c-2.266,0-4.103,1.837-4.103,4.103 c0,0.322,0.036,0.635,0.106,0.935C8.67,8.867,5.647,7.234,3.623,4.751C3.27,5.357,3.067,6.062,3.067,6.814 c0,1.424,0.724,2.679,1.825,3.415c-0.673-0.021-1.305-0.206-1.859-0.513c0,0.017,0,0.034,0,0.052c0,1.988,1.414,3.647,3.292,4.023 c-0.344,0.094-0.707,0.144-1.081,0.144c-0.264,0-0.521-0.026-0.772-0.074c0.522,1.63,2.038,2.816,3.833,2.85 c-1.404,1.1-3.174,1.756-5.096,1.756c-0.331,0-0.658-0.019-0.979-0.057c1.816,1.164,3.973,1.843,6.29,1.843 c7.547,0,11.675-6.252,11.675-11.675c0-0.178-0.004-0.355-0.012-0.531C20.985,7.47,21.68,6.747,22.23,5.924z\"><\/path><\/svg><span class=\"wp-block-social-link-label screen-reader-text\">Twitter<\/span><\/a><\/li>\n\n<li style=\"color:#d1005d;\" class=\"wp-social-link wp-social-link-facebook  wp-block-social-link\"><a href=\"https:\/\/www.facebook.com\/retropolisvlc\" class=\"wp-block-social-link-anchor\"><svg width=\"24\" height=\"24\" viewBox=\"0 0 24 24\" version=\"1.1\" xmlns=\"http:\/\/www.w3.org\/2000\/svg\" aria-hidden=\"true\" focusable=\"false\"><path d=\"M12 2C6.5 2 2 6.5 2 12c0 5 3.7 9.1 8.4 9.9v-7H7.9V12h2.5V9.8c0-2.5 1.5-3.9 3.8-3.9 1.1 0 2.2.2 2.2.2v2.5h-1.3c-1.2 0-1.6.8-1.6 1.6V12h2.8l-.4 2.9h-2.3v7C18.3 21.1 22 17 22 12c0-5.5-4.5-10-10-10z\"><\/path><\/svg><span class=\"wp-block-social-link-label screen-reader-text\">Facebook<\/span><\/a><\/li>\n\n<li style=\"color:#d1005d;\" class=\"wp-social-link wp-social-link-mail  wp-block-social-link\"><a href=\"mailto:retropolisvlc@gmail.com\" class=\"wp-block-social-link-anchor\"><svg width=\"24\" height=\"24\" viewBox=\"0 0 24 24\" version=\"1.1\" xmlns=\"http:\/\/www.w3.org\/2000\/svg\" aria-hidden=\"true\" focusable=\"false\"><path d=\"M19,5H5c-1.1,0-2,.9-2,2v10c0,1.1.9,2,2,2h14c1.1,0,2-.9,2-2V7c0-1.1-.9-2-2-2zm.5,12c0,.3-.2.5-.5.5H5c-.3,0-.5-.2-.5-.5V9.8l7.5,5.6,7.5-5.6V17zm0-9.1L12,13.6,4.5,7.9V7c0-.3.2-.5.5-.5h14c.3,0,.5.2.5.5v.9z\"><\/path><\/svg><span class=\"wp-block-social-link-label screen-reader-text\">Mail<\/span><\/a><\/li>\n\n<li style=\"color:#d1005d;\" class=\"wp-social-link wp-social-link-feed  wp-block-social-link\"><a href=\"https:\/\/museoinf.webs.upv.es\/es\/blog\/category\/retropolis\/\" class=\"wp-block-social-link-anchor\"><svg width=\"24\" height=\"24\" viewBox=\"0 0 24 24\" version=\"1.1\" xmlns=\"http:\/\/www.w3.org\/2000\/svg\" aria-hidden=\"true\" focusable=\"false\"><path d=\"M2,8.667V12c5.515,0,10,4.485,10,10h3.333C15.333,14.637,9.363,8.667,2,8.667z M2,2v3.333 c9.19,0,16.667,7.477,16.667,16.667H22C22,10.955,13.045,2,2,2z M4.5,17C3.118,17,2,18.12,2,19.5S3.118,22,4.5,22S7,20.88,7,19.5 S5.882,17,4.5,17z\"><\/path><\/svg><span class=\"wp-block-social-link-label screen-reader-text\">RSS Feed<\/span><\/a><\/li><\/ul>\n\n\n<header class=\"entry-header\"><\/header>\n<div class=\"entry-content\">\n<p><img loading=\"lazy\" decoding=\"async\" class=\"aligncenter wp-image-7196 size-full\" src=\"https:\/\/museoinf.webs.upv.es\/wp-content\/uploads\/2018\/06\/logo-retropolis-1.png\" alt=\"\" width=\"727\" height=\"300\" srcset=\"https:\/\/museo.inf.upv.es\/wp-content\/uploads\/2018\/06\/logo-retropolis-1.png 727w, https:\/\/museo.inf.upv.es\/wp-content\/uploads\/2018\/06\/logo-retropolis-1-300x124.png 300w\" sizes=\"auto, (max-width: 727px) 100vw, 727px\" \/><\/p>\n<p><\/span><\/p>\n<\/div>\n<p style=\"text-align: justify;\"><strong>Retr\u00f3polis Valencia<\/strong> is a non-profit event whose purpose is the dissemination, promotion and preservation of <em>the culture of video games and classical computing<\/em>, both of the equipment marketed during the arrival of computing in the domestic and family sphere as well as the software developed , inside and outside our country, the fruit of a video game industry that was taking its first steps.<\/p>\n<p style=\"text-align: justify;\">Likewise, it is intended to offer a meeting space that is attractive to development groups and fans of the world of <em>retrocomputing<\/em>.<\/p>\n<p style=\"text-align: justify;\">And finally, the visitor is provided with an incomparable setting for cultural and recreational exchange with the new generations, bringing together various artistic and technological manifestations around retro machines and video games.<\/p>\n<p><\/p>\n<\/p>\n<h3 id=\"ediciones_anteriores\">Previous editions<\/p>\n\n\n<div class=\"wp-block-columns is-layout-flex wp-container-core-columns-is-layout-9d6595d7 wp-block-columns-is-layout-flex\">\n<div class=\"wp-block-column is-layout-flow wp-block-column-is-layout-flow\"><div class=\"wp-block-image\">\n<figure class=\"aligncenter size-large is-resized\"><a href=\"https:\/\/museo.inf.upv.es\/rpv25\/\"><img loading=\"lazy\" decoding=\"async\" width=\"602\" height=\"1024\" src=\"https:\/\/museo.inf.upv.es\/wp-content\/uploads\/2026\/02\/RPV25cartel2-602x1024.jpg\" alt=\"\" class=\"wp-image-12373\" style=\"aspect-ratio:0.5878804751299184;width:103px;height:auto\" srcset=\"https:\/\/museo.inf.upv.es\/wp-content\/uploads\/2026\/02\/RPV25cartel2-602x1024.jpg 602w, https:\/\/museo.inf.upv.es\/wp-content\/uploads\/2026\/02\/RPV25cartel2-176x300.jpg 176w, https:\/\/museo.inf.upv.es\/wp-content\/uploads\/2026\/02\/RPV25cartel2-768x1306.jpg 768w, https:\/\/museo.inf.upv.es\/wp-content\/uploads\/2026\/02\/RPV25cartel2-903x1536.jpg 903w, https:\/\/museo.inf.upv.es\/wp-content\/uploads\/2026\/02\/RPV25cartel2.jpg 941w\" sizes=\"auto, (max-width: 602px) 100vw, 602px\" \/><\/a><figcaption class=\"wp-element-caption\"><sub><sup>Retr\u00f3polis 2025<\/sup><\/sub><\/figcaption><\/figure>\n<\/div><\/div>\n\n\n\n<div class=\"wp-block-column is-layout-flow wp-block-column-is-layout-flow\"><div class=\"wp-block-image\">\n<figure class=\"aligncenter size-large is-resized\"><a href=\"https:\/\/museo.inf.upv.es\/rpv2024\/\"><img loading=\"lazy\" decoding=\"async\" width=\"602\" height=\"1024\" src=\"https:\/\/museo.inf.upv.es\/wp-content\/uploads\/2024\/03\/GJRc9q_XwAAvpgF-602x1024.jpeg\" alt=\"\" class=\"wp-image-11336\" style=\"aspect-ratio:0.5878510777269759;width:103px;height:auto\" srcset=\"https:\/\/museo.inf.upv.es\/wp-content\/uploads\/2024\/03\/GJRc9q_XwAAvpgF-602x1024.jpeg 602w, https:\/\/museo.inf.upv.es\/wp-content\/uploads\/2024\/03\/GJRc9q_XwAAvpgF-176x300.jpeg 176w, https:\/\/museo.inf.upv.es\/wp-content\/uploads\/2024\/03\/GJRc9q_XwAAvpgF-768x1306.jpeg 768w, https:\/\/museo.inf.upv.es\/wp-content\/uploads\/2024\/03\/GJRc9q_XwAAvpgF-903x1536.jpeg 903w, https:\/\/museo.inf.upv.es\/wp-content\/uploads\/2024\/03\/GJRc9q_XwAAvpgF.jpeg 941w\" sizes=\"auto, (max-width: 602px) 100vw, 602px\" \/><\/a><figcaption class=\"wp-element-caption\"><sub><sup>Retr\u00f3polis 2024<\/sup><\/sub><\/figcaption><\/figure>\n<\/div><\/div>\n\n\n\n<div class=\"wp-block-column is-layout-flow wp-block-column-is-layout-flow\"><\/div>\n\n\n\n<div class=\"wp-block-column is-layout-flow wp-block-column-is-layout-flow\"><\/div>\n\n\n\n<div class=\"wp-block-column is-layout-flow wp-block-column-is-layout-flow\"><\/div>\n\n\n\n<div class=\"wp-block-column is-layout-flow wp-block-column-is-layout-flow\"><\/div>\n<\/div>\n\n\n\n<div class=\"wp-block-columns is-not-stacked-on-mobile has-small-font-size is-layout-flex wp-container-core-columns-is-layout-9d6595d7 wp-block-columns-is-layout-flex\">\n<div class=\"wp-block-column is-layout-flow wp-block-column-is-layout-flow\"><div class=\"wp-block-image is-style-default\">\n<figure class=\"aligncenter size-medium is-resized\"><a href=\"https:\/\/museo.inf.upv.es\/rpv2023\/\"><img loading=\"lazy\" decoding=\"async\" width=\"191\" height=\"300\" src=\"https:\/\/museo.inf.upv.es\/wp-content\/uploads\/2023\/03\/WhatsApp-Image-2023-03-13-at-16.37.56-191x300.jpeg\" alt=\"\" class=\"wp-image-10873\" style=\"width:109px;height:auto\" srcset=\"https:\/\/museo.inf.upv.es\/wp-content\/uploads\/2023\/03\/WhatsApp-Image-2023-03-13-at-16.37.56-191x300.jpeg 191w, https:\/\/museo.inf.upv.es\/wp-content\/uploads\/2023\/03\/WhatsApp-Image-2023-03-13-at-16.37.56-653x1024.jpeg 653w, https:\/\/museo.inf.upv.es\/wp-content\/uploads\/2023\/03\/WhatsApp-Image-2023-03-13-at-16.37.56-768x1204.jpeg 768w, https:\/\/museo.inf.upv.es\/wp-content\/uploads\/2023\/03\/WhatsApp-Image-2023-03-13-at-16.37.56-980x1536.jpeg 980w, https:\/\/museo.inf.upv.es\/wp-content\/uploads\/2023\/03\/WhatsApp-Image-2023-03-13-at-16.37.56.jpeg 1306w\" sizes=\"auto, (max-width: 191px) 100vw, 191px\" \/><\/a><figcaption class=\"wp-element-caption\">Retr\u00f3polis   2023<\/figcaption><\/figure>\n<\/div><\/div>\n\n\n\n<div class=\"wp-block-column is-layout-flow wp-block-column-is-layout-flow\"><div class=\"wp-block-image\">\n<figure class=\"aligncenter size-large is-resized\"><a href=\"https:\/\/museo.inf.upv.es\/rpv2022\" target=\"_blank\" rel=\"noreferrer noopener\"><img loading=\"lazy\" decoding=\"async\" width=\"212\" height=\"300\" src=\"https:\/\/museo.inf.upv.es\/wp-content\/uploads\/2022\/04\/cartel_miniatura_RPV2022.png\" alt=\"\" class=\"wp-image-10239\" style=\"width:122px;height:auto\"\/><\/a><figcaption class=\"wp-element-caption\">Retr\u00f3polis 2022<\/figcaption><\/figure>\n<\/div><\/div>\n\n\n\n<div class=\"wp-block-column is-layout-flow wp-block-column-is-layout-flow\"><div class=\"wp-block-image\">\n<figure class=\"aligncenter size-medium is-resized\"><a href=\"https:\/\/museo.inf.upv.es\/retropolis-2019\/\" target=\"_blank\" rel=\"noreferrer noopener\"><img loading=\"lazy\" decoding=\"async\" width=\"212\" height=\"300\" src=\"https:\/\/museo.inf.upv.es\/wp-content\/uploads\/2021\/05\/Retropolis-2019-Cartel-scaled-1-212x300.jpg\" alt=\"\" class=\"wp-image-7203\" style=\"width:122px;height:auto\" srcset=\"https:\/\/museo.inf.upv.es\/wp-content\/uploads\/2021\/05\/Retropolis-2019-Cartel-scaled-1-212x300.jpg 212w, https:\/\/museo.inf.upv.es\/wp-content\/uploads\/2021\/05\/Retropolis-2019-Cartel-scaled-1-724x1024.jpg 724w, https:\/\/museo.inf.upv.es\/wp-content\/uploads\/2021\/05\/Retropolis-2019-Cartel-scaled-1-768x1086.jpg 768w, https:\/\/museo.inf.upv.es\/wp-content\/uploads\/2021\/05\/Retropolis-2019-Cartel-scaled-1-1086x1536.jpg 1086w, https:\/\/museo.inf.upv.es\/wp-content\/uploads\/2021\/05\/Retropolis-2019-Cartel-scaled-1-1448x2048.jpg 1448w, https:\/\/museo.inf.upv.es\/wp-content\/uploads\/2021\/05\/Retropolis-2019-Cartel-scaled-1.jpg 1810w\" sizes=\"auto, (max-width: 212px) 100vw, 212px\" \/><\/a><figcaption class=\"wp-element-caption\">Retr\u00f3polis 2019<\/figcaption><\/figure>\n<\/div><\/div>\n\n\n\n<div class=\"wp-block-column is-layout-flow wp-block-column-is-layout-flow\"><div class=\"wp-block-image\">\n<figure class=\"aligncenter size-medium is-resized\"><a href=\"https:\/\/museo.inf.upv.es\/retropolis-2018\/\" target=\"_blank\" rel=\"noreferrer noopener\"><img loading=\"lazy\" decoding=\"async\" width=\"212\" height=\"300\" src=\"https:\/\/museo.inf.upv.es\/wp-content\/uploads\/2018\/06\/Retropolis2018FINAL1-1-768x1086-212x300.jpg\" alt=\"\" class=\"wp-image-7197\" style=\"width:122px;height:auto\" srcset=\"https:\/\/museo.inf.upv.es\/wp-content\/uploads\/2018\/06\/Retropolis2018FINAL1-1-768x1086-212x300.jpg 212w, https:\/\/museo.inf.upv.es\/wp-content\/uploads\/2018\/06\/Retropolis2018FINAL1-1-768x1086-724x1024.jpg 724w, https:\/\/museo.inf.upv.es\/wp-content\/uploads\/2018\/06\/Retropolis2018FINAL1-1-768x1086.jpg 768w\" sizes=\"auto, (max-width: 212px) 100vw, 212px\" \/><\/a><figcaption class=\"wp-element-caption\">Retr\u00f3polis 2018<\/figcaption><\/figure>\n<\/div><\/div>\n\n\n\n<div class=\"wp-block-column is-layout-flow wp-block-column-is-layout-flow\"><div class=\"wp-block-image\">\n<figure class=\"aligncenter size-medium is-resized\"><a href=\"https:\/\/museo.inf.upv.es\/retropolis-2017\" target=\"_blank\" rel=\"noreferrer noopener\"><img loading=\"lazy\" decoding=\"async\" width=\"238\" height=\"300\" src=\"https:\/\/museo.inf.upv.es\/wp-content\/uploads\/2018\/06\/retropolis2017_3-1-811x1024-238x300.png\" alt=\"\" class=\"wp-image-7198\" style=\"width:136px;height:auto\" srcset=\"https:\/\/museo.inf.upv.es\/wp-content\/uploads\/2018\/06\/retropolis2017_3-1-811x1024-238x300.png 238w, https:\/\/museo.inf.upv.es\/wp-content\/uploads\/2018\/06\/retropolis2017_3-1-811x1024-768x970.png 768w, https:\/\/museo.inf.upv.es\/wp-content\/uploads\/2018\/06\/retropolis2017_3-1-811x1024.png 811w\" sizes=\"auto, (max-width: 238px) 100vw, 238px\" \/><\/a><figcaption class=\"wp-element-caption\">Retr\u00f3polis 2017<\/figcaption><\/figure>\n<\/div><\/div>\n\n\n\n<div class=\"wp-block-column is-layout-flow wp-block-column-is-layout-flow\"><div class=\"wp-block-image\">\n<figure class=\"aligncenter size-medium is-resized\"><a href=\"https:\/\/museo.inf.upv.es\/retropolis-2016\/\" target=\"_blank\" rel=\"noreferrer noopener\"><img loading=\"lazy\" decoding=\"async\" width=\"212\" height=\"300\" src=\"https:\/\/museo.inf.upv.es\/wp-content\/uploads\/2018\/06\/CartelRetropolis2016-212x300.jpg\" alt=\"\" class=\"wp-image-7199\" style=\"width:122px;height:auto\" srcset=\"https:\/\/museo.inf.upv.es\/wp-content\/uploads\/2018\/06\/CartelRetropolis2016-212x300.jpg 212w, https:\/\/museo.inf.upv.es\/wp-content\/uploads\/2018\/06\/CartelRetropolis2016.jpg 495w\" sizes=\"auto, (max-width: 212px) 100vw, 212px\" \/><\/a><figcaption class=\"wp-element-caption\">Retr\u00f3polis 2016<\/figcaption><\/figure>\n<\/div><\/div>\n<\/div>\n\n\n<p><\/p>","protected":false},"excerpt":{"rendered":"<p>Retr\u00f3polis Valencia is a non-profit event whose purpose is the dissemination, promotion and preservation of the culture of video games and classical computing, both of the equipment marketed during the arrival of computing in the domestic and family sphere as well as the software developed , inside and outside our country, the fruit of a [&hellip;]<\/p>\n","protected":false},"author":1,"featured_media":0,"parent":0,"menu_order":0,"comment_status":"closed","ping_status":"closed","template":"","meta":{"_monsterinsights_skip_tracking":false,"_monsterinsights_sitenote_active":false,"_monsterinsights_sitenote_note":"","_monsterinsights_sitenote_category":0,"footnotes":""},"class_list":["post-7876","page","type-page","status-publish","hentry","post"],"yoast_head":"<!-- This site is optimized with the Yoast SEO plugin v27.4 - https:\/\/yoast.com\/product\/yoast-seo-wordpress\/ -->\n<title>Retr\u00f3polis Valencia - Web del Museo de Inform\u00e1tica 2.0<\/title>\n<meta name=\"robots\" content=\"index, follow, max-snippet:-1, max-image-preview:large, max-video-preview:-1\" \/>\n<link rel=\"canonical\" href=\"https:\/\/museo.inf.upv.es\/retropolis-valencia\/\" \/>\n<meta property=\"og:locale\" content=\"en_US\" \/>\n<meta property=\"og:type\" content=\"article\" \/>\n<meta property=\"og:title\" content=\"Retr\u00f3polis Valencia - Web del Museo de Inform\u00e1tica 2.0\" \/>\n<meta property=\"og:description\" content=\"Retr\u00f3polis Valencia is a non-profit event whose purpose is the dissemination, promotion and preservation of the culture of video games and classical computing, both of the equipment marketed during the arrival of computing in the domestic and family sphere as well as the software developed , inside and outside our country, the fruit of a [&hellip;]\" \/>\n<meta property=\"og:url\" content=\"https:\/\/museo.inf.upv.es\/retropolis-valencia\/\" \/>\n<meta property=\"og:site_name\" content=\"Web del Museo de Inform\u00e1tica 2.0\" \/>\n<meta property=\"article:modified_time\" content=\"2026-03-02T15:43:35+00:00\" \/>\n<meta property=\"og:image\" content=\"https:\/\/museo.inf.upv.es\/wp-content\/uploads\/2018\/06\/logo-retropolis-1.png\" \/>\n\t<meta property=\"og:image:width\" content=\"727\" \/>\n\t<meta property=\"og:image:height\" content=\"300\" \/>\n\t<meta property=\"og:image:type\" content=\"image\/png\" \/>\n<meta name=\"twitter:card\" content=\"summary_large_image\" \/>\n<meta name=\"twitter:label1\" content=\"Est. reading time\" \/>\n\t<meta name=\"twitter:data1\" content=\"4 minutes\" \/>\n<script type=\"application\/ld+json\" class=\"yoast-schema-graph\">{\"@context\":\"https:\\\/\\\/schema.org\",\"@graph\":[{\"@type\":\"WebPage\",\"@id\":\"https:\\\/\\\/museo.inf.upv.es\\\/retropolis-valencia\\\/\",\"url\":\"https:\\\/\\\/museo.inf.upv.es\\\/retropolis-valencia\\\/\",\"name\":\"Retr\u00f3polis Valencia - Web del Museo de Inform\u00e1tica 2.0\",\"isPartOf\":{\"@id\":\"https:\\\/\\\/museo.inf.upv.es\\\/#website\"},\"primaryImageOfPage\":{\"@id\":\"https:\\\/\\\/museo.inf.upv.es\\\/retropolis-valencia\\\/#primaryimage\"},\"image\":{\"@id\":\"https:\\\/\\\/museo.inf.upv.es\\\/retropolis-valencia\\\/#primaryimage\"},\"thumbnailUrl\":\"https:\\\/\\\/museoinf.webs.upv.es\\\/wp-content\\\/uploads\\\/2018\\\/06\\\/logo-retropolis-1.png\",\"datePublished\":\"2021-05-28T08:40:05+00:00\",\"dateModified\":\"2026-03-02T15:43:35+00:00\",\"breadcrumb\":{\"@id\":\"https:\\\/\\\/museo.inf.upv.es\\\/retropolis-valencia\\\/#breadcrumb\"},\"inLanguage\":\"en-US\",\"potentialAction\":[{\"@type\":\"ReadAction\",\"target\":[\"https:\\\/\\\/museo.inf.upv.es\\\/retropolis-valencia\\\/\"]}]},{\"@type\":\"ImageObject\",\"inLanguage\":\"en-US\",\"@id\":\"https:\\\/\\\/museo.inf.upv.es\\\/retropolis-valencia\\\/#primaryimage\",\"url\":\"https:\\\/\\\/museoinf.webs.upv.es\\\/wp-content\\\/uploads\\\/2018\\\/06\\\/logo-retropolis-1.png\",\"contentUrl\":\"https:\\\/\\\/museoinf.webs.upv.es\\\/wp-content\\\/uploads\\\/2018\\\/06\\\/logo-retropolis-1.png\"},{\"@type\":\"BreadcrumbList\",\"@id\":\"https:\\\/\\\/museo.inf.upv.es\\\/retropolis-valencia\\\/#breadcrumb\",\"itemListElement\":[{\"@type\":\"ListItem\",\"position\":1,\"name\":\"Portada\",\"item\":\"https:\\\/\\\/museo.inf.upv.es\\\/\"},{\"@type\":\"ListItem\",\"position\":2,\"name\":\"Retr\u00f3polis Valencia\"}]},{\"@type\":\"WebSite\",\"@id\":\"https:\\\/\\\/museo.inf.upv.es\\\/#website\",\"url\":\"https:\\\/\\\/museo.inf.upv.es\\\/\",\"name\":\"Web del Museo de Inform\u00e1tica 2.0\",\"description\":\"Web del Museo de Inform\u00e1tica 2.0\",\"potentialAction\":[{\"@type\":\"SearchAction\",\"target\":{\"@type\":\"EntryPoint\",\"urlTemplate\":\"https:\\\/\\\/museo.inf.upv.es\\\/?s={search_term_string}\"},\"query-input\":{\"@type\":\"PropertyValueSpecification\",\"valueRequired\":true,\"valueName\":\"search_term_string\"}}],\"inLanguage\":\"en-US\"}]}<\/script>\n<!-- \/ Yoast SEO plugin. -->","yoast_head_json":{"title":"Retr\u00f3polis Valencia - Web del Museo de Inform\u00e1tica 2.0","robots":{"index":"index","follow":"follow","max-snippet":"max-snippet:-1","max-image-preview":"max-image-preview:large","max-video-preview":"max-video-preview:-1"},"canonical":"https:\/\/museo.inf.upv.es\/retropolis-valencia\/","og_locale":"en_US","og_type":"article","og_title":"Retr\u00f3polis Valencia - Web del Museo de Inform\u00e1tica 2.0","og_description":"Retr\u00f3polis Valencia is a non-profit event whose purpose is the dissemination, promotion and preservation of the culture of video games and classical computing, both of the equipment marketed during the arrival of computing in the domestic and family sphere as well as the software developed , inside and outside our country, the fruit of a [&hellip;]","og_url":"https:\/\/museo.inf.upv.es\/retropolis-valencia\/","og_site_name":"Web del Museo de Inform\u00e1tica 2.0","article_modified_time":"2026-03-02T15:43:35+00:00","og_image":[{"width":727,"height":300,"url":"https:\/\/museo.inf.upv.es\/wp-content\/uploads\/2018\/06\/logo-retropolis-1.png","type":"image\/png"}],"twitter_card":"summary_large_image","twitter_misc":{"Est. reading time":"4 minutes"},"schema":{"@context":"https:\/\/schema.org","@graph":[{"@type":"WebPage","@id":"https:\/\/museo.inf.upv.es\/retropolis-valencia\/","url":"https:\/\/museo.inf.upv.es\/retropolis-valencia\/","name":"Retr\u00f3polis Valencia - Web del Museo de Inform\u00e1tica 2.0","isPartOf":{"@id":"https:\/\/museo.inf.upv.es\/#website"},"primaryImageOfPage":{"@id":"https:\/\/museo.inf.upv.es\/retropolis-valencia\/#primaryimage"},"image":{"@id":"https:\/\/museo.inf.upv.es\/retropolis-valencia\/#primaryimage"},"thumbnailUrl":"https:\/\/museoinf.webs.upv.es\/wp-content\/uploads\/2018\/06\/logo-retropolis-1.png","datePublished":"2021-05-28T08:40:05+00:00","dateModified":"2026-03-02T15:43:35+00:00","breadcrumb":{"@id":"https:\/\/museo.inf.upv.es\/retropolis-valencia\/#breadcrumb"},"inLanguage":"en-US","potentialAction":[{"@type":"ReadAction","target":["https:\/\/museo.inf.upv.es\/retropolis-valencia\/"]}]},{"@type":"ImageObject","inLanguage":"en-US","@id":"https:\/\/museo.inf.upv.es\/retropolis-valencia\/#primaryimage","url":"https:\/\/museoinf.webs.upv.es\/wp-content\/uploads\/2018\/06\/logo-retropolis-1.png","contentUrl":"https:\/\/museoinf.webs.upv.es\/wp-content\/uploads\/2018\/06\/logo-retropolis-1.png"},{"@type":"BreadcrumbList","@id":"https:\/\/museo.inf.upv.es\/retropolis-valencia\/#breadcrumb","itemListElement":[{"@type":"ListItem","position":1,"name":"Portada","item":"https:\/\/museo.inf.upv.es\/"},{"@type":"ListItem","position":2,"name":"Retr\u00f3polis Valencia"}]},{"@type":"WebSite","@id":"https:\/\/museo.inf.upv.es\/#website","url":"https:\/\/museo.inf.upv.es\/","name":"Web del Museo de Inform\u00e1tica 2.0","description":"Web del Museo de Inform\u00e1tica 2.0","potentialAction":[{"@type":"SearchAction","target":{"@type":"EntryPoint","urlTemplate":"https:\/\/museo.inf.upv.es\/?s={search_term_string}"},"query-input":{"@type":"PropertyValueSpecification","valueRequired":true,"valueName":"search_term_string"}}],"inLanguage":"en-US"}]}},"_links":{"self":[{"href":"https:\/\/museo.inf.upv.es\/en\/wp-json\/wp\/v2\/pages\/7876","targetHints":{"allow":["GET"]}}],"collection":[{"href":"https:\/\/museo.inf.upv.es\/en\/wp-json\/wp\/v2\/pages"}],"about":[{"href":"https:\/\/museo.inf.upv.es\/en\/wp-json\/wp\/v2\/types\/page"}],"author":[{"embeddable":true,"href":"https:\/\/museo.inf.upv.es\/en\/wp-json\/wp\/v2\/users\/1"}],"replies":[{"embeddable":true,"href":"https:\/\/museo.inf.upv.es\/en\/wp-json\/wp\/v2\/comments?post=7876"}],"version-history":[{"count":119,"href":"https:\/\/museo.inf.upv.es\/en\/wp-json\/wp\/v2\/pages\/7876\/revisions"}],"predecessor-version":[{"id":12416,"href":"https:\/\/museo.inf.upv.es\/en\/wp-json\/wp\/v2\/pages\/7876\/revisions\/12416"}],"wp:attachment":[{"href":"https:\/\/museo.inf.upv.es\/en\/wp-json\/wp\/v2\/media?parent=7876"}],"curies":[{"name":"wp","href":"https:\/\/api.w.org\/{rel}","templated":true}]}}