{"id":8678,"date":"2021-07-06T16:11:40","date_gmt":"2021-07-06T16:11:40","guid":{"rendered":"https:\/\/museo.inf.upv.es\/?page_id=8595"},"modified":"2021-07-08T08:11:21","modified_gmt":"2021-07-08T08:11:21","slug":"noticias-del-museo","status":"publish","type":"page","link":"https:\/\/museo.inf.upv.es\/en\/noticias-del-museo\/","title":{"rendered":"Museum News"},"content":{"rendered":"<ul class=\"wp-block-latest-posts__list has-dates wp-block-latest-posts\"><li><div class=\"wp-block-latest-posts__featured-image\"><img loading=\"lazy\" decoding=\"async\" width=\"300\" height=\"226\" src=\"https:\/\/museo.inf.upv.es\/wp-content\/uploads\/2025\/07\/PXL_20240902_105408802-300x226.jpg\" class=\"attachment-medium size-medium wp-post-image\" alt=\"\" style=\"\" srcset=\"https:\/\/museo.inf.upv.es\/wp-content\/uploads\/2025\/07\/PXL_20240902_105408802-300x226.jpg 300w, https:\/\/museo.inf.upv.es\/wp-content\/uploads\/2025\/07\/PXL_20240902_105408802-1024x771.jpg 1024w, https:\/\/museo.inf.upv.es\/wp-content\/uploads\/2025\/07\/PXL_20240902_105408802-768x578.jpg 768w, https:\/\/museo.inf.upv.es\/wp-content\/uploads\/2025\/07\/PXL_20240902_105408802.jpg 1266w\" sizes=\"auto, (max-width: 300px) 100vw, 300px\" \/><\/div><a class=\"wp-block-latest-posts__post-title\" href=\"https:\/\/museo.inf.upv.es\/en\/blog\/2025\/07\/02\/inauguracion-del-mainframe-cii-honeywell-bull-en-el-museo-de-informatica-de-la-upv\/\">Inauguration of the Cii Honeywell Bull mainframe at the UPV Computer Science Museum<\/a><time datetime=\"2025-07-02T15:36:30+00:00\" class=\"wp-block-latest-posts__post-date\">Wednesday July  2nd, 2025<\/time><div class=\"wp-block-latest-posts__post-excerpt\">Next Wednesday, July 9, 2025, the inauguration ceremony will take place for one of the most emblematic pieces of our university&#8217;s technological heritage: the Honeywell Bull CII mainframe, recently incorporated into the Computer Science Museum thanks to a generous donation from ArcelorMittal. This computer system, over seven meters long, represents a milestone in the history of computing and has been carefully restored with the collaboration of the\u2026 <a class=\"wp-block-latest-posts__read-more\" href=\"https:\/\/museo.inf.upv.es\/en\/blog\/2025\/07\/02\/inauguracion-del-mainframe-cii-honeywell-bull-en-el-museo-de-informatica-de-la-upv\/\" rel=\"noopener noreferrer\">Read more<span class=\"screen-reader-text\">: Inauguration of the Cii Honeywell Bull mainframe at the UPV Computer Science Museum<\/span><\/a><\/div><\/li>\n<li><div class=\"wp-block-latest-posts__featured-image\"><img loading=\"lazy\" decoding=\"async\" width=\"212\" height=\"300\" src=\"https:\/\/museo.inf.upv.es\/wp-content\/uploads\/2025\/03\/RPV25cartel-212x300.jpg\" class=\"attachment-medium size-medium wp-post-image\" alt=\"\" style=\"\" srcset=\"https:\/\/museo.inf.upv.es\/wp-content\/uploads\/2025\/03\/RPV25cartel-212x300.jpg 212w, https:\/\/museo.inf.upv.es\/wp-content\/uploads\/2025\/03\/RPV25cartel-724x1024.jpg 724w, https:\/\/museo.inf.upv.es\/wp-content\/uploads\/2025\/03\/RPV25cartel-768x1086.jpg 768w, https:\/\/museo.inf.upv.es\/wp-content\/uploads\/2025\/03\/RPV25cartel-1086x1536.jpg 1086w, https:\/\/museo.inf.upv.es\/wp-content\/uploads\/2025\/03\/RPV25cartel.jpg 1131w\" sizes=\"auto, (max-width: 212px) 100vw, 212px\" \/><\/div><a class=\"wp-block-latest-posts__post-title\" href=\"https:\/\/museo.inf.upv.es\/en\/blog\/2025\/05\/14\/balance-retropolis-2025-rpv25\/\">Balance of Retropolis 2025 #RPV25<\/a><time datetime=\"2025-05-14T09:37:39+00:00\" class=\"wp-block-latest-posts__post-date\">Wednesday May 14th, 2025<\/time><div class=\"wp-block-latest-posts__post-excerpt\">On April 12th, the Polytechnic University of Valencia hosted the latest edition of Retropolis 2025, the retrocomputing and classic video game fair that has established itself as a leading event for vintage technology and digital history enthusiasts. This year, the HP-UPV Business Chair and the Edicom Business Chair played a key role as event sponsors. Retropolis 2025 offered a free and sustainable experience, bringing together more than\u2026 <a class=\"wp-block-latest-posts__read-more\" href=\"https:\/\/museo.inf.upv.es\/en\/blog\/2025\/05\/14\/balance-retropolis-2025-rpv25\/\" rel=\"noopener noreferrer\">Read more<span class=\"screen-reader-text\">: Balance of Retropolis 2025 #RPV25<\/span><\/a><\/div><\/li>\n<li><div class=\"wp-block-latest-posts__featured-image\"><img loading=\"lazy\" decoding=\"async\" width=\"300\" height=\"224\" src=\"https:\/\/museo.inf.upv.es\/wp-content\/uploads\/2025\/03\/Imagen-de-WhatsApp-2025-03-26-a-las-12.30.04_4eb2c8c9-300x224.jpg\" class=\"attachment-medium size-medium wp-post-image\" alt=\"\" style=\"\" srcset=\"https:\/\/museo.inf.upv.es\/wp-content\/uploads\/2025\/03\/Imagen-de-WhatsApp-2025-03-26-a-las-12.30.04_4eb2c8c9-300x224.jpg 300w, https:\/\/museo.inf.upv.es\/wp-content\/uploads\/2025\/03\/Imagen-de-WhatsApp-2025-03-26-a-las-12.30.04_4eb2c8c9-1024x766.jpg 1024w, https:\/\/museo.inf.upv.es\/wp-content\/uploads\/2025\/03\/Imagen-de-WhatsApp-2025-03-26-a-las-12.30.04_4eb2c8c9-768x574.jpg 768w, https:\/\/museo.inf.upv.es\/wp-content\/uploads\/2025\/03\/Imagen-de-WhatsApp-2025-03-26-a-las-12.30.04_4eb2c8c9-1536x1149.jpg 1536w, https:\/\/museo.inf.upv.es\/wp-content\/uploads\/2025\/03\/Imagen-de-WhatsApp-2025-03-26-a-las-12.30.04_4eb2c8c9.jpg 2000w\" sizes=\"auto, (max-width: 300px) 100vw, 300px\" \/><\/div><a class=\"wp-block-latest-posts__post-title\" href=\"https:\/\/museo.inf.upv.es\/en\/blog\/2025\/03\/26\/exposicion-temporal-en-el-espai-inf-3\/\">Temporary exhibition in space.inf<\/a><time datetime=\"2025-03-26T11:42:24+00:00\" class=\"wp-block-latest-posts__post-date\">Wednesday March 26th, 2025<\/time><div class=\"wp-block-latest-posts__post-excerpt\">In 2025, Retr\u00f3Polis Valencia celebrates its 8th edition next Saturday, April 12th, and as part of its supporting content, we have organized a temporary exhibition at espai.inf in building 1E with a historical retrospective of the posters from all editions of Retr\u00f3Polis, the event organized by the ETSINF Computer Museum with the aim of disseminating, promoting, and preserving the culture of video games and classic computing. The\u2026 <a class=\"wp-block-latest-posts__read-more\" href=\"https:\/\/museo.inf.upv.es\/en\/blog\/2025\/03\/26\/exposicion-temporal-en-el-espai-inf-3\/\" rel=\"noopener noreferrer\">Read more<span class=\"screen-reader-text\">: Temporary exhibition in space.inf<\/span><\/a><\/div><\/li>\n<li><div class=\"wp-block-latest-posts__featured-image\"><img loading=\"lazy\" decoding=\"async\" width=\"176\" height=\"300\" src=\"https:\/\/museo.inf.upv.es\/wp-content\/uploads\/2024\/03\/GJRc9q_XwAAvpgF-176x300.jpeg\" class=\"attachment-medium size-medium wp-post-image\" alt=\"\" style=\"\" srcset=\"https:\/\/museo.inf.upv.es\/wp-content\/uploads\/2024\/03\/GJRc9q_XwAAvpgF-176x300.jpeg 176w, https:\/\/museo.inf.upv.es\/wp-content\/uploads\/2024\/03\/GJRc9q_XwAAvpgF-602x1024.jpeg 602w, https:\/\/museo.inf.upv.es\/wp-content\/uploads\/2024\/03\/GJRc9q_XwAAvpgF-768x1306.jpeg 768w, https:\/\/museo.inf.upv.es\/wp-content\/uploads\/2024\/03\/GJRc9q_XwAAvpgF-903x1536.jpeg 903w, https:\/\/museo.inf.upv.es\/wp-content\/uploads\/2024\/03\/GJRc9q_XwAAvpgF.jpeg 941w\" sizes=\"auto, (max-width: 176px) 100vw, 176px\" \/><\/div><a class=\"wp-block-latest-posts__post-title\" href=\"https:\/\/museo.inf.upv.es\/en\/blog\/2024\/06\/04\/retropolisvlc2024\/\">(Espa\u00f1ol) Balance de Retr\u00f3Polis 2024<\/a><time datetime=\"2024-06-04T08:47:39+00:00\" class=\"wp-block-latest-posts__post-date\">Tuesday June  4th, 2024<\/time><div class=\"wp-block-latest-posts__post-excerpt\">Sorry, this entry is only available in Espa\u00f1ol.<\/div><\/li>\n<li><div class=\"wp-block-latest-posts__featured-image\"><img loading=\"lazy\" decoding=\"async\" width=\"176\" height=\"300\" src=\"https:\/\/museo.inf.upv.es\/wp-content\/uploads\/2024\/03\/GJRc9q_XwAAvpgF-176x300.jpeg\" class=\"attachment-medium size-medium wp-post-image\" alt=\"\" style=\"\" srcset=\"https:\/\/museo.inf.upv.es\/wp-content\/uploads\/2024\/03\/GJRc9q_XwAAvpgF-176x300.jpeg 176w, https:\/\/museo.inf.upv.es\/wp-content\/uploads\/2024\/03\/GJRc9q_XwAAvpgF-602x1024.jpeg 602w, https:\/\/museo.inf.upv.es\/wp-content\/uploads\/2024\/03\/GJRc9q_XwAAvpgF-768x1306.jpeg 768w, https:\/\/museo.inf.upv.es\/wp-content\/uploads\/2024\/03\/GJRc9q_XwAAvpgF-903x1536.jpeg 903w, https:\/\/museo.inf.upv.es\/wp-content\/uploads\/2024\/03\/GJRc9q_XwAAvpgF.jpeg 941w\" sizes=\"auto, (max-width: 176px) 100vw, 176px\" \/><\/div><a class=\"wp-block-latest-posts__post-title\" href=\"https:\/\/museo.inf.upv.es\/en\/blog\/2024\/04\/24\/vii-edicion-de-retropolis-valencia-rpv24\/\">(Espa\u00f1ol) VII edici\u00f3n de Retr\u00f3polis Valencia #RPV24<\/a><time datetime=\"2024-04-24T10:56:50+00:00\" class=\"wp-block-latest-posts__post-date\">Wednesday April 24th, 2024<\/time><div class=\"wp-block-latest-posts__post-excerpt\">Sorry, this entry is only available in Espa\u00f1ol.<\/div><\/li>\n<\/ul>\n\n\n<p>Old <a href=\"https:\/\/museo.inf.upv.es\/recortes-de-prensa\/\">Press cutting<\/a><\/p>","protected":false},"excerpt":{"rendered":"<p>Old Press cutting<\/p>\n","protected":false},"author":2,"featured_media":0,"parent":0,"menu_order":0,"comment_status":"closed","ping_status":"closed","template":"","meta":{"_monsterinsights_skip_tracking":false,"_monsterinsights_sitenote_active":false,"_monsterinsights_sitenote_note":"","_monsterinsights_sitenote_category":0,"footnotes":""},"class_list":["post-8678","page","type-page","status-publish","hentry","post"],"yoast_head":"<!-- This site is optimized with the Yoast SEO plugin v27.3 - https:\/\/yoast.com\/product\/yoast-seo-wordpress\/ -->\n<title>Museum News - Web del Museo de Inform\u00e1tica 2.0<\/title>\n<meta name=\"robots\" content=\"index, follow, max-snippet:-1, max-image-preview:large, max-video-preview:-1\" \/>\n<link rel=\"canonical\" href=\"https:\/\/museo.inf.upv.es\/noticias-del-museo\/\" \/>\n<meta property=\"og:locale\" content=\"en_US\" \/>\n<meta property=\"og:type\" content=\"article\" \/>\n<meta property=\"og:title\" content=\"Museum News - Web del Museo de Inform\u00e1tica 2.0\" \/>\n<meta property=\"og:description\" content=\"Old Press cutting\" \/>\n<meta property=\"og:url\" content=\"https:\/\/museo.inf.upv.es\/noticias-del-museo\/\" \/>\n<meta property=\"og:site_name\" content=\"Web del Museo de Inform\u00e1tica 2.0\" \/>\n<meta property=\"article:modified_time\" content=\"2021-07-08T08:11:21+00:00\" \/>\n<meta name=\"twitter:card\" content=\"summary_large_image\" \/>\n<meta name=\"twitter:label1\" content=\"Est. reading time\" \/>\n\t<meta name=\"twitter:data1\" content=\"1 minute\" \/>\n<script type=\"application\/ld+json\" class=\"yoast-schema-graph\">{\"@context\":\"https:\\\/\\\/schema.org\",\"@graph\":[{\"@type\":\"WebPage\",\"@id\":\"https:\\\/\\\/museo.inf.upv.es\\\/noticias-del-museo\\\/\",\"url\":\"https:\\\/\\\/museo.inf.upv.es\\\/noticias-del-museo\\\/\",\"name\":\"Museum News - Web del Museo de Inform\u00e1tica 2.0\",\"isPartOf\":{\"@id\":\"https:\\\/\\\/museo.inf.upv.es\\\/#website\"},\"datePublished\":\"2021-07-06T16:11:40+00:00\",\"dateModified\":\"2021-07-08T08:11:21+00:00\",\"breadcrumb\":{\"@id\":\"https:\\\/\\\/museo.inf.upv.es\\\/noticias-del-museo\\\/#breadcrumb\"},\"inLanguage\":\"en-US\",\"potentialAction\":[{\"@type\":\"ReadAction\",\"target\":[\"https:\\\/\\\/museo.inf.upv.es\\\/noticias-del-museo\\\/\"]}]},{\"@type\":\"BreadcrumbList\",\"@id\":\"https:\\\/\\\/museo.inf.upv.es\\\/noticias-del-museo\\\/#breadcrumb\",\"itemListElement\":[{\"@type\":\"ListItem\",\"position\":1,\"name\":\"Portada\",\"item\":\"https:\\\/\\\/museo.inf.upv.es\\\/\"},{\"@type\":\"ListItem\",\"position\":2,\"name\":\"Noticias del Museo\"}]},{\"@type\":\"WebSite\",\"@id\":\"https:\\\/\\\/museo.inf.upv.es\\\/#website\",\"url\":\"https:\\\/\\\/museo.inf.upv.es\\\/\",\"name\":\"Web del Museo de Inform\u00e1tica 2.0\",\"description\":\"Web del Museo de Inform\u00e1tica 2.0\",\"potentialAction\":[{\"@type\":\"SearchAction\",\"target\":{\"@type\":\"EntryPoint\",\"urlTemplate\":\"https:\\\/\\\/museo.inf.upv.es\\\/?s={search_term_string}\"},\"query-input\":{\"@type\":\"PropertyValueSpecification\",\"valueRequired\":true,\"valueName\":\"search_term_string\"}}],\"inLanguage\":\"en-US\"}]}<\/script>\n<!-- \/ Yoast SEO plugin. -->","yoast_head_json":{"title":"Museum News - Web del Museo de Inform\u00e1tica 2.0","robots":{"index":"index","follow":"follow","max-snippet":"max-snippet:-1","max-image-preview":"max-image-preview:large","max-video-preview":"max-video-preview:-1"},"canonical":"https:\/\/museo.inf.upv.es\/noticias-del-museo\/","og_locale":"en_US","og_type":"article","og_title":"Museum News - Web del Museo de Inform\u00e1tica 2.0","og_description":"Old Press cutting","og_url":"https:\/\/museo.inf.upv.es\/noticias-del-museo\/","og_site_name":"Web del Museo de Inform\u00e1tica 2.0","article_modified_time":"2021-07-08T08:11:21+00:00","twitter_card":"summary_large_image","twitter_misc":{"Est. reading time":"1 minute"},"schema":{"@context":"https:\/\/schema.org","@graph":[{"@type":"WebPage","@id":"https:\/\/museo.inf.upv.es\/noticias-del-museo\/","url":"https:\/\/museo.inf.upv.es\/noticias-del-museo\/","name":"Museum News - Web del Museo de Inform\u00e1tica 2.0","isPartOf":{"@id":"https:\/\/museo.inf.upv.es\/#website"},"datePublished":"2021-07-06T16:11:40+00:00","dateModified":"2021-07-08T08:11:21+00:00","breadcrumb":{"@id":"https:\/\/museo.inf.upv.es\/noticias-del-museo\/#breadcrumb"},"inLanguage":"en-US","potentialAction":[{"@type":"ReadAction","target":["https:\/\/museo.inf.upv.es\/noticias-del-museo\/"]}]},{"@type":"BreadcrumbList","@id":"https:\/\/museo.inf.upv.es\/noticias-del-museo\/#breadcrumb","itemListElement":[{"@type":"ListItem","position":1,"name":"Portada","item":"https:\/\/museo.inf.upv.es\/"},{"@type":"ListItem","position":2,"name":"Noticias del Museo"}]},{"@type":"WebSite","@id":"https:\/\/museo.inf.upv.es\/#website","url":"https:\/\/museo.inf.upv.es\/","name":"Web del Museo de Inform\u00e1tica 2.0","description":"Web del Museo de Inform\u00e1tica 2.0","potentialAction":[{"@type":"SearchAction","target":{"@type":"EntryPoint","urlTemplate":"https:\/\/museo.inf.upv.es\/?s={search_term_string}"},"query-input":{"@type":"PropertyValueSpecification","valueRequired":true,"valueName":"search_term_string"}}],"inLanguage":"en-US"}]}},"_links":{"self":[{"href":"https:\/\/museo.inf.upv.es\/en\/wp-json\/wp\/v2\/pages\/8678","targetHints":{"allow":["GET"]}}],"collection":[{"href":"https:\/\/museo.inf.upv.es\/en\/wp-json\/wp\/v2\/pages"}],"about":[{"href":"https:\/\/museo.inf.upv.es\/en\/wp-json\/wp\/v2\/types\/page"}],"author":[{"embeddable":true,"href":"https:\/\/museo.inf.upv.es\/en\/wp-json\/wp\/v2\/users\/2"}],"replies":[{"embeddable":true,"href":"https:\/\/museo.inf.upv.es\/en\/wp-json\/wp\/v2\/comments?post=8678"}],"version-history":[{"count":1,"href":"https:\/\/museo.inf.upv.es\/en\/wp-json\/wp\/v2\/pages\/8678\/revisions"}],"predecessor-version":[{"id":8680,"href":"https:\/\/museo.inf.upv.es\/en\/wp-json\/wp\/v2\/pages\/8678\/revisions\/8680"}],"wp:attachment":[{"href":"https:\/\/museo.inf.upv.es\/en\/wp-json\/wp\/v2\/media?parent=8678"}],"curies":[{"name":"wp","href":"https:\/\/api.w.org\/{rel}","templated":true}]}}