{"id":9348,"date":"2021-07-26T07:54:18","date_gmt":"2021-07-26T07:54:18","guid":{"rendered":"https:\/\/museo.inf.upv.es\/?page_id=9348"},"modified":"2021-07-26T08:10:40","modified_gmt":"2021-07-26T08:10:40","slug":"noticias-retropolis-2016","status":"publish","type":"page","link":"https:\/\/museo.inf.upv.es\/en\/noticias-retropolis-2016\/","title":{"rendered":"RETR\u00d3POLIS 2016 News"},"content":{"rendered":"<ul class=\"wp-block-latest-posts__list is-grid columns-3 has-dates wp-block-latest-posts\"><li><a class=\"wp-block-latest-posts__post-title\" href=\"https:\/\/museo.inf.upv.es\/en\/blog\/2019\/04\/01\/visitas-guiadas-al-museu-dinformatica\/\">2018 Retr\u00f3polis Conferences<\/a><time datetime=\"2019-04-01T11:52:58+00:00\" class=\"wp-block-latest-posts__post-date\">Monday April  1st, 2019<\/time><div class=\"wp-block-latest-posts__post-excerpt\">These are the conferences that took place in 2017 Retr\u00f3poli Valencia edition: Retr\u00f3polis 2017:\u00a0Paleoinform\u00e1tica en FPGA &#8211; Jos\u00e9 Tejada Retr\u00f3polis 2017: Dreamcast. Los rumores de mi muerte han sido exagerados\u2026 <a class=\"wp-block-latest-posts__read-more\" href=\"https:\/\/museo.inf.upv.es\/en\/blog\/2019\/04\/01\/visitas-guiadas-al-museu-dinformatica\/\" rel=\"noopener noreferrer\">Read more<span class=\"screen-reader-text\">: 2018 Retr\u00f3polis Conferences<\/span><\/a><\/div><\/li>\n<li><a class=\"wp-block-latest-posts__post-title\" href=\"https:\/\/museo.inf.upv.es\/en\/blog\/2019\/04\/01\/videojuegos-por-alimentos\/\">2018 Retr\u00f3polis Conferences<\/a><time datetime=\"2019-04-01T11:41:55+00:00\" class=\"wp-block-latest-posts__post-date\">Monday April  1st, 2019<\/time><div class=\"wp-block-latest-posts__post-excerpt\">These are the conferences that took place in 2017 Retr\u00f3poli Valencia edition: Retr\u00f3polis 2017:\u00a0Paleoinform\u00e1tica en FPGA &#8211; Jos\u00e9 Tejada Retr\u00f3polis 2017: Dreamcast. Los rumores de mi muerte han sido exagerados\u2026 <a class=\"wp-block-latest-posts__read-more\" href=\"https:\/\/museo.inf.upv.es\/en\/blog\/2019\/04\/01\/videojuegos-por-alimentos\/\" rel=\"noopener noreferrer\">Read more<span class=\"screen-reader-text\">: 2018 Retr\u00f3polis Conferences<\/span><\/a><\/div><\/li>\n<li><a class=\"wp-block-latest-posts__post-title\" href=\"https:\/\/museo.inf.upv.es\/en\/blog\/2019\/04\/01\/anuncio-conferencia-paco-portalo-la-pulga\/\">2018 Retr\u00f3polis Conferences<\/a><time datetime=\"2019-04-01T11:37:57+00:00\" class=\"wp-block-latest-posts__post-date\">Monday April  1st, 2019<\/time><div class=\"wp-block-latest-posts__post-excerpt\">These are the conferences that took place in 2017 Retr\u00f3poli Valencia edition: Retr\u00f3polis 2017:\u00a0Paleoinform\u00e1tica en FPGA &#8211; Jos\u00e9 Tejada Retr\u00f3polis 2017: Dreamcast. Los rumores de mi muerte han sido exagerados\u2026 <a class=\"wp-block-latest-posts__read-more\" href=\"https:\/\/museo.inf.upv.es\/en\/blog\/2019\/04\/01\/anuncio-conferencia-paco-portalo-la-pulga\/\" rel=\"noopener noreferrer\">Read more<span class=\"screen-reader-text\">: 2018 Retr\u00f3polis Conferences<\/span><\/a><\/div><\/li>\n<li><a class=\"wp-block-latest-posts__post-title\" href=\"https:\/\/museo.inf.upv.es\/en\/blog\/2019\/04\/01\/anuncio-conferencia-jose-vicente-pons-opera-soft\/\">2018 Retr\u00f3polis Conferences<\/a><time datetime=\"2019-04-01T11:35:17+00:00\" class=\"wp-block-latest-posts__post-date\">Monday April  1st, 2019<\/time><div class=\"wp-block-latest-posts__post-excerpt\">These are the conferences that took place in 2017 Retr\u00f3poli Valencia edition: Retr\u00f3polis 2017:\u00a0Paleoinform\u00e1tica en FPGA &#8211; Jos\u00e9 Tejada Retr\u00f3polis 2017: Dreamcast. Los rumores de mi muerte han sido exagerados\u2026 <a class=\"wp-block-latest-posts__read-more\" href=\"https:\/\/museo.inf.upv.es\/en\/blog\/2019\/04\/01\/anuncio-conferencia-jose-vicente-pons-opera-soft\/\" rel=\"noopener noreferrer\">Read more<span class=\"screen-reader-text\">: 2018 Retr\u00f3polis Conferences<\/span><\/a><\/div><\/li>\n<li><a class=\"wp-block-latest-posts__post-title\" href=\"https:\/\/museo.inf.upv.es\/en\/blog\/2019\/04\/01\/descuento-en-renfe-para-retropolis-valencia-2016\/\">2018 Retr\u00f3polis Conferences<\/a><time datetime=\"2019-04-01T11:10:01+00:00\" class=\"wp-block-latest-posts__post-date\">Monday April  1st, 2019<\/time><div class=\"wp-block-latest-posts__post-excerpt\">These are the conferences that took place in 2017 Retr\u00f3poli Valencia edition: Retr\u00f3polis 2017:\u00a0Paleoinform\u00e1tica en FPGA &#8211; Jos\u00e9 Tejada Retr\u00f3polis 2017: Dreamcast. Los rumores de mi muerte han sido exagerados\u2026 <a class=\"wp-block-latest-posts__read-more\" href=\"https:\/\/museo.inf.upv.es\/en\/blog\/2019\/04\/01\/descuento-en-renfe-para-retropolis-valencia-2016\/\" rel=\"noopener noreferrer\">Read more<span class=\"screen-reader-text\">: 2018 Retr\u00f3polis Conferences<\/span><\/a><\/div><\/li>\n<li><a class=\"wp-block-latest-posts__post-title\" href=\"https:\/\/museo.inf.upv.es\/en\/blog\/2018\/07\/02\/conferencias-retropolis-2016\/\">2016 Retr\u00f3polis Conferences<\/a><time datetime=\"2018-07-02T11:28:05+00:00\" class=\"wp-block-latest-posts__post-date\">Monday July  2nd, 2018<\/time><div class=\"wp-block-latest-posts__post-excerpt\">These are the conferences that took place in 2016 Retr\u00f3polis Valencia edition: Retr\u00f3polis 2016: C\u00f3mo empec\u00e9 a programar videojuegos &#8211; Jos\u00e9 Vicente Pons Retr\u00f3polis 2016:\u00a0CPCTelera. Creando un juego para Amstrad\u2026 <a class=\"wp-block-latest-posts__read-more\" href=\"https:\/\/museo.inf.upv.es\/en\/blog\/2018\/07\/02\/conferencias-retropolis-2016\/\" rel=\"noopener noreferrer\">Read more<span class=\"screen-reader-text\">: 2016 Retr\u00f3polis Conferences<\/span><\/a><\/div><\/li>\n<li><a class=\"wp-block-latest-posts__post-title\" href=\"https:\/\/museo.inf.upv.es\/en\/blog\/2018\/06\/21\/anuncio-conferencia-la-abadia-del-crimen-extensum\/\">Anuncio Conferencia: La Abad\u00eda del Crimen Extensum<\/a><time datetime=\"2018-06-21T10:48:46+00:00\" class=\"wp-block-latest-posts__post-date\">Thursday June 21st, 2018<\/time><div class=\"wp-block-latest-posts__post-excerpt\">&#8220;Ya al final de mi vida de pecador, mientras espero el momento de perderme en el abismo sin fondo de la divinidad desierta y silenciosa; en esta celda de mi\u2026 <a class=\"wp-block-latest-posts__read-more\" href=\"https:\/\/museo.inf.upv.es\/en\/blog\/2018\/06\/21\/anuncio-conferencia-la-abadia-del-crimen-extensum\/\" rel=\"noopener noreferrer\">Read more<span class=\"screen-reader-text\">: Anuncio Conferencia: La Abad\u00eda del Crimen Extensum<\/span><\/a><\/div><\/li>\n<li><a class=\"wp-block-latest-posts__post-title\" href=\"https:\/\/museo.inf.upv.es\/en\/blog\/2018\/06\/21\/anuncio-conferencia-creando-un-juego-para-amstrad\/\">Anuncio Conferencia: Creando un juego para Amstrad<\/a><time datetime=\"2018-06-21T10:47:52+00:00\" class=\"wp-block-latest-posts__post-date\">Thursday June 21st, 2018<\/time><div class=\"wp-block-latest-posts__post-excerpt\">Seguimos completando el calendario de conferencias de Retr\u00f3polis Valencia 2016. Esta vez nos toca anunciar la conferencia que dar\u00e1 Fran Gallego titulada &#8220;CPCtelera: Creando un juego para Amstrad en 1\u2026 <a class=\"wp-block-latest-posts__read-more\" href=\"https:\/\/museo.inf.upv.es\/en\/blog\/2018\/06\/21\/anuncio-conferencia-creando-un-juego-para-amstrad\/\" rel=\"noopener noreferrer\">Read more<span class=\"screen-reader-text\">: Anuncio Conferencia: Creando un juego para Amstrad<\/span><\/a><\/div><\/li>\n<li><a class=\"wp-block-latest-posts__post-title\" href=\"https:\/\/museo.inf.upv.es\/en\/blog\/2018\/06\/21\/cartel-retropolis-valencia-2016\/\">Cartel Retr\u00f3polis Valencia 2016<\/a><time datetime=\"2018-06-21T10:47:04+00:00\" class=\"wp-block-latest-posts__post-date\">Thursday June 21st, 2018<\/time><div class=\"wp-block-latest-posts__post-excerpt\">Presentamos el que ser\u00e1 el cartel oficial de Retr\u00f3polis Valencia para este a\u00f1o 2016.<\/div><\/li>\n<li><a class=\"wp-block-latest-posts__post-title\" href=\"https:\/\/museo.inf.upv.es\/en\/blog\/2018\/06\/21\/anuncio-exposicion-de-videojuegos-de-star-wars\/\">Anuncio: Exposici\u00f3n de videojuegos de Star Wars<\/a><time datetime=\"2018-06-21T10:46:14+00:00\" class=\"wp-block-latest-posts__post-date\">Thursday June 21st, 2018<\/time><div class=\"wp-block-latest-posts__post-excerpt\">Hoy queremos anunciar la exposici\u00f3n que se podr\u00e1 disfrutar durante la celebraci\u00f3n de Retr\u00f3polis Valencia. Se trata, ni m\u00e1s ni menos, de una impresionante exposici\u00f3n de videojuegos de la archiconocida\u2026 <a class=\"wp-block-latest-posts__read-more\" href=\"https:\/\/museo.inf.upv.es\/en\/blog\/2018\/06\/21\/anuncio-exposicion-de-videojuegos-de-star-wars\/\" rel=\"noopener noreferrer\">Read more<span class=\"screen-reader-text\">: Anuncio: Exposici\u00f3n de videojuegos de Star Wars<\/span><\/a><\/div><\/li>\n<li><a class=\"wp-block-latest-posts__post-title\" href=\"https:\/\/museo.inf.upv.es\/en\/blog\/2018\/06\/21\/anuncio-conferencia-taller-de-creacion-de-videojuegos\/\">Anuncio Conferencia: Taller de creaci\u00f3n de videojuegos<\/a><time datetime=\"2018-06-21T10:44:35+00:00\" class=\"wp-block-latest-posts__post-date\">Thursday June 21st, 2018<\/time><div class=\"wp-block-latest-posts__post-excerpt\">Completamos el cartel de conferencias de Retr\u00f3polis Valencia 2016 para el s\u00e1bado 30 de abril con el taller de creaci\u00f3n de videojuegos a cargo de Carlos Gracia. Carlos es profesor\u2026 <a class=\"wp-block-latest-posts__read-more\" href=\"https:\/\/museo.inf.upv.es\/en\/blog\/2018\/06\/21\/anuncio-conferencia-taller-de-creacion-de-videojuegos\/\" rel=\"noopener noreferrer\">Read more<span class=\"screen-reader-text\">: Anuncio Conferencia: Taller de creaci\u00f3n de videojuegos<\/span><\/a><\/div><\/li>\n<li><a class=\"wp-block-latest-posts__post-title\" href=\"https:\/\/museo.inf.upv.es\/en\/blog\/2018\/06\/21\/museo-en-vivo-30-aniversario-de-opera-soft\/\">Museo en Vivo: 30 Aniversario de \u00d3pera Soft<\/a><time datetime=\"2018-06-21T10:43:48+00:00\" class=\"wp-block-latest-posts__post-date\">Thursday June 21st, 2018<\/time><div class=\"wp-block-latest-posts__post-excerpt\">El Museo en Vivo, el \u00e1rea m\u00e1s interactiva del Museo de Inform\u00e1tica, tambi\u00e9n se apunta a Retr\u00f3polis con una exposici\u00f3n interactiva en homenaje al 30 aniversario de \u00d3pera Soft. Desde\u2026 <a class=\"wp-block-latest-posts__read-more\" href=\"https:\/\/museo.inf.upv.es\/en\/blog\/2018\/06\/21\/museo-en-vivo-30-aniversario-de-opera-soft\/\" rel=\"noopener noreferrer\">Read more<span class=\"screen-reader-text\">: Museo en Vivo: 30 Aniversario de \u00d3pera Soft<\/span><\/a><\/div><\/li>\n<li><a class=\"wp-block-latest-posts__post-title\" href=\"https:\/\/museo.inf.upv.es\/en\/blog\/2018\/06\/21\/anuncio-torneos-retropolis-2016\/\">Anuncio: Torneos Retr\u00f3polis 2016<\/a><time datetime=\"2018-06-21T10:41:14+00:00\" class=\"wp-block-latest-posts__post-date\">Thursday June 21st, 2018<\/time><div class=\"wp-block-latest-posts__post-excerpt\">Anunciamos los torneos en los que podr\u00e9is participar en esta edici\u00f3n de Retr\u00f3polis Valencia. 25 Aniversario Sonic The Hedgehog (Megadrive) &#8211; S\u00e1bado 30 de abril \u00bfSer\u00e1s capaz de conseguir la\u2026 <a class=\"wp-block-latest-posts__read-more\" href=\"https:\/\/museo.inf.upv.es\/en\/blog\/2018\/06\/21\/anuncio-torneos-retropolis-2016\/\" rel=\"noopener noreferrer\">Read more<span class=\"screen-reader-text\">: Anuncio: Torneos Retr\u00f3polis 2016<\/span><\/a><\/div><\/li>\n<li><a class=\"wp-block-latest-posts__post-title\" href=\"https:\/\/museo.inf.upv.es\/en\/blog\/2018\/06\/21\/taller-de-retroinformatica-colegio-san-cristofor-martir\/\">Taller de Retroinform\u00e1tica Colegio San Crist\u00f2for M\u00e0rtir<\/a><time datetime=\"2018-06-21T10:40:03+00:00\" class=\"wp-block-latest-posts__post-date\">Thursday June 21st, 2018<\/time><div class=\"wp-block-latest-posts__post-excerpt\">En el contexto de la celebraci\u00f3n de Retr\u00f3polis Valencia 2016, el Col\u00b7legi San Crist\u00f2for M\u00e0rtir (Picassent, Val\u00e8ncia) ha participado en el Taller de Retroinform\u00e1tica organizado por el Museo de Inform\u00e1tica.\u2026 <a class=\"wp-block-latest-posts__read-more\" href=\"https:\/\/museo.inf.upv.es\/en\/blog\/2018\/06\/21\/taller-de-retroinformatica-colegio-san-cristofor-martir\/\" rel=\"noopener noreferrer\">Read more<span class=\"screen-reader-text\">: Taller de Retroinform\u00e1tica Colegio San Crist\u00f2for M\u00e0rtir<\/span><\/a><\/div><\/li>\n<li><a class=\"wp-block-latest-posts__post-title\" href=\"https:\/\/museo.inf.upv.es\/en\/blog\/2018\/06\/21\/video-conferencia-jose-vicente-pons\/\">V\u00eddeo: Conferencia Jos\u00e9 Vicente Pons<\/a><time datetime=\"2018-06-21T10:36:21+00:00\" class=\"wp-block-latest-posts__post-date\">Thursday June 21st, 2018<\/time><div class=\"wp-block-latest-posts__post-excerpt\">C\u00f3mo empec\u00e9 a programar videojuegos Dejamos a continuaci\u00f3n el v\u00eddeo interactivo de la conferencia que dio Jos\u00e9 Vicente Pons en Retr\u00f3polis Valencia 2016. Pod\u00e9is interactuar con los elementos en pantalla\u2026 <a class=\"wp-block-latest-posts__read-more\" href=\"https:\/\/museo.inf.upv.es\/en\/blog\/2018\/06\/21\/video-conferencia-jose-vicente-pons\/\" rel=\"noopener noreferrer\">Read more<span class=\"screen-reader-text\">: V\u00eddeo: Conferencia Jos\u00e9 Vicente Pons<\/span><\/a><\/div><\/li>\n<li><a class=\"wp-block-latest-posts__post-title\" href=\"https:\/\/museo.inf.upv.es\/en\/blog\/2018\/06\/21\/video-conferencia-fran-gallego\/\">V\u00eddeo: Conferencia Fran Gallego<\/a><time datetime=\"2018-06-21T10:34:33+00:00\" class=\"wp-block-latest-posts__post-date\">Thursday June 21st, 2018<\/time><div class=\"wp-block-latest-posts__post-excerpt\">CPCTelera: Creando un juego para Amstrad en 1 hora Dejamos a continuaci\u00f3n el v\u00eddeo interactivo de la conferencia que dio Fran Gallego en Retr\u00f3polis Valencia 2016. Pod\u00e9is interactuar con los\u2026 <a class=\"wp-block-latest-posts__read-more\" href=\"https:\/\/museo.inf.upv.es\/en\/blog\/2018\/06\/21\/video-conferencia-fran-gallego\/\" rel=\"noopener noreferrer\">Read more<span class=\"screen-reader-text\">: V\u00eddeo: Conferencia Fran Gallego<\/span><\/a><\/div><\/li>\n<li><a class=\"wp-block-latest-posts__post-title\" href=\"https:\/\/museo.inf.upv.es\/en\/blog\/2018\/06\/21\/video-conferencia-la-abadia-del-crimen-extensum\/\">V\u00eddeo: Conferencia La Abad\u00eda del Crimen Extensum<\/a><time datetime=\"2018-06-21T10:33:43+00:00\" class=\"wp-block-latest-posts__post-date\">Thursday June 21st, 2018<\/time><div class=\"wp-block-latest-posts__post-excerpt\">La Abad\u00eda del Crimen Extensum Dejamos a continuaci\u00f3n el v\u00eddeo interactivo de la conferencia de Manuel Pazos y Daniel Celem\u00edn en Retr\u00f3polis Valencia 2016 sobre el desarrollo de La Abad\u00eda\u2026 <a class=\"wp-block-latest-posts__read-more\" href=\"https:\/\/museo.inf.upv.es\/en\/blog\/2018\/06\/21\/video-conferencia-la-abadia-del-crimen-extensum\/\" rel=\"noopener noreferrer\">Read more<span class=\"screen-reader-text\">: V\u00eddeo: Conferencia La Abad\u00eda del Crimen Extensum<\/span><\/a><\/div><\/li>\n<li><a class=\"wp-block-latest-posts__post-title\" href=\"https:\/\/museo.inf.upv.es\/en\/blog\/2018\/06\/21\/video-conferencia-paco-portalo\/\">V\u00eddeo: Conferencia Paco Portalo<\/a><time datetime=\"2018-06-21T10:32:54+00:00\" class=\"wp-block-latest-posts__post-date\">Thursday June 21st, 2018<\/time><div class=\"wp-block-latest-posts__post-excerpt\">Los videojuegos como paradigma de innovaci\u00f3n en los or\u00edgenes de la industria del software espa\u00f1ol. Dejamos a continuaci\u00f3n el v\u00eddeo interactivo de la conferencia de Paco Portalo, coautor de La\u2026 <a class=\"wp-block-latest-posts__read-more\" href=\"https:\/\/museo.inf.upv.es\/en\/blog\/2018\/06\/21\/video-conferencia-paco-portalo\/\" rel=\"noopener noreferrer\">Read more<span class=\"screen-reader-text\">: V\u00eddeo: Conferencia Paco Portalo<\/span><\/a><\/div><\/li>\n<li><a class=\"wp-block-latest-posts__post-title\" href=\"https:\/\/museo.inf.upv.es\/en\/blog\/2018\/06\/21\/video-conferencia-de-carlos-gracia\/\">V\u00eddeo: Conferencia de Carlos Gracia<\/a><time datetime=\"2018-06-21T10:31:59+00:00\" class=\"wp-block-latest-posts__post-date\">Thursday June 21st, 2018<\/time><div class=\"wp-block-latest-posts__post-excerpt\">Taller de creaci\u00f3n de videojuegos. Dejamos a continuaci\u00f3n la grabaci\u00f3n del taller de creaci\u00f3n de videojuegos que ofreci\u00f3 Carlos Gracia a todos los asistentes a Retr\u00f3polis Valencia 2016 el pasado\u2026 <a class=\"wp-block-latest-posts__read-more\" href=\"https:\/\/museo.inf.upv.es\/en\/blog\/2018\/06\/21\/video-conferencia-de-carlos-gracia\/\" rel=\"noopener noreferrer\">Read more<span class=\"screen-reader-text\">: V\u00eddeo: Conferencia de Carlos Gracia<\/span><\/a><\/div><\/li>\n<li><a class=\"wp-block-latest-posts__post-title\" href=\"https:\/\/museo.inf.upv.es\/en\/blog\/2018\/06\/21\/expositores-retropolis-2016\/\">2016 RETR\u00d3POLIS EXPOSERS<\/a><time datetime=\"2018-06-21T10:01:04+00:00\" class=\"wp-block-latest-posts__post-date\">Thursday June 21st, 2018<\/time><div class=\"wp-block-latest-posts__post-excerpt\">Listado de expositores confirmados, por orden alfab\u00e9tico: Alain Iniesta es un coleccionista particular que expondr\u00e1 parte de su colecci\u00f3n. Bits don&#8217;t come easy es una exposici\u00f3n fotogr\u00e1fica que pretende mostrar,\u2026 <a class=\"wp-block-latest-posts__read-more\" href=\"https:\/\/museo.inf.upv.es\/en\/blog\/2018\/06\/21\/expositores-retropolis-2016\/\" rel=\"noopener noreferrer\">Read more<span class=\"screen-reader-text\">: 2016 RETR\u00d3POLIS EXPOSERS<\/span><\/a><\/div><\/li>\n<li><a class=\"wp-block-latest-posts__post-title\" href=\"https:\/\/museo.inf.upv.es\/en\/blog\/2018\/06\/21\/horarios-y-actividades-retropolis-2016\/\">SCHEDULES AND ACTIVITIES RETR\u00d3POLIS 2016<\/a><time datetime=\"2018-06-21T09:53:44+00:00\" class=\"wp-block-latest-posts__post-date\">Thursday June 21st, 2018<\/time><div class=\"wp-block-latest-posts__post-excerpt\">Exposici\u00f3n de videojuegos de Star Wars Los visitantes podr\u00e1n disfrutar de un recorrido por los m\u00e1s relevantes videojuegos de Star Wars desde 1982 hasta 2008, cerca de 100 videojuegos creados\u2026 <a class=\"wp-block-latest-posts__read-more\" href=\"https:\/\/museo.inf.upv.es\/en\/blog\/2018\/06\/21\/horarios-y-actividades-retropolis-2016\/\" rel=\"noopener noreferrer\">Read more<span class=\"screen-reader-text\">: SCHEDULES AND ACTIVITIES RETR\u00d3POLIS 2016<\/span><\/a><\/div><\/li>\n<li><a class=\"wp-block-latest-posts__post-title\" href=\"https:\/\/museo.inf.upv.es\/en\/blog\/2018\/06\/21\/colaboradores-retropolis-2016\/\">COLABORADORES RETR\u00d3POLIS 2016<\/a><time datetime=\"2018-06-21T09:51:34+00:00\" class=\"wp-block-latest-posts__post-date\">Thursday June 21st, 2018<\/time><div class=\"wp-block-latest-posts__post-excerpt\">Museo de Inform\u00e1tica El Museo de Inform\u00e1tica de la Escola T\u00e8cnica Superior d\u2019Enginyeria Inform\u00e0tica de la Universitat Polit\u00e8cnica de Val\u00e8ncia os ofrece un recorrido a trav\u00e9s de las \u00faltimas d\u00e9cadas\u2026 <a class=\"wp-block-latest-posts__read-more\" href=\"https:\/\/museo.inf.upv.es\/en\/blog\/2018\/06\/21\/colaboradores-retropolis-2016\/\" rel=\"noopener noreferrer\">Read more<span class=\"screen-reader-text\">: COLABORADORES RETR\u00d3POLIS 2016<\/span><\/a><\/div><\/li>\n<\/ul>","protected":false},"excerpt":{"rendered":"","protected":false},"author":2,"featured_media":0,"parent":0,"menu_order":0,"comment_status":"closed","ping_status":"closed","template":"","meta":{"_monsterinsights_skip_tracking":false,"_monsterinsights_sitenote_active":false,"_monsterinsights_sitenote_note":"","_monsterinsights_sitenote_category":0,"footnotes":""},"class_list":["post-9348","page","type-page","status-publish","hentry","post"],"yoast_head":"<!-- This site is optimized with the Yoast SEO plugin v27.6 - https:\/\/yoast.com\/product\/yoast-seo-wordpress\/ -->\n<title>RETR\u00d3POLIS 2016 News - Web del Museo de Inform\u00e1tica 2.0<\/title>\n<meta name=\"robots\" content=\"index, follow, max-snippet:-1, max-image-preview:large, max-video-preview:-1\" \/>\n<link rel=\"canonical\" href=\"https:\/\/museo.inf.upv.es\/noticias-retropolis-2016\/\" \/>\n<meta property=\"og:locale\" content=\"en_US\" \/>\n<meta property=\"og:type\" content=\"article\" \/>\n<meta property=\"og:title\" content=\"RETR\u00d3POLIS 2016 News - Web del Museo de Inform\u00e1tica 2.0\" \/>\n<meta property=\"og:url\" content=\"https:\/\/museo.inf.upv.es\/noticias-retropolis-2016\/\" \/>\n<meta property=\"og:site_name\" content=\"Web del Museo de Inform\u00e1tica 2.0\" \/>\n<meta property=\"article:modified_time\" content=\"2021-07-26T08:10:40+00:00\" \/>\n<meta name=\"twitter:card\" content=\"summary_large_image\" \/>\n<script type=\"application\/ld+json\" class=\"yoast-schema-graph\">{\"@context\":\"https:\\\/\\\/schema.org\",\"@graph\":[{\"@type\":\"WebPage\",\"@id\":\"https:\\\/\\\/museo.inf.upv.es\\\/noticias-retropolis-2016\\\/\",\"url\":\"https:\\\/\\\/museo.inf.upv.es\\\/noticias-retropolis-2016\\\/\",\"name\":\"RETR\u00d3POLIS 2016 News - Web del Museo de Inform\u00e1tica 2.0\",\"isPartOf\":{\"@id\":\"https:\\\/\\\/museo.inf.upv.es\\\/#website\"},\"datePublished\":\"2021-07-26T07:54:18+00:00\",\"dateModified\":\"2021-07-26T08:10:40+00:00\",\"breadcrumb\":{\"@id\":\"https:\\\/\\\/museo.inf.upv.es\\\/noticias-retropolis-2016\\\/#breadcrumb\"},\"inLanguage\":\"en-US\",\"potentialAction\":[{\"@type\":\"ReadAction\",\"target\":[\"https:\\\/\\\/museo.inf.upv.es\\\/noticias-retropolis-2016\\\/\"]}]},{\"@type\":\"BreadcrumbList\",\"@id\":\"https:\\\/\\\/museo.inf.upv.es\\\/noticias-retropolis-2016\\\/#breadcrumb\",\"itemListElement\":[{\"@type\":\"ListItem\",\"position\":1,\"name\":\"Portada\",\"item\":\"https:\\\/\\\/museo.inf.upv.es\\\/\"},{\"@type\":\"ListItem\",\"position\":2,\"name\":\"Noticias RETR\u00d3POLIS 2016\"}]},{\"@type\":\"WebSite\",\"@id\":\"https:\\\/\\\/museo.inf.upv.es\\\/#website\",\"url\":\"https:\\\/\\\/museo.inf.upv.es\\\/\",\"name\":\"Web del Museo de Inform\u00e1tica 2.0\",\"description\":\"Web del Museo de Inform\u00e1tica 2.0\",\"potentialAction\":[{\"@type\":\"SearchAction\",\"target\":{\"@type\":\"EntryPoint\",\"urlTemplate\":\"https:\\\/\\\/museo.inf.upv.es\\\/?s={search_term_string}\"},\"query-input\":{\"@type\":\"PropertyValueSpecification\",\"valueRequired\":true,\"valueName\":\"search_term_string\"}}],\"inLanguage\":\"en-US\"}]}<\/script>\n<!-- \/ Yoast SEO plugin. -->","yoast_head_json":{"title":"RETR\u00d3POLIS 2016 News - Web del Museo de Inform\u00e1tica 2.0","robots":{"index":"index","follow":"follow","max-snippet":"max-snippet:-1","max-image-preview":"max-image-preview:large","max-video-preview":"max-video-preview:-1"},"canonical":"https:\/\/museo.inf.upv.es\/noticias-retropolis-2016\/","og_locale":"en_US","og_type":"article","og_title":"RETR\u00d3POLIS 2016 News - Web del Museo de Inform\u00e1tica 2.0","og_url":"https:\/\/museo.inf.upv.es\/noticias-retropolis-2016\/","og_site_name":"Web del Museo de Inform\u00e1tica 2.0","article_modified_time":"2021-07-26T08:10:40+00:00","twitter_card":"summary_large_image","schema":{"@context":"https:\/\/schema.org","@graph":[{"@type":"WebPage","@id":"https:\/\/museo.inf.upv.es\/noticias-retropolis-2016\/","url":"https:\/\/museo.inf.upv.es\/noticias-retropolis-2016\/","name":"RETR\u00d3POLIS 2016 News - Web del Museo de Inform\u00e1tica 2.0","isPartOf":{"@id":"https:\/\/museo.inf.upv.es\/#website"},"datePublished":"2021-07-26T07:54:18+00:00","dateModified":"2021-07-26T08:10:40+00:00","breadcrumb":{"@id":"https:\/\/museo.inf.upv.es\/noticias-retropolis-2016\/#breadcrumb"},"inLanguage":"en-US","potentialAction":[{"@type":"ReadAction","target":["https:\/\/museo.inf.upv.es\/noticias-retropolis-2016\/"]}]},{"@type":"BreadcrumbList","@id":"https:\/\/museo.inf.upv.es\/noticias-retropolis-2016\/#breadcrumb","itemListElement":[{"@type":"ListItem","position":1,"name":"Portada","item":"https:\/\/museo.inf.upv.es\/"},{"@type":"ListItem","position":2,"name":"Noticias RETR\u00d3POLIS 2016"}]},{"@type":"WebSite","@id":"https:\/\/museo.inf.upv.es\/#website","url":"https:\/\/museo.inf.upv.es\/","name":"Web del Museo de Inform\u00e1tica 2.0","description":"Web del Museo de Inform\u00e1tica 2.0","potentialAction":[{"@type":"SearchAction","target":{"@type":"EntryPoint","urlTemplate":"https:\/\/museo.inf.upv.es\/?s={search_term_string}"},"query-input":{"@type":"PropertyValueSpecification","valueRequired":true,"valueName":"search_term_string"}}],"inLanguage":"en-US"}]}},"_links":{"self":[{"href":"https:\/\/museo.inf.upv.es\/en\/wp-json\/wp\/v2\/pages\/9348","targetHints":{"allow":["GET"]}}],"collection":[{"href":"https:\/\/museo.inf.upv.es\/en\/wp-json\/wp\/v2\/pages"}],"about":[{"href":"https:\/\/museo.inf.upv.es\/en\/wp-json\/wp\/v2\/types\/page"}],"author":[{"embeddable":true,"href":"https:\/\/museo.inf.upv.es\/en\/wp-json\/wp\/v2\/users\/2"}],"replies":[{"embeddable":true,"href":"https:\/\/museo.inf.upv.es\/en\/wp-json\/wp\/v2\/comments?post=9348"}],"version-history":[{"count":4,"href":"https:\/\/museo.inf.upv.es\/en\/wp-json\/wp\/v2\/pages\/9348\/revisions"}],"predecessor-version":[{"id":9367,"href":"https:\/\/museo.inf.upv.es\/en\/wp-json\/wp\/v2\/pages\/9348\/revisions\/9367"}],"wp:attachment":[{"href":"https:\/\/museo.inf.upv.es\/en\/wp-json\/wp\/v2\/media?parent=9348"}],"curies":[{"name":"wp","href":"https:\/\/api.w.org\/{rel}","templated":true}]}}