{"id":9384,"date":"2021-07-26T08:40:25","date_gmt":"2021-07-26T08:40:25","guid":{"rendered":"https:\/\/museo.inf.upv.es\/?page_id=9384"},"modified":"2021-07-26T08:40:27","modified_gmt":"2021-07-26T08:40:27","slug":"noticias-retropolis-2019","status":"publish","type":"page","link":"https:\/\/museo.inf.upv.es\/en\/noticias-retropolis-2019\/","title":{"rendered":"RETR\u00d3POLIS 2019 News"},"content":{"rendered":"<ul class=\"wp-block-latest-posts__list is-grid columns-3 has-dates wp-block-latest-posts\"><li><a class=\"wp-block-latest-posts__post-title\" href=\"https:\/\/museo.inf.upv.es\/en\/blog\/2020\/03\/02\/conferencias-retropolis-2019-2\/\">2019 Retr\u00f3polis Conferences<\/a><time datetime=\"2020-03-02T17:03:26+00:00\" class=\"wp-block-latest-posts__post-date\">Monday March  2nd, 2020<\/time><div class=\"wp-block-latest-posts__post-excerpt\">These are the conferences that took place in 2019 Retr\u00f3poli Valencia edition: Retr\u00f3polis 2019:\u00a0De la Edad de Oro a Commandos, los a\u00f1os perdidos Retr\u00f3polis 2019: Retrogaming: Una misi\u00f3n posible en sistemas Arcade de\u2026 <a class=\"wp-block-latest-posts__read-more\" href=\"https:\/\/museo.inf.upv.es\/en\/blog\/2020\/03\/02\/conferencias-retropolis-2019-2\/\" rel=\"noopener noreferrer\">Read more<span class=\"screen-reader-text\">: 2019 Retr\u00f3polis Conferences<\/span><\/a><\/div><\/li>\n<li><a class=\"wp-block-latest-posts__post-title\" href=\"https:\/\/museo.inf.upv.es\/en\/blog\/2020\/03\/02\/horarios-y-actividades-2019\/\">(Espa\u00f1ol) HORARIOS Y ACTIVIDADES 2019<\/a><time datetime=\"2020-03-02T08:53:00+00:00\" class=\"wp-block-latest-posts__post-date\">Monday March  2nd, 2020<\/time><div class=\"wp-block-latest-posts__post-excerpt\">Sorry, this entry is only available in Espa\u00f1ol.<\/div><\/li>\n<li><a class=\"wp-block-latest-posts__post-title\" href=\"https:\/\/museo.inf.upv.es\/en\/blog\/2020\/03\/02\/expositores-2019\/\">(Espa\u00f1ol) Expositores 2019<\/a><time datetime=\"2020-03-02T08:48:00+00:00\" class=\"wp-block-latest-posts__post-date\">Monday March  2nd, 2020<\/time><div class=\"wp-block-latest-posts__post-excerpt\">Sorry, this entry is only available in Espa\u00f1ol.<\/div><\/li>\n<li><a class=\"wp-block-latest-posts__post-title\" href=\"https:\/\/museo.inf.upv.es\/en\/blog\/2019\/04\/12\/colaboradores-retropolis-2019\/\">COLABORADORES RETR\u00d3POLIS 2019<\/a><time datetime=\"2019-04-12T09:03:00+00:00\" class=\"wp-block-latest-posts__post-date\">Friday April 12th, 2019<\/time><div class=\"wp-block-latest-posts__post-excerpt\">Escuela T\u00e9cnica Superior de Ingenier\u00eda Inform\u00e1tica La Escuela T\u00e9cnica Superior de Ingenier\u00eda Inform\u00e1tica de la UPV, resultante de la integraci\u00f3n en un \u00fanico centro de la Escuela T\u00e9cnica Superior de Inform\u00e1tica Aplicada y\u2026 <a class=\"wp-block-latest-posts__read-more\" href=\"https:\/\/museo.inf.upv.es\/en\/blog\/2019\/04\/12\/colaboradores-retropolis-2019\/\" rel=\"noopener noreferrer\">Read more<span class=\"screen-reader-text\">: COLABORADORES RETR\u00d3POLIS 2019<\/span><\/a><\/div><\/li>\n<\/ul>","protected":false},"excerpt":{"rendered":"","protected":false},"author":2,"featured_media":0,"parent":0,"menu_order":0,"comment_status":"closed","ping_status":"closed","template":"","meta":{"_monsterinsights_skip_tracking":false,"_monsterinsights_sitenote_active":false,"_monsterinsights_sitenote_note":"","_monsterinsights_sitenote_category":0,"footnotes":""},"class_list":["post-9384","page","type-page","status-publish","hentry","post"],"yoast_head":"<!-- This site is optimized with the Yoast SEO plugin v27.5 - https:\/\/yoast.com\/product\/yoast-seo-wordpress\/ -->\n<title>RETR\u00d3POLIS 2019 News - Web del Museo de Inform\u00e1tica 2.0<\/title>\n<meta name=\"robots\" content=\"index, follow, max-snippet:-1, max-image-preview:large, max-video-preview:-1\" \/>\n<link rel=\"canonical\" href=\"https:\/\/museo.inf.upv.es\/va\/noticias-retropolis-2019\/\" \/>\n<meta property=\"og:locale\" content=\"en_US\" \/>\n<meta property=\"og:type\" content=\"article\" \/>\n<meta property=\"og:title\" content=\"RETR\u00d3POLIS 2019 News - Web del Museo de Inform\u00e1tica 2.0\" \/>\n<meta property=\"og:url\" content=\"https:\/\/museo.inf.upv.es\/va\/noticias-retropolis-2019\/\" \/>\n<meta property=\"og:site_name\" content=\"Web del Museo de Inform\u00e1tica 2.0\" \/>\n<meta property=\"article:modified_time\" content=\"2021-07-26T08:40:27+00:00\" \/>\n<meta name=\"twitter:card\" content=\"summary_large_image\" \/>\n<script type=\"application\/ld+json\" class=\"yoast-schema-graph\">{\"@context\":\"https:\\\/\\\/schema.org\",\"@graph\":[{\"@type\":\"WebPage\",\"@id\":\"https:\\\/\\\/museo.inf.upv.es\\\/va\\\/noticias-retropolis-2019\\\/\",\"url\":\"https:\\\/\\\/museo.inf.upv.es\\\/va\\\/noticias-retropolis-2019\\\/\",\"name\":\"RETR\u00d3POLIS 2019 News - Web del Museo de Inform\u00e1tica 2.0\",\"isPartOf\":{\"@id\":\"https:\\\/\\\/museo.inf.upv.es\\\/#website\"},\"datePublished\":\"2021-07-26T08:40:25+00:00\",\"dateModified\":\"2021-07-26T08:40:27+00:00\",\"breadcrumb\":{\"@id\":\"https:\\\/\\\/museo.inf.upv.es\\\/va\\\/noticias-retropolis-2019\\\/#breadcrumb\"},\"inLanguage\":\"en-US\",\"potentialAction\":[{\"@type\":\"ReadAction\",\"target\":[\"https:\\\/\\\/museo.inf.upv.es\\\/va\\\/noticias-retropolis-2019\\\/\"]}]},{\"@type\":\"BreadcrumbList\",\"@id\":\"https:\\\/\\\/museo.inf.upv.es\\\/va\\\/noticias-retropolis-2019\\\/#breadcrumb\",\"itemListElement\":[{\"@type\":\"ListItem\",\"position\":1,\"name\":\"Portada\",\"item\":\"https:\\\/\\\/museo.inf.upv.es\\\/\"},{\"@type\":\"ListItem\",\"position\":2,\"name\":\"Notic\u00edes RETR\u00d3POLIS 2019\"}]},{\"@type\":\"WebSite\",\"@id\":\"https:\\\/\\\/museo.inf.upv.es\\\/#website\",\"url\":\"https:\\\/\\\/museo.inf.upv.es\\\/\",\"name\":\"Web del Museo de Inform\u00e1tica 2.0\",\"description\":\"Web del Museo de Inform\u00e1tica 2.0\",\"potentialAction\":[{\"@type\":\"SearchAction\",\"target\":{\"@type\":\"EntryPoint\",\"urlTemplate\":\"https:\\\/\\\/museo.inf.upv.es\\\/?s={search_term_string}\"},\"query-input\":{\"@type\":\"PropertyValueSpecification\",\"valueRequired\":true,\"valueName\":\"search_term_string\"}}],\"inLanguage\":\"en-US\"}]}<\/script>\n<!-- \/ Yoast SEO plugin. -->","yoast_head_json":{"title":"RETR\u00d3POLIS 2019 News - Web del Museo de Inform\u00e1tica 2.0","robots":{"index":"index","follow":"follow","max-snippet":"max-snippet:-1","max-image-preview":"max-image-preview:large","max-video-preview":"max-video-preview:-1"},"canonical":"https:\/\/museo.inf.upv.es\/va\/noticias-retropolis-2019\/","og_locale":"en_US","og_type":"article","og_title":"RETR\u00d3POLIS 2019 News - Web del Museo de Inform\u00e1tica 2.0","og_url":"https:\/\/museo.inf.upv.es\/va\/noticias-retropolis-2019\/","og_site_name":"Web del Museo de Inform\u00e1tica 2.0","article_modified_time":"2021-07-26T08:40:27+00:00","twitter_card":"summary_large_image","schema":{"@context":"https:\/\/schema.org","@graph":[{"@type":"WebPage","@id":"https:\/\/museo.inf.upv.es\/va\/noticias-retropolis-2019\/","url":"https:\/\/museo.inf.upv.es\/va\/noticias-retropolis-2019\/","name":"RETR\u00d3POLIS 2019 News - Web del Museo de Inform\u00e1tica 2.0","isPartOf":{"@id":"https:\/\/museo.inf.upv.es\/#website"},"datePublished":"2021-07-26T08:40:25+00:00","dateModified":"2021-07-26T08:40:27+00:00","breadcrumb":{"@id":"https:\/\/museo.inf.upv.es\/va\/noticias-retropolis-2019\/#breadcrumb"},"inLanguage":"en-US","potentialAction":[{"@type":"ReadAction","target":["https:\/\/museo.inf.upv.es\/va\/noticias-retropolis-2019\/"]}]},{"@type":"BreadcrumbList","@id":"https:\/\/museo.inf.upv.es\/va\/noticias-retropolis-2019\/#breadcrumb","itemListElement":[{"@type":"ListItem","position":1,"name":"Portada","item":"https:\/\/museo.inf.upv.es\/"},{"@type":"ListItem","position":2,"name":"Notic\u00edes RETR\u00d3POLIS 2019"}]},{"@type":"WebSite","@id":"https:\/\/museo.inf.upv.es\/#website","url":"https:\/\/museo.inf.upv.es\/","name":"Web del Museo de Inform\u00e1tica 2.0","description":"Web del Museo de Inform\u00e1tica 2.0","potentialAction":[{"@type":"SearchAction","target":{"@type":"EntryPoint","urlTemplate":"https:\/\/museo.inf.upv.es\/?s={search_term_string}"},"query-input":{"@type":"PropertyValueSpecification","valueRequired":true,"valueName":"search_term_string"}}],"inLanguage":"en-US"}]}},"_links":{"self":[{"href":"https:\/\/museo.inf.upv.es\/en\/wp-json\/wp\/v2\/pages\/9384","targetHints":{"allow":["GET"]}}],"collection":[{"href":"https:\/\/museo.inf.upv.es\/en\/wp-json\/wp\/v2\/pages"}],"about":[{"href":"https:\/\/museo.inf.upv.es\/en\/wp-json\/wp\/v2\/types\/page"}],"author":[{"embeddable":true,"href":"https:\/\/museo.inf.upv.es\/en\/wp-json\/wp\/v2\/users\/2"}],"replies":[{"embeddable":true,"href":"https:\/\/museo.inf.upv.es\/en\/wp-json\/wp\/v2\/comments?post=9384"}],"version-history":[{"count":2,"href":"https:\/\/museo.inf.upv.es\/en\/wp-json\/wp\/v2\/pages\/9384\/revisions"}],"predecessor-version":[{"id":9386,"href":"https:\/\/museo.inf.upv.es\/en\/wp-json\/wp\/v2\/pages\/9384\/revisions\/9386"}],"wp:attachment":[{"href":"https:\/\/museo.inf.upv.es\/en\/wp-json\/wp\/v2\/media?parent=9384"}],"curies":[{"name":"wp","href":"https:\/\/api.w.org\/{rel}","templated":true}]}}