{"id":10406,"date":"2022-04-27T09:04:58","date_gmt":"2022-04-27T09:04:58","guid":{"rendered":"https:\/\/museo.inf.upv.es\/?page_id=10406"},"modified":"2022-04-28T14:51:37","modified_gmt":"2022-04-28T14:51:37","slug":"noticias-retropolis-2022","status":"publish","type":"page","link":"https:\/\/museo.inf.upv.es\/va\/noticias-retropolis-2022\/","title":{"rendered":"Not\u00edcies Retr\u00f3polis 2022"},"content":{"rendered":"<ul class=\"wp-block-latest-posts__list is-grid columns-3 has-dates wp-block-latest-posts\"><li><a class=\"wp-block-latest-posts__post-title\" href=\"https:\/\/museo.inf.upv.es\/va\/blog\/2022\/05\/03\/conferencias-retropolis-2022\/\">Confer\u00e8ncies Retr\u00f3polis 2022<\/a><time datetime=\"2022-05-03T10:36:17+00:00\" class=\"wp-block-latest-posts__post-date\">May 3, 2022<\/time><div class=\"wp-block-latest-posts__post-excerpt\">Aquestes son les conferencies que van tenir lloc a Retr\u00f3polis Val\u00e8ncia 2022: \u00a0 Retr\u00f3polis 2022: De la universidad al mundo del papel: de inform\u00e1tico a historiador. \u00a0 Retr\u00f3polis 2022: Los videojuegos como estilo\u2026 <a class=\"wp-block-latest-posts__read-more\" href=\"https:\/\/museo.inf.upv.es\/va\/blog\/2022\/05\/03\/conferencias-retropolis-2022\/\" rel=\"noopener noreferrer\">Read more<span class=\"screen-reader-text\">: Confer\u00e8ncies Retr\u00f3polis 2022<\/span><\/a><\/div><\/li>\n<li><a class=\"wp-block-latest-posts__post-title\" href=\"https:\/\/museo.inf.upv.es\/va\/blog\/2022\/04\/28\/exposicion-temporal-en-el-espai-inf\/\">Exposici\u00f3 temporal al espai.inf<\/a><time datetime=\"2022-04-28T16:03:37+00:00\" class=\"wp-block-latest-posts__post-date\">April 28, 2022<\/time><div class=\"wp-block-latest-posts__post-excerpt\">Com a part dels continguts de Retr\u00f3Polis Val\u00e8ncia 2022, enguany hem muntat una exposici\u00f3 temporal per a homenatjar a L&#8217;Edat d&#8217;Or del Programari Espanyol, amb una col\u00b7lecci\u00f3 d&#8217;estendards a manera de panells informatius\u2026 <a class=\"wp-block-latest-posts__read-more\" href=\"https:\/\/museo.inf.upv.es\/va\/blog\/2022\/04\/28\/exposicion-temporal-en-el-espai-inf\/\" rel=\"noopener noreferrer\">Read more<span class=\"screen-reader-text\">: Exposici\u00f3 temporal al espai.inf<\/span><\/a><\/div><\/li>\n<li><a class=\"wp-block-latest-posts__post-title\" href=\"https:\/\/museo.inf.upv.es\/va\/blog\/2022\/04\/27\/horarios-y-actividades-2022\/\">(Espa\u00f1ol) HORARIOS Y ACTIVIDADES 2022<\/a><time datetime=\"2022-04-27T08:17:24+00:00\" class=\"wp-block-latest-posts__post-date\">April 27, 2022<\/time><div class=\"wp-block-latest-posts__post-excerpt\">Ho sentim, aquesta entrada nom\u00e9s es troba disponible en Espa\u00f1ol.<\/div><\/li>\n<li><a class=\"wp-block-latest-posts__post-title\" href=\"https:\/\/museo.inf.upv.es\/va\/blog\/2022\/04\/26\/menu-especial-retropolis-valencia-2022\/\">(Espa\u00f1ol) Men\u00fa especial Retr\u00f3polis Valencia 2022<\/a><time datetime=\"2022-04-26T08:42:35+00:00\" class=\"wp-block-latest-posts__post-date\">April 26, 2022<\/time><div class=\"wp-block-latest-posts__post-excerpt\">Ho sentim, aquesta entrada nom\u00e9s es troba disponible en Espa\u00f1ol.<\/div><\/li>\n<li><a class=\"wp-block-latest-posts__post-title\" href=\"https:\/\/museo.inf.upv.es\/va\/blog\/2022\/04\/24\/expositores-2022\/\">Expositors 2022<\/a><time datetime=\"2022-04-24T18:40:12+00:00\" class=\"wp-block-latest-posts__post-date\">April 24, 2022<\/time><div class=\"wp-block-latest-posts__post-excerpt\">Listado de stands no comerciales confirmados, por orden alfab\u00e9tico:<\/div><\/li>\n<\/ul>","protected":false},"excerpt":{"rendered":"","protected":false},"author":2,"featured_media":0,"parent":0,"menu_order":0,"comment_status":"closed","ping_status":"closed","template":"","meta":{"_monsterinsights_skip_tracking":false,"_monsterinsights_sitenote_active":false,"_monsterinsights_sitenote_note":"","_monsterinsights_sitenote_category":0,"footnotes":""},"class_list":["post-10406","page","type-page","status-publish","hentry","post"],"yoast_head":"<!-- This site is optimized with the Yoast SEO plugin v27.5 - https:\/\/yoast.com\/product\/yoast-seo-wordpress\/ -->\n<title>Not\u00edcies Retr\u00f3polis 2022 - Web del Museo de Inform\u00e1tica 2.0<\/title>\n<meta name=\"robots\" content=\"index, follow, max-snippet:-1, max-image-preview:large, max-video-preview:-1\" \/>\n<link rel=\"canonical\" href=\"https:\/\/museo.inf.upv.es\/noticias-retropolis-2022\/\" \/>\n<meta property=\"og:locale\" content=\"en_US\" \/>\n<meta property=\"og:type\" content=\"article\" \/>\n<meta property=\"og:title\" content=\"Not\u00edcies Retr\u00f3polis 2022 - Web del Museo de Inform\u00e1tica 2.0\" \/>\n<meta property=\"og:url\" content=\"https:\/\/museo.inf.upv.es\/noticias-retropolis-2022\/\" \/>\n<meta property=\"og:site_name\" content=\"Web del Museo de Inform\u00e1tica 2.0\" \/>\n<meta property=\"article:modified_time\" content=\"2022-04-28T14:51:37+00:00\" \/>\n<meta name=\"twitter:card\" content=\"summary_large_image\" \/>\n<script type=\"application\/ld+json\" class=\"yoast-schema-graph\">{\"@context\":\"https:\\\/\\\/schema.org\",\"@graph\":[{\"@type\":\"WebPage\",\"@id\":\"https:\\\/\\\/museo.inf.upv.es\\\/noticias-retropolis-2022\\\/\",\"url\":\"https:\\\/\\\/museo.inf.upv.es\\\/noticias-retropolis-2022\\\/\",\"name\":\"Not\u00edcies Retr\u00f3polis 2022 - Web del Museo de Inform\u00e1tica 2.0\",\"isPartOf\":{\"@id\":\"https:\\\/\\\/museo.inf.upv.es\\\/#website\"},\"datePublished\":\"2022-04-27T09:04:58+00:00\",\"dateModified\":\"2022-04-28T14:51:37+00:00\",\"breadcrumb\":{\"@id\":\"https:\\\/\\\/museo.inf.upv.es\\\/noticias-retropolis-2022\\\/#breadcrumb\"},\"inLanguage\":\"va-VA\",\"potentialAction\":[{\"@type\":\"ReadAction\",\"target\":[\"https:\\\/\\\/museo.inf.upv.es\\\/noticias-retropolis-2022\\\/\"]}]},{\"@type\":\"BreadcrumbList\",\"@id\":\"https:\\\/\\\/museo.inf.upv.es\\\/noticias-retropolis-2022\\\/#breadcrumb\",\"itemListElement\":[{\"@type\":\"ListItem\",\"position\":1,\"name\":\"Portada\",\"item\":\"https:\\\/\\\/museo.inf.upv.es\\\/\"},{\"@type\":\"ListItem\",\"position\":2,\"name\":\"Noticias Retr\u00f3polis 2022\"}]},{\"@type\":\"WebSite\",\"@id\":\"https:\\\/\\\/museo.inf.upv.es\\\/#website\",\"url\":\"https:\\\/\\\/museo.inf.upv.es\\\/\",\"name\":\"Web del Museo de Inform\u00e1tica 2.0\",\"description\":\"Web del Museo de Inform\u00e1tica 2.0\",\"potentialAction\":[{\"@type\":\"SearchAction\",\"target\":{\"@type\":\"EntryPoint\",\"urlTemplate\":\"https:\\\/\\\/museo.inf.upv.es\\\/?s={search_term_string}\"},\"query-input\":{\"@type\":\"PropertyValueSpecification\",\"valueRequired\":true,\"valueName\":\"search_term_string\"}}],\"inLanguage\":\"va-VA\"}]}<\/script>\n<!-- \/ Yoast SEO plugin. -->","yoast_head_json":{"title":"Not\u00edcies Retr\u00f3polis 2022 - Web del Museo de Inform\u00e1tica 2.0","robots":{"index":"index","follow":"follow","max-snippet":"max-snippet:-1","max-image-preview":"max-image-preview:large","max-video-preview":"max-video-preview:-1"},"canonical":"https:\/\/museo.inf.upv.es\/noticias-retropolis-2022\/","og_locale":"en_US","og_type":"article","og_title":"Not\u00edcies Retr\u00f3polis 2022 - Web del Museo de Inform\u00e1tica 2.0","og_url":"https:\/\/museo.inf.upv.es\/noticias-retropolis-2022\/","og_site_name":"Web del Museo de Inform\u00e1tica 2.0","article_modified_time":"2022-04-28T14:51:37+00:00","twitter_card":"summary_large_image","schema":{"@context":"https:\/\/schema.org","@graph":[{"@type":"WebPage","@id":"https:\/\/museo.inf.upv.es\/noticias-retropolis-2022\/","url":"https:\/\/museo.inf.upv.es\/noticias-retropolis-2022\/","name":"Not\u00edcies Retr\u00f3polis 2022 - Web del Museo de Inform\u00e1tica 2.0","isPartOf":{"@id":"https:\/\/museo.inf.upv.es\/#website"},"datePublished":"2022-04-27T09:04:58+00:00","dateModified":"2022-04-28T14:51:37+00:00","breadcrumb":{"@id":"https:\/\/museo.inf.upv.es\/noticias-retropolis-2022\/#breadcrumb"},"inLanguage":"va-VA","potentialAction":[{"@type":"ReadAction","target":["https:\/\/museo.inf.upv.es\/noticias-retropolis-2022\/"]}]},{"@type":"BreadcrumbList","@id":"https:\/\/museo.inf.upv.es\/noticias-retropolis-2022\/#breadcrumb","itemListElement":[{"@type":"ListItem","position":1,"name":"Portada","item":"https:\/\/museo.inf.upv.es\/"},{"@type":"ListItem","position":2,"name":"Noticias Retr\u00f3polis 2022"}]},{"@type":"WebSite","@id":"https:\/\/museo.inf.upv.es\/#website","url":"https:\/\/museo.inf.upv.es\/","name":"Web del Museo de Inform\u00e1tica 2.0","description":"Web del Museo de Inform\u00e1tica 2.0","potentialAction":[{"@type":"SearchAction","target":{"@type":"EntryPoint","urlTemplate":"https:\/\/museo.inf.upv.es\/?s={search_term_string}"},"query-input":{"@type":"PropertyValueSpecification","valueRequired":true,"valueName":"search_term_string"}}],"inLanguage":"va-VA"}]}},"_links":{"self":[{"href":"https:\/\/museo.inf.upv.es\/va\/wp-json\/wp\/v2\/pages\/10406","targetHints":{"allow":["GET"]}}],"collection":[{"href":"https:\/\/museo.inf.upv.es\/va\/wp-json\/wp\/v2\/pages"}],"about":[{"href":"https:\/\/museo.inf.upv.es\/va\/wp-json\/wp\/v2\/types\/page"}],"author":[{"embeddable":true,"href":"https:\/\/museo.inf.upv.es\/va\/wp-json\/wp\/v2\/users\/2"}],"replies":[{"embeddable":true,"href":"https:\/\/museo.inf.upv.es\/va\/wp-json\/wp\/v2\/comments?post=10406"}],"version-history":[{"count":8,"href":"https:\/\/museo.inf.upv.es\/va\/wp-json\/wp\/v2\/pages\/10406\/revisions"}],"predecessor-version":[{"id":10462,"href":"https:\/\/museo.inf.upv.es\/va\/wp-json\/wp\/v2\/pages\/10406\/revisions\/10462"}],"wp:attachment":[{"href":"https:\/\/museo.inf.upv.es\/va\/wp-json\/wp\/v2\/media?parent=10406"}],"curies":[{"name":"wp","href":"https:\/\/api.w.org\/{rel}","templated":true}]}}