{"id":10763,"date":"2023-02-20T11:27:11","date_gmt":"2023-02-20T11:27:11","guid":{"rendered":"https:\/\/museo.inf.upv.es\/?page_id=10763"},"modified":"2023-02-23T15:29:01","modified_gmt":"2023-02-23T15:29:01","slug":"informatica-portatil","status":"publish","type":"page","link":"https:\/\/museo.inf.upv.es\/va\/informatica-portatil\/","title":{"rendered":"Inform\u00e0tica Port\u00e0til"},"content":{"rendered":"<div class=\"wp-block-columns is-layout-flex wp-container-core-columns-is-layout-9d6595d7 wp-block-columns-is-layout-flex\">\n<div class=\"wp-block-column is-layout-flow wp-block-column-is-layout-flow\" style=\"flex-basis:75%\">\n<figure class=\"wp-block-image size-large is-resized\"><img loading=\"lazy\" decoding=\"async\" src=\"https:\/\/museo.inf.upv.es\/wp-content\/uploads\/2023\/01\/MacBook_white-1024x915.png\" alt=\"\" class=\"wp-image-10731\" width=\"255\" height=\"228\" srcset=\"https:\/\/museo.inf.upv.es\/wp-content\/uploads\/2023\/01\/MacBook_white-1024x915.png 1024w, https:\/\/museo.inf.upv.es\/wp-content\/uploads\/2023\/01\/MacBook_white-300x268.png 300w, https:\/\/museo.inf.upv.es\/wp-content\/uploads\/2023\/01\/MacBook_white-768x686.png 768w, https:\/\/museo.inf.upv.es\/wp-content\/uploads\/2023\/01\/MacBook_white.png 1280w\" sizes=\"auto, (max-width: 255px) 100vw, 255px\" \/><\/figure>\n<\/div>\n\n\n\n<div class=\"wp-block-column is-layout-flow wp-block-column-is-layout-flow\" style=\"flex-basis:25%\">\n<figure class=\"wp-block-image size-full is-resized\"><img loading=\"lazy\" decoding=\"async\" src=\"https:\/\/museo.inf.upv.es\/wp-content\/uploads\/2021\/05\/audios_museu.png\" alt=\"\" class=\"wp-image-4096\" width=\"145\" height=\"95\" srcset=\"https:\/\/museo.inf.upv.es\/wp-content\/uploads\/2021\/05\/audios_museu.png 912w, https:\/\/museo.inf.upv.es\/wp-content\/uploads\/2021\/05\/audios_museu-300x197.png 300w, https:\/\/museo.inf.upv.es\/wp-content\/uploads\/2021\/05\/audios_museu-768x505.png 768w\" sizes=\"auto, (max-width: 145px) 100vw, 145px\" \/><\/figure>\n\n\n\n<p><\/p>\n\n\n\n<figure class=\"wp-block-audio\"><audio controls src=\"https:\/\/museo.inf.upv.es\/media\/audios\/secciones\/val\/informatica_portatil.mp3\"><\/audio><\/figure>\n\n\n\n<p><\/p>\n<\/div>\n<\/div>\n\n\n<p><\/p>\n<p style=\"text-align: justify;\">La primera aparici\u00f3 del que es pot considerar un ordinador port\u00e0til \u00e9s el Dynabook descrit per Alan Key el 1972 mentre treballava a la Xerox PARC. El 1973 IBM presenta l\u2019SCAMP (Special Computer APL Machine Portable) un prototip d&#8217;ordinador port\u00e0til capa\u00e7 d&#8217;executar el llenguatge APL fins al moment nom\u00e9s disponible per a <em>mainframes<\/em>. L\u2019SCAMP va ser la base de l&#8217;IBM 5100 presentat el 1975, primer computador portable comercialitzat, amb una arquitectura diferent del posterior IBM PC.<\/p>\n<p style=\"text-align: justify;\">En aquella \u00e8poca, altres empreses presentaren models com a ordinadors port\u00e0tils, que tanmateix avui considerar\u00edem calculadores amb unes certes possibilitats de programaci\u00f3 en llenguatge BASIC. Exemples s\u00f3n l&#8217;Epson HX-20 de 1981, amb una pantalla LCD de 120 x 32 p\u00edxels, el TRS-80 model 100 de 1983, amb pantalla de 8 l\u00ednies de 40 car\u00e0cters. L&#8217;Osborne 1, llan\u00e7at el 1981, era un ordinador portable (11 kg), basat en el processador Z80, amb una pantalla CRT de 5\u201d, que no inclo\u00efa bateria interna. L&#8217;IBM 5155 Portable (de 1984) es presenta com a alternativa al previ Compac Portable (de 1983), tots dos basats en el microprocessador Intel 8088, similars en caracter\u00edstiques a l&#8217;Osborne 1, per\u00f2 amb compatibilitat PC.<\/p>\n<p style=\"text-align: justify;\">El concepte d\u2019ordinador port\u00e0til (<em>laptop<\/em>), amb l&#8217;obertura de closca habitual avui dia, apareix en els anys 1980. El GRID Compass 1101 va ser desenvolupat especialment per al programa de llan\u00e7adora espacial de la NASA i disposava d\u2019un sistema operatiu propi. El Sharp PC-5000 o el Gavilan SC (primer a descriure&#8217;s com a ordinador port\u00e0til), tots dos de 1983, foren constru\u00efts sobre l&#8217;Intel 8088 i eren parcialment compatibles amb l&#8217;IBM PC. El Toshiba T1100 (1985) va ser el primer que aconsegu\u00ed grans resultats en el mercat com a opci\u00f3 compatible PC.<\/p>\n<p style=\"text-align: justify;\">Les restriccions d&#8217;espai determinaren que tradicionalment els computadors port\u00e0tils foren sempre m\u00e9s cars i amb menys prestacions que un equip similar de sobretaula. Habitualment considerats equipament de n\u00ednxol, per a presa de dades, per a la reprogramaci\u00f3 de dispositius o equip portable de suport per a personal t\u00e8cnic. En cap cas com a lloc permanent de treball.<\/p>\n<p style=\"text-align: justify;\">A partir de 1983 apareixen innovacions associades als port\u00e0tils, com ara el ratol\u00ed t\u00e0ctil (<em>touch pad<\/em>), el stick punter enmig del teclat, per\u00f2 tots aprofitant components especialment dissenyats per a reduir el consum, com el processador 386SL d&#8217;Intel o sistemes d&#8217;apagada del disc dur. El 1989 Apple presenta el seu Macintosh Portable, amb un ratol\u00ed de bola (<em>trackball<\/em>) configurable a esquerra o dreta del teclat. El 1991 es presenten els primers port\u00e0tils Apple PowerBook i el 1992 els primers IBM ThinkPad. Les pantalles de 17\u201d s\u2019introdu\u00efren en el mercat en els primers anys del segle XXI, i les primeres c\u00e0meres web integrades d&#8217;alta resoluci\u00f3 no aparegueren fins als anys 2010. En els anys 2020, les unitats de disc d&#8217;estat s\u00f2lid han perm\u00e8s una reducci\u00f3 de consum encara superior.<\/p>\n<p style=\"text-align: justify;\">Durant els anys 1990 es llan\u00e7aren al mercat diferents models d&#8217;agendes electr\u00f2niques amb capacitats limitades per\u00f2 que permetien una certa capacitat de gesti\u00f3. El 2007 Asus presenta el primer ultraport\u00e0til (<em>netbook<\/em>), l&#8217;Eee PC 701, un ordinador de baix cost, amb pantalla de 7\u201d i basat en el processador Intel Atom que permetia, amb les limitacions del seu processador, executar un sistema operatiu est\u00e0ndard. L&#8217;aparici\u00f3 del primer iPhone el 2007 i la primera tauleta, l&#8217;iPad d&#8217;Apple el 2010, supos\u00e0 un salt amb vista a disposar d&#8217;un ordinador de la mida d&#8217;una butxaca. Si b\u00e9 una tauleta no es pot considerar un ordinador port\u00e0til, \u00f2bviament \u00e9s un producte suficient per a un cert p\u00fablic. En aquests moments un ordinador port\u00e0til \u00e9s equivalent a un lloc de treball i les tauletes, no. Avui dia s\u00f3n dos productes complementaris, pot ser que dem\u00e0 siguen el mateix.<\/p>\n<p style=\"text-align: justify;\">Hui dia, per a m\u00e9s del 90% de la poblaci\u00f3 resulta possible trobar un equip port\u00e0til amb la pot\u00e8ncia necess\u00e0ria per a les necessitats i fins i tot m\u00e9s econ\u00f2mic que un ordinador de sobretaula. A professionals que viatgen o estudiants els ofereix immediatesa i productivitat, alhora que mantenen acc\u00e9s actualitzat a la informaci\u00f3 sense necessitat de connexi\u00f3 a recursos al n\u00favol. Les possibilitats de connexi\u00f3, l&#8217;opci\u00f3 d&#8217;unitats de mem\u00f2ria externa i la disponibilitat de programari en l\u00ednia fa innecess\u00e0ria la inclusi\u00f3 d&#8217;unitats de disc \u00f2ptic (DVD o BlueRay) que comen\u00e7aren a desapar\u00e8ixer com a configuraci\u00f3 b\u00e0sica sobre els anys 2010. L&#8217;autonomia dels nous port\u00e0tils, la mida i el baix nivell de soroll fan d&#8217;aquests ordinadors l&#8217;opci\u00f3 per al gran p\u00fablic.<\/p>\n<p><\/p>","protected":false},"excerpt":{"rendered":"<p>La primera aparici\u00f3 del que es pot considerar un ordinador port\u00e0til \u00e9s el Dynabook descrit per Alan Key el 1972 mentre treballava a la Xerox PARC. El 1973 IBM presenta l\u2019SCAMP (Special Computer APL Machine Portable) un prototip d&#8217;ordinador port\u00e0til capa\u00e7 d&#8217;executar el llenguatge APL fins al moment nom\u00e9s disponible per a mainframes. L\u2019SCAMP va [&hellip;]<\/p>\n","protected":false},"author":2,"featured_media":0,"parent":0,"menu_order":0,"comment_status":"closed","ping_status":"closed","template":"","meta":{"_monsterinsights_skip_tracking":false,"_monsterinsights_sitenote_active":false,"_monsterinsights_sitenote_note":"","_monsterinsights_sitenote_category":0,"footnotes":""},"class_list":["post-10763","page","type-page","status-publish","hentry","post"],"yoast_head":"<!-- This site is optimized with the Yoast SEO plugin v27.4 - https:\/\/yoast.com\/product\/yoast-seo-wordpress\/ -->\n<title>Inform\u00e0tica Port\u00e0til - Web del Museo de Inform\u00e1tica 2.0<\/title>\n<meta name=\"robots\" content=\"index, follow, max-snippet:-1, max-image-preview:large, max-video-preview:-1\" \/>\n<link rel=\"canonical\" href=\"https:\/\/museo.inf.upv.es\/informatica-portatil\/\" \/>\n<meta property=\"og:locale\" content=\"en_US\" \/>\n<meta property=\"og:type\" content=\"article\" \/>\n<meta property=\"og:title\" content=\"Inform\u00e0tica Port\u00e0til - Web del Museo de Inform\u00e1tica 2.0\" \/>\n<meta property=\"og:description\" content=\"La primera aparici\u00f3 del que es pot considerar un ordinador port\u00e0til \u00e9s el Dynabook descrit per Alan Key el 1972 mentre treballava a la Xerox PARC. El 1973 IBM presenta l\u2019SCAMP (Special Computer APL Machine Portable) un prototip d&#8217;ordinador port\u00e0til capa\u00e7 d&#8217;executar el llenguatge APL fins al moment nom\u00e9s disponible per a mainframes. L\u2019SCAMP va [&hellip;]\" \/>\n<meta property=\"og:url\" content=\"https:\/\/museo.inf.upv.es\/informatica-portatil\/\" \/>\n<meta property=\"og:site_name\" content=\"Web del Museo de Inform\u00e1tica 2.0\" \/>\n<meta property=\"article:modified_time\" content=\"2023-02-23T15:29:01+00:00\" \/>\n<meta property=\"og:image\" content=\"https:\/\/museo.inf.upv.es\/wp-content\/uploads\/2023\/01\/MacBook_white-1024x915.png\" \/>\n<meta name=\"twitter:card\" content=\"summary_large_image\" \/>\n<meta name=\"twitter:label1\" content=\"Est. reading time\" \/>\n\t<meta name=\"twitter:data1\" content=\"8 minutes\" \/>\n<script type=\"application\/ld+json\" class=\"yoast-schema-graph\">{\"@context\":\"https:\\\/\\\/schema.org\",\"@graph\":[{\"@type\":\"WebPage\",\"@id\":\"https:\\\/\\\/museo.inf.upv.es\\\/informatica-portatil\\\/\",\"url\":\"https:\\\/\\\/museo.inf.upv.es\\\/informatica-portatil\\\/\",\"name\":\"Inform\u00e0tica Port\u00e0til - Web del Museo de Inform\u00e1tica 2.0\",\"isPartOf\":{\"@id\":\"https:\\\/\\\/museo.inf.upv.es\\\/#website\"},\"primaryImageOfPage\":{\"@id\":\"https:\\\/\\\/museo.inf.upv.es\\\/informatica-portatil\\\/#primaryimage\"},\"image\":{\"@id\":\"https:\\\/\\\/museo.inf.upv.es\\\/informatica-portatil\\\/#primaryimage\"},\"thumbnailUrl\":\"https:\\\/\\\/museo.inf.upv.es\\\/wp-content\\\/uploads\\\/2023\\\/01\\\/MacBook_white-1024x915.png\",\"datePublished\":\"2023-02-20T11:27:11+00:00\",\"dateModified\":\"2023-02-23T15:29:01+00:00\",\"breadcrumb\":{\"@id\":\"https:\\\/\\\/museo.inf.upv.es\\\/informatica-portatil\\\/#breadcrumb\"},\"inLanguage\":\"va-VA\",\"potentialAction\":[{\"@type\":\"ReadAction\",\"target\":[\"https:\\\/\\\/museo.inf.upv.es\\\/informatica-portatil\\\/\"]}]},{\"@type\":\"ImageObject\",\"inLanguage\":\"va-VA\",\"@id\":\"https:\\\/\\\/museo.inf.upv.es\\\/informatica-portatil\\\/#primaryimage\",\"url\":\"https:\\\/\\\/museo.inf.upv.es\\\/wp-content\\\/uploads\\\/2023\\\/01\\\/MacBook_white-1024x915.png\",\"contentUrl\":\"https:\\\/\\\/museo.inf.upv.es\\\/wp-content\\\/uploads\\\/2023\\\/01\\\/MacBook_white-1024x915.png\"},{\"@type\":\"BreadcrumbList\",\"@id\":\"https:\\\/\\\/museo.inf.upv.es\\\/informatica-portatil\\\/#breadcrumb\",\"itemListElement\":[{\"@type\":\"ListItem\",\"position\":1,\"name\":\"Portada\",\"item\":\"https:\\\/\\\/museo.inf.upv.es\\\/\"},{\"@type\":\"ListItem\",\"position\":2,\"name\":\"Inform\u00e1tica Port\u00e1til\"}]},{\"@type\":\"WebSite\",\"@id\":\"https:\\\/\\\/museo.inf.upv.es\\\/#website\",\"url\":\"https:\\\/\\\/museo.inf.upv.es\\\/\",\"name\":\"Web del Museo de Inform\u00e1tica 2.0\",\"description\":\"Web del Museo de Inform\u00e1tica 2.0\",\"potentialAction\":[{\"@type\":\"SearchAction\",\"target\":{\"@type\":\"EntryPoint\",\"urlTemplate\":\"https:\\\/\\\/museo.inf.upv.es\\\/?s={search_term_string}\"},\"query-input\":{\"@type\":\"PropertyValueSpecification\",\"valueRequired\":true,\"valueName\":\"search_term_string\"}}],\"inLanguage\":\"va-VA\"}]}<\/script>\n<!-- \/ Yoast SEO plugin. -->","yoast_head_json":{"title":"Inform\u00e0tica Port\u00e0til - Web del Museo de Inform\u00e1tica 2.0","robots":{"index":"index","follow":"follow","max-snippet":"max-snippet:-1","max-image-preview":"max-image-preview:large","max-video-preview":"max-video-preview:-1"},"canonical":"https:\/\/museo.inf.upv.es\/informatica-portatil\/","og_locale":"en_US","og_type":"article","og_title":"Inform\u00e0tica Port\u00e0til - Web del Museo de Inform\u00e1tica 2.0","og_description":"La primera aparici\u00f3 del que es pot considerar un ordinador port\u00e0til \u00e9s el Dynabook descrit per Alan Key el 1972 mentre treballava a la Xerox PARC. El 1973 IBM presenta l\u2019SCAMP (Special Computer APL Machine Portable) un prototip d&#8217;ordinador port\u00e0til capa\u00e7 d&#8217;executar el llenguatge APL fins al moment nom\u00e9s disponible per a mainframes. L\u2019SCAMP va [&hellip;]","og_url":"https:\/\/museo.inf.upv.es\/informatica-portatil\/","og_site_name":"Web del Museo de Inform\u00e1tica 2.0","article_modified_time":"2023-02-23T15:29:01+00:00","og_image":[{"url":"https:\/\/museo.inf.upv.es\/wp-content\/uploads\/2023\/01\/MacBook_white-1024x915.png","type":"","width":"","height":""}],"twitter_card":"summary_large_image","twitter_misc":{"Est. reading time":"8 minutes"},"schema":{"@context":"https:\/\/schema.org","@graph":[{"@type":"WebPage","@id":"https:\/\/museo.inf.upv.es\/informatica-portatil\/","url":"https:\/\/museo.inf.upv.es\/informatica-portatil\/","name":"Inform\u00e0tica Port\u00e0til - Web del Museo de Inform\u00e1tica 2.0","isPartOf":{"@id":"https:\/\/museo.inf.upv.es\/#website"},"primaryImageOfPage":{"@id":"https:\/\/museo.inf.upv.es\/informatica-portatil\/#primaryimage"},"image":{"@id":"https:\/\/museo.inf.upv.es\/informatica-portatil\/#primaryimage"},"thumbnailUrl":"https:\/\/museo.inf.upv.es\/wp-content\/uploads\/2023\/01\/MacBook_white-1024x915.png","datePublished":"2023-02-20T11:27:11+00:00","dateModified":"2023-02-23T15:29:01+00:00","breadcrumb":{"@id":"https:\/\/museo.inf.upv.es\/informatica-portatil\/#breadcrumb"},"inLanguage":"va-VA","potentialAction":[{"@type":"ReadAction","target":["https:\/\/museo.inf.upv.es\/informatica-portatil\/"]}]},{"@type":"ImageObject","inLanguage":"va-VA","@id":"https:\/\/museo.inf.upv.es\/informatica-portatil\/#primaryimage","url":"https:\/\/museo.inf.upv.es\/wp-content\/uploads\/2023\/01\/MacBook_white-1024x915.png","contentUrl":"https:\/\/museo.inf.upv.es\/wp-content\/uploads\/2023\/01\/MacBook_white-1024x915.png"},{"@type":"BreadcrumbList","@id":"https:\/\/museo.inf.upv.es\/informatica-portatil\/#breadcrumb","itemListElement":[{"@type":"ListItem","position":1,"name":"Portada","item":"https:\/\/museo.inf.upv.es\/"},{"@type":"ListItem","position":2,"name":"Inform\u00e1tica Port\u00e1til"}]},{"@type":"WebSite","@id":"https:\/\/museo.inf.upv.es\/#website","url":"https:\/\/museo.inf.upv.es\/","name":"Web del Museo de Inform\u00e1tica 2.0","description":"Web del Museo de Inform\u00e1tica 2.0","potentialAction":[{"@type":"SearchAction","target":{"@type":"EntryPoint","urlTemplate":"https:\/\/museo.inf.upv.es\/?s={search_term_string}"},"query-input":{"@type":"PropertyValueSpecification","valueRequired":true,"valueName":"search_term_string"}}],"inLanguage":"va-VA"}]}},"_links":{"self":[{"href":"https:\/\/museo.inf.upv.es\/va\/wp-json\/wp\/v2\/pages\/10763","targetHints":{"allow":["GET"]}}],"collection":[{"href":"https:\/\/museo.inf.upv.es\/va\/wp-json\/wp\/v2\/pages"}],"about":[{"href":"https:\/\/museo.inf.upv.es\/va\/wp-json\/wp\/v2\/types\/page"}],"author":[{"embeddable":true,"href":"https:\/\/museo.inf.upv.es\/va\/wp-json\/wp\/v2\/users\/2"}],"replies":[{"embeddable":true,"href":"https:\/\/museo.inf.upv.es\/va\/wp-json\/wp\/v2\/comments?post=10763"}],"version-history":[{"count":10,"href":"https:\/\/museo.inf.upv.es\/va\/wp-json\/wp\/v2\/pages\/10763\/revisions"}],"predecessor-version":[{"id":10832,"href":"https:\/\/museo.inf.upv.es\/va\/wp-json\/wp\/v2\/pages\/10763\/revisions\/10832"}],"wp:attachment":[{"href":"https:\/\/museo.inf.upv.es\/va\/wp-json\/wp\/v2\/media?parent=10763"}],"curies":[{"name":"wp","href":"https:\/\/api.w.org\/{rel}","templated":true}]}}