{"id":10776,"date":"2023-02-22T15:46:19","date_gmt":"2023-02-22T15:46:19","guid":{"rendered":"https:\/\/museo.inf.upv.es\/?page_id=10776"},"modified":"2023-02-24T09:48:42","modified_gmt":"2023-02-24T09:48:42","slug":"mainframes","status":"publish","type":"page","link":"https:\/\/museo.inf.upv.es\/va\/mainframes\/","title":{"rendered":"Mainframes"},"content":{"rendered":"<div class=\"wp-block-columns is-layout-flex wp-container-core-columns-is-layout-9d6595d7 wp-block-columns-is-layout-flex\">\n<div class=\"wp-block-column is-layout-flow wp-block-column-is-layout-flow\" style=\"flex-basis:75%\"><\/div>\n\n\n\n<div class=\"wp-block-column is-layout-flow wp-block-column-is-layout-flow\"><\/div>\n\n\n\n<div class=\"wp-block-column is-layout-flow wp-block-column-is-layout-flow\" style=\"flex-basis:25%\">\n<figure class=\"wp-block-image size-full is-resized\"><img loading=\"lazy\" decoding=\"async\" src=\"https:\/\/museo.inf.upv.es\/wp-content\/uploads\/2021\/05\/audios_museu.png\" alt=\"\" class=\"wp-image-4096\" width=\"120\" height=\"78\" srcset=\"https:\/\/museo.inf.upv.es\/wp-content\/uploads\/2021\/05\/audios_museu.png 912w, https:\/\/museo.inf.upv.es\/wp-content\/uploads\/2021\/05\/audios_museu-300x197.png 300w, https:\/\/museo.inf.upv.es\/wp-content\/uploads\/2021\/05\/audios_museu-768x505.png 768w\" sizes=\"auto, (max-width: 120px) 100vw, 120px\" \/><\/figure>\n\n\n\n<p><\/p>\n\n\n\n<figure class=\"wp-block-audio\"><audio controls src=\"https:\/\/museo.inf.upv.es\/media\/audios\/secciones\/val\/mainframes.mp3\"><\/audio><\/figure>\n\n\n\n<p><\/p>\n<\/div>\n<\/div>\n\n\n<p><\/p>\n<p style=\"text-align: justify;\">En la hist\u00f2ria dels computadors, el terme ordinador central (<em>mainframe<\/em>) fa refer\u00e8ncia a un tipus de computador, gran i cost\u00f3s, dissenyat per a realitzar grans quantitats de treball. Ha sigut el computador adequat per a grans corporacions p\u00fabliques i privades que manegen moltes dades, com ara les oficines governamentals del cens o d\u2019hisenda, les companyies d\u2019assegurances, les entitats banc\u00e0ries, les cadenes d\u2019hotels o les companyies a\u00e8ries.<\/p>\n<p style=\"text-align: justify;\">Els ordinadors centrals aparegueren en la d\u00e8cada de 1950. Els primers eren dissenys singulars,<a href=\"#_ftn1\" name=\"_ftnref1\"><sup>[1]<\/sup><\/a> per\u00f2 prompte la ind\u00fastria els va produir en s\u00e8rie i agrup\u00e0 els seus productes en forma de fam\u00edlies. Cada fam\u00edlia constava d\u2019un conjunt d\u2019unitats (<em>unit<\/em> en angl\u00e8s) que es combinaven entre si fins a formar el computador a mida del client. La instal\u00b7laci\u00f3 t\u00edpica constava d\u2019una unitat central, que podia pesar m\u00e9s d\u2019una tona<a href=\"#_ftn2\" name=\"_ftnref2\"><sup>[2]<\/sup><\/a>, allotjada en un gran armari que contenia el processador i la seua mem\u00f2ria principal. S\u2019hi afegien diverses unitats d\u2019emmagatzematge (discos i cintes) junt amb les unitats de control que mediaven entre l\u2019emmagatzematge i la unitat central. Unes altres unitats eren les impressores, les lectores de targetes i les consoles. Cada unitat pesava desenes o centenars de quilos i el conjunt descansava sobre un pis elevat; per davall circulaven els cables que les connectaven i les alimentaven.<\/p>\n<p style=\"text-align: justify;\">Els computadors d\u2019una fam\u00edlia podien compartir programes. Aquest fet i la generalitzaci\u00f3 dels llenguatges de programaci\u00f3 donaren impuls a la nova ind\u00fastria del programari. Els fabricants venien assortiments estandarditzats de programes per a cada fam\u00edlia; la programaci\u00f3 dels computadors s\u2019ensenyava en acad\u00e8mies i universitats i aparegueren els desenvolupadors independents.<a href=\"#_ftn3\" name=\"_ftnref3\"><sup>[3]<\/sup><\/a><\/p>\n<p style=\"text-align: justify;\">Pocs fabricants podien desenvolupar i mantenir ordinadors centrals. En el sector de la inform\u00e0tica dels anys 60 i 70 es parlava del <em>gegant<\/em> IBM i dels <em>set nans<\/em>: Burroughs, Control Data, General Electric, Honeywell, NCR, RCA i Univac.&nbsp; Exemples cl\u00e0ssics foren les fam\u00edlies IBM System\/360 (1964), System\/370 (1970) i System\/390 (1990). Cada fam\u00edlia oferia una gamma d\u2019unitats centrals de diversos preus i pot\u00e8ncies: dins de la fam\u00edlia 360 hi va haver 14 models, i els preus de compra oscil\u00b7laven entre uns 100.000 d\u00f2lars fins a uns quants milions<a href=\"#_ftn4\" name=\"_ftnref4\"><sup>[4]<\/sup><\/a>. Els programes i unitats de la fam\u00edlia 360 es pogueren utilitzar en les fam\u00edlies posteriors 370 i 390.<\/p>\n<p style=\"text-align: justify;\">Cada fabricant disposava de delegacions locals que, pr\u00e8viament a la compra o lloguer d\u2019un computador, ajudaven el client a dimensionar-lo<a href=\"#_ftn5\" name=\"_ftnref5\"><sup>[5]<\/sup><\/a> i supervisaven l\u2019espai on s\u2019instal\u00b7laria. En cada cas, s\u2019havia d\u2019escollir l\u2019opci\u00f3 d\u2019unitat central adequada, el nombre i capacitat d\u2019unitats d\u2019emmagatzematge i control i la pot\u00e8ncia de la instal\u00b7laci\u00f3 el\u00e8ctrica i del condicionador d\u2019aire. Quan arribaven les unitats previstes, els especialistes de la marca les connectaven i configuraven. M\u00e9s tard, es podia ampliar el computador renovant o afegint-hi unitats d\u2019emmagatzematge o tamb\u00e9 reempla\u00e7ant la unitat central per una altra de m\u00e9s potent de la mateixa fam\u00edlia o d\u2019una fam\u00edlia posterior compatible. A m\u00e9s, el fabricant proporcionava els programes necessaris, instru\u00efa el personal que havia de manejar el computador i s\u2019encarregava del manteniment de la instal\u00b7laci\u00f3.<\/p>\n<p style=\"text-align: justify;\">La tecnologia base dels ordinadors centrals comen\u00e7\u00e0 amb els tubs de buit, pass\u00e0 als transistors, va continuar amb els circuits integrats i acab\u00e0 amb els microprocessadors.<\/p>\n<p style=\"text-align: justify;\">Des de la d\u00e8cada de 1990, els microprocessadors i la miniaturitzaci\u00f3 de l\u2019emmagatzematge digital fan possible construir un potent computador aut\u00f2nom en un m\u00f2dul d\u2019un pam d\u2019ample. Els grans sistemes actuals es construeixen acumulant desenes, centenars o milers de computadors i connectant-los entre si mitjan\u00e7ant una xarxa r\u00e0pida de comunicacions que els permet compartir programes i dades. Aix\u00ed es construeixen els servidors de comer\u00e7 electr\u00f2nic on comprem i el n\u00favol que cont\u00e9 les nostres dades. I el terme <em>mainframe<\/em> ja no s\u2019utilitza.<\/p>\n<p><a href=\"#_ftnref1\" name=\"_ftn1\"><\/a><\/p>\n<p style=\"text-align: justify;\">La tecnologia base dels ordinadors centrals comen\u00e7\u00e0 amb els tubs de buit, pass\u00e0 als transistors, va continuar amb els circuits integrats i acab\u00e0 amb els microprocessadors.<\/p>\n<p style=\"text-align: justify;\">Des de la d\u00e8cada de 1990, els microprocessadors i la miniaturitzaci\u00f3 de l\u2019emmagatzematge digital fan possible construir un potent computador aut\u00f2nom en un m\u00f2dul d\u2019un pam d\u2019ample. Els grans sistemes actuals es construeixen acumulant desenes, centenars o milers de computadors i connectant-los entre si mitjan\u00e7ant una xarxa r\u00e0pida de comunicacions que els permet compartir programes i dades. Aix\u00ed es construeixen els servidors de comer\u00e7 electr\u00f2nic on comprem i el n\u00favol que cont\u00e9 les nostres dades. I el terme <em>mainframe<\/em> ja no s\u2019utilitza.<\/p>\n<hr>\n<p><a href=\"#_ftnref1\" name=\"_ftn1\"><sup>[1]<\/sup><\/a> V<em>egeu https:\/\/en.wikipedia.org\/wiki\/List_of_vacuum-tube_computers<\/em><\/p>\n<p><em><a href=\"#_ftnref2\" name=\"_ftn2\"><sup>[2]<\/sup><\/a> Vegeu \u201cSystem_360_Installation_Manual_Physical_Planning\u201d. Segons Wikipedia, \u201cThe Univac 1107, without any peripherals, weighed about 5,200 pounds\u201d<\/em>.<\/p>\n<p><em><a href=\"#_ftnref3\" name=\"_ftn3\"><sup>[3]<\/sup><\/a> Vegeu https:\/\/en.wikipedia.org\/wiki\/Software_industry<\/em><\/p>\n<p><a href=\"#_ftnref4\" name=\"_ftn4\"><sup>[4]<\/sup><\/a> Vegeu en <em>IBM Archives (https:\/\/www.ibm.com a\/ibm\/history\/index.html), cap\u00edtol System\/360 Announcement: \u201cSystem\/360 monthly rentals will range from $2,700 for a basic configuration to $115,000 for a typical large multisystem configuration. Comparable purchase prices range from $133,000 to $5,500,000\u201d (el preu dels models especials fets per a la NASA \u00e9s desconegut). Tamb\u00e9 en B5500 Product Announcement (Aug64): \u201cA full B5500 system capable of running the complete line of software described earlier can be leased for under $20,000 a month or purchased for $830,000. A typical large scale two-processor system can be leased for approximately $35,000 per month or purchased for $1,473,000. Purchase price for a maximum system is more than $5,000,000\u201d<\/em><\/p>\n<p><a href=\"#_ftnref5\" name=\"_ftn5\"><sup>[5]<\/sup><\/a> Vegeu \u201c<em>System 360 Installation Manual &#8211; Physical Planning<\/em>\u201d.<\/p>\n<p><\/p>","protected":false},"excerpt":{"rendered":"<p>En la hist\u00f2ria dels computadors, el terme ordinador central (mainframe) fa refer\u00e8ncia a un tipus de computador, gran i cost\u00f3s, dissenyat per a realitzar grans quantitats de treball. Ha sigut el computador adequat per a grans corporacions p\u00fabliques i privades que manegen moltes dades, com ara les oficines governamentals del cens o d\u2019hisenda, les companyies [&hellip;]<\/p>\n","protected":false},"author":2,"featured_media":0,"parent":0,"menu_order":0,"comment_status":"closed","ping_status":"closed","template":"","meta":{"_monsterinsights_skip_tracking":false,"_monsterinsights_sitenote_active":false,"_monsterinsights_sitenote_note":"","_monsterinsights_sitenote_category":0,"footnotes":""},"class_list":["post-10776","page","type-page","status-publish","hentry","post"],"yoast_head":"<!-- This site is optimized with the Yoast SEO plugin v27.4 - https:\/\/yoast.com\/product\/yoast-seo-wordpress\/ -->\n<title>Mainframes - Web del Museo de Inform\u00e1tica 2.0<\/title>\n<meta name=\"robots\" content=\"index, follow, max-snippet:-1, max-image-preview:large, max-video-preview:-1\" \/>\n<link rel=\"canonical\" href=\"https:\/\/museo.inf.upv.es\/mainframes\/\" \/>\n<meta property=\"og:locale\" content=\"en_US\" \/>\n<meta property=\"og:type\" content=\"article\" \/>\n<meta property=\"og:title\" content=\"Mainframes - Web del Museo de Inform\u00e1tica 2.0\" \/>\n<meta property=\"og:description\" content=\"En la hist\u00f2ria dels computadors, el terme ordinador central (mainframe) fa refer\u00e8ncia a un tipus de computador, gran i cost\u00f3s, dissenyat per a realitzar grans quantitats de treball. Ha sigut el computador adequat per a grans corporacions p\u00fabliques i privades que manegen moltes dades, com ara les oficines governamentals del cens o d\u2019hisenda, les companyies [&hellip;]\" \/>\n<meta property=\"og:url\" content=\"https:\/\/museo.inf.upv.es\/mainframes\/\" \/>\n<meta property=\"og:site_name\" content=\"Web del Museo de Inform\u00e1tica 2.0\" \/>\n<meta property=\"article:modified_time\" content=\"2023-02-24T09:48:42+00:00\" \/>\n<meta property=\"og:image\" content=\"https:\/\/museo.inf.upv.es\/wp-content\/uploads\/2021\/05\/audios_museu.png\" \/>\n<meta name=\"twitter:card\" content=\"summary_large_image\" \/>\n<meta name=\"twitter:label1\" content=\"Est. reading time\" \/>\n\t<meta name=\"twitter:data1\" content=\"8 minutes\" \/>\n<script type=\"application\/ld+json\" class=\"yoast-schema-graph\">{\"@context\":\"https:\\\/\\\/schema.org\",\"@graph\":[{\"@type\":\"WebPage\",\"@id\":\"https:\\\/\\\/museo.inf.upv.es\\\/mainframes\\\/\",\"url\":\"https:\\\/\\\/museo.inf.upv.es\\\/mainframes\\\/\",\"name\":\"Mainframes - Web del Museo de Inform\u00e1tica 2.0\",\"isPartOf\":{\"@id\":\"https:\\\/\\\/museo.inf.upv.es\\\/#website\"},\"primaryImageOfPage\":{\"@id\":\"https:\\\/\\\/museo.inf.upv.es\\\/mainframes\\\/#primaryimage\"},\"image\":{\"@id\":\"https:\\\/\\\/museo.inf.upv.es\\\/mainframes\\\/#primaryimage\"},\"thumbnailUrl\":\"https:\\\/\\\/museo.inf.upv.es\\\/wp-content\\\/uploads\\\/2021\\\/05\\\/audios_museu.png\",\"datePublished\":\"2023-02-22T15:46:19+00:00\",\"dateModified\":\"2023-02-24T09:48:42+00:00\",\"breadcrumb\":{\"@id\":\"https:\\\/\\\/museo.inf.upv.es\\\/mainframes\\\/#breadcrumb\"},\"inLanguage\":\"va-VA\",\"potentialAction\":[{\"@type\":\"ReadAction\",\"target\":[\"https:\\\/\\\/museo.inf.upv.es\\\/mainframes\\\/\"]}]},{\"@type\":\"ImageObject\",\"inLanguage\":\"va-VA\",\"@id\":\"https:\\\/\\\/museo.inf.upv.es\\\/mainframes\\\/#primaryimage\",\"url\":\"https:\\\/\\\/museo.inf.upv.es\\\/wp-content\\\/uploads\\\/2021\\\/05\\\/audios_museu.png\",\"contentUrl\":\"https:\\\/\\\/museo.inf.upv.es\\\/wp-content\\\/uploads\\\/2021\\\/05\\\/audios_museu.png\"},{\"@type\":\"BreadcrumbList\",\"@id\":\"https:\\\/\\\/museo.inf.upv.es\\\/mainframes\\\/#breadcrumb\",\"itemListElement\":[{\"@type\":\"ListItem\",\"position\":1,\"name\":\"Portada\",\"item\":\"https:\\\/\\\/museo.inf.upv.es\\\/\"},{\"@type\":\"ListItem\",\"position\":2,\"name\":\"Mainframes\"}]},{\"@type\":\"WebSite\",\"@id\":\"https:\\\/\\\/museo.inf.upv.es\\\/#website\",\"url\":\"https:\\\/\\\/museo.inf.upv.es\\\/\",\"name\":\"Web del Museo de Inform\u00e1tica 2.0\",\"description\":\"Web del Museo de Inform\u00e1tica 2.0\",\"potentialAction\":[{\"@type\":\"SearchAction\",\"target\":{\"@type\":\"EntryPoint\",\"urlTemplate\":\"https:\\\/\\\/museo.inf.upv.es\\\/?s={search_term_string}\"},\"query-input\":{\"@type\":\"PropertyValueSpecification\",\"valueRequired\":true,\"valueName\":\"search_term_string\"}}],\"inLanguage\":\"va-VA\"}]}<\/script>\n<!-- \/ Yoast SEO plugin. -->","yoast_head_json":{"title":"Mainframes - Web del Museo de Inform\u00e1tica 2.0","robots":{"index":"index","follow":"follow","max-snippet":"max-snippet:-1","max-image-preview":"max-image-preview:large","max-video-preview":"max-video-preview:-1"},"canonical":"https:\/\/museo.inf.upv.es\/mainframes\/","og_locale":"en_US","og_type":"article","og_title":"Mainframes - Web del Museo de Inform\u00e1tica 2.0","og_description":"En la hist\u00f2ria dels computadors, el terme ordinador central (mainframe) fa refer\u00e8ncia a un tipus de computador, gran i cost\u00f3s, dissenyat per a realitzar grans quantitats de treball. Ha sigut el computador adequat per a grans corporacions p\u00fabliques i privades que manegen moltes dades, com ara les oficines governamentals del cens o d\u2019hisenda, les companyies [&hellip;]","og_url":"https:\/\/museo.inf.upv.es\/mainframes\/","og_site_name":"Web del Museo de Inform\u00e1tica 2.0","article_modified_time":"2023-02-24T09:48:42+00:00","og_image":[{"url":"https:\/\/museo.inf.upv.es\/wp-content\/uploads\/2021\/05\/audios_museu.png","type":"","width":"","height":""}],"twitter_card":"summary_large_image","twitter_misc":{"Est. reading time":"8 minutes"},"schema":{"@context":"https:\/\/schema.org","@graph":[{"@type":"WebPage","@id":"https:\/\/museo.inf.upv.es\/mainframes\/","url":"https:\/\/museo.inf.upv.es\/mainframes\/","name":"Mainframes - Web del Museo de Inform\u00e1tica 2.0","isPartOf":{"@id":"https:\/\/museo.inf.upv.es\/#website"},"primaryImageOfPage":{"@id":"https:\/\/museo.inf.upv.es\/mainframes\/#primaryimage"},"image":{"@id":"https:\/\/museo.inf.upv.es\/mainframes\/#primaryimage"},"thumbnailUrl":"https:\/\/museo.inf.upv.es\/wp-content\/uploads\/2021\/05\/audios_museu.png","datePublished":"2023-02-22T15:46:19+00:00","dateModified":"2023-02-24T09:48:42+00:00","breadcrumb":{"@id":"https:\/\/museo.inf.upv.es\/mainframes\/#breadcrumb"},"inLanguage":"va-VA","potentialAction":[{"@type":"ReadAction","target":["https:\/\/museo.inf.upv.es\/mainframes\/"]}]},{"@type":"ImageObject","inLanguage":"va-VA","@id":"https:\/\/museo.inf.upv.es\/mainframes\/#primaryimage","url":"https:\/\/museo.inf.upv.es\/wp-content\/uploads\/2021\/05\/audios_museu.png","contentUrl":"https:\/\/museo.inf.upv.es\/wp-content\/uploads\/2021\/05\/audios_museu.png"},{"@type":"BreadcrumbList","@id":"https:\/\/museo.inf.upv.es\/mainframes\/#breadcrumb","itemListElement":[{"@type":"ListItem","position":1,"name":"Portada","item":"https:\/\/museo.inf.upv.es\/"},{"@type":"ListItem","position":2,"name":"Mainframes"}]},{"@type":"WebSite","@id":"https:\/\/museo.inf.upv.es\/#website","url":"https:\/\/museo.inf.upv.es\/","name":"Web del Museo de Inform\u00e1tica 2.0","description":"Web del Museo de Inform\u00e1tica 2.0","potentialAction":[{"@type":"SearchAction","target":{"@type":"EntryPoint","urlTemplate":"https:\/\/museo.inf.upv.es\/?s={search_term_string}"},"query-input":{"@type":"PropertyValueSpecification","valueRequired":true,"valueName":"search_term_string"}}],"inLanguage":"va-VA"}]}},"_links":{"self":[{"href":"https:\/\/museo.inf.upv.es\/va\/wp-json\/wp\/v2\/pages\/10776","targetHints":{"allow":["GET"]}}],"collection":[{"href":"https:\/\/museo.inf.upv.es\/va\/wp-json\/wp\/v2\/pages"}],"about":[{"href":"https:\/\/museo.inf.upv.es\/va\/wp-json\/wp\/v2\/types\/page"}],"author":[{"embeddable":true,"href":"https:\/\/museo.inf.upv.es\/va\/wp-json\/wp\/v2\/users\/2"}],"replies":[{"embeddable":true,"href":"https:\/\/museo.inf.upv.es\/va\/wp-json\/wp\/v2\/comments?post=10776"}],"version-history":[{"count":11,"href":"https:\/\/museo.inf.upv.es\/va\/wp-json\/wp\/v2\/pages\/10776\/revisions"}],"predecessor-version":[{"id":10842,"href":"https:\/\/museo.inf.upv.es\/va\/wp-json\/wp\/v2\/pages\/10776\/revisions\/10842"}],"wp:attachment":[{"href":"https:\/\/museo.inf.upv.es\/va\/wp-json\/wp\/v2\/media?parent=10776"}],"curies":[{"name":"wp","href":"https:\/\/api.w.org\/{rel}","templated":true}]}}