{"id":10883,"date":"2023-03-13T18:13:47","date_gmt":"2023-03-13T18:13:47","guid":{"rendered":"https:\/\/museo.inf.upv.es\/?page_id=10883"},"modified":"2023-03-30T18:41:32","modified_gmt":"2023-03-30T18:41:32","slug":"noticias-retropolis-2023","status":"publish","type":"page","link":"https:\/\/museo.inf.upv.es\/va\/noticias-retropolis-2023\/","title":{"rendered":"Not\u00edcies Retr\u00f3polis 2023"},"content":{"rendered":"<ul class=\"wp-block-latest-posts__list is-grid columns-3 wp-block-latest-posts\"><li><a class=\"wp-block-latest-posts__post-title\" href=\"https:\/\/museo.inf.upv.es\/va\/blog\/2023\/05\/10\/retropolis-valencia-2023-rpv23\/\">Retr\u00f3polis Val\u00e8ncia 2023 #RPV23<\/a><div class=\"wp-block-latest-posts__post-excerpt\">Retr\u00f3Polis\u00a0Val\u00e8ncia s&#8217;acomiada enguany batent tots els seus registres hist\u00f2rics, tant en xifres d&#8217;aflu\u00e8ncia de p\u00fablic com de quilos d&#8217;aliments recollits, i donats al Banc d&#8217;Aliments de Val\u00e8ncia. \u00c9s per a estar orgullosos, no sols hem tornat als nivells de l&#8217;esdeveniment abans de la pand\u00e8mia, sin\u00f3 que a m\u00e9s els hem superats amb escreix, aconseguint uns\u2026 <a class=\"wp-block-latest-posts__read-more\" href=\"https:\/\/museo.inf.upv.es\/va\/blog\/2023\/05\/10\/retropolis-valencia-2023-rpv23\/\" rel=\"noopener noreferrer\">Read more<span class=\"screen-reader-text\">: Retr\u00f3polis Val\u00e8ncia 2023 #RPV23<\/span><\/a><\/div><\/li>\n<li><a class=\"wp-block-latest-posts__post-title\" href=\"https:\/\/museo.inf.upv.es\/va\/blog\/2023\/05\/08\/conferencias-rpv23\/\">(Espa\u00f1ol) Conferencias #RPV23<\/a><div class=\"wp-block-latest-posts__post-excerpt\">Ho sentim, aquesta entrada nom\u00e9s es troba disponible en Espa\u00f1ol.<\/div><\/li>\n<li><a class=\"wp-block-latest-posts__post-title\" href=\"https:\/\/museo.inf.upv.es\/va\/blog\/2023\/04\/28\/exposicion-temporal-en-el-espai-inf-rpv2023\/\">Exposici\u00f3 temporal en el espai.inf #RPV2023<\/a><div class=\"wp-block-latest-posts__post-excerpt\">Aprovechando la visita de RetroMan\u00eda30 Podcast para contarnos &#8220;La historia de MicroMan\u00eda (SE)&#8221; como parte del programa de charlas de Retr\u00f3Polis Valencia 2023 #RPV23, hemos montado tambi\u00e9n una exposici\u00f3n temporal con los 80 n\u00fameros de la Segunda \u00c9poca de la revista MicroMan\u00eda, creando sinergia entre los diversos contenidos del evento de retroinform\u00e1tica de referencia de\u2026 <a class=\"wp-block-latest-posts__read-more\" href=\"https:\/\/museo.inf.upv.es\/va\/blog\/2023\/04\/28\/exposicion-temporal-en-el-espai-inf-rpv2023\/\" rel=\"noopener noreferrer\">Read more<span class=\"screen-reader-text\">: Exposici\u00f3 temporal en el espai.inf #RPV2023<\/span><\/a><\/div><\/li>\n<li><a class=\"wp-block-latest-posts__post-title\" href=\"https:\/\/museo.inf.upv.es\/va\/blog\/2023\/04\/27\/expositores-2023\/\">Expositors 2023<\/a><div class=\"wp-block-latest-posts__post-excerpt\">Listado de stands no comerciales confirmados, por orden alfab\u00e9tico: 4 Mhz. Somos un grupo de retromaniacos que se form\u00f3 espont\u00e1neamente y que se dedica al desarrollo de videojuegos. Nos hacemos llamar 4MHz. Esta es la velocidad que ten\u00eda uno de los m\u00e1s famosos procesadores de 8 bits de todos los tiempos: el Z80 Amigos y\u2026 <a class=\"wp-block-latest-posts__read-more\" href=\"https:\/\/museo.inf.upv.es\/va\/blog\/2023\/04\/27\/expositores-2023\/\" rel=\"noopener noreferrer\">Read more<span class=\"screen-reader-text\">: Expositors 2023<\/span><\/a><\/div><\/li>\n<li><a class=\"wp-block-latest-posts__post-title\" href=\"https:\/\/museo.inf.upv.es\/va\/blog\/2023\/04\/20\/horarios-y-actividades-2023\/\">(Espa\u00f1ol) HORARIOS Y ACTIVIDADES 2023<\/a><div class=\"wp-block-latest-posts__post-excerpt\">Ho sentim, aquesta entrada nom\u00e9s es troba disponible en Espa\u00f1ol.<\/div><\/li>\n<li><a class=\"wp-block-latest-posts__post-title\" href=\"https:\/\/museo.inf.upv.es\/va\/blog\/2023\/03\/30\/concurso-de-desarrollo-de-videojuegos-retropolis-2023\/\">(Espa\u00f1ol) Concurso de Desarrollo de videojuegos Retr\u00f3polis 2023<\/a><div class=\"wp-block-latest-posts__post-excerpt\">RetroPaella Awards &#8217;23 Una de les grans novetats de Retr\u00f3Polis Val\u00e8ncia 2023 \u00e9s la I Edici\u00f3 dels RetroPaella Awards, un gran concurs de desenvolupament de videojocs retro per a plataformes de 8 i 16 bits. Els concursants poden inscriure&#8217;s amb un videojoc desenvolupat durant els anys 2022\/23 (no importa si s&#8217;ha publicat o no), per\u2026 <a class=\"wp-block-latest-posts__read-more\" href=\"https:\/\/museo.inf.upv.es\/va\/blog\/2023\/03\/30\/concurso-de-desarrollo-de-videojuegos-retropolis-2023\/\" rel=\"noopener noreferrer\">Read more<span class=\"screen-reader-text\">: (Espa\u00f1ol) Concurso de Desarrollo de videojuegos Retr\u00f3polis 2023<\/span><\/a><\/div><\/li>\n<li><a class=\"wp-block-latest-posts__post-title\" href=\"https:\/\/museo.inf.upv.es\/va\/blog\/2023\/03\/30\/taller-de-alan-turing-y-la-maquina-enigma\/\">Taller de Alan Turing i la m\u00e0quina Enigma en Retr\u00f2polis 2023<\/a><div class=\"wp-block-latest-posts__post-excerpt\">Coneix la vida i obra del matem\u00e0tic brit\u00e0nic Alan Turing, un dels precursors m\u00e9s importants de la inform\u00e0tica. El taller se centra en el paper que Alan Turing va exercir durant la Segona Guerra Mundial com a criptoanalista dels missatges de l\u2019ex\u00e8rcit alemany codificats mitjan\u00e7ant la M\u00e0quina Enigma. Els visitants faran de criptoanalistes, coneixeran com\u2026 <a class=\"wp-block-latest-posts__read-more\" href=\"https:\/\/museo.inf.upv.es\/va\/blog\/2023\/03\/30\/taller-de-alan-turing-y-la-maquina-enigma\/\" rel=\"noopener noreferrer\">Read more<span class=\"screen-reader-text\">: Taller de Alan Turing i la m\u00e0quina Enigma en Retr\u00f2polis 2023<\/span><\/a><\/div><\/li>\n<li><a class=\"wp-block-latest-posts__post-title\" href=\"https:\/\/museo.inf.upv.es\/va\/blog\/2023\/03\/13\/colaboradores-retropolis-2023\/\">(Espa\u00f1ol) COLABORADORES RETR\u00d3POLIS 2023<\/a><div class=\"wp-block-latest-posts__post-excerpt\">Ho sentim, aquesta entrada nom\u00e9s es troba disponible en Espa\u00f1ol.<\/div><\/li>\n<\/ul>","protected":false},"excerpt":{"rendered":"","protected":false},"author":2,"featured_media":0,"parent":0,"menu_order":0,"comment_status":"closed","ping_status":"closed","template":"","meta":{"_monsterinsights_skip_tracking":false,"_monsterinsights_sitenote_active":false,"_monsterinsights_sitenote_note":"","_monsterinsights_sitenote_category":0,"footnotes":""},"class_list":["post-10883","page","type-page","status-publish","hentry","post"],"yoast_head":"<!-- This site is optimized with the Yoast SEO plugin v27.4 - https:\/\/yoast.com\/product\/yoast-seo-wordpress\/ -->\n<title>Not\u00edcies Retr\u00f3polis 2023 - Web del Museo de Inform\u00e1tica 2.0<\/title>\n<meta name=\"robots\" content=\"index, follow, max-snippet:-1, max-image-preview:large, max-video-preview:-1\" \/>\n<link rel=\"canonical\" href=\"https:\/\/museo.inf.upv.es\/noticias-retropolis-2023\/\" \/>\n<meta property=\"og:locale\" content=\"en_US\" \/>\n<meta property=\"og:type\" content=\"article\" \/>\n<meta property=\"og:title\" content=\"Not\u00edcies Retr\u00f3polis 2023 - Web del Museo de Inform\u00e1tica 2.0\" \/>\n<meta property=\"og:url\" content=\"https:\/\/museo.inf.upv.es\/noticias-retropolis-2023\/\" \/>\n<meta property=\"og:site_name\" content=\"Web del Museo de Inform\u00e1tica 2.0\" \/>\n<meta property=\"article:modified_time\" content=\"2023-03-30T18:41:32+00:00\" \/>\n<meta name=\"twitter:card\" content=\"summary_large_image\" \/>\n<script type=\"application\/ld+json\" class=\"yoast-schema-graph\">{\"@context\":\"https:\\\/\\\/schema.org\",\"@graph\":[{\"@type\":\"WebPage\",\"@id\":\"https:\\\/\\\/museo.inf.upv.es\\\/noticias-retropolis-2023\\\/\",\"url\":\"https:\\\/\\\/museo.inf.upv.es\\\/noticias-retropolis-2023\\\/\",\"name\":\"Not\u00edcies Retr\u00f3polis 2023 - Web del Museo de Inform\u00e1tica 2.0\",\"isPartOf\":{\"@id\":\"https:\\\/\\\/museo.inf.upv.es\\\/#website\"},\"datePublished\":\"2023-03-13T18:13:47+00:00\",\"dateModified\":\"2023-03-30T18:41:32+00:00\",\"breadcrumb\":{\"@id\":\"https:\\\/\\\/museo.inf.upv.es\\\/noticias-retropolis-2023\\\/#breadcrumb\"},\"inLanguage\":\"va-VA\",\"potentialAction\":[{\"@type\":\"ReadAction\",\"target\":[\"https:\\\/\\\/museo.inf.upv.es\\\/noticias-retropolis-2023\\\/\"]}]},{\"@type\":\"BreadcrumbList\",\"@id\":\"https:\\\/\\\/museo.inf.upv.es\\\/noticias-retropolis-2023\\\/#breadcrumb\",\"itemListElement\":[{\"@type\":\"ListItem\",\"position\":1,\"name\":\"Portada\",\"item\":\"https:\\\/\\\/museo.inf.upv.es\\\/\"},{\"@type\":\"ListItem\",\"position\":2,\"name\":\"Noticias Retr\u00f3polis 2023\"}]},{\"@type\":\"WebSite\",\"@id\":\"https:\\\/\\\/museo.inf.upv.es\\\/#website\",\"url\":\"https:\\\/\\\/museo.inf.upv.es\\\/\",\"name\":\"Web del Museo de Inform\u00e1tica 2.0\",\"description\":\"Web del Museo de Inform\u00e1tica 2.0\",\"potentialAction\":[{\"@type\":\"SearchAction\",\"target\":{\"@type\":\"EntryPoint\",\"urlTemplate\":\"https:\\\/\\\/museo.inf.upv.es\\\/?s={search_term_string}\"},\"query-input\":{\"@type\":\"PropertyValueSpecification\",\"valueRequired\":true,\"valueName\":\"search_term_string\"}}],\"inLanguage\":\"va-VA\"}]}<\/script>\n<!-- \/ Yoast SEO plugin. -->","yoast_head_json":{"title":"Not\u00edcies Retr\u00f3polis 2023 - Web del Museo de Inform\u00e1tica 2.0","robots":{"index":"index","follow":"follow","max-snippet":"max-snippet:-1","max-image-preview":"max-image-preview:large","max-video-preview":"max-video-preview:-1"},"canonical":"https:\/\/museo.inf.upv.es\/noticias-retropolis-2023\/","og_locale":"en_US","og_type":"article","og_title":"Not\u00edcies Retr\u00f3polis 2023 - Web del Museo de Inform\u00e1tica 2.0","og_url":"https:\/\/museo.inf.upv.es\/noticias-retropolis-2023\/","og_site_name":"Web del Museo de Inform\u00e1tica 2.0","article_modified_time":"2023-03-30T18:41:32+00:00","twitter_card":"summary_large_image","schema":{"@context":"https:\/\/schema.org","@graph":[{"@type":"WebPage","@id":"https:\/\/museo.inf.upv.es\/noticias-retropolis-2023\/","url":"https:\/\/museo.inf.upv.es\/noticias-retropolis-2023\/","name":"Not\u00edcies Retr\u00f3polis 2023 - Web del Museo de Inform\u00e1tica 2.0","isPartOf":{"@id":"https:\/\/museo.inf.upv.es\/#website"},"datePublished":"2023-03-13T18:13:47+00:00","dateModified":"2023-03-30T18:41:32+00:00","breadcrumb":{"@id":"https:\/\/museo.inf.upv.es\/noticias-retropolis-2023\/#breadcrumb"},"inLanguage":"va-VA","potentialAction":[{"@type":"ReadAction","target":["https:\/\/museo.inf.upv.es\/noticias-retropolis-2023\/"]}]},{"@type":"BreadcrumbList","@id":"https:\/\/museo.inf.upv.es\/noticias-retropolis-2023\/#breadcrumb","itemListElement":[{"@type":"ListItem","position":1,"name":"Portada","item":"https:\/\/museo.inf.upv.es\/"},{"@type":"ListItem","position":2,"name":"Noticias Retr\u00f3polis 2023"}]},{"@type":"WebSite","@id":"https:\/\/museo.inf.upv.es\/#website","url":"https:\/\/museo.inf.upv.es\/","name":"Web del Museo de Inform\u00e1tica 2.0","description":"Web del Museo de Inform\u00e1tica 2.0","potentialAction":[{"@type":"SearchAction","target":{"@type":"EntryPoint","urlTemplate":"https:\/\/museo.inf.upv.es\/?s={search_term_string}"},"query-input":{"@type":"PropertyValueSpecification","valueRequired":true,"valueName":"search_term_string"}}],"inLanguage":"va-VA"}]}},"_links":{"self":[{"href":"https:\/\/museo.inf.upv.es\/va\/wp-json\/wp\/v2\/pages\/10883","targetHints":{"allow":["GET"]}}],"collection":[{"href":"https:\/\/museo.inf.upv.es\/va\/wp-json\/wp\/v2\/pages"}],"about":[{"href":"https:\/\/museo.inf.upv.es\/va\/wp-json\/wp\/v2\/types\/page"}],"author":[{"embeddable":true,"href":"https:\/\/museo.inf.upv.es\/va\/wp-json\/wp\/v2\/users\/2"}],"replies":[{"embeddable":true,"href":"https:\/\/museo.inf.upv.es\/va\/wp-json\/wp\/v2\/comments?post=10883"}],"version-history":[{"count":7,"href":"https:\/\/museo.inf.upv.es\/va\/wp-json\/wp\/v2\/pages\/10883\/revisions"}],"predecessor-version":[{"id":10949,"href":"https:\/\/museo.inf.upv.es\/va\/wp-json\/wp\/v2\/pages\/10883\/revisions\/10949"}],"wp:attachment":[{"href":"https:\/\/museo.inf.upv.es\/va\/wp-json\/wp\/v2\/media?parent=10883"}],"curies":[{"name":"wp","href":"https:\/\/api.w.org\/{rel}","templated":true}]}}