{"id":10958,"date":"2023-04-12T08:29:11","date_gmt":"2023-04-12T08:29:11","guid":{"rendered":"https:\/\/museo.inf.upv.es\/?page_id=10958"},"modified":"2023-05-10T16:47:59","modified_gmt":"2023-05-10T16:47:59","slug":"concurso-de-desarrollo","status":"publish","type":"page","link":"https:\/\/museo.inf.upv.es\/va\/concurso-de-desarrollo\/","title":{"rendered":"Concurs de desenvolupament"},"content":{"rendered":"<p><img loading=\"lazy\" decoding=\"async\" class=\"alignnone size-medium wp-image-10972\" src=\"https:\/\/museo.inf.upv.es\/wp-content\/uploads\/2023\/04\/Sin-titulo-1-300x266.png\" alt=\"\" width=\"300\" height=\"266\" srcset=\"https:\/\/museo.inf.upv.es\/wp-content\/uploads\/2023\/04\/Sin-titulo-1-300x266.png 300w, https:\/\/museo.inf.upv.es\/wp-content\/uploads\/2023\/04\/Sin-titulo-1.png 757w\" sizes=\"auto, (max-width: 300px) 100vw, 300px\" \/><\/p>\n<p style=\"text-align: justify;\"><\/p>\n<p style=\"text-align: justify;\">Una de les grans novetats de Retr\u00f3Polis Val\u00e8ncia 2023 \u00e9s la I Edici\u00f3 dels RetroPaella Awards, un gran concurs de desenvolupament de videojocs retro per a plataformes de 8 i 16 bits. Els concursants poden inscriure&#8217;s amb un videojoc desenvolupat durant els anys 2022\/23 (no importa si s&#8217;ha publicat o no), per tant, pot estar en qualsevol estat de desenvolupament (alfa, beta, demo, versi\u00f3 final), sent una versi\u00f3 funcional en emulador o en m\u00e0quina real.<\/p>\n<p style=\"text-align: justify;\">El jurat est\u00e0 compost per Bruno Sol \u201cNemesis\u201d, Sonia Herranz \u201cTeniente Ripley\u201d, Alice Shiny, Jaime Parada \u201cInsert Coin\u201d, Ash de Sonic Paradise i Kurt Kalata d&#8217;Hardcore Gaming 101.<\/p>\n<p>Es van inscriure un total de 17 jocs d&#8217;una gran qualitat. I els primers RetroPaella Awards han anat per a:<\/p>\n<h3><\/h3>\n<p><a href=\"https:\/\/volcanobytes.itch.io\/revenge-of-trasmoz\">El premio del p\u00fablico: Revenge of Trasmoz<\/a><br \/><a href=\"https:\/\/radicalcomputerscompany.itch.io\/ganimedes\">El juego m\u00e1s original: Ganimedes<\/a><br \/><a href=\"https:\/\/www.bitmapsoft.co.uk\/product\/yosei-wars\/\">El juego m\u00e1s jugable: Yosei Wars<\/a><br \/><a href=\"https:\/\/pscdgames.com\/index.php?route=product\/product&amp;product_id=6\">Mejor arte: Reknum de Mega Drive<\/a><br \/><a href=\"https:\/\/www.napegames.com\/reknum-souls-adventure\/\">Mejor sonido: Reknum de NES<\/a><br \/><a href=\"https:\/\/patmorita.itch.io\/shovel-adventure-zx\/devlog\/400084\/shovel-adventure-for-spectrum-next\">Mejor juego 8 bits: Shovel Adventure de Spectrum Next<\/a><br \/><a href=\"https:\/\/www.youtube.com\/watch?v=qFZui6JBw7I\">Mejor juego de 16 bits: Coloco Dx<\/a><br \/><a href=\"https:\/\/patmorita.itch.io\/shovel-adventure-zx\/devlog\/400084\/shovel-adventure-for-spectrum-next\">Mejor juego total: Shovel Adventure, de Spectrum Next<\/a><\/p>\n<p>\u21d2 <a href=\"https:\/\/engage.videoapuntes.upv.es\/paella\/ui\/watch.html?id=ea992c80-e34c-11ed-8564-2f8933d68a10\">Enlace a la entrega de premios\u00a0<\/a><\/p>\n\n\n<figure class=\"wp-block-gallery has-nested-images columns-3 wp-block-gallery-1 is-layout-flex wp-block-gallery-is-layout-flex\">\n<figure class=\"wp-block-image size-medium is-style-default\"><a href=\"https:\/\/museo.inf.upv.es\/wp-content\/uploads\/2023\/05\/Imagen-de-WhatsApp-2023-05-09-a-las-11.00.07.jpg\"><img loading=\"lazy\" decoding=\"async\" width=\"191\" height=\"300\" data-id=\"11103\" src=\"https:\/\/museo.inf.upv.es\/wp-content\/uploads\/2023\/05\/Imagen-de-WhatsApp-2023-05-09-a-las-11.00.07-e1683623938500-191x300.jpg\" alt=\"\" class=\"wp-image-11103\" srcset=\"https:\/\/museo.inf.upv.es\/wp-content\/uploads\/2023\/05\/Imagen-de-WhatsApp-2023-05-09-a-las-11.00.07-e1683623938500-191x300.jpg 191w, https:\/\/museo.inf.upv.es\/wp-content\/uploads\/2023\/05\/Imagen-de-WhatsApp-2023-05-09-a-las-11.00.07-e1683623938500-652x1024.jpg 652w, https:\/\/museo.inf.upv.es\/wp-content\/uploads\/2023\/05\/Imagen-de-WhatsApp-2023-05-09-a-las-11.00.07-e1683623938500.jpg 717w\" sizes=\"auto, (max-width: 191px) 100vw, 191px\" \/><\/a><\/figure>\n\n\n\n<figure class=\"wp-block-image size-medium\"><a href=\"https:\/\/museo.inf.upv.es\/wp-content\/uploads\/2023\/05\/Imagen-de-WhatsApp-2023-05-09-a-las-10.54.52.jpg\"><img loading=\"lazy\" decoding=\"async\" width=\"233\" height=\"300\" data-id=\"11104\" src=\"https:\/\/museo.inf.upv.es\/wp-content\/uploads\/2023\/05\/Imagen-de-WhatsApp-2023-05-09-a-las-10.54.52-e1683623832979-233x300.jpg\" alt=\"\" class=\"wp-image-11104\" srcset=\"https:\/\/museo.inf.upv.es\/wp-content\/uploads\/2023\/05\/Imagen-de-WhatsApp-2023-05-09-a-las-10.54.52-e1683623832979-233x300.jpg 233w, https:\/\/museo.inf.upv.es\/wp-content\/uploads\/2023\/05\/Imagen-de-WhatsApp-2023-05-09-a-las-10.54.52-e1683623832979-795x1024.jpg 795w, https:\/\/museo.inf.upv.es\/wp-content\/uploads\/2023\/05\/Imagen-de-WhatsApp-2023-05-09-a-las-10.54.52-e1683623832979-768x989.jpg 768w, https:\/\/museo.inf.upv.es\/wp-content\/uploads\/2023\/05\/Imagen-de-WhatsApp-2023-05-09-a-las-10.54.52-e1683623832979.jpg 942w\" sizes=\"auto, (max-width: 233px) 100vw, 233px\" \/><\/a><\/figure>\n\n\n\n<figure class=\"wp-block-image size-medium\"><a href=\"https:\/\/museo.inf.upv.es\/wp-content\/uploads\/2023\/05\/Imagen-de-WhatsApp-2023-05-09-a-las-11.02.05.jpg\"><img loading=\"lazy\" decoding=\"async\" width=\"300\" height=\"168\" data-id=\"11102\" src=\"https:\/\/museo.inf.upv.es\/wp-content\/uploads\/2023\/05\/Imagen-de-WhatsApp-2023-05-09-a-las-11.02.05-300x168.jpg\" alt=\"\" class=\"wp-image-11102\" srcset=\"https:\/\/museo.inf.upv.es\/wp-content\/uploads\/2023\/05\/Imagen-de-WhatsApp-2023-05-09-a-las-11.02.05-300x168.jpg 300w, https:\/\/museo.inf.upv.es\/wp-content\/uploads\/2023\/05\/Imagen-de-WhatsApp-2023-05-09-a-las-11.02.05-768x431.jpg 768w, https:\/\/museo.inf.upv.es\/wp-content\/uploads\/2023\/05\/Imagen-de-WhatsApp-2023-05-09-a-las-11.02.05.jpg 800w\" sizes=\"auto, (max-width: 300px) 100vw, 300px\" \/><\/a><\/figure>\n<\/figure>","protected":false},"excerpt":{"rendered":"<p>Una de les grans novetats de Retr\u00f3Polis Val\u00e8ncia 2023 \u00e9s la I Edici\u00f3 dels RetroPaella Awards, un gran concurs de desenvolupament de videojocs retro per a plataformes de 8 i 16 bits. Els concursants poden inscriure&#8217;s amb un videojoc desenvolupat durant els anys 2022\/23 (no importa si s&#8217;ha publicat o no), per tant, pot estar [&hellip;]<\/p>\n","protected":false},"author":2,"featured_media":0,"parent":0,"menu_order":0,"comment_status":"closed","ping_status":"closed","template":"","meta":{"_monsterinsights_skip_tracking":false,"_monsterinsights_sitenote_active":false,"_monsterinsights_sitenote_note":"","_monsterinsights_sitenote_category":0,"footnotes":""},"class_list":["post-10958","page","type-page","status-publish","hentry","post"],"yoast_head":"<!-- This site is optimized with the Yoast SEO plugin v27.4 - https:\/\/yoast.com\/product\/yoast-seo-wordpress\/ -->\n<title>Concurs de desenvolupament - Web del Museo de Inform\u00e1tica 2.0<\/title>\n<meta name=\"robots\" content=\"index, follow, max-snippet:-1, max-image-preview:large, max-video-preview:-1\" \/>\n<link rel=\"canonical\" href=\"https:\/\/museo.inf.upv.es\/concurso-de-desarrollo\/\" \/>\n<meta property=\"og:locale\" content=\"en_US\" \/>\n<meta property=\"og:type\" content=\"article\" \/>\n<meta property=\"og:title\" content=\"Concurs de desenvolupament - Web del Museo de Inform\u00e1tica 2.0\" \/>\n<meta property=\"og:description\" content=\"Una de les grans novetats de Retr\u00f3Polis Val\u00e8ncia 2023 \u00e9s la I Edici\u00f3 dels RetroPaella Awards, un gran concurs de desenvolupament de videojocs retro per a plataformes de 8 i 16 bits. Els concursants poden inscriure&#8217;s amb un videojoc desenvolupat durant els anys 2022\/23 (no importa si s&#8217;ha publicat o no), per tant, pot estar [&hellip;]\" \/>\n<meta property=\"og:url\" content=\"https:\/\/museo.inf.upv.es\/concurso-de-desarrollo\/\" \/>\n<meta property=\"og:site_name\" content=\"Web del Museo de Inform\u00e1tica 2.0\" \/>\n<meta property=\"article:modified_time\" content=\"2023-05-10T16:47:59+00:00\" \/>\n<meta property=\"og:image\" content=\"https:\/\/museo.inf.upv.es\/wp-content\/uploads\/2023\/04\/Sin-titulo-1-300x266.png\" \/>\n<meta name=\"twitter:card\" content=\"summary_large_image\" \/>\n<meta name=\"twitter:label1\" content=\"Est. reading time\" \/>\n\t<meta name=\"twitter:data1\" content=\"3 minutes\" \/>\n<script type=\"application\/ld+json\" class=\"yoast-schema-graph\">{\"@context\":\"https:\\\/\\\/schema.org\",\"@graph\":[{\"@type\":\"WebPage\",\"@id\":\"https:\\\/\\\/museo.inf.upv.es\\\/concurso-de-desarrollo\\\/\",\"url\":\"https:\\\/\\\/museo.inf.upv.es\\\/concurso-de-desarrollo\\\/\",\"name\":\"Concurs de desenvolupament - Web del Museo de Inform\u00e1tica 2.0\",\"isPartOf\":{\"@id\":\"https:\\\/\\\/museo.inf.upv.es\\\/#website\"},\"primaryImageOfPage\":{\"@id\":\"https:\\\/\\\/museo.inf.upv.es\\\/concurso-de-desarrollo\\\/#primaryimage\"},\"image\":{\"@id\":\"https:\\\/\\\/museo.inf.upv.es\\\/concurso-de-desarrollo\\\/#primaryimage\"},\"thumbnailUrl\":\"https:\\\/\\\/museo.inf.upv.es\\\/wp-content\\\/uploads\\\/2023\\\/04\\\/Sin-titulo-1-300x266.png\",\"datePublished\":\"2023-04-12T08:29:11+00:00\",\"dateModified\":\"2023-05-10T16:47:59+00:00\",\"breadcrumb\":{\"@id\":\"https:\\\/\\\/museo.inf.upv.es\\\/concurso-de-desarrollo\\\/#breadcrumb\"},\"inLanguage\":\"va-VA\",\"potentialAction\":[{\"@type\":\"ReadAction\",\"target\":[\"https:\\\/\\\/museo.inf.upv.es\\\/concurso-de-desarrollo\\\/\"]}]},{\"@type\":\"ImageObject\",\"inLanguage\":\"va-VA\",\"@id\":\"https:\\\/\\\/museo.inf.upv.es\\\/concurso-de-desarrollo\\\/#primaryimage\",\"url\":\"https:\\\/\\\/museo.inf.upv.es\\\/wp-content\\\/uploads\\\/2023\\\/04\\\/Sin-titulo-1-300x266.png\",\"contentUrl\":\"https:\\\/\\\/museo.inf.upv.es\\\/wp-content\\\/uploads\\\/2023\\\/04\\\/Sin-titulo-1-300x266.png\"},{\"@type\":\"BreadcrumbList\",\"@id\":\"https:\\\/\\\/museo.inf.upv.es\\\/concurso-de-desarrollo\\\/#breadcrumb\",\"itemListElement\":[{\"@type\":\"ListItem\",\"position\":1,\"name\":\"Portada\",\"item\":\"https:\\\/\\\/museo.inf.upv.es\\\/\"},{\"@type\":\"ListItem\",\"position\":2,\"name\":\"Concurso de desarrollo\"}]},{\"@type\":\"WebSite\",\"@id\":\"https:\\\/\\\/museo.inf.upv.es\\\/#website\",\"url\":\"https:\\\/\\\/museo.inf.upv.es\\\/\",\"name\":\"Web del Museo de Inform\u00e1tica 2.0\",\"description\":\"Web del Museo de Inform\u00e1tica 2.0\",\"potentialAction\":[{\"@type\":\"SearchAction\",\"target\":{\"@type\":\"EntryPoint\",\"urlTemplate\":\"https:\\\/\\\/museo.inf.upv.es\\\/?s={search_term_string}\"},\"query-input\":{\"@type\":\"PropertyValueSpecification\",\"valueRequired\":true,\"valueName\":\"search_term_string\"}}],\"inLanguage\":\"va-VA\"}]}<\/script>\n<!-- \/ Yoast SEO plugin. -->","yoast_head_json":{"title":"Concurs de desenvolupament - Web del Museo de Inform\u00e1tica 2.0","robots":{"index":"index","follow":"follow","max-snippet":"max-snippet:-1","max-image-preview":"max-image-preview:large","max-video-preview":"max-video-preview:-1"},"canonical":"https:\/\/museo.inf.upv.es\/concurso-de-desarrollo\/","og_locale":"en_US","og_type":"article","og_title":"Concurs de desenvolupament - Web del Museo de Inform\u00e1tica 2.0","og_description":"Una de les grans novetats de Retr\u00f3Polis Val\u00e8ncia 2023 \u00e9s la I Edici\u00f3 dels RetroPaella Awards, un gran concurs de desenvolupament de videojocs retro per a plataformes de 8 i 16 bits. Els concursants poden inscriure&#8217;s amb un videojoc desenvolupat durant els anys 2022\/23 (no importa si s&#8217;ha publicat o no), per tant, pot estar [&hellip;]","og_url":"https:\/\/museo.inf.upv.es\/concurso-de-desarrollo\/","og_site_name":"Web del Museo de Inform\u00e1tica 2.0","article_modified_time":"2023-05-10T16:47:59+00:00","og_image":[{"url":"https:\/\/museo.inf.upv.es\/wp-content\/uploads\/2023\/04\/Sin-titulo-1-300x266.png","type":"","width":"","height":""}],"twitter_card":"summary_large_image","twitter_misc":{"Est. reading time":"3 minutes"},"schema":{"@context":"https:\/\/schema.org","@graph":[{"@type":"WebPage","@id":"https:\/\/museo.inf.upv.es\/concurso-de-desarrollo\/","url":"https:\/\/museo.inf.upv.es\/concurso-de-desarrollo\/","name":"Concurs de desenvolupament - Web del Museo de Inform\u00e1tica 2.0","isPartOf":{"@id":"https:\/\/museo.inf.upv.es\/#website"},"primaryImageOfPage":{"@id":"https:\/\/museo.inf.upv.es\/concurso-de-desarrollo\/#primaryimage"},"image":{"@id":"https:\/\/museo.inf.upv.es\/concurso-de-desarrollo\/#primaryimage"},"thumbnailUrl":"https:\/\/museo.inf.upv.es\/wp-content\/uploads\/2023\/04\/Sin-titulo-1-300x266.png","datePublished":"2023-04-12T08:29:11+00:00","dateModified":"2023-05-10T16:47:59+00:00","breadcrumb":{"@id":"https:\/\/museo.inf.upv.es\/concurso-de-desarrollo\/#breadcrumb"},"inLanguage":"va-VA","potentialAction":[{"@type":"ReadAction","target":["https:\/\/museo.inf.upv.es\/concurso-de-desarrollo\/"]}]},{"@type":"ImageObject","inLanguage":"va-VA","@id":"https:\/\/museo.inf.upv.es\/concurso-de-desarrollo\/#primaryimage","url":"https:\/\/museo.inf.upv.es\/wp-content\/uploads\/2023\/04\/Sin-titulo-1-300x266.png","contentUrl":"https:\/\/museo.inf.upv.es\/wp-content\/uploads\/2023\/04\/Sin-titulo-1-300x266.png"},{"@type":"BreadcrumbList","@id":"https:\/\/museo.inf.upv.es\/concurso-de-desarrollo\/#breadcrumb","itemListElement":[{"@type":"ListItem","position":1,"name":"Portada","item":"https:\/\/museo.inf.upv.es\/"},{"@type":"ListItem","position":2,"name":"Concurso de desarrollo"}]},{"@type":"WebSite","@id":"https:\/\/museo.inf.upv.es\/#website","url":"https:\/\/museo.inf.upv.es\/","name":"Web del Museo de Inform\u00e1tica 2.0","description":"Web del Museo de Inform\u00e1tica 2.0","potentialAction":[{"@type":"SearchAction","target":{"@type":"EntryPoint","urlTemplate":"https:\/\/museo.inf.upv.es\/?s={search_term_string}"},"query-input":{"@type":"PropertyValueSpecification","valueRequired":true,"valueName":"search_term_string"}}],"inLanguage":"va-VA"}]}},"_links":{"self":[{"href":"https:\/\/museo.inf.upv.es\/va\/wp-json\/wp\/v2\/pages\/10958","targetHints":{"allow":["GET"]}}],"collection":[{"href":"https:\/\/museo.inf.upv.es\/va\/wp-json\/wp\/v2\/pages"}],"about":[{"href":"https:\/\/museo.inf.upv.es\/va\/wp-json\/wp\/v2\/types\/page"}],"author":[{"embeddable":true,"href":"https:\/\/museo.inf.upv.es\/va\/wp-json\/wp\/v2\/users\/2"}],"replies":[{"embeddable":true,"href":"https:\/\/museo.inf.upv.es\/va\/wp-json\/wp\/v2\/comments?post=10958"}],"version-history":[{"count":50,"href":"https:\/\/museo.inf.upv.es\/va\/wp-json\/wp\/v2\/pages\/10958\/revisions"}],"predecessor-version":[{"id":11153,"href":"https:\/\/museo.inf.upv.es\/va\/wp-json\/wp\/v2\/pages\/10958\/revisions\/11153"}],"wp:attachment":[{"href":"https:\/\/museo.inf.upv.es\/va\/wp-json\/wp\/v2\/media?parent=10958"}],"curies":[{"name":"wp","href":"https:\/\/api.w.org\/{rel}","templated":true}]}}