{"id":11485,"date":"2024-04-12T21:59:28","date_gmt":"2024-04-12T21:59:28","guid":{"rendered":"https:\/\/museo.inf.upv.es\/?page_id=11485"},"modified":"2024-04-12T22:05:28","modified_gmt":"2024-04-12T22:05:28","slug":"english-noticias-retropolis-2024","status":"publish","type":"page","link":"https:\/\/museo.inf.upv.es\/va\/english-noticias-retropolis-2024\/","title":{"rendered":"(Espa\u00f1ol) Noticias Retr\u00f3polis 2024"},"content":{"rendered":"\n<div class=\"wp-block-query is-layout-flow wp-block-query-is-layout-flow\"><ul class=\"columns-3 wp-block-post-template has-background has-white-background-color has-small-font-size is-layout-grid wp-container-core-post-template-is-layout-2fc57c17 wp-block-post-template-is-layout-grid\"><li class=\"wp-block-post post-11604 post type-post status-publish format-standard has-post-thumbnail hentry category-noticiasmuseo category-retropolis2024 post-with-thumbnail post-with-thumbnail-large\">\n\n<div class=\"wp-block-group\" style=\"padding-top:30px;padding-right:30px;padding-bottom:30px;padding-left:30px\"><div class=\"wp-block-group__inner-container is-layout-flow wp-block-group-is-layout-flow\"><h2 class=\"wp-block-post-title\"><a href=\"https:\/\/museo.inf.upv.es\/va\/blog\/2024\/06\/04\/retropolisvlc2024\/\" target=\"_self\" >(Espa\u00f1ol) Balance de Retr\u00f3Polis 2024<\/a><\/h2>\n\n<div class=\"wp-block-post-excerpt\"><p class=\"wp-block-post-excerpt__excerpt\">Ho sentim, aquesta entrada nom\u00e9s es troba disponible en Espa\u00f1ol. <\/p><\/div>\n\n<div class=\"wp-block-post-date\"><time datetime=\"2024-06-04T08:47:39+00:00\">June 4, 2024<\/time><\/div><\/div><\/div>\n\n<\/li><li class=\"wp-block-post post-11589 post type-post status-publish format-standard hentry category-retropolis2024\">\n\n<div class=\"wp-block-group\" style=\"padding-top:30px;padding-right:30px;padding-bottom:30px;padding-left:30px\"><div class=\"wp-block-group__inner-container is-layout-flow wp-block-group-is-layout-flow\"><h2 class=\"wp-block-post-title\"><a href=\"https:\/\/museo.inf.upv.es\/va\/blog\/2024\/05\/08\/conferencias-rpv24\/\" target=\"_self\" >(Espa\u00f1ol) Conferencias  #RPV24<\/a><\/h2>\n\n<div class=\"wp-block-post-excerpt\"><p class=\"wp-block-post-excerpt__excerpt\">Ho sentim, aquesta entrada nom\u00e9s es troba disponible en Espa\u00f1ol. <\/p><\/div>\n\n<div class=\"wp-block-post-date\"><time datetime=\"2024-05-08T10:26:49+00:00\">May 8, 2024<\/time><\/div><\/div><\/div>\n\n<\/li><li class=\"wp-block-post post-11566 post type-post status-publish format-standard hentry category-retropolis2024\">\n\n<div class=\"wp-block-group\" style=\"padding-top:30px;padding-right:30px;padding-bottom:30px;padding-left:30px\"><div class=\"wp-block-group__inner-container is-layout-flow wp-block-group-is-layout-flow\"><h2 class=\"wp-block-post-title\"><a href=\"https:\/\/museo.inf.upv.es\/va\/blog\/2024\/04\/25\/exposicion-temporal-en-el-espai-inf-2\/\" target=\"_self\" >(Espa\u00f1ol) Exposici\u00f3n temporal en el espai.inf<\/a><\/h2>\n\n<div class=\"wp-block-post-excerpt\"><p class=\"wp-block-post-excerpt__excerpt\">Ho sentim, aquesta entrada nom\u00e9s es troba disponible en Espa\u00f1ol. <\/p><\/div>\n\n<div class=\"wp-block-post-date\"><time datetime=\"2024-04-25T17:39:53+00:00\">April 25, 2024<\/time><\/div><\/div><\/div>\n\n<\/li><li class=\"wp-block-post post-11543 post type-post status-publish format-standard hentry category-retropolis2024\">\n\n<div class=\"wp-block-group\" style=\"padding-top:30px;padding-right:30px;padding-bottom:30px;padding-left:30px\"><div class=\"wp-block-group__inner-container is-layout-flow wp-block-group-is-layout-flow\"><h2 class=\"wp-block-post-title\"><a href=\"https:\/\/museo.inf.upv.es\/va\/blog\/2024\/04\/22\/menu-especial-retropolis-valencia-2024\/\" target=\"_self\" >(Espa\u00f1ol) Men\u00fa especial Retr\u00f3polis Valencia 2024<\/a><\/h2>\n\n<div class=\"wp-block-post-excerpt\"><p class=\"wp-block-post-excerpt__excerpt\">Ho sentim, aquesta entrada nom\u00e9s es troba disponible en Espa\u00f1ol. <\/p><\/div>\n\n<div class=\"wp-block-post-date\"><time datetime=\"2024-04-22T17:39:28+00:00\">April 22, 2024<\/time><\/div><\/div><\/div>\n\n<\/li><li class=\"wp-block-post post-11528 post type-post status-publish format-standard hentry category-retropolis2024\">\n\n<div class=\"wp-block-group\" style=\"padding-top:30px;padding-right:30px;padding-bottom:30px;padding-left:30px\"><div class=\"wp-block-group__inner-container is-layout-flow wp-block-group-is-layout-flow\"><h2 class=\"wp-block-post-title\"><a href=\"https:\/\/museo.inf.upv.es\/va\/blog\/2024\/04\/17\/horarios-y-actividades-rpv-2024\/\" target=\"_self\" >(Espa\u00f1ol) Horarios y Actividades RPV 2024<\/a><\/h2>\n\n<div class=\"wp-block-post-excerpt\"><p class=\"wp-block-post-excerpt__excerpt\">Ho sentim, aquesta entrada nom\u00e9s es troba disponible en Espa\u00f1ol. <\/p><\/div>\n\n<div class=\"wp-block-post-date\"><time datetime=\"2024-04-17T17:18:46+00:00\">April 17, 2024<\/time><\/div><\/div><\/div>\n\n<\/li><li class=\"wp-block-post post-11452 post type-post status-publish format-standard has-post-thumbnail hentry category-retropolis2024 post-with-thumbnail post-with-thumbnail-large\">\n\n<div class=\"wp-block-group\" style=\"padding-top:30px;padding-right:30px;padding-bottom:30px;padding-left:30px\"><div class=\"wp-block-group__inner-container is-layout-flow wp-block-group-is-layout-flow\"><h2 class=\"wp-block-post-title\"><a href=\"https:\/\/museo.inf.upv.es\/va\/blog\/2024\/04\/12\/concurso-de-desarrollo-rpv24\/\" target=\"_self\" >(Espa\u00f1ol) Concurso de Desarrollo RPV24<\/a><\/h2>\n\n<div class=\"wp-block-post-excerpt\"><p class=\"wp-block-post-excerpt__excerpt\">Ho sentim, aquesta entrada nom\u00e9s es troba disponible en Espa\u00f1ol. <\/p><\/div>\n\n<div class=\"wp-block-post-date\"><time datetime=\"2024-04-12T21:30:20+00:00\">April 12, 2024<\/time><\/div><\/div><\/div>\n\n<\/li><li class=\"wp-block-post post-11416 post type-post status-publish format-standard hentry category-retropolis2024\">\n\n<div class=\"wp-block-group\" style=\"padding-top:30px;padding-right:30px;padding-bottom:30px;padding-left:30px\"><div class=\"wp-block-group__inner-container is-layout-flow wp-block-group-is-layout-flow\"><h2 class=\"wp-block-post-title\"><a href=\"https:\/\/museo.inf.upv.es\/va\/blog\/2024\/04\/12\/expositores-rpv24\/\" target=\"_self\" >Expositors RPV24<\/a><\/h2>\n\n<div class=\"wp-block-post-excerpt\"><p class=\"wp-block-post-excerpt__excerpt\">Ho sentim, aquesta entrada nom\u00e9s es troba disponible en Espa\u00f1ol. <\/p><\/div>\n\n<div class=\"wp-block-post-date\"><time datetime=\"2024-04-12T08:55:25+00:00\">April 12, 2024<\/time><\/div><\/div><\/div>\n\n<\/li><li class=\"wp-block-post post-11384 post type-post status-publish format-standard hentry category-retropolis2024\">\n\n<div class=\"wp-block-group\" style=\"padding-top:30px;padding-right:30px;padding-bottom:30px;padding-left:30px\"><div class=\"wp-block-group__inner-container is-layout-flow wp-block-group-is-layout-flow\"><h2 class=\"wp-block-post-title\"><a href=\"https:\/\/museo.inf.upv.es\/va\/blog\/2024\/04\/10\/colaboradores-retropolis-2024\/\" target=\"_self\" >(Espa\u00f1ol) Colaboradores Retr\u00f3polis 2024<\/a><\/h2>\n\n<div class=\"wp-block-post-excerpt\"><p class=\"wp-block-post-excerpt__excerpt\">Ho sentim, aquesta entrada nom\u00e9s es troba disponible en Espa\u00f1ol. <\/p><\/div>\n\n<div class=\"wp-block-post-date\"><time datetime=\"2024-04-10T16:01:20+00:00\">April 10, 2024<\/time><\/div><\/div><\/div>\n\n<\/li><\/ul><\/div>\n","protected":false},"excerpt":{"rendered":"","protected":false},"author":2,"featured_media":0,"parent":0,"menu_order":0,"comment_status":"closed","ping_status":"closed","template":"","meta":{"_monsterinsights_skip_tracking":false,"_monsterinsights_sitenote_active":false,"_monsterinsights_sitenote_note":"","_monsterinsights_sitenote_category":0,"footnotes":""},"class_list":["post-11485","page","type-page","status-publish","hentry","post"],"yoast_head":"<!-- This site is optimized with the Yoast SEO plugin v27.5 - https:\/\/yoast.com\/product\/yoast-seo-wordpress\/ -->\n<title>(Espa\u00f1ol) Noticias Retr\u00f3polis 2024 - Web del Museo de Inform\u00e1tica 2.0<\/title>\n<meta name=\"robots\" content=\"index, follow, max-snippet:-1, max-image-preview:large, max-video-preview:-1\" \/>\n<link rel=\"canonical\" href=\"https:\/\/museo.inf.upv.es\/english-noticias-retropolis-2024\/\" \/>\n<meta property=\"og:locale\" content=\"en_US\" \/>\n<meta property=\"og:type\" content=\"article\" \/>\n<meta property=\"og:title\" content=\"(Espa\u00f1ol) Noticias Retr\u00f3polis 2024 - Web del Museo de Inform\u00e1tica 2.0\" \/>\n<meta property=\"og:url\" content=\"https:\/\/museo.inf.upv.es\/english-noticias-retropolis-2024\/\" \/>\n<meta property=\"og:site_name\" content=\"Web del Museo de Inform\u00e1tica 2.0\" \/>\n<meta property=\"article:modified_time\" content=\"2024-04-12T22:05:28+00:00\" \/>\n<meta name=\"twitter:card\" content=\"summary_large_image\" \/>\n<script type=\"application\/ld+json\" class=\"yoast-schema-graph\">{\"@context\":\"https:\\\/\\\/schema.org\",\"@graph\":[{\"@type\":\"WebPage\",\"@id\":\"https:\\\/\\\/museo.inf.upv.es\\\/english-noticias-retropolis-2024\\\/\",\"url\":\"https:\\\/\\\/museo.inf.upv.es\\\/english-noticias-retropolis-2024\\\/\",\"name\":\"(Espa\u00f1ol) Noticias Retr\u00f3polis 2024 - Web del Museo de Inform\u00e1tica 2.0\",\"isPartOf\":{\"@id\":\"https:\\\/\\\/museo.inf.upv.es\\\/#website\"},\"datePublished\":\"2024-04-12T21:59:28+00:00\",\"dateModified\":\"2024-04-12T22:05:28+00:00\",\"breadcrumb\":{\"@id\":\"https:\\\/\\\/museo.inf.upv.es\\\/english-noticias-retropolis-2024\\\/#breadcrumb\"},\"inLanguage\":\"va-VA\",\"potentialAction\":[{\"@type\":\"ReadAction\",\"target\":[\"https:\\\/\\\/museo.inf.upv.es\\\/english-noticias-retropolis-2024\\\/\"]}]},{\"@type\":\"BreadcrumbList\",\"@id\":\"https:\\\/\\\/museo.inf.upv.es\\\/english-noticias-retropolis-2024\\\/#breadcrumb\",\"itemListElement\":[{\"@type\":\"ListItem\",\"position\":1,\"name\":\"Portada\",\"item\":\"https:\\\/\\\/museo.inf.upv.es\\\/\"},{\"@type\":\"ListItem\",\"position\":2,\"name\":\"Noticias Retr\u00f3polis 2024\"}]},{\"@type\":\"WebSite\",\"@id\":\"https:\\\/\\\/museo.inf.upv.es\\\/#website\",\"url\":\"https:\\\/\\\/museo.inf.upv.es\\\/\",\"name\":\"Web del Museo de Inform\u00e1tica 2.0\",\"description\":\"Web del Museo de Inform\u00e1tica 2.0\",\"potentialAction\":[{\"@type\":\"SearchAction\",\"target\":{\"@type\":\"EntryPoint\",\"urlTemplate\":\"https:\\\/\\\/museo.inf.upv.es\\\/?s={search_term_string}\"},\"query-input\":{\"@type\":\"PropertyValueSpecification\",\"valueRequired\":true,\"valueName\":\"search_term_string\"}}],\"inLanguage\":\"va-VA\"}]}<\/script>\n<!-- \/ Yoast SEO plugin. -->","yoast_head_json":{"title":"(Espa\u00f1ol) Noticias Retr\u00f3polis 2024 - Web del Museo de Inform\u00e1tica 2.0","robots":{"index":"index","follow":"follow","max-snippet":"max-snippet:-1","max-image-preview":"max-image-preview:large","max-video-preview":"max-video-preview:-1"},"canonical":"https:\/\/museo.inf.upv.es\/english-noticias-retropolis-2024\/","og_locale":"en_US","og_type":"article","og_title":"(Espa\u00f1ol) Noticias Retr\u00f3polis 2024 - Web del Museo de Inform\u00e1tica 2.0","og_url":"https:\/\/museo.inf.upv.es\/english-noticias-retropolis-2024\/","og_site_name":"Web del Museo de Inform\u00e1tica 2.0","article_modified_time":"2024-04-12T22:05:28+00:00","twitter_card":"summary_large_image","schema":{"@context":"https:\/\/schema.org","@graph":[{"@type":"WebPage","@id":"https:\/\/museo.inf.upv.es\/english-noticias-retropolis-2024\/","url":"https:\/\/museo.inf.upv.es\/english-noticias-retropolis-2024\/","name":"(Espa\u00f1ol) Noticias Retr\u00f3polis 2024 - Web del Museo de Inform\u00e1tica 2.0","isPartOf":{"@id":"https:\/\/museo.inf.upv.es\/#website"},"datePublished":"2024-04-12T21:59:28+00:00","dateModified":"2024-04-12T22:05:28+00:00","breadcrumb":{"@id":"https:\/\/museo.inf.upv.es\/english-noticias-retropolis-2024\/#breadcrumb"},"inLanguage":"va-VA","potentialAction":[{"@type":"ReadAction","target":["https:\/\/museo.inf.upv.es\/english-noticias-retropolis-2024\/"]}]},{"@type":"BreadcrumbList","@id":"https:\/\/museo.inf.upv.es\/english-noticias-retropolis-2024\/#breadcrumb","itemListElement":[{"@type":"ListItem","position":1,"name":"Portada","item":"https:\/\/museo.inf.upv.es\/"},{"@type":"ListItem","position":2,"name":"Noticias Retr\u00f3polis 2024"}]},{"@type":"WebSite","@id":"https:\/\/museo.inf.upv.es\/#website","url":"https:\/\/museo.inf.upv.es\/","name":"Web del Museo de Inform\u00e1tica 2.0","description":"Web del Museo de Inform\u00e1tica 2.0","potentialAction":[{"@type":"SearchAction","target":{"@type":"EntryPoint","urlTemplate":"https:\/\/museo.inf.upv.es\/?s={search_term_string}"},"query-input":{"@type":"PropertyValueSpecification","valueRequired":true,"valueName":"search_term_string"}}],"inLanguage":"va-VA"}]}},"_links":{"self":[{"href":"https:\/\/museo.inf.upv.es\/va\/wp-json\/wp\/v2\/pages\/11485","targetHints":{"allow":["GET"]}}],"collection":[{"href":"https:\/\/museo.inf.upv.es\/va\/wp-json\/wp\/v2\/pages"}],"about":[{"href":"https:\/\/museo.inf.upv.es\/va\/wp-json\/wp\/v2\/types\/page"}],"author":[{"embeddable":true,"href":"https:\/\/museo.inf.upv.es\/va\/wp-json\/wp\/v2\/users\/2"}],"replies":[{"embeddable":true,"href":"https:\/\/museo.inf.upv.es\/va\/wp-json\/wp\/v2\/comments?post=11485"}],"version-history":[{"count":6,"href":"https:\/\/museo.inf.upv.es\/va\/wp-json\/wp\/v2\/pages\/11485\/revisions"}],"predecessor-version":[{"id":11526,"href":"https:\/\/museo.inf.upv.es\/va\/wp-json\/wp\/v2\/pages\/11485\/revisions\/11526"}],"wp:attachment":[{"href":"https:\/\/museo.inf.upv.es\/va\/wp-json\/wp\/v2\/media?parent=11485"}],"curies":[{"name":"wp","href":"https:\/\/api.w.org\/{rel}","templated":true}]}}