{"id":12353,"date":"2026-02-20T10:40:04","date_gmt":"2026-02-20T10:40:04","guid":{"rendered":"https:\/\/museo.inf.upv.es\/?page_id=12353"},"modified":"2026-03-26T16:15:52","modified_gmt":"2026-03-26T16:15:52","slug":"rpv26","status":"publish","type":"page","link":"https:\/\/museo.inf.upv.es\/va\/rpv26\/","title":{"rendered":"rpv26"},"content":{"rendered":"<h1>RPV26<\/h1>\n<p>\u201cRetr\u00f3polis Val\u00e8ncia\u201d, l\u2019esdeveniment dedicat a la retroinform\u00e1tica de refer\u00e8ncia a la ciutat de Val\u00e8ncia, torna un any m\u00e9s a les instal\u00b7lacions de l\u2019Escola T\u00e8cnica Superior d\u2019Enginyeria Inform\u00e0tica de la Universitat Polit\u00e8cnica de Val\u00e8ncia.<\/p>\n<p>La nostra 9a edici\u00f3 se celebrar\u00e0 el <strong>disabte 25 d\u2019abril de 2025<\/strong>. <strong>#RPV26<\/strong><\/p>\n<p>Tindrem exposici\u00f3 de consoles i ordinadors antics de totes les generacions i gaudirem de confer\u00e8ncies, desenrotlladors indies, tallers, p\u00f2dcasts en directe, mercat ambulant i, per descomptat, tornejos.<\/p>\n<p>A m\u00e9s, els visitants podran jugar en algunes d\u2019estes rel\u00edquies tan emblem\u00e0tiques que han fet hist\u00f2ria i van establir les bases de la ind\u00fastria actual.<\/p>\n<p>Tamb\u00e9 s\u2019inclouran activitats addicionals, com a visites guiades al Museu d\u2019Inform\u00e0tica de la ETSINF, on es podran veure m\u00e0quines anteriors al que es considera retro (*mainframes, perforadores de targetes, etc), equips que no poden veure\u2019s en cap altre esdeveniment d\u2019este tipus.<\/p>\n<ul>\n<li><a href=\"https:\/\/museo.inf.upv.es\/blog\/2026\/03\/24\/concurso-de-desarrollo-de-videojuegos-rpv26\/\">Concurs de Desenrotllament<\/a><\/li>\n<li><a href=\"https:\/\/museo.inf.upv.es\/blog\/2026\/03\/13\/colaboradores-2026\/\">Col.laboradors<\/a><\/li>\n<li><a href=\"https:\/\/museo.inf.upv.es\/localizacion\/\">Localizaci\u00f3<\/a><\/li>\n<\/ul>\n<p><\/p>\n\n\n<ul class=\"wp-block-social-links aligncenter has-icon-color is-style-logos-only is-layout-flex wp-block-social-links-is-layout-flex\"><li style=\"color:#d1005d;\" class=\"wp-social-link wp-social-link-twitter  wp-block-social-link\"><a href=\"https:\/\/twitter.com\/retropolisvlc\" class=\"wp-block-social-link-anchor\"><svg width=\"24\" height=\"24\" viewBox=\"0 0 24 24\" version=\"1.1\" xmlns=\"http:\/\/www.w3.org\/2000\/svg\" aria-hidden=\"true\" focusable=\"false\"><path d=\"M22.23,5.924c-0.736,0.326-1.527,0.547-2.357,0.646c0.847-0.508,1.498-1.312,1.804-2.27 c-0.793,0.47-1.671,0.812-2.606,0.996C18.324,4.498,17.257,4,16.077,4c-2.266,0-4.103,1.837-4.103,4.103 c0,0.322,0.036,0.635,0.106,0.935C8.67,8.867,5.647,7.234,3.623,4.751C3.27,5.357,3.067,6.062,3.067,6.814 c0,1.424,0.724,2.679,1.825,3.415c-0.673-0.021-1.305-0.206-1.859-0.513c0,0.017,0,0.034,0,0.052c0,1.988,1.414,3.647,3.292,4.023 c-0.344,0.094-0.707,0.144-1.081,0.144c-0.264,0-0.521-0.026-0.772-0.074c0.522,1.63,2.038,2.816,3.833,2.85 c-1.404,1.1-3.174,1.756-5.096,1.756c-0.331,0-0.658-0.019-0.979-0.057c1.816,1.164,3.973,1.843,6.29,1.843 c7.547,0,11.675-6.252,11.675-11.675c0-0.178-0.004-0.355-0.012-0.531C20.985,7.47,21.68,6.747,22.23,5.924z\"><\/path><\/svg><span class=\"wp-block-social-link-label screen-reader-text\">Twitter<\/span><\/a><\/li>\n\n<li style=\"color:#d1005d;\" class=\"wp-social-link wp-social-link-facebook  wp-block-social-link\"><a href=\"https:\/\/www.facebook.com\/retropolisvlc\" class=\"wp-block-social-link-anchor\"><svg width=\"24\" height=\"24\" viewBox=\"0 0 24 24\" version=\"1.1\" xmlns=\"http:\/\/www.w3.org\/2000\/svg\" aria-hidden=\"true\" focusable=\"false\"><path d=\"M12 2C6.5 2 2 6.5 2 12c0 5 3.7 9.1 8.4 9.9v-7H7.9V12h2.5V9.8c0-2.5 1.5-3.9 3.8-3.9 1.1 0 2.2.2 2.2.2v2.5h-1.3c-1.2 0-1.6.8-1.6 1.6V12h2.8l-.4 2.9h-2.3v7C18.3 21.1 22 17 22 12c0-5.5-4.5-10-10-10z\"><\/path><\/svg><span class=\"wp-block-social-link-label screen-reader-text\">Facebook<\/span><\/a><\/li>\n\n<li style=\"color:#d1005d;\" class=\"wp-social-link wp-social-link-mail  wp-block-social-link\"><a href=\"mailto:retropolisvlc@gmail.com\" class=\"wp-block-social-link-anchor\"><svg width=\"24\" height=\"24\" viewBox=\"0 0 24 24\" version=\"1.1\" xmlns=\"http:\/\/www.w3.org\/2000\/svg\" aria-hidden=\"true\" focusable=\"false\"><path d=\"M19,5H5c-1.1,0-2,.9-2,2v10c0,1.1.9,2,2,2h14c1.1,0,2-.9,2-2V7c0-1.1-.9-2-2-2zm.5,12c0,.3-.2.5-.5.5H5c-.3,0-.5-.2-.5-.5V9.8l7.5,5.6,7.5-5.6V17zm0-9.1L12,13.6,4.5,7.9V7c0-.3.2-.5.5-.5h14c.3,0,.5.2.5.5v.9z\"><\/path><\/svg><span class=\"wp-block-social-link-label screen-reader-text\">Mail<\/span><\/a><\/li>\n\n<li style=\"color:#d1005d;\" class=\"wp-social-link wp-social-link-feed  wp-block-social-link\"><a href=\"https:\/\/museoinf.webs.upv.es\/es\/blog\/category\/retropolis\/\" class=\"wp-block-social-link-anchor\"><svg width=\"24\" height=\"24\" viewBox=\"0 0 24 24\" version=\"1.1\" xmlns=\"http:\/\/www.w3.org\/2000\/svg\" aria-hidden=\"true\" focusable=\"false\"><path d=\"M2,8.667V12c5.515,0,10,4.485,10,10h3.333C15.333,14.637,9.363,8.667,2,8.667z M2,2v3.333 c9.19,0,16.667,7.477,16.667,16.667H22C22,10.955,13.045,2,2,2z M4.5,17C3.118,17,2,18.12,2,19.5S3.118,22,4.5,22S7,20.88,7,19.5 S5.882,17,4.5,17z\"><\/path><\/svg><span class=\"wp-block-social-link-label screen-reader-text\">RSS Feed<\/span><\/a><\/li><\/ul>\n\n\n<p><a href=\"https:\/\/museo.inf.upv.es\/wp-content\/uploads\/2026\/02\/LOW-CARTEL-RETROPOLIS-2026-CST.jpg\"><img loading=\"lazy\" decoding=\"async\" class=\"alignnone wp-image-12369 size-full\" src=\"https:\/\/museo.inf.upv.es\/wp-content\/uploads\/2026\/02\/LOW-CARTEL-RETROPOLIS-2026-CST.jpg\" alt=\"\" width=\"1414\" height=\"2000\" srcset=\"https:\/\/museo.inf.upv.es\/wp-content\/uploads\/2026\/02\/LOW-CARTEL-RETROPOLIS-2026-CST.jpg 1414w, https:\/\/museo.inf.upv.es\/wp-content\/uploads\/2026\/02\/LOW-CARTEL-RETROPOLIS-2026-CST-212x300.jpg 212w, https:\/\/museo.inf.upv.es\/wp-content\/uploads\/2026\/02\/LOW-CARTEL-RETROPOLIS-2026-CST-724x1024.jpg 724w, https:\/\/museo.inf.upv.es\/wp-content\/uploads\/2026\/02\/LOW-CARTEL-RETROPOLIS-2026-CST-768x1086.jpg 768w, https:\/\/museo.inf.upv.es\/wp-content\/uploads\/2026\/02\/LOW-CARTEL-RETROPOLIS-2026-CST-1086x1536.jpg 1086w\" sizes=\"auto, (max-width: 1414px) 100vw, 1414px\" \/><\/a><\/p>","protected":false},"excerpt":{"rendered":"<p>RPV26 \u201cRetr\u00f3polis Val\u00e8ncia\u201d, l\u2019esdeveniment dedicat a la retroinform\u00e1tica de refer\u00e8ncia a la ciutat de Val\u00e8ncia, torna un any m\u00e9s a les instal\u00b7lacions de l\u2019Escola T\u00e8cnica Superior d\u2019Enginyeria Inform\u00e0tica de la Universitat Polit\u00e8cnica de Val\u00e8ncia. La nostra 9a edici\u00f3 se celebrar\u00e0 el disabte 25 d\u2019abril de 2025. #RPV26 Tindrem exposici\u00f3 de consoles i ordinadors antics de [&hellip;]<\/p>\n","protected":false},"author":2,"featured_media":0,"parent":0,"menu_order":0,"comment_status":"closed","ping_status":"closed","template":"","meta":{"_monsterinsights_skip_tracking":false,"_monsterinsights_sitenote_active":false,"_monsterinsights_sitenote_note":"","_monsterinsights_sitenote_category":0,"footnotes":""},"class_list":["post-12353","page","type-page","status-publish","hentry","post"],"yoast_head":"<!-- This site is optimized with the Yoast SEO plugin v27.3 - https:\/\/yoast.com\/product\/yoast-seo-wordpress\/ -->\n<title>rpv26 - Web del Museo de Inform\u00e1tica 2.0<\/title>\n<meta name=\"robots\" content=\"index, follow, max-snippet:-1, max-image-preview:large, max-video-preview:-1\" \/>\n<link rel=\"canonical\" href=\"https:\/\/museo.inf.upv.es\/rpv26\/\" \/>\n<meta property=\"og:locale\" content=\"en_US\" \/>\n<meta property=\"og:type\" content=\"article\" \/>\n<meta property=\"og:title\" content=\"rpv26 - Web del Museo de Inform\u00e1tica 2.0\" \/>\n<meta property=\"og:description\" content=\"RPV26 \u201cRetr\u00f3polis Val\u00e8ncia\u201d, l\u2019esdeveniment dedicat a la retroinform\u00e1tica de refer\u00e8ncia a la ciutat de Val\u00e8ncia, torna un any m\u00e9s a les instal\u00b7lacions de l\u2019Escola T\u00e8cnica Superior d\u2019Enginyeria Inform\u00e0tica de la Universitat Polit\u00e8cnica de Val\u00e8ncia. La nostra 9a edici\u00f3 se celebrar\u00e0 el disabte 25 d\u2019abril de 2025. #RPV26 Tindrem exposici\u00f3 de consoles i ordinadors antics de [&hellip;]\" \/>\n<meta property=\"og:url\" content=\"https:\/\/museo.inf.upv.es\/rpv26\/\" \/>\n<meta property=\"og:site_name\" content=\"Web del Museo de Inform\u00e1tica 2.0\" \/>\n<meta property=\"article:modified_time\" content=\"2026-03-26T16:15:52+00:00\" \/>\n<meta property=\"og:image\" content=\"https:\/\/museo.inf.upv.es\/wp-content\/uploads\/2026\/02\/LOW-CARTEL-RETROPOLIS-2026-CST.jpg\" \/>\n\t<meta property=\"og:image:width\" content=\"1414\" \/>\n\t<meta property=\"og:image:height\" content=\"2000\" \/>\n\t<meta property=\"og:image:type\" content=\"image\/jpeg\" \/>\n<meta name=\"twitter:card\" content=\"summary_large_image\" \/>\n<meta name=\"twitter:label1\" content=\"Est. reading time\" \/>\n\t<meta name=\"twitter:data1\" content=\"3 minutes\" \/>\n<script type=\"application\/ld+json\" class=\"yoast-schema-graph\">{\"@context\":\"https:\\\/\\\/schema.org\",\"@graph\":[{\"@type\":\"WebPage\",\"@id\":\"https:\\\/\\\/museo.inf.upv.es\\\/rpv26\\\/\",\"url\":\"https:\\\/\\\/museo.inf.upv.es\\\/rpv26\\\/\",\"name\":\"rpv26 - Web del Museo de Inform\u00e1tica 2.0\",\"isPartOf\":{\"@id\":\"https:\\\/\\\/museo.inf.upv.es\\\/#website\"},\"primaryImageOfPage\":{\"@id\":\"https:\\\/\\\/museo.inf.upv.es\\\/rpv26\\\/#primaryimage\"},\"image\":{\"@id\":\"https:\\\/\\\/museo.inf.upv.es\\\/rpv26\\\/#primaryimage\"},\"thumbnailUrl\":\"https:\\\/\\\/museo.inf.upv.es\\\/wp-content\\\/uploads\\\/2026\\\/02\\\/LOW-CARTEL-RETROPOLIS-2026-CST.jpg\",\"datePublished\":\"2026-02-20T10:40:04+00:00\",\"dateModified\":\"2026-03-26T16:15:52+00:00\",\"breadcrumb\":{\"@id\":\"https:\\\/\\\/museo.inf.upv.es\\\/rpv26\\\/#breadcrumb\"},\"inLanguage\":\"va-VA\",\"potentialAction\":[{\"@type\":\"ReadAction\",\"target\":[\"https:\\\/\\\/museo.inf.upv.es\\\/rpv26\\\/\"]}]},{\"@type\":\"ImageObject\",\"inLanguage\":\"va-VA\",\"@id\":\"https:\\\/\\\/museo.inf.upv.es\\\/rpv26\\\/#primaryimage\",\"url\":\"https:\\\/\\\/museo.inf.upv.es\\\/wp-content\\\/uploads\\\/2026\\\/02\\\/LOW-CARTEL-RETROPOLIS-2026-CST.jpg\",\"contentUrl\":\"https:\\\/\\\/museo.inf.upv.es\\\/wp-content\\\/uploads\\\/2026\\\/02\\\/LOW-CARTEL-RETROPOLIS-2026-CST.jpg\"},{\"@type\":\"BreadcrumbList\",\"@id\":\"https:\\\/\\\/museo.inf.upv.es\\\/rpv26\\\/#breadcrumb\",\"itemListElement\":[{\"@type\":\"ListItem\",\"position\":1,\"name\":\"Portada\",\"item\":\"https:\\\/\\\/museo.inf.upv.es\\\/\"},{\"@type\":\"ListItem\",\"position\":2,\"name\":\"rpv26\"}]},{\"@type\":\"WebSite\",\"@id\":\"https:\\\/\\\/museo.inf.upv.es\\\/#website\",\"url\":\"https:\\\/\\\/museo.inf.upv.es\\\/\",\"name\":\"Web del Museo de Inform\u00e1tica 2.0\",\"description\":\"Web del Museo de Inform\u00e1tica 2.0\",\"potentialAction\":[{\"@type\":\"SearchAction\",\"target\":{\"@type\":\"EntryPoint\",\"urlTemplate\":\"https:\\\/\\\/museo.inf.upv.es\\\/?s={search_term_string}\"},\"query-input\":{\"@type\":\"PropertyValueSpecification\",\"valueRequired\":true,\"valueName\":\"search_term_string\"}}],\"inLanguage\":\"va-VA\"}]}<\/script>\n<!-- \/ Yoast SEO plugin. -->","yoast_head_json":{"title":"rpv26 - Web del Museo de Inform\u00e1tica 2.0","robots":{"index":"index","follow":"follow","max-snippet":"max-snippet:-1","max-image-preview":"max-image-preview:large","max-video-preview":"max-video-preview:-1"},"canonical":"https:\/\/museo.inf.upv.es\/rpv26\/","og_locale":"en_US","og_type":"article","og_title":"rpv26 - Web del Museo de Inform\u00e1tica 2.0","og_description":"RPV26 \u201cRetr\u00f3polis Val\u00e8ncia\u201d, l\u2019esdeveniment dedicat a la retroinform\u00e1tica de refer\u00e8ncia a la ciutat de Val\u00e8ncia, torna un any m\u00e9s a les instal\u00b7lacions de l\u2019Escola T\u00e8cnica Superior d\u2019Enginyeria Inform\u00e0tica de la Universitat Polit\u00e8cnica de Val\u00e8ncia. La nostra 9a edici\u00f3 se celebrar\u00e0 el disabte 25 d\u2019abril de 2025. #RPV26 Tindrem exposici\u00f3 de consoles i ordinadors antics de [&hellip;]","og_url":"https:\/\/museo.inf.upv.es\/rpv26\/","og_site_name":"Web del Museo de Inform\u00e1tica 2.0","article_modified_time":"2026-03-26T16:15:52+00:00","og_image":[{"width":1414,"height":2000,"url":"https:\/\/museo.inf.upv.es\/wp-content\/uploads\/2026\/02\/LOW-CARTEL-RETROPOLIS-2026-CST.jpg","type":"image\/jpeg"}],"twitter_card":"summary_large_image","twitter_misc":{"Est. reading time":"3 minutes"},"schema":{"@context":"https:\/\/schema.org","@graph":[{"@type":"WebPage","@id":"https:\/\/museo.inf.upv.es\/rpv26\/","url":"https:\/\/museo.inf.upv.es\/rpv26\/","name":"rpv26 - Web del Museo de Inform\u00e1tica 2.0","isPartOf":{"@id":"https:\/\/museo.inf.upv.es\/#website"},"primaryImageOfPage":{"@id":"https:\/\/museo.inf.upv.es\/rpv26\/#primaryimage"},"image":{"@id":"https:\/\/museo.inf.upv.es\/rpv26\/#primaryimage"},"thumbnailUrl":"https:\/\/museo.inf.upv.es\/wp-content\/uploads\/2026\/02\/LOW-CARTEL-RETROPOLIS-2026-CST.jpg","datePublished":"2026-02-20T10:40:04+00:00","dateModified":"2026-03-26T16:15:52+00:00","breadcrumb":{"@id":"https:\/\/museo.inf.upv.es\/rpv26\/#breadcrumb"},"inLanguage":"va-VA","potentialAction":[{"@type":"ReadAction","target":["https:\/\/museo.inf.upv.es\/rpv26\/"]}]},{"@type":"ImageObject","inLanguage":"va-VA","@id":"https:\/\/museo.inf.upv.es\/rpv26\/#primaryimage","url":"https:\/\/museo.inf.upv.es\/wp-content\/uploads\/2026\/02\/LOW-CARTEL-RETROPOLIS-2026-CST.jpg","contentUrl":"https:\/\/museo.inf.upv.es\/wp-content\/uploads\/2026\/02\/LOW-CARTEL-RETROPOLIS-2026-CST.jpg"},{"@type":"BreadcrumbList","@id":"https:\/\/museo.inf.upv.es\/rpv26\/#breadcrumb","itemListElement":[{"@type":"ListItem","position":1,"name":"Portada","item":"https:\/\/museo.inf.upv.es\/"},{"@type":"ListItem","position":2,"name":"rpv26"}]},{"@type":"WebSite","@id":"https:\/\/museo.inf.upv.es\/#website","url":"https:\/\/museo.inf.upv.es\/","name":"Web del Museo de Inform\u00e1tica 2.0","description":"Web del Museo de Inform\u00e1tica 2.0","potentialAction":[{"@type":"SearchAction","target":{"@type":"EntryPoint","urlTemplate":"https:\/\/museo.inf.upv.es\/?s={search_term_string}"},"query-input":{"@type":"PropertyValueSpecification","valueRequired":true,"valueName":"search_term_string"}}],"inLanguage":"va-VA"}]}},"_links":{"self":[{"href":"https:\/\/museo.inf.upv.es\/va\/wp-json\/wp\/v2\/pages\/12353","targetHints":{"allow":["GET"]}}],"collection":[{"href":"https:\/\/museo.inf.upv.es\/va\/wp-json\/wp\/v2\/pages"}],"about":[{"href":"https:\/\/museo.inf.upv.es\/va\/wp-json\/wp\/v2\/types\/page"}],"author":[{"embeddable":true,"href":"https:\/\/museo.inf.upv.es\/va\/wp-json\/wp\/v2\/users\/2"}],"replies":[{"embeddable":true,"href":"https:\/\/museo.inf.upv.es\/va\/wp-json\/wp\/v2\/comments?post=12353"}],"version-history":[{"count":14,"href":"https:\/\/museo.inf.upv.es\/va\/wp-json\/wp\/v2\/pages\/12353\/revisions"}],"predecessor-version":[{"id":12510,"href":"https:\/\/museo.inf.upv.es\/va\/wp-json\/wp\/v2\/pages\/12353\/revisions\/12510"}],"wp:attachment":[{"href":"https:\/\/museo.inf.upv.es\/va\/wp-json\/wp\/v2\/media?parent=12353"}],"curies":[{"name":"wp","href":"https:\/\/api.w.org\/{rel}","templated":true}]}}