{"id":12511,"date":"2026-03-26T16:22:25","date_gmt":"2026-03-26T16:22:25","guid":{"rendered":"https:\/\/museo.inf.upv.es\/?page_id=12511"},"modified":"2026-03-26T16:32:10","modified_gmt":"2026-03-26T16:32:10","slug":"noticias-rpv26","status":"publish","type":"page","link":"https:\/\/museo.inf.upv.es\/va\/noticias-rpv26\/","title":{"rendered":"Noticies RPV26"},"content":{"rendered":"<ul style=\"background-color:#f6f6f6;\" class=\"wp-block-latest-posts__list is-grid columns-2 wp-block-latest-posts has-background\"><li><a class=\"wp-block-latest-posts__post-title\" href=\"https:\/\/museo.inf.upv.es\/va\/blog\/2026\/03\/24\/concurso-de-desarrollo-de-videojuegos-rpv26\/\">Concurs de Desenrotllament de videojocs RPV26<\/a><div class=\"wp-block-latest-posts__post-excerpt\">Concurs de Desenrotllament de videojocs Retr\u00f3polis 2026 Retr\u00f3Polis Val\u00e8ncia 2026 #RPV26 t\u00e9 el plaer de presentar la IV Edici\u00f3 dels RetroPaella Awards \u201926, el gran concurs de desenrotllament de videojocs retro per a plataformes de 8 a 128 bits. Els concursants poden inscriure&#8217;s amb un videojoc que no haja guanyat pr\u00e8viament un premi Retropaella (no\u2026 <a class=\"wp-block-latest-posts__read-more\" href=\"https:\/\/museo.inf.upv.es\/va\/blog\/2026\/03\/24\/concurso-de-desarrollo-de-videojuegos-rpv26\/\" rel=\"noopener noreferrer\">Read more<span class=\"screen-reader-text\">: Concurs de Desenrotllament de videojocs RPV26<\/span><\/a><\/div><\/li>\n<li><a class=\"wp-block-latest-posts__post-title\" href=\"https:\/\/museo.inf.upv.es\/va\/blog\/2026\/03\/13\/colaboradores-2026\/\">Col.laboradors 2026<\/a><div class=\"wp-block-latest-posts__post-excerpt\">Llistat de col\u00b7laboradors de Retr\u00f3polis 2026 Escola T\u00e8cnica Superior d&#8217;Enginyeria Inform\u00e0tica L&#8217;Escola T\u00e8cnica Superior d&#8217;Enginyeria Inform\u00e0tica de la UPV, resultat de la integraci\u00f3 en un \u00fanic centre de l&#8217;Escola T\u00e8cnica Superior d&#8217;Inform\u00e0tica Aplicada i de la Facultat d&#8217;Inform\u00e0tica, es crea en virtut del decret 33\/2009 del Consell, de 27 de febrer de 2009. El nou\u2026 <a class=\"wp-block-latest-posts__read-more\" href=\"https:\/\/museo.inf.upv.es\/va\/blog\/2026\/03\/13\/colaboradores-2026\/\" rel=\"noopener noreferrer\">Read more<span class=\"screen-reader-text\">: Col.laboradors 2026<\/span><\/a><\/div><\/li>\n<\/ul>\n\n\n<p><\/p>\n","protected":false},"excerpt":{"rendered":"","protected":false},"author":2,"featured_media":0,"parent":0,"menu_order":0,"comment_status":"closed","ping_status":"closed","template":"","meta":{"_monsterinsights_skip_tracking":false,"_monsterinsights_sitenote_active":false,"_monsterinsights_sitenote_note":"","_monsterinsights_sitenote_category":0,"footnotes":""},"class_list":["post-12511","page","type-page","status-publish","hentry","post"],"yoast_head":"<!-- This site is optimized with the Yoast SEO plugin v27.3 - https:\/\/yoast.com\/product\/yoast-seo-wordpress\/ -->\n<title>Noticies RPV26 - Web del Museo de Inform\u00e1tica 2.0<\/title>\n<meta name=\"robots\" content=\"index, follow, max-snippet:-1, max-image-preview:large, max-video-preview:-1\" \/>\n<link rel=\"canonical\" href=\"https:\/\/museo.inf.upv.es\/noticias-rpv26\/\" \/>\n<meta property=\"og:locale\" content=\"en_US\" \/>\n<meta property=\"og:type\" content=\"article\" \/>\n<meta property=\"og:title\" content=\"Noticies RPV26 - Web del Museo de Inform\u00e1tica 2.0\" \/>\n<meta property=\"og:url\" content=\"https:\/\/museo.inf.upv.es\/noticias-rpv26\/\" \/>\n<meta property=\"og:site_name\" content=\"Web del Museo de Inform\u00e1tica 2.0\" \/>\n<meta property=\"article:modified_time\" content=\"2026-03-26T16:32:10+00:00\" \/>\n<meta name=\"twitter:card\" content=\"summary_large_image\" \/>\n<script type=\"application\/ld+json\" class=\"yoast-schema-graph\">{\"@context\":\"https:\\\/\\\/schema.org\",\"@graph\":[{\"@type\":\"WebPage\",\"@id\":\"https:\\\/\\\/museo.inf.upv.es\\\/noticias-rpv26\\\/\",\"url\":\"https:\\\/\\\/museo.inf.upv.es\\\/noticias-rpv26\\\/\",\"name\":\"Noticies RPV26 - Web del Museo de Inform\u00e1tica 2.0\",\"isPartOf\":{\"@id\":\"https:\\\/\\\/museo.inf.upv.es\\\/#website\"},\"datePublished\":\"2026-03-26T16:22:25+00:00\",\"dateModified\":\"2026-03-26T16:32:10+00:00\",\"breadcrumb\":{\"@id\":\"https:\\\/\\\/museo.inf.upv.es\\\/noticias-rpv26\\\/#breadcrumb\"},\"inLanguage\":\"va-VA\",\"potentialAction\":[{\"@type\":\"ReadAction\",\"target\":[\"https:\\\/\\\/museo.inf.upv.es\\\/noticias-rpv26\\\/\"]}]},{\"@type\":\"BreadcrumbList\",\"@id\":\"https:\\\/\\\/museo.inf.upv.es\\\/noticias-rpv26\\\/#breadcrumb\",\"itemListElement\":[{\"@type\":\"ListItem\",\"position\":1,\"name\":\"Portada\",\"item\":\"https:\\\/\\\/museo.inf.upv.es\\\/\"},{\"@type\":\"ListItem\",\"position\":2,\"name\":\"Noticias RPV26\"}]},{\"@type\":\"WebSite\",\"@id\":\"https:\\\/\\\/museo.inf.upv.es\\\/#website\",\"url\":\"https:\\\/\\\/museo.inf.upv.es\\\/\",\"name\":\"Web del Museo de Inform\u00e1tica 2.0\",\"description\":\"Web del Museo de Inform\u00e1tica 2.0\",\"potentialAction\":[{\"@type\":\"SearchAction\",\"target\":{\"@type\":\"EntryPoint\",\"urlTemplate\":\"https:\\\/\\\/museo.inf.upv.es\\\/?s={search_term_string}\"},\"query-input\":{\"@type\":\"PropertyValueSpecification\",\"valueRequired\":true,\"valueName\":\"search_term_string\"}}],\"inLanguage\":\"va-VA\"}]}<\/script>\n<!-- \/ Yoast SEO plugin. -->","yoast_head_json":{"title":"Noticies RPV26 - Web del Museo de Inform\u00e1tica 2.0","robots":{"index":"index","follow":"follow","max-snippet":"max-snippet:-1","max-image-preview":"max-image-preview:large","max-video-preview":"max-video-preview:-1"},"canonical":"https:\/\/museo.inf.upv.es\/noticias-rpv26\/","og_locale":"en_US","og_type":"article","og_title":"Noticies RPV26 - Web del Museo de Inform\u00e1tica 2.0","og_url":"https:\/\/museo.inf.upv.es\/noticias-rpv26\/","og_site_name":"Web del Museo de Inform\u00e1tica 2.0","article_modified_time":"2026-03-26T16:32:10+00:00","twitter_card":"summary_large_image","schema":{"@context":"https:\/\/schema.org","@graph":[{"@type":"WebPage","@id":"https:\/\/museo.inf.upv.es\/noticias-rpv26\/","url":"https:\/\/museo.inf.upv.es\/noticias-rpv26\/","name":"Noticies RPV26 - Web del Museo de Inform\u00e1tica 2.0","isPartOf":{"@id":"https:\/\/museo.inf.upv.es\/#website"},"datePublished":"2026-03-26T16:22:25+00:00","dateModified":"2026-03-26T16:32:10+00:00","breadcrumb":{"@id":"https:\/\/museo.inf.upv.es\/noticias-rpv26\/#breadcrumb"},"inLanguage":"va-VA","potentialAction":[{"@type":"ReadAction","target":["https:\/\/museo.inf.upv.es\/noticias-rpv26\/"]}]},{"@type":"BreadcrumbList","@id":"https:\/\/museo.inf.upv.es\/noticias-rpv26\/#breadcrumb","itemListElement":[{"@type":"ListItem","position":1,"name":"Portada","item":"https:\/\/museo.inf.upv.es\/"},{"@type":"ListItem","position":2,"name":"Noticias RPV26"}]},{"@type":"WebSite","@id":"https:\/\/museo.inf.upv.es\/#website","url":"https:\/\/museo.inf.upv.es\/","name":"Web del Museo de Inform\u00e1tica 2.0","description":"Web del Museo de Inform\u00e1tica 2.0","potentialAction":[{"@type":"SearchAction","target":{"@type":"EntryPoint","urlTemplate":"https:\/\/museo.inf.upv.es\/?s={search_term_string}"},"query-input":{"@type":"PropertyValueSpecification","valueRequired":true,"valueName":"search_term_string"}}],"inLanguage":"va-VA"}]}},"_links":{"self":[{"href":"https:\/\/museo.inf.upv.es\/va\/wp-json\/wp\/v2\/pages\/12511","targetHints":{"allow":["GET"]}}],"collection":[{"href":"https:\/\/museo.inf.upv.es\/va\/wp-json\/wp\/v2\/pages"}],"about":[{"href":"https:\/\/museo.inf.upv.es\/va\/wp-json\/wp\/v2\/types\/page"}],"author":[{"embeddable":true,"href":"https:\/\/museo.inf.upv.es\/va\/wp-json\/wp\/v2\/users\/2"}],"replies":[{"embeddable":true,"href":"https:\/\/museo.inf.upv.es\/va\/wp-json\/wp\/v2\/comments?post=12511"}],"version-history":[{"count":6,"href":"https:\/\/museo.inf.upv.es\/va\/wp-json\/wp\/v2\/pages\/12511\/revisions"}],"predecessor-version":[{"id":12521,"href":"https:\/\/museo.inf.upv.es\/va\/wp-json\/wp\/v2\/pages\/12511\/revisions\/12521"}],"wp:attachment":[{"href":"https:\/\/museo.inf.upv.es\/va\/wp-json\/wp\/v2\/media?parent=12511"}],"curies":[{"name":"wp","href":"https:\/\/api.w.org\/{rel}","templated":true}]}}