{"id":1507,"date":"2014-07-01T19:29:58","date_gmt":"2014-07-01T18:29:58","guid":{"rendered":"http:\/\/museo.inf.upv.es\/?page_id=1507"},"modified":"2014-07-01T19:29:58","modified_gmt":"2014-07-01T18:29:58","slug":"taller-scratch","status":"publish","type":"page","link":"https:\/\/museo.inf.upv.es\/va\/taller-scratch\/","title":{"rendered":"Taller d&#8217;Scratch: informaci\u00f3 i protocol a seguir"},"content":{"rendered":"<p><\/p>\n<p style=\"text-align: center;\"><a title=\"P\u00e0gina web Scratch\" href=\"http:\/\/scratch.mit.edu\/\" target=\"_blank\" rel=\"noopener\"><img loading=\"lazy\" decoding=\"async\" class=\"aligncenter wp-image-1461\" src=\"https:\/\/museoinf.webs.upv.es\/wp-content\/uploads\/2014\/07\/scratchv.jpg\" alt=\"Sin t\u00edtulo-1\" width=\"688\" height=\"198\" \/><\/a><\/p>\n<p style=\"text-align: center;\"><a href=\"https:\/\/scratch.mit.edu\/users\/musinf\/\" target=\"_blank\" rel=\"noopener\"><img loading=\"lazy\" decoding=\"async\" class=\"aligncenter wp-image-5616 size-full\" src=\"https:\/\/museoinf.webs.upv.es\/wp-content\/uploads\/2014\/07\/banner_scratch.jpg\" width=\"600\" height=\"77\" \/><\/a><\/p>\n<p>Per al <strong>taller de Scratch<\/strong> cal sol\u00b7licitar<strong> cita pr\u00e8via<\/strong> al <strong>fomulari de sol\u00b7licitud al final d&#8217;aquesta p\u00e0gina<\/strong>.<\/p>\n<p><img decoding=\"async\" class=\"alignleft borde size-large wp-image-758\" src=\"https:\/\/museoinf.webs.upv.es\/wp-content\/uploads\/2013\/06\/puntoV-619x1024.jpg\" alt=\"puntoV\" width=\"110\" \/> Els grups estan <strong>limitats<\/strong> a un m\u00e0xim de <strong>40<\/strong> persones (2 persones per ordinador). El taller d&#8217;Scratch dura, aproximadament,\u00a0<strong>2 hores<\/strong> i inclou una <strong>breu presentaci\u00f3<\/strong>, la <strong>projecci\u00f3<\/strong> d&#8217;un documental sobre <strong>la import\u00e0ncia de saber programar en l&#8217;actualitat\u00a0<\/strong>i l&#8217;explicaci\u00f3 de la plataforma<strong> Scratch<\/strong>, una eina que permet, de forma senzilla, familiaritzar-se amb la programaci\u00f3 i el seu entorn. Es plantejaran, alhora,\u00a0senzilles activitats que els alumnes podran resoldre utilitzant <strong>Scratch<\/strong>, com la <strong>creaci\u00f3 de jocs o animacions<\/strong>. El taller d&#8217;<strong>Scratch<\/strong> comen\u00e7a al <strong><span style=\"color: #993366;\">Punt de Trobada<\/span><\/strong>, situat tot just a la porta d&#8217;entrada de l&#8217;edifici 1E. <strong>No cal tenir coneixements previs de programaci\u00f3 o de l&#8217;eina Scratch<\/strong>,\u00a0nom\u00e9s es necessita motivaci\u00f3 i ganes d&#8217;aprendre.<\/p>\n<p>&nbsp;<\/p>\n<p><br \/>\n<\/p>\n<h3>Sol\u00b7licita ac\u00ed el teu taller<\/h3>\n<p>\n<p class=\"wpcf7-contact-form-not-found\"><strong>Error:<\/strong> Contact form not found.<\/p><\/p>","protected":false},"excerpt":{"rendered":"<p>Per al taller de Scratch cal sol\u00b7licitar cita pr\u00e8via al fomulari de sol\u00b7licitud al final d&#8217;aquesta p\u00e0gina. Els grups estan limitats a un m\u00e0xim de 40 persones (2 persones per ordinador). El taller d&#8217;Scratch dura, aproximadament,\u00a02 hores i inclou una breu presentaci\u00f3, la projecci\u00f3 d&#8217;un documental sobre la import\u00e0ncia de saber programar en l&#8217;actualitat\u00a0i l&#8217;explicaci\u00f3 [&hellip;]<\/p>\n","protected":false},"author":1,"featured_media":0,"parent":0,"menu_order":0,"comment_status":"closed","ping_status":"closed","template":"","meta":{"_monsterinsights_skip_tracking":false,"_monsterinsights_sitenote_active":false,"_monsterinsights_sitenote_note":"","_monsterinsights_sitenote_category":0,"footnotes":""},"class_list":["post-1507","page","type-page","status-publish","hentry","post"],"yoast_head":"<!-- This site is optimized with the Yoast SEO plugin v27.3 - https:\/\/yoast.com\/product\/yoast-seo-wordpress\/ -->\n<title>Taller d&#039;Scratch: informaci\u00f3 i protocol a seguir - Web del Museo de Inform\u00e1tica 2.0<\/title>\n<meta name=\"robots\" content=\"index, follow, max-snippet:-1, max-image-preview:large, max-video-preview:-1\" \/>\n<link rel=\"canonical\" href=\"https:\/\/museo.inf.upv.es\/taller-scratch\/\" \/>\n<meta property=\"og:locale\" content=\"en_US\" \/>\n<meta property=\"og:type\" content=\"article\" \/>\n<meta property=\"og:title\" content=\"Taller d&#039;Scratch: informaci\u00f3 i protocol a seguir - Web del Museo de Inform\u00e1tica 2.0\" \/>\n<meta property=\"og:description\" content=\"Per al taller de Scratch cal sol\u00b7licitar cita pr\u00e8via al fomulari de sol\u00b7licitud al final d&#8217;aquesta p\u00e0gina. Els grups estan limitats a un m\u00e0xim de 40 persones (2 persones per ordinador). El taller d&#8217;Scratch dura, aproximadament,\u00a02 hores i inclou una breu presentaci\u00f3, la projecci\u00f3 d&#8217;un documental sobre la import\u00e0ncia de saber programar en l&#8217;actualitat\u00a0i l&#8217;explicaci\u00f3 [&hellip;]\" \/>\n<meta property=\"og:url\" content=\"https:\/\/museo.inf.upv.es\/taller-scratch\/\" \/>\n<meta property=\"og:site_name\" content=\"Web del Museo de Inform\u00e1tica 2.0\" \/>\n<meta property=\"og:image\" content=\"https:\/\/museoinf.webs.upv.es\/wp-content\/uploads\/2014\/06\/Sin-t\u00edtulo-1.jpg\" \/>\n<meta name=\"twitter:card\" content=\"summary_large_image\" \/>\n<meta name=\"twitter:label1\" content=\"Est. reading time\" \/>\n\t<meta name=\"twitter:data1\" content=\"4 minutes\" \/>\n<script type=\"application\/ld+json\" class=\"yoast-schema-graph\">{\"@context\":\"https:\\\/\\\/schema.org\",\"@graph\":[{\"@type\":\"WebPage\",\"@id\":\"https:\\\/\\\/museo.inf.upv.es\\\/taller-scratch\\\/\",\"url\":\"https:\\\/\\\/museo.inf.upv.es\\\/taller-scratch\\\/\",\"name\":\"Taller d'Scratch: informaci\u00f3 i protocol a seguir - Web del Museo de Inform\u00e1tica 2.0\",\"isPartOf\":{\"@id\":\"https:\\\/\\\/museo.inf.upv.es\\\/#website\"},\"primaryImageOfPage\":{\"@id\":\"https:\\\/\\\/museo.inf.upv.es\\\/taller-scratch\\\/#primaryimage\"},\"image\":{\"@id\":\"https:\\\/\\\/museo.inf.upv.es\\\/taller-scratch\\\/#primaryimage\"},\"thumbnailUrl\":\"https:\\\/\\\/museoinf.webs.upv.es\\\/wp-content\\\/uploads\\\/2014\\\/07\\\/banner_scratch_CS.jpg\",\"datePublished\":\"2014-07-01T18:29:58+00:00\",\"breadcrumb\":{\"@id\":\"https:\\\/\\\/museo.inf.upv.es\\\/taller-scratch\\\/#breadcrumb\"},\"inLanguage\":\"va-VA\",\"potentialAction\":[{\"@type\":\"ReadAction\",\"target\":[\"https:\\\/\\\/museo.inf.upv.es\\\/taller-scratch\\\/\"]}]},{\"@type\":\"ImageObject\",\"inLanguage\":\"va-VA\",\"@id\":\"https:\\\/\\\/museo.inf.upv.es\\\/taller-scratch\\\/#primaryimage\",\"url\":\"https:\\\/\\\/museoinf.webs.upv.es\\\/wp-content\\\/uploads\\\/2014\\\/07\\\/banner_scratch_CS.jpg\",\"contentUrl\":\"https:\\\/\\\/museoinf.webs.upv.es\\\/wp-content\\\/uploads\\\/2014\\\/07\\\/banner_scratch_CS.jpg\"},{\"@type\":\"BreadcrumbList\",\"@id\":\"https:\\\/\\\/museo.inf.upv.es\\\/taller-scratch\\\/#breadcrumb\",\"itemListElement\":[{\"@type\":\"ListItem\",\"position\":1,\"name\":\"Portada\",\"item\":\"https:\\\/\\\/museo.inf.upv.es\\\/\"},{\"@type\":\"ListItem\",\"position\":2,\"name\":\"Taller de Scratch: informaci\u00f3n y protocolo a seguir\"}]},{\"@type\":\"WebSite\",\"@id\":\"https:\\\/\\\/museo.inf.upv.es\\\/#website\",\"url\":\"https:\\\/\\\/museo.inf.upv.es\\\/\",\"name\":\"Web del Museo de Inform\u00e1tica 2.0\",\"description\":\"Web del Museo de Inform\u00e1tica 2.0\",\"potentialAction\":[{\"@type\":\"SearchAction\",\"target\":{\"@type\":\"EntryPoint\",\"urlTemplate\":\"https:\\\/\\\/museo.inf.upv.es\\\/?s={search_term_string}\"},\"query-input\":{\"@type\":\"PropertyValueSpecification\",\"valueRequired\":true,\"valueName\":\"search_term_string\"}}],\"inLanguage\":\"va-VA\"}]}<\/script>\n<!-- \/ Yoast SEO plugin. -->","yoast_head_json":{"title":"Taller d'Scratch: informaci\u00f3 i protocol a seguir - Web del Museo de Inform\u00e1tica 2.0","robots":{"index":"index","follow":"follow","max-snippet":"max-snippet:-1","max-image-preview":"max-image-preview:large","max-video-preview":"max-video-preview:-1"},"canonical":"https:\/\/museo.inf.upv.es\/taller-scratch\/","og_locale":"en_US","og_type":"article","og_title":"Taller d'Scratch: informaci\u00f3 i protocol a seguir - Web del Museo de Inform\u00e1tica 2.0","og_description":"Per al taller de Scratch cal sol\u00b7licitar cita pr\u00e8via al fomulari de sol\u00b7licitud al final d&#8217;aquesta p\u00e0gina. Els grups estan limitats a un m\u00e0xim de 40 persones (2 persones per ordinador). El taller d&#8217;Scratch dura, aproximadament,\u00a02 hores i inclou una breu presentaci\u00f3, la projecci\u00f3 d&#8217;un documental sobre la import\u00e0ncia de saber programar en l&#8217;actualitat\u00a0i l&#8217;explicaci\u00f3 [&hellip;]","og_url":"https:\/\/museo.inf.upv.es\/taller-scratch\/","og_site_name":"Web del Museo de Inform\u00e1tica 2.0","og_image":[{"url":"https:\/\/museoinf.webs.upv.es\/wp-content\/uploads\/2014\/06\/Sin-t\u00edtulo-1.jpg","type":"","width":"","height":""}],"twitter_card":"summary_large_image","twitter_misc":{"Est. reading time":"4 minutes"},"schema":{"@context":"https:\/\/schema.org","@graph":[{"@type":"WebPage","@id":"https:\/\/museo.inf.upv.es\/taller-scratch\/","url":"https:\/\/museo.inf.upv.es\/taller-scratch\/","name":"Taller d'Scratch: informaci\u00f3 i protocol a seguir - Web del Museo de Inform\u00e1tica 2.0","isPartOf":{"@id":"https:\/\/museo.inf.upv.es\/#website"},"primaryImageOfPage":{"@id":"https:\/\/museo.inf.upv.es\/taller-scratch\/#primaryimage"},"image":{"@id":"https:\/\/museo.inf.upv.es\/taller-scratch\/#primaryimage"},"thumbnailUrl":"https:\/\/museoinf.webs.upv.es\/wp-content\/uploads\/2014\/07\/banner_scratch_CS.jpg","datePublished":"2014-07-01T18:29:58+00:00","breadcrumb":{"@id":"https:\/\/museo.inf.upv.es\/taller-scratch\/#breadcrumb"},"inLanguage":"va-VA","potentialAction":[{"@type":"ReadAction","target":["https:\/\/museo.inf.upv.es\/taller-scratch\/"]}]},{"@type":"ImageObject","inLanguage":"va-VA","@id":"https:\/\/museo.inf.upv.es\/taller-scratch\/#primaryimage","url":"https:\/\/museoinf.webs.upv.es\/wp-content\/uploads\/2014\/07\/banner_scratch_CS.jpg","contentUrl":"https:\/\/museoinf.webs.upv.es\/wp-content\/uploads\/2014\/07\/banner_scratch_CS.jpg"},{"@type":"BreadcrumbList","@id":"https:\/\/museo.inf.upv.es\/taller-scratch\/#breadcrumb","itemListElement":[{"@type":"ListItem","position":1,"name":"Portada","item":"https:\/\/museo.inf.upv.es\/"},{"@type":"ListItem","position":2,"name":"Taller de Scratch: informaci\u00f3n y protocolo a seguir"}]},{"@type":"WebSite","@id":"https:\/\/museo.inf.upv.es\/#website","url":"https:\/\/museo.inf.upv.es\/","name":"Web del Museo de Inform\u00e1tica 2.0","description":"Web del Museo de Inform\u00e1tica 2.0","potentialAction":[{"@type":"SearchAction","target":{"@type":"EntryPoint","urlTemplate":"https:\/\/museo.inf.upv.es\/?s={search_term_string}"},"query-input":{"@type":"PropertyValueSpecification","valueRequired":true,"valueName":"search_term_string"}}],"inLanguage":"va-VA"}]}},"_links":{"self":[{"href":"https:\/\/museo.inf.upv.es\/va\/wp-json\/wp\/v2\/pages\/1507","targetHints":{"allow":["GET"]}}],"collection":[{"href":"https:\/\/museo.inf.upv.es\/va\/wp-json\/wp\/v2\/pages"}],"about":[{"href":"https:\/\/museo.inf.upv.es\/va\/wp-json\/wp\/v2\/types\/page"}],"author":[{"embeddable":true,"href":"https:\/\/museo.inf.upv.es\/va\/wp-json\/wp\/v2\/users\/1"}],"replies":[{"embeddable":true,"href":"https:\/\/museo.inf.upv.es\/va\/wp-json\/wp\/v2\/comments?post=1507"}],"version-history":[{"count":0,"href":"https:\/\/museo.inf.upv.es\/va\/wp-json\/wp\/v2\/pages\/1507\/revisions"}],"wp:attachment":[{"href":"https:\/\/museo.inf.upv.es\/va\/wp-json\/wp\/v2\/media?parent=1507"}],"curies":[{"name":"wp","href":"https:\/\/api.w.org\/{rel}","templated":true}]}}