{"id":157,"date":"2021-03-30T12:29:46","date_gmt":"2021-03-30T12:29:46","guid":{"rendered":"https:\/\/museoupdating.webs.upv.es\/nuevaweb\/?page_id=157"},"modified":"2023-02-22T16:12:29","modified_gmt":"2023-02-22T16:12:29","slug":"microinformatica","status":"publish","type":"page","link":"https:\/\/museo.inf.upv.es\/va\/microinformatica\/","title":{"rendered":"Microinform\u00e0tica"},"content":{"rendered":"<div class=\"wp-block-columns is-layout-flex wp-container-core-columns-is-layout-9d6595d7 wp-block-columns-is-layout-flex\">\n<div class=\"wp-block-column is-layout-flow wp-block-column-is-layout-flow\" style=\"flex-basis:40%\"><div class=\"wp-block-image\">\n<figure class=\"aligncenter size-large is-resized\"><img loading=\"lazy\" decoding=\"async\" src=\"https:\/\/museoinf.webs.upv.es\/wp-content\/uploads\/2021\/05\/atari800xl.jpg\" alt=\"\" class=\"wp-image-5781\" width=\"216\" height=\"127\" srcset=\"https:\/\/museo.inf.upv.es\/wp-content\/uploads\/2021\/05\/atari800xl.jpg 828w, https:\/\/museo.inf.upv.es\/wp-content\/uploads\/2021\/05\/atari800xl-300x176.jpg 300w, https:\/\/museo.inf.upv.es\/wp-content\/uploads\/2021\/05\/atari800xl-768x451.jpg 768w\" sizes=\"auto, (max-width: 216px) 100vw, 216px\" \/><\/figure>\n<\/div><\/div>\n\n\n\n<div class=\"wp-block-column is-layout-flow wp-block-column-is-layout-flow\" style=\"flex-basis:20%\"><div class=\"wp-block-image\">\n<figure class=\"alignright size-large is-resized\"><img loading=\"lazy\" decoding=\"async\" src=\"https:\/\/museoinf.webs.upv.es\/wp-content\/uploads\/2021\/05\/audios_museu.png\" alt=\"\" class=\"wp-image-4096\" width=\"153\" height=\"100\" srcset=\"https:\/\/museo.inf.upv.es\/wp-content\/uploads\/2021\/05\/audios_museu.png 912w, https:\/\/museo.inf.upv.es\/wp-content\/uploads\/2021\/05\/audios_museu-300x197.png 300w, https:\/\/museo.inf.upv.es\/wp-content\/uploads\/2021\/05\/audios_museu-768x505.png 768w\" sizes=\"auto, (max-width: 153px) 100vw, 153px\" \/><\/figure>\n<\/div><\/div>\n\n\n\n<div class=\"wp-block-column is-layout-flow wp-block-column-is-layout-flow\"><\/div>\n\n\n\n<div class=\"wp-block-column is-layout-flow wp-block-column-is-layout-flow\" style=\"flex-basis:30%\">\n<p><\/p>\n\n\n\n<figure class=\"wp-block-audio\"><audio controls src=\"https:\/\/museo.inf.upv.es\/media\/audios\/secciones\/val\/microinformatica.mp3\"><\/audio><\/figure>\n\n\n\n<p><\/p>\n<\/div>\n<\/div>\n\n\n<div id=\"pl-gb157-69dec692a9fad\"  class=\"panel-layout\" ><div id=\"pg-gb157-69dec692a9fad-0\"  class=\"panel-grid panel-no-style\" ><div id=\"pgc-gb157-69dec692a9fad-0-0\"  class=\"panel-grid-cell\" ><div id=\"panel-gb157-69dec692a9fad-0-0-0\" class=\"so-panel widget widget_sow-slider panel-first-child panel-last-child\" data-index=\"0\" ><div class=\"panel-widget-style panel-widget-style-for-gb157-69dec692a9fad-0-0-0\" ><div\n\t\t\t\n\t\t\tclass=\"so-widget-sow-slider so-widget-sow-slider-default-a0b926f67dfb-157\"\n\t\t\t\n\t\t>\t\t\t\t<div class=\"sow-slider-base\" style=\"display: none\" tabindex=\"0\">\n\t\t\t\t\t<ul\n\t\t\t\t\tclass=\"sow-slider-images\"\n\t\t\t\t\tdata-settings=\"{&quot;pagination&quot;:true,&quot;speed&quot;:400,&quot;timeout&quot;:4000,&quot;paused&quot;:false,&quot;pause_on_hover&quot;:false,&quot;swipe&quot;:true,&quot;nav_always_show_desktop&quot;:&quot;&quot;,&quot;nav_always_show_mobile&quot;:&quot;&quot;,&quot;breakpoint&quot;:&quot;780px&quot;,&quot;unmute&quot;:false,&quot;anchor&quot;:null}\"\n\t\t\t\t\t\t\t\t\t\tdata-anchor-id=\"\"\n\t\t\t\t>\t\t<li class=\"sow-slider-image\" style=\"visibility: visible;\" >\n\t\t\t\t\t\t<div class=\"sow-slider-image-container\">\n\t\t\t\t<div class=\"sow-slider-image-wrapper\" style=\"max-width: 2048px\">\n\t\t\t\t\t\t\t\t\t\t<div class=\"sow-slider-image-foreground-wrapper\">\n\t\t\t\t\t\t<img loading=\"lazy\" decoding=\"async\" width=\"2048\" height=\"1536\" src=\"https:\/\/museo.inf.upv.es\/wp-content\/uploads\/2021\/05\/microinf1.jpeg\" class=\"sow-slider-foreground-image\" alt=\"\" style=\"\" srcset=\"https:\/\/museo.inf.upv.es\/wp-content\/uploads\/2021\/05\/microinf1.jpeg 2048w, https:\/\/museo.inf.upv.es\/wp-content\/uploads\/2021\/05\/microinf1-300x225.jpeg 300w, https:\/\/museo.inf.upv.es\/wp-content\/uploads\/2021\/05\/microinf1-1024x768.jpeg 1024w, https:\/\/museo.inf.upv.es\/wp-content\/uploads\/2021\/05\/microinf1-768x576.jpeg 768w, https:\/\/museo.inf.upv.es\/wp-content\/uploads\/2021\/05\/microinf1-1536x1152.jpeg 1536w\" sizes=\"auto, (max-width: 2048px) 100vw, 2048px\" \/>\t\t\t\t\t<\/div>\n\t\t\t\t\t\t\t\t\t<\/div>\n\t\t\t<\/div>\n\t\t\t\t\t<\/li>\n\t\t\t\t<li class=\"sow-slider-image\" style=\"visibility: hidden;\" >\n\t\t\t\t\t\t<div class=\"sow-slider-image-container\">\n\t\t\t\t<div class=\"sow-slider-image-wrapper\" style=\"max-width: 2048px\">\n\t\t\t\t\t\t\t\t\t\t<div class=\"sow-slider-image-foreground-wrapper\">\n\t\t\t\t\t\t<img loading=\"lazy\" decoding=\"async\" width=\"2048\" height=\"1536\" src=\"https:\/\/museo.inf.upv.es\/wp-content\/uploads\/2021\/05\/microinf2.jpeg\" class=\"sow-slider-foreground-image\" alt=\"\" style=\"\" srcset=\"https:\/\/museo.inf.upv.es\/wp-content\/uploads\/2021\/05\/microinf2.jpeg 2048w, https:\/\/museo.inf.upv.es\/wp-content\/uploads\/2021\/05\/microinf2-300x225.jpeg 300w, https:\/\/museo.inf.upv.es\/wp-content\/uploads\/2021\/05\/microinf2-1024x768.jpeg 1024w, https:\/\/museo.inf.upv.es\/wp-content\/uploads\/2021\/05\/microinf2-768x576.jpeg 768w, https:\/\/museo.inf.upv.es\/wp-content\/uploads\/2021\/05\/microinf2-1536x1152.jpeg 1536w\" sizes=\"auto, (max-width: 2048px) 100vw, 2048px\" \/>\t\t\t\t\t<\/div>\n\t\t\t\t\t\t\t\t\t<\/div>\n\t\t\t<\/div>\n\t\t\t\t\t<\/li>\n\t\t\t\t<li class=\"sow-slider-image\" style=\"visibility: hidden;\" >\n\t\t\t\t\t\t<div class=\"sow-slider-image-container\">\n\t\t\t\t<div class=\"sow-slider-image-wrapper\" style=\"max-width: 1536px\">\n\t\t\t\t\t\t\t\t\t\t<div class=\"sow-slider-image-foreground-wrapper\">\n\t\t\t\t\t\t<img loading=\"lazy\" decoding=\"async\" width=\"1536\" height=\"1141\" src=\"https:\/\/museo.inf.upv.es\/wp-content\/uploads\/2021\/05\/microinf3-e1620660970195.jpeg\" class=\"sow-slider-foreground-image\" alt=\"\" style=\"\" srcset=\"https:\/\/museo.inf.upv.es\/wp-content\/uploads\/2021\/05\/microinf3-e1620660970195.jpeg 1536w, https:\/\/museo.inf.upv.es\/wp-content\/uploads\/2021\/05\/microinf3-e1620660970195-300x223.jpeg 300w, https:\/\/museo.inf.upv.es\/wp-content\/uploads\/2021\/05\/microinf3-e1620660970195-1024x761.jpeg 1024w, https:\/\/museo.inf.upv.es\/wp-content\/uploads\/2021\/05\/microinf3-e1620660970195-768x571.jpeg 768w\" sizes=\"auto, (max-width: 1536px) 100vw, 1536px\" \/>\t\t\t\t\t<\/div>\n\t\t\t\t\t\t\t\t\t<\/div>\n\t\t\t<\/div>\n\t\t\t\t\t<\/li>\n\t\t\t\t<li class=\"sow-slider-image\" style=\"visibility: hidden;\" >\n\t\t\t\t\t\t<div class=\"sow-slider-image-container\">\n\t\t\t\t<div class=\"sow-slider-image-wrapper\" style=\"max-width: 2048px\">\n\t\t\t\t\t\t\t\t\t\t<div class=\"sow-slider-image-foreground-wrapper\">\n\t\t\t\t\t\t<img loading=\"lazy\" decoding=\"async\" width=\"2048\" height=\"1536\" src=\"https:\/\/museo.inf.upv.es\/wp-content\/uploads\/2021\/05\/microinf4.jpeg\" class=\"sow-slider-foreground-image\" alt=\"\" style=\"\" srcset=\"https:\/\/museo.inf.upv.es\/wp-content\/uploads\/2021\/05\/microinf4.jpeg 2048w, https:\/\/museo.inf.upv.es\/wp-content\/uploads\/2021\/05\/microinf4-300x225.jpeg 300w, https:\/\/museo.inf.upv.es\/wp-content\/uploads\/2021\/05\/microinf4-1024x768.jpeg 1024w, https:\/\/museo.inf.upv.es\/wp-content\/uploads\/2021\/05\/microinf4-768x576.jpeg 768w, https:\/\/museo.inf.upv.es\/wp-content\/uploads\/2021\/05\/microinf4-1536x1152.jpeg 1536w\" sizes=\"auto, (max-width: 2048px) 100vw, 2048px\" \/>\t\t\t\t\t<\/div>\n\t\t\t\t\t\t\t\t\t<\/div>\n\t\t\t<\/div>\n\t\t\t\t\t<\/li>\n\t\t\t\t<li class=\"sow-slider-image\" style=\"visibility: hidden;\" >\n\t\t\t\t\t\t<div class=\"sow-slider-image-container\">\n\t\t\t\t<div class=\"sow-slider-image-wrapper\" style=\"max-width: 2048px\">\n\t\t\t\t\t\t\t\t\t\t<div class=\"sow-slider-image-foreground-wrapper\">\n\t\t\t\t\t\t<img loading=\"lazy\" decoding=\"async\" width=\"2048\" height=\"1536\" src=\"https:\/\/museo.inf.upv.es\/wp-content\/uploads\/2021\/05\/microinf5.jpeg\" class=\"sow-slider-foreground-image\" alt=\"\" style=\"\" srcset=\"https:\/\/museo.inf.upv.es\/wp-content\/uploads\/2021\/05\/microinf5.jpeg 2048w, https:\/\/museo.inf.upv.es\/wp-content\/uploads\/2021\/05\/microinf5-300x225.jpeg 300w, https:\/\/museo.inf.upv.es\/wp-content\/uploads\/2021\/05\/microinf5-1024x768.jpeg 1024w, https:\/\/museo.inf.upv.es\/wp-content\/uploads\/2021\/05\/microinf5-768x576.jpeg 768w, https:\/\/museo.inf.upv.es\/wp-content\/uploads\/2021\/05\/microinf5-1536x1152.jpeg 1536w\" sizes=\"auto, (max-width: 2048px) 100vw, 2048px\" \/>\t\t\t\t\t<\/div>\n\t\t\t\t\t\t\t\t\t<\/div>\n\t\t\t<\/div>\n\t\t\t\t\t<\/li>\n\t\t\t\t<li class=\"sow-slider-image\" style=\"visibility: hidden;\" >\n\t\t\t\t\t\t<div class=\"sow-slider-image-container\">\n\t\t\t\t<div class=\"sow-slider-image-wrapper\" style=\"max-width: 1510px\">\n\t\t\t\t\t\t\t\t\t\t<div class=\"sow-slider-image-foreground-wrapper\">\n\t\t\t\t\t\t<img loading=\"lazy\" decoding=\"async\" width=\"1510\" height=\"1080\" src=\"https:\/\/museo.inf.upv.es\/wp-content\/uploads\/2021\/05\/microinf6-e1620660933188.jpeg\" class=\"sow-slider-foreground-image\" alt=\"\" style=\"\" srcset=\"https:\/\/museo.inf.upv.es\/wp-content\/uploads\/2021\/05\/microinf6-e1620660933188.jpeg 1510w, https:\/\/museo.inf.upv.es\/wp-content\/uploads\/2021\/05\/microinf6-e1620660933188-300x215.jpeg 300w, https:\/\/museo.inf.upv.es\/wp-content\/uploads\/2021\/05\/microinf6-e1620660933188-1024x732.jpeg 1024w, https:\/\/museo.inf.upv.es\/wp-content\/uploads\/2021\/05\/microinf6-e1620660933188-768x549.jpeg 768w\" sizes=\"auto, (max-width: 1510px) 100vw, 1510px\" \/>\t\t\t\t\t<\/div>\n\t\t\t\t\t\t\t\t\t<\/div>\n\t\t\t<\/div>\n\t\t\t\t\t<\/li>\n\t\t\t\t<li class=\"sow-slider-image\" style=\"visibility: hidden;\" >\n\t\t\t\t\t\t<div class=\"sow-slider-image-container\">\n\t\t\t\t<div class=\"sow-slider-image-wrapper\" style=\"max-width: 2048px\">\n\t\t\t\t\t\t\t\t\t\t<div class=\"sow-slider-image-foreground-wrapper\">\n\t\t\t\t\t\t<img loading=\"lazy\" decoding=\"async\" width=\"2048\" height=\"1536\" src=\"https:\/\/museo.inf.upv.es\/wp-content\/uploads\/2021\/05\/microinf7.jpeg\" class=\"sow-slider-foreground-image\" alt=\"\" style=\"\" srcset=\"https:\/\/museo.inf.upv.es\/wp-content\/uploads\/2021\/05\/microinf7.jpeg 2048w, https:\/\/museo.inf.upv.es\/wp-content\/uploads\/2021\/05\/microinf7-300x225.jpeg 300w, https:\/\/museo.inf.upv.es\/wp-content\/uploads\/2021\/05\/microinf7-1024x768.jpeg 1024w, https:\/\/museo.inf.upv.es\/wp-content\/uploads\/2021\/05\/microinf7-768x576.jpeg 768w, https:\/\/museo.inf.upv.es\/wp-content\/uploads\/2021\/05\/microinf7-1536x1152.jpeg 1536w\" sizes=\"auto, (max-width: 2048px) 100vw, 2048px\" \/>\t\t\t\t\t<\/div>\n\t\t\t\t\t\t\t\t\t<\/div>\n\t\t\t<\/div>\n\t\t\t\t\t<\/li>\n\t\t<\/ul>\t\t\t\t<ol class=\"sow-slider-pagination\">\n\t\t\t\t\t\t\t\t\t\t\t<li><a href=\"#\" data-goto=\"0\" aria-label=\"Display slide 1\"><\/a><\/li>\n\t\t\t\t\t\t\t\t\t\t\t<li><a href=\"#\" data-goto=\"1\" aria-label=\"Display slide 2\"><\/a><\/li>\n\t\t\t\t\t\t\t\t\t\t\t<li><a href=\"#\" data-goto=\"2\" aria-label=\"Display slide 3\"><\/a><\/li>\n\t\t\t\t\t\t\t\t\t\t\t<li><a href=\"#\" data-goto=\"3\" aria-label=\"Display slide 4\"><\/a><\/li>\n\t\t\t\t\t\t\t\t\t\t\t<li><a href=\"#\" data-goto=\"4\" aria-label=\"Display slide 5\"><\/a><\/li>\n\t\t\t\t\t\t\t\t\t\t\t<li><a href=\"#\" data-goto=\"5\" aria-label=\"Display slide 6\"><\/a><\/li>\n\t\t\t\t\t\t\t\t\t\t\t<li><a href=\"#\" data-goto=\"6\" aria-label=\"Display slide 7\"><\/a><\/li>\n\t\t\t\t\t\t\t\t\t<\/ol>\n\n\t\t\t\t<div class=\"sow-slide-nav sow-slide-nav-next\">\n\t\t\t\t\t<a href=\"#\" data-goto=\"next\" aria-label=\"Next slide\" data-action=\"next\">\n\t\t\t\t\t\t<em class=\"sow-sld-icon-thin-right\"><\/em>\n\t\t\t\t\t<\/a>\n\t\t\t\t<\/div>\n\n\t\t\t\t<div class=\"sow-slide-nav sow-slide-nav-prev\">\n\t\t\t\t\t<a href=\"#\" data-goto=\"previous\" aria-label=\"Previous slide\" data-action=\"prev\">\n\t\t\t\t\t\t<em class=\"sow-sld-icon-thin-left\"><\/em>\n\t\t\t\t\t<\/a>\n\t\t\t\t<\/div>\n\t\t\t\t<\/div><\/div><\/div><\/div><\/div><div id=\"pgc-gb157-69dec692a9fad-0-1\"  class=\"panel-grid-cell\" ><div id=\"panel-gb157-69dec692a9fad-0-1-0\" class=\"so-panel widget widget_text panel-first-child panel-last-child\" data-index=\"1\" >\t\t\t<div class=\"textwidget\"><p style=\"text-align: justify;\">La hist\u00f2ria de la inform\u00e0tica no es pot abordar sense tindre en compte el paper protagonista que va tindre la cultura del videojoc en el desenvolupament d\u2019aquesta. Comen\u00e7arem el nostre recorregut en la d\u00e8cada de 1970, per\u00edode testimoni d\u2019una incipient ind\u00fastria del videojoc, a la qual contribuirien, d\u2019una banda, l\u2019auge social dels salons recreatius de l\u2019\u00e8poca, i per un altre, la popularitzaci\u00f3 del televisor com a pe\u00e7a imprescindible en les llars. \u00c9s llavors quan sorgeixen les primeres videoconsoles dom\u00e8stiques de la hist\u00f2ria, en la seua majoria clones de les pioneres \u201cMagnavox Odyssey\u201d i, sobretot, de la \u201cPong\u201d de Atari. Encara que molt rudiment\u00e0ries, amb tot just uns pocs videojocs prealmacenados en mem\u00f2ria, aquestes m\u00e0quines de tecnologia exclusivament electr\u00f2nica, van tindre un \u00e8xit rotund a tot el m\u00f3n, definint-se ja llavors les regions comercials dels Estats Units, el Jap\u00f3 i Europa. Poc despr\u00e9s, l\u2019aparici\u00f3 del microprocessador va revolucionar el negoci de l\u2019entreteniment, oferint la reutilitzaci\u00f3 d\u2019un maquinari que presentava menors costos de manteniment, i la tecnologia del qual van adoptar r\u00e0pidament els arcades de sal\u00f3 i les videoconsoles dom\u00e8stiques, la qual cosa va propiciar que es comercialitzara un ampli cat\u00e0leg de cartutxos separats de la pr\u00f2pia videoconsola. Entre aquestes \u00faltimes videoconsoles destaquen les peces de l\u2019exposici\u00f3 Atari 2600 i Philips Videopac G7000.<\/p>\n<\/div>\n\t\t<\/div><\/div><\/div><\/div>\n\n<p><\/p>\n<p style=\"text-align: justify;\">Mentrestant, el m\u00f3n dels ordinadors, destinats fins llavors a grans empreses, es transforma com a resultat de la irrupci\u00f3 en el mercat dels microprocessadors, la qual cosa va permetre produir els primers ordenadors veritablement personals de la hist\u00f2ria, amb un preu assequible i una grand\u00e0ria semblant al de qualsevol altre electrodom\u00e8stic de la llar.&nbsp;Aquests primers microordinadors personals, dissenyats amb una arquitectura de 8 bits, van trobar en el sector del videojoc un espill en el qual mirar-se per a oferir al consumidor un nou producte d&#8217;entreteniment, aix\u00f2 s\u00ed, sempre disfressat d&#8217;eina del futur.&nbsp;Gr\u00e0cies a la relaci\u00f3 entre videojocs i ordinadors dom\u00e8stics va haver-hi una explosi\u00f3 en la demanda i el desenvolupament de nous productes inform\u00e0tics que va conduir a la implantaci\u00f3 definitiva de l&#8217;ordinador personal tal com es coneix hui dia.<\/p>\n<p style=\"text-align: justify;\">\n<\/p><p style=\"text-align: justify;\">Entre les empreses m\u00e9s carism\u00e0tiques responsables d&#8217;aquesta singular simbiosi destaquem a Sinclair (creadora del ZX80, la primera computadora amb un preu per davall de les 100 lliures), Amstrad (amb els seus microordinadors comercialitzats com un sistema complet tot en un), Commodore (que el seu C64 encara \u00e9s el model de computadora dom\u00e8stica m\u00e9s venut en el m\u00f3n), Atari (amb molt d&#8217;inter\u00e9s en l&#8217;expansi\u00f3 de la ind\u00fastria del videojoc cap a nous horitzons), o el consorci MSX (que inclo\u00efa a companyies com ara Toshiba, Yamaha, C\u00e0non o Sony, de molt d&#8217;\u00e8xit al Jap\u00f3 i l&#8217;objectiu del qual era crear est\u00e0ndards per a la inform\u00e0tica dom\u00e8stica).&nbsp;Durant la d\u00e8cada de 1980, els seus ordinadors es venien amb una clara intenci\u00f3 l\u00fadica, aprofitant-se, i alhora contribuint, al creixement exponencial del sector del videojoc, l&#8217;impacte social del qual avan\u00e7ava amb passes de gegant entre ordinadors, arcades, i videoconsoles.&nbsp;Les videoconsoles van anar cobrant protagonisme en la conquesta de la llar, no sols amb consoles de sobretaula, sin\u00f3 tamb\u00e9 amb la proliferaci\u00f3 de m\u00faltiples port\u00e0tils. Estem davant l&#8217;apogeu dels videojocs dom\u00e8stics sense perjudici de les m\u00e0quines recreatives, que seguirien en al\u00e7a durant uns anys m\u00e9s a causa de la major qualitat t\u00e8cnica dels seus productes.<\/p>\n<p style=\"text-align: justify;\">\n<\/p><p style=\"text-align: justify;\">La d\u00e8cada de 1990 va ser testimoni del declivi definitiu dels ordinadors personals de 8 bits, donant pas a una nova generaci\u00f3 de tecnologia m\u00e9s avan\u00e7ada, amb arquitectures de 16 bits. Ordinadors com els Commodore Amiga, els Atari ST, o la fam\u00edlia IBM PC i compatibles, van abastar un mercat que finalment va acaparar el PC, que es mant\u00e9 fins a l&#8217;actualitat, en el qual fins i tot hi ha espai tamb\u00e9 per a les videoconsoles, amb el seu propi n\u00ednxol de mercat.&nbsp;Les consoles van evolucionar a l&#8217;una que els ordinadors amb companyies com SEGA, Nintendo o Sony, i, a poc a poc, van superar tecnol\u00f2gicament a la majoria de arcades de sal\u00f3, aconseguint agranar del mercat el model de negoci de les m\u00e0quines recreatives.<\/p>\n<p style=\"text-align: justify;\">\n<\/p><p style=\"text-align: justify;\">En definitiva, una hist\u00f2ria apassionant en la qual destacar tamb\u00e9 a la ind\u00fastria editorial, que va documentar tota aquesta \u00e8poca, ajudant en certa manera a la implantaci\u00f3 de la tecnologia.&nbsp;En l&#8217;actualitat, la promoci\u00f3 i preservaci\u00f3 de la inform\u00e0tica i els videojocs d&#8217;aqueixos anys, tant en l&#8217;\u00e0mbit de les computadores comercialitzades com del programari desenvolupat per a aquestes, \u00e9s una tasca que realitza principalment el moviment social de la cultura &#8220;retroinform\u00e1tica&#8221;, un col\u00b7lectiu implicat que, en ple segle XXI, continua desenvolupant nous productes programari o creant nou maquinari (anomenat homebrew) per a aquestes plataformes, amb la finalitat de mantindre-les actives.<\/p>\n<p style=\"text-align: justify;\"><\/p>","protected":false},"excerpt":{"rendered":"<p>Mentrestant, el m\u00f3n dels ordinadors, destinats fins llavors a grans empreses, es transforma com a resultat de la irrupci\u00f3 en el mercat dels microprocessadors, la qual cosa va permetre produir els primers ordenadors veritablement personals de la hist\u00f2ria, amb un preu assequible i una grand\u00e0ria semblant al de qualsevol altre electrodom\u00e8stic de la llar.&nbsp;Aquests primers [&hellip;]<\/p>\n","protected":false},"author":1,"featured_media":0,"parent":0,"menu_order":0,"comment_status":"closed","ping_status":"closed","template":"","meta":{"_monsterinsights_skip_tracking":false,"_monsterinsights_sitenote_active":false,"_monsterinsights_sitenote_note":"","_monsterinsights_sitenote_category":0,"footnotes":""},"class_list":["post-157","page","type-page","status-publish","hentry","post"],"yoast_head":"<!-- This site is optimized with the Yoast SEO plugin v27.3 - https:\/\/yoast.com\/product\/yoast-seo-wordpress\/ -->\n<title>Microinform\u00e0tica - Web del Museo de Inform\u00e1tica 2.0<\/title>\n<meta name=\"robots\" content=\"index, follow, max-snippet:-1, max-image-preview:large, max-video-preview:-1\" \/>\n<link rel=\"canonical\" href=\"https:\/\/museo.inf.upv.es\/microinformatica\/\" \/>\n<meta property=\"og:locale\" content=\"en_US\" \/>\n<meta property=\"og:type\" content=\"article\" \/>\n<meta property=\"og:title\" content=\"Microinform\u00e0tica - Web del Museo de Inform\u00e1tica 2.0\" \/>\n<meta property=\"og:description\" content=\"Mentrestant, el m\u00f3n dels ordinadors, destinats fins llavors a grans empreses, es transforma com a resultat de la irrupci\u00f3 en el mercat dels microprocessadors, la qual cosa va permetre produir els primers ordenadors veritablement personals de la hist\u00f2ria, amb un preu assequible i una grand\u00e0ria semblant al de qualsevol altre electrodom\u00e8stic de la llar.&nbsp;Aquests primers [&hellip;]\" \/>\n<meta property=\"og:url\" content=\"https:\/\/museo.inf.upv.es\/microinformatica\/\" \/>\n<meta property=\"og:site_name\" content=\"Web del Museo de Inform\u00e1tica 2.0\" \/>\n<meta property=\"article:modified_time\" content=\"2023-02-22T16:12:29+00:00\" \/>\n<meta property=\"og:image\" content=\"https:\/\/museoinf.webs.upv.es\/wp-content\/uploads\/2021\/05\/atari800xl.jpg\" \/>\n<meta name=\"twitter:card\" content=\"summary_large_image\" \/>\n<meta name=\"twitter:label1\" content=\"Est. reading time\" \/>\n\t<meta name=\"twitter:data1\" content=\"13 minutes\" \/>\n<script type=\"application\/ld+json\" class=\"yoast-schema-graph\">{\"@context\":\"https:\\\/\\\/schema.org\",\"@graph\":[{\"@type\":\"WebPage\",\"@id\":\"https:\\\/\\\/museo.inf.upv.es\\\/microinformatica\\\/\",\"url\":\"https:\\\/\\\/museo.inf.upv.es\\\/microinformatica\\\/\",\"name\":\"Microinform\u00e0tica - Web del Museo de Inform\u00e1tica 2.0\",\"isPartOf\":{\"@id\":\"https:\\\/\\\/museo.inf.upv.es\\\/#website\"},\"primaryImageOfPage\":{\"@id\":\"https:\\\/\\\/museo.inf.upv.es\\\/microinformatica\\\/#primaryimage\"},\"image\":{\"@id\":\"https:\\\/\\\/museo.inf.upv.es\\\/microinformatica\\\/#primaryimage\"},\"thumbnailUrl\":\"https:\\\/\\\/museoinf.webs.upv.es\\\/wp-content\\\/uploads\\\/2021\\\/05\\\/atari800xl.jpg\",\"datePublished\":\"2021-03-30T12:29:46+00:00\",\"dateModified\":\"2023-02-22T16:12:29+00:00\",\"breadcrumb\":{\"@id\":\"https:\\\/\\\/museo.inf.upv.es\\\/microinformatica\\\/#breadcrumb\"},\"inLanguage\":\"va-VA\",\"potentialAction\":[{\"@type\":\"ReadAction\",\"target\":[\"https:\\\/\\\/museo.inf.upv.es\\\/microinformatica\\\/\"]}]},{\"@type\":\"ImageObject\",\"inLanguage\":\"va-VA\",\"@id\":\"https:\\\/\\\/museo.inf.upv.es\\\/microinformatica\\\/#primaryimage\",\"url\":\"https:\\\/\\\/museoinf.webs.upv.es\\\/wp-content\\\/uploads\\\/2021\\\/05\\\/atari800xl.jpg\",\"contentUrl\":\"https:\\\/\\\/museoinf.webs.upv.es\\\/wp-content\\\/uploads\\\/2021\\\/05\\\/atari800xl.jpg\"},{\"@type\":\"BreadcrumbList\",\"@id\":\"https:\\\/\\\/museo.inf.upv.es\\\/microinformatica\\\/#breadcrumb\",\"itemListElement\":[{\"@type\":\"ListItem\",\"position\":1,\"name\":\"Portada\",\"item\":\"https:\\\/\\\/museo.inf.upv.es\\\/\"},{\"@type\":\"ListItem\",\"position\":2,\"name\":\"Microinform\u00e1tica\"}]},{\"@type\":\"WebSite\",\"@id\":\"https:\\\/\\\/museo.inf.upv.es\\\/#website\",\"url\":\"https:\\\/\\\/museo.inf.upv.es\\\/\",\"name\":\"Web del Museo de Inform\u00e1tica 2.0\",\"description\":\"Web del Museo de Inform\u00e1tica 2.0\",\"potentialAction\":[{\"@type\":\"SearchAction\",\"target\":{\"@type\":\"EntryPoint\",\"urlTemplate\":\"https:\\\/\\\/museo.inf.upv.es\\\/?s={search_term_string}\"},\"query-input\":{\"@type\":\"PropertyValueSpecification\",\"valueRequired\":true,\"valueName\":\"search_term_string\"}}],\"inLanguage\":\"va-VA\"}]}<\/script>\n<!-- \/ Yoast SEO plugin. -->","yoast_head_json":{"title":"Microinform\u00e0tica - Web del Museo de Inform\u00e1tica 2.0","robots":{"index":"index","follow":"follow","max-snippet":"max-snippet:-1","max-image-preview":"max-image-preview:large","max-video-preview":"max-video-preview:-1"},"canonical":"https:\/\/museo.inf.upv.es\/microinformatica\/","og_locale":"en_US","og_type":"article","og_title":"Microinform\u00e0tica - Web del Museo de Inform\u00e1tica 2.0","og_description":"Mentrestant, el m\u00f3n dels ordinadors, destinats fins llavors a grans empreses, es transforma com a resultat de la irrupci\u00f3 en el mercat dels microprocessadors, la qual cosa va permetre produir els primers ordenadors veritablement personals de la hist\u00f2ria, amb un preu assequible i una grand\u00e0ria semblant al de qualsevol altre electrodom\u00e8stic de la llar.&nbsp;Aquests primers [&hellip;]","og_url":"https:\/\/museo.inf.upv.es\/microinformatica\/","og_site_name":"Web del Museo de Inform\u00e1tica 2.0","article_modified_time":"2023-02-22T16:12:29+00:00","og_image":[{"url":"https:\/\/museoinf.webs.upv.es\/wp-content\/uploads\/2021\/05\/atari800xl.jpg","type":"","width":"","height":""}],"twitter_card":"summary_large_image","twitter_misc":{"Est. reading time":"13 minutes"},"schema":{"@context":"https:\/\/schema.org","@graph":[{"@type":"WebPage","@id":"https:\/\/museo.inf.upv.es\/microinformatica\/","url":"https:\/\/museo.inf.upv.es\/microinformatica\/","name":"Microinform\u00e0tica - Web del Museo de Inform\u00e1tica 2.0","isPartOf":{"@id":"https:\/\/museo.inf.upv.es\/#website"},"primaryImageOfPage":{"@id":"https:\/\/museo.inf.upv.es\/microinformatica\/#primaryimage"},"image":{"@id":"https:\/\/museo.inf.upv.es\/microinformatica\/#primaryimage"},"thumbnailUrl":"https:\/\/museoinf.webs.upv.es\/wp-content\/uploads\/2021\/05\/atari800xl.jpg","datePublished":"2021-03-30T12:29:46+00:00","dateModified":"2023-02-22T16:12:29+00:00","breadcrumb":{"@id":"https:\/\/museo.inf.upv.es\/microinformatica\/#breadcrumb"},"inLanguage":"va-VA","potentialAction":[{"@type":"ReadAction","target":["https:\/\/museo.inf.upv.es\/microinformatica\/"]}]},{"@type":"ImageObject","inLanguage":"va-VA","@id":"https:\/\/museo.inf.upv.es\/microinformatica\/#primaryimage","url":"https:\/\/museoinf.webs.upv.es\/wp-content\/uploads\/2021\/05\/atari800xl.jpg","contentUrl":"https:\/\/museoinf.webs.upv.es\/wp-content\/uploads\/2021\/05\/atari800xl.jpg"},{"@type":"BreadcrumbList","@id":"https:\/\/museo.inf.upv.es\/microinformatica\/#breadcrumb","itemListElement":[{"@type":"ListItem","position":1,"name":"Portada","item":"https:\/\/museo.inf.upv.es\/"},{"@type":"ListItem","position":2,"name":"Microinform\u00e1tica"}]},{"@type":"WebSite","@id":"https:\/\/museo.inf.upv.es\/#website","url":"https:\/\/museo.inf.upv.es\/","name":"Web del Museo de Inform\u00e1tica 2.0","description":"Web del Museo de Inform\u00e1tica 2.0","potentialAction":[{"@type":"SearchAction","target":{"@type":"EntryPoint","urlTemplate":"https:\/\/museo.inf.upv.es\/?s={search_term_string}"},"query-input":{"@type":"PropertyValueSpecification","valueRequired":true,"valueName":"search_term_string"}}],"inLanguage":"va-VA"}]}},"_links":{"self":[{"href":"https:\/\/museo.inf.upv.es\/va\/wp-json\/wp\/v2\/pages\/157","targetHints":{"allow":["GET"]}}],"collection":[{"href":"https:\/\/museo.inf.upv.es\/va\/wp-json\/wp\/v2\/pages"}],"about":[{"href":"https:\/\/museo.inf.upv.es\/va\/wp-json\/wp\/v2\/types\/page"}],"author":[{"embeddable":true,"href":"https:\/\/museo.inf.upv.es\/va\/wp-json\/wp\/v2\/users\/1"}],"replies":[{"embeddable":true,"href":"https:\/\/museo.inf.upv.es\/va\/wp-json\/wp\/v2\/comments?post=157"}],"version-history":[{"count":93,"href":"https:\/\/museo.inf.upv.es\/va\/wp-json\/wp\/v2\/pages\/157\/revisions"}],"predecessor-version":[{"id":10794,"href":"https:\/\/museo.inf.upv.es\/va\/wp-json\/wp\/v2\/pages\/157\/revisions\/10794"}],"wp:attachment":[{"href":"https:\/\/museo.inf.upv.es\/va\/wp-json\/wp\/v2\/media?parent=157"}],"curies":[{"name":"wp","href":"https:\/\/api.w.org\/{rel}","templated":true}]}}