{"id":176,"date":"2021-03-30T13:33:24","date_gmt":"2021-03-30T13:33:24","guid":{"rendered":"https:\/\/museoupdating.webs.upv.es\/nuevaweb\/?page_id=176"},"modified":"2021-05-18T15:05:38","modified_gmt":"2021-05-18T15:05:38","slug":"software","status":"publish","type":"page","link":"https:\/\/museo.inf.upv.es\/va\/software\/","title":{"rendered":"Softwareold"},"content":{"rendered":"<div class=\"wp-block-columns is-layout-flex wp-container-core-columns-is-layout-9d6595d7 wp-block-columns-is-layout-flex\">\n<div class=\"wp-block-column is-layout-flow wp-block-column-is-layout-flow\" style=\"flex-basis:70%\">\n<hr class=\"wp-block-separator\"\/>\n\n\n\n<div class=\"wp-block-image is-style-default\"><figure class=\"alignleft size-medium\"><img loading=\"lazy\" decoding=\"async\" width=\"300\" height=\"225\" src=\"https:\/\/museoinf.webs.upv.es\/wp-content\/uploads\/2021\/05\/WhatsApp-Image-2021-05-10-at-12.53.08-300x225.jpeg\" alt=\"\" class=\"wp-image-5472\" srcset=\"https:\/\/museo.inf.upv.es\/wp-content\/uploads\/2021\/05\/WhatsApp-Image-2021-05-10-at-12.53.08-300x225.jpeg 300w, https:\/\/museo.inf.upv.es\/wp-content\/uploads\/2021\/05\/WhatsApp-Image-2021-05-10-at-12.53.08-1024x768.jpeg 1024w, https:\/\/museo.inf.upv.es\/wp-content\/uploads\/2021\/05\/WhatsApp-Image-2021-05-10-at-12.53.08-768x576.jpeg 768w, https:\/\/museo.inf.upv.es\/wp-content\/uploads\/2021\/05\/WhatsApp-Image-2021-05-10-at-12.53.08-1536x1152.jpeg 1536w, https:\/\/museo.inf.upv.es\/wp-content\/uploads\/2021\/05\/WhatsApp-Image-2021-05-10-at-12.53.08.jpeg 2048w\" sizes=\"auto, (max-width: 300px) 100vw, 300px\" \/><\/figure><\/div>\n\n\n\n<div class=\"wp-block-image is-style-default\"><figure class=\"alignleft size-medium\"><img loading=\"lazy\" decoding=\"async\" width=\"300\" height=\"225\" src=\"https:\/\/museoinf.webs.upv.es\/wp-content\/uploads\/2021\/05\/WhatsApp-Image-2021-05-10-at-12.53.05-300x225.jpeg\" alt=\"\" class=\"wp-image-5477\" srcset=\"https:\/\/museo.inf.upv.es\/wp-content\/uploads\/2021\/05\/WhatsApp-Image-2021-05-10-at-12.53.05-300x225.jpeg 300w, https:\/\/museo.inf.upv.es\/wp-content\/uploads\/2021\/05\/WhatsApp-Image-2021-05-10-at-12.53.05-1024x768.jpeg 1024w, https:\/\/museo.inf.upv.es\/wp-content\/uploads\/2021\/05\/WhatsApp-Image-2021-05-10-at-12.53.05-768x576.jpeg 768w, https:\/\/museo.inf.upv.es\/wp-content\/uploads\/2021\/05\/WhatsApp-Image-2021-05-10-at-12.53.05-1536x1152.jpeg 1536w, https:\/\/museo.inf.upv.es\/wp-content\/uploads\/2021\/05\/WhatsApp-Image-2021-05-10-at-12.53.05.jpeg 2048w\" sizes=\"auto, (max-width: 300px) 100vw, 300px\" \/><\/figure><\/div>\n<\/div>\n\n\n\n<div class=\"wp-block-column is-layout-flow wp-block-column-is-layout-flow\" style=\"flex-basis:40%\">\n<div class=\"wp-block-columns is-layout-flex wp-container-core-columns-is-layout-9d6595d7 wp-block-columns-is-layout-flex\">\n<div class=\"wp-block-column is-layout-flow wp-block-column-is-layout-flow\">\n<figure class=\"wp-block-audio\"><audio controls src=\"https:\/\/museoinf.webs.upv.es\/wp-content\/uploads\/2021\/05\/Audio-3-CEC-Software-def-ES.mp3\"><\/audio><\/figure>\n\n\n\n<div class=\"wp-block-image\"><figure class=\"aligncenter size-large is-resized\"><img loading=\"lazy\" decoding=\"async\" src=\"https:\/\/museoinf.webs.upv.es\/wp-content\/uploads\/2021\/05\/audios_museu.png\" alt=\"\" class=\"wp-image-4096\" width=\"170\" height=\"111\" srcset=\"https:\/\/museo.inf.upv.es\/wp-content\/uploads\/2021\/05\/audios_museu.png 912w, https:\/\/museo.inf.upv.es\/wp-content\/uploads\/2021\/05\/audios_museu-300x197.png 300w, https:\/\/museo.inf.upv.es\/wp-content\/uploads\/2021\/05\/audios_museu-768x505.png 768w\" sizes=\"auto, (max-width: 170px) 100vw, 170px\" \/><\/figure><\/div>\n<\/div>\n<\/div>\n<\/div>\n<\/div>\n\n\n\n<p><\/p>\n\n\n<p style=\"text-align: justify;\"><\/p>\n<p style=\"text-align: justify;\"><span lang=\"ES-TRAD\">La distinci\u00f3 entre l&#8217;arquitectura d&#8217;una m\u00e0quina i el conjunt de programes que aquesta m\u00e0quina pot executar, es manifesta ja des dels primers treballs d&#8217;Alan Turing i la seua formalitzaci\u00f3 matem\u00e0tica d&#8217;un dispositiu polivalent de c\u00e0lcul (la m\u00e0quina de Turing).&nbsp;<\/span><span lang=\"ES-TRAD\">Aquesta divisi\u00f3 tamb\u00e9 va estar present anteriorment en la M\u00e0quina Anal\u00edtica de Charles Babbage.&nbsp;<\/span><span lang=\"ES-TRAD\">Malgrat no ser constru\u00efda per motius tecnol\u00f2gics, Ada Byron va dissenyar per a ella el que va ser el primer programa publicat de la hist\u00f2ria.&nbsp;<\/span><span lang=\"ES-TRAD\">Aquestes dues cares de la mateixa moneda les coneixem hui com a maquinari i programari.<\/span><\/p>\n\n\n<div class=\"wp-block-columns is-layout-flex wp-container-core-columns-is-layout-9d6595d7 wp-block-columns-is-layout-flex\">\n<div class=\"wp-block-column is-vertically-aligned-center is-layout-flow wp-block-column-is-layout-flow\" style=\"flex-basis:50%\">\n<p>[Encara que aquesta distinci\u00f3 sembla perdre&#8217;s en el disseny del ENIAC, un dels primers computadors electr\u00f2nics, constru\u00eft pels EUA durant la Segona Guerra Mundial: la programaci\u00f3 es realitzava girant commutadors i connectant directament els diferents elements del computador, donant com a resultat programes molt complicats i pr\u00f2xims al maquinari. Cal destacar el treball de les ENIAC women com a programadores d&#8217;aquest computador.<\/p>\n\n\n\n<p>Precisament per a reduir l&#8217;esfor\u00e7 de programaci\u00f3, Kathleen Booth va desenvolupar en 1950 el primer llenguatge assemblador en el Birkbeck College de Londres.&nbsp;D&#8217;aquesta d\u00e8cada s\u00f3n els primers programes que, reunint treballs que s&#8217;executaran per lots, permetien augmentar la productivitat. L&#8217;evoluci\u00f3 d&#8217;aquests programes que gestionen l&#8217;acc\u00e9s als serveis que ofereix el maquinari, conduir\u00e0 amb el temps al sistema operatiu modern.<\/p>\n\n\n\n<p>En la d\u00e8cada de 1960 va apar\u00e9ixer l&#8217;US\/360, un sistema operatiu de, inicialment, 6 KB que va evolucionar des del processament per lots a la multitarea, i inclo\u00efa un llenguatge de control de processos.&nbsp;A la fi d&#8217;aquesta d\u00e8cada, John Backus va desenvolupar un compilador per a FORTRAN, el primer llenguatge de programaci\u00f3 modern. FORTRAN sorgeix amb la finalitat de reduir l&#8217;esfor\u00e7 de programaci\u00f3 de l&#8217;IBM 704 i \u00e9s encara utilitzat en aplicacions de computaci\u00f3 cient\u00edfica. UNIX, base de la gran majoria de sistemes operatius actuals, va apar\u00e9ixer en 1969, el mateix any en qu\u00e8 arribem a la Lluna.<\/p>\n\n\n\n<p>En la d\u00e8cada dels 70, les empreses inform\u00e0tiques desenvolupaven tant el maquinari com les aplicacions, i tots dos es distribu\u00efen conjuntament.&nbsp;Diferents processos judicials als EUA van determinar il\u00b7legal aquesta manera de distribuci\u00f3, que for\u00e7ava a l&#8217;usuari a comprar o llogar el maquinari en el moment de la compra d&#8217;un determinat programari. Va ser aix\u00ed com les empreses d&#8217;inform\u00e0tica van ser obligades a llicenciar de forma separada aquests dos productes.<\/p>\n<\/div>\n\n\n\n<div class=\"wp-block-column is-layout-flow wp-block-column-is-layout-flow\" style=\"flex-basis:50%\">\n<div class=\"wp-block-image\"><figure class=\"aligncenter size-large\"><img loading=\"lazy\" decoding=\"async\" width=\"1279\" height=\"2048\" src=\"https:\/\/museoinf.webs.upv.es\/wp-content\/uploads\/2021\/05\/WhatsApp-Image-2021-05-10-at-12.53.04-1-edited.jpeg\" alt=\"\" class=\"wp-image-5514\" srcset=\"https:\/\/museo.inf.upv.es\/wp-content\/uploads\/2021\/05\/WhatsApp-Image-2021-05-10-at-12.53.04-1-edited.jpeg 1279w, https:\/\/museo.inf.upv.es\/wp-content\/uploads\/2021\/05\/WhatsApp-Image-2021-05-10-at-12.53.04-1-edited-187x300.jpeg 187w, https:\/\/museo.inf.upv.es\/wp-content\/uploads\/2021\/05\/WhatsApp-Image-2021-05-10-at-12.53.04-1-edited-640x1024.jpeg 640w, https:\/\/museo.inf.upv.es\/wp-content\/uploads\/2021\/05\/WhatsApp-Image-2021-05-10-at-12.53.04-1-edited-768x1230.jpeg 768w, https:\/\/museo.inf.upv.es\/wp-content\/uploads\/2021\/05\/WhatsApp-Image-2021-05-10-at-12.53.04-1-edited-959x1536.jpeg 959w\" sizes=\"auto, (max-width: 1279px) 100vw, 1279px\" \/><\/figure><\/div>\n<\/div>\n<\/div>\n\n\n<p class=\"Cuerpo\" style=\"text-align: justify; text-justify: inter-ideograph;\"><span lang=\"ES-TRAD\">A la fi dels anys 70 apareixen les primeres computadores prou econ\u00f2miques per a arribar a les llars. Aix\u00f2 va impulsar una ind\u00fastria de desenvolupament d&#8217;aplicacions independent de les empreses que constru\u00efen i comercialitzaven el maquinari.\u00a0<\/span><span lang=\"ES-TRAD\">Les aplicacions es distribu\u00efen publicant el seu codi en revistes peri\u00f2diques, la qual cosa for\u00e7ava a l&#8217;usuari a introduir-lo en les seues computadores, o b\u00e9 en cintes magn\u00e8tiques similars a les empleades en la reproducci\u00f3 de m\u00fasica i que eren d&#8217;\u00fas com\u00fa.<\/span><\/p>\n<p class=\"Cuerpo\" style=\"text-align: justify; text-justify: inter-ideograph;\"><span lang=\"ES-TRAD\">En els anys 80 diferents factors van implicar canvis profunds: d&#8217;una banda l&#8217;aparici\u00f3 i \u00e8xit de vendes de l&#8217;ordinador personal d&#8217;IBM (i del sistema operatiu MS-DOS) i, per un altre, l&#8217;aparici\u00f3 de versions cl\u00f2niques, m\u00e9s econ\u00f2miques, de l&#8217;IBM PC que podien executar el mateix sistema operatiu i les mateixes aplicacions. En conjunt, aix\u00f2 va provocar l&#8217;explosi\u00f3 en el nombre de computadores i un increment de la demanda de molts tipus d&#8217;aplicacions. Per exemple, WordPerfect per al processament de textos, fulls de c\u00e0lcul com Lotus1-2-3, bases de dades com dBase o CorelDraw per a disseny gr\u00e0fic.<\/span><\/p>\n<p class=\"Cuerpo\" style=\"text-align: justify; text-justify: inter-ideograph;\"><span lang=\"ES-TRAD\">La facilitat de c\u00f2pia i els nous i econ\u00f2mics suports d&#8217;emmagatzematge (discos flexibles principalment), van permetre la c\u00f2pia no autoritzada del programari i la seua r\u00e0pida difusi\u00f3. D&#8217;aquesta \u00e8poca data tamb\u00e9 la proliferaci\u00f3 de llibres i manuals sobre aplicacions deslligada de la documentaci\u00f3 oficial.<\/span><\/p>\n<p class=\"Cuerpo\" style=\"text-align: justify; text-justify: inter-ideograph;\"><span lang=\"ES-TRAD\">Dels anys 80 \u00e9s tamb\u00e9 el germen del Programari Lliure. El projecte GNU, iniciat en 1983 per Richard Stallman, buscava obtindre un sistema operatiu basat en UNIX, compatible amb ell, per\u00f2 el codi del qual font f\u00f3ra p\u00fablic i gratu\u00eft. El programari lliure hui no es limita al sistema operatiu Linux i inclou aplicacions com el navegador web Firefox o el paquet ofim\u00e0tic LibreOffice.<\/span><\/p>\n<p class=\"Cuerpo\" style=\"text-align: justify; text-justify: inter-ideograph;\"><span lang=\"ES-TRAD\">L&#8217;aparici\u00f3 d&#8217;Internet en els anys 90 va modificar l&#8217;escenari mundial i va permetre la distribuci\u00f3 d&#8217;informaci\u00f3 codificada de manera digital, la m\u00e9s eficient i econ\u00f2mica de la hist\u00f2ria. La vida del CD-ROM com a suport d&#8217;emmagatzematge estava sentenciada. L&#8217;increment de l&#8217;amplada de banda de la xarxa i l&#8217;adveniment a principis del segle XXI de dispositius com a tauletes i m\u00f2bils, ha condu\u00eft a la distribuci\u00f3 i actualitzaci\u00f3 de programari, fins i tot per als computadors tradicionals, a trav\u00e9s de botigues d&#8217;aplicacions vinculades a un determinat sistema operatiu.<\/span><\/p>\n<p style=\"text-align: justify;\"><\/p>","protected":false},"excerpt":{"rendered":"<p>La distinci\u00f3 entre l&#8217;arquitectura d&#8217;una m\u00e0quina i el conjunt de programes que aquesta m\u00e0quina pot executar, es manifesta ja des dels primers treballs d&#8217;Alan Turing i la seua formalitzaci\u00f3 matem\u00e0tica d&#8217;un dispositiu polivalent de c\u00e0lcul (la m\u00e0quina de Turing).&nbsp;Aquesta divisi\u00f3 tamb\u00e9 va estar present anteriorment en la M\u00e0quina Anal\u00edtica de Charles Babbage.&nbsp;Malgrat no ser constru\u00efda [&hellip;]<\/p>\n","protected":false},"author":1,"featured_media":0,"parent":0,"menu_order":0,"comment_status":"closed","ping_status":"closed","template":"","meta":{"_monsterinsights_skip_tracking":false,"_monsterinsights_sitenote_active":false,"_monsterinsights_sitenote_note":"","_monsterinsights_sitenote_category":0,"footnotes":""},"class_list":["post-176","page","type-page","status-publish","hentry","post"],"yoast_head":"<!-- This site is optimized with the Yoast SEO plugin v27.3 - https:\/\/yoast.com\/product\/yoast-seo-wordpress\/ -->\n<title>Softwareold - Web del Museo de Inform\u00e1tica 2.0<\/title>\n<meta name=\"robots\" content=\"index, follow, max-snippet:-1, max-image-preview:large, max-video-preview:-1\" \/>\n<link rel=\"canonical\" href=\"https:\/\/museo.inf.upv.es\/va\/software\/\" \/>\n<meta property=\"og:locale\" content=\"en_US\" \/>\n<meta property=\"og:type\" content=\"article\" \/>\n<meta property=\"og:title\" content=\"Softwareold - Web del Museo de Inform\u00e1tica 2.0\" \/>\n<meta property=\"og:description\" content=\"La distinci\u00f3 entre l&#8217;arquitectura d&#8217;una m\u00e0quina i el conjunt de programes que aquesta m\u00e0quina pot executar, es manifesta ja des dels primers treballs d&#8217;Alan Turing i la seua formalitzaci\u00f3 matem\u00e0tica d&#8217;un dispositiu polivalent de c\u00e0lcul (la m\u00e0quina de Turing).&nbsp;Aquesta divisi\u00f3 tamb\u00e9 va estar present anteriorment en la M\u00e0quina Anal\u00edtica de Charles Babbage.&nbsp;Malgrat no ser constru\u00efda [&hellip;]\" \/>\n<meta property=\"og:url\" content=\"https:\/\/museo.inf.upv.es\/va\/software\/\" \/>\n<meta property=\"og:site_name\" content=\"Web del Museo de Inform\u00e1tica 2.0\" \/>\n<meta property=\"article:modified_time\" content=\"2021-05-18T15:05:38+00:00\" \/>\n<meta property=\"og:image\" content=\"https:\/\/museoinf.webs.upv.es\/wp-content\/uploads\/2021\/05\/WhatsApp-Image-2021-05-10-at-12.53.08-300x225.jpeg\" \/>\n<meta name=\"twitter:card\" content=\"summary_large_image\" \/>\n<meta name=\"twitter:label1\" content=\"Est. reading time\" \/>\n\t<meta name=\"twitter:data1\" content=\"13 minutes\" \/>\n<script type=\"application\/ld+json\" class=\"yoast-schema-graph\">{\"@context\":\"https:\\\/\\\/schema.org\",\"@graph\":[{\"@type\":\"WebPage\",\"@id\":\"https:\\\/\\\/museo.inf.upv.es\\\/va\\\/software\\\/\",\"url\":\"https:\\\/\\\/museo.inf.upv.es\\\/va\\\/software\\\/\",\"name\":\"Softwareold - Web del Museo de Inform\u00e1tica 2.0\",\"isPartOf\":{\"@id\":\"https:\\\/\\\/museo.inf.upv.es\\\/#website\"},\"primaryImageOfPage\":{\"@id\":\"https:\\\/\\\/museo.inf.upv.es\\\/va\\\/software\\\/#primaryimage\"},\"image\":{\"@id\":\"https:\\\/\\\/museo.inf.upv.es\\\/va\\\/software\\\/#primaryimage\"},\"thumbnailUrl\":\"https:\\\/\\\/museoinf.webs.upv.es\\\/wp-content\\\/uploads\\\/2021\\\/05\\\/WhatsApp-Image-2021-05-10-at-12.53.08-300x225.jpeg\",\"datePublished\":\"2021-03-30T13:33:24+00:00\",\"dateModified\":\"2021-05-18T15:05:38+00:00\",\"breadcrumb\":{\"@id\":\"https:\\\/\\\/museo.inf.upv.es\\\/va\\\/software\\\/#breadcrumb\"},\"inLanguage\":\"va-VA\",\"potentialAction\":[{\"@type\":\"ReadAction\",\"target\":[\"https:\\\/\\\/museo.inf.upv.es\\\/va\\\/software\\\/\"]}]},{\"@type\":\"ImageObject\",\"inLanguage\":\"va-VA\",\"@id\":\"https:\\\/\\\/museo.inf.upv.es\\\/va\\\/software\\\/#primaryimage\",\"url\":\"https:\\\/\\\/museoinf.webs.upv.es\\\/wp-content\\\/uploads\\\/2021\\\/05\\\/WhatsApp-Image-2021-05-10-at-12.53.08-300x225.jpeg\",\"contentUrl\":\"https:\\\/\\\/museoinf.webs.upv.es\\\/wp-content\\\/uploads\\\/2021\\\/05\\\/WhatsApp-Image-2021-05-10-at-12.53.08-300x225.jpeg\"},{\"@type\":\"BreadcrumbList\",\"@id\":\"https:\\\/\\\/museo.inf.upv.es\\\/va\\\/software\\\/#breadcrumb\",\"itemListElement\":[{\"@type\":\"ListItem\",\"position\":1,\"name\":\"Portada\",\"item\":\"https:\\\/\\\/museo.inf.upv.es\\\/\"},{\"@type\":\"ListItem\",\"position\":2,\"name\":\"Softwareold\"}]},{\"@type\":\"WebSite\",\"@id\":\"https:\\\/\\\/museo.inf.upv.es\\\/#website\",\"url\":\"https:\\\/\\\/museo.inf.upv.es\\\/\",\"name\":\"Web del Museo de Inform\u00e1tica 2.0\",\"description\":\"Web del Museo de Inform\u00e1tica 2.0\",\"potentialAction\":[{\"@type\":\"SearchAction\",\"target\":{\"@type\":\"EntryPoint\",\"urlTemplate\":\"https:\\\/\\\/museo.inf.upv.es\\\/?s={search_term_string}\"},\"query-input\":{\"@type\":\"PropertyValueSpecification\",\"valueRequired\":true,\"valueName\":\"search_term_string\"}}],\"inLanguage\":\"va-VA\"}]}<\/script>\n<!-- \/ Yoast SEO plugin. -->","yoast_head_json":{"title":"Softwareold - Web del Museo de Inform\u00e1tica 2.0","robots":{"index":"index","follow":"follow","max-snippet":"max-snippet:-1","max-image-preview":"max-image-preview:large","max-video-preview":"max-video-preview:-1"},"canonical":"https:\/\/museo.inf.upv.es\/va\/software\/","og_locale":"en_US","og_type":"article","og_title":"Softwareold - Web del Museo de Inform\u00e1tica 2.0","og_description":"La distinci\u00f3 entre l&#8217;arquitectura d&#8217;una m\u00e0quina i el conjunt de programes que aquesta m\u00e0quina pot executar, es manifesta ja des dels primers treballs d&#8217;Alan Turing i la seua formalitzaci\u00f3 matem\u00e0tica d&#8217;un dispositiu polivalent de c\u00e0lcul (la m\u00e0quina de Turing).&nbsp;Aquesta divisi\u00f3 tamb\u00e9 va estar present anteriorment en la M\u00e0quina Anal\u00edtica de Charles Babbage.&nbsp;Malgrat no ser constru\u00efda [&hellip;]","og_url":"https:\/\/museo.inf.upv.es\/va\/software\/","og_site_name":"Web del Museo de Inform\u00e1tica 2.0","article_modified_time":"2021-05-18T15:05:38+00:00","og_image":[{"url":"https:\/\/museoinf.webs.upv.es\/wp-content\/uploads\/2021\/05\/WhatsApp-Image-2021-05-10-at-12.53.08-300x225.jpeg","type":"","width":"","height":""}],"twitter_card":"summary_large_image","twitter_misc":{"Est. reading time":"13 minutes"},"schema":{"@context":"https:\/\/schema.org","@graph":[{"@type":"WebPage","@id":"https:\/\/museo.inf.upv.es\/va\/software\/","url":"https:\/\/museo.inf.upv.es\/va\/software\/","name":"Softwareold - Web del Museo de Inform\u00e1tica 2.0","isPartOf":{"@id":"https:\/\/museo.inf.upv.es\/#website"},"primaryImageOfPage":{"@id":"https:\/\/museo.inf.upv.es\/va\/software\/#primaryimage"},"image":{"@id":"https:\/\/museo.inf.upv.es\/va\/software\/#primaryimage"},"thumbnailUrl":"https:\/\/museoinf.webs.upv.es\/wp-content\/uploads\/2021\/05\/WhatsApp-Image-2021-05-10-at-12.53.08-300x225.jpeg","datePublished":"2021-03-30T13:33:24+00:00","dateModified":"2021-05-18T15:05:38+00:00","breadcrumb":{"@id":"https:\/\/museo.inf.upv.es\/va\/software\/#breadcrumb"},"inLanguage":"va-VA","potentialAction":[{"@type":"ReadAction","target":["https:\/\/museo.inf.upv.es\/va\/software\/"]}]},{"@type":"ImageObject","inLanguage":"va-VA","@id":"https:\/\/museo.inf.upv.es\/va\/software\/#primaryimage","url":"https:\/\/museoinf.webs.upv.es\/wp-content\/uploads\/2021\/05\/WhatsApp-Image-2021-05-10-at-12.53.08-300x225.jpeg","contentUrl":"https:\/\/museoinf.webs.upv.es\/wp-content\/uploads\/2021\/05\/WhatsApp-Image-2021-05-10-at-12.53.08-300x225.jpeg"},{"@type":"BreadcrumbList","@id":"https:\/\/museo.inf.upv.es\/va\/software\/#breadcrumb","itemListElement":[{"@type":"ListItem","position":1,"name":"Portada","item":"https:\/\/museo.inf.upv.es\/"},{"@type":"ListItem","position":2,"name":"Softwareold"}]},{"@type":"WebSite","@id":"https:\/\/museo.inf.upv.es\/#website","url":"https:\/\/museo.inf.upv.es\/","name":"Web del Museo de Inform\u00e1tica 2.0","description":"Web del Museo de Inform\u00e1tica 2.0","potentialAction":[{"@type":"SearchAction","target":{"@type":"EntryPoint","urlTemplate":"https:\/\/museo.inf.upv.es\/?s={search_term_string}"},"query-input":{"@type":"PropertyValueSpecification","valueRequired":true,"valueName":"search_term_string"}}],"inLanguage":"va-VA"}]}},"_links":{"self":[{"href":"https:\/\/museo.inf.upv.es\/va\/wp-json\/wp\/v2\/pages\/176","targetHints":{"allow":["GET"]}}],"collection":[{"href":"https:\/\/museo.inf.upv.es\/va\/wp-json\/wp\/v2\/pages"}],"about":[{"href":"https:\/\/museo.inf.upv.es\/va\/wp-json\/wp\/v2\/types\/page"}],"author":[{"embeddable":true,"href":"https:\/\/museo.inf.upv.es\/va\/wp-json\/wp\/v2\/users\/1"}],"replies":[{"embeddable":true,"href":"https:\/\/museo.inf.upv.es\/va\/wp-json\/wp\/v2\/comments?post=176"}],"version-history":[{"count":96,"href":"https:\/\/museo.inf.upv.es\/va\/wp-json\/wp\/v2\/pages\/176\/revisions"}],"predecessor-version":[{"id":5764,"href":"https:\/\/museo.inf.upv.es\/va\/wp-json\/wp\/v2\/pages\/176\/revisions\/5764"}],"wp:attachment":[{"href":"https:\/\/museo.inf.upv.es\/va\/wp-json\/wp\/v2\/media?parent=176"}],"curies":[{"name":"wp","href":"https:\/\/api.w.org\/{rel}","templated":true}]}}