{"id":2067,"date":"2014-12-01T14:00:26","date_gmt":"2014-12-01T13:00:26","guid":{"rendered":"http:\/\/museo.inf.upv.es\/?page_id=2067"},"modified":"2022-06-16T13:59:18","modified_gmt":"2022-06-16T13:59:18","slug":"el-museo-te-cuenta","status":"publish","type":"page","link":"https:\/\/museo.inf.upv.es\/va\/el-museo-te-cuenta\/","title":{"rendered":"Articles Divulgatius"},"content":{"rendered":"<p>Ac\u00ed podras trobar art\u00edcles interesants i did\u00e0ctics sobre el m\u00f3n de la inform\u00e0tica i la seua hist\u00f2ria elaborats per alumnes de l&#8217;Escola T\u00e8cnica Superior d&#8217;Enginyeria Inform\u00e0tica de la Universitat Polit\u00e8cnica de Val\u00e8ncia.<\/p>\n\n\n\n<p class=\"has-text-color has-large-font-size\" style=\"color:#d1005d\">Ordinadors<\/p>\n\n\n\n<p><\/p>\n\n\n\n<div class=\"wp-block-columns has-white-background-color has-text-color has-background is-layout-flex wp-container-core-columns-is-layout-9d6595d7 wp-block-columns-is-layout-flex\" style=\"color:#d1005d\">\n<div class=\"wp-block-column is-layout-flow wp-block-column-is-layout-flow\">\n<figure class=\"wp-block-image size-large\"><a href=\"https:\/\/museoinf.webs.upv.es\/eniac-2\/\"><img loading=\"lazy\" decoding=\"async\" width=\"935\" height=\"704\" src=\"https:\/\/museoinf.webs.upv.es\/wp-content\/uploads\/2021\/05\/eniac-edited-2.jpg\" alt=\"\" class=\"wp-image-7089\" srcset=\"https:\/\/museo.inf.upv.es\/wp-content\/uploads\/2021\/05\/eniac-edited-2.jpg 935w, https:\/\/museo.inf.upv.es\/wp-content\/uploads\/2021\/05\/eniac-edited-2-300x226.jpg 300w, https:\/\/museo.inf.upv.es\/wp-content\/uploads\/2021\/05\/eniac-edited-2-768x578.jpg 768w\" sizes=\"auto, (max-width: 935px) 100vw, 935px\" \/><\/a><figcaption>ENIAC<\/figcaption><\/figure>\n\n\n\n<hr class=\"wp-block-separator has-css-opacity\"\/>\n\n\n\n<figure class=\"wp-block-image size-large\"><a href=\"https:\/\/museoinf.webs.upv.es\/amstrad_cpc-2\/\"><img loading=\"lazy\" decoding=\"async\" width=\"1031\" height=\"772\" src=\"https:\/\/museoinf.webs.upv.es\/wp-content\/uploads\/2021\/05\/Amstrad_CPC464-edited.jpg\" alt=\"\" class=\"wp-image-7080\" srcset=\"https:\/\/museo.inf.upv.es\/wp-content\/uploads\/2021\/05\/Amstrad_CPC464-edited.jpg 1031w, https:\/\/museo.inf.upv.es\/wp-content\/uploads\/2021\/05\/Amstrad_CPC464-edited-300x225.jpg 300w, https:\/\/museo.inf.upv.es\/wp-content\/uploads\/2021\/05\/Amstrad_CPC464-edited-1024x767.jpg 1024w, https:\/\/museo.inf.upv.es\/wp-content\/uploads\/2021\/05\/Amstrad_CPC464-edited-768x575.jpg 768w\" sizes=\"auto, (max-width: 1031px) 100vw, 1031px\" \/><\/a><figcaption>AMSTRAD PC<\/figcaption><\/figure>\n\n\n\n<hr class=\"wp-block-separator has-css-opacity\"\/>\n\n\n\n<figure class=\"wp-block-image size-large\"><a href=\"https:\/\/museo.inf.upv.es\/msx\/\"><img loading=\"lazy\" decoding=\"async\" width=\"2560\" height=\"1922\" src=\"https:\/\/museoinf.webs.upv.es\/wp-content\/uploads\/2021\/05\/47-msx-edited-1-scaled.jpg\" alt=\"\" class=\"wp-image-7086\" srcset=\"https:\/\/museo.inf.upv.es\/wp-content\/uploads\/2021\/05\/47-msx-edited-1-scaled.jpg 2560w, https:\/\/museo.inf.upv.es\/wp-content\/uploads\/2021\/05\/47-msx-edited-1-300x225.jpg 300w, https:\/\/museo.inf.upv.es\/wp-content\/uploads\/2021\/05\/47-msx-edited-1-1024x769.jpg 1024w, https:\/\/museo.inf.upv.es\/wp-content\/uploads\/2021\/05\/47-msx-edited-1-768x576.jpg 768w, https:\/\/museo.inf.upv.es\/wp-content\/uploads\/2021\/05\/47-msx-edited-1-1536x1153.jpg 1536w, https:\/\/museo.inf.upv.es\/wp-content\/uploads\/2021\/05\/47-msx-edited-1-2048x1537.jpg 2048w\" sizes=\"auto, (max-width: 2560px) 100vw, 2560px\" \/><\/a><figcaption>MSX<\/figcaption><\/figure>\n<\/div>\n\n\n\n<div class=\"wp-block-column is-layout-flow wp-block-column-is-layout-flow\">\n<figure class=\"wp-block-image size-large\"><a href=\"https:\/\/museoinf.webs.upv.es\/edsac\/\"><img loading=\"lazy\" decoding=\"async\" width=\"1878\" height=\"1402\" src=\"https:\/\/museoinf.webs.upv.es\/wp-content\/uploads\/2021\/05\/edsac_wilkes-edited.jpg\" alt=\"\" class=\"wp-image-7090\" srcset=\"https:\/\/museo.inf.upv.es\/wp-content\/uploads\/2021\/05\/edsac_wilkes-edited.jpg 1878w, https:\/\/museo.inf.upv.es\/wp-content\/uploads\/2021\/05\/edsac_wilkes-edited-300x224.jpg 300w, https:\/\/museo.inf.upv.es\/wp-content\/uploads\/2021\/05\/edsac_wilkes-edited-1024x764.jpg 1024w, https:\/\/museo.inf.upv.es\/wp-content\/uploads\/2021\/05\/edsac_wilkes-edited-768x573.jpg 768w, https:\/\/museo.inf.upv.es\/wp-content\/uploads\/2021\/05\/edsac_wilkes-edited-1536x1147.jpg 1536w\" sizes=\"auto, (max-width: 1878px) 100vw, 1878px\" \/><\/a><figcaption>EDSAC<\/figcaption><\/figure>\n\n\n\n<hr class=\"wp-block-separator has-css-opacity\"\/>\n\n\n\n<figure class=\"wp-block-image size-large\"><a href=\"https:\/\/museoinf.webs.upv.es\/sinclair\/\"><img loading=\"lazy\" decoding=\"async\" width=\"1399\" height=\"1046\" src=\"https:\/\/museoinf.webs.upv.es\/wp-content\/uploads\/2021\/05\/81XF1hiLxWL._SL1500_-edited.jpg\" alt=\"\" class=\"wp-image-7079\" srcset=\"https:\/\/museo.inf.upv.es\/wp-content\/uploads\/2021\/05\/81XF1hiLxWL._SL1500_-edited.jpg 1399w, https:\/\/museo.inf.upv.es\/wp-content\/uploads\/2021\/05\/81XF1hiLxWL._SL1500_-edited-300x224.jpg 300w, https:\/\/museo.inf.upv.es\/wp-content\/uploads\/2021\/05\/81XF1hiLxWL._SL1500_-edited-1024x766.jpg 1024w, https:\/\/museo.inf.upv.es\/wp-content\/uploads\/2021\/05\/81XF1hiLxWL._SL1500_-edited-768x574.jpg 768w\" sizes=\"auto, (max-width: 1399px) 100vw, 1399px\" \/><\/a><figcaption>SINCLAIR<\/figcaption><\/figure>\n\n\n\n<hr class=\"wp-block-separator has-css-opacity\"\/>\n\n\n\n<figure class=\"wp-block-image size-large\"><a href=\"https:\/\/museoinf.webs.upv.es\/apollo-guidance-computer\/\"><img loading=\"lazy\" decoding=\"async\" width=\"509\" height=\"381\" src=\"https:\/\/museoinf.webs.upv.es\/wp-content\/uploads\/2021\/05\/Agc_view-edited-2.jpg\" alt=\"\" class=\"wp-image-7085\" srcset=\"https:\/\/museo.inf.upv.es\/wp-content\/uploads\/2021\/05\/Agc_view-edited-2.jpg 509w, https:\/\/museo.inf.upv.es\/wp-content\/uploads\/2021\/05\/Agc_view-edited-2-300x225.jpg 300w\" sizes=\"auto, (max-width: 509px) 100vw, 509px\" \/><\/a><figcaption>APOLLO GUIDANCE SYSTEM<\/figcaption><\/figure>\n<\/div>\n\n\n\n<div class=\"wp-block-column is-layout-flow wp-block-column-is-layout-flow\">\n<figure class=\"wp-block-image size-large\"><a href=\"https:\/\/museoinf.webs.upv.es\/los-microordenadores-atari\/\"><img loading=\"lazy\" decoding=\"async\" width=\"440\" height=\"329\" src=\"https:\/\/museoinf.webs.upv.es\/wp-content\/uploads\/2021\/05\/00194462000145____1__640x640-e1530777382564-edited.jpg\" alt=\"\" class=\"wp-image-7091\" srcset=\"https:\/\/museo.inf.upv.es\/wp-content\/uploads\/2021\/05\/00194462000145____1__640x640-e1530777382564-edited.jpg 440w, https:\/\/museo.inf.upv.es\/wp-content\/uploads\/2021\/05\/00194462000145____1__640x640-e1530777382564-edited-300x224.jpg 300w\" sizes=\"auto, (max-width: 440px) 100vw, 440px\" \/><\/a><figcaption>ATARI<\/figcaption><\/figure>\n\n\n\n<hr class=\"wp-block-separator has-css-opacity\"\/>\n\n\n\n<figure class=\"wp-block-image size-large\"><a href=\"https:\/\/museoinf.webs.upv.es\/univac2\/\"><img loading=\"lazy\" decoding=\"async\" width=\"1086\" height=\"813\" src=\"https:\/\/museoinf.webs.upv.es\/wp-content\/uploads\/2021\/05\/univac-e1530777450775-edited.jpeg\" alt=\"\" class=\"wp-image-7076\" srcset=\"https:\/\/museo.inf.upv.es\/wp-content\/uploads\/2021\/05\/univac-e1530777450775-edited.jpeg 1086w, https:\/\/museo.inf.upv.es\/wp-content\/uploads\/2021\/05\/univac-e1530777450775-edited-300x225.jpeg 300w, https:\/\/museo.inf.upv.es\/wp-content\/uploads\/2021\/05\/univac-e1530777450775-edited-1024x767.jpeg 1024w, https:\/\/museo.inf.upv.es\/wp-content\/uploads\/2021\/05\/univac-e1530777450775-edited-768x575.jpeg 768w\" sizes=\"auto, (max-width: 1086px) 100vw, 1086px\" \/><\/a><figcaption>UNIVAC<\/figcaption><\/figure>\n\n\n\n<hr class=\"wp-block-separator has-css-opacity\"\/>\n\n\n\n<figure class=\"wp-block-image size-full\"><a href=\"https:\/\/museoinf.webs.upv.es\/ibm-system-34\/\"><img loading=\"lazy\" decoding=\"async\" width=\"1024\" height=\"768\" src=\"https:\/\/museoinf.webs.upv.es\/wp-content\/uploads\/2021\/04\/figExtra31.jpg\" alt=\"\" class=\"wp-image-2120\" srcset=\"https:\/\/museo.inf.upv.es\/wp-content\/uploads\/2021\/04\/figExtra31.jpg 1024w, https:\/\/museo.inf.upv.es\/wp-content\/uploads\/2021\/04\/figExtra31-300x225.jpg 300w, https:\/\/museo.inf.upv.es\/wp-content\/uploads\/2021\/04\/figExtra31-768x576.jpg 768w\" sizes=\"auto, (max-width: 1024px) 100vw, 1024px\" \/><\/a><figcaption>IBM SYSTEM 34<\/figcaption><\/figure>\n<\/div>\n<\/div>\n\n\n\n<p class=\"has-text-color has-large-font-size\" style=\"color:#d1005d\">Calculadores<\/p>\n\n\n\n<div class=\"wp-block-columns has-white-background-color has-text-color has-background is-layout-flex wp-container-core-columns-is-layout-9d6595d7 wp-block-columns-is-layout-flex\" style=\"color:#d1005d\">\n<div class=\"wp-block-column is-layout-flow wp-block-column-is-layout-flow\">\n<figure class=\"wp-block-image size-full\"><a href=\"https:\/\/museoinf.webs.upv.es\/el-comptometro\/\"><img loading=\"lazy\" decoding=\"async\" width=\"228\" height=\"228\" src=\"https:\/\/museoinf.webs.upv.es\/wp-content\/uploads\/2021\/05\/m-1-1-edited-2.jpg\" alt=\"\" class=\"wp-image-7113\" srcset=\"https:\/\/museo.inf.upv.es\/wp-content\/uploads\/2021\/05\/m-1-1-edited-2.jpg 228w, https:\/\/museo.inf.upv.es\/wp-content\/uploads\/2021\/05\/m-1-1-edited-2-150x150.jpg 150w\" sizes=\"auto, (max-width: 228px) 100vw, 228px\" \/><\/a><figcaption>COMPT\u00d3METRO<\/figcaption><\/figure>\n\n\n\n<figure class=\"wp-block-image size-medium\"><a href=\"https:\/\/museoinf.webs.upv.es\/aritmometroscratch\/\"><img loading=\"lazy\" decoding=\"async\" width=\"300\" height=\"300\" src=\"https:\/\/museoinf.webs.upv.es\/wp-content\/uploads\/2021\/05\/Aritmometro-edited-1-300x300.png\" alt=\"\" class=\"wp-image-7105\" srcset=\"https:\/\/museo.inf.upv.es\/wp-content\/uploads\/2021\/05\/Aritmometro-edited-1-300x300.png 300w, https:\/\/museo.inf.upv.es\/wp-content\/uploads\/2021\/05\/Aritmometro-edited-1-150x150.png 150w, https:\/\/museo.inf.upv.es\/wp-content\/uploads\/2021\/05\/Aritmometro-edited-1-768x769.png 768w, https:\/\/museo.inf.upv.es\/wp-content\/uploads\/2021\/05\/Aritmometro-edited-1-400x400.png 400w, https:\/\/museo.inf.upv.es\/wp-content\/uploads\/2021\/05\/Aritmometro-edited-1.png 865w\" sizes=\"auto, (max-width: 300px) 100vw, 300px\" \/><\/a><figcaption>ARITMOMETRE<\/figcaption><\/figure>\n\n\n\n<figure class=\"wp-block-image size-medium\"><a href=\"https:\/\/museoinf.webs.upv.es\/diseno-e-implementacion-de-antiguas-calculadoras-olivetti-con-scratch\/\"><img loading=\"lazy\" decoding=\"async\" width=\"300\" height=\"225\" src=\"https:\/\/museoinf.webs.upv.es\/wp-content\/uploads\/2021\/04\/Olivetti_summa_prima_20-300x225.jpg\" alt=\"\" class=\"wp-image-2124\" srcset=\"https:\/\/museo.inf.upv.es\/wp-content\/uploads\/2021\/04\/Olivetti_summa_prima_20-300x225.jpg 300w, https:\/\/museo.inf.upv.es\/wp-content\/uploads\/2021\/04\/Olivetti_summa_prima_20-1024x768.jpg 1024w, https:\/\/museo.inf.upv.es\/wp-content\/uploads\/2021\/04\/Olivetti_summa_prima_20-768x576.jpg 768w, https:\/\/museo.inf.upv.es\/wp-content\/uploads\/2021\/04\/Olivetti_summa_prima_20-1536x1152.jpg 1536w, https:\/\/museo.inf.upv.es\/wp-content\/uploads\/2021\/04\/Olivetti_summa_prima_20.jpg 1600w\" sizes=\"auto, (max-width: 300px) 100vw, 300px\" \/><\/a><figcaption>CALCULADORAS OLIVETTI CON SCRATCH<\/figcaption><\/figure>\n<\/div>\n\n\n\n<div class=\"wp-block-column is-vertically-aligned-top is-layout-flow wp-block-column-is-layout-flow\">\n<figure class=\"wp-block-image size-full\"><a href=\"https:\/\/museoinf.webs.upv.es\/relojcalculante\/\"><img loading=\"lazy\" decoding=\"async\" width=\"300\" height=\"300\" src=\"https:\/\/museoinf.webs.upv.es\/wp-content\/uploads\/2021\/04\/reloj_calculante.jpg\" alt=\"\" class=\"wp-image-2127\" srcset=\"https:\/\/museo.inf.upv.es\/wp-content\/uploads\/2021\/04\/reloj_calculante.jpg 300w, https:\/\/museo.inf.upv.es\/wp-content\/uploads\/2021\/04\/reloj_calculante-150x150.jpg 150w\" sizes=\"auto, (max-width: 300px) 100vw, 300px\" \/><\/a><figcaption>RELLOTGE CALCULANT DE WILHELM SCHICKARD<\/figcaption><\/figure>\n\n\n\n<figure class=\"wp-block-image size-medium\"><a href=\"https:\/\/museoinf.webs.upv.es\/programma-101-4\/\"><img loading=\"lazy\" decoding=\"async\" width=\"300\" height=\"300\" src=\"https:\/\/museoinf.webs.upv.es\/wp-content\/uploads\/2021\/05\/Programma-e1530777621535-edited-1.jpg\" alt=\"\" class=\"wp-image-7117\" srcset=\"https:\/\/museo.inf.upv.es\/wp-content\/uploads\/2021\/05\/Programma-e1530777621535-edited-1.jpg 300w, https:\/\/museo.inf.upv.es\/wp-content\/uploads\/2021\/05\/Programma-e1530777621535-edited-1-150x150.jpg 150w\" sizes=\"auto, (max-width: 300px) 100vw, 300px\" \/><\/a><figcaption>PROGRAMMA 101<\/figcaption><\/figure>\n<\/div>\n\n\n\n<div class=\"wp-block-column is-vertically-aligned-top is-layout-flow wp-block-column-is-layout-flow\">\n<figure class=\"wp-block-image size-full\"><a href=\"https:\/\/museoinf.webs.upv.es\/calculadora_tipo_leibniz\/\"><img loading=\"lazy\" decoding=\"async\" width=\"500\" height=\"500\" src=\"https:\/\/museoinf.webs.upv.es\/wp-content\/uploads\/2021\/04\/minerva_min.jpg\" alt=\"\" class=\"wp-image-2122\" srcset=\"https:\/\/museo.inf.upv.es\/wp-content\/uploads\/2021\/04\/minerva_min.jpg 500w, https:\/\/museo.inf.upv.es\/wp-content\/uploads\/2021\/04\/minerva_min-300x300.jpg 300w, https:\/\/museo.inf.upv.es\/wp-content\/uploads\/2021\/04\/minerva_min-150x150.jpg 150w\" sizes=\"auto, (max-width: 500px) 100vw, 500px\" \/><\/a><figcaption>CALCULADORA TIPO LEIBNIZ<\/figcaption><\/figure>\n\n\n\n<figure class=\"wp-block-image size-large\"><a href=\"https:\/\/museoinf.webs.upv.es\/el-abaco\/\"><img loading=\"lazy\" decoding=\"async\" width=\"224\" height=\"225\" src=\"https:\/\/museoinf.webs.upv.es\/wp-content\/uploads\/2021\/05\/abaco-china-suan-pan-edited.gif\" alt=\"\" class=\"wp-image-7102\"\/><\/a><figcaption>L\u2019\u00c0BACUS<\/figcaption><\/figure>\n<\/div>\n<\/div>\n\n\n\n<p><\/p>","protected":false},"excerpt":{"rendered":"<p>Ac\u00ed podras trobar art\u00edcles interesants i did\u00e0ctics sobre el m\u00f3n de la inform\u00e0tica i la seua hist\u00f2ria elaborats per alumnes de l&#8217;Escola T\u00e8cnica Superior d&#8217;Enginyeria Inform\u00e0tica de la Universitat Polit\u00e8cnica de Val\u00e8ncia. Ordinadors Calculadores<\/p>\n","protected":false},"author":1,"featured_media":0,"parent":0,"menu_order":0,"comment_status":"closed","ping_status":"closed","template":"","meta":{"_monsterinsights_skip_tracking":false,"_monsterinsights_sitenote_active":false,"_monsterinsights_sitenote_note":"","_monsterinsights_sitenote_category":0,"footnotes":""},"class_list":["post-2067","page","type-page","status-publish","hentry","post"],"yoast_head":"<!-- This site is optimized with the Yoast SEO plugin v27.3 - https:\/\/yoast.com\/product\/yoast-seo-wordpress\/ -->\n<title>Articles Divulgatius - Web del Museo de Inform\u00e1tica 2.0<\/title>\n<meta name=\"robots\" content=\"index, follow, max-snippet:-1, max-image-preview:large, max-video-preview:-1\" \/>\n<link rel=\"canonical\" href=\"https:\/\/museo.inf.upv.es\/el-museo-te-cuenta\/\" \/>\n<meta property=\"og:locale\" content=\"en_US\" \/>\n<meta property=\"og:type\" content=\"article\" \/>\n<meta property=\"og:title\" content=\"Articles Divulgatius - Web del Museo de Inform\u00e1tica 2.0\" \/>\n<meta property=\"og:description\" content=\"Ac\u00ed podras trobar art\u00edcles interesants i did\u00e0ctics sobre el m\u00f3n de la inform\u00e0tica i la seua hist\u00f2ria elaborats per alumnes de l&#8217;Escola T\u00e8cnica Superior d&#8217;Enginyeria Inform\u00e0tica de la Universitat Polit\u00e8cnica de Val\u00e8ncia. Ordinadors Calculadores\" \/>\n<meta property=\"og:url\" content=\"https:\/\/museo.inf.upv.es\/el-museo-te-cuenta\/\" \/>\n<meta property=\"og:site_name\" content=\"Web del Museo de Inform\u00e1tica 2.0\" \/>\n<meta property=\"article:modified_time\" content=\"2022-06-16T13:59:18+00:00\" \/>\n<meta property=\"og:image\" content=\"https:\/\/museoinf.webs.upv.es\/wp-content\/uploads\/2021\/05\/eniac-edited-2.jpg\" \/>\n<meta name=\"twitter:card\" content=\"summary_large_image\" \/>\n<meta name=\"twitter:label1\" content=\"Est. reading time\" \/>\n\t<meta name=\"twitter:data1\" content=\"4 minutes\" \/>\n<script type=\"application\/ld+json\" class=\"yoast-schema-graph\">{\"@context\":\"https:\\\/\\\/schema.org\",\"@graph\":[{\"@type\":\"WebPage\",\"@id\":\"https:\\\/\\\/museo.inf.upv.es\\\/el-museo-te-cuenta\\\/\",\"url\":\"https:\\\/\\\/museo.inf.upv.es\\\/el-museo-te-cuenta\\\/\",\"name\":\"Articles Divulgatius - Web del Museo de Inform\u00e1tica 2.0\",\"isPartOf\":{\"@id\":\"https:\\\/\\\/museo.inf.upv.es\\\/#website\"},\"primaryImageOfPage\":{\"@id\":\"https:\\\/\\\/museo.inf.upv.es\\\/el-museo-te-cuenta\\\/#primaryimage\"},\"image\":{\"@id\":\"https:\\\/\\\/museo.inf.upv.es\\\/el-museo-te-cuenta\\\/#primaryimage\"},\"thumbnailUrl\":\"https:\\\/\\\/museoinf.webs.upv.es\\\/wp-content\\\/uploads\\\/2021\\\/05\\\/eniac-edited-2.jpg\",\"datePublished\":\"2014-12-01T13:00:26+00:00\",\"dateModified\":\"2022-06-16T13:59:18+00:00\",\"breadcrumb\":{\"@id\":\"https:\\\/\\\/museo.inf.upv.es\\\/el-museo-te-cuenta\\\/#breadcrumb\"},\"inLanguage\":\"va-VA\",\"potentialAction\":[{\"@type\":\"ReadAction\",\"target\":[\"https:\\\/\\\/museo.inf.upv.es\\\/el-museo-te-cuenta\\\/\"]}]},{\"@type\":\"ImageObject\",\"inLanguage\":\"va-VA\",\"@id\":\"https:\\\/\\\/museo.inf.upv.es\\\/el-museo-te-cuenta\\\/#primaryimage\",\"url\":\"https:\\\/\\\/museoinf.webs.upv.es\\\/wp-content\\\/uploads\\\/2021\\\/05\\\/eniac-edited-2.jpg\",\"contentUrl\":\"https:\\\/\\\/museoinf.webs.upv.es\\\/wp-content\\\/uploads\\\/2021\\\/05\\\/eniac-edited-2.jpg\"},{\"@type\":\"BreadcrumbList\",\"@id\":\"https:\\\/\\\/museo.inf.upv.es\\\/el-museo-te-cuenta\\\/#breadcrumb\",\"itemListElement\":[{\"@type\":\"ListItem\",\"position\":1,\"name\":\"Portada\",\"item\":\"https:\\\/\\\/museo.inf.upv.es\\\/\"},{\"@type\":\"ListItem\",\"position\":2,\"name\":\"Art\u00edculos Divulgativos\"}]},{\"@type\":\"WebSite\",\"@id\":\"https:\\\/\\\/museo.inf.upv.es\\\/#website\",\"url\":\"https:\\\/\\\/museo.inf.upv.es\\\/\",\"name\":\"Web del Museo de Inform\u00e1tica 2.0\",\"description\":\"Web del Museo de Inform\u00e1tica 2.0\",\"potentialAction\":[{\"@type\":\"SearchAction\",\"target\":{\"@type\":\"EntryPoint\",\"urlTemplate\":\"https:\\\/\\\/museo.inf.upv.es\\\/?s={search_term_string}\"},\"query-input\":{\"@type\":\"PropertyValueSpecification\",\"valueRequired\":true,\"valueName\":\"search_term_string\"}}],\"inLanguage\":\"va-VA\"}]}<\/script>\n<!-- \/ Yoast SEO plugin. -->","yoast_head_json":{"title":"Articles Divulgatius - Web del Museo de Inform\u00e1tica 2.0","robots":{"index":"index","follow":"follow","max-snippet":"max-snippet:-1","max-image-preview":"max-image-preview:large","max-video-preview":"max-video-preview:-1"},"canonical":"https:\/\/museo.inf.upv.es\/el-museo-te-cuenta\/","og_locale":"en_US","og_type":"article","og_title":"Articles Divulgatius - Web del Museo de Inform\u00e1tica 2.0","og_description":"Ac\u00ed podras trobar art\u00edcles interesants i did\u00e0ctics sobre el m\u00f3n de la inform\u00e0tica i la seua hist\u00f2ria elaborats per alumnes de l&#8217;Escola T\u00e8cnica Superior d&#8217;Enginyeria Inform\u00e0tica de la Universitat Polit\u00e8cnica de Val\u00e8ncia. Ordinadors Calculadores","og_url":"https:\/\/museo.inf.upv.es\/el-museo-te-cuenta\/","og_site_name":"Web del Museo de Inform\u00e1tica 2.0","article_modified_time":"2022-06-16T13:59:18+00:00","og_image":[{"url":"https:\/\/museoinf.webs.upv.es\/wp-content\/uploads\/2021\/05\/eniac-edited-2.jpg","type":"","width":"","height":""}],"twitter_card":"summary_large_image","twitter_misc":{"Est. reading time":"4 minutes"},"schema":{"@context":"https:\/\/schema.org","@graph":[{"@type":"WebPage","@id":"https:\/\/museo.inf.upv.es\/el-museo-te-cuenta\/","url":"https:\/\/museo.inf.upv.es\/el-museo-te-cuenta\/","name":"Articles Divulgatius - Web del Museo de Inform\u00e1tica 2.0","isPartOf":{"@id":"https:\/\/museo.inf.upv.es\/#website"},"primaryImageOfPage":{"@id":"https:\/\/museo.inf.upv.es\/el-museo-te-cuenta\/#primaryimage"},"image":{"@id":"https:\/\/museo.inf.upv.es\/el-museo-te-cuenta\/#primaryimage"},"thumbnailUrl":"https:\/\/museoinf.webs.upv.es\/wp-content\/uploads\/2021\/05\/eniac-edited-2.jpg","datePublished":"2014-12-01T13:00:26+00:00","dateModified":"2022-06-16T13:59:18+00:00","breadcrumb":{"@id":"https:\/\/museo.inf.upv.es\/el-museo-te-cuenta\/#breadcrumb"},"inLanguage":"va-VA","potentialAction":[{"@type":"ReadAction","target":["https:\/\/museo.inf.upv.es\/el-museo-te-cuenta\/"]}]},{"@type":"ImageObject","inLanguage":"va-VA","@id":"https:\/\/museo.inf.upv.es\/el-museo-te-cuenta\/#primaryimage","url":"https:\/\/museoinf.webs.upv.es\/wp-content\/uploads\/2021\/05\/eniac-edited-2.jpg","contentUrl":"https:\/\/museoinf.webs.upv.es\/wp-content\/uploads\/2021\/05\/eniac-edited-2.jpg"},{"@type":"BreadcrumbList","@id":"https:\/\/museo.inf.upv.es\/el-museo-te-cuenta\/#breadcrumb","itemListElement":[{"@type":"ListItem","position":1,"name":"Portada","item":"https:\/\/museo.inf.upv.es\/"},{"@type":"ListItem","position":2,"name":"Art\u00edculos Divulgativos"}]},{"@type":"WebSite","@id":"https:\/\/museo.inf.upv.es\/#website","url":"https:\/\/museo.inf.upv.es\/","name":"Web del Museo de Inform\u00e1tica 2.0","description":"Web del Museo de Inform\u00e1tica 2.0","potentialAction":[{"@type":"SearchAction","target":{"@type":"EntryPoint","urlTemplate":"https:\/\/museo.inf.upv.es\/?s={search_term_string}"},"query-input":{"@type":"PropertyValueSpecification","valueRequired":true,"valueName":"search_term_string"}}],"inLanguage":"va-VA"}]}},"_links":{"self":[{"href":"https:\/\/museo.inf.upv.es\/va\/wp-json\/wp\/v2\/pages\/2067","targetHints":{"allow":["GET"]}}],"collection":[{"href":"https:\/\/museo.inf.upv.es\/va\/wp-json\/wp\/v2\/pages"}],"about":[{"href":"https:\/\/museo.inf.upv.es\/va\/wp-json\/wp\/v2\/types\/page"}],"author":[{"embeddable":true,"href":"https:\/\/museo.inf.upv.es\/va\/wp-json\/wp\/v2\/users\/1"}],"replies":[{"embeddable":true,"href":"https:\/\/museo.inf.upv.es\/va\/wp-json\/wp\/v2\/comments?post=2067"}],"version-history":[{"count":148,"href":"https:\/\/museo.inf.upv.es\/va\/wp-json\/wp\/v2\/pages\/2067\/revisions"}],"predecessor-version":[{"id":10684,"href":"https:\/\/museo.inf.upv.es\/va\/wp-json\/wp\/v2\/pages\/2067\/revisions\/10684"}],"wp:attachment":[{"href":"https:\/\/museo.inf.upv.es\/va\/wp-json\/wp\/v2\/media?parent=2067"}],"curies":[{"name":"wp","href":"https:\/\/api.w.org\/{rel}","templated":true}]}}