{"id":2487,"date":"2016-09-08T11:59:48","date_gmt":"2021-04-15T20:58:07","guid":{"rendered":"https:\/\/museoupdating.webs.upv.es\/nuevaweb\/?page_id=2487"},"modified":"2021-05-25T16:05:50","modified_gmt":"2021-05-25T16:05:50","slug":"relojcalculante","status":"publish","type":"page","link":"https:\/\/museo.inf.upv.es\/va\/relojcalculante\/","title":{"rendered":"(Espa\u00f1ol) Reloj Calculante de Wilhelm Schickard"},"content":{"rendered":"<p class=\"qtranxs-available-languages-message qtranxs-available-languages-message-va\">Ho sentim, aquesta entrada nom\u00e9s es troba disponible en <a href=\"https:\/\/museo.inf.upv.es\/es\/wp-json\/wp\/v2\/pages\/2487\" class=\"qtranxs-available-language-link qtranxs-available-language-link-es\" title=\"Espa\u00f1ol\">Espa\u00f1ol<\/a> and <a href=\"https:\/\/museo.inf.upv.es\/en\/wp-json\/wp\/v2\/pages\/2487\" class=\"qtranxs-available-language-link qtranxs-available-language-link-en\" title=\"English\">English<\/a>.<\/p>","protected":false},"excerpt":{"rendered":"<p>Ho sentim, aquesta entrada nom\u00e9s es troba disponible en Espa\u00f1ol and English.<\/p>\n","protected":false},"author":2,"featured_media":0,"parent":0,"menu_order":0,"comment_status":"closed","ping_status":"closed","template":"","meta":{"_monsterinsights_skip_tracking":false,"_monsterinsights_sitenote_active":false,"_monsterinsights_sitenote_note":"","_monsterinsights_sitenote_category":0,"footnotes":""},"class_list":["post-2487","page","type-page","status-publish","hentry","post"],"yoast_head":"<!-- This site is optimized with the Yoast SEO plugin v27.3 - https:\/\/yoast.com\/product\/yoast-seo-wordpress\/ -->\n<title>(Espa\u00f1ol) Reloj Calculante de Wilhelm Schickard - Web del Museo de Inform\u00e1tica 2.0<\/title>\n<meta name=\"robots\" content=\"index, follow, max-snippet:-1, max-image-preview:large, max-video-preview:-1\" \/>\n<link rel=\"canonical\" href=\"https:\/\/museo.inf.upv.es\/en\/relojcalculante\/\" \/>\n<meta property=\"og:locale\" content=\"en_US\" \/>\n<meta property=\"og:type\" content=\"article\" \/>\n<meta property=\"og:title\" content=\"(Espa\u00f1ol) Reloj Calculante de Wilhelm Schickard - Web del Museo de Inform\u00e1tica 2.0\" \/>\n<meta property=\"og:description\" content=\"Ho sentim, aquesta entrada nom\u00e9s es troba disponible en Espa\u00f1ol and English.\" \/>\n<meta property=\"og:url\" content=\"https:\/\/museo.inf.upv.es\/en\/relojcalculante\/\" \/>\n<meta property=\"og:site_name\" content=\"Web del Museo de Inform\u00e1tica 2.0\" \/>\n<meta property=\"article:modified_time\" content=\"2021-05-25T16:05:50+00:00\" \/>\n<meta name=\"twitter:card\" content=\"summary_large_image\" \/>\n<meta name=\"twitter:label1\" content=\"Est. reading time\" \/>\n\t<meta name=\"twitter:data1\" content=\"4 minutes\" \/>\n<script type=\"application\/ld+json\" class=\"yoast-schema-graph\">{\"@context\":\"https:\\\/\\\/schema.org\",\"@graph\":[{\"@type\":\"WebPage\",\"@id\":\"https:\\\/\\\/museo.inf.upv.es\\\/en\\\/relojcalculante\\\/\",\"url\":\"https:\\\/\\\/museo.inf.upv.es\\\/en\\\/relojcalculante\\\/\",\"name\":\"(Espa\u00f1ol) Reloj Calculante de Wilhelm Schickard - Web del Museo de Inform\u00e1tica 2.0\",\"isPartOf\":{\"@id\":\"https:\\\/\\\/museo.inf.upv.es\\\/#website\"},\"datePublished\":\"2021-04-15T20:58:07+00:00\",\"dateModified\":\"2021-05-25T16:05:50+00:00\",\"breadcrumb\":{\"@id\":\"https:\\\/\\\/museo.inf.upv.es\\\/en\\\/relojcalculante\\\/#breadcrumb\"},\"inLanguage\":\"va-VA\",\"potentialAction\":[{\"@type\":\"ReadAction\",\"target\":[\"https:\\\/\\\/museo.inf.upv.es\\\/en\\\/relojcalculante\\\/\"]}]},{\"@type\":\"BreadcrumbList\",\"@id\":\"https:\\\/\\\/museo.inf.upv.es\\\/en\\\/relojcalculante\\\/#breadcrumb\",\"itemListElement\":[{\"@type\":\"ListItem\",\"position\":1,\"name\":\"Portada\",\"item\":\"https:\\\/\\\/museo.inf.upv.es\\\/\"},{\"@type\":\"ListItem\",\"position\":2,\"name\":\"Wilhelm Schickard\u2019s calculating clock\"}]},{\"@type\":\"WebSite\",\"@id\":\"https:\\\/\\\/museo.inf.upv.es\\\/#website\",\"url\":\"https:\\\/\\\/museo.inf.upv.es\\\/\",\"name\":\"Web del Museo de Inform\u00e1tica 2.0\",\"description\":\"Web del Museo de Inform\u00e1tica 2.0\",\"potentialAction\":[{\"@type\":\"SearchAction\",\"target\":{\"@type\":\"EntryPoint\",\"urlTemplate\":\"https:\\\/\\\/museo.inf.upv.es\\\/?s={search_term_string}\"},\"query-input\":{\"@type\":\"PropertyValueSpecification\",\"valueRequired\":true,\"valueName\":\"search_term_string\"}}],\"inLanguage\":\"va-VA\"}]}<\/script>\n<!-- \/ Yoast SEO plugin. -->","yoast_head_json":{"title":"(Espa\u00f1ol) Reloj Calculante de Wilhelm Schickard - Web del Museo de Inform\u00e1tica 2.0","robots":{"index":"index","follow":"follow","max-snippet":"max-snippet:-1","max-image-preview":"max-image-preview:large","max-video-preview":"max-video-preview:-1"},"canonical":"https:\/\/museo.inf.upv.es\/en\/relojcalculante\/","og_locale":"en_US","og_type":"article","og_title":"(Espa\u00f1ol) Reloj Calculante de Wilhelm Schickard - Web del Museo de Inform\u00e1tica 2.0","og_description":"Ho sentim, aquesta entrada nom\u00e9s es troba disponible en Espa\u00f1ol and English.","og_url":"https:\/\/museo.inf.upv.es\/en\/relojcalculante\/","og_site_name":"Web del Museo de Inform\u00e1tica 2.0","article_modified_time":"2021-05-25T16:05:50+00:00","twitter_card":"summary_large_image","twitter_misc":{"Est. reading time":"4 minutes"},"schema":{"@context":"https:\/\/schema.org","@graph":[{"@type":"WebPage","@id":"https:\/\/museo.inf.upv.es\/en\/relojcalculante\/","url":"https:\/\/museo.inf.upv.es\/en\/relojcalculante\/","name":"(Espa\u00f1ol) Reloj Calculante de Wilhelm Schickard - Web del Museo de Inform\u00e1tica 2.0","isPartOf":{"@id":"https:\/\/museo.inf.upv.es\/#website"},"datePublished":"2021-04-15T20:58:07+00:00","dateModified":"2021-05-25T16:05:50+00:00","breadcrumb":{"@id":"https:\/\/museo.inf.upv.es\/en\/relojcalculante\/#breadcrumb"},"inLanguage":"va-VA","potentialAction":[{"@type":"ReadAction","target":["https:\/\/museo.inf.upv.es\/en\/relojcalculante\/"]}]},{"@type":"BreadcrumbList","@id":"https:\/\/museo.inf.upv.es\/en\/relojcalculante\/#breadcrumb","itemListElement":[{"@type":"ListItem","position":1,"name":"Portada","item":"https:\/\/museo.inf.upv.es\/"},{"@type":"ListItem","position":2,"name":"Wilhelm Schickard\u2019s calculating clock"}]},{"@type":"WebSite","@id":"https:\/\/museo.inf.upv.es\/#website","url":"https:\/\/museo.inf.upv.es\/","name":"Web del Museo de Inform\u00e1tica 2.0","description":"Web del Museo de Inform\u00e1tica 2.0","potentialAction":[{"@type":"SearchAction","target":{"@type":"EntryPoint","urlTemplate":"https:\/\/museo.inf.upv.es\/?s={search_term_string}"},"query-input":{"@type":"PropertyValueSpecification","valueRequired":true,"valueName":"search_term_string"}}],"inLanguage":"va-VA"}]}},"_links":{"self":[{"href":"https:\/\/museo.inf.upv.es\/va\/wp-json\/wp\/v2\/pages\/2487","targetHints":{"allow":["GET"]}}],"collection":[{"href":"https:\/\/museo.inf.upv.es\/va\/wp-json\/wp\/v2\/pages"}],"about":[{"href":"https:\/\/museo.inf.upv.es\/va\/wp-json\/wp\/v2\/types\/page"}],"author":[{"embeddable":true,"href":"https:\/\/museo.inf.upv.es\/va\/wp-json\/wp\/v2\/users\/2"}],"replies":[{"embeddable":true,"href":"https:\/\/museo.inf.upv.es\/va\/wp-json\/wp\/v2\/comments?post=2487"}],"version-history":[{"count":29,"href":"https:\/\/museo.inf.upv.es\/va\/wp-json\/wp\/v2\/pages\/2487\/revisions"}],"predecessor-version":[{"id":7518,"href":"https:\/\/museo.inf.upv.es\/va\/wp-json\/wp\/v2\/pages\/2487\/revisions\/7518"}],"wp:attachment":[{"href":"https:\/\/museo.inf.upv.es\/va\/wp-json\/wp\/v2\/media?parent=2487"}],"curies":[{"name":"wp","href":"https:\/\/api.w.org\/{rel}","templated":true}]}}