{"id":2858,"date":"2012-11-12T11:32:18","date_gmt":"2012-11-12T11:32:18","guid":{"rendered":"http:\/\/museo.inf.upv.es\/?page_id=33"},"modified":"2022-04-28T09:20:20","modified_gmt":"2022-04-28T09:20:20","slug":"contacto","status":"publish","type":"page","link":"https:\/\/museo.inf.upv.es\/va\/contacto\/","title":{"rendered":"Contacte"},"content":{"rendered":"<p><\/p>\n<p style=\"text-align: left;\"><a href=\"http:\/\/www.upv.es\/plano\/plano-2d-es.html\"><img loading=\"lazy\" decoding=\"async\" class=\"wp-image-61 alignright\" title=\"Mapa Museo\" src=\"https:\/\/museoinf.webs.upv.es\/wp-content\/uploads\/2012\/11\/mapa-copia.png\" alt=\"\" width=\"568\" height=\"259\" \/><\/a><br \/>\n<strong>Museu de Inform\u00e0tica<\/strong><br \/>\nEscola T\u00e8cnica Superior d&#8217;Enginyeria Inform\u00e0tica<br \/>\nUniversitat Polit\u00e8cnica de Val\u00e8ncia<br \/>\nCam\u00ed de Vera, s\/n<br \/>\n46022 Val\u00e8ncia<\/p>\n<p>Dilluns a Divendres de 9:00h a 20:00h, Dissabtes de 9:00h a 14:00h<\/p>\n<p style=\"text-align: left;\">Tel\u00e8fon: 96 387 7200<br \/>\nP\u00e0gina web: <a href=\"http:\/\/museu.inf.upv.es\">http:\/\/museu.inf.upv.es<\/a><br \/>\nCorreu electr\u00f2nic: info.museu @ etsinf.upv.es<\/p>\n<p><center><iframe loading=\"lazy\" style=\"border: 0;\" src=\"https:\/\/www.google.com\/maps\/embed?pb=!1m14!1m8!1m3!1d384.92622232852204!2d-0.3480101724079803!3d39.482660692977596!3m2!1i1024!2i768!4f13.1!3m3!1m2!1s0xd60489cef665ba7%3A0x8a1e46e245ec0ed9!2sMuseo+de+Inform%C3%A1tica+ETSINF!5e0!3m2!1ses!2s!4v1410791849160\" width=\"600\" height=\"450\" frameborder=\"0\"><\/iframe><\/center><\/p>","protected":false},"excerpt":{"rendered":"<p>Museu de Inform\u00e0tica Escola T\u00e8cnica Superior d&#8217;Enginyeria Inform\u00e0tica Universitat Polit\u00e8cnica de Val\u00e8ncia Cam\u00ed de Vera, s\/n 46022 Val\u00e8ncia Dilluns a Divendres de 9:00h a 20:00h, Dissabtes de 9:00h a 14:00h Tel\u00e8fon: 96 387 7200 P\u00e0gina web: http:\/\/museu.inf.upv.es Correu electr\u00f2nic: info.museu @ etsinf.upv.es<\/p>\n","protected":false},"author":2,"featured_media":0,"parent":0,"menu_order":90,"comment_status":"closed","ping_status":"closed","template":"","meta":{"_monsterinsights_skip_tracking":false,"_monsterinsights_sitenote_active":false,"_monsterinsights_sitenote_note":"","_monsterinsights_sitenote_category":0,"footnotes":""},"class_list":["post-2858","page","type-page","status-publish","hentry","post"],"yoast_head":"<!-- This site is optimized with the Yoast SEO plugin v27.3 - https:\/\/yoast.com\/product\/yoast-seo-wordpress\/ -->\n<title>Contacte - Web del Museo de Inform\u00e1tica 2.0<\/title>\n<meta name=\"robots\" content=\"index, follow, max-snippet:-1, max-image-preview:large, max-video-preview:-1\" \/>\n<link rel=\"canonical\" href=\"https:\/\/museo.inf.upv.es\/contacto\/\" \/>\n<meta property=\"og:locale\" content=\"en_US\" \/>\n<meta property=\"og:type\" content=\"article\" \/>\n<meta property=\"og:title\" content=\"Contacte - Web del Museo de Inform\u00e1tica 2.0\" \/>\n<meta property=\"og:description\" content=\"Museu de Inform\u00e0tica Escola T\u00e8cnica Superior d&#8217;Enginyeria Inform\u00e0tica Universitat Polit\u00e8cnica de Val\u00e8ncia Cam\u00ed de Vera, s\/n 46022 Val\u00e8ncia Dilluns a Divendres de 9:00h a 20:00h, Dissabtes de 9:00h a 14:00h Tel\u00e8fon: 96 387 7200 P\u00e0gina web: http:\/\/museu.inf.upv.es Correu electr\u00f2nic: info.museu @ etsinf.upv.es\" \/>\n<meta property=\"og:url\" content=\"https:\/\/museo.inf.upv.es\/contacto\/\" \/>\n<meta property=\"og:site_name\" content=\"Web del Museo de Inform\u00e1tica 2.0\" \/>\n<meta property=\"article:modified_time\" content=\"2022-04-28T09:20:20+00:00\" \/>\n<meta property=\"og:image\" content=\"https:\/\/museoinf.webs.upv.es\/wp-content\/uploads\/2012\/11\/mapa-copia.png\" \/>\n<meta name=\"twitter:card\" content=\"summary_large_image\" \/>\n<meta name=\"twitter:label1\" content=\"Est. reading time\" \/>\n\t<meta name=\"twitter:data1\" content=\"2 minutes\" \/>\n<script type=\"application\/ld+json\" class=\"yoast-schema-graph\">{\"@context\":\"https:\\\/\\\/schema.org\",\"@graph\":[{\"@type\":\"WebPage\",\"@id\":\"https:\\\/\\\/museo.inf.upv.es\\\/contacto\\\/\",\"url\":\"https:\\\/\\\/museo.inf.upv.es\\\/contacto\\\/\",\"name\":\"Contacte - Web del Museo de Inform\u00e1tica 2.0\",\"isPartOf\":{\"@id\":\"https:\\\/\\\/museo.inf.upv.es\\\/#website\"},\"primaryImageOfPage\":{\"@id\":\"https:\\\/\\\/museo.inf.upv.es\\\/contacto\\\/#primaryimage\"},\"image\":{\"@id\":\"https:\\\/\\\/museo.inf.upv.es\\\/contacto\\\/#primaryimage\"},\"thumbnailUrl\":\"https:\\\/\\\/museoinf.webs.upv.es\\\/wp-content\\\/uploads\\\/2012\\\/11\\\/mapa-copia.png\",\"datePublished\":\"2012-11-12T11:32:18+00:00\",\"dateModified\":\"2022-04-28T09:20:20+00:00\",\"breadcrumb\":{\"@id\":\"https:\\\/\\\/museo.inf.upv.es\\\/contacto\\\/#breadcrumb\"},\"inLanguage\":\"va-VA\",\"potentialAction\":[{\"@type\":\"ReadAction\",\"target\":[\"https:\\\/\\\/museo.inf.upv.es\\\/contacto\\\/\"]}]},{\"@type\":\"ImageObject\",\"inLanguage\":\"va-VA\",\"@id\":\"https:\\\/\\\/museo.inf.upv.es\\\/contacto\\\/#primaryimage\",\"url\":\"https:\\\/\\\/museoinf.webs.upv.es\\\/wp-content\\\/uploads\\\/2012\\\/11\\\/mapa-copia.png\",\"contentUrl\":\"https:\\\/\\\/museoinf.webs.upv.es\\\/wp-content\\\/uploads\\\/2012\\\/11\\\/mapa-copia.png\"},{\"@type\":\"BreadcrumbList\",\"@id\":\"https:\\\/\\\/museo.inf.upv.es\\\/contacto\\\/#breadcrumb\",\"itemListElement\":[{\"@type\":\"ListItem\",\"position\":1,\"name\":\"Portada\",\"item\":\"https:\\\/\\\/museo.inf.upv.es\\\/\"},{\"@type\":\"ListItem\",\"position\":2,\"name\":\"Contacto\"}]},{\"@type\":\"WebSite\",\"@id\":\"https:\\\/\\\/museo.inf.upv.es\\\/#website\",\"url\":\"https:\\\/\\\/museo.inf.upv.es\\\/\",\"name\":\"Web del Museo de Inform\u00e1tica 2.0\",\"description\":\"Web del Museo de Inform\u00e1tica 2.0\",\"potentialAction\":[{\"@type\":\"SearchAction\",\"target\":{\"@type\":\"EntryPoint\",\"urlTemplate\":\"https:\\\/\\\/museo.inf.upv.es\\\/?s={search_term_string}\"},\"query-input\":{\"@type\":\"PropertyValueSpecification\",\"valueRequired\":true,\"valueName\":\"search_term_string\"}}],\"inLanguage\":\"va-VA\"}]}<\/script>\n<!-- \/ Yoast SEO plugin. -->","yoast_head_json":{"title":"Contacte - Web del Museo de Inform\u00e1tica 2.0","robots":{"index":"index","follow":"follow","max-snippet":"max-snippet:-1","max-image-preview":"max-image-preview:large","max-video-preview":"max-video-preview:-1"},"canonical":"https:\/\/museo.inf.upv.es\/contacto\/","og_locale":"en_US","og_type":"article","og_title":"Contacte - Web del Museo de Inform\u00e1tica 2.0","og_description":"Museu de Inform\u00e0tica Escola T\u00e8cnica Superior d&#8217;Enginyeria Inform\u00e0tica Universitat Polit\u00e8cnica de Val\u00e8ncia Cam\u00ed de Vera, s\/n 46022 Val\u00e8ncia Dilluns a Divendres de 9:00h a 20:00h, Dissabtes de 9:00h a 14:00h Tel\u00e8fon: 96 387 7200 P\u00e0gina web: http:\/\/museu.inf.upv.es Correu electr\u00f2nic: info.museu @ etsinf.upv.es","og_url":"https:\/\/museo.inf.upv.es\/contacto\/","og_site_name":"Web del Museo de Inform\u00e1tica 2.0","article_modified_time":"2022-04-28T09:20:20+00:00","og_image":[{"url":"https:\/\/museoinf.webs.upv.es\/wp-content\/uploads\/2012\/11\/mapa-copia.png","type":"","width":"","height":""}],"twitter_card":"summary_large_image","twitter_misc":{"Est. reading time":"2 minutes"},"schema":{"@context":"https:\/\/schema.org","@graph":[{"@type":"WebPage","@id":"https:\/\/museo.inf.upv.es\/contacto\/","url":"https:\/\/museo.inf.upv.es\/contacto\/","name":"Contacte - Web del Museo de Inform\u00e1tica 2.0","isPartOf":{"@id":"https:\/\/museo.inf.upv.es\/#website"},"primaryImageOfPage":{"@id":"https:\/\/museo.inf.upv.es\/contacto\/#primaryimage"},"image":{"@id":"https:\/\/museo.inf.upv.es\/contacto\/#primaryimage"},"thumbnailUrl":"https:\/\/museoinf.webs.upv.es\/wp-content\/uploads\/2012\/11\/mapa-copia.png","datePublished":"2012-11-12T11:32:18+00:00","dateModified":"2022-04-28T09:20:20+00:00","breadcrumb":{"@id":"https:\/\/museo.inf.upv.es\/contacto\/#breadcrumb"},"inLanguage":"va-VA","potentialAction":[{"@type":"ReadAction","target":["https:\/\/museo.inf.upv.es\/contacto\/"]}]},{"@type":"ImageObject","inLanguage":"va-VA","@id":"https:\/\/museo.inf.upv.es\/contacto\/#primaryimage","url":"https:\/\/museoinf.webs.upv.es\/wp-content\/uploads\/2012\/11\/mapa-copia.png","contentUrl":"https:\/\/museoinf.webs.upv.es\/wp-content\/uploads\/2012\/11\/mapa-copia.png"},{"@type":"BreadcrumbList","@id":"https:\/\/museo.inf.upv.es\/contacto\/#breadcrumb","itemListElement":[{"@type":"ListItem","position":1,"name":"Portada","item":"https:\/\/museo.inf.upv.es\/"},{"@type":"ListItem","position":2,"name":"Contacto"}]},{"@type":"WebSite","@id":"https:\/\/museo.inf.upv.es\/#website","url":"https:\/\/museo.inf.upv.es\/","name":"Web del Museo de Inform\u00e1tica 2.0","description":"Web del Museo de Inform\u00e1tica 2.0","potentialAction":[{"@type":"SearchAction","target":{"@type":"EntryPoint","urlTemplate":"https:\/\/museo.inf.upv.es\/?s={search_term_string}"},"query-input":{"@type":"PropertyValueSpecification","valueRequired":true,"valueName":"search_term_string"}}],"inLanguage":"va-VA"}]}},"_links":{"self":[{"href":"https:\/\/museo.inf.upv.es\/va\/wp-json\/wp\/v2\/pages\/2858","targetHints":{"allow":["GET"]}}],"collection":[{"href":"https:\/\/museo.inf.upv.es\/va\/wp-json\/wp\/v2\/pages"}],"about":[{"href":"https:\/\/museo.inf.upv.es\/va\/wp-json\/wp\/v2\/types\/page"}],"author":[{"embeddable":true,"href":"https:\/\/museo.inf.upv.es\/va\/wp-json\/wp\/v2\/users\/2"}],"replies":[{"embeddable":true,"href":"https:\/\/museo.inf.upv.es\/va\/wp-json\/wp\/v2\/comments?post=2858"}],"version-history":[{"count":20,"href":"https:\/\/museo.inf.upv.es\/va\/wp-json\/wp\/v2\/pages\/2858\/revisions"}],"predecessor-version":[{"id":10456,"href":"https:\/\/museo.inf.upv.es\/va\/wp-json\/wp\/v2\/pages\/2858\/revisions\/10456"}],"wp:attachment":[{"href":"https:\/\/museo.inf.upv.es\/va\/wp-json\/wp\/v2\/media?parent=2858"}],"curies":[{"name":"wp","href":"https:\/\/api.w.org\/{rel}","templated":true}]}}