{"id":29,"date":"2012-11-12T12:48:47","date_gmt":"2021-03-11T16:33:35","guid":{"rendered":"https:\/\/museoupdating.webs.upv.es\/nuevaweb\/?page_id=29"},"modified":"2023-05-24T08:27:45","modified_gmt":"2023-05-24T08:27:45","slug":"donaciones","status":"publish","type":"page","link":"https:\/\/museo.inf.upv.es\/va\/donaciones\/","title":{"rendered":"Donacions"},"content":{"rendered":"<p>No saps qu\u00e8 fer amb el teu ordinador vell? Tens programes antics i manuals i nos saps on deixar-los? Pots contribuir al fons museogr\u00e0fic del museu mitjan\u00e7ant una <strong>donaci\u00f3<\/strong>.<\/p>\n\n\n\n<p><\/p>\n\n\n\n<figure class=\"wp-block-gallery has-nested-images columns-6 wp-block-gallery-1 is-layout-flex wp-block-gallery-is-layout-flex\">\n<figure class=\"wp-block-image size-medium\"><a href=\"https:\/\/museo.inf.upv.es\/wp-content\/uploads\/2023\/01\/olivetti_programma101-1.jpg\"><img loading=\"lazy\" decoding=\"async\" width=\"300\" height=\"238\" data-id=\"10730\" src=\"https:\/\/museo.inf.upv.es\/wp-content\/uploads\/2023\/01\/olivetti_programma101-1-300x238.jpg\" alt=\"\" class=\"wp-image-10730\" srcset=\"https:\/\/museo.inf.upv.es\/wp-content\/uploads\/2023\/01\/olivetti_programma101-1-300x238.jpg 300w, https:\/\/museo.inf.upv.es\/wp-content\/uploads\/2023\/01\/olivetti_programma101-1.jpg 379w\" sizes=\"auto, (max-width: 300px) 100vw, 300px\" \/><\/a><\/figure>\n\n\n\n<figure class=\"wp-block-image size-medium\"><a href=\"https:\/\/museo.inf.upv.es\/wp-content\/uploads\/2023\/01\/TRS80-I_1977.jpg\"><img loading=\"lazy\" decoding=\"async\" width=\"300\" height=\"214\" data-id=\"10729\" src=\"https:\/\/museo.inf.upv.es\/wp-content\/uploads\/2023\/01\/TRS80-I_1977-300x214.jpg\" alt=\"\" class=\"wp-image-10729\" srcset=\"https:\/\/museo.inf.upv.es\/wp-content\/uploads\/2023\/01\/TRS80-I_1977-300x214.jpg 300w, https:\/\/museo.inf.upv.es\/wp-content\/uploads\/2023\/01\/TRS80-I_1977.jpg 450w\" sizes=\"auto, (max-width: 300px) 100vw, 300px\" \/><\/a><\/figure>\n\n\n\n<figure class=\"wp-block-image size-medium\"><a href=\"https:\/\/museo.inf.upv.es\/wp-content\/uploads\/2023\/01\/1920px-NEXT_Cube-IMG_7154.jpg\"><img loading=\"lazy\" decoding=\"async\" width=\"300\" height=\"200\" data-id=\"10728\" src=\"https:\/\/museo.inf.upv.es\/wp-content\/uploads\/2023\/01\/1920px-NEXT_Cube-IMG_7154-300x200.jpg\" alt=\"\" class=\"wp-image-10728\" srcset=\"https:\/\/museo.inf.upv.es\/wp-content\/uploads\/2023\/01\/1920px-NEXT_Cube-IMG_7154-300x200.jpg 300w, https:\/\/museo.inf.upv.es\/wp-content\/uploads\/2023\/01\/1920px-NEXT_Cube-IMG_7154-1024x683.jpg 1024w, https:\/\/museo.inf.upv.es\/wp-content\/uploads\/2023\/01\/1920px-NEXT_Cube-IMG_7154-768x512.jpg 768w, https:\/\/museo.inf.upv.es\/wp-content\/uploads\/2023\/01\/1920px-NEXT_Cube-IMG_7154-1536x1024.jpg 1536w, https:\/\/museo.inf.upv.es\/wp-content\/uploads\/2023\/01\/1920px-NEXT_Cube-IMG_7154-272x182.jpg 272w, https:\/\/museo.inf.upv.es\/wp-content\/uploads\/2023\/01\/1920px-NEXT_Cube-IMG_7154.jpg 1920w\" sizes=\"auto, (max-width: 300px) 100vw, 300px\" \/><\/a><\/figure>\n\n\n\n<figure class=\"wp-block-image size-medium\"><a href=\"https:\/\/museo.inf.upv.es\/wp-content\/uploads\/2023\/01\/MacBook_white.png\"><img loading=\"lazy\" decoding=\"async\" width=\"300\" height=\"268\" data-id=\"10731\" src=\"https:\/\/museo.inf.upv.es\/wp-content\/uploads\/2023\/01\/MacBook_white-300x268.png\" alt=\"\" class=\"wp-image-10731\" srcset=\"https:\/\/museo.inf.upv.es\/wp-content\/uploads\/2023\/01\/MacBook_white-300x268.png 300w, https:\/\/museo.inf.upv.es\/wp-content\/uploads\/2023\/01\/MacBook_white-1024x915.png 1024w, https:\/\/museo.inf.upv.es\/wp-content\/uploads\/2023\/01\/MacBook_white-768x686.png 768w, https:\/\/museo.inf.upv.es\/wp-content\/uploads\/2023\/01\/MacBook_white.png 1280w\" sizes=\"auto, (max-width: 300px) 100vw, 300px\" \/><\/a><\/figure>\n\n\n\n<figure class=\"wp-block-image size-medium\"><a href=\"https:\/\/museo.inf.upv.es\/wp-content\/uploads\/2023\/02\/1261-intel-nuc-boxnuc7cjyhn2-intel-celeron-j4005.jpg\"><img loading=\"lazy\" decoding=\"async\" width=\"300\" height=\"300\" data-id=\"10800\" src=\"https:\/\/museo.inf.upv.es\/wp-content\/uploads\/2023\/02\/1261-intel-nuc-boxnuc7cjyhn2-intel-celeron-j4005-300x300.jpg\" alt=\"\" class=\"wp-image-10800\" srcset=\"https:\/\/museo.inf.upv.es\/wp-content\/uploads\/2023\/02\/1261-intel-nuc-boxnuc7cjyhn2-intel-celeron-j4005-300x300.jpg 300w, https:\/\/museo.inf.upv.es\/wp-content\/uploads\/2023\/02\/1261-intel-nuc-boxnuc7cjyhn2-intel-celeron-j4005-150x150.jpg 150w, https:\/\/museo.inf.upv.es\/wp-content\/uploads\/2023\/02\/1261-intel-nuc-boxnuc7cjyhn2-intel-celeron-j4005-768x768.jpg 768w, https:\/\/museo.inf.upv.es\/wp-content\/uploads\/2023\/02\/1261-intel-nuc-boxnuc7cjyhn2-intel-celeron-j4005-400x400.jpg 400w, https:\/\/museo.inf.upv.es\/wp-content\/uploads\/2023\/02\/1261-intel-nuc-boxnuc7cjyhn2-intel-celeron-j4005.jpg 800w\" sizes=\"auto, (max-width: 300px) 100vw, 300px\" \/><\/a><\/figure>\n\n\n\n<figure class=\"wp-block-image size-full\"><a href=\"https:\/\/museo.inf.upv.es\/wp-content\/uploads\/2023\/02\/images.jpg\"><img loading=\"lazy\" decoding=\"async\" width=\"299\" height=\"168\" data-id=\"10799\" src=\"https:\/\/museo.inf.upv.es\/wp-content\/uploads\/2023\/02\/images.jpg\" alt=\"\" class=\"wp-image-10799\"\/><\/a><\/figure>\n<\/figure>\n\n\n<pre class=\"moz-quote-pre\" style=\"background-color: #b3e5fc;\"><strong> Estos son algunos de los equipos que nos gustar\u00eda tener en nuestra exposici\u00f3n:<\/strong><br \/><br \/><strong>-Olivetti Programa P101\n-Compaq Portable\n-Commodore SX-64\n-BBC Micro (Accorn)\n-Apple Lisa\n-Apple III\n-iPod 1a generaci\u00f3n\n-MacBook 2006 (blanco)\n-TRS-80 Model 1\n-IBM PC Convertible (IBM 5140)\n-NeXT Cube \n-NexT Workstation\n-MicroSoft Surface<br \/>-Sinclair ZX80<\/strong><\/pre>\n<p> Posa\u2019t en contacte amb nosaltres a trav\u00e9s d&#8217;aquest formulari i t\u2019atendrem amb molt de gust.<\/p>\n<p><\/p>\n\n<div class=\"wpcf7 no-js\" id=\"wpcf7-f2898-o1\" lang=\"es-ES\" dir=\"ltr\" data-wpcf7-id=\"2898\">\n<div class=\"screen-reader-response\"><p role=\"status\" aria-live=\"polite\" aria-atomic=\"true\"><\/p> <ul><\/ul><\/div>\n<form action=\"\/va\/wp-json\/wp\/v2\/pages\/29#wpcf7-f2898-o1\" method=\"post\" class=\"wpcf7-form init\" aria-label=\"Contact form\" novalidate=\"novalidate\" data-status=\"init\">\n<fieldset class=\"hidden-fields-container\"><input type=\"hidden\" name=\"_wpcf7\" value=\"2898\" \/><input type=\"hidden\" name=\"_wpcf7_version\" value=\"6.1.5\" \/><input type=\"hidden\" name=\"_wpcf7_locale\" value=\"es_ES\" \/><input type=\"hidden\" name=\"_wpcf7_unit_tag\" value=\"wpcf7-f2898-o1\" \/><input type=\"hidden\" name=\"_wpcf7_container_post\" value=\"0\" \/><input type=\"hidden\" name=\"_wpcf7_posted_data_hash\" value=\"\" \/><input type=\"hidden\" name=\"_wpcf7_recaptcha_response\" value=\"\" \/>\n<\/fieldset>\n<p><label> El teu nom (requerit)<br \/>\n<span class=\"wpcf7-form-control-wrap\" data-name=\"your-name\"><input size=\"40\" maxlength=\"400\" class=\"wpcf7-form-control wpcf7-text wpcf7-validates-as-required\" aria-required=\"true\" aria-invalid=\"false\" value=\"\" type=\"text\" name=\"your-name\" \/><\/span> <\/label>\n<\/p>\n<p><label> El teu correu electr\u00f2nic (requerit)<br \/>\n<span class=\"wpcf7-form-control-wrap\" data-name=\"your-email\"><input size=\"40\" maxlength=\"400\" class=\"wpcf7-form-control wpcf7-email wpcf7-validates-as-required wpcf7-text wpcf7-validates-as-email\" aria-required=\"true\" aria-invalid=\"false\" value=\"\" type=\"email\" name=\"your-email\" \/><\/span> <\/label>\n<\/p>\n<p><label> Dis-nos que vols donar (requerit)<br \/>\n<span class=\"wpcf7-form-control-wrap\" data-name=\"your-message\"><textarea cols=\"40\" rows=\"10\" maxlength=\"2000\" class=\"wpcf7-form-control wpcf7-textarea wpcf7-validates-as-required\" aria-required=\"true\" aria-invalid=\"false\" name=\"your-message\"><\/textarea><\/span> <\/label>\n<\/p>\n<span class=\"wpcf7-form-control-wrap recaptcha\" data-name=\"recaptcha\"><span data-sitekey=\"6Lcwy08UAAAAAHLnbup1ShIkFVULMY01AP8NG7qx\" class=\"wpcf7-form-control wpcf7-recaptcha g-recaptcha\"><\/span>\r\n<noscript>\r\n\t<div class=\"grecaptcha-noscript\">\r\n\t\t<iframe loading=\"lazy\" src=\"https:\/\/www.recaptcha.net\/recaptcha\/api\/fallback?k=6Lcwy08UAAAAAHLnbup1ShIkFVULMY01AP8NG7qx\" frameborder=\"0\" scrolling=\"no\" width=\"310\" height=\"430\">\r\n\t\t<\/iframe>\r\n\t\t<textarea name=\"g-recaptcha-response\" rows=\"3\" cols=\"40\" placeholder=\"reCaptcha Response Here\">\r\n\t\t<\/textarea>\r\n\t<\/div>\r\n<\/noscript>\r\n<\/span>\n<p><input class=\"wpcf7-form-control wpcf7-submit has-spinner\" type=\"submit\" value=\"Enviar\" \/>\n<\/p><div class=\"wpcf7-response-output\" aria-hidden=\"true\"><\/div>\n<\/form>\n<\/div>\n\n<div style=\"width: 420px;\"><\/p>","protected":false},"excerpt":{"rendered":"<p>No saps qu\u00e8 fer amb el teu ordinador vell? Tens programes antics i manuals i nos saps on deixar-los? Pots contribuir al fons museogr\u00e0fic del museu mitjan\u00e7ant una donaci\u00f3. Estos son algunos de los equipos que nos gustar\u00eda tener en nuestra exposici\u00f3n:-Olivetti Programa P101 -Compaq Portable -Commodore SX-64 -BBC Micro (Accorn) -Apple Lisa -Apple III [&hellip;]<\/p>\n","protected":false},"author":2,"featured_media":0,"parent":0,"menu_order":40,"comment_status":"closed","ping_status":"closed","template":"","meta":{"_monsterinsights_skip_tracking":false,"_monsterinsights_sitenote_active":false,"_monsterinsights_sitenote_note":"","_monsterinsights_sitenote_category":0,"footnotes":""},"class_list":["post-29","page","type-page","status-publish","hentry","post"],"yoast_head":"<!-- This site is optimized with the Yoast SEO plugin v27.4 - https:\/\/yoast.com\/product\/yoast-seo-wordpress\/ -->\n<title>Donacions - Web del Museo de Inform\u00e1tica 2.0<\/title>\n<meta name=\"robots\" content=\"index, follow, max-snippet:-1, max-image-preview:large, max-video-preview:-1\" \/>\n<link rel=\"canonical\" href=\"https:\/\/museo.inf.upv.es\/donaciones\/\" \/>\n<meta property=\"og:locale\" content=\"en_US\" \/>\n<meta property=\"og:type\" content=\"article\" \/>\n<meta property=\"og:title\" content=\"Donacions - Web del Museo de Inform\u00e1tica 2.0\" \/>\n<meta property=\"og:description\" content=\"No saps qu\u00e8 fer amb el teu ordinador vell? Tens programes antics i manuals i nos saps on deixar-los? Pots contribuir al fons museogr\u00e0fic del museu mitjan\u00e7ant una donaci\u00f3. Estos son algunos de los equipos que nos gustar\u00eda tener en nuestra exposici\u00f3n:-Olivetti Programa P101 -Compaq Portable -Commodore SX-64 -BBC Micro (Accorn) -Apple Lisa -Apple III [&hellip;]\" \/>\n<meta property=\"og:url\" content=\"https:\/\/museo.inf.upv.es\/donaciones\/\" \/>\n<meta property=\"og:site_name\" content=\"Web del Museo de Inform\u00e1tica 2.0\" \/>\n<meta property=\"article:modified_time\" content=\"2023-05-24T08:27:45+00:00\" \/>\n<meta property=\"og:image\" content=\"https:\/\/museo.inf.upv.es\/wp-content\/uploads\/2023\/01\/olivetti_programma101-1-300x238.jpg\" \/>\n<meta name=\"twitter:card\" content=\"summary_large_image\" \/>\n<meta name=\"twitter:label1\" content=\"Est. reading time\" \/>\n\t<meta name=\"twitter:data1\" content=\"4 minutes\" \/>\n<script type=\"application\/ld+json\" class=\"yoast-schema-graph\">{\"@context\":\"https:\\\/\\\/schema.org\",\"@graph\":[{\"@type\":\"WebPage\",\"@id\":\"https:\\\/\\\/museo.inf.upv.es\\\/donaciones\\\/\",\"url\":\"https:\\\/\\\/museo.inf.upv.es\\\/donaciones\\\/\",\"name\":\"Donacions - Web del Museo de Inform\u00e1tica 2.0\",\"isPartOf\":{\"@id\":\"https:\\\/\\\/museo.inf.upv.es\\\/#website\"},\"primaryImageOfPage\":{\"@id\":\"https:\\\/\\\/museo.inf.upv.es\\\/donaciones\\\/#primaryimage\"},\"image\":{\"@id\":\"https:\\\/\\\/museo.inf.upv.es\\\/donaciones\\\/#primaryimage\"},\"thumbnailUrl\":\"https:\\\/\\\/museo.inf.upv.es\\\/wp-content\\\/uploads\\\/2023\\\/01\\\/olivetti_programma101-1-300x238.jpg\",\"datePublished\":\"2021-03-11T16:33:35+00:00\",\"dateModified\":\"2023-05-24T08:27:45+00:00\",\"breadcrumb\":{\"@id\":\"https:\\\/\\\/museo.inf.upv.es\\\/donaciones\\\/#breadcrumb\"},\"inLanguage\":\"va-VA\",\"potentialAction\":[{\"@type\":\"ReadAction\",\"target\":[\"https:\\\/\\\/museo.inf.upv.es\\\/donaciones\\\/\"]}]},{\"@type\":\"ImageObject\",\"inLanguage\":\"va-VA\",\"@id\":\"https:\\\/\\\/museo.inf.upv.es\\\/donaciones\\\/#primaryimage\",\"url\":\"https:\\\/\\\/museo.inf.upv.es\\\/wp-content\\\/uploads\\\/2023\\\/01\\\/olivetti_programma101-1-300x238.jpg\",\"contentUrl\":\"https:\\\/\\\/museo.inf.upv.es\\\/wp-content\\\/uploads\\\/2023\\\/01\\\/olivetti_programma101-1-300x238.jpg\"},{\"@type\":\"BreadcrumbList\",\"@id\":\"https:\\\/\\\/museo.inf.upv.es\\\/donaciones\\\/#breadcrumb\",\"itemListElement\":[{\"@type\":\"ListItem\",\"position\":1,\"name\":\"Portada\",\"item\":\"https:\\\/\\\/museo.inf.upv.es\\\/\"},{\"@type\":\"ListItem\",\"position\":2,\"name\":\"Donaciones\"}]},{\"@type\":\"WebSite\",\"@id\":\"https:\\\/\\\/museo.inf.upv.es\\\/#website\",\"url\":\"https:\\\/\\\/museo.inf.upv.es\\\/\",\"name\":\"Web del Museo de Inform\u00e1tica 2.0\",\"description\":\"Web del Museo de Inform\u00e1tica 2.0\",\"potentialAction\":[{\"@type\":\"SearchAction\",\"target\":{\"@type\":\"EntryPoint\",\"urlTemplate\":\"https:\\\/\\\/museo.inf.upv.es\\\/?s={search_term_string}\"},\"query-input\":{\"@type\":\"PropertyValueSpecification\",\"valueRequired\":true,\"valueName\":\"search_term_string\"}}],\"inLanguage\":\"va-VA\"}]}<\/script>\n<!-- \/ Yoast SEO plugin. -->","yoast_head_json":{"title":"Donacions - Web del Museo de Inform\u00e1tica 2.0","robots":{"index":"index","follow":"follow","max-snippet":"max-snippet:-1","max-image-preview":"max-image-preview:large","max-video-preview":"max-video-preview:-1"},"canonical":"https:\/\/museo.inf.upv.es\/donaciones\/","og_locale":"en_US","og_type":"article","og_title":"Donacions - Web del Museo de Inform\u00e1tica 2.0","og_description":"No saps qu\u00e8 fer amb el teu ordinador vell? Tens programes antics i manuals i nos saps on deixar-los? Pots contribuir al fons museogr\u00e0fic del museu mitjan\u00e7ant una donaci\u00f3. Estos son algunos de los equipos que nos gustar\u00eda tener en nuestra exposici\u00f3n:-Olivetti Programa P101 -Compaq Portable -Commodore SX-64 -BBC Micro (Accorn) -Apple Lisa -Apple III [&hellip;]","og_url":"https:\/\/museo.inf.upv.es\/donaciones\/","og_site_name":"Web del Museo de Inform\u00e1tica 2.0","article_modified_time":"2023-05-24T08:27:45+00:00","og_image":[{"url":"https:\/\/museo.inf.upv.es\/wp-content\/uploads\/2023\/01\/olivetti_programma101-1-300x238.jpg","type":"","width":"","height":""}],"twitter_card":"summary_large_image","twitter_misc":{"Est. reading time":"4 minutes"},"schema":{"@context":"https:\/\/schema.org","@graph":[{"@type":"WebPage","@id":"https:\/\/museo.inf.upv.es\/donaciones\/","url":"https:\/\/museo.inf.upv.es\/donaciones\/","name":"Donacions - Web del Museo de Inform\u00e1tica 2.0","isPartOf":{"@id":"https:\/\/museo.inf.upv.es\/#website"},"primaryImageOfPage":{"@id":"https:\/\/museo.inf.upv.es\/donaciones\/#primaryimage"},"image":{"@id":"https:\/\/museo.inf.upv.es\/donaciones\/#primaryimage"},"thumbnailUrl":"https:\/\/museo.inf.upv.es\/wp-content\/uploads\/2023\/01\/olivetti_programma101-1-300x238.jpg","datePublished":"2021-03-11T16:33:35+00:00","dateModified":"2023-05-24T08:27:45+00:00","breadcrumb":{"@id":"https:\/\/museo.inf.upv.es\/donaciones\/#breadcrumb"},"inLanguage":"va-VA","potentialAction":[{"@type":"ReadAction","target":["https:\/\/museo.inf.upv.es\/donaciones\/"]}]},{"@type":"ImageObject","inLanguage":"va-VA","@id":"https:\/\/museo.inf.upv.es\/donaciones\/#primaryimage","url":"https:\/\/museo.inf.upv.es\/wp-content\/uploads\/2023\/01\/olivetti_programma101-1-300x238.jpg","contentUrl":"https:\/\/museo.inf.upv.es\/wp-content\/uploads\/2023\/01\/olivetti_programma101-1-300x238.jpg"},{"@type":"BreadcrumbList","@id":"https:\/\/museo.inf.upv.es\/donaciones\/#breadcrumb","itemListElement":[{"@type":"ListItem","position":1,"name":"Portada","item":"https:\/\/museo.inf.upv.es\/"},{"@type":"ListItem","position":2,"name":"Donaciones"}]},{"@type":"WebSite","@id":"https:\/\/museo.inf.upv.es\/#website","url":"https:\/\/museo.inf.upv.es\/","name":"Web del Museo de Inform\u00e1tica 2.0","description":"Web del Museo de Inform\u00e1tica 2.0","potentialAction":[{"@type":"SearchAction","target":{"@type":"EntryPoint","urlTemplate":"https:\/\/museo.inf.upv.es\/?s={search_term_string}"},"query-input":{"@type":"PropertyValueSpecification","valueRequired":true,"valueName":"search_term_string"}}],"inLanguage":"va-VA"}]}},"_links":{"self":[{"href":"https:\/\/museo.inf.upv.es\/va\/wp-json\/wp\/v2\/pages\/29","targetHints":{"allow":["GET"]}}],"collection":[{"href":"https:\/\/museo.inf.upv.es\/va\/wp-json\/wp\/v2\/pages"}],"about":[{"href":"https:\/\/museo.inf.upv.es\/va\/wp-json\/wp\/v2\/types\/page"}],"author":[{"embeddable":true,"href":"https:\/\/museo.inf.upv.es\/va\/wp-json\/wp\/v2\/users\/2"}],"replies":[{"embeddable":true,"href":"https:\/\/museo.inf.upv.es\/va\/wp-json\/wp\/v2\/comments?post=29"}],"version-history":[{"count":24,"href":"https:\/\/museo.inf.upv.es\/va\/wp-json\/wp\/v2\/pages\/29\/revisions"}],"predecessor-version":[{"id":11159,"href":"https:\/\/museo.inf.upv.es\/va\/wp-json\/wp\/v2\/pages\/29\/revisions\/11159"}],"wp:attachment":[{"href":"https:\/\/museo.inf.upv.es\/va\/wp-json\/wp\/v2\/media?parent=29"}],"curies":[{"name":"wp","href":"https:\/\/api.w.org\/{rel}","templated":true}]}}