{"id":3209,"date":"2021-05-03T15:52:31","date_gmt":"2021-05-03T15:52:31","guid":{"rendered":"https:\/\/museoupdating.webs.upv.es\/nuevaweb\/?page_id=3209"},"modified":"2021-05-22T14:40:18","modified_gmt":"2021-05-22T14:40:18","slug":"te-lo-sabes","status":"publish","type":"page","link":"https:\/\/museo.inf.upv.es\/va\/te-lo-sabes\/","title":{"rendered":"T\u2019HO SAPS?"},"content":{"rendered":"<h1>Posa a prova el que has apr\u00e9s en el Museu d&#8217;Inform\u00e0tica!<\/h1>\n<h2>Contesta les 10 preguntes seg\u00fcents<\/h2>\n<div class = \"hdq_quiz_wrapper\"><a href = \"https:\/\/museo.inf.upv.es\/va\/te-lo-sabes\/\" rel=\"noamphtml\" class = \"hdq_quiz_start hdq_button button\" role = \"button\">QUIZ START<\/a><\/div>\n<p><\/p>","protected":false},"excerpt":{"rendered":"<p>Posa a prova el que has apr\u00e9s en el Museu d&#8217;Inform\u00e0tica! Contesta les 10 preguntes seg\u00fcents<\/p>\n","protected":false},"author":1,"featured_media":0,"parent":0,"menu_order":0,"comment_status":"closed","ping_status":"closed","template":"","meta":{"_monsterinsights_skip_tracking":false,"_monsterinsights_sitenote_active":false,"_monsterinsights_sitenote_note":"","_monsterinsights_sitenote_category":0,"footnotes":""},"class_list":["post-3209","page","type-page","status-publish","hentry","post"],"yoast_head":"<!-- This site is optimized with the Yoast SEO plugin v27.3 - https:\/\/yoast.com\/product\/yoast-seo-wordpress\/ -->\n<title>T\u2019HO SAPS? - Web del Museo de Inform\u00e1tica 2.0<\/title>\n<meta name=\"robots\" content=\"index, follow, max-snippet:-1, max-image-preview:large, max-video-preview:-1\" \/>\n<link rel=\"canonical\" href=\"https:\/\/museo.inf.upv.es\/en\/te-lo-sabes\/\" \/>\n<meta property=\"og:locale\" content=\"en_US\" \/>\n<meta property=\"og:type\" content=\"article\" \/>\n<meta property=\"og:title\" content=\"T\u2019HO SAPS? - Web del Museo de Inform\u00e1tica 2.0\" \/>\n<meta property=\"og:description\" content=\"Posa a prova el que has apr\u00e9s en el Museu d&#8217;Inform\u00e0tica! Contesta les 10 preguntes seg\u00fcents\" \/>\n<meta property=\"og:url\" content=\"https:\/\/museo.inf.upv.es\/en\/te-lo-sabes\/\" \/>\n<meta property=\"og:site_name\" content=\"Web del Museo de Inform\u00e1tica 2.0\" \/>\n<meta property=\"article:modified_time\" content=\"2021-05-22T14:40:18+00:00\" \/>\n<meta name=\"twitter:card\" content=\"summary_large_image\" \/>\n<meta name=\"twitter:label1\" content=\"Est. reading time\" \/>\n\t<meta name=\"twitter:data1\" content=\"1 minute\" \/>\n<script type=\"application\/ld+json\" class=\"yoast-schema-graph\">{\"@context\":\"https:\\\/\\\/schema.org\",\"@graph\":[{\"@type\":\"WebPage\",\"@id\":\"https:\\\/\\\/museo.inf.upv.es\\\/en\\\/te-lo-sabes\\\/\",\"url\":\"https:\\\/\\\/museo.inf.upv.es\\\/en\\\/te-lo-sabes\\\/\",\"name\":\"T\u2019HO SAPS? - Web del Museo de Inform\u00e1tica 2.0\",\"isPartOf\":{\"@id\":\"https:\\\/\\\/museo.inf.upv.es\\\/#website\"},\"datePublished\":\"2021-05-03T15:52:31+00:00\",\"dateModified\":\"2021-05-22T14:40:18+00:00\",\"breadcrumb\":{\"@id\":\"https:\\\/\\\/museo.inf.upv.es\\\/en\\\/te-lo-sabes\\\/#breadcrumb\"},\"inLanguage\":\"va-VA\",\"potentialAction\":[{\"@type\":\"ReadAction\",\"target\":[\"https:\\\/\\\/museo.inf.upv.es\\\/en\\\/te-lo-sabes\\\/\"]}]},{\"@type\":\"BreadcrumbList\",\"@id\":\"https:\\\/\\\/museo.inf.upv.es\\\/en\\\/te-lo-sabes\\\/#breadcrumb\",\"itemListElement\":[{\"@type\":\"ListItem\",\"position\":1,\"name\":\"Portada\",\"item\":\"https:\\\/\\\/museo.inf.upv.es\\\/\"},{\"@type\":\"ListItem\",\"position\":2,\"name\":\"DO YOU KNOW IT?\"}]},{\"@type\":\"WebSite\",\"@id\":\"https:\\\/\\\/museo.inf.upv.es\\\/#website\",\"url\":\"https:\\\/\\\/museo.inf.upv.es\\\/\",\"name\":\"Web del Museo de Inform\u00e1tica 2.0\",\"description\":\"Web del Museo de Inform\u00e1tica 2.0\",\"potentialAction\":[{\"@type\":\"SearchAction\",\"target\":{\"@type\":\"EntryPoint\",\"urlTemplate\":\"https:\\\/\\\/museo.inf.upv.es\\\/?s={search_term_string}\"},\"query-input\":{\"@type\":\"PropertyValueSpecification\",\"valueRequired\":true,\"valueName\":\"search_term_string\"}}],\"inLanguage\":\"va-VA\"}]}<\/script>\n<!-- \/ Yoast SEO plugin. -->","yoast_head_json":{"title":"T\u2019HO SAPS? - Web del Museo de Inform\u00e1tica 2.0","robots":{"index":"index","follow":"follow","max-snippet":"max-snippet:-1","max-image-preview":"max-image-preview:large","max-video-preview":"max-video-preview:-1"},"canonical":"https:\/\/museo.inf.upv.es\/en\/te-lo-sabes\/","og_locale":"en_US","og_type":"article","og_title":"T\u2019HO SAPS? - Web del Museo de Inform\u00e1tica 2.0","og_description":"Posa a prova el que has apr\u00e9s en el Museu d&#8217;Inform\u00e0tica! Contesta les 10 preguntes seg\u00fcents","og_url":"https:\/\/museo.inf.upv.es\/en\/te-lo-sabes\/","og_site_name":"Web del Museo de Inform\u00e1tica 2.0","article_modified_time":"2021-05-22T14:40:18+00:00","twitter_card":"summary_large_image","twitter_misc":{"Est. reading time":"1 minute"},"schema":{"@context":"https:\/\/schema.org","@graph":[{"@type":"WebPage","@id":"https:\/\/museo.inf.upv.es\/en\/te-lo-sabes\/","url":"https:\/\/museo.inf.upv.es\/en\/te-lo-sabes\/","name":"T\u2019HO SAPS? - Web del Museo de Inform\u00e1tica 2.0","isPartOf":{"@id":"https:\/\/museo.inf.upv.es\/#website"},"datePublished":"2021-05-03T15:52:31+00:00","dateModified":"2021-05-22T14:40:18+00:00","breadcrumb":{"@id":"https:\/\/museo.inf.upv.es\/en\/te-lo-sabes\/#breadcrumb"},"inLanguage":"va-VA","potentialAction":[{"@type":"ReadAction","target":["https:\/\/museo.inf.upv.es\/en\/te-lo-sabes\/"]}]},{"@type":"BreadcrumbList","@id":"https:\/\/museo.inf.upv.es\/en\/te-lo-sabes\/#breadcrumb","itemListElement":[{"@type":"ListItem","position":1,"name":"Portada","item":"https:\/\/museo.inf.upv.es\/"},{"@type":"ListItem","position":2,"name":"DO YOU KNOW IT?"}]},{"@type":"WebSite","@id":"https:\/\/museo.inf.upv.es\/#website","url":"https:\/\/museo.inf.upv.es\/","name":"Web del Museo de Inform\u00e1tica 2.0","description":"Web del Museo de Inform\u00e1tica 2.0","potentialAction":[{"@type":"SearchAction","target":{"@type":"EntryPoint","urlTemplate":"https:\/\/museo.inf.upv.es\/?s={search_term_string}"},"query-input":{"@type":"PropertyValueSpecification","valueRequired":true,"valueName":"search_term_string"}}],"inLanguage":"va-VA"}]}},"_links":{"self":[{"href":"https:\/\/museo.inf.upv.es\/va\/wp-json\/wp\/v2\/pages\/3209","targetHints":{"allow":["GET"]}}],"collection":[{"href":"https:\/\/museo.inf.upv.es\/va\/wp-json\/wp\/v2\/pages"}],"about":[{"href":"https:\/\/museo.inf.upv.es\/va\/wp-json\/wp\/v2\/types\/page"}],"author":[{"embeddable":true,"href":"https:\/\/museo.inf.upv.es\/va\/wp-json\/wp\/v2\/users\/1"}],"replies":[{"embeddable":true,"href":"https:\/\/museo.inf.upv.es\/va\/wp-json\/wp\/v2\/comments?post=3209"}],"version-history":[{"count":17,"href":"https:\/\/museo.inf.upv.es\/va\/wp-json\/wp\/v2\/pages\/3209\/revisions"}],"predecessor-version":[{"id":6700,"href":"https:\/\/museo.inf.upv.es\/va\/wp-json\/wp\/v2\/pages\/3209\/revisions\/6700"}],"wp:attachment":[{"href":"https:\/\/museo.inf.upv.es\/va\/wp-json\/wp\/v2\/media?parent=3209"}],"curies":[{"name":"wp","href":"https:\/\/api.w.org\/{rel}","templated":true}]}}