{"id":37,"date":"2021-03-12T11:40:16","date_gmt":"2021-03-12T11:40:16","guid":{"rendered":"https:\/\/museoupdating.webs.upv.es\/nuevaweb\/?page_id=37"},"modified":"2023-04-21T09:34:04","modified_gmt":"2023-04-21T09:34:04","slug":"el-museo","status":"publish","type":"page","link":"https:\/\/museo.inf.upv.es\/va\/el-museo\/","title":{"rendered":"El Museu"},"content":{"rendered":"<p><\/p>\n<p style=\"text-align: justify;\">El Museu d\u2019Inform\u00e0tica de l\u2019Escola T\u00e8cnica Superior d\u2019Enginyeria Inform\u00e0tica de la Universitat Polit\u00e8cnica de Val\u00e8ncia us ofereix un recorregut a trav\u00e9s de les \u00faltimes d\u00e8cades de la hist\u00f2ria de la Inform\u00e0tica. El museu es va&nbsp;<strong>inaugurar<\/strong>&nbsp;oficialment l\u2019<strong>11 de desembre de 2001<\/strong>, i ha anat incrementant els seus fons gr\u00e0cies a&nbsp;<strong>donacions<\/strong>&nbsp;de particulars i de diverses institucions p\u00fabliques i privades.<\/p>\n<p><\/p>\n<p><\/p>\n\n\n<div class=\"wp-block-columns is-layout-flex wp-container-core-columns-is-layout-9d6595d7 wp-block-columns-is-layout-flex\">\n<div class=\"wp-block-column is-layout-flow wp-block-column-is-layout-flow\"><div class=\"wp-block-image aligncenter\">\n<figure class=\"size-large\"><a href=\"https:\/\/museo.inf.upv.es\/wp-content\/uploads\/2021\/09\/foto1ret-scaled.jpg\"><img loading=\"lazy\" decoding=\"async\" width=\"1024\" height=\"752\" src=\"https:\/\/museo.inf.upv.es\/wp-content\/uploads\/2021\/09\/foto1ret-1024x752.jpg\" alt=\"\" class=\"wp-image-9415\" srcset=\"https:\/\/museo.inf.upv.es\/wp-content\/uploads\/2021\/09\/foto1ret-1024x752.jpg 1024w, https:\/\/museo.inf.upv.es\/wp-content\/uploads\/2021\/09\/foto1ret-300x220.jpg 300w, https:\/\/museo.inf.upv.es\/wp-content\/uploads\/2021\/09\/foto1ret-768x564.jpg 768w, https:\/\/museo.inf.upv.es\/wp-content\/uploads\/2021\/09\/foto1ret-1536x1129.jpg 1536w, https:\/\/museo.inf.upv.es\/wp-content\/uploads\/2021\/09\/foto1ret-2048x1505.jpg 2048w\" sizes=\"auto, (max-width: 1024px) 100vw, 1024px\" \/><\/a><figcaption class=\"wp-element-caption\"> <em>Emilio Sanchis; Decano de la Facultad de<\/em><br><em>Inform\u00e1tica&nbsp;inaugurando el Museo de Inform\u00e1tica<\/em> <\/figcaption><\/figure>\n<\/div><\/div>\n\n\n\n<div class=\"wp-block-column is-layout-flow wp-block-column-is-layout-flow\"><div class=\"wp-block-image aligncenter\">\n<figure class=\"size-large\"><a href=\"https:\/\/museo.inf.upv.es\/wp-content\/uploads\/2021\/09\/foto4-scaled.jpg\"><img loading=\"lazy\" decoding=\"async\" width=\"1024\" height=\"715\" src=\"https:\/\/museo.inf.upv.es\/wp-content\/uploads\/2021\/09\/foto4-1024x715.jpg\" alt=\"\" class=\"wp-image-9416\" srcset=\"https:\/\/museo.inf.upv.es\/wp-content\/uploads\/2021\/09\/foto4-1024x715.jpg 1024w, https:\/\/museo.inf.upv.es\/wp-content\/uploads\/2021\/09\/foto4-300x210.jpg 300w, https:\/\/museo.inf.upv.es\/wp-content\/uploads\/2021\/09\/foto4-768x537.jpg 768w, https:\/\/museo.inf.upv.es\/wp-content\/uploads\/2021\/09\/foto4-1536x1073.jpg 1536w, https:\/\/museo.inf.upv.es\/wp-content\/uploads\/2021\/09\/foto4-2048x1431.jpg 2048w\" sizes=\"auto, (max-width: 1024px) 100vw, 1024px\" \/><\/a><figcaption class=\"wp-element-caption\"> <em>Manuel Toharia, junto a Justo Nieto Rector de la Universidad y el Decano de la Facultad de Inform\u00e1tica Emilio Sanchis, a la izquierda Tom\u00e1s P\u00e9rez primer Director del Museo de Inform\u00e1tica<\/em> <\/figcaption><\/figure>\n<\/div><\/div>\n<\/div>\n\n\n<p style=\"text-align: justify;\"><\/p>\n<p style=\"text-align: justify;\">Part dels seus fons museogr\u00e0fics es van emprar en l\u2019exposici\u00f3&nbsp;<strong><em>40 anys d\u2019Inform\u00e0tica<\/em><\/strong><em>,<\/em>&nbsp;celebrada l\u2019any 2006. A m\u00e9s, al si d\u2019aquesta entitat s\u2019organitzen diverses&nbsp;<strong>activitats culturals<\/strong>, com ara exposicions temporals, confer\u00e8ncies i cert\u00e0mens de monografies sobre la hist\u00f2ria, evoluci\u00f3 i futur de la Inform\u00e0tica.<\/p>\n<p style=\"text-align: justify;\">El 13 de maig de 2013 el Museu d\u2019Inform\u00e0tica va ser reconegut oficialment per la Conselleria d\u2019Educaci\u00f3, Cultura i Esport com a&nbsp;<strong><a href=\"https:\/\/museoinf.webs.upv.es\/wp-content\/uploads\/2021\/04\/Reconocimiento-oficial-Museo-de-Informatica.pdf\">museu oficial de la Comunitat Valenciana<\/a><\/strong>, resoluci\u00f3 que es va fer p\u00fablica en el DOCV, amb data de 28 de maig de 2013.<\/p>\n<p style=\"text-align: justify;\"><\/p>\n<p style=\"text-align: justify;\"><a href=\"https:\/\/museoinf.webs.upv.es\/wp-content\/uploads\/2021\/04\/Reconocimiento-oficial-Museo-de-Informatica.pdf\"><img loading=\"lazy\" decoding=\"async\" class=\"aligncenter\" src=\"https:\/\/museoinf.webs.upv.es\/wp-content\/uploads\/2021\/04\/reconocimiento-.png\" alt=\"\" width=\"631\" height=\"114\"><\/a><\/p>\n<p style=\"text-align: justify;\"><\/p>\n<p style=\"text-align: justify;\">Finalment, cal destacar que el Museu d\u2019Inform\u00e0tica est\u00e0&nbsp;<strong>integrat dins el Consell Internacional de Museus<\/strong>&nbsp;(ICOM,&nbsp;<em>International Council of Museums<\/em>) des de l\u2019any 2015. L\u2019ICOM \u00e9s una organitzaci\u00f3 internacional de museus i professionals dirigida a la conservaci\u00f3, manteniment i comunicaci\u00f3 del patrimoni natural i cultural del m\u00f3n, present i futur, tangible i intangible. Creat el 1946, ICOM \u00e9s una organitzaci\u00f3 no governamental (ONG), que mant\u00e9 una relaci\u00f3 formal amb la UNESCO i t\u00e9 estatut d\u2019\u00f2rgan consultiu del Consell Econ\u00f2mic i Social de les Nacions Unides.<\/p>\n<p style=\"text-align: justify;\"><\/p>\n<p style=\"text-align: justify;\"><\/p>\n\n\n<figure class=\"wp-block-gallery aligncenter has-nested-images columns-5 is-cropped wp-block-gallery-1 is-layout-flex wp-block-gallery-is-layout-flex\">\n<figure class=\"wp-block-image size-full\"><a href=\"https:\/\/museo.inf.upv.es\/wp-content\/uploads\/2021\/04\/AC_29281.jpg\"><img loading=\"lazy\" decoding=\"async\" width=\"1280\" height=\"866\" data-id=\"2593\" src=\"https:\/\/museo.inf.upv.es\/wp-content\/uploads\/2021\/04\/AC_29281.jpg\" alt=\"\" class=\"wp-image-2593\" srcset=\"https:\/\/museo.inf.upv.es\/wp-content\/uploads\/2021\/04\/AC_29281.jpg 1280w, https:\/\/museo.inf.upv.es\/wp-content\/uploads\/2021\/04\/AC_29281-300x203.jpg 300w, https:\/\/museo.inf.upv.es\/wp-content\/uploads\/2021\/04\/AC_29281-1024x693.jpg 1024w, https:\/\/museo.inf.upv.es\/wp-content\/uploads\/2021\/04\/AC_29281-768x520.jpg 768w\" sizes=\"auto, (max-width: 1280px) 100vw, 1280px\" \/><\/a><\/figure>\n\n\n\n<figure class=\"wp-block-image size-full\"><a href=\"https:\/\/museo.inf.upv.es\/wp-content\/uploads\/2021\/04\/AC_29501.jpg\"><img loading=\"lazy\" decoding=\"async\" width=\"1280\" height=\"854\" data-id=\"2592\" src=\"https:\/\/museo.inf.upv.es\/wp-content\/uploads\/2021\/04\/AC_29501.jpg\" alt=\"\" class=\"wp-image-2592\" srcset=\"https:\/\/museo.inf.upv.es\/wp-content\/uploads\/2021\/04\/AC_29501.jpg 1280w, https:\/\/museo.inf.upv.es\/wp-content\/uploads\/2021\/04\/AC_29501-300x200.jpg 300w, https:\/\/museo.inf.upv.es\/wp-content\/uploads\/2021\/04\/AC_29501-1024x683.jpg 1024w, https:\/\/museo.inf.upv.es\/wp-content\/uploads\/2021\/04\/AC_29501-768x512.jpg 768w, https:\/\/museo.inf.upv.es\/wp-content\/uploads\/2021\/04\/AC_29501-272x182.jpg 272w\" sizes=\"auto, (max-width: 1280px) 100vw, 1280px\" \/><\/a><\/figure>\n\n\n\n<figure class=\"wp-block-image size-large\"><a href=\"https:\/\/museo.inf.upv.es\/wp-content\/uploads\/2021\/04\/AC_27531.jpg\"><img loading=\"lazy\" decoding=\"async\" width=\"1024\" height=\"686\" data-id=\"2595\" src=\"https:\/\/museo.inf.upv.es\/wp-content\/uploads\/2021\/04\/AC_27531-1024x686.jpg\" alt=\"\" class=\"wp-image-2595\" srcset=\"https:\/\/museo.inf.upv.es\/wp-content\/uploads\/2021\/04\/AC_27531-1024x686.jpg 1024w, https:\/\/museo.inf.upv.es\/wp-content\/uploads\/2021\/04\/AC_27531-300x201.jpg 300w, https:\/\/museo.inf.upv.es\/wp-content\/uploads\/2021\/04\/AC_27531-768x514.jpg 768w, https:\/\/museo.inf.upv.es\/wp-content\/uploads\/2021\/04\/AC_27531-272x182.jpg 272w, https:\/\/museo.inf.upv.es\/wp-content\/uploads\/2021\/04\/AC_27531.jpg 1280w\" sizes=\"auto, (max-width: 1024px) 100vw, 1024px\" \/><\/a><\/figure>\n\n\n\n<figure class=\"wp-block-image size-large\"><a href=\"https:\/\/museo.inf.upv.es\/wp-content\/uploads\/2021\/04\/AC_27021.jpg\"><img loading=\"lazy\" decoding=\"async\" width=\"1024\" height=\"682\" data-id=\"2594\" src=\"https:\/\/museo.inf.upv.es\/wp-content\/uploads\/2021\/04\/AC_27021-1024x682.jpg\" alt=\"\" class=\"wp-image-2594\" srcset=\"https:\/\/museo.inf.upv.es\/wp-content\/uploads\/2021\/04\/AC_27021-1024x682.jpg 1024w, https:\/\/museo.inf.upv.es\/wp-content\/uploads\/2021\/04\/AC_27021-300x200.jpg 300w, https:\/\/museo.inf.upv.es\/wp-content\/uploads\/2021\/04\/AC_27021-768x512.jpg 768w, https:\/\/museo.inf.upv.es\/wp-content\/uploads\/2021\/04\/AC_27021-272x182.jpg 272w, https:\/\/museo.inf.upv.es\/wp-content\/uploads\/2021\/04\/AC_27021.jpg 1280w\" sizes=\"auto, (max-width: 1024px) 100vw, 1024px\" \/><\/a><\/figure>\n<\/figure>\n\n\n\n<p><\/p>","protected":false},"excerpt":{"rendered":"<p>El Museu d\u2019Inform\u00e0tica de l\u2019Escola T\u00e8cnica Superior d\u2019Enginyeria Inform\u00e0tica de la Universitat Polit\u00e8cnica de Val\u00e8ncia us ofereix un recorregut a trav\u00e9s de les \u00faltimes d\u00e8cades de la hist\u00f2ria de la Inform\u00e0tica. El museu es va&nbsp;inaugurar&nbsp;oficialment l\u201911 de desembre de 2001, i ha anat incrementant els seus fons gr\u00e0cies a&nbsp;donacions&nbsp;de particulars i de diverses institucions p\u00fabliques [&hellip;]<\/p>\n","protected":false},"author":1,"featured_media":0,"parent":0,"menu_order":0,"comment_status":"closed","ping_status":"closed","template":"","meta":{"_monsterinsights_skip_tracking":false,"_monsterinsights_sitenote_active":false,"_monsterinsights_sitenote_note":"","_monsterinsights_sitenote_category":0,"footnotes":""},"class_list":["post-37","page","type-page","status-publish","hentry","post"],"yoast_head":"<!-- This site is optimized with the Yoast SEO plugin v27.4 - https:\/\/yoast.com\/product\/yoast-seo-wordpress\/ -->\n<title>El Museu - Web del Museo de Inform\u00e1tica 2.0<\/title>\n<meta name=\"robots\" content=\"index, follow, max-snippet:-1, max-image-preview:large, max-video-preview:-1\" \/>\n<link rel=\"canonical\" href=\"https:\/\/museo.inf.upv.es\/el-museo\/\" \/>\n<meta property=\"og:locale\" content=\"en_US\" \/>\n<meta property=\"og:type\" content=\"article\" \/>\n<meta property=\"og:title\" content=\"El Museu - Web del Museo de Inform\u00e1tica 2.0\" \/>\n<meta property=\"og:description\" content=\"El Museu d\u2019Inform\u00e0tica de l\u2019Escola T\u00e8cnica Superior d\u2019Enginyeria Inform\u00e0tica de la Universitat Polit\u00e8cnica de Val\u00e8ncia us ofereix un recorregut a trav\u00e9s de les \u00faltimes d\u00e8cades de la hist\u00f2ria de la Inform\u00e0tica. El museu es va&nbsp;inaugurar&nbsp;oficialment l\u201911 de desembre de 2001, i ha anat incrementant els seus fons gr\u00e0cies a&nbsp;donacions&nbsp;de particulars i de diverses institucions p\u00fabliques [&hellip;]\" \/>\n<meta property=\"og:url\" content=\"https:\/\/museo.inf.upv.es\/el-museo\/\" \/>\n<meta property=\"og:site_name\" content=\"Web del Museo de Inform\u00e1tica 2.0\" \/>\n<meta property=\"article:modified_time\" content=\"2023-04-21T09:34:04+00:00\" \/>\n<meta property=\"og:image\" content=\"https:\/\/museo.inf.upv.es\/wp-content\/uploads\/2021\/09\/foto1ret-1024x752.jpg\" \/>\n<meta name=\"twitter:card\" content=\"summary_large_image\" \/>\n<meta name=\"twitter:label1\" content=\"Est. reading time\" \/>\n\t<meta name=\"twitter:data1\" content=\"5 minutes\" \/>\n<script type=\"application\/ld+json\" class=\"yoast-schema-graph\">{\"@context\":\"https:\\\/\\\/schema.org\",\"@graph\":[{\"@type\":\"WebPage\",\"@id\":\"https:\\\/\\\/museo.inf.upv.es\\\/el-museo\\\/\",\"url\":\"https:\\\/\\\/museo.inf.upv.es\\\/el-museo\\\/\",\"name\":\"El Museu - Web del Museo de Inform\u00e1tica 2.0\",\"isPartOf\":{\"@id\":\"https:\\\/\\\/museo.inf.upv.es\\\/#website\"},\"primaryImageOfPage\":{\"@id\":\"https:\\\/\\\/museo.inf.upv.es\\\/el-museo\\\/#primaryimage\"},\"image\":{\"@id\":\"https:\\\/\\\/museo.inf.upv.es\\\/el-museo\\\/#primaryimage\"},\"thumbnailUrl\":\"https:\\\/\\\/museo.inf.upv.es\\\/wp-content\\\/uploads\\\/2021\\\/09\\\/foto1ret-1024x752.jpg\",\"datePublished\":\"2021-03-12T11:40:16+00:00\",\"dateModified\":\"2023-04-21T09:34:04+00:00\",\"breadcrumb\":{\"@id\":\"https:\\\/\\\/museo.inf.upv.es\\\/el-museo\\\/#breadcrumb\"},\"inLanguage\":\"va-VA\",\"potentialAction\":[{\"@type\":\"ReadAction\",\"target\":[\"https:\\\/\\\/museo.inf.upv.es\\\/el-museo\\\/\"]}]},{\"@type\":\"ImageObject\",\"inLanguage\":\"va-VA\",\"@id\":\"https:\\\/\\\/museo.inf.upv.es\\\/el-museo\\\/#primaryimage\",\"url\":\"https:\\\/\\\/museo.inf.upv.es\\\/wp-content\\\/uploads\\\/2021\\\/09\\\/foto1ret-1024x752.jpg\",\"contentUrl\":\"https:\\\/\\\/museo.inf.upv.es\\\/wp-content\\\/uploads\\\/2021\\\/09\\\/foto1ret-1024x752.jpg\"},{\"@type\":\"BreadcrumbList\",\"@id\":\"https:\\\/\\\/museo.inf.upv.es\\\/el-museo\\\/#breadcrumb\",\"itemListElement\":[{\"@type\":\"ListItem\",\"position\":1,\"name\":\"Portada\",\"item\":\"https:\\\/\\\/museo.inf.upv.es\\\/\"},{\"@type\":\"ListItem\",\"position\":2,\"name\":\"El Museo\"}]},{\"@type\":\"WebSite\",\"@id\":\"https:\\\/\\\/museo.inf.upv.es\\\/#website\",\"url\":\"https:\\\/\\\/museo.inf.upv.es\\\/\",\"name\":\"Web del Museo de Inform\u00e1tica 2.0\",\"description\":\"Web del Museo de Inform\u00e1tica 2.0\",\"potentialAction\":[{\"@type\":\"SearchAction\",\"target\":{\"@type\":\"EntryPoint\",\"urlTemplate\":\"https:\\\/\\\/museo.inf.upv.es\\\/?s={search_term_string}\"},\"query-input\":{\"@type\":\"PropertyValueSpecification\",\"valueRequired\":true,\"valueName\":\"search_term_string\"}}],\"inLanguage\":\"va-VA\"}]}<\/script>\n<!-- \/ Yoast SEO plugin. -->","yoast_head_json":{"title":"El Museu - Web del Museo de Inform\u00e1tica 2.0","robots":{"index":"index","follow":"follow","max-snippet":"max-snippet:-1","max-image-preview":"max-image-preview:large","max-video-preview":"max-video-preview:-1"},"canonical":"https:\/\/museo.inf.upv.es\/el-museo\/","og_locale":"en_US","og_type":"article","og_title":"El Museu - Web del Museo de Inform\u00e1tica 2.0","og_description":"El Museu d\u2019Inform\u00e0tica de l\u2019Escola T\u00e8cnica Superior d\u2019Enginyeria Inform\u00e0tica de la Universitat Polit\u00e8cnica de Val\u00e8ncia us ofereix un recorregut a trav\u00e9s de les \u00faltimes d\u00e8cades de la hist\u00f2ria de la Inform\u00e0tica. El museu es va&nbsp;inaugurar&nbsp;oficialment l\u201911 de desembre de 2001, i ha anat incrementant els seus fons gr\u00e0cies a&nbsp;donacions&nbsp;de particulars i de diverses institucions p\u00fabliques [&hellip;]","og_url":"https:\/\/museo.inf.upv.es\/el-museo\/","og_site_name":"Web del Museo de Inform\u00e1tica 2.0","article_modified_time":"2023-04-21T09:34:04+00:00","og_image":[{"url":"https:\/\/museo.inf.upv.es\/wp-content\/uploads\/2021\/09\/foto1ret-1024x752.jpg","type":"","width":"","height":""}],"twitter_card":"summary_large_image","twitter_misc":{"Est. reading time":"5 minutes"},"schema":{"@context":"https:\/\/schema.org","@graph":[{"@type":"WebPage","@id":"https:\/\/museo.inf.upv.es\/el-museo\/","url":"https:\/\/museo.inf.upv.es\/el-museo\/","name":"El Museu - Web del Museo de Inform\u00e1tica 2.0","isPartOf":{"@id":"https:\/\/museo.inf.upv.es\/#website"},"primaryImageOfPage":{"@id":"https:\/\/museo.inf.upv.es\/el-museo\/#primaryimage"},"image":{"@id":"https:\/\/museo.inf.upv.es\/el-museo\/#primaryimage"},"thumbnailUrl":"https:\/\/museo.inf.upv.es\/wp-content\/uploads\/2021\/09\/foto1ret-1024x752.jpg","datePublished":"2021-03-12T11:40:16+00:00","dateModified":"2023-04-21T09:34:04+00:00","breadcrumb":{"@id":"https:\/\/museo.inf.upv.es\/el-museo\/#breadcrumb"},"inLanguage":"va-VA","potentialAction":[{"@type":"ReadAction","target":["https:\/\/museo.inf.upv.es\/el-museo\/"]}]},{"@type":"ImageObject","inLanguage":"va-VA","@id":"https:\/\/museo.inf.upv.es\/el-museo\/#primaryimage","url":"https:\/\/museo.inf.upv.es\/wp-content\/uploads\/2021\/09\/foto1ret-1024x752.jpg","contentUrl":"https:\/\/museo.inf.upv.es\/wp-content\/uploads\/2021\/09\/foto1ret-1024x752.jpg"},{"@type":"BreadcrumbList","@id":"https:\/\/museo.inf.upv.es\/el-museo\/#breadcrumb","itemListElement":[{"@type":"ListItem","position":1,"name":"Portada","item":"https:\/\/museo.inf.upv.es\/"},{"@type":"ListItem","position":2,"name":"El Museo"}]},{"@type":"WebSite","@id":"https:\/\/museo.inf.upv.es\/#website","url":"https:\/\/museo.inf.upv.es\/","name":"Web del Museo de Inform\u00e1tica 2.0","description":"Web del Museo de Inform\u00e1tica 2.0","potentialAction":[{"@type":"SearchAction","target":{"@type":"EntryPoint","urlTemplate":"https:\/\/museo.inf.upv.es\/?s={search_term_string}"},"query-input":{"@type":"PropertyValueSpecification","valueRequired":true,"valueName":"search_term_string"}}],"inLanguage":"va-VA"}]}},"_links":{"self":[{"href":"https:\/\/museo.inf.upv.es\/va\/wp-json\/wp\/v2\/pages\/37","targetHints":{"allow":["GET"]}}],"collection":[{"href":"https:\/\/museo.inf.upv.es\/va\/wp-json\/wp\/v2\/pages"}],"about":[{"href":"https:\/\/museo.inf.upv.es\/va\/wp-json\/wp\/v2\/types\/page"}],"author":[{"embeddable":true,"href":"https:\/\/museo.inf.upv.es\/va\/wp-json\/wp\/v2\/users\/1"}],"replies":[{"embeddable":true,"href":"https:\/\/museo.inf.upv.es\/va\/wp-json\/wp\/v2\/comments?post=37"}],"version-history":[{"count":44,"href":"https:\/\/museo.inf.upv.es\/va\/wp-json\/wp\/v2\/pages\/37\/revisions"}],"predecessor-version":[{"id":11027,"href":"https:\/\/museo.inf.upv.es\/va\/wp-json\/wp\/v2\/pages\/37\/revisions\/11027"}],"wp:attachment":[{"href":"https:\/\/museo.inf.upv.es\/va\/wp-json\/wp\/v2\/media?parent=37"}],"curies":[{"name":"wp","href":"https:\/\/api.w.org\/{rel}","templated":true}]}}