{"id":385,"date":"2021-04-06T11:32:16","date_gmt":"2021-04-06T11:32:16","guid":{"rendered":"https:\/\/museoupdating.webs.upv.es\/nuevaweb\/?page_id=385"},"modified":"2021-07-08T08:14:55","modified_gmt":"2021-07-08T08:14:55","slug":"recortes-de-prensa","status":"publish","type":"page","link":"https:\/\/museo.inf.upv.es\/va\/recortes-de-prensa\/","title":{"rendered":"Retalls de Premsa"},"content":{"rendered":"<h2><strong>Not\u00edcias y art\u00edculos con video<\/strong><\/h2>\n\n\n<div class=\"wp-block-columns is-layout-flex wp-container-core-columns-is-layout-9d6595d7 wp-block-columns-is-layout-flex\">\n<div class=\"wp-block-column is-layout-flow wp-block-column-is-layout-flow\">\n<figure class=\"wp-block-embed is-type-video is-provider-youtube wp-block-embed-youtube wp-embed-aspect-4-3 wp-has-aspect-ratio\"><div class=\"wp-block-embed__wrapper\">\n<iframe loading=\"lazy\" title=\"Noticias Destacadas: Museo de inform\u00e1tica, reconocido como museo oficial [2013-06-17] -- UPV\" width=\"720\" height=\"540\" src=\"https:\/\/www.youtube.com\/embed\/ZDelTTLo9lc?feature=oembed\" frameborder=\"0\" allow=\"accelerometer; autoplay; clipboard-write; encrypted-media; gyroscope; picture-in-picture\" allowfullscreen><\/iframe>\n<\/div><\/figure>\n<\/div>\n\n\n\n<div class=\"wp-block-column is-vertically-aligned-center is-layout-flow wp-block-column-is-layout-flow\">\n<table style=\"border: 0px;\" border=\"0\" width=\"400\">\n<tbody>\n<tr>\n<td style=\"vertical-align: middle; border: 0px;\">\n<p style=\"margin-left: 40px; text-align: justify;\">L&#8217;edici\u00f3 d&#8217;UPV Not\u00edcies del 17\/6\/13 inclou, entre els seus continguts destacats, el reconeixement del Museu d&#8217;Inform\u00e0tica de la UPV com a museu oficial de la Comunitat Valenciana. Aquest \u00e9s l&#8217;enlla\u00e7 on trobareu el butllet\u00ed informatiu:<\/p>\n<p style=\"margin-left: 40px; text-align: justify;\"><a href=\"https:\/\/www.youtube.com\/watch?v=ZDelTTLo9lc\"> https:\/\/www.youtube.com\/watch?v=ZDelTTLo9lc<\/a><\/p>\n<\/td>\n<\/tr>\n<\/tbody>\n<\/table>\n\n\n<\/div>\n<\/div>\n\n\n<p><\/p>\n<div>\n<h2>\u00a0<\/h2>\n<table style=\"border: 0px;\" border=\"0\" width=\"400\">\n<tbody>\n<tr>\n<td style=\"border: 0px; min-width: 420px;\">\u00a0<\/td>\n<td style=\"vertical-align: middle; border: 0px;\">\u00a0<\/td>\n<\/tr>\n<\/tbody>\n<\/table>\n<\/div>\n<div>\n<table style=\"border: 0px;\" border=\"0\" width=\"400\">\n<tbody>\n<tr>\n<td style=\"vertical-align: middle; border: 0px; text-align: justify;\">Reportatge de l&#8217;Ag\u00e8ncia EFE sobre ci\u00e8ncia i tecnologia, titulat &#8220;Tornar a jugar amb Spectrum per veure l&#8217;evoluci\u00f3 inform\u00e0tica&#8221;, centrat en les activitats dutes a terme pel Museu d&#8217;Inform\u00e0tica. Aquest \u00e9s l&#8217;enlla\u00e7 a la not\u00edcia: <a href=\"http:\/\/goo.gl\/RHT2me\" target=\"_blank\" rel=\"noopener\">http:\/\/goo.gl\/RHT2me<\/a><\/td>\n<td style=\"border: 0px; min-width: 420px; text-align: rigth;\"><iframe loading=\"lazy\" src=\"https:\/\/www.youtube.com\/embed\/DEKCKoosLAM\" width=\"560\" height=\"315\" frameborder=\"0\" allowfullscreen=\"allowfullscreen\"><\/iframe><\/td>\n<\/tr>\n<\/tbody>\n<\/table>\n<\/div>\n<div>\n<table style=\"border: 0px; height: 427px;\" border=\"0\" width=\"621\">\n<tbody>\n<tr>\n<td style=\"border: 0px; min-width: 420px;\"><iframe loading=\"lazy\" src=\"https:\/\/www.youtube.com\/embed\/cxLQpR5vvsw\" width=\"560\" height=\"315\" frameborder=\"0\" allowfullscreen=\"allowfullscreen\"><\/iframe><\/td>\n<td style=\"vertical-align: middle; border: 0px;\">\n<p style=\"margin-left: 40px; text-align: justify;\">El diari Las Provincias inclou, dins les not\u00edcies relacionades amb la Comunitat Valenciana, una dedicada al Museu d&#8217;Inform\u00e0tica, on es ressalta el valor cultural de la seua exposici\u00f3. Aquest \u00e9s l&#8217;enlla\u00e7 a la not\u00edcia: <a href=\"http:\/\/goo.gl\/GHf85w\" target=\"_blank\" rel=\"noopener\">http:\/\/goo.gl\/GHf85w<\/a><\/p>\n<\/td>\n<\/tr>\n<\/tbody>\n<\/table>\n<\/div>\n<div>\n<table style=\"border: 0px;\" border=\"0\" width=\"400\">\n<tbody>\n<tr>\n<td style=\"vertical-align: middle; border: 0px; text-align: justify;\">Reportatge de Canal 9 sobre el Museu d&#8217;Inform\u00e0tica.<\/td>\n<td style=\"border: 0px; min-width: 420px;\"><iframe loading=\"lazy\" src=\"\/\/www.youtube.com\/embed\/8dDXOj_BK9c\" width=\"560\" height=\"315\" frameborder=\"0\" allowfullscreen=\"allowfullscreen\"><\/iframe><\/td>\n<\/tr>\n<\/tbody>\n<\/table>\n<\/div>\n<div>\n<h2><strong>Radio<\/strong><\/h2>\n<div>\n<table style=\"border: 0px;\" border=\"0\" width=\"400\">\n<tbody>\n<tr>\n<td style=\"border: 0px; min-width: 420px;\"><audio controls=\"controls\"><source src=\"https:\/\/museoinf.webs.upv.es\/wp-content\/uploads\/2021\/04\/RNE-1-No-es-un-dia-cualquiera-DEJA-VU_INFORMATICA-20-12-2014.mp3\" type=\"audio\/mp3\" \/>Your browser does not support the audio element.<\/audio><\/td>\n<td style=\"vertical-align: middle; border: 0px;\">\n<p style=\"text-align: justify;\">Extracte del programa &#8220;No es un d\u00eda cualquiera&#8221; de Radio Nacional Espa\u00f1ola del 20\/12\/2014, en qu\u00e8 es tracta la hist\u00f2ria de la inform\u00e0tica i l&#8217;evoluci\u00f3 tecnol\u00f2gica<\/p>\n<\/td>\n<\/tr>\n<\/tbody>\n<\/table>\n<\/div>\n<div>\n<table style=\"border: 0px;\" border=\"0\" width=\"400\">\n<tbody>\n<tr>\n<td style=\"vertical-align: middle; border: 0px; text-align: justify;\">Programa &#8220;Esto me suena&#8221; de Radio Nacional Espa\u00f1ola del 10\/12\/2014, on, entre altres temes, es tracta l&#8217;origen de la distribuci\u00f3 QWERTY, present en la majoria de teclats actuals<\/td>\n<td style=\"border: 0px; min-width: 420px;\"><audio controls=\"controls\"><source src=\"https:\/\/museoinf.webs.upv.es\/wp-content\/uploads\/2021\/04\/rneestomesuena.mp3\" type=\"audio\/mp3\" \/>Your browser does not support the audio element.<\/audio><\/td>\n<\/tr>\n<\/tbody>\n<\/table>\n<\/div>\n<p><\/p>\n<p><strong>La Verdad (Murcia-Alicante)<\/strong>: <a href=\"http:\/\/goo.gl\/2ijLpb\" target=\"_blank\" rel=\"noopener\">http:\/\/goo.gl\/2ijLpb<\/a><\/p>\n<p><strong>ABC.es<\/strong>: <a href=\"http:\/\/goo.gl\/a8ch3l\" target=\"_blank\" rel=\"noopener\">http:\/\/goo.gl\/a8ch3l<\/a><\/p>\n<p><strong>ElMundo.es<\/strong>: <a href=\"http:\/\/goo.gl\/sLftU6\" target=\"_blank\" rel=\"noopener\">http:\/\/goo.gl\/sLftU6<\/a><\/p>\n<p><strong>Tuesestudios.com<\/strong>: <a href=\"http:\/\/goo.gl\/2IA39E\" target=\"_blank\" rel=\"noopener\">http:\/\/goo.gl\/2IA39E<\/a><\/p>\n<p><strong>AbsolutValencia<\/strong>: <a href=\"http:\/\/goo.gl\/qt5iEN\">http:\/\/goo.gl\/qt5iEN<\/a><\/p>\n<p><strong>ValenciaBusiness<\/strong>: <a href=\"http:\/\/goo.gl\/nweY13\">http:\/\/goo.gl\/nweY13<\/a><\/p>\n<p><strong>Elperiodic.com<\/strong>: <a href=\"http:\/\/goo.gl\/d0mX3m\">http:\/\/goo.gl\/d0mX3m<\/a><\/p>\n<\/div>\n\n\n<p><\/p>","protected":false},"excerpt":{"rendered":"<p>Not\u00edcias y art\u00edculos con video L&#8217;edici\u00f3 d&#8217;UPV Not\u00edcies del 17\/6\/13 inclou, entre els seus continguts destacats, el reconeixement del Museu d&#8217;Inform\u00e0tica de la UPV com a museu oficial de la Comunitat Valenciana. Aquest \u00e9s l&#8217;enlla\u00e7 on trobareu el butllet\u00ed informatiu: https:\/\/www.youtube.com\/watch?v=ZDelTTLo9lc \u00a0 \u00a0 \u00a0 Reportatge de l&#8217;Ag\u00e8ncia EFE sobre ci\u00e8ncia i tecnologia, titulat &#8220;Tornar a [&hellip;]<\/p>\n","protected":false},"author":1,"featured_media":0,"parent":0,"menu_order":0,"comment_status":"closed","ping_status":"closed","template":"","meta":{"_monsterinsights_skip_tracking":false,"_monsterinsights_sitenote_active":false,"_monsterinsights_sitenote_note":"","_monsterinsights_sitenote_category":0,"footnotes":""},"class_list":["post-385","page","type-page","status-publish","hentry","post"],"yoast_head":"<!-- This site is optimized with the Yoast SEO plugin v27.3 - https:\/\/yoast.com\/product\/yoast-seo-wordpress\/ -->\n<title>Retalls de Premsa - Web del Museo de Inform\u00e1tica 2.0<\/title>\n<meta name=\"robots\" content=\"index, follow, max-snippet:-1, max-image-preview:large, max-video-preview:-1\" \/>\n<link rel=\"canonical\" href=\"https:\/\/museo.inf.upv.es\/recortes-de-prensa\/\" \/>\n<meta property=\"og:locale\" content=\"en_US\" \/>\n<meta property=\"og:type\" content=\"article\" \/>\n<meta property=\"og:title\" content=\"Retalls de Premsa - Web del Museo de Inform\u00e1tica 2.0\" \/>\n<meta property=\"og:description\" content=\"Not\u00edcias y art\u00edculos con video L&#8217;edici\u00f3 d&#8217;UPV Not\u00edcies del 17\/6\/13 inclou, entre els seus continguts destacats, el reconeixement del Museu d&#8217;Inform\u00e0tica de la UPV com a museu oficial de la Comunitat Valenciana. Aquest \u00e9s l&#8217;enlla\u00e7 on trobareu el butllet\u00ed informatiu: https:\/\/www.youtube.com\/watch?v=ZDelTTLo9lc \u00a0 \u00a0 \u00a0 Reportatge de l&#8217;Ag\u00e8ncia EFE sobre ci\u00e8ncia i tecnologia, titulat &#8220;Tornar a [&hellip;]\" \/>\n<meta property=\"og:url\" content=\"https:\/\/museo.inf.upv.es\/recortes-de-prensa\/\" \/>\n<meta property=\"og:site_name\" content=\"Web del Museo de Inform\u00e1tica 2.0\" \/>\n<meta property=\"article:modified_time\" content=\"2021-07-08T08:14:55+00:00\" \/>\n<meta name=\"twitter:card\" content=\"summary_large_image\" \/>\n<meta name=\"twitter:label1\" content=\"Est. reading time\" \/>\n\t<meta name=\"twitter:data1\" content=\"3 minutes\" \/>\n<script type=\"application\/ld+json\" class=\"yoast-schema-graph\">{\"@context\":\"https:\\\/\\\/schema.org\",\"@graph\":[{\"@type\":\"WebPage\",\"@id\":\"https:\\\/\\\/museo.inf.upv.es\\\/recortes-de-prensa\\\/\",\"url\":\"https:\\\/\\\/museo.inf.upv.es\\\/recortes-de-prensa\\\/\",\"name\":\"Retalls de Premsa - Web del Museo de Inform\u00e1tica 2.0\",\"isPartOf\":{\"@id\":\"https:\\\/\\\/museo.inf.upv.es\\\/#website\"},\"datePublished\":\"2021-04-06T11:32:16+00:00\",\"dateModified\":\"2021-07-08T08:14:55+00:00\",\"breadcrumb\":{\"@id\":\"https:\\\/\\\/museo.inf.upv.es\\\/recortes-de-prensa\\\/#breadcrumb\"},\"inLanguage\":\"va-VA\",\"potentialAction\":[{\"@type\":\"ReadAction\",\"target\":[\"https:\\\/\\\/museo.inf.upv.es\\\/recortes-de-prensa\\\/\"]}]},{\"@type\":\"BreadcrumbList\",\"@id\":\"https:\\\/\\\/museo.inf.upv.es\\\/recortes-de-prensa\\\/#breadcrumb\",\"itemListElement\":[{\"@type\":\"ListItem\",\"position\":1,\"name\":\"Portada\",\"item\":\"https:\\\/\\\/museo.inf.upv.es\\\/\"},{\"@type\":\"ListItem\",\"position\":2,\"name\":\"Recortes de Prensa\"}]},{\"@type\":\"WebSite\",\"@id\":\"https:\\\/\\\/museo.inf.upv.es\\\/#website\",\"url\":\"https:\\\/\\\/museo.inf.upv.es\\\/\",\"name\":\"Web del Museo de Inform\u00e1tica 2.0\",\"description\":\"Web del Museo de Inform\u00e1tica 2.0\",\"potentialAction\":[{\"@type\":\"SearchAction\",\"target\":{\"@type\":\"EntryPoint\",\"urlTemplate\":\"https:\\\/\\\/museo.inf.upv.es\\\/?s={search_term_string}\"},\"query-input\":{\"@type\":\"PropertyValueSpecification\",\"valueRequired\":true,\"valueName\":\"search_term_string\"}}],\"inLanguage\":\"va-VA\"}]}<\/script>\n<!-- \/ Yoast SEO plugin. -->","yoast_head_json":{"title":"Retalls de Premsa - Web del Museo de Inform\u00e1tica 2.0","robots":{"index":"index","follow":"follow","max-snippet":"max-snippet:-1","max-image-preview":"max-image-preview:large","max-video-preview":"max-video-preview:-1"},"canonical":"https:\/\/museo.inf.upv.es\/recortes-de-prensa\/","og_locale":"en_US","og_type":"article","og_title":"Retalls de Premsa - Web del Museo de Inform\u00e1tica 2.0","og_description":"Not\u00edcias y art\u00edculos con video L&#8217;edici\u00f3 d&#8217;UPV Not\u00edcies del 17\/6\/13 inclou, entre els seus continguts destacats, el reconeixement del Museu d&#8217;Inform\u00e0tica de la UPV com a museu oficial de la Comunitat Valenciana. Aquest \u00e9s l&#8217;enlla\u00e7 on trobareu el butllet\u00ed informatiu: https:\/\/www.youtube.com\/watch?v=ZDelTTLo9lc \u00a0 \u00a0 \u00a0 Reportatge de l&#8217;Ag\u00e8ncia EFE sobre ci\u00e8ncia i tecnologia, titulat &#8220;Tornar a [&hellip;]","og_url":"https:\/\/museo.inf.upv.es\/recortes-de-prensa\/","og_site_name":"Web del Museo de Inform\u00e1tica 2.0","article_modified_time":"2021-07-08T08:14:55+00:00","twitter_card":"summary_large_image","twitter_misc":{"Est. reading time":"3 minutes"},"schema":{"@context":"https:\/\/schema.org","@graph":[{"@type":"WebPage","@id":"https:\/\/museo.inf.upv.es\/recortes-de-prensa\/","url":"https:\/\/museo.inf.upv.es\/recortes-de-prensa\/","name":"Retalls de Premsa - Web del Museo de Inform\u00e1tica 2.0","isPartOf":{"@id":"https:\/\/museo.inf.upv.es\/#website"},"datePublished":"2021-04-06T11:32:16+00:00","dateModified":"2021-07-08T08:14:55+00:00","breadcrumb":{"@id":"https:\/\/museo.inf.upv.es\/recortes-de-prensa\/#breadcrumb"},"inLanguage":"va-VA","potentialAction":[{"@type":"ReadAction","target":["https:\/\/museo.inf.upv.es\/recortes-de-prensa\/"]}]},{"@type":"BreadcrumbList","@id":"https:\/\/museo.inf.upv.es\/recortes-de-prensa\/#breadcrumb","itemListElement":[{"@type":"ListItem","position":1,"name":"Portada","item":"https:\/\/museo.inf.upv.es\/"},{"@type":"ListItem","position":2,"name":"Recortes de Prensa"}]},{"@type":"WebSite","@id":"https:\/\/museo.inf.upv.es\/#website","url":"https:\/\/museo.inf.upv.es\/","name":"Web del Museo de Inform\u00e1tica 2.0","description":"Web del Museo de Inform\u00e1tica 2.0","potentialAction":[{"@type":"SearchAction","target":{"@type":"EntryPoint","urlTemplate":"https:\/\/museo.inf.upv.es\/?s={search_term_string}"},"query-input":{"@type":"PropertyValueSpecification","valueRequired":true,"valueName":"search_term_string"}}],"inLanguage":"va-VA"}]}},"_links":{"self":[{"href":"https:\/\/museo.inf.upv.es\/va\/wp-json\/wp\/v2\/pages\/385","targetHints":{"allow":["GET"]}}],"collection":[{"href":"https:\/\/museo.inf.upv.es\/va\/wp-json\/wp\/v2\/pages"}],"about":[{"href":"https:\/\/museo.inf.upv.es\/va\/wp-json\/wp\/v2\/types\/page"}],"author":[{"embeddable":true,"href":"https:\/\/museo.inf.upv.es\/va\/wp-json\/wp\/v2\/users\/1"}],"replies":[{"embeddable":true,"href":"https:\/\/museo.inf.upv.es\/va\/wp-json\/wp\/v2\/comments?post=385"}],"version-history":[{"count":50,"href":"https:\/\/museo.inf.upv.es\/va\/wp-json\/wp\/v2\/pages\/385\/revisions"}],"predecessor-version":[{"id":8683,"href":"https:\/\/museo.inf.upv.es\/va\/wp-json\/wp\/v2\/pages\/385\/revisions\/8683"}],"wp:attachment":[{"href":"https:\/\/museo.inf.upv.es\/va\/wp-json\/wp\/v2\/media?parent=385"}],"curies":[{"name":"wp","href":"https:\/\/api.w.org\/{rel}","templated":true}]}}