{"id":4217,"date":"2021-05-11T16:28:54","date_gmt":"2021-05-11T16:28:54","guid":{"rendered":"https:\/\/museoupdating.webs.upv.es\/?page_id=4217"},"modified":"2021-06-01T08:02:03","modified_gmt":"2021-06-01T08:02:03","slug":"otros-museos","status":"publish","type":"page","link":"https:\/\/museo.inf.upv.es\/va\/otros-museos\/","title":{"rendered":"Altres Museus"},"content":{"rendered":"<p>En aquesta p\u00e0gina es mostren enlla\u00e7os a altres museus d&#8217;inform\u00e0tica d&#8217;Europa i el m\u00f3n.<\/p>\n<p><\/p>\n\n<div id=\"pl-gb4217-6a03bc633e034\"  class=\"panel-layout\" ><div id=\"pg-gb4217-6a03bc633e034-0\"  class=\"panel-grid panel-no-style\" ><div id=\"pgc-gb4217-6a03bc633e034-0-0\"  class=\"panel-grid-cell\" ><div id=\"panel-gb4217-6a03bc633e034-0-0-0\" class=\"so-panel widget widget_media_gallery panel-first-child panel-last-child\" data-index=\"0\" ><div class=\"panel-widget-style panel-widget-style-for-gb4217-6a03bc633e034-0-0-0\" >\n\t\t<style type=\"text\/css\">\n\t\t\t#gallery-1 {\n\t\t\t\tmargin: auto;\n\t\t\t}\n\t\t\t#gallery-1 .gallery-item {\n\t\t\t\tfloat: left;\n\t\t\t\tmargin-top: 10px;\n\t\t\t\ttext-align: center;\n\t\t\t\twidth: 25%;\n\t\t\t}\n\t\t\t#gallery-1 img {\n\t\t\t\tborder: 2px solid #cfcfcf;\n\t\t\t}\n\t\t\t#gallery-1 .gallery-caption {\n\t\t\t\tmargin-left: 0;\n\t\t\t}\n\t\t\t\/* see gallery_shortcode() in wp-includes\/media.php *\/\n\t\t<\/style>\n\t\t<div id='gallery-1' class='gallery galleryid-4217 gallery-columns-4 gallery-size-large'><dl class='gallery-item'>\n\t\t\t<dt class='gallery-icon landscape'>\n\t\t\t\t<a href='https:\/\/museo.inf.upv.es\/va\/otros-museos\/marcaucmnegro\/#main'><img loading=\"lazy\" decoding=\"async\" width=\"720\" height=\"186\" src=\"https:\/\/museo.inf.upv.es\/wp-content\/uploads\/2021\/05\/MarcaUCMNegro-1024x264.png\" class=\"attachment-large size-large\" alt=\"\" aria-describedby=\"gallery-1-4222\" srcset=\"https:\/\/museo.inf.upv.es\/wp-content\/uploads\/2021\/05\/MarcaUCMNegro-1024x264.png 1024w, https:\/\/museo.inf.upv.es\/wp-content\/uploads\/2021\/05\/MarcaUCMNegro-300x77.png 300w, https:\/\/museo.inf.upv.es\/wp-content\/uploads\/2021\/05\/MarcaUCMNegro-768x198.png 768w, https:\/\/museo.inf.upv.es\/wp-content\/uploads\/2021\/05\/MarcaUCMNegro-1536x395.png 1536w, https:\/\/museo.inf.upv.es\/wp-content\/uploads\/2021\/05\/MarcaUCMNegro.png 1577w\" sizes=\"auto, (max-width: 720px) 100vw, 720px\" \/><\/a>\n\t\t\t<\/dt>\n\t\t\t\t<dd class='wp-caption-text gallery-caption' id='gallery-1-4222'>\n\t\t\t\t<a href=\"http:\/\/www.fdi.ucm.es\/migs\/\">MUSEO DE INFORM\u00c1TICA DE LA UNIVERSIDAD COMPLUTENSE (Madrid)<\/a>\n\t\t\t\t<\/dd><\/dl><dl class='gallery-item'>\n\t\t\t<dt class='gallery-icon landscape'>\n\t\t\t\t<a href='https:\/\/museo.inf.upv.es\/va\/otros-museos\/logomuseo\/#main'><img loading=\"lazy\" decoding=\"async\" width=\"600\" height=\"312\" src=\"https:\/\/museo.inf.upv.es\/wp-content\/uploads\/2021\/05\/logomuseo.jpg\" class=\"attachment-large size-large\" alt=\"\" aria-describedby=\"gallery-1-4220\" srcset=\"https:\/\/museo.inf.upv.es\/wp-content\/uploads\/2021\/05\/logomuseo.jpg 600w, https:\/\/museo.inf.upv.es\/wp-content\/uploads\/2021\/05\/logomuseo-300x156.jpg 300w\" sizes=\"auto, (max-width: 600px) 100vw, 600px\" \/><\/a>\n\t\t\t<\/dt>\n\t\t\t\t<dd class='wp-caption-text gallery-caption' id='gallery-1-4220'>\n\t\t\t\t<a href=\"https:\/\/museohc.com\/\">MUSEO DE  HISTORIA DE LA COMPUTACI\u00d3N (C\u00c1CERES)<\/a>\n\t\t\t\t<\/dd><\/dl><dl class='gallery-item'>\n\t\t\t<dt class='gallery-icon landscape'>\n\t\t\t\t<a href='https:\/\/museo.inf.upv.es\/va\/web-2016-11-logo-mupin-lungo\/'><img loading=\"lazy\" decoding=\"async\" width=\"720\" height=\"307\" src=\"https:\/\/museo.inf.upv.es\/wp-content\/uploads\/2021\/05\/web-2016-11-Logo-mupin-lungo.jpg\" class=\"attachment-large size-large\" alt=\"\" aria-describedby=\"gallery-1-4224\" srcset=\"https:\/\/museo.inf.upv.es\/wp-content\/uploads\/2021\/05\/web-2016-11-Logo-mupin-lungo.jpg 812w, https:\/\/museo.inf.upv.es\/wp-content\/uploads\/2021\/05\/web-2016-11-Logo-mupin-lungo-300x128.jpg 300w, https:\/\/museo.inf.upv.es\/wp-content\/uploads\/2021\/05\/web-2016-11-Logo-mupin-lungo-768x327.jpg 768w\" sizes=\"auto, (max-width: 720px) 100vw, 720px\" \/><\/a>\n\t\t\t<\/dt>\n\t\t\t\t<dd class='wp-caption-text gallery-caption' id='gallery-1-4224'>\n\t\t\t\t<a href=\"http:\/\/www.mupin.it\/\">MUSEO PIEMONTESE DELL&#8217;INFORMATICA (Tur\u00edn)<\/a>\n\t\t\t\t<\/dd><\/dl><dl class='gallery-item'>\n\t\t\t<dt class='gallery-icon landscape'>\n\t\t\t\t<a href='https:\/\/museo.inf.upv.es\/va\/otros-museos\/logo-2018\/#main'><img loading=\"lazy\" decoding=\"async\" width=\"376\" height=\"100\" src=\"https:\/\/museo.inf.upv.es\/wp-content\/uploads\/2021\/05\/logo-2018.png\" class=\"attachment-large size-large\" alt=\"\" aria-describedby=\"gallery-1-4221\" srcset=\"https:\/\/museo.inf.upv.es\/wp-content\/uploads\/2021\/05\/logo-2018.png 376w, https:\/\/museo.inf.upv.es\/wp-content\/uploads\/2021\/05\/logo-2018-300x80.png 300w\" sizes=\"auto, (max-width: 376px) 100vw, 376px\" \/><\/a>\n\t\t\t<\/dt>\n\t\t\t\t<dd class='wp-caption-text gallery-caption' id='gallery-1-4221'>\n\t\t\t\t<a href=\"https:\/\/museodeinformatica.org.ar\/\">MUSEO DE INFORM\u00c1TICA <\/br>(Buenos Aires)<\/a>\n\t\t\t\t<\/dd><\/dl><br style=\"clear: both\" \/>\n\t\t<\/div>\n<\/div><\/div><\/div><\/div><\/div>\n\n\n<p>Otros museos (art\u00edculo) <a href=\"https:\/\/www.eldiario.es\/tecnologia\/diario-turing\/museos-debes-visitar-apasiona-tecnologia_1_4582078.html\">https:\/\/www.eldiario.es\/tecnologia\/diario-turing\/museos-debes-visitar-apasiona-tecnologia_1_4582078.html<\/a><\/p>","protected":false},"excerpt":{"rendered":"<p>En aquesta p\u00e0gina es mostren enlla\u00e7os a altres museus d&#8217;inform\u00e0tica d&#8217;Europa i el m\u00f3n. Otros museos (art\u00edculo) https:\/\/www.eldiario.es\/tecnologia\/diario-turing\/museos-debes-visitar-apasiona-tecnologia_1_4582078.html<\/p>\n","protected":false},"author":1,"featured_media":0,"parent":0,"menu_order":0,"comment_status":"closed","ping_status":"closed","template":"","meta":{"_monsterinsights_skip_tracking":false,"_monsterinsights_sitenote_active":false,"_monsterinsights_sitenote_note":"","_monsterinsights_sitenote_category":0,"footnotes":""},"class_list":["post-4217","page","type-page","status-publish","hentry","post"],"yoast_head":"<!-- This site is optimized with the Yoast SEO plugin v27.5 - https:\/\/yoast.com\/product\/yoast-seo-wordpress\/ -->\n<title>Altres Museus - Web del Museo de Inform\u00e1tica 2.0<\/title>\n<meta name=\"robots\" content=\"index, follow, max-snippet:-1, max-image-preview:large, max-video-preview:-1\" \/>\n<link rel=\"canonical\" href=\"https:\/\/museo.inf.upv.es\/en\/otros-museos\/\" \/>\n<meta property=\"og:locale\" content=\"en_US\" \/>\n<meta property=\"og:type\" content=\"article\" \/>\n<meta property=\"og:title\" content=\"Altres Museus - Web del Museo de Inform\u00e1tica 2.0\" \/>\n<meta property=\"og:description\" content=\"En aquesta p\u00e0gina es mostren enlla\u00e7os a altres museus d&#8217;inform\u00e0tica d&#8217;Europa i el m\u00f3n. Otros museos (art\u00edculo) https:\/\/www.eldiario.es\/tecnologia\/diario-turing\/museos-debes-visitar-apasiona-tecnologia_1_4582078.html\" \/>\n<meta property=\"og:url\" content=\"https:\/\/museo.inf.upv.es\/en\/otros-museos\/\" \/>\n<meta property=\"og:site_name\" content=\"Web del Museo de Inform\u00e1tica 2.0\" \/>\n<meta property=\"article:modified_time\" content=\"2021-06-01T08:02:03+00:00\" \/>\n<meta property=\"og:image\" content=\"https:\/\/museoinf.webs.upv.es\/wp-content\/uploads\/2021\/05\/MarcaUCMNegro-1024x264.png\" \/>\n<meta name=\"twitter:card\" content=\"summary_large_image\" \/>\n<meta name=\"twitter:label1\" content=\"Est. reading time\" \/>\n\t<meta name=\"twitter:data1\" content=\"2 minutes\" \/>\n<script type=\"application\/ld+json\" class=\"yoast-schema-graph\">{\"@context\":\"https:\\\/\\\/schema.org\",\"@graph\":[{\"@type\":\"WebPage\",\"@id\":\"https:\\\/\\\/museo.inf.upv.es\\\/en\\\/otros-museos\\\/\",\"url\":\"https:\\\/\\\/museo.inf.upv.es\\\/en\\\/otros-museos\\\/\",\"name\":\"Altres Museus - Web del Museo de Inform\u00e1tica 2.0\",\"isPartOf\":{\"@id\":\"https:\\\/\\\/museo.inf.upv.es\\\/#website\"},\"primaryImageOfPage\":{\"@id\":\"https:\\\/\\\/museo.inf.upv.es\\\/en\\\/otros-museos\\\/#primaryimage\"},\"image\":{\"@id\":\"https:\\\/\\\/museo.inf.upv.es\\\/en\\\/otros-museos\\\/#primaryimage\"},\"thumbnailUrl\":\"https:\\\/\\\/museoinf.webs.upv.es\\\/wp-content\\\/uploads\\\/2021\\\/05\\\/MarcaUCMNegro-1024x264.png\",\"datePublished\":\"2021-05-11T16:28:54+00:00\",\"dateModified\":\"2021-06-01T08:02:03+00:00\",\"breadcrumb\":{\"@id\":\"https:\\\/\\\/museo.inf.upv.es\\\/en\\\/otros-museos\\\/#breadcrumb\"},\"inLanguage\":\"va-VA\",\"potentialAction\":[{\"@type\":\"ReadAction\",\"target\":[\"https:\\\/\\\/museo.inf.upv.es\\\/en\\\/otros-museos\\\/\"]}]},{\"@type\":\"ImageObject\",\"inLanguage\":\"va-VA\",\"@id\":\"https:\\\/\\\/museo.inf.upv.es\\\/en\\\/otros-museos\\\/#primaryimage\",\"url\":\"https:\\\/\\\/museoinf.webs.upv.es\\\/wp-content\\\/uploads\\\/2021\\\/05\\\/MarcaUCMNegro-1024x264.png\",\"contentUrl\":\"https:\\\/\\\/museoinf.webs.upv.es\\\/wp-content\\\/uploads\\\/2021\\\/05\\\/MarcaUCMNegro-1024x264.png\"},{\"@type\":\"BreadcrumbList\",\"@id\":\"https:\\\/\\\/museo.inf.upv.es\\\/en\\\/otros-museos\\\/#breadcrumb\",\"itemListElement\":[{\"@type\":\"ListItem\",\"position\":1,\"name\":\"Portada\",\"item\":\"https:\\\/\\\/museo.inf.upv.es\\\/\"},{\"@type\":\"ListItem\",\"position\":2,\"name\":\"Other Museums\"}]},{\"@type\":\"WebSite\",\"@id\":\"https:\\\/\\\/museo.inf.upv.es\\\/#website\",\"url\":\"https:\\\/\\\/museo.inf.upv.es\\\/\",\"name\":\"Web del Museo de Inform\u00e1tica 2.0\",\"description\":\"Web del Museo de Inform\u00e1tica 2.0\",\"potentialAction\":[{\"@type\":\"SearchAction\",\"target\":{\"@type\":\"EntryPoint\",\"urlTemplate\":\"https:\\\/\\\/museo.inf.upv.es\\\/?s={search_term_string}\"},\"query-input\":{\"@type\":\"PropertyValueSpecification\",\"valueRequired\":true,\"valueName\":\"search_term_string\"}}],\"inLanguage\":\"va-VA\"}]}<\/script>\n<!-- \/ Yoast SEO plugin. -->","yoast_head_json":{"title":"Altres Museus - Web del Museo de Inform\u00e1tica 2.0","robots":{"index":"index","follow":"follow","max-snippet":"max-snippet:-1","max-image-preview":"max-image-preview:large","max-video-preview":"max-video-preview:-1"},"canonical":"https:\/\/museo.inf.upv.es\/en\/otros-museos\/","og_locale":"en_US","og_type":"article","og_title":"Altres Museus - Web del Museo de Inform\u00e1tica 2.0","og_description":"En aquesta p\u00e0gina es mostren enlla\u00e7os a altres museus d&#8217;inform\u00e0tica d&#8217;Europa i el m\u00f3n. Otros museos (art\u00edculo) https:\/\/www.eldiario.es\/tecnologia\/diario-turing\/museos-debes-visitar-apasiona-tecnologia_1_4582078.html","og_url":"https:\/\/museo.inf.upv.es\/en\/otros-museos\/","og_site_name":"Web del Museo de Inform\u00e1tica 2.0","article_modified_time":"2021-06-01T08:02:03+00:00","og_image":[{"url":"https:\/\/museoinf.webs.upv.es\/wp-content\/uploads\/2021\/05\/MarcaUCMNegro-1024x264.png","type":"","width":"","height":""}],"twitter_card":"summary_large_image","twitter_misc":{"Est. reading time":"2 minutes"},"schema":{"@context":"https:\/\/schema.org","@graph":[{"@type":"WebPage","@id":"https:\/\/museo.inf.upv.es\/en\/otros-museos\/","url":"https:\/\/museo.inf.upv.es\/en\/otros-museos\/","name":"Altres Museus - Web del Museo de Inform\u00e1tica 2.0","isPartOf":{"@id":"https:\/\/museo.inf.upv.es\/#website"},"primaryImageOfPage":{"@id":"https:\/\/museo.inf.upv.es\/en\/otros-museos\/#primaryimage"},"image":{"@id":"https:\/\/museo.inf.upv.es\/en\/otros-museos\/#primaryimage"},"thumbnailUrl":"https:\/\/museoinf.webs.upv.es\/wp-content\/uploads\/2021\/05\/MarcaUCMNegro-1024x264.png","datePublished":"2021-05-11T16:28:54+00:00","dateModified":"2021-06-01T08:02:03+00:00","breadcrumb":{"@id":"https:\/\/museo.inf.upv.es\/en\/otros-museos\/#breadcrumb"},"inLanguage":"va-VA","potentialAction":[{"@type":"ReadAction","target":["https:\/\/museo.inf.upv.es\/en\/otros-museos\/"]}]},{"@type":"ImageObject","inLanguage":"va-VA","@id":"https:\/\/museo.inf.upv.es\/en\/otros-museos\/#primaryimage","url":"https:\/\/museoinf.webs.upv.es\/wp-content\/uploads\/2021\/05\/MarcaUCMNegro-1024x264.png","contentUrl":"https:\/\/museoinf.webs.upv.es\/wp-content\/uploads\/2021\/05\/MarcaUCMNegro-1024x264.png"},{"@type":"BreadcrumbList","@id":"https:\/\/museo.inf.upv.es\/en\/otros-museos\/#breadcrumb","itemListElement":[{"@type":"ListItem","position":1,"name":"Portada","item":"https:\/\/museo.inf.upv.es\/"},{"@type":"ListItem","position":2,"name":"Other Museums"}]},{"@type":"WebSite","@id":"https:\/\/museo.inf.upv.es\/#website","url":"https:\/\/museo.inf.upv.es\/","name":"Web del Museo de Inform\u00e1tica 2.0","description":"Web del Museo de Inform\u00e1tica 2.0","potentialAction":[{"@type":"SearchAction","target":{"@type":"EntryPoint","urlTemplate":"https:\/\/museo.inf.upv.es\/?s={search_term_string}"},"query-input":{"@type":"PropertyValueSpecification","valueRequired":true,"valueName":"search_term_string"}}],"inLanguage":"va-VA"}]}},"_links":{"self":[{"href":"https:\/\/museo.inf.upv.es\/va\/wp-json\/wp\/v2\/pages\/4217","targetHints":{"allow":["GET"]}}],"collection":[{"href":"https:\/\/museo.inf.upv.es\/va\/wp-json\/wp\/v2\/pages"}],"about":[{"href":"https:\/\/museo.inf.upv.es\/va\/wp-json\/wp\/v2\/types\/page"}],"author":[{"embeddable":true,"href":"https:\/\/museo.inf.upv.es\/va\/wp-json\/wp\/v2\/users\/1"}],"replies":[{"embeddable":true,"href":"https:\/\/museo.inf.upv.es\/va\/wp-json\/wp\/v2\/comments?post=4217"}],"version-history":[{"count":19,"href":"https:\/\/museo.inf.upv.es\/va\/wp-json\/wp\/v2\/pages\/4217\/revisions"}],"predecessor-version":[{"id":8128,"href":"https:\/\/museo.inf.upv.es\/va\/wp-json\/wp\/v2\/pages\/4217\/revisions\/8128"}],"wp:attachment":[{"href":"https:\/\/museo.inf.upv.es\/va\/wp-json\/wp\/v2\/media?parent=4217"}],"curies":[{"name":"wp","href":"https:\/\/api.w.org\/{rel}","templated":true}]}}