{"id":5979,"date":"2021-05-19T09:17:07","date_gmt":"2021-05-19T09:17:07","guid":{"rendered":"https:\/\/museoupdating.webs.upv.es\/?page_id=5979"},"modified":"2021-05-28T13:59:56","modified_gmt":"2021-05-28T13:59:56","slug":"scratch","status":"publish","type":"page","link":"https:\/\/museo.inf.upv.es\/va\/scratch\/","title":{"rendered":"Scratch"},"content":{"rendered":"<h1 style=\"text-align: center;\"><span style=\"color: #d1005d;\">Apr\u00e9n i juga amb Scratch<\/span><\/h1>\n\n\n<div class=\"wp-block-columns is-layout-flex wp-container-core-columns-is-layout-9d6595d7 wp-block-columns-is-layout-flex\">\n<div class=\"wp-block-column is-layout-flow wp-block-column-is-layout-flow\" style=\"flex-basis:33.33%\">\n<figure class=\"wp-block-image size-large\"><img loading=\"lazy\" decoding=\"async\" width=\"530\" height=\"345\" src=\"https:\/\/museoinf.webs.upv.es\/wp-content\/uploads\/2021\/05\/scratch-howilearnedcode.jpg\" alt=\"\" class=\"wp-image-4452\" srcset=\"https:\/\/museo.inf.upv.es\/wp-content\/uploads\/2021\/05\/scratch-howilearnedcode.jpg 530w, https:\/\/museo.inf.upv.es\/wp-content\/uploads\/2021\/05\/scratch-howilearnedcode-300x195.jpg 300w\" sizes=\"auto, (max-width: 530px) 100vw, 530px\" \/><\/figure>\n<\/div>\n\n\n\n<div class=\"wp-block-column is-layout-flow wp-block-column-is-layout-flow\" style=\"flex-basis:50%\">\n<p style=\"text-align: justify;\">En aquesta secci\u00f3 de la web del Museu es mostren diversos projectes creats en el llenguatge de programaci\u00f3 Escratx. Escratx \u00e9s un llenguatge de programaci\u00f3 visual desenvolupat pel Grup Lifelong Kindergarten de el MIT Media Lab.\u200b La seua principal caracter\u00edstica consisteix en el fet que permet el desenvolupament d&#8217;habilitats mentals mitjan\u00e7ant l&#8217;aprenentatge de la programaci\u00f3 sense tindre coneixements profunds sobre el codi. Les seues caracter\u00edstiques lligades al f\u00e0cil enteniment del pensament computacional han fet que siga molt dif\u00f3s en l&#8217;educaci\u00f3 de xiquets, adolescents i adults.<\/p>\n<p>Font: Wikipedia.<\/p>\n<p>T&#8217;oferim dos tipus de projectes, disfutals:<\/p>\n<p><\/p>\n<\/div>\n<\/div>\n\n\n<p><\/p>\n\n\n<div class=\"wp-block-buttons is-content-justification-center is-layout-flex wp-block-buttons-is-layout-flex\">\n<div class=\"wp-block-button\"><a class=\"wp-block-button__link has-white-color has-text-color has-background\" href=\"https:\/\/museoinf.webs.upv.es\/juega-con-scratch-2\/\" style=\"background-color:#d1005d\">Cl\u00e0ssic Videojocs amb Scratch<\/a><\/div>\n\n\n\n<div class=\"wp-block-button\"><a class=\"wp-block-button__link has-white-color has-text-color has-background\" href=\"https:\/\/museoinf.webs.upv.es\/la-criptografia-clasica-con-scratch\/\" style=\"background-color:#d1005d\" target=\"_blank\" rel=\"noreferrer noopener\">Criptografia amb Scratch<\/a><\/div>\n<\/div>\n\n\n\n<div class=\"wp-block-columns are-vertically-aligned-center is-layout-flex wp-container-core-columns-is-layout-9d6595d7 wp-block-columns-is-layout-flex\">\n<div class=\"wp-block-column is-vertically-aligned-center is-layout-flow wp-block-column-is-layout-flow\">\n<div class=\"wp-block-buttons is-content-justification-center is-layout-flex wp-block-buttons-is-layout-flex\"><\/div>\n<\/div>\n\n\n\n<div class=\"wp-block-column is-vertically-aligned-center is-layout-flow wp-block-column-is-layout-flow\">\n<div class=\"wp-block-buttons is-content-justification-center is-layout-flex wp-block-buttons-is-layout-flex\"><\/div>\n<\/div>\n<\/div>\n\n\n\n<p><\/p>","protected":false},"excerpt":{"rendered":"<p>Apr\u00e9n i juga amb Scratch En aquesta secci\u00f3 de la web del Museu es mostren diversos projectes creats en el llenguatge de programaci\u00f3 Escratx. Escratx \u00e9s un llenguatge de programaci\u00f3 visual desenvolupat pel Grup Lifelong Kindergarten de el MIT Media Lab.\u200b La seua principal caracter\u00edstica consisteix en el fet que permet el desenvolupament d&#8217;habilitats mentals [&hellip;]<\/p>\n","protected":false},"author":1,"featured_media":0,"parent":0,"menu_order":0,"comment_status":"closed","ping_status":"closed","template":"","meta":{"_monsterinsights_skip_tracking":false,"_monsterinsights_sitenote_active":false,"_monsterinsights_sitenote_note":"","_monsterinsights_sitenote_category":0,"footnotes":""},"class_list":["post-5979","page","type-page","status-publish","hentry","post"],"yoast_head":"<!-- This site is optimized with the Yoast SEO plugin v27.4 - https:\/\/yoast.com\/product\/yoast-seo-wordpress\/ -->\n<title>Scratch - Web del Museo de Inform\u00e1tica 2.0<\/title>\n<meta name=\"robots\" content=\"index, follow, max-snippet:-1, max-image-preview:large, max-video-preview:-1\" \/>\n<link rel=\"canonical\" href=\"https:\/\/museo.inf.upv.es\/en\/scratch\/\" \/>\n<meta property=\"og:locale\" content=\"en_US\" \/>\n<meta property=\"og:type\" content=\"article\" \/>\n<meta property=\"og:title\" content=\"Scratch - Web del Museo de Inform\u00e1tica 2.0\" \/>\n<meta property=\"og:description\" content=\"Apr\u00e9n i juga amb Scratch En aquesta secci\u00f3 de la web del Museu es mostren diversos projectes creats en el llenguatge de programaci\u00f3 Escratx. Escratx \u00e9s un llenguatge de programaci\u00f3 visual desenvolupat pel Grup Lifelong Kindergarten de el MIT Media Lab.\u200b La seua principal caracter\u00edstica consisteix en el fet que permet el desenvolupament d&#8217;habilitats mentals [&hellip;]\" \/>\n<meta property=\"og:url\" content=\"https:\/\/museo.inf.upv.es\/en\/scratch\/\" \/>\n<meta property=\"og:site_name\" content=\"Web del Museo de Inform\u00e1tica 2.0\" \/>\n<meta property=\"article:modified_time\" content=\"2021-05-28T13:59:56+00:00\" \/>\n<meta property=\"og:image\" content=\"https:\/\/museoinf.webs.upv.es\/wp-content\/uploads\/2021\/05\/scratch-howilearnedcode.jpg\" \/>\n<meta name=\"twitter:card\" content=\"summary_large_image\" \/>\n<meta name=\"twitter:label1\" content=\"Est. reading time\" \/>\n\t<meta name=\"twitter:data1\" content=\"2 minutes\" \/>\n<script type=\"application\/ld+json\" class=\"yoast-schema-graph\">{\"@context\":\"https:\\\/\\\/schema.org\",\"@graph\":[{\"@type\":\"WebPage\",\"@id\":\"https:\\\/\\\/museo.inf.upv.es\\\/en\\\/scratch\\\/\",\"url\":\"https:\\\/\\\/museo.inf.upv.es\\\/en\\\/scratch\\\/\",\"name\":\"Scratch - Web del Museo de Inform\u00e1tica 2.0\",\"isPartOf\":{\"@id\":\"https:\\\/\\\/museo.inf.upv.es\\\/#website\"},\"primaryImageOfPage\":{\"@id\":\"https:\\\/\\\/museo.inf.upv.es\\\/en\\\/scratch\\\/#primaryimage\"},\"image\":{\"@id\":\"https:\\\/\\\/museo.inf.upv.es\\\/en\\\/scratch\\\/#primaryimage\"},\"thumbnailUrl\":\"https:\\\/\\\/museoinf.webs.upv.es\\\/wp-content\\\/uploads\\\/2021\\\/05\\\/scratch-howilearnedcode.jpg\",\"datePublished\":\"2021-05-19T09:17:07+00:00\",\"dateModified\":\"2021-05-28T13:59:56+00:00\",\"breadcrumb\":{\"@id\":\"https:\\\/\\\/museo.inf.upv.es\\\/en\\\/scratch\\\/#breadcrumb\"},\"inLanguage\":\"va-VA\",\"potentialAction\":[{\"@type\":\"ReadAction\",\"target\":[\"https:\\\/\\\/museo.inf.upv.es\\\/en\\\/scratch\\\/\"]}]},{\"@type\":\"ImageObject\",\"inLanguage\":\"va-VA\",\"@id\":\"https:\\\/\\\/museo.inf.upv.es\\\/en\\\/scratch\\\/#primaryimage\",\"url\":\"https:\\\/\\\/museoinf.webs.upv.es\\\/wp-content\\\/uploads\\\/2021\\\/05\\\/scratch-howilearnedcode.jpg\",\"contentUrl\":\"https:\\\/\\\/museoinf.webs.upv.es\\\/wp-content\\\/uploads\\\/2021\\\/05\\\/scratch-howilearnedcode.jpg\"},{\"@type\":\"BreadcrumbList\",\"@id\":\"https:\\\/\\\/museo.inf.upv.es\\\/en\\\/scratch\\\/#breadcrumb\",\"itemListElement\":[{\"@type\":\"ListItem\",\"position\":1,\"name\":\"Portada\",\"item\":\"https:\\\/\\\/museo.inf.upv.es\\\/\"},{\"@type\":\"ListItem\",\"position\":2,\"name\":\"Scratch\"}]},{\"@type\":\"WebSite\",\"@id\":\"https:\\\/\\\/museo.inf.upv.es\\\/#website\",\"url\":\"https:\\\/\\\/museo.inf.upv.es\\\/\",\"name\":\"Web del Museo de Inform\u00e1tica 2.0\",\"description\":\"Web del Museo de Inform\u00e1tica 2.0\",\"potentialAction\":[{\"@type\":\"SearchAction\",\"target\":{\"@type\":\"EntryPoint\",\"urlTemplate\":\"https:\\\/\\\/museo.inf.upv.es\\\/?s={search_term_string}\"},\"query-input\":{\"@type\":\"PropertyValueSpecification\",\"valueRequired\":true,\"valueName\":\"search_term_string\"}}],\"inLanguage\":\"va-VA\"}]}<\/script>\n<!-- \/ Yoast SEO plugin. -->","yoast_head_json":{"title":"Scratch - Web del Museo de Inform\u00e1tica 2.0","robots":{"index":"index","follow":"follow","max-snippet":"max-snippet:-1","max-image-preview":"max-image-preview:large","max-video-preview":"max-video-preview:-1"},"canonical":"https:\/\/museo.inf.upv.es\/en\/scratch\/","og_locale":"en_US","og_type":"article","og_title":"Scratch - Web del Museo de Inform\u00e1tica 2.0","og_description":"Apr\u00e9n i juga amb Scratch En aquesta secci\u00f3 de la web del Museu es mostren diversos projectes creats en el llenguatge de programaci\u00f3 Escratx. Escratx \u00e9s un llenguatge de programaci\u00f3 visual desenvolupat pel Grup Lifelong Kindergarten de el MIT Media Lab.\u200b La seua principal caracter\u00edstica consisteix en el fet que permet el desenvolupament d&#8217;habilitats mentals [&hellip;]","og_url":"https:\/\/museo.inf.upv.es\/en\/scratch\/","og_site_name":"Web del Museo de Inform\u00e1tica 2.0","article_modified_time":"2021-05-28T13:59:56+00:00","og_image":[{"url":"https:\/\/museoinf.webs.upv.es\/wp-content\/uploads\/2021\/05\/scratch-howilearnedcode.jpg","type":"","width":"","height":""}],"twitter_card":"summary_large_image","twitter_misc":{"Est. reading time":"2 minutes"},"schema":{"@context":"https:\/\/schema.org","@graph":[{"@type":"WebPage","@id":"https:\/\/museo.inf.upv.es\/en\/scratch\/","url":"https:\/\/museo.inf.upv.es\/en\/scratch\/","name":"Scratch - Web del Museo de Inform\u00e1tica 2.0","isPartOf":{"@id":"https:\/\/museo.inf.upv.es\/#website"},"primaryImageOfPage":{"@id":"https:\/\/museo.inf.upv.es\/en\/scratch\/#primaryimage"},"image":{"@id":"https:\/\/museo.inf.upv.es\/en\/scratch\/#primaryimage"},"thumbnailUrl":"https:\/\/museoinf.webs.upv.es\/wp-content\/uploads\/2021\/05\/scratch-howilearnedcode.jpg","datePublished":"2021-05-19T09:17:07+00:00","dateModified":"2021-05-28T13:59:56+00:00","breadcrumb":{"@id":"https:\/\/museo.inf.upv.es\/en\/scratch\/#breadcrumb"},"inLanguage":"va-VA","potentialAction":[{"@type":"ReadAction","target":["https:\/\/museo.inf.upv.es\/en\/scratch\/"]}]},{"@type":"ImageObject","inLanguage":"va-VA","@id":"https:\/\/museo.inf.upv.es\/en\/scratch\/#primaryimage","url":"https:\/\/museoinf.webs.upv.es\/wp-content\/uploads\/2021\/05\/scratch-howilearnedcode.jpg","contentUrl":"https:\/\/museoinf.webs.upv.es\/wp-content\/uploads\/2021\/05\/scratch-howilearnedcode.jpg"},{"@type":"BreadcrumbList","@id":"https:\/\/museo.inf.upv.es\/en\/scratch\/#breadcrumb","itemListElement":[{"@type":"ListItem","position":1,"name":"Portada","item":"https:\/\/museo.inf.upv.es\/"},{"@type":"ListItem","position":2,"name":"Scratch"}]},{"@type":"WebSite","@id":"https:\/\/museo.inf.upv.es\/#website","url":"https:\/\/museo.inf.upv.es\/","name":"Web del Museo de Inform\u00e1tica 2.0","description":"Web del Museo de Inform\u00e1tica 2.0","potentialAction":[{"@type":"SearchAction","target":{"@type":"EntryPoint","urlTemplate":"https:\/\/museo.inf.upv.es\/?s={search_term_string}"},"query-input":{"@type":"PropertyValueSpecification","valueRequired":true,"valueName":"search_term_string"}}],"inLanguage":"va-VA"}]}},"_links":{"self":[{"href":"https:\/\/museo.inf.upv.es\/va\/wp-json\/wp\/v2\/pages\/5979","targetHints":{"allow":["GET"]}}],"collection":[{"href":"https:\/\/museo.inf.upv.es\/va\/wp-json\/wp\/v2\/pages"}],"about":[{"href":"https:\/\/museo.inf.upv.es\/va\/wp-json\/wp\/v2\/types\/page"}],"author":[{"embeddable":true,"href":"https:\/\/museo.inf.upv.es\/va\/wp-json\/wp\/v2\/users\/1"}],"replies":[{"embeddable":true,"href":"https:\/\/museo.inf.upv.es\/va\/wp-json\/wp\/v2\/comments?post=5979"}],"version-history":[{"count":17,"href":"https:\/\/museo.inf.upv.es\/va\/wp-json\/wp\/v2\/pages\/5979\/revisions"}],"predecessor-version":[{"id":7954,"href":"https:\/\/museo.inf.upv.es\/va\/wp-json\/wp\/v2\/pages\/5979\/revisions\/7954"}],"wp:attachment":[{"href":"https:\/\/museo.inf.upv.es\/va\/wp-json\/wp\/v2\/media?parent=5979"}],"curies":[{"name":"wp","href":"https:\/\/api.w.org\/{rel}","templated":true}]}}