{"id":6745,"date":"2021-05-23T18:56:06","date_gmt":"2021-05-23T18:56:06","guid":{"rendered":"https:\/\/museoupdating.webs.upv.es\/?page_id=6745"},"modified":"2021-05-23T19:39:20","modified_gmt":"2021-05-23T19:39:20","slug":"actividades-3","status":"publish","type":"page","link":"https:\/\/museo.inf.upv.es\/va\/actividades-3\/","title":{"rendered":"Activitats"},"content":{"rendered":"\n<h2 class=\"wp-block-heading\">Visitas Guiadas<\/h2>\n\n\n<ul class=\"wp-block-latest-posts__list wp-block-latest-posts\"><li><div class=\"wp-block-latest-posts__featured-image aligncenter\"><img loading=\"lazy\" decoding=\"async\" width=\"300\" height=\"225\" src=\"https:\/\/museo.inf.upv.es\/wp-content\/uploads\/2021\/05\/VG-COLEGIO-RUZAFA-25-05-2018-13-300x225-1.jpg\" class=\"attachment-medium size-medium wp-post-image\" alt=\"\" style=\"\" \/><\/div><a class=\"wp-block-latest-posts__post-title\" href=\"https:\/\/museo.inf.upv.es\/va\/blog\/2021\/05\/21\/el-museo-de-informatica-por-dentro\/\">El Museu d\u2019Inform\u00e0tica per dins<\/a><div class=\"wp-block-latest-posts__post-excerpt\">La visita guiada \u00e9s la millor manera de con\u00e8ixer les instal\u00b7lacions i fons del Museu d\u2019Inform\u00e0tica. L\u2019activitat inclou la projecci\u00f3 d\u2019un documental sobre la Hist\u00f2ria de la Inform\u00e0tica i despr\u00e9s un recorregut guiat per l\u2019exposici\u00f3 permanent del museu. En la visita es podran contemplar dispositius de c\u00e0lcul de tot tipus, les principals fites de la\u2026 <a class=\"wp-block-latest-posts__read-more\" href=\"https:\/\/museo.inf.upv.es\/va\/blog\/2021\/05\/21\/el-museo-de-informatica-por-dentro\/\" rel=\"noopener noreferrer\">Read more<span class=\"screen-reader-text\">: El Museu d\u2019Inform\u00e0tica per dins<\/span><\/a><\/div><\/li>\n<\/ul>\n\n\n<h2 class=\"wp-block-heading\">La Inform\u00e1tica Vintage<\/h2>\n\n\n<ul class=\"wp-block-latest-posts__list alignleft wp-block-latest-posts\"><li><div class=\"wp-block-latest-posts__featured-image aligncenter\"><img loading=\"lazy\" decoding=\"async\" width=\"300\" height=\"169\" src=\"https:\/\/museo.inf.upv.es\/wp-content\/uploads\/2021\/05\/TR-COLEGIO-DIOCESANO-SAN-JUAN-BOSCO-07-05-2018-5-720x406-1-300x169.jpg\" class=\"attachment-medium size-medium wp-post-image\" alt=\"\" style=\"\" srcset=\"https:\/\/museo.inf.upv.es\/wp-content\/uploads\/2021\/05\/TR-COLEGIO-DIOCESANO-SAN-JUAN-BOSCO-07-05-2018-5-720x406-1-300x169.jpg 300w, https:\/\/museo.inf.upv.es\/wp-content\/uploads\/2021\/05\/TR-COLEGIO-DIOCESANO-SAN-JUAN-BOSCO-07-05-2018-5-720x406-1.jpg 720w\" sizes=\"auto, (max-width: 300px) 100vw, 300px\" \/><\/div><a class=\"wp-block-latest-posts__post-title\" href=\"https:\/\/museo.inf.upv.es\/va\/blog\/2021\/05\/23\/taller-de-retroinformatica\/\">Taller de Retroinform\u00e0tica<\/a><div class=\"wp-block-latest-posts__post-excerpt\">Aquesta activitat submergeix el visitant en el m\u00f3n i els usos inform\u00e0tics dels primers ordinadors dom\u00e8stics. Utilitzem microordinadors Amstrad dels anys 80 del segle XX per estudiar petits programes en llenguatge BASIC (no cal con\u00e8ixer-lo pr\u00e8viament) i tamb\u00e9 per jugar amb videojocs de l\u2019\u00e8poca. A causa de les particularitats de les condicions de l\u2019espai\u2026 <a class=\"wp-block-latest-posts__read-more\" href=\"https:\/\/museo.inf.upv.es\/va\/blog\/2021\/05\/23\/taller-de-retroinformatica\/\" rel=\"noopener noreferrer\">Read more<span class=\"screen-reader-text\">: Taller de Retroinform\u00e0tica<\/span><\/a><\/div><\/li>\n<\/ul>\n\n\n<p><\/p>\n\n\n\n<h2 class=\"wp-block-heading\">Talleres de Programaci\u00f3n<\/h2>\n\n\n<ul class=\"wp-block-latest-posts__list alignleft wp-block-latest-posts\"><li><div class=\"wp-block-latest-posts__featured-image aligncenter\"><img loading=\"lazy\" decoding=\"async\" width=\"300\" height=\"195\" src=\"https:\/\/museo.inf.upv.es\/wp-content\/uploads\/2021\/05\/scratch-howilearnedcode-1-300x195.jpg\" class=\"attachment-medium size-medium wp-post-image\" alt=\"\" style=\"\" srcset=\"https:\/\/museo.inf.upv.es\/wp-content\/uploads\/2021\/05\/scratch-howilearnedcode-1-300x195.jpg 300w, https:\/\/museo.inf.upv.es\/wp-content\/uploads\/2021\/05\/scratch-howilearnedcode-1.jpg 530w\" sizes=\"auto, (max-width: 300px) 100vw, 300px\" \/><\/div><a class=\"wp-block-latest-posts__post-title\" href=\"https:\/\/museo.inf.upv.es\/va\/blog\/2021\/05\/23\/taller-de-programacion-basica-con-scratch\/\">Taller de Programaci\u00f3 B\u00e0sica amb Scratch<\/a><div class=\"wp-block-latest-posts__post-excerpt\">En aquesta activitat ensenyem a programar a trav\u00e9s de la concepci\u00f3 i disseny d\u2019un videojoc, tal com ho faria una enginyera inform\u00e0tica aplicant el pensament computacional. Per participar en el taller no cal tenir coneixements previs de programaci\u00f3 o de l\u2019eina Scratch: nom\u00e9s cal molta motivaci\u00f3 i ganes d\u2019aprendre a programar, una destresa indispensable per\u2026 <a class=\"wp-block-latest-posts__read-more\" href=\"https:\/\/museo.inf.upv.es\/va\/blog\/2021\/05\/23\/taller-de-programacion-basica-con-scratch\/\" rel=\"noopener noreferrer\">Read more<span class=\"screen-reader-text\">: Taller de Programaci\u00f3 B\u00e0sica amb Scratch<\/span><\/a><\/div><\/li>\n<li><div class=\"wp-block-latest-posts__featured-image aligncenter\"><img loading=\"lazy\" decoding=\"async\" width=\"300\" height=\"253\" src=\"https:\/\/museo.inf.upv.es\/wp-content\/uploads\/2021\/05\/scratch-header-300x253.png\" class=\"attachment-medium size-medium wp-post-image\" alt=\"\" style=\"\" srcset=\"https:\/\/museo.inf.upv.es\/wp-content\/uploads\/2021\/05\/scratch-header-300x253.png 300w, https:\/\/museo.inf.upv.es\/wp-content\/uploads\/2021\/05\/scratch-header.png 594w\" sizes=\"auto, (max-width: 300px) 100vw, 300px\" \/><\/div><a class=\"wp-block-latest-posts__post-title\" href=\"https:\/\/museo.inf.upv.es\/va\/blog\/2021\/05\/23\/taller-de-programacion-fisica-con-scratch-y-picoboard\/\">Taller de Programaci\u00f3 F\u00edsica amb Scratch i Picoboard<\/a><div class=\"wp-block-latest-posts__post-excerpt\">Aquest taller combina la programaci\u00f3 en Scratch i la interacci\u00f3 amb el m\u00f3n f\u00edsic a trav\u00e9s de la targeta de sensors Picoboard. Els visitants es divertiran d\u2019all\u00f2 m\u00e9s dissenyant i programant jocs en qu\u00e8 intervenen barres de despla\u00e7ament, botons i sensors de llum i so. Taller per a persones amb coneixements b\u00e0sics de programaci\u00f3 en\u2026 <a class=\"wp-block-latest-posts__read-more\" href=\"https:\/\/museo.inf.upv.es\/va\/blog\/2021\/05\/23\/taller-de-programacion-fisica-con-scratch-y-picoboard\/\" rel=\"noopener noreferrer\">Read more<span class=\"screen-reader-text\">: Taller de Programaci\u00f3 F\u00edsica amb Scratch i Picoboard<\/span><\/a><\/div><\/li>\n<\/ul>\n\n\n<p><\/p>\n\n\n\n<h2 class=\"wp-block-heading\">Talleres de criptograf\u00eda y criptoan\u00e1lisis<\/h2>\n\n\n<ul class=\"wp-block-latest-posts__list wp-block-latest-posts\"><li><div class=\"wp-block-latest-posts__featured-image aligncenter\"><img loading=\"lazy\" decoding=\"async\" width=\"300\" height=\"225\" src=\"https:\/\/museo.inf.upv.es\/wp-content\/uploads\/2021\/05\/IMG_3887-300x225-1.jpg\" class=\"attachment-medium size-medium wp-post-image\" alt=\"\" style=\"\" \/><\/div><a class=\"wp-block-latest-posts__post-title\" href=\"https:\/\/museo.inf.upv.es\/va\/blog\/2021\/05\/23\/taller-de-criptografia-clasica\/\">Taller de Criptografia Cl\u00e0ssica<\/a><div class=\"wp-block-latest-posts__post-excerpt\">En aquest taller ensenyem alguns dels m\u00e8todes m\u00e9s coneguts i enginyosos d\u2019encriptaci\u00f3 de missatges. A m\u00e9s, introdu\u00efm les bases matem\u00e0tiques de la criptoan\u00e0lisi o part de la criptografia dedicada a desencriptar missatges. Sense perdre de vista la perspectiva hist\u00f2rica, l\u2019activitat dona a con\u00e8ixer qu\u00e8 podem fer en el dia a dia per augmentar el nivell\u2026 <a class=\"wp-block-latest-posts__read-more\" href=\"https:\/\/museo.inf.upv.es\/va\/blog\/2021\/05\/23\/taller-de-criptografia-clasica\/\" rel=\"noopener noreferrer\">Read more<span class=\"screen-reader-text\">: Taller de Criptografia Cl\u00e0ssica<\/span><\/a><\/div><\/li>\n<li><div class=\"wp-block-latest-posts__featured-image aligncenter\"><img loading=\"lazy\" decoding=\"async\" width=\"300\" height=\"169\" src=\"https:\/\/museo.inf.upv.es\/wp-content\/uploads\/2021\/05\/descarga-720x406-1-300x169.jpg\" class=\"attachment-medium size-medium wp-post-image\" alt=\"\" style=\"\" srcset=\"https:\/\/museo.inf.upv.es\/wp-content\/uploads\/2021\/05\/descarga-720x406-1-300x169.jpg 300w, https:\/\/museo.inf.upv.es\/wp-content\/uploads\/2021\/05\/descarga-720x406-1.jpg 720w\" sizes=\"auto, (max-width: 300px) 100vw, 300px\" \/><\/div><a class=\"wp-block-latest-posts__post-title\" href=\"https:\/\/museo.inf.upv.es\/va\/blog\/2021\/05\/23\/alan-turing-y-la-maquina-enigma\/\">Alan Turing i la M\u00e0quina Enigma<\/a><div class=\"wp-block-latest-posts__post-excerpt\">Coneix la vida i obra del matem\u00e0tic brit\u00e0nic Alan Turing, un dels precursors m\u00e9s importants de la inform\u00e0tica. El taller se centra en el paper que Alan Turing va exercir durant la Segona Guerra Mundial com a criptoanalista dels missatges de l\u2019ex\u00e8rcit alemany codificats mitjan\u00e7ant la M\u00e0quina Enigma. Els visitants faran de criptoanalistes, coneixeran com\u2026 <a class=\"wp-block-latest-posts__read-more\" href=\"https:\/\/museo.inf.upv.es\/va\/blog\/2021\/05\/23\/alan-turing-y-la-maquina-enigma\/\" rel=\"noopener noreferrer\">Read more<span class=\"screen-reader-text\">: Alan Turing i la M\u00e0quina Enigma<\/span><\/a><\/div><\/li>\n<li><div class=\"wp-block-latest-posts__featured-image aligncenter\"><img loading=\"lazy\" decoding=\"async\" width=\"300\" height=\"225\" src=\"https:\/\/museo.inf.upv.es\/wp-content\/uploads\/2021\/05\/NSA-Crypto-Backdoor-1024x768-300x225-1.jpg\" class=\"attachment-medium size-medium wp-post-image\" alt=\"\" style=\"\" \/><\/div><a class=\"wp-block-latest-posts__post-title\" href=\"https:\/\/museo.inf.upv.es\/va\/blog\/2021\/05\/23\/el-origen-de-la-criptografia-de-clave-publica\/\">L\u2019origen de la Criptografia de Clau p\u00fablica<\/a><div class=\"wp-block-latest-posts__post-excerpt\">El taller mostra el fonament matem\u00e0tic dels sistemes de xifrat asim\u00e8tric usat en els sistemes inform\u00e0tics actuals. A trav\u00e9s d\u2019activitats pr\u00e0ctiques explicarem el principi de Kerckhoffs, la difer\u00e8ncia entre clau p\u00fablica i privada, examinarem les bases de l\u2019algorisme de Diffie-Hellman basat en els nombres primers i intentarem trencar el xifrat de missatges. Aquest taller requereix\u2026 <a class=\"wp-block-latest-posts__read-more\" href=\"https:\/\/museo.inf.upv.es\/va\/blog\/2021\/05\/23\/el-origen-de-la-criptografia-de-clave-publica\/\" rel=\"noopener noreferrer\">Read more<span class=\"screen-reader-text\">: L\u2019origen de la Criptografia de Clau p\u00fablica<\/span><\/a><\/div><\/li>\n<\/ul>","protected":false},"excerpt":{"rendered":"<p>Visitas Guiadas La Inform\u00e1tica Vintage Talleres de Programaci\u00f3n Talleres de criptograf\u00eda y criptoan\u00e1lisis<\/p>\n","protected":false},"author":1,"featured_media":0,"parent":0,"menu_order":0,"comment_status":"closed","ping_status":"closed","template":"","meta":{"_monsterinsights_skip_tracking":false,"_monsterinsights_sitenote_active":false,"_monsterinsights_sitenote_note":"","_monsterinsights_sitenote_category":0,"footnotes":""},"class_list":["post-6745","page","type-page","status-publish","hentry","post"],"yoast_head":"<!-- This site is optimized with the Yoast SEO plugin v27.3 - https:\/\/yoast.com\/product\/yoast-seo-wordpress\/ -->\n<title>Activitats - Web del Museo de Inform\u00e1tica 2.0<\/title>\n<meta name=\"robots\" content=\"index, follow, max-snippet:-1, max-image-preview:large, max-video-preview:-1\" \/>\n<link rel=\"canonical\" href=\"https:\/\/museo.inf.upv.es\/actividades-3\/\" \/>\n<meta property=\"og:locale\" content=\"en_US\" \/>\n<meta property=\"og:type\" content=\"article\" \/>\n<meta property=\"og:title\" content=\"Activitats - Web del Museo de Inform\u00e1tica 2.0\" \/>\n<meta property=\"og:description\" content=\"Visitas Guiadas La Inform\u00e1tica Vintage Talleres de Programaci\u00f3n Talleres de criptograf\u00eda y criptoan\u00e1lisis\" \/>\n<meta property=\"og:url\" content=\"https:\/\/museo.inf.upv.es\/actividades-3\/\" \/>\n<meta property=\"og:site_name\" content=\"Web del Museo de Inform\u00e1tica 2.0\" \/>\n<meta property=\"article:modified_time\" content=\"2021-05-23T19:39:20+00:00\" \/>\n<meta name=\"twitter:card\" content=\"summary_large_image\" \/>\n<meta name=\"twitter:label1\" content=\"Est. reading time\" \/>\n\t<meta name=\"twitter:data1\" content=\"1 minute\" \/>\n<script type=\"application\/ld+json\" class=\"yoast-schema-graph\">{\"@context\":\"https:\\\/\\\/schema.org\",\"@graph\":[{\"@type\":\"WebPage\",\"@id\":\"https:\\\/\\\/museo.inf.upv.es\\\/actividades-3\\\/\",\"url\":\"https:\\\/\\\/museo.inf.upv.es\\\/actividades-3\\\/\",\"name\":\"Activitats - Web del Museo de Inform\u00e1tica 2.0\",\"isPartOf\":{\"@id\":\"https:\\\/\\\/museo.inf.upv.es\\\/#website\"},\"datePublished\":\"2021-05-23T18:56:06+00:00\",\"dateModified\":\"2021-05-23T19:39:20+00:00\",\"breadcrumb\":{\"@id\":\"https:\\\/\\\/museo.inf.upv.es\\\/actividades-3\\\/#breadcrumb\"},\"inLanguage\":\"va-VA\",\"potentialAction\":[{\"@type\":\"ReadAction\",\"target\":[\"https:\\\/\\\/museo.inf.upv.es\\\/actividades-3\\\/\"]}]},{\"@type\":\"BreadcrumbList\",\"@id\":\"https:\\\/\\\/museo.inf.upv.es\\\/actividades-3\\\/#breadcrumb\",\"itemListElement\":[{\"@type\":\"ListItem\",\"position\":1,\"name\":\"Portada\",\"item\":\"https:\\\/\\\/museo.inf.upv.es\\\/\"},{\"@type\":\"ListItem\",\"position\":2,\"name\":\"Actividades\"}]},{\"@type\":\"WebSite\",\"@id\":\"https:\\\/\\\/museo.inf.upv.es\\\/#website\",\"url\":\"https:\\\/\\\/museo.inf.upv.es\\\/\",\"name\":\"Web del Museo de Inform\u00e1tica 2.0\",\"description\":\"Web del Museo de Inform\u00e1tica 2.0\",\"potentialAction\":[{\"@type\":\"SearchAction\",\"target\":{\"@type\":\"EntryPoint\",\"urlTemplate\":\"https:\\\/\\\/museo.inf.upv.es\\\/?s={search_term_string}\"},\"query-input\":{\"@type\":\"PropertyValueSpecification\",\"valueRequired\":true,\"valueName\":\"search_term_string\"}}],\"inLanguage\":\"va-VA\"}]}<\/script>\n<!-- \/ Yoast SEO plugin. -->","yoast_head_json":{"title":"Activitats - Web del Museo de Inform\u00e1tica 2.0","robots":{"index":"index","follow":"follow","max-snippet":"max-snippet:-1","max-image-preview":"max-image-preview:large","max-video-preview":"max-video-preview:-1"},"canonical":"https:\/\/museo.inf.upv.es\/actividades-3\/","og_locale":"en_US","og_type":"article","og_title":"Activitats - Web del Museo de Inform\u00e1tica 2.0","og_description":"Visitas Guiadas La Inform\u00e1tica Vintage Talleres de Programaci\u00f3n Talleres de criptograf\u00eda y criptoan\u00e1lisis","og_url":"https:\/\/museo.inf.upv.es\/actividades-3\/","og_site_name":"Web del Museo de Inform\u00e1tica 2.0","article_modified_time":"2021-05-23T19:39:20+00:00","twitter_card":"summary_large_image","twitter_misc":{"Est. reading time":"1 minute"},"schema":{"@context":"https:\/\/schema.org","@graph":[{"@type":"WebPage","@id":"https:\/\/museo.inf.upv.es\/actividades-3\/","url":"https:\/\/museo.inf.upv.es\/actividades-3\/","name":"Activitats - Web del Museo de Inform\u00e1tica 2.0","isPartOf":{"@id":"https:\/\/museo.inf.upv.es\/#website"},"datePublished":"2021-05-23T18:56:06+00:00","dateModified":"2021-05-23T19:39:20+00:00","breadcrumb":{"@id":"https:\/\/museo.inf.upv.es\/actividades-3\/#breadcrumb"},"inLanguage":"va-VA","potentialAction":[{"@type":"ReadAction","target":["https:\/\/museo.inf.upv.es\/actividades-3\/"]}]},{"@type":"BreadcrumbList","@id":"https:\/\/museo.inf.upv.es\/actividades-3\/#breadcrumb","itemListElement":[{"@type":"ListItem","position":1,"name":"Portada","item":"https:\/\/museo.inf.upv.es\/"},{"@type":"ListItem","position":2,"name":"Actividades"}]},{"@type":"WebSite","@id":"https:\/\/museo.inf.upv.es\/#website","url":"https:\/\/museo.inf.upv.es\/","name":"Web del Museo de Inform\u00e1tica 2.0","description":"Web del Museo de Inform\u00e1tica 2.0","potentialAction":[{"@type":"SearchAction","target":{"@type":"EntryPoint","urlTemplate":"https:\/\/museo.inf.upv.es\/?s={search_term_string}"},"query-input":{"@type":"PropertyValueSpecification","valueRequired":true,"valueName":"search_term_string"}}],"inLanguage":"va-VA"}]}},"_links":{"self":[{"href":"https:\/\/museo.inf.upv.es\/va\/wp-json\/wp\/v2\/pages\/6745","targetHints":{"allow":["GET"]}}],"collection":[{"href":"https:\/\/museo.inf.upv.es\/va\/wp-json\/wp\/v2\/pages"}],"about":[{"href":"https:\/\/museo.inf.upv.es\/va\/wp-json\/wp\/v2\/types\/page"}],"author":[{"embeddable":true,"href":"https:\/\/museo.inf.upv.es\/va\/wp-json\/wp\/v2\/users\/1"}],"replies":[{"embeddable":true,"href":"https:\/\/museo.inf.upv.es\/va\/wp-json\/wp\/v2\/comments?post=6745"}],"version-history":[{"count":31,"href":"https:\/\/museo.inf.upv.es\/va\/wp-json\/wp\/v2\/pages\/6745\/revisions"}],"predecessor-version":[{"id":6837,"href":"https:\/\/museo.inf.upv.es\/va\/wp-json\/wp\/v2\/pages\/6745\/revisions\/6837"}],"wp:attachment":[{"href":"https:\/\/museo.inf.upv.es\/va\/wp-json\/wp\/v2\/media?parent=6745"}],"curies":[{"name":"wp","href":"https:\/\/api.w.org\/{rel}","templated":true}]}}