{"id":7216,"date":"2018-06-27T08:56:15","date_gmt":"2018-06-27T08:56:15","guid":{"rendered":"http:\/\/museo.inf.upv.es\/?page_id=6990"},"modified":"2021-07-26T08:36:58","modified_gmt":"2021-07-26T08:36:58","slug":"retropolis-2018","status":"publish","type":"page","link":"https:\/\/museo.inf.upv.es\/va\/retropolis-2018\/","title":{"rendered":"RETR\u00d3POLIS 2018"},"content":{"rendered":"<p><\/p>\n<h3>\u00cdNDICE:<\/h3>\n<ul>\n<li><a href=\"https:\/\/museoinf.webs.upv.es\/es\/blog\/2018\/06\/27\/colaboradores-retropolis-2018\/\">Colaboradores 2018<\/a><\/li>\n<li><a href=\"https:\/\/museoinf.webs.upv.es\/es\/blog\/2018\/06\/27\/horarios-y-actividades-retropolis-2018\/\">Horarios y actividades 2018<\/a><\/li>\n<li><a href=\"https:\/\/museoinf.webs.upv.es\/blog\/2018\/06\/27\/expositores-retropolis-2018\/\">Expositores 2018<\/a><\/li>\n<li><a href=\"https:\/\/museoinf.webs.upv.es\/es\/blog\/category\/retropolis2018\/\">Noticias 2018<\/a><\/li>\n<\/ul>\n<p style=\"text-align: justify;\"><b>\u201cRetr\u00f3polis Valencia\u201d<\/b> es un evento dedicado a la retroinform\u00e1tica que celebrar\u00e1 su tercera edici\u00f3n el pr\u00f3ximo 12 de mayo de 2018 en las instalaciones de la Escuela T\u00e9cnica Superior de Ingenier\u00eda Inform\u00e1tica de la Universidad Polit\u00e9cnica de Valencia.<\/p>\n<p style=\"text-align: justify;\">Tendremos exposici\u00f3n de consolas y ordenadores antiguos de todas las generaciones y disfrutaremos de charlas, talleres, podcasts en directo, mercadillo y, por supuesto, torneos.<\/p>\n<p style=\"text-align: justify;\">Adem\u00e1s, los visitantes podr\u00e1n jugar en algunas de estas reliquias tan emblem\u00e1ticas que han hecho historia y sentaron las bases de la industria actual.<\/p>\n<p style=\"text-align: justify;\">Tambi\u00e9n se incluir\u00e1n actividades adicionales, como visitas guiadas al Museo de Inform\u00e1tica de la ETSINF, donde se podr\u00e1n ver m\u00e1quinas anteriores a lo que se considera retro (mainframes, perforadoras de tarjetas, etc), equipos que forman parte de la prehistoria de la inform\u00e1tica y que no pueden verse en ning\u00fan otro evento de este tipo.<\/p>\n<p><img loading=\"lazy\" decoding=\"async\" class=\"size-full wp-image-7197 aligncenter\" src=\"https:\/\/museoinf.webs.upv.es\/wp-content\/uploads\/2018\/06\/Retropolis2018FINAL1-1-768x1086.jpg\" alt=\"\" width=\"768\" height=\"1086\" srcset=\"https:\/\/museo.inf.upv.es\/wp-content\/uploads\/2018\/06\/Retropolis2018FINAL1-1-768x1086.jpg 768w, https:\/\/museo.inf.upv.es\/wp-content\/uploads\/2018\/06\/Retropolis2018FINAL1-1-768x1086-212x300.jpg 212w, https:\/\/museo.inf.upv.es\/wp-content\/uploads\/2018\/06\/Retropolis2018FINAL1-1-768x1086-724x1024.jpg 724w\" sizes=\"auto, (max-width: 768px) 100vw, 768px\" \/><\/p>\n<p><\/p>","protected":false},"excerpt":{"rendered":"<p>\u00cdNDICE: Colaboradores 2018 Horarios y actividades 2018 Expositores 2018 Noticias 2018 \u201cRetr\u00f3polis Valencia\u201d es un evento dedicado a la retroinform\u00e1tica que celebrar\u00e1 su tercera edici\u00f3n el pr\u00f3ximo 12 de mayo de 2018 en las instalaciones de la Escuela T\u00e9cnica Superior de Ingenier\u00eda Inform\u00e1tica de la Universidad Polit\u00e9cnica de Valencia. Tendremos exposici\u00f3n de consolas y ordenadores [&hellip;]<\/p>\n","protected":false},"author":1,"featured_media":0,"parent":0,"menu_order":0,"comment_status":"closed","ping_status":"closed","template":"","meta":{"_monsterinsights_skip_tracking":false,"_monsterinsights_sitenote_active":false,"_monsterinsights_sitenote_note":"","_monsterinsights_sitenote_category":0,"footnotes":""},"class_list":["post-7216","page","type-page","status-publish","hentry","post"],"yoast_head":"<!-- This site is optimized with the Yoast SEO plugin v27.5 - https:\/\/yoast.com\/product\/yoast-seo-wordpress\/ -->\n<title>RETR\u00d3POLIS 2018 - Web del Museo de Inform\u00e1tica 2.0<\/title>\n<meta name=\"robots\" content=\"index, follow, max-snippet:-1, max-image-preview:large, max-video-preview:-1\" \/>\n<link rel=\"canonical\" href=\"https:\/\/museo.inf.upv.es\/en\/retropolis-2018\/\" \/>\n<meta property=\"og:locale\" content=\"en_US\" \/>\n<meta property=\"og:type\" content=\"article\" \/>\n<meta property=\"og:title\" content=\"RETR\u00d3POLIS 2018 - Web del Museo de Inform\u00e1tica 2.0\" \/>\n<meta property=\"og:description\" content=\"\u00cdNDICE: Colaboradores 2018 Horarios y actividades 2018 Expositores 2018 Noticias 2018 \u201cRetr\u00f3polis Valencia\u201d es un evento dedicado a la retroinform\u00e1tica que celebrar\u00e1 su tercera edici\u00f3n el pr\u00f3ximo 12 de mayo de 2018 en las instalaciones de la Escuela T\u00e9cnica Superior de Ingenier\u00eda Inform\u00e1tica de la Universidad Polit\u00e9cnica de Valencia. Tendremos exposici\u00f3n de consolas y ordenadores [&hellip;]\" \/>\n<meta property=\"og:url\" content=\"https:\/\/museo.inf.upv.es\/en\/retropolis-2018\/\" \/>\n<meta property=\"og:site_name\" content=\"Web del Museo de Inform\u00e1tica 2.0\" \/>\n<meta property=\"article:modified_time\" content=\"2021-07-26T08:36:58+00:00\" \/>\n<meta property=\"og:image\" content=\"https:\/\/museoinf.webs.upv.es\/wp-content\/uploads\/2018\/06\/Retropolis2018FINAL1-1-768x1086.jpg\" \/>\n<meta name=\"twitter:card\" content=\"summary_large_image\" \/>\n<meta name=\"twitter:label1\" content=\"Est. reading time\" \/>\n\t<meta name=\"twitter:data1\" content=\"3 minutes\" \/>\n<script type=\"application\/ld+json\" class=\"yoast-schema-graph\">{\"@context\":\"https:\\\/\\\/schema.org\",\"@graph\":[{\"@type\":\"WebPage\",\"@id\":\"https:\\\/\\\/museo.inf.upv.es\\\/en\\\/retropolis-2018\\\/\",\"url\":\"https:\\\/\\\/museo.inf.upv.es\\\/en\\\/retropolis-2018\\\/\",\"name\":\"RETR\u00d3POLIS 2018 - Web del Museo de Inform\u00e1tica 2.0\",\"isPartOf\":{\"@id\":\"https:\\\/\\\/museo.inf.upv.es\\\/#website\"},\"primaryImageOfPage\":{\"@id\":\"https:\\\/\\\/museo.inf.upv.es\\\/en\\\/retropolis-2018\\\/#primaryimage\"},\"image\":{\"@id\":\"https:\\\/\\\/museo.inf.upv.es\\\/en\\\/retropolis-2018\\\/#primaryimage\"},\"thumbnailUrl\":\"https:\\\/\\\/museoinf.webs.upv.es\\\/wp-content\\\/uploads\\\/2018\\\/06\\\/Retropolis2018FINAL1-1-768x1086.jpg\",\"datePublished\":\"2018-06-27T08:56:15+00:00\",\"dateModified\":\"2021-07-26T08:36:58+00:00\",\"breadcrumb\":{\"@id\":\"https:\\\/\\\/museo.inf.upv.es\\\/en\\\/retropolis-2018\\\/#breadcrumb\"},\"inLanguage\":\"va-VA\",\"potentialAction\":[{\"@type\":\"ReadAction\",\"target\":[\"https:\\\/\\\/museo.inf.upv.es\\\/en\\\/retropolis-2018\\\/\"]}]},{\"@type\":\"ImageObject\",\"inLanguage\":\"va-VA\",\"@id\":\"https:\\\/\\\/museo.inf.upv.es\\\/en\\\/retropolis-2018\\\/#primaryimage\",\"url\":\"https:\\\/\\\/museoinf.webs.upv.es\\\/wp-content\\\/uploads\\\/2018\\\/06\\\/Retropolis2018FINAL1-1-768x1086.jpg\",\"contentUrl\":\"https:\\\/\\\/museoinf.webs.upv.es\\\/wp-content\\\/uploads\\\/2018\\\/06\\\/Retropolis2018FINAL1-1-768x1086.jpg\"},{\"@type\":\"BreadcrumbList\",\"@id\":\"https:\\\/\\\/museo.inf.upv.es\\\/en\\\/retropolis-2018\\\/#breadcrumb\",\"itemListElement\":[{\"@type\":\"ListItem\",\"position\":1,\"name\":\"Portada\",\"item\":\"https:\\\/\\\/museo.inf.upv.es\\\/\"},{\"@type\":\"ListItem\",\"position\":2,\"name\":\"RETR\u00d3POLIS 2018\"}]},{\"@type\":\"WebSite\",\"@id\":\"https:\\\/\\\/museo.inf.upv.es\\\/#website\",\"url\":\"https:\\\/\\\/museo.inf.upv.es\\\/\",\"name\":\"Web del Museo de Inform\u00e1tica 2.0\",\"description\":\"Web del Museo de Inform\u00e1tica 2.0\",\"potentialAction\":[{\"@type\":\"SearchAction\",\"target\":{\"@type\":\"EntryPoint\",\"urlTemplate\":\"https:\\\/\\\/museo.inf.upv.es\\\/?s={search_term_string}\"},\"query-input\":{\"@type\":\"PropertyValueSpecification\",\"valueRequired\":true,\"valueName\":\"search_term_string\"}}],\"inLanguage\":\"va-VA\"}]}<\/script>\n<!-- \/ Yoast SEO plugin. -->","yoast_head_json":{"title":"RETR\u00d3POLIS 2018 - Web del Museo de Inform\u00e1tica 2.0","robots":{"index":"index","follow":"follow","max-snippet":"max-snippet:-1","max-image-preview":"max-image-preview:large","max-video-preview":"max-video-preview:-1"},"canonical":"https:\/\/museo.inf.upv.es\/en\/retropolis-2018\/","og_locale":"en_US","og_type":"article","og_title":"RETR\u00d3POLIS 2018 - Web del Museo de Inform\u00e1tica 2.0","og_description":"\u00cdNDICE: Colaboradores 2018 Horarios y actividades 2018 Expositores 2018 Noticias 2018 \u201cRetr\u00f3polis Valencia\u201d es un evento dedicado a la retroinform\u00e1tica que celebrar\u00e1 su tercera edici\u00f3n el pr\u00f3ximo 12 de mayo de 2018 en las instalaciones de la Escuela T\u00e9cnica Superior de Ingenier\u00eda Inform\u00e1tica de la Universidad Polit\u00e9cnica de Valencia. Tendremos exposici\u00f3n de consolas y ordenadores [&hellip;]","og_url":"https:\/\/museo.inf.upv.es\/en\/retropolis-2018\/","og_site_name":"Web del Museo de Inform\u00e1tica 2.0","article_modified_time":"2021-07-26T08:36:58+00:00","og_image":[{"url":"https:\/\/museoinf.webs.upv.es\/wp-content\/uploads\/2018\/06\/Retropolis2018FINAL1-1-768x1086.jpg","type":"","width":"","height":""}],"twitter_card":"summary_large_image","twitter_misc":{"Est. reading time":"3 minutes"},"schema":{"@context":"https:\/\/schema.org","@graph":[{"@type":"WebPage","@id":"https:\/\/museo.inf.upv.es\/en\/retropolis-2018\/","url":"https:\/\/museo.inf.upv.es\/en\/retropolis-2018\/","name":"RETR\u00d3POLIS 2018 - Web del Museo de Inform\u00e1tica 2.0","isPartOf":{"@id":"https:\/\/museo.inf.upv.es\/#website"},"primaryImageOfPage":{"@id":"https:\/\/museo.inf.upv.es\/en\/retropolis-2018\/#primaryimage"},"image":{"@id":"https:\/\/museo.inf.upv.es\/en\/retropolis-2018\/#primaryimage"},"thumbnailUrl":"https:\/\/museoinf.webs.upv.es\/wp-content\/uploads\/2018\/06\/Retropolis2018FINAL1-1-768x1086.jpg","datePublished":"2018-06-27T08:56:15+00:00","dateModified":"2021-07-26T08:36:58+00:00","breadcrumb":{"@id":"https:\/\/museo.inf.upv.es\/en\/retropolis-2018\/#breadcrumb"},"inLanguage":"va-VA","potentialAction":[{"@type":"ReadAction","target":["https:\/\/museo.inf.upv.es\/en\/retropolis-2018\/"]}]},{"@type":"ImageObject","inLanguage":"va-VA","@id":"https:\/\/museo.inf.upv.es\/en\/retropolis-2018\/#primaryimage","url":"https:\/\/museoinf.webs.upv.es\/wp-content\/uploads\/2018\/06\/Retropolis2018FINAL1-1-768x1086.jpg","contentUrl":"https:\/\/museoinf.webs.upv.es\/wp-content\/uploads\/2018\/06\/Retropolis2018FINAL1-1-768x1086.jpg"},{"@type":"BreadcrumbList","@id":"https:\/\/museo.inf.upv.es\/en\/retropolis-2018\/#breadcrumb","itemListElement":[{"@type":"ListItem","position":1,"name":"Portada","item":"https:\/\/museo.inf.upv.es\/"},{"@type":"ListItem","position":2,"name":"RETR\u00d3POLIS 2018"}]},{"@type":"WebSite","@id":"https:\/\/museo.inf.upv.es\/#website","url":"https:\/\/museo.inf.upv.es\/","name":"Web del Museo de Inform\u00e1tica 2.0","description":"Web del Museo de Inform\u00e1tica 2.0","potentialAction":[{"@type":"SearchAction","target":{"@type":"EntryPoint","urlTemplate":"https:\/\/museo.inf.upv.es\/?s={search_term_string}"},"query-input":{"@type":"PropertyValueSpecification","valueRequired":true,"valueName":"search_term_string"}}],"inLanguage":"va-VA"}]}},"_links":{"self":[{"href":"https:\/\/museo.inf.upv.es\/va\/wp-json\/wp\/v2\/pages\/7216","targetHints":{"allow":["GET"]}}],"collection":[{"href":"https:\/\/museo.inf.upv.es\/va\/wp-json\/wp\/v2\/pages"}],"about":[{"href":"https:\/\/museo.inf.upv.es\/va\/wp-json\/wp\/v2\/types\/page"}],"author":[{"embeddable":true,"href":"https:\/\/museo.inf.upv.es\/va\/wp-json\/wp\/v2\/users\/1"}],"replies":[{"embeddable":true,"href":"https:\/\/museo.inf.upv.es\/va\/wp-json\/wp\/v2\/comments?post=7216"}],"version-history":[{"count":5,"href":"https:\/\/museo.inf.upv.es\/va\/wp-json\/wp\/v2\/pages\/7216\/revisions"}],"predecessor-version":[{"id":9383,"href":"https:\/\/museo.inf.upv.es\/va\/wp-json\/wp\/v2\/pages\/7216\/revisions\/9383"}],"wp:attachment":[{"href":"https:\/\/museo.inf.upv.es\/va\/wp-json\/wp\/v2\/media?parent=7216"}],"curies":[{"name":"wp","href":"https:\/\/api.w.org\/{rel}","templated":true}]}}