{"id":7365,"date":"2012-11-12T12:47:25","date_gmt":"2012-11-12T12:47:25","guid":{"rendered":"http:\/\/museo.inf.upv.es\/?page_id=51"},"modified":"2021-05-25T15:14:35","modified_gmt":"2021-05-25T15:14:35","slug":"actividades-pedagogicas","status":"publish","type":"page","link":"https:\/\/museo.inf.upv.es\/va\/actividades-pedagogicas\/","title":{"rendered":"Did\u00e0ctica"},"content":{"rendered":"<p style=\"text-align: justify;\"><a href=\"https:\/\/museoinf.webs.upv.es\/te-lo-sabes\/\"><img loading=\"lazy\" decoding=\"async\" class=\"alignright wp-image-1700 size-full\" src=\"https:\/\/museoinf.webs.upv.es\/wp-content\/uploads\/2012\/11\/thosaps.jpg\" alt=\"thosaps\" width=\"252\" height=\"227\" \/><\/a>Segur que l\u2019has fet servir alguna vegada per\u00f2&#8230; sabries dir qu\u00e8 \u00e9s un <em>captcha<\/em> i qu\u00e8 s\u2019amaga darrere del seu disseny? Si veieres una mosca apegada amb cinta adhesiva\u00a0en un quadern de programaci\u00f3, qu\u00e8 en pensaries? Potser penses encara que Internet ha existit des de sempre? Anima\u2019t i treballa en la nostra proposta d\u2019<strong>activitats educatives<\/strong>. D\u2019aquesta manera podr\u00e0s aprofitar millor la visita del museu i coneixer\u00e0s molt m\u00e9s sobre el passat, el present i el futur de la Inform\u00e0tica.<\/p>\n<p>Les activitats pedag\u00f2giques plantejades pel Museu d\u2019Inform\u00e0tica poden ser realitzades per <strong>qualsevol<\/strong> tipus de p\u00fablic, tant de manera <strong>individual<\/strong> com <strong>col\u00b7lectiva<\/strong>. A m\u00e9s, en el seu disseny tamb\u00e9 s\u2019ha tingut present la seua probable utilitzaci\u00f3 en un \u00e0mbit educatiu d\u2019<strong>ensenyan\u00e7a secund\u00e0ria<\/strong> i <strong>cicles formatius<\/strong> i, per tant, s\u00f3n susceptibles de ser emprades com a material de treball per part de professors, educadors o tutors.<\/p>\n<p style=\"text-align: justify;\">Aquestes activitats treballen una s\u00e8rie de <strong>conceptes<\/strong> relacionats amb el <strong>desenvolupament hist\u00f2ric de la Inform\u00e0tica<\/strong> i la <strong>relaci\u00f3 entre la Inform\u00e0tica i la Societat<\/strong>, i estan pensades per dur-les a terme en dos moments molt concrets. El primer,\u00a0<strong>abans<\/strong> de la visita, amb l\u2019objectiu de familiaritzar el visitant amb el context i terminologia pr\u00f2pia del m\u00f3n inform\u00e0tic i el seu esdevenir hist\u00f2ric. El segon, <strong>despr\u00e9s<\/strong> de la visita, que permeta el visitant la posada en marxa d\u2019un proc\u00e9s de <strong>reflexi\u00f3<\/strong> sobre l\u2019experi\u00e8ncia viscuda i els coneixements adquirits durant el seu contacte m\u00e9s directe amb el Museu d\u2019Inform\u00e0tica.<\/p>\n<table style=\"border: 0px;\" border=\"0\" width=\"200\">\n<tbody>\n<tr>\n<td style=\"border: 0px; height: 300px;\">\n<div class=\"fluid-width-video-wrapper\" style=\"height: 350px; width: 375px;\"><iframe loading=\"lazy\" src=\"\/\/www.youtube.com\/embed\/svV6_nZYYyM?rel=0\" width=\"560\" height=\"315\" frameborder=\"0\" allowfullscreen=\"allowfullscreen\"><\/iframe><\/div>\n<\/td>\n<td style=\"vertical-align: middle; border: 0px; text-align: left;\">\n<blockquote>\n<p style=\"text-align: left;\">Qu\u00e8 \u00e9s la inform\u00e0tica? Com pot ajudar la societat? M\u00e9s v\u00eddeos sobre l&#8217;enginyeria inform\u00e0tica des del <a href=\"https:\/\/www.youtube.com\/channel\/UChmPLg766QD2y22BD-cRUYA\" target=\"_blank\" rel=\"noopener\">canal de YouTube de la CODDII<\/a><\/p>\n<\/blockquote>\n<\/td>\n<\/tr>\n<\/tbody>\n<\/table>\n<p>Pots <a href=\"https:\/\/museoinf.webs.upv.es\/wp-content\/uploads\/2021\/05\/Activitats-educatives-del-Museu-dInformatica.pdf\">descarregar<\/a> la nostra proposta d&#8217;activitats o accedir a ella ac\u00ed mateix:<\/p>\n<ul>\n<li><a title=\"T'ho saps?\" href=\"https:\/\/museoinf.webs.upv.es\/te-lo-sabes\/\">T&#8217;ho saps?<\/a><\/li>\n<li><a href=\"https:\/\/museoinf.webs.upv.es\/actividades-pedagogicas\/antes-de-la-visita\/\">Activitats abans de la visita<\/a><\/li>\n<li><a href=\"https:\/\/museoinf.webs.upv.es\/actividades-pedagogicas\/despues-de-la-visita\/\">Activitats despr\u00e9s de la visita<\/a><\/li>\n<\/ul>\n<p><\/p>","protected":false},"excerpt":{"rendered":"<p>Segur que l\u2019has fet servir alguna vegada per\u00f2&#8230; sabries dir qu\u00e8 \u00e9s un captcha i qu\u00e8 s\u2019amaga darrere del seu disseny? Si veieres una mosca apegada amb cinta adhesiva\u00a0en un quadern de programaci\u00f3, qu\u00e8 en pensaries? Potser penses encara que Internet ha existit des de sempre? Anima\u2019t i treballa en la nostra proposta d\u2019activitats educatives. [&hellip;]<\/p>\n","protected":false},"author":1,"featured_media":0,"parent":0,"menu_order":30,"comment_status":"closed","ping_status":"closed","template":"","meta":{"_monsterinsights_skip_tracking":false,"_monsterinsights_sitenote_active":false,"_monsterinsights_sitenote_note":"","_monsterinsights_sitenote_category":0,"footnotes":""},"class_list":["post-7365","page","type-page","status-publish","hentry","post"],"yoast_head":"<!-- This site is optimized with the Yoast SEO plugin v27.3 - https:\/\/yoast.com\/product\/yoast-seo-wordpress\/ -->\n<title>Did\u00e0ctica - Web del Museo de Inform\u00e1tica 2.0<\/title>\n<meta name=\"robots\" content=\"index, follow, max-snippet:-1, max-image-preview:large, max-video-preview:-1\" \/>\n<link rel=\"canonical\" href=\"https:\/\/museo.inf.upv.es\/en\/actividades-pedagogicas\/\" \/>\n<meta property=\"og:locale\" content=\"en_US\" \/>\n<meta property=\"og:type\" content=\"article\" \/>\n<meta property=\"og:title\" content=\"Did\u00e0ctica - Web del Museo de Inform\u00e1tica 2.0\" \/>\n<meta property=\"og:description\" content=\"Segur que l\u2019has fet servir alguna vegada per\u00f2&#8230; sabries dir qu\u00e8 \u00e9s un captcha i qu\u00e8 s\u2019amaga darrere del seu disseny? Si veieres una mosca apegada amb cinta adhesiva\u00a0en un quadern de programaci\u00f3, qu\u00e8 en pensaries? Potser penses encara que Internet ha existit des de sempre? Anima\u2019t i treballa en la nostra proposta d\u2019activitats educatives. [&hellip;]\" \/>\n<meta property=\"og:url\" content=\"https:\/\/museo.inf.upv.es\/en\/actividades-pedagogicas\/\" \/>\n<meta property=\"og:site_name\" content=\"Web del Museo de Inform\u00e1tica 2.0\" \/>\n<meta property=\"article:modified_time\" content=\"2021-05-25T15:14:35+00:00\" \/>\n<meta property=\"og:image\" content=\"https:\/\/museoinf.webs.upv.es\/wp-content\/uploads\/2012\/11\/telosabes.jpg\" \/>\n<meta name=\"twitter:card\" content=\"summary_large_image\" \/>\n<meta name=\"twitter:label1\" content=\"Est. reading time\" \/>\n\t<meta name=\"twitter:data1\" content=\"6 minutes\" \/>\n<script type=\"application\/ld+json\" class=\"yoast-schema-graph\">{\"@context\":\"https:\\\/\\\/schema.org\",\"@graph\":[{\"@type\":\"WebPage\",\"@id\":\"https:\\\/\\\/museo.inf.upv.es\\\/en\\\/actividades-pedagogicas\\\/\",\"url\":\"https:\\\/\\\/museo.inf.upv.es\\\/en\\\/actividades-pedagogicas\\\/\",\"name\":\"Did\u00e0ctica - Web del Museo de Inform\u00e1tica 2.0\",\"isPartOf\":{\"@id\":\"https:\\\/\\\/museo.inf.upv.es\\\/#website\"},\"primaryImageOfPage\":{\"@id\":\"https:\\\/\\\/museo.inf.upv.es\\\/en\\\/actividades-pedagogicas\\\/#primaryimage\"},\"image\":{\"@id\":\"https:\\\/\\\/museo.inf.upv.es\\\/en\\\/actividades-pedagogicas\\\/#primaryimage\"},\"thumbnailUrl\":\"https:\\\/\\\/museoinf.webs.upv.es\\\/wp-content\\\/uploads\\\/2012\\\/11\\\/telosabes.jpg\",\"datePublished\":\"2012-11-12T12:47:25+00:00\",\"dateModified\":\"2021-05-25T15:14:35+00:00\",\"breadcrumb\":{\"@id\":\"https:\\\/\\\/museo.inf.upv.es\\\/en\\\/actividades-pedagogicas\\\/#breadcrumb\"},\"inLanguage\":\"va-VA\",\"potentialAction\":[{\"@type\":\"ReadAction\",\"target\":[\"https:\\\/\\\/museo.inf.upv.es\\\/en\\\/actividades-pedagogicas\\\/\"]}]},{\"@type\":\"ImageObject\",\"inLanguage\":\"va-VA\",\"@id\":\"https:\\\/\\\/museo.inf.upv.es\\\/en\\\/actividades-pedagogicas\\\/#primaryimage\",\"url\":\"https:\\\/\\\/museoinf.webs.upv.es\\\/wp-content\\\/uploads\\\/2012\\\/11\\\/telosabes.jpg\",\"contentUrl\":\"https:\\\/\\\/museoinf.webs.upv.es\\\/wp-content\\\/uploads\\\/2012\\\/11\\\/telosabes.jpg\"},{\"@type\":\"BreadcrumbList\",\"@id\":\"https:\\\/\\\/museo.inf.upv.es\\\/en\\\/actividades-pedagogicas\\\/#breadcrumb\",\"itemListElement\":[{\"@type\":\"ListItem\",\"position\":1,\"name\":\"Portada\",\"item\":\"https:\\\/\\\/museo.inf.upv.es\\\/\"},{\"@type\":\"ListItem\",\"position\":2,\"name\":\"Didactics\"}]},{\"@type\":\"WebSite\",\"@id\":\"https:\\\/\\\/museo.inf.upv.es\\\/#website\",\"url\":\"https:\\\/\\\/museo.inf.upv.es\\\/\",\"name\":\"Web del Museo de Inform\u00e1tica 2.0\",\"description\":\"Web del Museo de Inform\u00e1tica 2.0\",\"potentialAction\":[{\"@type\":\"SearchAction\",\"target\":{\"@type\":\"EntryPoint\",\"urlTemplate\":\"https:\\\/\\\/museo.inf.upv.es\\\/?s={search_term_string}\"},\"query-input\":{\"@type\":\"PropertyValueSpecification\",\"valueRequired\":true,\"valueName\":\"search_term_string\"}}],\"inLanguage\":\"va-VA\"}]}<\/script>\n<!-- \/ Yoast SEO plugin. -->","yoast_head_json":{"title":"Did\u00e0ctica - Web del Museo de Inform\u00e1tica 2.0","robots":{"index":"index","follow":"follow","max-snippet":"max-snippet:-1","max-image-preview":"max-image-preview:large","max-video-preview":"max-video-preview:-1"},"canonical":"https:\/\/museo.inf.upv.es\/en\/actividades-pedagogicas\/","og_locale":"en_US","og_type":"article","og_title":"Did\u00e0ctica - Web del Museo de Inform\u00e1tica 2.0","og_description":"Segur que l\u2019has fet servir alguna vegada per\u00f2&#8230; sabries dir qu\u00e8 \u00e9s un captcha i qu\u00e8 s\u2019amaga darrere del seu disseny? Si veieres una mosca apegada amb cinta adhesiva\u00a0en un quadern de programaci\u00f3, qu\u00e8 en pensaries? Potser penses encara que Internet ha existit des de sempre? Anima\u2019t i treballa en la nostra proposta d\u2019activitats educatives. [&hellip;]","og_url":"https:\/\/museo.inf.upv.es\/en\/actividades-pedagogicas\/","og_site_name":"Web del Museo de Inform\u00e1tica 2.0","article_modified_time":"2021-05-25T15:14:35+00:00","og_image":[{"url":"https:\/\/museoinf.webs.upv.es\/wp-content\/uploads\/2012\/11\/telosabes.jpg","type":"","width":"","height":""}],"twitter_card":"summary_large_image","twitter_misc":{"Est. reading time":"6 minutes"},"schema":{"@context":"https:\/\/schema.org","@graph":[{"@type":"WebPage","@id":"https:\/\/museo.inf.upv.es\/en\/actividades-pedagogicas\/","url":"https:\/\/museo.inf.upv.es\/en\/actividades-pedagogicas\/","name":"Did\u00e0ctica - Web del Museo de Inform\u00e1tica 2.0","isPartOf":{"@id":"https:\/\/museo.inf.upv.es\/#website"},"primaryImageOfPage":{"@id":"https:\/\/museo.inf.upv.es\/en\/actividades-pedagogicas\/#primaryimage"},"image":{"@id":"https:\/\/museo.inf.upv.es\/en\/actividades-pedagogicas\/#primaryimage"},"thumbnailUrl":"https:\/\/museoinf.webs.upv.es\/wp-content\/uploads\/2012\/11\/telosabes.jpg","datePublished":"2012-11-12T12:47:25+00:00","dateModified":"2021-05-25T15:14:35+00:00","breadcrumb":{"@id":"https:\/\/museo.inf.upv.es\/en\/actividades-pedagogicas\/#breadcrumb"},"inLanguage":"va-VA","potentialAction":[{"@type":"ReadAction","target":["https:\/\/museo.inf.upv.es\/en\/actividades-pedagogicas\/"]}]},{"@type":"ImageObject","inLanguage":"va-VA","@id":"https:\/\/museo.inf.upv.es\/en\/actividades-pedagogicas\/#primaryimage","url":"https:\/\/museoinf.webs.upv.es\/wp-content\/uploads\/2012\/11\/telosabes.jpg","contentUrl":"https:\/\/museoinf.webs.upv.es\/wp-content\/uploads\/2012\/11\/telosabes.jpg"},{"@type":"BreadcrumbList","@id":"https:\/\/museo.inf.upv.es\/en\/actividades-pedagogicas\/#breadcrumb","itemListElement":[{"@type":"ListItem","position":1,"name":"Portada","item":"https:\/\/museo.inf.upv.es\/"},{"@type":"ListItem","position":2,"name":"Didactics"}]},{"@type":"WebSite","@id":"https:\/\/museo.inf.upv.es\/#website","url":"https:\/\/museo.inf.upv.es\/","name":"Web del Museo de Inform\u00e1tica 2.0","description":"Web del Museo de Inform\u00e1tica 2.0","potentialAction":[{"@type":"SearchAction","target":{"@type":"EntryPoint","urlTemplate":"https:\/\/museo.inf.upv.es\/?s={search_term_string}"},"query-input":{"@type":"PropertyValueSpecification","valueRequired":true,"valueName":"search_term_string"}}],"inLanguage":"va-VA"}]}},"_links":{"self":[{"href":"https:\/\/museo.inf.upv.es\/va\/wp-json\/wp\/v2\/pages\/7365","targetHints":{"allow":["GET"]}}],"collection":[{"href":"https:\/\/museo.inf.upv.es\/va\/wp-json\/wp\/v2\/pages"}],"about":[{"href":"https:\/\/museo.inf.upv.es\/va\/wp-json\/wp\/v2\/types\/page"}],"author":[{"embeddable":true,"href":"https:\/\/museo.inf.upv.es\/va\/wp-json\/wp\/v2\/users\/1"}],"replies":[{"embeddable":true,"href":"https:\/\/museo.inf.upv.es\/va\/wp-json\/wp\/v2\/comments?post=7365"}],"version-history":[{"count":41,"href":"https:\/\/museo.inf.upv.es\/va\/wp-json\/wp\/v2\/pages\/7365\/revisions"}],"predecessor-version":[{"id":7446,"href":"https:\/\/museo.inf.upv.es\/va\/wp-json\/wp\/v2\/pages\/7365\/revisions\/7446"}],"wp:attachment":[{"href":"https:\/\/museo.inf.upv.es\/va\/wp-json\/wp\/v2\/media?parent=7365"}],"curies":[{"name":"wp","href":"https:\/\/api.w.org\/{rel}","templated":true}]}}