{"id":7593,"date":"2016-09-09T12:12:51","date_gmt":"2016-09-09T12:12:51","guid":{"rendered":"http:\/\/museo.inf.upv.es\/?page_id=5966"},"modified":"2021-05-26T08:56:17","modified_gmt":"2021-05-26T08:56:17","slug":"scratch-day-etsinf","status":"publish","type":"page","link":"https:\/\/museo.inf.upv.es\/va\/scratch-day-etsinf\/","title":{"rendered":"SCRATCH DAY"},"content":{"rendered":"<p><\/p>\n<h1>\u00a1\u00a1 SCRATCH DAY 2020 !!<\/h1>\n<p><img loading=\"lazy\" decoding=\"async\" class=\"aligncenter size-full wp-image-7342\" src=\"https:\/\/museoinf.webs.upv.es\/wp-content\/uploads\/2020\/09\/logo-scratch.png\" alt=\"\" width=\"640\" height=\"480\"><\/p>\n<p style=\"text-align: justify;\">Bienvenido a la p\u00e1gina oficial del<strong> Scratch Day<\/strong> del Museo de Inform\u00e1tica de la<span style=\"color: #000000;\"><strong> ETSINF.<\/strong><\/span><\/p>\n<h1><span style=\"color: #ff0000;\">\u00a1\u00a1 Divi\u00e9rtete Programando !!<\/span><\/h1>\n<p>Ven a programar y jugar con nosotros.<br \/>\nDebido a las condiciones especiales que estamos viviendo por motivo al <strong><span style=\"color: #ff0000;\">COVID-19<\/span><\/strong>, el taller est\u00e1 dirigido exclusivamente a los alumnos del primer curso del Grado de Ingenier\u00eda Inform\u00e1tica.<br \/>\nEl taller tendr\u00e1 lugar al finalizar las jornadas de bienvenida los d\u00edas 14, 21 y 28 de septiembre en las aulas 1.1 y 1.2 del edificio 1G, s\u00f3lo se podr\u00e1 asistir el d\u00eda que cada alumno tenga su jornada.<br \/>\nRecuerda que esta actividad es completamente <strong><span style=\"color: #ff0000;\">gratuita<\/span><\/strong> y se expide un <strong><span style=\"color: #ff0000;\">certificado de asistencia<\/span><\/strong>.<br \/>\nPara la realizaci\u00f3n del taller es necesario disponer de un ordenador port\u00e1til propio.<br \/>\nTe puedes inscribir haciendo clic <a href=\"https:\/\/www.cfp.upv.es\/formacion-permanente\/curso\/jornada-scracth-day-2020_68803.html\">AQU\u00cd <\/a>.<\/p>\n<h2><span style=\"color: #ff0000;\">A qu\u00e9 esperas? Ap\u00fantate!!<\/span><\/h2>\n<p style=\"text-align: justify;\">El d\u00eda de la actividad, aqu\u00ed encontrar\u00e1s el material y los consejos necesarios para realizar las actividades.<\/p>\n<p><a href=\"https:\/\/museoinf.webs.upv.es\/wp-content\/uploads\/2020\/09\/Scratchday2020-1.pdf\">Actividades<\/a>.<\/p>\n<h4 style=\"text-align: center;\"><em>\u00a1\u00a1\u00a1 Te esperamos !!!<\/em><\/h4>\n<p>&nbsp;<br \/>\n<\/p>","protected":false},"excerpt":{"rendered":"<p>\u00a1\u00a1 SCRATCH DAY 2020 !! Bienvenido a la p\u00e1gina oficial del Scratch Day del Museo de Inform\u00e1tica de la ETSINF. \u00a1\u00a1 Divi\u00e9rtete Programando !! Ven a programar y jugar con nosotros. Debido a las condiciones especiales que estamos viviendo por motivo al COVID-19, el taller est\u00e1 dirigido exclusivamente a los alumnos del primer curso del [&hellip;]<\/p>\n","protected":false},"author":2,"featured_media":0,"parent":0,"menu_order":0,"comment_status":"closed","ping_status":"closed","template":"","meta":{"_monsterinsights_skip_tracking":false,"_monsterinsights_sitenote_active":false,"_monsterinsights_sitenote_note":"","_monsterinsights_sitenote_category":0,"footnotes":""},"class_list":["post-7593","page","type-page","status-publish","hentry","post"],"yoast_head":"<!-- This site is optimized with the Yoast SEO plugin v27.6 - https:\/\/yoast.com\/product\/yoast-seo-wordpress\/ -->\n<title>SCRATCH DAY - Web del Museo de Inform\u00e1tica 2.0<\/title>\n<meta name=\"robots\" content=\"index, follow, max-snippet:-1, max-image-preview:large, max-video-preview:-1\" \/>\n<link rel=\"canonical\" href=\"https:\/\/museo.inf.upv.es\/en\/scratch-day-etsinf\/\" \/>\n<meta property=\"og:locale\" content=\"en_US\" \/>\n<meta property=\"og:type\" content=\"article\" \/>\n<meta property=\"og:title\" content=\"SCRATCH DAY - Web del Museo de Inform\u00e1tica 2.0\" \/>\n<meta property=\"og:description\" content=\"\u00a1\u00a1 SCRATCH DAY 2020 !! Bienvenido a la p\u00e1gina oficial del Scratch Day del Museo de Inform\u00e1tica de la ETSINF. \u00a1\u00a1 Divi\u00e9rtete Programando !! Ven a programar y jugar con nosotros. Debido a las condiciones especiales que estamos viviendo por motivo al COVID-19, el taller est\u00e1 dirigido exclusivamente a los alumnos del primer curso del [&hellip;]\" \/>\n<meta property=\"og:url\" content=\"https:\/\/museo.inf.upv.es\/en\/scratch-day-etsinf\/\" \/>\n<meta property=\"og:site_name\" content=\"Web del Museo de Inform\u00e1tica 2.0\" \/>\n<meta property=\"article:modified_time\" content=\"2021-05-26T08:56:17+00:00\" \/>\n<meta property=\"og:image\" content=\"https:\/\/museoinf.webs.upv.es\/wp-content\/uploads\/2020\/09\/logo-scratch.png\" \/>\n<meta name=\"twitter:card\" content=\"summary_large_image\" \/>\n<meta name=\"twitter:label1\" content=\"Est. reading time\" \/>\n\t<meta name=\"twitter:data1\" content=\"3 minutes\" \/>\n<script type=\"application\/ld+json\" class=\"yoast-schema-graph\">{\"@context\":\"https:\\\/\\\/schema.org\",\"@graph\":[{\"@type\":\"WebPage\",\"@id\":\"https:\\\/\\\/museo.inf.upv.es\\\/en\\\/scratch-day-etsinf\\\/\",\"url\":\"https:\\\/\\\/museo.inf.upv.es\\\/en\\\/scratch-day-etsinf\\\/\",\"name\":\"SCRATCH DAY - Web del Museo de Inform\u00e1tica 2.0\",\"isPartOf\":{\"@id\":\"https:\\\/\\\/museo.inf.upv.es\\\/#website\"},\"primaryImageOfPage\":{\"@id\":\"https:\\\/\\\/museo.inf.upv.es\\\/en\\\/scratch-day-etsinf\\\/#primaryimage\"},\"image\":{\"@id\":\"https:\\\/\\\/museo.inf.upv.es\\\/en\\\/scratch-day-etsinf\\\/#primaryimage\"},\"thumbnailUrl\":\"https:\\\/\\\/museoinf.webs.upv.es\\\/wp-content\\\/uploads\\\/2020\\\/09\\\/logo-scratch.png\",\"datePublished\":\"2016-09-09T12:12:51+00:00\",\"dateModified\":\"2021-05-26T08:56:17+00:00\",\"breadcrumb\":{\"@id\":\"https:\\\/\\\/museo.inf.upv.es\\\/en\\\/scratch-day-etsinf\\\/#breadcrumb\"},\"inLanguage\":\"va-VA\",\"potentialAction\":[{\"@type\":\"ReadAction\",\"target\":[\"https:\\\/\\\/museo.inf.upv.es\\\/en\\\/scratch-day-etsinf\\\/\"]}]},{\"@type\":\"ImageObject\",\"inLanguage\":\"va-VA\",\"@id\":\"https:\\\/\\\/museo.inf.upv.es\\\/en\\\/scratch-day-etsinf\\\/#primaryimage\",\"url\":\"https:\\\/\\\/museoinf.webs.upv.es\\\/wp-content\\\/uploads\\\/2020\\\/09\\\/logo-scratch.png\",\"contentUrl\":\"https:\\\/\\\/museoinf.webs.upv.es\\\/wp-content\\\/uploads\\\/2020\\\/09\\\/logo-scratch.png\"},{\"@type\":\"BreadcrumbList\",\"@id\":\"https:\\\/\\\/museo.inf.upv.es\\\/en\\\/scratch-day-etsinf\\\/#breadcrumb\",\"itemListElement\":[{\"@type\":\"ListItem\",\"position\":1,\"name\":\"Portada\",\"item\":\"https:\\\/\\\/museo.inf.upv.es\\\/\"},{\"@type\":\"ListItem\",\"position\":2,\"name\":\"SCRATCH DAY\"}]},{\"@type\":\"WebSite\",\"@id\":\"https:\\\/\\\/museo.inf.upv.es\\\/#website\",\"url\":\"https:\\\/\\\/museo.inf.upv.es\\\/\",\"name\":\"Web del Museo de Inform\u00e1tica 2.0\",\"description\":\"Web del Museo de Inform\u00e1tica 2.0\",\"potentialAction\":[{\"@type\":\"SearchAction\",\"target\":{\"@type\":\"EntryPoint\",\"urlTemplate\":\"https:\\\/\\\/museo.inf.upv.es\\\/?s={search_term_string}\"},\"query-input\":{\"@type\":\"PropertyValueSpecification\",\"valueRequired\":true,\"valueName\":\"search_term_string\"}}],\"inLanguage\":\"va-VA\"}]}<\/script>\n<!-- \/ Yoast SEO plugin. -->","yoast_head_json":{"title":"SCRATCH DAY - Web del Museo de Inform\u00e1tica 2.0","robots":{"index":"index","follow":"follow","max-snippet":"max-snippet:-1","max-image-preview":"max-image-preview:large","max-video-preview":"max-video-preview:-1"},"canonical":"https:\/\/museo.inf.upv.es\/en\/scratch-day-etsinf\/","og_locale":"en_US","og_type":"article","og_title":"SCRATCH DAY - Web del Museo de Inform\u00e1tica 2.0","og_description":"\u00a1\u00a1 SCRATCH DAY 2020 !! Bienvenido a la p\u00e1gina oficial del Scratch Day del Museo de Inform\u00e1tica de la ETSINF. \u00a1\u00a1 Divi\u00e9rtete Programando !! Ven a programar y jugar con nosotros. Debido a las condiciones especiales que estamos viviendo por motivo al COVID-19, el taller est\u00e1 dirigido exclusivamente a los alumnos del primer curso del [&hellip;]","og_url":"https:\/\/museo.inf.upv.es\/en\/scratch-day-etsinf\/","og_site_name":"Web del Museo de Inform\u00e1tica 2.0","article_modified_time":"2021-05-26T08:56:17+00:00","og_image":[{"url":"https:\/\/museoinf.webs.upv.es\/wp-content\/uploads\/2020\/09\/logo-scratch.png","type":"","width":"","height":""}],"twitter_card":"summary_large_image","twitter_misc":{"Est. reading time":"3 minutes"},"schema":{"@context":"https:\/\/schema.org","@graph":[{"@type":"WebPage","@id":"https:\/\/museo.inf.upv.es\/en\/scratch-day-etsinf\/","url":"https:\/\/museo.inf.upv.es\/en\/scratch-day-etsinf\/","name":"SCRATCH DAY - Web del Museo de Inform\u00e1tica 2.0","isPartOf":{"@id":"https:\/\/museo.inf.upv.es\/#website"},"primaryImageOfPage":{"@id":"https:\/\/museo.inf.upv.es\/en\/scratch-day-etsinf\/#primaryimage"},"image":{"@id":"https:\/\/museo.inf.upv.es\/en\/scratch-day-etsinf\/#primaryimage"},"thumbnailUrl":"https:\/\/museoinf.webs.upv.es\/wp-content\/uploads\/2020\/09\/logo-scratch.png","datePublished":"2016-09-09T12:12:51+00:00","dateModified":"2021-05-26T08:56:17+00:00","breadcrumb":{"@id":"https:\/\/museo.inf.upv.es\/en\/scratch-day-etsinf\/#breadcrumb"},"inLanguage":"va-VA","potentialAction":[{"@type":"ReadAction","target":["https:\/\/museo.inf.upv.es\/en\/scratch-day-etsinf\/"]}]},{"@type":"ImageObject","inLanguage":"va-VA","@id":"https:\/\/museo.inf.upv.es\/en\/scratch-day-etsinf\/#primaryimage","url":"https:\/\/museoinf.webs.upv.es\/wp-content\/uploads\/2020\/09\/logo-scratch.png","contentUrl":"https:\/\/museoinf.webs.upv.es\/wp-content\/uploads\/2020\/09\/logo-scratch.png"},{"@type":"BreadcrumbList","@id":"https:\/\/museo.inf.upv.es\/en\/scratch-day-etsinf\/#breadcrumb","itemListElement":[{"@type":"ListItem","position":1,"name":"Portada","item":"https:\/\/museo.inf.upv.es\/"},{"@type":"ListItem","position":2,"name":"SCRATCH DAY"}]},{"@type":"WebSite","@id":"https:\/\/museo.inf.upv.es\/#website","url":"https:\/\/museo.inf.upv.es\/","name":"Web del Museo de Inform\u00e1tica 2.0","description":"Web del Museo de Inform\u00e1tica 2.0","potentialAction":[{"@type":"SearchAction","target":{"@type":"EntryPoint","urlTemplate":"https:\/\/museo.inf.upv.es\/?s={search_term_string}"},"query-input":{"@type":"PropertyValueSpecification","valueRequired":true,"valueName":"search_term_string"}}],"inLanguage":"va-VA"}]}},"_links":{"self":[{"href":"https:\/\/museo.inf.upv.es\/va\/wp-json\/wp\/v2\/pages\/7593","targetHints":{"allow":["GET"]}}],"collection":[{"href":"https:\/\/museo.inf.upv.es\/va\/wp-json\/wp\/v2\/pages"}],"about":[{"href":"https:\/\/museo.inf.upv.es\/va\/wp-json\/wp\/v2\/types\/page"}],"author":[{"embeddable":true,"href":"https:\/\/museo.inf.upv.es\/va\/wp-json\/wp\/v2\/users\/2"}],"replies":[{"embeddable":true,"href":"https:\/\/museo.inf.upv.es\/va\/wp-json\/wp\/v2\/comments?post=7593"}],"version-history":[{"count":2,"href":"https:\/\/museo.inf.upv.es\/va\/wp-json\/wp\/v2\/pages\/7593\/revisions"}],"predecessor-version":[{"id":7628,"href":"https:\/\/museo.inf.upv.es\/va\/wp-json\/wp\/v2\/pages\/7593\/revisions\/7628"}],"wp:attachment":[{"href":"https:\/\/museo.inf.upv.es\/va\/wp-json\/wp\/v2\/media?parent=7593"}],"curies":[{"name":"wp","href":"https:\/\/api.w.org\/{rel}","templated":true}]}}