{"id":7633,"date":"2021-05-26T09:00:40","date_gmt":"2021-05-26T09:00:40","guid":{"rendered":"https:\/\/museoupdating.webs.upv.es\/?page_id=7633"},"modified":"2021-05-26T09:00:41","modified_gmt":"2021-05-26T09:00:41","slug":"eventos","status":"publish","type":"page","link":"https:\/\/museo.inf.upv.es\/va\/eventos\/","title":{"rendered":"Esdeveniments"},"content":{"rendered":"<ul class=\"wp-block-latest-posts__list wp-block-latest-posts\"><li><a class=\"wp-block-latest-posts__post-title\" href=\"https:\/\/museo.inf.upv.es\/va\/blog\/2021\/05\/26\/retroprogramacion\/\">RetroProgramaci\u00f3<\/a><div class=\"wp-block-latest-posts__post-excerpt\">Alguna vegada has volgut saber com es programava a un ordinador dels 80? Aquesta \u00e9s la teua oportunitat! El Museu d&#8217;Inform\u00e1tica i ACM UPV Chapter et conviden a assistir a una jornada en qu\u00e8 podr\u00e0s aprendre a programar amb un AMSTRAD completament operatiu i con\u00e9ixer totes les seues curiositats. Alguna vegada has sentit parlar de\u2026 <a class=\"wp-block-latest-posts__read-more\" href=\"https:\/\/museo.inf.upv.es\/va\/blog\/2021\/05\/26\/retroprogramacion\/\" rel=\"noopener noreferrer\">Read more<span class=\"screen-reader-text\">: RetroProgramaci\u00f3<\/span><\/a><\/div><\/li>\n<li><a class=\"wp-block-latest-posts__post-title\" href=\"https:\/\/museo.inf.upv.es\/va\/blog\/2021\/05\/26\/scracthday\/\">ScracthDay<\/a><div class=\"wp-block-latest-posts__post-excerpt\">\u00a1\u00a1 SCRATCH DAY 2020 !! Bienvenido a la p\u00e1gina oficial del Scratch Day del Museo de Inform\u00e1tica de la ETSINF. \u00a1\u00a1 Divi\u00e9rtete Programando !! Ven a programar y jugar con nosotros. Debido a las condiciones especiales que estamos viviendo por motivo al COVID-19, el taller est\u00e1 dirigido exclusivamente a los alumnos del primer curso del\u2026 <a class=\"wp-block-latest-posts__read-more\" href=\"https:\/\/museo.inf.upv.es\/va\/blog\/2021\/05\/26\/scracthday\/\" rel=\"noopener noreferrer\">Read more<span class=\"screen-reader-text\">: ScracthDay<\/span><\/a><\/div><\/li>\n<\/ul>","protected":false},"excerpt":{"rendered":"","protected":false},"author":1,"featured_media":0,"parent":0,"menu_order":0,"comment_status":"closed","ping_status":"closed","template":"","meta":{"_monsterinsights_skip_tracking":false,"_monsterinsights_sitenote_active":false,"_monsterinsights_sitenote_note":"","_monsterinsights_sitenote_category":0,"footnotes":""},"class_list":["post-7633","page","type-page","status-publish","hentry","post"],"yoast_head":"<!-- This site is optimized with the Yoast SEO plugin v27.3 - https:\/\/yoast.com\/product\/yoast-seo-wordpress\/ -->\n<title>Esdeveniments - Web del Museo de Inform\u00e1tica 2.0<\/title>\n<meta name=\"robots\" content=\"index, follow, max-snippet:-1, max-image-preview:large, max-video-preview:-1\" \/>\n<link rel=\"canonical\" href=\"https:\/\/museo.inf.upv.es\/eventos\/\" \/>\n<meta property=\"og:locale\" content=\"en_US\" \/>\n<meta property=\"og:type\" content=\"article\" \/>\n<meta property=\"og:title\" content=\"Esdeveniments - Web del Museo de Inform\u00e1tica 2.0\" \/>\n<meta property=\"og:url\" content=\"https:\/\/museo.inf.upv.es\/eventos\/\" \/>\n<meta property=\"og:site_name\" content=\"Web del Museo de Inform\u00e1tica 2.0\" \/>\n<meta property=\"article:modified_time\" content=\"2021-05-26T09:00:41+00:00\" \/>\n<meta name=\"twitter:card\" content=\"summary_large_image\" \/>\n<script type=\"application\/ld+json\" class=\"yoast-schema-graph\">{\"@context\":\"https:\\\/\\\/schema.org\",\"@graph\":[{\"@type\":\"WebPage\",\"@id\":\"https:\\\/\\\/museo.inf.upv.es\\\/eventos\\\/\",\"url\":\"https:\\\/\\\/museo.inf.upv.es\\\/eventos\\\/\",\"name\":\"Esdeveniments - Web del Museo de Inform\u00e1tica 2.0\",\"isPartOf\":{\"@id\":\"https:\\\/\\\/museo.inf.upv.es\\\/#website\"},\"datePublished\":\"2021-05-26T09:00:40+00:00\",\"dateModified\":\"2021-05-26T09:00:41+00:00\",\"breadcrumb\":{\"@id\":\"https:\\\/\\\/museo.inf.upv.es\\\/eventos\\\/#breadcrumb\"},\"inLanguage\":\"va-VA\",\"potentialAction\":[{\"@type\":\"ReadAction\",\"target\":[\"https:\\\/\\\/museo.inf.upv.es\\\/eventos\\\/\"]}]},{\"@type\":\"BreadcrumbList\",\"@id\":\"https:\\\/\\\/museo.inf.upv.es\\\/eventos\\\/#breadcrumb\",\"itemListElement\":[{\"@type\":\"ListItem\",\"position\":1,\"name\":\"Portada\",\"item\":\"https:\\\/\\\/museo.inf.upv.es\\\/\"},{\"@type\":\"ListItem\",\"position\":2,\"name\":\"Eventos\"}]},{\"@type\":\"WebSite\",\"@id\":\"https:\\\/\\\/museo.inf.upv.es\\\/#website\",\"url\":\"https:\\\/\\\/museo.inf.upv.es\\\/\",\"name\":\"Web del Museo de Inform\u00e1tica 2.0\",\"description\":\"Web del Museo de Inform\u00e1tica 2.0\",\"potentialAction\":[{\"@type\":\"SearchAction\",\"target\":{\"@type\":\"EntryPoint\",\"urlTemplate\":\"https:\\\/\\\/museo.inf.upv.es\\\/?s={search_term_string}\"},\"query-input\":{\"@type\":\"PropertyValueSpecification\",\"valueRequired\":true,\"valueName\":\"search_term_string\"}}],\"inLanguage\":\"va-VA\"}]}<\/script>\n<!-- \/ Yoast SEO plugin. -->","yoast_head_json":{"title":"Esdeveniments - Web del Museo de Inform\u00e1tica 2.0","robots":{"index":"index","follow":"follow","max-snippet":"max-snippet:-1","max-image-preview":"max-image-preview:large","max-video-preview":"max-video-preview:-1"},"canonical":"https:\/\/museo.inf.upv.es\/eventos\/","og_locale":"en_US","og_type":"article","og_title":"Esdeveniments - Web del Museo de Inform\u00e1tica 2.0","og_url":"https:\/\/museo.inf.upv.es\/eventos\/","og_site_name":"Web del Museo de Inform\u00e1tica 2.0","article_modified_time":"2021-05-26T09:00:41+00:00","twitter_card":"summary_large_image","schema":{"@context":"https:\/\/schema.org","@graph":[{"@type":"WebPage","@id":"https:\/\/museo.inf.upv.es\/eventos\/","url":"https:\/\/museo.inf.upv.es\/eventos\/","name":"Esdeveniments - Web del Museo de Inform\u00e1tica 2.0","isPartOf":{"@id":"https:\/\/museo.inf.upv.es\/#website"},"datePublished":"2021-05-26T09:00:40+00:00","dateModified":"2021-05-26T09:00:41+00:00","breadcrumb":{"@id":"https:\/\/museo.inf.upv.es\/eventos\/#breadcrumb"},"inLanguage":"va-VA","potentialAction":[{"@type":"ReadAction","target":["https:\/\/museo.inf.upv.es\/eventos\/"]}]},{"@type":"BreadcrumbList","@id":"https:\/\/museo.inf.upv.es\/eventos\/#breadcrumb","itemListElement":[{"@type":"ListItem","position":1,"name":"Portada","item":"https:\/\/museo.inf.upv.es\/"},{"@type":"ListItem","position":2,"name":"Eventos"}]},{"@type":"WebSite","@id":"https:\/\/museo.inf.upv.es\/#website","url":"https:\/\/museo.inf.upv.es\/","name":"Web del Museo de Inform\u00e1tica 2.0","description":"Web del Museo de Inform\u00e1tica 2.0","potentialAction":[{"@type":"SearchAction","target":{"@type":"EntryPoint","urlTemplate":"https:\/\/museo.inf.upv.es\/?s={search_term_string}"},"query-input":{"@type":"PropertyValueSpecification","valueRequired":true,"valueName":"search_term_string"}}],"inLanguage":"va-VA"}]}},"_links":{"self":[{"href":"https:\/\/museo.inf.upv.es\/va\/wp-json\/wp\/v2\/pages\/7633","targetHints":{"allow":["GET"]}}],"collection":[{"href":"https:\/\/museo.inf.upv.es\/va\/wp-json\/wp\/v2\/pages"}],"about":[{"href":"https:\/\/museo.inf.upv.es\/va\/wp-json\/wp\/v2\/types\/page"}],"author":[{"embeddable":true,"href":"https:\/\/museo.inf.upv.es\/va\/wp-json\/wp\/v2\/users\/1"}],"replies":[{"embeddable":true,"href":"https:\/\/museo.inf.upv.es\/va\/wp-json\/wp\/v2\/comments?post=7633"}],"version-history":[{"count":2,"href":"https:\/\/museo.inf.upv.es\/va\/wp-json\/wp\/v2\/pages\/7633\/revisions"}],"predecessor-version":[{"id":7635,"href":"https:\/\/museo.inf.upv.es\/va\/wp-json\/wp\/v2\/pages\/7633\/revisions\/7635"}],"wp:attachment":[{"href":"https:\/\/museo.inf.upv.es\/va\/wp-json\/wp\/v2\/media?parent=7633"}],"curies":[{"name":"wp","href":"https:\/\/api.w.org\/{rel}","templated":true}]}}