{"id":7638,"date":"2018-06-20T11:38:15","date_gmt":"2018-06-20T11:38:15","guid":{"rendered":"http:\/\/museo.inf.upv.es\/?page_id=6708"},"modified":"2021-05-31T10:03:45","modified_gmt":"2021-05-31T10:03:45","slug":"ciclos-de-cine","status":"publish","type":"page","link":"https:\/\/museo.inf.upv.es\/va\/ciclos-de-cine\/","title":{"rendered":"Cicles de Cinema"},"content":{"rendered":"<p>Baix trobaras els enlla\u00e7os corresponents als diferents cicles de cinema organitzats pel Museu d&#8217;Inform\u00e0tica de l&#8217;ETSINF \u00a0encontrar\u00e1s los links correspondientes a cada uno de los ciclos de cine organizados por el Museo de Inform\u00e1tica de la ETSINF.<\/p>\n<ul>\n<li><a href=\"https:\/\/museoinf.webs.upv.es\/es\/blog\/2013\/10\/11\/ciclo-de-cine-museo-de-inform\u00e1tica\/\">I edici\u00f3 cicles de cinema<\/a><\/li>\n<li><a href=\"https:\/\/museoinf.webs.upv.es\/es\/iiciclodecine\/\">II edici\u00f3 cicles de cinema<\/a><\/li>\n<\/ul>\n<p><\/p>","protected":false},"excerpt":{"rendered":"<p>Baix trobaras els enlla\u00e7os corresponents als diferents cicles de cinema organitzats pel Museu d&#8217;Inform\u00e0tica de l&#8217;ETSINF \u00a0encontrar\u00e1s los links correspondientes a cada uno de los ciclos de cine organizados por el Museo de Inform\u00e1tica de la ETSINF. I edici\u00f3 cicles de cinema II edici\u00f3 cicles de cinema<\/p>\n","protected":false},"author":1,"featured_media":0,"parent":0,"menu_order":0,"comment_status":"closed","ping_status":"closed","template":"","meta":{"_monsterinsights_skip_tracking":false,"_monsterinsights_sitenote_active":false,"_monsterinsights_sitenote_note":"","_monsterinsights_sitenote_category":0,"footnotes":""},"class_list":["post-7638","page","type-page","status-publish","hentry","post"],"yoast_head":"<!-- This site is optimized with the Yoast SEO plugin v27.3 - https:\/\/yoast.com\/product\/yoast-seo-wordpress\/ -->\n<title>Cicles de Cinema - Web del Museo de Inform\u00e1tica 2.0<\/title>\n<meta name=\"robots\" content=\"index, follow, max-snippet:-1, max-image-preview:large, max-video-preview:-1\" \/>\n<link rel=\"canonical\" href=\"https:\/\/museo.inf.upv.es\/ciclos-de-cine\/\" \/>\n<meta property=\"og:locale\" content=\"en_US\" \/>\n<meta property=\"og:type\" content=\"article\" \/>\n<meta property=\"og:title\" content=\"Cicles de Cinema - Web del Museo de Inform\u00e1tica 2.0\" \/>\n<meta property=\"og:description\" content=\"Baix trobaras els enlla\u00e7os corresponents als diferents cicles de cinema organitzats pel Museu d&#8217;Inform\u00e0tica de l&#8217;ETSINF \u00a0encontrar\u00e1s los links correspondientes a cada uno de los ciclos de cine organizados por el Museo de Inform\u00e1tica de la ETSINF. I edici\u00f3 cicles de cinema II edici\u00f3 cicles de cinema\" \/>\n<meta property=\"og:url\" content=\"https:\/\/museo.inf.upv.es\/ciclos-de-cine\/\" \/>\n<meta property=\"og:site_name\" content=\"Web del Museo de Inform\u00e1tica 2.0\" \/>\n<meta property=\"article:modified_time\" content=\"2021-05-31T10:03:45+00:00\" \/>\n<meta name=\"twitter:card\" content=\"summary_large_image\" \/>\n<meta name=\"twitter:label1\" content=\"Est. reading time\" \/>\n\t<meta name=\"twitter:data1\" content=\"1 minute\" \/>\n<script type=\"application\/ld+json\" class=\"yoast-schema-graph\">{\"@context\":\"https:\\\/\\\/schema.org\",\"@graph\":[{\"@type\":\"WebPage\",\"@id\":\"https:\\\/\\\/museo.inf.upv.es\\\/ciclos-de-cine\\\/\",\"url\":\"https:\\\/\\\/museo.inf.upv.es\\\/ciclos-de-cine\\\/\",\"name\":\"Cicles de Cinema - Web del Museo de Inform\u00e1tica 2.0\",\"isPartOf\":{\"@id\":\"https:\\\/\\\/museo.inf.upv.es\\\/#website\"},\"datePublished\":\"2018-06-20T11:38:15+00:00\",\"dateModified\":\"2021-05-31T10:03:45+00:00\",\"breadcrumb\":{\"@id\":\"https:\\\/\\\/museo.inf.upv.es\\\/ciclos-de-cine\\\/#breadcrumb\"},\"inLanguage\":\"va-VA\",\"potentialAction\":[{\"@type\":\"ReadAction\",\"target\":[\"https:\\\/\\\/museo.inf.upv.es\\\/ciclos-de-cine\\\/\"]}]},{\"@type\":\"BreadcrumbList\",\"@id\":\"https:\\\/\\\/museo.inf.upv.es\\\/ciclos-de-cine\\\/#breadcrumb\",\"itemListElement\":[{\"@type\":\"ListItem\",\"position\":1,\"name\":\"Portada\",\"item\":\"https:\\\/\\\/museo.inf.upv.es\\\/\"},{\"@type\":\"ListItem\",\"position\":2,\"name\":\"Ciclos de Cine\"}]},{\"@type\":\"WebSite\",\"@id\":\"https:\\\/\\\/museo.inf.upv.es\\\/#website\",\"url\":\"https:\\\/\\\/museo.inf.upv.es\\\/\",\"name\":\"Web del Museo de Inform\u00e1tica 2.0\",\"description\":\"Web del Museo de Inform\u00e1tica 2.0\",\"potentialAction\":[{\"@type\":\"SearchAction\",\"target\":{\"@type\":\"EntryPoint\",\"urlTemplate\":\"https:\\\/\\\/museo.inf.upv.es\\\/?s={search_term_string}\"},\"query-input\":{\"@type\":\"PropertyValueSpecification\",\"valueRequired\":true,\"valueName\":\"search_term_string\"}}],\"inLanguage\":\"va-VA\"}]}<\/script>\n<!-- \/ Yoast SEO plugin. -->","yoast_head_json":{"title":"Cicles de Cinema - Web del Museo de Inform\u00e1tica 2.0","robots":{"index":"index","follow":"follow","max-snippet":"max-snippet:-1","max-image-preview":"max-image-preview:large","max-video-preview":"max-video-preview:-1"},"canonical":"https:\/\/museo.inf.upv.es\/ciclos-de-cine\/","og_locale":"en_US","og_type":"article","og_title":"Cicles de Cinema - Web del Museo de Inform\u00e1tica 2.0","og_description":"Baix trobaras els enlla\u00e7os corresponents als diferents cicles de cinema organitzats pel Museu d&#8217;Inform\u00e0tica de l&#8217;ETSINF \u00a0encontrar\u00e1s los links correspondientes a cada uno de los ciclos de cine organizados por el Museo de Inform\u00e1tica de la ETSINF. I edici\u00f3 cicles de cinema II edici\u00f3 cicles de cinema","og_url":"https:\/\/museo.inf.upv.es\/ciclos-de-cine\/","og_site_name":"Web del Museo de Inform\u00e1tica 2.0","article_modified_time":"2021-05-31T10:03:45+00:00","twitter_card":"summary_large_image","twitter_misc":{"Est. reading time":"1 minute"},"schema":{"@context":"https:\/\/schema.org","@graph":[{"@type":"WebPage","@id":"https:\/\/museo.inf.upv.es\/ciclos-de-cine\/","url":"https:\/\/museo.inf.upv.es\/ciclos-de-cine\/","name":"Cicles de Cinema - Web del Museo de Inform\u00e1tica 2.0","isPartOf":{"@id":"https:\/\/museo.inf.upv.es\/#website"},"datePublished":"2018-06-20T11:38:15+00:00","dateModified":"2021-05-31T10:03:45+00:00","breadcrumb":{"@id":"https:\/\/museo.inf.upv.es\/ciclos-de-cine\/#breadcrumb"},"inLanguage":"va-VA","potentialAction":[{"@type":"ReadAction","target":["https:\/\/museo.inf.upv.es\/ciclos-de-cine\/"]}]},{"@type":"BreadcrumbList","@id":"https:\/\/museo.inf.upv.es\/ciclos-de-cine\/#breadcrumb","itemListElement":[{"@type":"ListItem","position":1,"name":"Portada","item":"https:\/\/museo.inf.upv.es\/"},{"@type":"ListItem","position":2,"name":"Ciclos de Cine"}]},{"@type":"WebSite","@id":"https:\/\/museo.inf.upv.es\/#website","url":"https:\/\/museo.inf.upv.es\/","name":"Web del Museo de Inform\u00e1tica 2.0","description":"Web del Museo de Inform\u00e1tica 2.0","potentialAction":[{"@type":"SearchAction","target":{"@type":"EntryPoint","urlTemplate":"https:\/\/museo.inf.upv.es\/?s={search_term_string}"},"query-input":{"@type":"PropertyValueSpecification","valueRequired":true,"valueName":"search_term_string"}}],"inLanguage":"va-VA"}]}},"_links":{"self":[{"href":"https:\/\/museo.inf.upv.es\/va\/wp-json\/wp\/v2\/pages\/7638","targetHints":{"allow":["GET"]}}],"collection":[{"href":"https:\/\/museo.inf.upv.es\/va\/wp-json\/wp\/v2\/pages"}],"about":[{"href":"https:\/\/museo.inf.upv.es\/va\/wp-json\/wp\/v2\/types\/page"}],"author":[{"embeddable":true,"href":"https:\/\/museo.inf.upv.es\/va\/wp-json\/wp\/v2\/users\/1"}],"replies":[{"embeddable":true,"href":"https:\/\/museo.inf.upv.es\/va\/wp-json\/wp\/v2\/comments?post=7638"}],"version-history":[{"count":3,"href":"https:\/\/museo.inf.upv.es\/va\/wp-json\/wp\/v2\/pages\/7638\/revisions"}],"predecessor-version":[{"id":8048,"href":"https:\/\/museo.inf.upv.es\/va\/wp-json\/wp\/v2\/pages\/7638\/revisions\/8048"}],"wp:attachment":[{"href":"https:\/\/museo.inf.upv.es\/va\/wp-json\/wp\/v2\/media?parent=7638"}],"curies":[{"name":"wp","href":"https:\/\/api.w.org\/{rel}","templated":true}]}}