{"id":8396,"date":"2021-06-07T17:37:46","date_gmt":"2021-06-07T17:37:46","guid":{"rendered":"https:\/\/museoupdating.webs.upv.es\/?page_id=8396"},"modified":"2023-02-20T11:35:40","modified_gmt":"2023-02-20T11:35:40","slug":"instalacion-evolucion-de-los-sistemas-de-almacenamiento","status":"publish","type":"page","link":"https:\/\/museo.inf.upv.es\/va\/instalacion-evolucion-de-los-sistemas-de-almacenamiento\/","title":{"rendered":"Evoluci\u00f3 dels sistemes d&#8217;emmagatzematge"},"content":{"rendered":"<h1>Evoluci\u00f3 dels sistemes d&#8217;emmagatzematge<\/h1>\n<p style=\"text-align: justify;\"><\/p>\n<p style=\"text-align: justify;\">En aquest mural vam mostrar l&#8217;evoluci\u00f3 dels sistemes d&#8217;emmagatzematge, des de les targetes perforades als sistemes d&#8217;emmagatzematge en el n\u00favol, passant pels discos \u00f2ptics, discos durs, disquets, targetes de mem\u00f2ria etc..<\/p>\n<p><\/p>\n<h3>Hist\u00f2ria<\/h3>\n<p style=\"text-align: justify;\">Quan parlem d&#8217;emmagatzematge de la informaci\u00f3 hem de retrocedir fins a les primeres formes d&#8217;escriptura. No obstant aix\u00f2, si l&#8217;emmagatzematge d&#8217;informaci\u00f3 t\u00e9 com a objectiu processar-la amb alguna m\u00e0quina, llavors nom\u00e9s \u00e9s necessari retrocedir fins a la Revoluci\u00f3 Industrial, quan es va plantejar utilitzar la m\u00e0quina de vapor en els telers. Per a aix\u00f2, Basile Bouchon va idear una manera de codificar i emmagatzemar els patrons o dibuixos dels teixits en targetes perforades, mecanisme perfeccionat poc despr\u00e9s per Joseph Marie Jacquard.<\/p>\n<p style=\"text-align: justify;\">En aquest context, Charles Babbage va projectar entorn de 1820 la M\u00e0quina Anal\u00edtica, precursora de l&#8217;ordinador modern, per al c\u00e0lcul fiable de taules matem\u00e0tiques. La M\u00e0quina Anal\u00edtica emprava les targetes perforades de Jacquard per a la introducci\u00f3 de dades. El programa de c\u00e0lcul que va publicar Ada Byron per a aquesta m\u00e0quina va fer d&#8217;ella la primera programadora de la hist\u00f2ria.<\/p>\n<p style=\"text-align: justify;\">A la fi del segle XIX les targetes perforades van ser utilitzades amb \u00e8xit en l&#8217;elaboraci\u00f3 autom\u00e0tica del cens dels EUA i van representar la base de la introducci\u00f3 d&#8217;informaci\u00f3 en les computadores dissenyades fins ni m\u00e9s ni menys que els anys 70 del segle XX.<\/p>\n<p style=\"text-align: justify;\">En el context de les primeres computadores electr\u00f2niques, a mitjan segle XX, la construcci\u00f3 dels dispositius d&#8217;emmagatzematge de gran capacitat i acc\u00e9s r\u00e0pid va suposar tot un repte. Els tubs de Williams, basats en els tubs de raigs cat\u00f2dics, van ser un primer intent.<\/p>\n<p><\/p>\n\n\n<div class=\"wp-block-columns is-layout-flex wp-container-core-columns-is-layout-9d6595d7 wp-block-columns-is-layout-flex\">\n<div class=\"wp-block-column is-layout-flow wp-block-column-is-layout-flow\" style=\"flex-basis:40%\">\n<figure class=\"wp-block-image size-large\"><a href=\"https:\/\/museo.inf.upv.es\/wp-content\/uploads\/2021\/06\/instalacionesa3b.jpeg\"><img loading=\"lazy\" decoding=\"async\" width=\"1024\" height=\"643\" src=\"https:\/\/museo.inf.upv.es\/wp-content\/uploads\/2021\/06\/instalacionesa3b-1024x643.jpeg\" alt=\"\" class=\"wp-image-8354\" srcset=\"https:\/\/museo.inf.upv.es\/wp-content\/uploads\/2021\/06\/instalacionesa3b-1024x643.jpeg 1024w, https:\/\/museo.inf.upv.es\/wp-content\/uploads\/2021\/06\/instalacionesa3b-300x188.jpeg 300w, https:\/\/museo.inf.upv.es\/wp-content\/uploads\/2021\/06\/instalacionesa3b-768x483.jpeg 768w, https:\/\/museo.inf.upv.es\/wp-content\/uploads\/2021\/06\/instalacionesa3b-1536x965.jpeg 1536w, https:\/\/museo.inf.upv.es\/wp-content\/uploads\/2021\/06\/instalacionesa3b.jpeg 1980w\" sizes=\"auto, (max-width: 1024px) 100vw, 1024px\" \/><\/a><\/figure>\n\n\n\n<figure class=\"wp-block-image size-large\"><a href=\"https:\/\/museo.inf.upv.es\/wp-content\/uploads\/2021\/06\/instalacionesa4b.jpeg\"><img loading=\"lazy\" decoding=\"async\" width=\"1024\" height=\"669\" src=\"https:\/\/museo.inf.upv.es\/wp-content\/uploads\/2021\/06\/instalacionesa4b-1024x669.jpeg\" alt=\"\" class=\"wp-image-8357\" srcset=\"https:\/\/museo.inf.upv.es\/wp-content\/uploads\/2021\/06\/instalacionesa4b-1024x669.jpeg 1024w, https:\/\/museo.inf.upv.es\/wp-content\/uploads\/2021\/06\/instalacionesa4b-300x196.jpeg 300w, https:\/\/museo.inf.upv.es\/wp-content\/uploads\/2021\/06\/instalacionesa4b-768x501.jpeg 768w, https:\/\/museo.inf.upv.es\/wp-content\/uploads\/2021\/06\/instalacionesa4b-1536x1003.jpeg 1536w, https:\/\/museo.inf.upv.es\/wp-content\/uploads\/2021\/06\/instalacionesa4b.jpeg 1994w\" sizes=\"auto, (max-width: 1024px) 100vw, 1024px\" \/><\/a><\/figure>\n\n\n\n<figure class=\"wp-block-image size-large\"><a href=\"https:\/\/museo.inf.upv.es\/wp-content\/uploads\/2021\/06\/instalacionesa2b.jpeg\"><img loading=\"lazy\" decoding=\"async\" width=\"1024\" height=\"734\" src=\"https:\/\/museo.inf.upv.es\/wp-content\/uploads\/2021\/06\/instalacionesa2b-1024x734.jpeg\" alt=\"\" class=\"wp-image-8355\" srcset=\"https:\/\/museo.inf.upv.es\/wp-content\/uploads\/2021\/06\/instalacionesa2b-1024x734.jpeg 1024w, https:\/\/museo.inf.upv.es\/wp-content\/uploads\/2021\/06\/instalacionesa2b-300x215.jpeg 300w, https:\/\/museo.inf.upv.es\/wp-content\/uploads\/2021\/06\/instalacionesa2b-768x550.jpeg 768w, https:\/\/museo.inf.upv.es\/wp-content\/uploads\/2021\/06\/instalacionesa2b-1536x1101.jpeg 1536w, https:\/\/museo.inf.upv.es\/wp-content\/uploads\/2021\/06\/instalacionesa2b.jpeg 1916w\" sizes=\"auto, (max-width: 1024px) 100vw, 1024px\" \/><\/a><\/figure>\n\n\n\n<figure class=\"wp-block-image size-large\"><a href=\"https:\/\/museo.inf.upv.es\/wp-content\/uploads\/2021\/06\/instalacionesa1b.jpeg\"><img loading=\"lazy\" decoding=\"async\" width=\"1024\" height=\"621\" src=\"https:\/\/museo.inf.upv.es\/wp-content\/uploads\/2021\/06\/instalacionesa1b-1024x621.jpeg\" alt=\"\" class=\"wp-image-8356\" srcset=\"https:\/\/museo.inf.upv.es\/wp-content\/uploads\/2021\/06\/instalacionesa1b-1024x621.jpeg 1024w, https:\/\/museo.inf.upv.es\/wp-content\/uploads\/2021\/06\/instalacionesa1b-300x182.jpeg 300w, https:\/\/museo.inf.upv.es\/wp-content\/uploads\/2021\/06\/instalacionesa1b-768x466.jpeg 768w, https:\/\/museo.inf.upv.es\/wp-content\/uploads\/2021\/06\/instalacionesa1b-1536x932.jpeg 1536w, https:\/\/museo.inf.upv.es\/wp-content\/uploads\/2021\/06\/instalacionesa1b.jpeg 1994w\" sizes=\"auto, (max-width: 1024px) 100vw, 1024px\" \/><\/a><\/figure>\n\n\n\n<p><\/p>\n<\/div>\n\n\n\n<div class=\"wp-block-column is-layout-flow wp-block-column-is-layout-flow\" style=\"flex-basis:60%\">\n<p style=\"text-align: justify;\"><\/p>\n<p style=\"text-align: justify;\">En els anys 50 es va comen\u00e7ar a usar el magnetisme com a base de l&#8217;enregistrament d&#8217;informaci\u00f3, primer en suports blans com a cintes i despr\u00e9s en altres r\u00edgids com a tambors i discos. El principi \u00e9s senzill: s&#8217;est\u00e9n una capa de material magnetitzable sobre una superf\u00edcie i la informaci\u00f3 es grava en forma de xicotets dipols magn\u00e8tics. El computador UNIVAC I, de 1951, incorporava unitats de cinta que podien emmagatzemar fins a 128 unitats o paraules per polzada.<\/p>\n<p style=\"text-align: justify;\">Prompte va apar\u00e9ixer el tambor, de forma cil\u00edndrica, amb capacitat entorn de les deu mil paraules, per\u00f2 va ser sobrepassat pels discos durs, m\u00e9s r\u00e0pids i eficients. En un disc dur el material magn\u00e8tic s&#8217;est\u00e9n sobre diversos plats circulars que giren a gran velocitat. Per cada superf\u00edcie magn\u00e8tica hi ha un cap\u00e7al que permet la lectura i escriptura d&#8217;informaci\u00f3. El primer disc dur va ser l&#8217;IBM 350, comercialitzat l&#8217;any 1956, amb una capacitat de poc m\u00e9s de quatre milions de paraules d&#8217;informaci\u00f3. Amb el temps, les millores cont\u00ednues en la tecnologia magn\u00e8tica van permetre disposar d&#8217;unitats de disc dur barates i de gran capacitat per a tota mena d&#8217;ordinadors.<\/p>\n<p style=\"text-align: justify;\">Malgrat el desavantatge de l&#8217;acc\u00e9s seq\u00fcencial de les cintes enfront de la velocitat dels discos durs, el seu menor preu i major capacitat i adaptaci\u00f3 com a suport de les c\u00f2pies de seguretat, les va convertir en la tecnologia d&#8217;emmagatzematge dels grans mainframes i minicomputadores de la segona meitat del segle XX i, sorprenentment, segueixen presents en alguns sistemes inform\u00e0tics del segle XXI, encara que el seu \u00fas comen\u00e7a a reduir-se.<\/p>\n<p style=\"text-align: justify;\">Les compactes i pr\u00e0ctiques cintes de casset van permetre l&#8217;expansi\u00f3 de la inform\u00e0tica dom\u00e8stica durant la d\u00e8cada de 1980. Aquestes cintes van ser substitu\u00efdes pels discos flexibles que, en ess\u00e8ncia, utilitzen la mateixa tecnologia que els discos durs per\u00f2 tenen un suport menys r\u00edgid, m\u00e9s lleuger, amb menor capacitat d&#8217;emmagatzematge, per\u00f2 f\u00e0cilment transportables.<\/p>\n<p style=\"text-align: justify;\">En la d\u00e8cada de 1990 va apar\u00e9ixer un suport amb tecnologia \u00f2ptica: el disc compacte o CD, acr\u00f2nim de Compact Disk. Malgrat la seua major capacitat d&#8217;emmagatzematge, inicialment tenien el desavantatge de ser dispositius de nom\u00e9s lectura. Per aquesta ra\u00f3 es van continuar desenvolupant altres tipus de discos flexibles de vida ef\u00edmera: el minidisc de Sony, o el Zip i el Jaz de Iomega, s\u00f3n alguns exemples, amb capacitats que anaven des de 100 MB fins a 1 GB.<\/p>\n<p style=\"text-align: justify;\">A la fi dels anys 1990 va apar\u00e9ixer la tecnologia flaix, un mitj\u00e0 d&#8217;emmagatzematge electr\u00f2nic i no vol\u00e0til. Inicialment desenvolupada per a fotografia, va permetre el desenvolupament de dispositius d&#8217;emmagatzematge molt compactes que, encara que inicialment molt cars, prompte van superar de llarg les capacitats de la tecnologia \u00f2ptica. D&#8217;aquesta manera, des de comen\u00e7aments del segle XXI les unitats d&#8217;estat s\u00f2lid o SSD, per les seues sigles en angl\u00e9s Solid State Drive, han facilitat la substituci\u00f3 gradual dels discos durs magn\u00e8tics en tota mena de computadors. Gr\u00e0cies a la tecnologia flaix, aquestes unitats redueixen les necessitats d&#8217;energia i augmenten les velocitats de transfer\u00e8ncia.<\/p>\n<p style=\"text-align: justify;\">Curiosament, l&#8217;\u00faltim gran avan\u00e7 en sistemes d&#8217;emmagatzematge no es deu a un desenvolupament tecnol\u00f2gic en aquesta \u00e0rea, sin\u00f3 en el camp de les xarxes de computadors. En efecte, l&#8217;aparici\u00f3 de xarxes d&#8217;alta velocitat ha perm\u00e9s crear grans centres inform\u00e0tics enfocats a l&#8217;emmagatzematge de dades, com a documents, fotografies, v\u00eddeos, etc\u00e8tera. Coneguda col\u00b7loquialment com \u201cel n\u00favol\u201d, en ess\u00e8ncia es tracta d&#8217;un espai d&#8217;emmagatzematge constru\u00eft per mitj\u00e0 d&#8217;un nombre enorme de dispositius connectats entre si i accessibles mitjan\u00e7ant una connexi\u00f3 de xarxa. \u00d2bviament, aquest no \u00e9s l&#8217;\u00faltim pas en l&#8217;evoluci\u00f3\u2026 quin ser\u00e0 el seg\u00fcent?<\/p>\n<p style=\"text-align: justify;\"><\/p>\n<\/div>\n<\/div>\n\n\n<p><\/p>\n<p><a href=\"https:\/\/museo.inf.upv.es\/wp-content\/uploads\/2021\/06\/evolucionsdi2-scaled.jpg\"><img loading=\"lazy\" decoding=\"async\" class=\"alignnone wp-image-8309 size-full\" src=\"https:\/\/museoinf.webs.upv.es\/wp-content\/uploads\/2021\/06\/evolucionsdi2-scaled.jpg\" alt=\"\" width=\"2560\" height=\"1024\" srcset=\"https:\/\/museo.inf.upv.es\/wp-content\/uploads\/2021\/06\/evolucionsdi2-scaled.jpg 2560w, https:\/\/museo.inf.upv.es\/wp-content\/uploads\/2021\/06\/evolucionsdi2-300x120.jpg 300w, https:\/\/museo.inf.upv.es\/wp-content\/uploads\/2021\/06\/evolucionsdi2-1024x410.jpg 1024w, https:\/\/museo.inf.upv.es\/wp-content\/uploads\/2021\/06\/evolucionsdi2-768x307.jpg 768w, https:\/\/museo.inf.upv.es\/wp-content\/uploads\/2021\/06\/evolucionsdi2-1536x614.jpg 1536w, https:\/\/museo.inf.upv.es\/wp-content\/uploads\/2021\/06\/evolucionsdi2-2048x819.jpg 2048w\" sizes=\"auto, (max-width: 2560px) 100vw, 2560px\" \/><\/a><\/p>\n<p><a href=\"https:\/\/museo.inf.upv.es\/wp-content\/uploads\/2021\/09\/evolucionsdi-scaledlogos2-1.jpg\"><img loading=\"lazy\" decoding=\"async\" class=\"alignnone wp-image-9410 size-full\" src=\"https:\/\/museo.inf.upv.es\/wp-content\/uploads\/2021\/09\/evolucionsdi-scaledlogos2-1.jpg\" alt=\"\" width=\"1410\" height=\"666\" srcset=\"https:\/\/museo.inf.upv.es\/wp-content\/uploads\/2021\/09\/evolucionsdi-scaledlogos2-1.jpg 1410w, https:\/\/museo.inf.upv.es\/wp-content\/uploads\/2021\/09\/evolucionsdi-scaledlogos2-1-300x142.jpg 300w, https:\/\/museo.inf.upv.es\/wp-content\/uploads\/2021\/09\/evolucionsdi-scaledlogos2-1-1024x484.jpg 1024w, https:\/\/museo.inf.upv.es\/wp-content\/uploads\/2021\/09\/evolucionsdi-scaledlogos2-1-768x363.jpg 768w\" sizes=\"auto, (max-width: 1410px) 100vw, 1410px\" \/><\/a><\/p>\n<p style=\"text-align: justify;\"><\/p>\n<p style=\"text-align: justify;\"><a href=\"https:\/\/museoinf.webs.upv.es\/wp-content\/uploads\/2021\/06\/My-Cloud-2.png\"><img loading=\"lazy\" decoding=\"async\" class=\"alignleft wp-image-8418 size-medium\" src=\"https:\/\/museoinf.webs.upv.es\/wp-content\/uploads\/2021\/06\/My-Cloud-2-300x216.png\" alt=\"\" width=\"300\" height=\"216\" srcset=\"https:\/\/museo.inf.upv.es\/wp-content\/uploads\/2021\/06\/My-Cloud-2-300x216.png 300w, https:\/\/museo.inf.upv.es\/wp-content\/uploads\/2021\/06\/My-Cloud-2-1024x736.png 1024w, https:\/\/museo.inf.upv.es\/wp-content\/uploads\/2021\/06\/My-Cloud-2-768x552.png 768w, https:\/\/museo.inf.upv.es\/wp-content\/uploads\/2021\/06\/My-Cloud-2.png 1059w\" sizes=\"auto, (max-width: 300px) 100vw, 300px\" \/><\/a>Aquest mural ha sigut realitzat pels dels estudiants de l&#8217;assignatura de Pintura i Entorn del curs 2020-2021 del Grau en Belles arts de la Facultat de Belles arts de la Universitat Polit\u00e8cnica de Val\u00e8ncia dirigits pel professor Juan Antonio Canales, als quals els agra\u00efm des del *Museu d\u2019*Inform\u00e0tica de la Universitat Polit\u00e8cnica de Val\u00e8ncia el seu esfor\u00e7 i dedicaci\u00f3.<\/p>\n<p>Aquest mural s&#8217;exposa en el corredor de l&#8217;edifici 1B de l&#8217;ETSINF. Visita-ho i gaudeix d&#8217;aquesta xicoteta retrospectiva&#8230; i no dubtes a fotografiar-te amb el teu sistema d&#8217;emmagatzematge favorit.<\/p>\n<p><\/p>\n\n\n<p><\/p>","protected":false},"excerpt":{"rendered":"<p>Evoluci\u00f3 dels sistemes d&#8217;emmagatzematge En aquest mural vam mostrar l&#8217;evoluci\u00f3 dels sistemes d&#8217;emmagatzematge, des de les targetes perforades als sistemes d&#8217;emmagatzematge en el n\u00favol, passant pels discos \u00f2ptics, discos durs, disquets, targetes de mem\u00f2ria etc.. Hist\u00f2ria Quan parlem d&#8217;emmagatzematge de la informaci\u00f3 hem de retrocedir fins a les primeres formes d&#8217;escriptura. No obstant aix\u00f2, si [&hellip;]<\/p>\n","protected":false},"author":1,"featured_media":0,"parent":0,"menu_order":0,"comment_status":"closed","ping_status":"closed","template":"","meta":{"_monsterinsights_skip_tracking":false,"_monsterinsights_sitenote_active":false,"_monsterinsights_sitenote_note":"","_monsterinsights_sitenote_category":0,"footnotes":""},"class_list":["post-8396","page","type-page","status-publish","hentry","post"],"yoast_head":"<!-- This site is optimized with the Yoast SEO plugin v27.4 - https:\/\/yoast.com\/product\/yoast-seo-wordpress\/ -->\n<title>Evoluci\u00f3 dels sistemes d&#039;emmagatzematge - Web del Museo de Inform\u00e1tica 2.0<\/title>\n<meta name=\"robots\" content=\"index, follow, max-snippet:-1, max-image-preview:large, max-video-preview:-1\" \/>\n<link rel=\"canonical\" href=\"https:\/\/museo.inf.upv.es\/instalacion-evolucion-de-los-sistemas-de-almacenamiento\/\" \/>\n<meta property=\"og:locale\" content=\"en_US\" \/>\n<meta property=\"og:type\" content=\"article\" \/>\n<meta property=\"og:title\" content=\"Evoluci\u00f3 dels sistemes d&#039;emmagatzematge - Web del Museo de Inform\u00e1tica 2.0\" \/>\n<meta property=\"og:description\" content=\"Evoluci\u00f3 dels sistemes d&#8217;emmagatzematge En aquest mural vam mostrar l&#8217;evoluci\u00f3 dels sistemes d&#8217;emmagatzematge, des de les targetes perforades als sistemes d&#8217;emmagatzematge en el n\u00favol, passant pels discos \u00f2ptics, discos durs, disquets, targetes de mem\u00f2ria etc.. Hist\u00f2ria Quan parlem d&#8217;emmagatzematge de la informaci\u00f3 hem de retrocedir fins a les primeres formes d&#8217;escriptura. No obstant aix\u00f2, si [&hellip;]\" \/>\n<meta property=\"og:url\" content=\"https:\/\/museo.inf.upv.es\/instalacion-evolucion-de-los-sistemas-de-almacenamiento\/\" \/>\n<meta property=\"og:site_name\" content=\"Web del Museo de Inform\u00e1tica 2.0\" \/>\n<meta property=\"article:modified_time\" content=\"2023-02-20T11:35:40+00:00\" \/>\n<meta property=\"og:image\" content=\"https:\/\/museo.inf.upv.es\/wp-content\/uploads\/2021\/06\/instalacionesa3b-1024x643.jpeg\" \/>\n<meta name=\"twitter:card\" content=\"summary_large_image\" \/>\n<meta name=\"twitter:label1\" content=\"Est. reading time\" \/>\n\t<meta name=\"twitter:data1\" content=\"15 minutes\" \/>\n<script type=\"application\/ld+json\" class=\"yoast-schema-graph\">{\"@context\":\"https:\\\/\\\/schema.org\",\"@graph\":[{\"@type\":\"WebPage\",\"@id\":\"https:\\\/\\\/museo.inf.upv.es\\\/instalacion-evolucion-de-los-sistemas-de-almacenamiento\\\/\",\"url\":\"https:\\\/\\\/museo.inf.upv.es\\\/instalacion-evolucion-de-los-sistemas-de-almacenamiento\\\/\",\"name\":\"Evoluci\u00f3 dels sistemes d'emmagatzematge - Web del Museo de Inform\u00e1tica 2.0\",\"isPartOf\":{\"@id\":\"https:\\\/\\\/museo.inf.upv.es\\\/#website\"},\"primaryImageOfPage\":{\"@id\":\"https:\\\/\\\/museo.inf.upv.es\\\/instalacion-evolucion-de-los-sistemas-de-almacenamiento\\\/#primaryimage\"},\"image\":{\"@id\":\"https:\\\/\\\/museo.inf.upv.es\\\/instalacion-evolucion-de-los-sistemas-de-almacenamiento\\\/#primaryimage\"},\"thumbnailUrl\":\"https:\\\/\\\/museo.inf.upv.es\\\/wp-content\\\/uploads\\\/2021\\\/06\\\/instalacionesa3b-1024x643.jpeg\",\"datePublished\":\"2021-06-07T17:37:46+00:00\",\"dateModified\":\"2023-02-20T11:35:40+00:00\",\"breadcrumb\":{\"@id\":\"https:\\\/\\\/museo.inf.upv.es\\\/instalacion-evolucion-de-los-sistemas-de-almacenamiento\\\/#breadcrumb\"},\"inLanguage\":\"va-VA\",\"potentialAction\":[{\"@type\":\"ReadAction\",\"target\":[\"https:\\\/\\\/museo.inf.upv.es\\\/instalacion-evolucion-de-los-sistemas-de-almacenamiento\\\/\"]}]},{\"@type\":\"ImageObject\",\"inLanguage\":\"va-VA\",\"@id\":\"https:\\\/\\\/museo.inf.upv.es\\\/instalacion-evolucion-de-los-sistemas-de-almacenamiento\\\/#primaryimage\",\"url\":\"https:\\\/\\\/museo.inf.upv.es\\\/wp-content\\\/uploads\\\/2021\\\/06\\\/instalacionesa3b-1024x643.jpeg\",\"contentUrl\":\"https:\\\/\\\/museo.inf.upv.es\\\/wp-content\\\/uploads\\\/2021\\\/06\\\/instalacionesa3b-1024x643.jpeg\"},{\"@type\":\"BreadcrumbList\",\"@id\":\"https:\\\/\\\/museo.inf.upv.es\\\/instalacion-evolucion-de-los-sistemas-de-almacenamiento\\\/#breadcrumb\",\"itemListElement\":[{\"@type\":\"ListItem\",\"position\":1,\"name\":\"Portada\",\"item\":\"https:\\\/\\\/museo.inf.upv.es\\\/\"},{\"@type\":\"ListItem\",\"position\":2,\"name\":\"Instalaci\u00f3n Evoluci\u00f3n de los sistemas de almacenamiento\"}]},{\"@type\":\"WebSite\",\"@id\":\"https:\\\/\\\/museo.inf.upv.es\\\/#website\",\"url\":\"https:\\\/\\\/museo.inf.upv.es\\\/\",\"name\":\"Web del Museo de Inform\u00e1tica 2.0\",\"description\":\"Web del Museo de Inform\u00e1tica 2.0\",\"potentialAction\":[{\"@type\":\"SearchAction\",\"target\":{\"@type\":\"EntryPoint\",\"urlTemplate\":\"https:\\\/\\\/museo.inf.upv.es\\\/?s={search_term_string}\"},\"query-input\":{\"@type\":\"PropertyValueSpecification\",\"valueRequired\":true,\"valueName\":\"search_term_string\"}}],\"inLanguage\":\"va-VA\"}]}<\/script>\n<!-- \/ Yoast SEO plugin. -->","yoast_head_json":{"title":"Evoluci\u00f3 dels sistemes d'emmagatzematge - Web del Museo de Inform\u00e1tica 2.0","robots":{"index":"index","follow":"follow","max-snippet":"max-snippet:-1","max-image-preview":"max-image-preview:large","max-video-preview":"max-video-preview:-1"},"canonical":"https:\/\/museo.inf.upv.es\/instalacion-evolucion-de-los-sistemas-de-almacenamiento\/","og_locale":"en_US","og_type":"article","og_title":"Evoluci\u00f3 dels sistemes d'emmagatzematge - Web del Museo de Inform\u00e1tica 2.0","og_description":"Evoluci\u00f3 dels sistemes d&#8217;emmagatzematge En aquest mural vam mostrar l&#8217;evoluci\u00f3 dels sistemes d&#8217;emmagatzematge, des de les targetes perforades als sistemes d&#8217;emmagatzematge en el n\u00favol, passant pels discos \u00f2ptics, discos durs, disquets, targetes de mem\u00f2ria etc.. Hist\u00f2ria Quan parlem d&#8217;emmagatzematge de la informaci\u00f3 hem de retrocedir fins a les primeres formes d&#8217;escriptura. No obstant aix\u00f2, si [&hellip;]","og_url":"https:\/\/museo.inf.upv.es\/instalacion-evolucion-de-los-sistemas-de-almacenamiento\/","og_site_name":"Web del Museo de Inform\u00e1tica 2.0","article_modified_time":"2023-02-20T11:35:40+00:00","og_image":[{"url":"https:\/\/museo.inf.upv.es\/wp-content\/uploads\/2021\/06\/instalacionesa3b-1024x643.jpeg","type":"","width":"","height":""}],"twitter_card":"summary_large_image","twitter_misc":{"Est. reading time":"15 minutes"},"schema":{"@context":"https:\/\/schema.org","@graph":[{"@type":"WebPage","@id":"https:\/\/museo.inf.upv.es\/instalacion-evolucion-de-los-sistemas-de-almacenamiento\/","url":"https:\/\/museo.inf.upv.es\/instalacion-evolucion-de-los-sistemas-de-almacenamiento\/","name":"Evoluci\u00f3 dels sistemes d'emmagatzematge - Web del Museo de Inform\u00e1tica 2.0","isPartOf":{"@id":"https:\/\/museo.inf.upv.es\/#website"},"primaryImageOfPage":{"@id":"https:\/\/museo.inf.upv.es\/instalacion-evolucion-de-los-sistemas-de-almacenamiento\/#primaryimage"},"image":{"@id":"https:\/\/museo.inf.upv.es\/instalacion-evolucion-de-los-sistemas-de-almacenamiento\/#primaryimage"},"thumbnailUrl":"https:\/\/museo.inf.upv.es\/wp-content\/uploads\/2021\/06\/instalacionesa3b-1024x643.jpeg","datePublished":"2021-06-07T17:37:46+00:00","dateModified":"2023-02-20T11:35:40+00:00","breadcrumb":{"@id":"https:\/\/museo.inf.upv.es\/instalacion-evolucion-de-los-sistemas-de-almacenamiento\/#breadcrumb"},"inLanguage":"va-VA","potentialAction":[{"@type":"ReadAction","target":["https:\/\/museo.inf.upv.es\/instalacion-evolucion-de-los-sistemas-de-almacenamiento\/"]}]},{"@type":"ImageObject","inLanguage":"va-VA","@id":"https:\/\/museo.inf.upv.es\/instalacion-evolucion-de-los-sistemas-de-almacenamiento\/#primaryimage","url":"https:\/\/museo.inf.upv.es\/wp-content\/uploads\/2021\/06\/instalacionesa3b-1024x643.jpeg","contentUrl":"https:\/\/museo.inf.upv.es\/wp-content\/uploads\/2021\/06\/instalacionesa3b-1024x643.jpeg"},{"@type":"BreadcrumbList","@id":"https:\/\/museo.inf.upv.es\/instalacion-evolucion-de-los-sistemas-de-almacenamiento\/#breadcrumb","itemListElement":[{"@type":"ListItem","position":1,"name":"Portada","item":"https:\/\/museo.inf.upv.es\/"},{"@type":"ListItem","position":2,"name":"Instalaci\u00f3n Evoluci\u00f3n de los sistemas de almacenamiento"}]},{"@type":"WebSite","@id":"https:\/\/museo.inf.upv.es\/#website","url":"https:\/\/museo.inf.upv.es\/","name":"Web del Museo de Inform\u00e1tica 2.0","description":"Web del Museo de Inform\u00e1tica 2.0","potentialAction":[{"@type":"SearchAction","target":{"@type":"EntryPoint","urlTemplate":"https:\/\/museo.inf.upv.es\/?s={search_term_string}"},"query-input":{"@type":"PropertyValueSpecification","valueRequired":true,"valueName":"search_term_string"}}],"inLanguage":"va-VA"}]}},"_links":{"self":[{"href":"https:\/\/museo.inf.upv.es\/va\/wp-json\/wp\/v2\/pages\/8396","targetHints":{"allow":["GET"]}}],"collection":[{"href":"https:\/\/museo.inf.upv.es\/va\/wp-json\/wp\/v2\/pages"}],"about":[{"href":"https:\/\/museo.inf.upv.es\/va\/wp-json\/wp\/v2\/types\/page"}],"author":[{"embeddable":true,"href":"https:\/\/museo.inf.upv.es\/va\/wp-json\/wp\/v2\/users\/1"}],"replies":[{"embeddable":true,"href":"https:\/\/museo.inf.upv.es\/va\/wp-json\/wp\/v2\/comments?post=8396"}],"version-history":[{"count":38,"href":"https:\/\/museo.inf.upv.es\/va\/wp-json\/wp\/v2\/pages\/8396\/revisions"}],"predecessor-version":[{"id":10772,"href":"https:\/\/museo.inf.upv.es\/va\/wp-json\/wp\/v2\/pages\/8396\/revisions\/10772"}],"wp:attachment":[{"href":"https:\/\/museo.inf.upv.es\/va\/wp-json\/wp\/v2\/media?parent=8396"}],"curies":[{"name":"wp","href":"https:\/\/api.w.org\/{rel}","templated":true}]}}