{"id":8678,"date":"2021-07-06T16:11:40","date_gmt":"2021-07-06T16:11:40","guid":{"rendered":"https:\/\/museo.inf.upv.es\/?page_id=8595"},"modified":"2021-07-08T08:11:21","modified_gmt":"2021-07-08T08:11:21","slug":"noticias-del-museo","status":"publish","type":"page","link":"https:\/\/museo.inf.upv.es\/va\/noticias-del-museo\/","title":{"rendered":"Not\u00edcies del Museu"},"content":{"rendered":"<ul class=\"wp-block-latest-posts__list has-dates wp-block-latest-posts\"><li><div class=\"wp-block-latest-posts__featured-image\"><img loading=\"lazy\" decoding=\"async\" width=\"300\" height=\"226\" src=\"https:\/\/museo.inf.upv.es\/wp-content\/uploads\/2025\/07\/PXL_20240902_105408802-300x226.jpg\" class=\"attachment-medium size-medium wp-post-image\" alt=\"\" style=\"\" srcset=\"https:\/\/museo.inf.upv.es\/wp-content\/uploads\/2025\/07\/PXL_20240902_105408802-300x226.jpg 300w, https:\/\/museo.inf.upv.es\/wp-content\/uploads\/2025\/07\/PXL_20240902_105408802-1024x771.jpg 1024w, https:\/\/museo.inf.upv.es\/wp-content\/uploads\/2025\/07\/PXL_20240902_105408802-768x578.jpg 768w, https:\/\/museo.inf.upv.es\/wp-content\/uploads\/2025\/07\/PXL_20240902_105408802.jpg 1266w\" sizes=\"auto, (max-width: 300px) 100vw, 300px\" \/><\/div><a class=\"wp-block-latest-posts__post-title\" href=\"https:\/\/museo.inf.upv.es\/va\/blog\/2025\/07\/02\/inauguracion-del-mainframe-cii-honeywell-bull-en-el-museo-de-informatica-de-la-upv\/\">Inauguraci\u00f3 del mainframe Cii Honeywell Bull en el Museu d&#8217;Inform\u00e0tica de la UPV<\/a><time datetime=\"2025-07-02T15:36:30+00:00\" class=\"wp-block-latest-posts__post-date\">July 2, 2025<\/time><div class=\"wp-block-latest-posts__post-excerpt\">El pr\u00f2xim 9 de Juliol de 2025 tindr\u00e0 lloc l&#8217;acte d&#8217;inauguraci\u00f3 d&#8217;una de les peces m\u00e9s emblem\u00e0tiques del patrimoni tecnol\u00f2gic de la nostra universitat: el mainframe Cii Honeywell Bull, recentment incorporat al Museu d&#8217;Inform\u00e0tica gr\u00e0cies a la generosa donaci\u00f3 de l&#8217;empresa ArcelorMittal. Este sistema inform\u00e0tic, de m\u00e9s de set metres de longitud, representa una fita en la hist\u00f2ria de la computaci\u00f3 i ha sigut acuradament restaurat amb\u2026 <a class=\"wp-block-latest-posts__read-more\" href=\"https:\/\/museo.inf.upv.es\/va\/blog\/2025\/07\/02\/inauguracion-del-mainframe-cii-honeywell-bull-en-el-museo-de-informatica-de-la-upv\/\" rel=\"noopener noreferrer\">Read more<span class=\"screen-reader-text\">: Inauguraci\u00f3 del mainframe Cii Honeywell Bull en el Museu d&#8217;Inform\u00e0tica de la UPV<\/span><\/a><\/div><\/li>\n<li><div class=\"wp-block-latest-posts__featured-image\"><img loading=\"lazy\" decoding=\"async\" width=\"212\" height=\"300\" src=\"https:\/\/museo.inf.upv.es\/wp-content\/uploads\/2025\/03\/RPV25cartel-212x300.jpg\" class=\"attachment-medium size-medium wp-post-image\" alt=\"\" style=\"\" srcset=\"https:\/\/museo.inf.upv.es\/wp-content\/uploads\/2025\/03\/RPV25cartel-212x300.jpg 212w, https:\/\/museo.inf.upv.es\/wp-content\/uploads\/2025\/03\/RPV25cartel-724x1024.jpg 724w, https:\/\/museo.inf.upv.es\/wp-content\/uploads\/2025\/03\/RPV25cartel-768x1086.jpg 768w, https:\/\/museo.inf.upv.es\/wp-content\/uploads\/2025\/03\/RPV25cartel-1086x1536.jpg 1086w, https:\/\/museo.inf.upv.es\/wp-content\/uploads\/2025\/03\/RPV25cartel.jpg 1131w\" sizes=\"auto, (max-width: 212px) 100vw, 212px\" \/><\/div><a class=\"wp-block-latest-posts__post-title\" href=\"https:\/\/museo.inf.upv.es\/va\/blog\/2025\/05\/14\/balance-retropolis-2025-rpv25\/\">Balan\u00e7 Retr\u00f3polis 2025 #RPV25<\/a><time datetime=\"2025-05-14T09:37:39+00:00\" class=\"wp-block-latest-posts__post-date\">May 14, 2025<\/time><div class=\"wp-block-latest-posts__post-excerpt\">El passat 12 d&#8217;abril, la Universitat Polit\u00e8cnica de Val\u00e8ncia va acollir una nova edici\u00f3 de Retropolis 2025, la fira de retroinform\u00e1tica i videojocs cl\u00e0ssics que s&#8217;ha consolidat com un esdeveniment destacat per als entusiastes de la tecnologia vintage i la hist\u00f2ria digital. Enguany, la C\u00e0tedra d&#8217;Empresa HP-UPV i la C\u00e0tedra d&#8217;Empresa Edicom van exercir un paper fonamental com a patrocinadors de l&#8217;esdeveniment. Retropolis 2025 va oferir una\u2026 <a class=\"wp-block-latest-posts__read-more\" href=\"https:\/\/museo.inf.upv.es\/va\/blog\/2025\/05\/14\/balance-retropolis-2025-rpv25\/\" rel=\"noopener noreferrer\">Read more<span class=\"screen-reader-text\">: Balan\u00e7 Retr\u00f3polis 2025 #RPV25<\/span><\/a><\/div><\/li>\n<li><div class=\"wp-block-latest-posts__featured-image\"><img loading=\"lazy\" decoding=\"async\" width=\"300\" height=\"224\" src=\"https:\/\/museo.inf.upv.es\/wp-content\/uploads\/2025\/03\/Imagen-de-WhatsApp-2025-03-26-a-las-12.30.04_4eb2c8c9-300x224.jpg\" class=\"attachment-medium size-medium wp-post-image\" alt=\"\" style=\"\" srcset=\"https:\/\/museo.inf.upv.es\/wp-content\/uploads\/2025\/03\/Imagen-de-WhatsApp-2025-03-26-a-las-12.30.04_4eb2c8c9-300x224.jpg 300w, https:\/\/museo.inf.upv.es\/wp-content\/uploads\/2025\/03\/Imagen-de-WhatsApp-2025-03-26-a-las-12.30.04_4eb2c8c9-1024x766.jpg 1024w, https:\/\/museo.inf.upv.es\/wp-content\/uploads\/2025\/03\/Imagen-de-WhatsApp-2025-03-26-a-las-12.30.04_4eb2c8c9-768x574.jpg 768w, https:\/\/museo.inf.upv.es\/wp-content\/uploads\/2025\/03\/Imagen-de-WhatsApp-2025-03-26-a-las-12.30.04_4eb2c8c9-1536x1149.jpg 1536w, https:\/\/museo.inf.upv.es\/wp-content\/uploads\/2025\/03\/Imagen-de-WhatsApp-2025-03-26-a-las-12.30.04_4eb2c8c9.jpg 2000w\" sizes=\"auto, (max-width: 300px) 100vw, 300px\" \/><\/div><a class=\"wp-block-latest-posts__post-title\" href=\"https:\/\/museo.inf.upv.es\/va\/blog\/2025\/03\/26\/exposicion-temporal-en-el-espai-inf-3\/\">Exposici\u00f3 temporal en l&#8217;espai.inf<\/a><time datetime=\"2025-03-26T11:42:24+00:00\" class=\"wp-block-latest-posts__post-date\">March 26, 2025<\/time><div class=\"wp-block-latest-posts__post-excerpt\">En este any 2025, Retr\u00f3Polis Val\u00e8ncia celebra la seua 8a edici\u00f3 dissabte que ve 12 d&#8217;abril i com a part dels seus continguts teloners, hem organitzat una exposici\u00f3 temporal en el espai.inf de l&#8217;edifici 1E amb una retrospectiva hist\u00f2rica entorn de la cartelleria de totes les edicions de Retr\u00f3Polis, l&#8217;esdeveniment organitzat pel Museu d&#8217;Inform\u00e0tica de la ETSINF amb l&#8217;objectiu de divulgar, promoure i preservar la cultura del\u2026 <a class=\"wp-block-latest-posts__read-more\" href=\"https:\/\/museo.inf.upv.es\/va\/blog\/2025\/03\/26\/exposicion-temporal-en-el-espai-inf-3\/\" rel=\"noopener noreferrer\">Read more<span class=\"screen-reader-text\">: Exposici\u00f3 temporal en l&#8217;espai.inf<\/span><\/a><\/div><\/li>\n<li><div class=\"wp-block-latest-posts__featured-image\"><img loading=\"lazy\" decoding=\"async\" width=\"176\" height=\"300\" src=\"https:\/\/museo.inf.upv.es\/wp-content\/uploads\/2024\/03\/GJRc9q_XwAAvpgF-176x300.jpeg\" class=\"attachment-medium size-medium wp-post-image\" alt=\"\" style=\"\" srcset=\"https:\/\/museo.inf.upv.es\/wp-content\/uploads\/2024\/03\/GJRc9q_XwAAvpgF-176x300.jpeg 176w, https:\/\/museo.inf.upv.es\/wp-content\/uploads\/2024\/03\/GJRc9q_XwAAvpgF-602x1024.jpeg 602w, https:\/\/museo.inf.upv.es\/wp-content\/uploads\/2024\/03\/GJRc9q_XwAAvpgF-768x1306.jpeg 768w, https:\/\/museo.inf.upv.es\/wp-content\/uploads\/2024\/03\/GJRc9q_XwAAvpgF-903x1536.jpeg 903w, https:\/\/museo.inf.upv.es\/wp-content\/uploads\/2024\/03\/GJRc9q_XwAAvpgF.jpeg 941w\" sizes=\"auto, (max-width: 176px) 100vw, 176px\" \/><\/div><a class=\"wp-block-latest-posts__post-title\" href=\"https:\/\/museo.inf.upv.es\/va\/blog\/2024\/06\/04\/retropolisvlc2024\/\">(Espa\u00f1ol) Balance de Retr\u00f3Polis 2024<\/a><time datetime=\"2024-06-04T08:47:39+00:00\" class=\"wp-block-latest-posts__post-date\">June 4, 2024<\/time><div class=\"wp-block-latest-posts__post-excerpt\">Ho sentim, aquesta entrada nom\u00e9s es troba disponible en Espa\u00f1ol.<\/div><\/li>\n<li><div class=\"wp-block-latest-posts__featured-image\"><img loading=\"lazy\" decoding=\"async\" width=\"176\" height=\"300\" src=\"https:\/\/museo.inf.upv.es\/wp-content\/uploads\/2024\/03\/GJRc9q_XwAAvpgF-176x300.jpeg\" class=\"attachment-medium size-medium wp-post-image\" alt=\"\" style=\"\" srcset=\"https:\/\/museo.inf.upv.es\/wp-content\/uploads\/2024\/03\/GJRc9q_XwAAvpgF-176x300.jpeg 176w, https:\/\/museo.inf.upv.es\/wp-content\/uploads\/2024\/03\/GJRc9q_XwAAvpgF-602x1024.jpeg 602w, https:\/\/museo.inf.upv.es\/wp-content\/uploads\/2024\/03\/GJRc9q_XwAAvpgF-768x1306.jpeg 768w, https:\/\/museo.inf.upv.es\/wp-content\/uploads\/2024\/03\/GJRc9q_XwAAvpgF-903x1536.jpeg 903w, https:\/\/museo.inf.upv.es\/wp-content\/uploads\/2024\/03\/GJRc9q_XwAAvpgF.jpeg 941w\" sizes=\"auto, (max-width: 176px) 100vw, 176px\" \/><\/div><a class=\"wp-block-latest-posts__post-title\" href=\"https:\/\/museo.inf.upv.es\/va\/blog\/2024\/04\/24\/vii-edicion-de-retropolis-valencia-rpv24\/\">(Espa\u00f1ol) VII edici\u00f3n de Retr\u00f3polis Valencia #RPV24<\/a><time datetime=\"2024-04-24T10:56:50+00:00\" class=\"wp-block-latest-posts__post-date\">April 24, 2024<\/time><div class=\"wp-block-latest-posts__post-excerpt\">Ho sentim, aquesta entrada nom\u00e9s es troba disponible en Espa\u00f1ol.<\/div><\/li>\n<\/ul>\n\n\n<p>Antics <a href=\"https:\/\/museo.inf.upv.es\/va\/recortes-de-prensa\/\">Retalls de Premsa<\/a><\/p>","protected":false},"excerpt":{"rendered":"<p>Antics Retalls de Premsa<\/p>\n","protected":false},"author":2,"featured_media":0,"parent":0,"menu_order":0,"comment_status":"closed","ping_status":"closed","template":"","meta":{"_monsterinsights_skip_tracking":false,"_monsterinsights_sitenote_active":false,"_monsterinsights_sitenote_note":"","_monsterinsights_sitenote_category":0,"footnotes":""},"class_list":["post-8678","page","type-page","status-publish","hentry","post"],"yoast_head":"<!-- This site is optimized with the Yoast SEO plugin v27.3 - https:\/\/yoast.com\/product\/yoast-seo-wordpress\/ -->\n<title>Not\u00edcies del Museu - Web del Museo de Inform\u00e1tica 2.0<\/title>\n<meta name=\"robots\" content=\"index, follow, max-snippet:-1, max-image-preview:large, max-video-preview:-1\" \/>\n<link rel=\"canonical\" href=\"https:\/\/museo.inf.upv.es\/noticias-del-museo\/\" \/>\n<meta property=\"og:locale\" content=\"en_US\" \/>\n<meta property=\"og:type\" content=\"article\" \/>\n<meta property=\"og:title\" content=\"Not\u00edcies del Museu - Web del Museo de Inform\u00e1tica 2.0\" \/>\n<meta property=\"og:description\" content=\"Antics Retalls de Premsa\" \/>\n<meta property=\"og:url\" content=\"https:\/\/museo.inf.upv.es\/noticias-del-museo\/\" \/>\n<meta property=\"og:site_name\" content=\"Web del Museo de Inform\u00e1tica 2.0\" \/>\n<meta property=\"article:modified_time\" content=\"2021-07-08T08:11:21+00:00\" \/>\n<meta name=\"twitter:card\" content=\"summary_large_image\" \/>\n<meta name=\"twitter:label1\" content=\"Est. reading time\" \/>\n\t<meta name=\"twitter:data1\" content=\"1 minute\" \/>\n<script type=\"application\/ld+json\" class=\"yoast-schema-graph\">{\"@context\":\"https:\\\/\\\/schema.org\",\"@graph\":[{\"@type\":\"WebPage\",\"@id\":\"https:\\\/\\\/museo.inf.upv.es\\\/noticias-del-museo\\\/\",\"url\":\"https:\\\/\\\/museo.inf.upv.es\\\/noticias-del-museo\\\/\",\"name\":\"Not\u00edcies del Museu - Web del Museo de Inform\u00e1tica 2.0\",\"isPartOf\":{\"@id\":\"https:\\\/\\\/museo.inf.upv.es\\\/#website\"},\"datePublished\":\"2021-07-06T16:11:40+00:00\",\"dateModified\":\"2021-07-08T08:11:21+00:00\",\"breadcrumb\":{\"@id\":\"https:\\\/\\\/museo.inf.upv.es\\\/noticias-del-museo\\\/#breadcrumb\"},\"inLanguage\":\"va-VA\",\"potentialAction\":[{\"@type\":\"ReadAction\",\"target\":[\"https:\\\/\\\/museo.inf.upv.es\\\/noticias-del-museo\\\/\"]}]},{\"@type\":\"BreadcrumbList\",\"@id\":\"https:\\\/\\\/museo.inf.upv.es\\\/noticias-del-museo\\\/#breadcrumb\",\"itemListElement\":[{\"@type\":\"ListItem\",\"position\":1,\"name\":\"Portada\",\"item\":\"https:\\\/\\\/museo.inf.upv.es\\\/\"},{\"@type\":\"ListItem\",\"position\":2,\"name\":\"Noticias del Museo\"}]},{\"@type\":\"WebSite\",\"@id\":\"https:\\\/\\\/museo.inf.upv.es\\\/#website\",\"url\":\"https:\\\/\\\/museo.inf.upv.es\\\/\",\"name\":\"Web del Museo de Inform\u00e1tica 2.0\",\"description\":\"Web del Museo de Inform\u00e1tica 2.0\",\"potentialAction\":[{\"@type\":\"SearchAction\",\"target\":{\"@type\":\"EntryPoint\",\"urlTemplate\":\"https:\\\/\\\/museo.inf.upv.es\\\/?s={search_term_string}\"},\"query-input\":{\"@type\":\"PropertyValueSpecification\",\"valueRequired\":true,\"valueName\":\"search_term_string\"}}],\"inLanguage\":\"va-VA\"}]}<\/script>\n<!-- \/ Yoast SEO plugin. -->","yoast_head_json":{"title":"Not\u00edcies del Museu - Web del Museo de Inform\u00e1tica 2.0","robots":{"index":"index","follow":"follow","max-snippet":"max-snippet:-1","max-image-preview":"max-image-preview:large","max-video-preview":"max-video-preview:-1"},"canonical":"https:\/\/museo.inf.upv.es\/noticias-del-museo\/","og_locale":"en_US","og_type":"article","og_title":"Not\u00edcies del Museu - Web del Museo de Inform\u00e1tica 2.0","og_description":"Antics Retalls de Premsa","og_url":"https:\/\/museo.inf.upv.es\/noticias-del-museo\/","og_site_name":"Web del Museo de Inform\u00e1tica 2.0","article_modified_time":"2021-07-08T08:11:21+00:00","twitter_card":"summary_large_image","twitter_misc":{"Est. reading time":"1 minute"},"schema":{"@context":"https:\/\/schema.org","@graph":[{"@type":"WebPage","@id":"https:\/\/museo.inf.upv.es\/noticias-del-museo\/","url":"https:\/\/museo.inf.upv.es\/noticias-del-museo\/","name":"Not\u00edcies del Museu - Web del Museo de Inform\u00e1tica 2.0","isPartOf":{"@id":"https:\/\/museo.inf.upv.es\/#website"},"datePublished":"2021-07-06T16:11:40+00:00","dateModified":"2021-07-08T08:11:21+00:00","breadcrumb":{"@id":"https:\/\/museo.inf.upv.es\/noticias-del-museo\/#breadcrumb"},"inLanguage":"va-VA","potentialAction":[{"@type":"ReadAction","target":["https:\/\/museo.inf.upv.es\/noticias-del-museo\/"]}]},{"@type":"BreadcrumbList","@id":"https:\/\/museo.inf.upv.es\/noticias-del-museo\/#breadcrumb","itemListElement":[{"@type":"ListItem","position":1,"name":"Portada","item":"https:\/\/museo.inf.upv.es\/"},{"@type":"ListItem","position":2,"name":"Noticias del Museo"}]},{"@type":"WebSite","@id":"https:\/\/museo.inf.upv.es\/#website","url":"https:\/\/museo.inf.upv.es\/","name":"Web del Museo de Inform\u00e1tica 2.0","description":"Web del Museo de Inform\u00e1tica 2.0","potentialAction":[{"@type":"SearchAction","target":{"@type":"EntryPoint","urlTemplate":"https:\/\/museo.inf.upv.es\/?s={search_term_string}"},"query-input":{"@type":"PropertyValueSpecification","valueRequired":true,"valueName":"search_term_string"}}],"inLanguage":"va-VA"}]}},"_links":{"self":[{"href":"https:\/\/museo.inf.upv.es\/va\/wp-json\/wp\/v2\/pages\/8678","targetHints":{"allow":["GET"]}}],"collection":[{"href":"https:\/\/museo.inf.upv.es\/va\/wp-json\/wp\/v2\/pages"}],"about":[{"href":"https:\/\/museo.inf.upv.es\/va\/wp-json\/wp\/v2\/types\/page"}],"author":[{"embeddable":true,"href":"https:\/\/museo.inf.upv.es\/va\/wp-json\/wp\/v2\/users\/2"}],"replies":[{"embeddable":true,"href":"https:\/\/museo.inf.upv.es\/va\/wp-json\/wp\/v2\/comments?post=8678"}],"version-history":[{"count":1,"href":"https:\/\/museo.inf.upv.es\/va\/wp-json\/wp\/v2\/pages\/8678\/revisions"}],"predecessor-version":[{"id":8680,"href":"https:\/\/museo.inf.upv.es\/va\/wp-json\/wp\/v2\/pages\/8678\/revisions\/8680"}],"wp:attachment":[{"href":"https:\/\/museo.inf.upv.es\/va\/wp-json\/wp\/v2\/media?parent=8678"}],"curies":[{"name":"wp","href":"https:\/\/api.w.org\/{rel}","templated":true}]}}