{"id":8686,"date":"2021-07-09T09:59:56","date_gmt":"2021-07-09T09:59:56","guid":{"rendered":"https:\/\/museo.inf.upv.es\/?page_id=8686"},"modified":"2021-07-13T09:04:01","modified_gmt":"2021-07-13T09:04:01","slug":"basic","status":"publish","type":"page","link":"https:\/\/museo.inf.upv.es\/va\/basic\/","title":{"rendered":"BASIC"},"content":{"rendered":"<div class=\"wp-block-columns is-layout-flex wp-container-core-columns-is-layout-9d6595d7 wp-block-columns-is-layout-flex\">\n<div class=\"wp-block-column is-layout-flow wp-block-column-is-layout-flow\" style=\"flex-basis:75%\">\n<p><\/p>\n<h2>El Llenguatge de Programaci\u00f3 <strong>BASIC<\/strong><\/h2>\n<div id=\"attachment_8691\" style=\"width: 360px\" class=\"wp-caption alignleft\"><img loading=\"lazy\" decoding=\"async\" aria-describedby=\"caption-attachment-8691\" class=\"wp-image-8691 \" src=\"https:\/\/museo.inf.upv.es\/wp-content\/uploads\/2021\/07\/KernenyyThomas-300x208.png\" alt=\"John G. Kemeny and Thomas E. Kurtz\" width=\"350\" height=\"243\" srcset=\"https:\/\/museo.inf.upv.es\/wp-content\/uploads\/2021\/07\/KernenyyThomas-300x208.png 300w, https:\/\/museo.inf.upv.es\/wp-content\/uploads\/2021\/07\/KernenyyThomas.png 659w\" sizes=\"auto, (max-width: 350px) 100vw, 350px\" \/><p id=\"caption-attachment-8691\" class=\"wp-caption-text\">John G. Kemeny and Thomas E. Kurtz. <i>Image Source: www.computerhistory.org<\/i><\/p><\/div>\n<p style=\"text-align: justify;\">Buscant un llenguatge de programaci\u00f3 per a no especialistes, el <strong>1964 John G. Kemeny<\/strong> i<strong> Thomas E. Kurtz<\/strong> publiquen la primera versi\u00f3 de BASIC, acr\u00f2nim de &#8220;Beginners&#8217; All-purpose Symbolic Instruction Code&#8221;, amb objecte de facilitar a estudiants (i professors) d\u2019altres camps aliens a la inform\u00e0tica la programaci\u00f3 de computadores. Per tal de facilitar la r\u00e0pida difusi\u00f3 entre el p\u00fablic objectiu, Kemeny i Kurtz fan p\u00fablic el codi del compilador.<\/p>\n<p style=\"text-align: justify;\">Influenciat per <a href=\"https:\/\/museo.inf.upv.es\/fortran\/\">Fortran<\/a> i ALGOL, el llenguatge es dissenya amb caracter\u00edstiques d\u2019aquest, per\u00f2 modificant la sintaxi per a fer-la m\u00e9s natural. BASIC permetia utilitzar aritm\u00e8tica matricial i \u00fas de cadenes de car\u00e0cters.<\/p>\n<p style=\"text-align: justify;\">Pioner per permetre el desenvolupament i prova simult\u00e0nia dels programes, el llenguatge s\u2019est\u00e9n r\u00e0pidament des de minicomputadors d\u2019aquella \u00e8poca, com ara el PDP-11, fins als primers microcomputadors dels anys 1970 i 1980. La poca disponibilitat de recursos d\u2019aquests ordinadors i les mateixes caracter\u00edstiques del llenguatge, fa que s\u2019implemente habitualment un int\u00e8rpret de BASIC en lloc d\u2019un compilador. Aquestes caracter\u00edstiques faciliten tamb\u00e9 la seua inclusi\u00f3 en calculadores programables de distintes companyies (com ara Casio, Texas Instruments o HP).<\/p>\n<div id=\"attachment_8697\" style=\"width: 269px\" class=\"wp-caption alignright\"><img loading=\"lazy\" decoding=\"async\" aria-describedby=\"caption-attachment-8697\" class=\"wp-image-8697\" src=\"https:\/\/museo.inf.upv.es\/wp-content\/uploads\/2021\/07\/BASIC-4th-Edition-OpenLibra-228x300.jpg\" alt=\"BASIC 4th Ediction OpenLibra\" width=\"259\" height=\"340\" srcset=\"https:\/\/museo.inf.upv.es\/wp-content\/uploads\/2021\/07\/BASIC-4th-Edition-OpenLibra-228x300.jpg 228w, https:\/\/museo.inf.upv.es\/wp-content\/uploads\/2021\/07\/BASIC-4th-Edition-OpenLibra.jpg 450w\" sizes=\"auto, (max-width: 259px) 100vw, 259px\" \/><p id=\"caption-attachment-8697\" class=\"wp-caption-text\">OpenLibra. BASIC 4th Edition<\/p><\/div>\n<p style=\"text-align: justify;\">Originalment gens estructurat, si b\u00e9 hi ha distintes versions d\u2019una segona generaci\u00f3 de BASIC procedimental, l\u2019evoluci\u00f3 de Basic m\u00e9s coneguda \u00e9s (la tercera generaci\u00f3) Visual Basic, presentat el 1991 per Microsoft. Amb certes caracter\u00edstiques de la programaci\u00f3 d\u2019objectes i el fet que fora la base de la programaci\u00f3 de macros per a distintes aplicacions sobre MS Windows, prompte esdev\u00e9 la soluci\u00f3 perqu\u00e8 moltes petites empreses desenvoluparen internament les pr\u00f2pies solucions inform\u00e0tiques. Com a mesura d\u2019impacte en la comunitat, Visual Basic ocupa la 6a posici\u00f3 (2021) en el r\u00e0nquing TIOBE de popularitat de llenguatges de programaci\u00f3.<\/p>\n<p><\/p>\n<\/div>\n\n\n\n<div class=\"wp-block-column is-vertically-aligned-top is-layout-flow wp-block-column-is-layout-flow\" style=\"flex-basis:25%\">\n<p><\/p>\n<div style=\"border-image: initial; border: 3px solid; border-color: #d1005d; padding: 10px;\">\n<h3 align=\"center\">BASIC<\/h3>\n<hr \/><b>Naixement:1964 <br \/>Evoluci\u00f3: Visual Basic (1992);<br \/>Influ\u00e8ncies de: Fortran; Algol 60;<br \/>Influeix en: \u2014<\/b><\/div>\n<p><\/p>\n<\/div>\n<\/div>","protected":false},"excerpt":{"rendered":"<p>El Llenguatge de Programaci\u00f3 BASIC Buscant un llenguatge de programaci\u00f3 per a no especialistes, el 1964 John G. Kemeny i Thomas E. Kurtz publiquen la primera versi\u00f3 de BASIC, acr\u00f2nim de &#8220;Beginners&#8217; All-purpose Symbolic Instruction Code&#8221;, amb objecte de facilitar a estudiants (i professors) d\u2019altres camps aliens a la inform\u00e0tica la programaci\u00f3 de computadores. Per [&hellip;]<\/p>\n","protected":false},"author":2,"featured_media":0,"parent":0,"menu_order":0,"comment_status":"closed","ping_status":"closed","template":"","meta":{"_monsterinsights_skip_tracking":false,"_monsterinsights_sitenote_active":false,"_monsterinsights_sitenote_note":"","_monsterinsights_sitenote_category":0,"footnotes":""},"class_list":["post-8686","page","type-page","status-publish","hentry","post"],"yoast_head":"<!-- This site is optimized with the Yoast SEO plugin v27.5 - https:\/\/yoast.com\/product\/yoast-seo-wordpress\/ -->\n<title>BASIC - Web del Museo de Inform\u00e1tica 2.0<\/title>\n<meta name=\"robots\" content=\"index, follow, max-snippet:-1, max-image-preview:large, max-video-preview:-1\" \/>\n<link rel=\"canonical\" href=\"https:\/\/museo.inf.upv.es\/basic\/\" \/>\n<meta property=\"og:locale\" content=\"en_US\" \/>\n<meta property=\"og:type\" content=\"article\" \/>\n<meta property=\"og:title\" content=\"BASIC - Web del Museo de Inform\u00e1tica 2.0\" \/>\n<meta property=\"og:description\" content=\"El Llenguatge de Programaci\u00f3 BASIC Buscant un llenguatge de programaci\u00f3 per a no especialistes, el 1964 John G. Kemeny i Thomas E. Kurtz publiquen la primera versi\u00f3 de BASIC, acr\u00f2nim de &#8220;Beginners&#8217; All-purpose Symbolic Instruction Code&#8221;, amb objecte de facilitar a estudiants (i professors) d\u2019altres camps aliens a la inform\u00e0tica la programaci\u00f3 de computadores. Per [&hellip;]\" \/>\n<meta property=\"og:url\" content=\"https:\/\/museo.inf.upv.es\/basic\/\" \/>\n<meta property=\"og:site_name\" content=\"Web del Museo de Inform\u00e1tica 2.0\" \/>\n<meta property=\"article:modified_time\" content=\"2021-07-13T09:04:01+00:00\" \/>\n<meta property=\"og:image\" content=\"https:\/\/museo.inf.upv.es\/wp-content\/uploads\/2021\/07\/KernenyyThomas-300x208.png\" \/>\n<meta name=\"twitter:card\" content=\"summary_large_image\" \/>\n<meta name=\"twitter:label1\" content=\"Est. reading time\" \/>\n\t<meta name=\"twitter:data1\" content=\"6 minutes\" \/>\n<script type=\"application\/ld+json\" class=\"yoast-schema-graph\">{\"@context\":\"https:\\\/\\\/schema.org\",\"@graph\":[{\"@type\":\"WebPage\",\"@id\":\"https:\\\/\\\/museo.inf.upv.es\\\/basic\\\/\",\"url\":\"https:\\\/\\\/museo.inf.upv.es\\\/basic\\\/\",\"name\":\"BASIC - Web del Museo de Inform\u00e1tica 2.0\",\"isPartOf\":{\"@id\":\"https:\\\/\\\/museo.inf.upv.es\\\/#website\"},\"primaryImageOfPage\":{\"@id\":\"https:\\\/\\\/museo.inf.upv.es\\\/basic\\\/#primaryimage\"},\"image\":{\"@id\":\"https:\\\/\\\/museo.inf.upv.es\\\/basic\\\/#primaryimage\"},\"thumbnailUrl\":\"https:\\\/\\\/museo.inf.upv.es\\\/wp-content\\\/uploads\\\/2021\\\/07\\\/KernenyyThomas-300x208.png\",\"datePublished\":\"2021-07-09T09:59:56+00:00\",\"dateModified\":\"2021-07-13T09:04:01+00:00\",\"breadcrumb\":{\"@id\":\"https:\\\/\\\/museo.inf.upv.es\\\/basic\\\/#breadcrumb\"},\"inLanguage\":\"va-VA\",\"potentialAction\":[{\"@type\":\"ReadAction\",\"target\":[\"https:\\\/\\\/museo.inf.upv.es\\\/basic\\\/\"]}]},{\"@type\":\"ImageObject\",\"inLanguage\":\"va-VA\",\"@id\":\"https:\\\/\\\/museo.inf.upv.es\\\/basic\\\/#primaryimage\",\"url\":\"https:\\\/\\\/museo.inf.upv.es\\\/wp-content\\\/uploads\\\/2021\\\/07\\\/KernenyyThomas-300x208.png\",\"contentUrl\":\"https:\\\/\\\/museo.inf.upv.es\\\/wp-content\\\/uploads\\\/2021\\\/07\\\/KernenyyThomas-300x208.png\"},{\"@type\":\"BreadcrumbList\",\"@id\":\"https:\\\/\\\/museo.inf.upv.es\\\/basic\\\/#breadcrumb\",\"itemListElement\":[{\"@type\":\"ListItem\",\"position\":1,\"name\":\"Portada\",\"item\":\"https:\\\/\\\/museo.inf.upv.es\\\/\"},{\"@type\":\"ListItem\",\"position\":2,\"name\":\"BASIC\"}]},{\"@type\":\"WebSite\",\"@id\":\"https:\\\/\\\/museo.inf.upv.es\\\/#website\",\"url\":\"https:\\\/\\\/museo.inf.upv.es\\\/\",\"name\":\"Web del Museo de Inform\u00e1tica 2.0\",\"description\":\"Web del Museo de Inform\u00e1tica 2.0\",\"potentialAction\":[{\"@type\":\"SearchAction\",\"target\":{\"@type\":\"EntryPoint\",\"urlTemplate\":\"https:\\\/\\\/museo.inf.upv.es\\\/?s={search_term_string}\"},\"query-input\":{\"@type\":\"PropertyValueSpecification\",\"valueRequired\":true,\"valueName\":\"search_term_string\"}}],\"inLanguage\":\"va-VA\"}]}<\/script>\n<!-- \/ Yoast SEO plugin. -->","yoast_head_json":{"title":"BASIC - Web del Museo de Inform\u00e1tica 2.0","robots":{"index":"index","follow":"follow","max-snippet":"max-snippet:-1","max-image-preview":"max-image-preview:large","max-video-preview":"max-video-preview:-1"},"canonical":"https:\/\/museo.inf.upv.es\/basic\/","og_locale":"en_US","og_type":"article","og_title":"BASIC - Web del Museo de Inform\u00e1tica 2.0","og_description":"El Llenguatge de Programaci\u00f3 BASIC Buscant un llenguatge de programaci\u00f3 per a no especialistes, el 1964 John G. Kemeny i Thomas E. Kurtz publiquen la primera versi\u00f3 de BASIC, acr\u00f2nim de &#8220;Beginners&#8217; All-purpose Symbolic Instruction Code&#8221;, amb objecte de facilitar a estudiants (i professors) d\u2019altres camps aliens a la inform\u00e0tica la programaci\u00f3 de computadores. Per [&hellip;]","og_url":"https:\/\/museo.inf.upv.es\/basic\/","og_site_name":"Web del Museo de Inform\u00e1tica 2.0","article_modified_time":"2021-07-13T09:04:01+00:00","og_image":[{"url":"https:\/\/museo.inf.upv.es\/wp-content\/uploads\/2021\/07\/KernenyyThomas-300x208.png","type":"","width":"","height":""}],"twitter_card":"summary_large_image","twitter_misc":{"Est. reading time":"6 minutes"},"schema":{"@context":"https:\/\/schema.org","@graph":[{"@type":"WebPage","@id":"https:\/\/museo.inf.upv.es\/basic\/","url":"https:\/\/museo.inf.upv.es\/basic\/","name":"BASIC - Web del Museo de Inform\u00e1tica 2.0","isPartOf":{"@id":"https:\/\/museo.inf.upv.es\/#website"},"primaryImageOfPage":{"@id":"https:\/\/museo.inf.upv.es\/basic\/#primaryimage"},"image":{"@id":"https:\/\/museo.inf.upv.es\/basic\/#primaryimage"},"thumbnailUrl":"https:\/\/museo.inf.upv.es\/wp-content\/uploads\/2021\/07\/KernenyyThomas-300x208.png","datePublished":"2021-07-09T09:59:56+00:00","dateModified":"2021-07-13T09:04:01+00:00","breadcrumb":{"@id":"https:\/\/museo.inf.upv.es\/basic\/#breadcrumb"},"inLanguage":"va-VA","potentialAction":[{"@type":"ReadAction","target":["https:\/\/museo.inf.upv.es\/basic\/"]}]},{"@type":"ImageObject","inLanguage":"va-VA","@id":"https:\/\/museo.inf.upv.es\/basic\/#primaryimage","url":"https:\/\/museo.inf.upv.es\/wp-content\/uploads\/2021\/07\/KernenyyThomas-300x208.png","contentUrl":"https:\/\/museo.inf.upv.es\/wp-content\/uploads\/2021\/07\/KernenyyThomas-300x208.png"},{"@type":"BreadcrumbList","@id":"https:\/\/museo.inf.upv.es\/basic\/#breadcrumb","itemListElement":[{"@type":"ListItem","position":1,"name":"Portada","item":"https:\/\/museo.inf.upv.es\/"},{"@type":"ListItem","position":2,"name":"BASIC"}]},{"@type":"WebSite","@id":"https:\/\/museo.inf.upv.es\/#website","url":"https:\/\/museo.inf.upv.es\/","name":"Web del Museo de Inform\u00e1tica 2.0","description":"Web del Museo de Inform\u00e1tica 2.0","potentialAction":[{"@type":"SearchAction","target":{"@type":"EntryPoint","urlTemplate":"https:\/\/museo.inf.upv.es\/?s={search_term_string}"},"query-input":{"@type":"PropertyValueSpecification","valueRequired":true,"valueName":"search_term_string"}}],"inLanguage":"va-VA"}]}},"_links":{"self":[{"href":"https:\/\/museo.inf.upv.es\/va\/wp-json\/wp\/v2\/pages\/8686","targetHints":{"allow":["GET"]}}],"collection":[{"href":"https:\/\/museo.inf.upv.es\/va\/wp-json\/wp\/v2\/pages"}],"about":[{"href":"https:\/\/museo.inf.upv.es\/va\/wp-json\/wp\/v2\/types\/page"}],"author":[{"embeddable":true,"href":"https:\/\/museo.inf.upv.es\/va\/wp-json\/wp\/v2\/users\/2"}],"replies":[{"embeddable":true,"href":"https:\/\/museo.inf.upv.es\/va\/wp-json\/wp\/v2\/comments?post=8686"}],"version-history":[{"count":129,"href":"https:\/\/museo.inf.upv.es\/va\/wp-json\/wp\/v2\/pages\/8686\/revisions"}],"predecessor-version":[{"id":9193,"href":"https:\/\/museo.inf.upv.es\/va\/wp-json\/wp\/v2\/pages\/8686\/revisions\/9193"}],"wp:attachment":[{"href":"https:\/\/museo.inf.upv.es\/va\/wp-json\/wp\/v2\/media?parent=8686"}],"curies":[{"name":"wp","href":"https:\/\/api.w.org\/{rel}","templated":true}]}}