{"id":8891,"date":"2021-07-12T08:45:32","date_gmt":"2021-07-12T08:45:32","guid":{"rendered":"https:\/\/museo.inf.upv.es\/?page_id=8891"},"modified":"2021-07-14T10:39:29","modified_gmt":"2021-07-14T10:39:29","slug":"cobol","status":"publish","type":"page","link":"https:\/\/museo.inf.upv.es\/va\/cobol\/","title":{"rendered":"COBOL"},"content":{"rendered":"<p><\/p>\n<h2>El Llenguatge de Programaci\u00f3 <strong>COBOL<\/strong><\/h2>\n<p><\/p>\n\n\n<div class=\"wp-block-columns is-layout-flex wp-container-core-columns-is-layout-9d6595d7 wp-block-columns-is-layout-flex\">\n<div class=\"wp-block-column is-layout-flow wp-block-column-is-layout-flow\" style=\"flex-basis:75%\">\n<p style=\"text-align: justify;\"><\/p>\n<div id=\"attachment_8929\" style=\"width: 273px\" class=\"wp-caption alignleft\"><a href=\"https:\/\/museo.inf.upv.es\/wp-content\/uploads\/2021\/07\/9968515-L.jpg\"><img loading=\"lazy\" decoding=\"async\" aria-describedby=\"caption-attachment-8929\" class=\"wp-image-8929\" src=\"https:\/\/museo.inf.upv.es\/wp-content\/uploads\/2021\/07\/9968515-L-236x300.jpg\" alt=\"Open Library, COBOL (1986 edition)\" width=\"263\" height=\"335\" srcset=\"https:\/\/museo.inf.upv.es\/wp-content\/uploads\/2021\/07\/9968515-L-236x300.jpg 236w, https:\/\/museo.inf.upv.es\/wp-content\/uploads\/2021\/07\/9968515-L.jpg 393w\" sizes=\"auto, (max-width: 263px) 100vw, 263px\" \/><\/a><p id=\"caption-attachment-8929\" class=\"wp-caption-text\">Open Library, COBOL (1986 edition)<\/p><\/div>\n<p style=\"text-align: justify;\">Creat el <strong>1959<\/strong> com a llenguatge de programaci\u00f3 universal, per\u00f2 orientat a la implementaci\u00f3 de programari de gesti\u00f3, <strong>COBOL<\/strong> (per <strong>CO<\/strong>mmon <strong>B<\/strong>usiness-<strong>O<\/strong>riented <strong>L<\/strong>anguage) va ser el resultat d\u2019una comissi\u00f3 composta per fabricants de computadores, usuaris i el Departament de Defensa dels EUA. El seu desenvolupament va estar fortament influenciat pel treball previ de Grace Hopper en un llenguatge que tinguera una sintaxi pr\u00f2xima a l\u2019angl\u00e8s oral (Flow-Matic).<\/p>\n<p style=\"text-align: justify;\">Llenguatge imperatiu, procedimental i fortament estructurat en quatre seccions (identification, environment, data i procedure), COBOL s\u2019estandarditza per primera vegada el <strong>1968<\/strong> i permet programaci\u00f3 orientada a objectes des de <strong>2002<\/strong>. La implicaci\u00f3 del Departament de Defensa, que for\u00e7a els fabricants a incloure\u2019l en la distribuci\u00f3 de maquinari, va fer que fora el llenguatge escollit per a la creaci\u00f3 al seu dia de la gran majoria d\u2019aplicacions de gesti\u00f3 a executar en grans sistemes centrals. Tanmateix, entre d\u2019altres, el fet que la universitat en quedara fora del desenvolupament, o cr\u00edtiques a la definici\u00f3 formal de la seua sintaxi, fa que la comunitat d\u2019inform\u00e0tics no prenguera en consideraci\u00f3 <strong>COBOL<\/strong> i preferira altres llenguatges, com ara <strong>Fortran<\/strong>.<\/p>\n<div id=\"attachment_9056\" style=\"width: 310px\" class=\"wp-caption alignleft\"><a href=\"https:\/\/museo.inf.upv.es\/wp-content\/uploads\/2021\/07\/grace_hopper_9019_635x.jpg\"><img loading=\"lazy\" decoding=\"async\" aria-describedby=\"caption-attachment-9056\" class=\"wp-image-9056 size-medium\" src=\"https:\/\/museo.inf.upv.es\/wp-content\/uploads\/2021\/07\/grace_hopper_9019_635x-300x189.jpg\" alt=\"Grace Hopper (1959) with a COBOL manual\" width=\"300\" height=\"189\" srcset=\"https:\/\/museo.inf.upv.es\/wp-content\/uploads\/2021\/07\/grace_hopper_9019_635x-300x189.jpg 300w, https:\/\/museo.inf.upv.es\/wp-content\/uploads\/2021\/07\/grace_hopper_9019_635x.jpg 635w\" sizes=\"auto, (max-width: 300px) 100vw, 300px\" \/><\/a><p id=\"caption-attachment-9056\" class=\"wp-caption-text\"><a href=\"https:\/\/museo.inf.upv.es\/media\/Bitsenfemeni\/BitsHopper.mp4\">Grace Hopper<\/a> (1959) carrying a COBOL manual<\/p><\/div>\n<p style=\"text-align: justify;\">Malgrat l\u2019intent original de crear un llenguatge de programaci\u00f3 pr\u00f2xim al llenguatge natural, la sintaxi i l\u2019estructura r\u00edgides de COBOL, junt amb les m\u00e9s de 300 paraules reservades del llenguatge, fa que els programes <strong>COBOL<\/strong> semblen redundants i poc llegibles. L\u2019aparici\u00f3 de nous llenguatges de prop\u00f2sit general, de potents aplicacions de gesti\u00f3, la desaparici\u00f3 dels grans sistemes d\u2019ordinadors centrals, i la dimensi\u00f3 habitual de les aplicacions <strong>COBOL<\/strong>, fa que actualment la programaci\u00f3 en <strong>COBOL<\/strong> es redu\u00efsca al manteniment d\u2019aquestes grans aplicacions.<\/p>\n<p style=\"text-align: justify;\">El 2006 i 2012, la revista <strong>Computerworld<\/strong> va informar que el 60% de les companyies utilitzaven COBOL i que per a la meitat d&#8217;elles suposava el llenguatge principal utilitzat en les seves aplicacions de gesti\u00f3. La intenci\u00f3 de migrar software COBOL dep\u00e8n per a moltes d&#8217;aquestes companyies del cost que suposa, encara que en ocasions aquestes han canviat grans mainframes per hardware m\u00e9s actual i barat per\u00f2 han mantingut les aplicacions COBOL. Aquesta tend\u00e8ncia pot canviar a causa de la manca de programadors experts que puguin ocupar-se del manteniment de les aplicacions existents (moltes ag\u00e8ncies dels EUA van expressar aquesta falta durant la pand\u00e8mia COVID-19).<\/p>\n<p style=\"text-align: justify;\">El 2006 i 2012, la revista <strong>Computerworld<\/strong> va informar que el 60% de les companyies utilitzaven <strong>COBOL<\/strong> i que per a la meitat d&#8217;elles suposava el llenguatge principal utilitzat en les seves aplicacions de gesti\u00f3. La intenci\u00f3 de migrar software <strong>COBOL<\/strong> dep\u00e8n per a moltes d&#8217;aquestes companyies del cost que suposa, encara que en ocasions aquestes han canviat grans mainframes per hardware m\u00e9s actual i barat per\u00f2 han mantingut les aplicacions <strong>COBOL<\/strong>. Aquesta tend\u00e8ncia pot canviar a causa de la manca de programadors experts que puguin ocupar-se del manteniment de les aplicacions existents (moltes ag\u00e8ncies dels EUA van expressar aquesta falta durant la pand\u00e8mia COVID-19).<\/p>\n<p style=\"text-align: justify;\"><strong>COBOL<\/strong> ha influ\u00eft en la definici\u00f3 d\u2019altres llenguatges, com ara Pascal, aix\u00ed com l\u2019estructura expl\u00edcita dels seus fitxers de dades influ\u00efren en els sistemes posteriors de gesti\u00f3 de bases de dades. Fins i tot avui (2021) ocupa la posici\u00f3 29a entre els llenguatges de programaci\u00f3 m\u00e9s populars, d\u2019acord amb el r\u00e0nquing <a href=\"https:\/\/www.tiobe.com\/tiobe-index\/\">TIOBE<\/a>.<\/p>\n<p><\/p>\n<\/div>\n\n\n\n<div class=\"wp-block-column is-layout-flow wp-block-column-is-layout-flow\" style=\"flex-basis:25%\">\n<p><\/p>\n<div style=\"border-image: initial; border: 3px solid; border-color: #d1005d; padding: 10px;\">\n<h3 align=\"center\">COBOL<\/h3>\n<hr \/><strong>Naixement<\/strong>: 1960<br \/><strong>Evoluci\u00f3<\/strong>: Cobol 61; ANSI Cobol 74; ANSI Cobol 85; Cobol 2002 (2002)<br \/>I<strong>nflu\u00e8ncies de<\/strong>: FlowMatic<br \/><strong>Influeix en<\/strong>: Pascal; DBase; SQL<\/div>\n<p><\/p>\n<\/div>\n<\/div>\n\n\n\n<p><\/p>","protected":false},"excerpt":{"rendered":"<p>El Llenguatge de Programaci\u00f3 COBOL Creat el 1959 com a llenguatge de programaci\u00f3 universal, per\u00f2 orientat a la implementaci\u00f3 de programari de gesti\u00f3, COBOL (per COmmon Business-Oriented Language) va ser el resultat d\u2019una comissi\u00f3 composta per fabricants de computadores, usuaris i el Departament de Defensa dels EUA. El seu desenvolupament va estar fortament influenciat pel [&hellip;]<\/p>\n","protected":false},"author":2,"featured_media":0,"parent":0,"menu_order":0,"comment_status":"closed","ping_status":"closed","template":"","meta":{"_monsterinsights_skip_tracking":false,"_monsterinsights_sitenote_active":false,"_monsterinsights_sitenote_note":"","_monsterinsights_sitenote_category":0,"footnotes":""},"class_list":["post-8891","page","type-page","status-publish","hentry","post"],"yoast_head":"<!-- This site is optimized with the Yoast SEO plugin v27.5 - https:\/\/yoast.com\/product\/yoast-seo-wordpress\/ -->\n<title>COBOL - Web del Museo de Inform\u00e1tica 2.0<\/title>\n<meta name=\"robots\" content=\"index, follow, max-snippet:-1, max-image-preview:large, max-video-preview:-1\" \/>\n<link rel=\"canonical\" href=\"https:\/\/museo.inf.upv.es\/va\/cobol\/\" \/>\n<meta property=\"og:locale\" content=\"en_US\" \/>\n<meta property=\"og:type\" content=\"article\" \/>\n<meta property=\"og:title\" content=\"COBOL - Web del Museo de Inform\u00e1tica 2.0\" \/>\n<meta property=\"og:description\" content=\"El Llenguatge de Programaci\u00f3 COBOL Creat el 1959 com a llenguatge de programaci\u00f3 universal, per\u00f2 orientat a la implementaci\u00f3 de programari de gesti\u00f3, COBOL (per COmmon Business-Oriented Language) va ser el resultat d\u2019una comissi\u00f3 composta per fabricants de computadores, usuaris i el Departament de Defensa dels EUA. El seu desenvolupament va estar fortament influenciat pel [&hellip;]\" \/>\n<meta property=\"og:url\" content=\"https:\/\/museo.inf.upv.es\/va\/cobol\/\" \/>\n<meta property=\"og:site_name\" content=\"Web del Museo de Inform\u00e1tica 2.0\" \/>\n<meta property=\"article:modified_time\" content=\"2021-07-14T10:39:29+00:00\" \/>\n<meta property=\"og:image\" content=\"https:\/\/museo.inf.upv.es\/wp-content\/uploads\/2021\/07\/9968515-L-236x300.jpg\" \/>\n<meta name=\"twitter:card\" content=\"summary_large_image\" \/>\n<meta name=\"twitter:label1\" content=\"Est. reading time\" \/>\n\t<meta name=\"twitter:data1\" content=\"9 minutes\" \/>\n<script type=\"application\/ld+json\" class=\"yoast-schema-graph\">{\"@context\":\"https:\\\/\\\/schema.org\",\"@graph\":[{\"@type\":\"WebPage\",\"@id\":\"https:\\\/\\\/museo.inf.upv.es\\\/va\\\/cobol\\\/\",\"url\":\"https:\\\/\\\/museo.inf.upv.es\\\/va\\\/cobol\\\/\",\"name\":\"COBOL - Web del Museo de Inform\u00e1tica 2.0\",\"isPartOf\":{\"@id\":\"https:\\\/\\\/museo.inf.upv.es\\\/#website\"},\"primaryImageOfPage\":{\"@id\":\"https:\\\/\\\/museo.inf.upv.es\\\/va\\\/cobol\\\/#primaryimage\"},\"image\":{\"@id\":\"https:\\\/\\\/museo.inf.upv.es\\\/va\\\/cobol\\\/#primaryimage\"},\"thumbnailUrl\":\"https:\\\/\\\/museo.inf.upv.es\\\/wp-content\\\/uploads\\\/2021\\\/07\\\/9968515-L-236x300.jpg\",\"datePublished\":\"2021-07-12T08:45:32+00:00\",\"dateModified\":\"2021-07-14T10:39:29+00:00\",\"breadcrumb\":{\"@id\":\"https:\\\/\\\/museo.inf.upv.es\\\/va\\\/cobol\\\/#breadcrumb\"},\"inLanguage\":\"va-VA\",\"potentialAction\":[{\"@type\":\"ReadAction\",\"target\":[\"https:\\\/\\\/museo.inf.upv.es\\\/va\\\/cobol\\\/\"]}]},{\"@type\":\"ImageObject\",\"inLanguage\":\"va-VA\",\"@id\":\"https:\\\/\\\/museo.inf.upv.es\\\/va\\\/cobol\\\/#primaryimage\",\"url\":\"https:\\\/\\\/museo.inf.upv.es\\\/wp-content\\\/uploads\\\/2021\\\/07\\\/9968515-L-236x300.jpg\",\"contentUrl\":\"https:\\\/\\\/museo.inf.upv.es\\\/wp-content\\\/uploads\\\/2021\\\/07\\\/9968515-L-236x300.jpg\"},{\"@type\":\"BreadcrumbList\",\"@id\":\"https:\\\/\\\/museo.inf.upv.es\\\/va\\\/cobol\\\/#breadcrumb\",\"itemListElement\":[{\"@type\":\"ListItem\",\"position\":1,\"name\":\"Portada\",\"item\":\"https:\\\/\\\/museo.inf.upv.es\\\/\"},{\"@type\":\"ListItem\",\"position\":2,\"name\":\"COBOL\"}]},{\"@type\":\"WebSite\",\"@id\":\"https:\\\/\\\/museo.inf.upv.es\\\/#website\",\"url\":\"https:\\\/\\\/museo.inf.upv.es\\\/\",\"name\":\"Web del Museo de Inform\u00e1tica 2.0\",\"description\":\"Web del Museo de Inform\u00e1tica 2.0\",\"potentialAction\":[{\"@type\":\"SearchAction\",\"target\":{\"@type\":\"EntryPoint\",\"urlTemplate\":\"https:\\\/\\\/museo.inf.upv.es\\\/?s={search_term_string}\"},\"query-input\":{\"@type\":\"PropertyValueSpecification\",\"valueRequired\":true,\"valueName\":\"search_term_string\"}}],\"inLanguage\":\"va-VA\"}]}<\/script>\n<!-- \/ Yoast SEO plugin. -->","yoast_head_json":{"title":"COBOL - Web del Museo de Inform\u00e1tica 2.0","robots":{"index":"index","follow":"follow","max-snippet":"max-snippet:-1","max-image-preview":"max-image-preview:large","max-video-preview":"max-video-preview:-1"},"canonical":"https:\/\/museo.inf.upv.es\/va\/cobol\/","og_locale":"en_US","og_type":"article","og_title":"COBOL - Web del Museo de Inform\u00e1tica 2.0","og_description":"El Llenguatge de Programaci\u00f3 COBOL Creat el 1959 com a llenguatge de programaci\u00f3 universal, per\u00f2 orientat a la implementaci\u00f3 de programari de gesti\u00f3, COBOL (per COmmon Business-Oriented Language) va ser el resultat d\u2019una comissi\u00f3 composta per fabricants de computadores, usuaris i el Departament de Defensa dels EUA. El seu desenvolupament va estar fortament influenciat pel [&hellip;]","og_url":"https:\/\/museo.inf.upv.es\/va\/cobol\/","og_site_name":"Web del Museo de Inform\u00e1tica 2.0","article_modified_time":"2021-07-14T10:39:29+00:00","og_image":[{"url":"https:\/\/museo.inf.upv.es\/wp-content\/uploads\/2021\/07\/9968515-L-236x300.jpg","type":"","width":"","height":""}],"twitter_card":"summary_large_image","twitter_misc":{"Est. reading time":"9 minutes"},"schema":{"@context":"https:\/\/schema.org","@graph":[{"@type":"WebPage","@id":"https:\/\/museo.inf.upv.es\/va\/cobol\/","url":"https:\/\/museo.inf.upv.es\/va\/cobol\/","name":"COBOL - Web del Museo de Inform\u00e1tica 2.0","isPartOf":{"@id":"https:\/\/museo.inf.upv.es\/#website"},"primaryImageOfPage":{"@id":"https:\/\/museo.inf.upv.es\/va\/cobol\/#primaryimage"},"image":{"@id":"https:\/\/museo.inf.upv.es\/va\/cobol\/#primaryimage"},"thumbnailUrl":"https:\/\/museo.inf.upv.es\/wp-content\/uploads\/2021\/07\/9968515-L-236x300.jpg","datePublished":"2021-07-12T08:45:32+00:00","dateModified":"2021-07-14T10:39:29+00:00","breadcrumb":{"@id":"https:\/\/museo.inf.upv.es\/va\/cobol\/#breadcrumb"},"inLanguage":"va-VA","potentialAction":[{"@type":"ReadAction","target":["https:\/\/museo.inf.upv.es\/va\/cobol\/"]}]},{"@type":"ImageObject","inLanguage":"va-VA","@id":"https:\/\/museo.inf.upv.es\/va\/cobol\/#primaryimage","url":"https:\/\/museo.inf.upv.es\/wp-content\/uploads\/2021\/07\/9968515-L-236x300.jpg","contentUrl":"https:\/\/museo.inf.upv.es\/wp-content\/uploads\/2021\/07\/9968515-L-236x300.jpg"},{"@type":"BreadcrumbList","@id":"https:\/\/museo.inf.upv.es\/va\/cobol\/#breadcrumb","itemListElement":[{"@type":"ListItem","position":1,"name":"Portada","item":"https:\/\/museo.inf.upv.es\/"},{"@type":"ListItem","position":2,"name":"COBOL"}]},{"@type":"WebSite","@id":"https:\/\/museo.inf.upv.es\/#website","url":"https:\/\/museo.inf.upv.es\/","name":"Web del Museo de Inform\u00e1tica 2.0","description":"Web del Museo de Inform\u00e1tica 2.0","potentialAction":[{"@type":"SearchAction","target":{"@type":"EntryPoint","urlTemplate":"https:\/\/museo.inf.upv.es\/?s={search_term_string}"},"query-input":{"@type":"PropertyValueSpecification","valueRequired":true,"valueName":"search_term_string"}}],"inLanguage":"va-VA"}]}},"_links":{"self":[{"href":"https:\/\/museo.inf.upv.es\/va\/wp-json\/wp\/v2\/pages\/8891","targetHints":{"allow":["GET"]}}],"collection":[{"href":"https:\/\/museo.inf.upv.es\/va\/wp-json\/wp\/v2\/pages"}],"about":[{"href":"https:\/\/museo.inf.upv.es\/va\/wp-json\/wp\/v2\/types\/page"}],"author":[{"embeddable":true,"href":"https:\/\/museo.inf.upv.es\/va\/wp-json\/wp\/v2\/users\/2"}],"replies":[{"embeddable":true,"href":"https:\/\/museo.inf.upv.es\/va\/wp-json\/wp\/v2\/comments?post=8891"}],"version-history":[{"count":55,"href":"https:\/\/museo.inf.upv.es\/va\/wp-json\/wp\/v2\/pages\/8891\/revisions"}],"predecessor-version":[{"id":9124,"href":"https:\/\/museo.inf.upv.es\/va\/wp-json\/wp\/v2\/pages\/8891\/revisions\/9124"}],"wp:attachment":[{"href":"https:\/\/museo.inf.upv.es\/va\/wp-json\/wp\/v2\/media?parent=8891"}],"curies":[{"name":"wp","href":"https:\/\/api.w.org\/{rel}","templated":true}]}}