{"id":8894,"date":"2021-07-12T08:46:27","date_gmt":"2021-07-12T08:46:27","guid":{"rendered":"https:\/\/museo.inf.upv.es\/?page_id=8894"},"modified":"2021-07-13T08:46:49","modified_gmt":"2021-07-13T08:46:49","slug":"fortran","status":"publish","type":"page","link":"https:\/\/museo.inf.upv.es\/va\/fortran\/","title":{"rendered":"Fortran"},"content":{"rendered":"<div class=\"wp-block-columns is-layout-flex wp-container-core-columns-is-layout-9d6595d7 wp-block-columns-is-layout-flex\">\n<div class=\"wp-block-column is-layout-flow wp-block-column-is-layout-flow\" style=\"flex-basis:75%\">\n<p><\/p>\n<h1>El Llenguatge de Programaci\u00f3 <strong>FORTRAN<\/strong><\/h1>\n<div id=\"attachment_8999\" style=\"width: 324px\" class=\"wp-caption alignleft\"><img loading=\"lazy\" decoding=\"async\" aria-describedby=\"caption-attachment-8999\" class=\"wp-image-8999\" src=\"https:\/\/museo.inf.upv.es\/wp-content\/uploads\/2021\/07\/FORTRAN_Backus-300x225.jpg\" alt=\"Jhon W. Backus, impulsor del desarrollo de FORTRAN\" width=\"314\" height=\"236\" srcset=\"https:\/\/museo.inf.upv.es\/wp-content\/uploads\/2021\/07\/FORTRAN_Backus-300x225.jpg 300w, https:\/\/museo.inf.upv.es\/wp-content\/uploads\/2021\/07\/FORTRAN_Backus.jpg 600w\" sizes=\"auto, (max-width: 314px) 100vw, 314px\" \/><p id=\"caption-attachment-8999\" class=\"wp-caption-text\">Jhon W. Backus, impulsor del desenvolupament de FORTRAN<\/p><\/div>\n<p style=\"text-align: justify;\">Desenvolupat per <strong>IBM<\/strong> el <strong>1950<\/strong> per a reduir l\u2019esfor\u00e7 d\u2019implementaci\u00f3 de solucions a tasques cient\u00edfiques i d\u2019enginyeria (fins en aquella data desenvolupades en llenguatge d\u2019assemblador). El desenvolupament de <strong>FORTRAN<\/strong> va ser paral\u00b7lel al dels compiladors, va ser el primer llenguatge que tingu\u00e9 compilador i que permetia portar programes a distintes m\u00e0quines. A m\u00e9s, molts canvis i l\u2019evoluci\u00f3 dels compiladors estigueren motivats per al necessitat que <strong>FORTRAN<\/strong> generara codi eficient.<\/p>\n<p style=\"text-align: justify;\">Primer dels llenguatges de programaci\u00f3 <em>moderns<\/em>, la seua sintaxi ha envellit malament (ja el 1968, un article signat pels creadors de <a href=\"https:\/\/museo.inf.upv.es\/basic\/\">BASIC<\/a> el qualificava de \u201cpassat de moda\u201d). Tanmateix, malgrat que la comunitat no el considerara llenguatge de prop\u00f2sit general, <strong>FORTRAN<\/strong> \u00e9s el llenguatge de programaci\u00f3 que domin\u00e0 el desenvolupament d\u2019aplicacions cient\u00edfiques durant quasi sis d\u00e8cades. Fins i tot avui dia (2021) ocupa la 20a posici\u00f3 en el r\u00e0nquing <a href=\"https:\/\/www.tiobe.com\/tiobe-index\/\">TIOBE<\/a> de popularitat de llenguatges de programaci\u00f3 (34a el 2020).<\/p>\n<div id=\"attachment_9003\" style=\"width: 333px\" class=\"wp-caption alignleft\"><img loading=\"lazy\" decoding=\"async\" aria-describedby=\"caption-attachment-9003\" class=\"wp-image-9003\" src=\"https:\/\/museo.inf.upv.es\/wp-content\/uploads\/2021\/07\/creadoresFORTRAN-300x200.jpg\" alt=\"Algunos de los creadores de Fortran en 1982. Fuente: IBM\" width=\"323\" height=\"215\" srcset=\"https:\/\/museo.inf.upv.es\/wp-content\/uploads\/2021\/07\/creadoresFORTRAN-300x200.jpg 300w, https:\/\/museo.inf.upv.es\/wp-content\/uploads\/2021\/07\/creadoresFORTRAN-768x512.jpg 768w, https:\/\/museo.inf.upv.es\/wp-content\/uploads\/2021\/07\/creadoresFORTRAN-272x182.jpg 272w, https:\/\/museo.inf.upv.es\/wp-content\/uploads\/2021\/07\/creadoresFORTRAN.jpg 780w\" sizes=\"auto, (max-width: 323px) 100vw, 323px\" \/><p id=\"caption-attachment-9003\" class=\"wp-caption-text\">Alguns dels creadors de FORTRAN en 1982. Font: IBM<\/p><\/div>\n<p style=\"text-align: justify;\"><strong>FORTRAN<\/strong> ha sigut essencial en \u00e0rees de c\u00e0lcul intensiu, com ara astronomia, din\u00e0mica de fluids computacional, an\u00e0lisi d\u2019elements finits, modelatge i predicci\u00f3 del clima o simulaci\u00f3 de sat\u00e8l\u00b7lits. Aix\u00f2 va fer que les distintes versions estandarditzades mantingueren compatibilitat amb les anteriors, alhora que inclo\u00efen capacitats des de la programaci\u00f3 estructurada (el 1977), orientaci\u00f3 a objectes (el 2003) o programaci\u00f3 concurrent (el 2008).<\/p>\n<p style=\"text-align: justify;\">Actualment, la disponibilitat de grans llibreries especialitzades (implementades en <a href=\"https:\/\/museo.inf.upv.es\/c-y-c\/\">C o C++<\/a> habitualment) fa que la comunitat cient\u00edfica estiga migrant a nous llenguatges d\u2019alt nivell, com s\u00f3n Python o Matlab. Tot aix\u00f2 va fer que <strong>FORTRAN<\/strong> incorporara des de 2003 facilitats de conversi\u00f3 a <a href=\"https:\/\/museo.inf.upv.es\/c-y-c\/\">C<\/a>.<\/p>\n<p style=\"text-align: justify;\">Actualment, moltes de les tasques d\u2019avaluaci\u00f3 del rendiment dels nous supercomputadors estan escrites en <strong>FORTRAN<\/strong>.<\/p>\n<p><\/p>\n<\/div>\n\n\n\n<div class=\"wp-block-column is-layout-flow wp-block-column-is-layout-flow\" style=\"flex-basis:25%\">\n<p><\/p>\n<div style=\"border-image: initial; border: 3px solid; border-color: #d1005d; padding: 10px;\">\n<h3 align=\"center\">FORTRAN<\/h3>\n<hr><b>Naixement:1957 <br>Evoluci\u00f3: FORTRAN II (1958); FORTRAN IV (1962); FORTRAN 66; FORTRAN 77; Fortran 90; Fortran 95; Fortran 2003; Fortran 2008; Fortran 2018;<br>Influ\u00e8ncies de: &#8212;<br>Influeix en: Algol 58; BASIC; C; PL1<\/b><\/div>\n<p><\/p>\n<\/div>\n<\/div>","protected":false},"excerpt":{"rendered":"<p>El Llenguatge de Programaci\u00f3 FORTRAN Desenvolupat per IBM el 1950 per a reduir l\u2019esfor\u00e7 d\u2019implementaci\u00f3 de solucions a tasques cient\u00edfiques i d\u2019enginyeria (fins en aquella data desenvolupades en llenguatge d\u2019assemblador). El desenvolupament de FORTRAN va ser paral\u00b7lel al dels compiladors, va ser el primer llenguatge que tingu\u00e9 compilador i que permetia portar programes a distintes [&hellip;]<\/p>\n","protected":false},"author":2,"featured_media":0,"parent":0,"menu_order":0,"comment_status":"closed","ping_status":"closed","template":"","meta":{"_monsterinsights_skip_tracking":false,"_monsterinsights_sitenote_active":false,"_monsterinsights_sitenote_note":"","_monsterinsights_sitenote_category":0,"footnotes":""},"class_list":["post-8894","page","type-page","status-publish","hentry","post"],"yoast_head":"<!-- This site is optimized with the Yoast SEO plugin v27.5 - https:\/\/yoast.com\/product\/yoast-seo-wordpress\/ -->\n<title>Fortran - Web del Museo de Inform\u00e1tica 2.0<\/title>\n<meta name=\"robots\" content=\"index, follow, max-snippet:-1, max-image-preview:large, max-video-preview:-1\" \/>\n<link rel=\"canonical\" href=\"https:\/\/museo.inf.upv.es\/fortran\/\" \/>\n<meta property=\"og:locale\" content=\"en_US\" \/>\n<meta property=\"og:type\" content=\"article\" \/>\n<meta property=\"og:title\" content=\"Fortran - Web del Museo de Inform\u00e1tica 2.0\" \/>\n<meta property=\"og:description\" content=\"El Llenguatge de Programaci\u00f3 FORTRAN Desenvolupat per IBM el 1950 per a reduir l\u2019esfor\u00e7 d\u2019implementaci\u00f3 de solucions a tasques cient\u00edfiques i d\u2019enginyeria (fins en aquella data desenvolupades en llenguatge d\u2019assemblador). El desenvolupament de FORTRAN va ser paral\u00b7lel al dels compiladors, va ser el primer llenguatge que tingu\u00e9 compilador i que permetia portar programes a distintes [&hellip;]\" \/>\n<meta property=\"og:url\" content=\"https:\/\/museo.inf.upv.es\/fortran\/\" \/>\n<meta property=\"og:site_name\" content=\"Web del Museo de Inform\u00e1tica 2.0\" \/>\n<meta property=\"article:modified_time\" content=\"2021-07-13T08:46:49+00:00\" \/>\n<meta property=\"og:image\" content=\"https:\/\/museo.inf.upv.es\/wp-content\/uploads\/2021\/07\/FORTRAN_Backus-300x225.jpg\" \/>\n<meta name=\"twitter:card\" content=\"summary_large_image\" \/>\n<meta name=\"twitter:label1\" content=\"Est. reading time\" \/>\n\t<meta name=\"twitter:data1\" content=\"6 minutes\" \/>\n<script type=\"application\/ld+json\" class=\"yoast-schema-graph\">{\"@context\":\"https:\\\/\\\/schema.org\",\"@graph\":[{\"@type\":\"WebPage\",\"@id\":\"https:\\\/\\\/museo.inf.upv.es\\\/fortran\\\/\",\"url\":\"https:\\\/\\\/museo.inf.upv.es\\\/fortran\\\/\",\"name\":\"Fortran - Web del Museo de Inform\u00e1tica 2.0\",\"isPartOf\":{\"@id\":\"https:\\\/\\\/museo.inf.upv.es\\\/#website\"},\"primaryImageOfPage\":{\"@id\":\"https:\\\/\\\/museo.inf.upv.es\\\/fortran\\\/#primaryimage\"},\"image\":{\"@id\":\"https:\\\/\\\/museo.inf.upv.es\\\/fortran\\\/#primaryimage\"},\"thumbnailUrl\":\"https:\\\/\\\/museo.inf.upv.es\\\/wp-content\\\/uploads\\\/2021\\\/07\\\/FORTRAN_Backus-300x225.jpg\",\"datePublished\":\"2021-07-12T08:46:27+00:00\",\"dateModified\":\"2021-07-13T08:46:49+00:00\",\"breadcrumb\":{\"@id\":\"https:\\\/\\\/museo.inf.upv.es\\\/fortran\\\/#breadcrumb\"},\"inLanguage\":\"va-VA\",\"potentialAction\":[{\"@type\":\"ReadAction\",\"target\":[\"https:\\\/\\\/museo.inf.upv.es\\\/fortran\\\/\"]}]},{\"@type\":\"ImageObject\",\"inLanguage\":\"va-VA\",\"@id\":\"https:\\\/\\\/museo.inf.upv.es\\\/fortran\\\/#primaryimage\",\"url\":\"https:\\\/\\\/museo.inf.upv.es\\\/wp-content\\\/uploads\\\/2021\\\/07\\\/FORTRAN_Backus-300x225.jpg\",\"contentUrl\":\"https:\\\/\\\/museo.inf.upv.es\\\/wp-content\\\/uploads\\\/2021\\\/07\\\/FORTRAN_Backus-300x225.jpg\"},{\"@type\":\"BreadcrumbList\",\"@id\":\"https:\\\/\\\/museo.inf.upv.es\\\/fortran\\\/#breadcrumb\",\"itemListElement\":[{\"@type\":\"ListItem\",\"position\":1,\"name\":\"Portada\",\"item\":\"https:\\\/\\\/museo.inf.upv.es\\\/\"},{\"@type\":\"ListItem\",\"position\":2,\"name\":\"Fortran\"}]},{\"@type\":\"WebSite\",\"@id\":\"https:\\\/\\\/museo.inf.upv.es\\\/#website\",\"url\":\"https:\\\/\\\/museo.inf.upv.es\\\/\",\"name\":\"Web del Museo de Inform\u00e1tica 2.0\",\"description\":\"Web del Museo de Inform\u00e1tica 2.0\",\"potentialAction\":[{\"@type\":\"SearchAction\",\"target\":{\"@type\":\"EntryPoint\",\"urlTemplate\":\"https:\\\/\\\/museo.inf.upv.es\\\/?s={search_term_string}\"},\"query-input\":{\"@type\":\"PropertyValueSpecification\",\"valueRequired\":true,\"valueName\":\"search_term_string\"}}],\"inLanguage\":\"va-VA\"}]}<\/script>\n<!-- \/ Yoast SEO plugin. -->","yoast_head_json":{"title":"Fortran - Web del Museo de Inform\u00e1tica 2.0","robots":{"index":"index","follow":"follow","max-snippet":"max-snippet:-1","max-image-preview":"max-image-preview:large","max-video-preview":"max-video-preview:-1"},"canonical":"https:\/\/museo.inf.upv.es\/fortran\/","og_locale":"en_US","og_type":"article","og_title":"Fortran - Web del Museo de Inform\u00e1tica 2.0","og_description":"El Llenguatge de Programaci\u00f3 FORTRAN Desenvolupat per IBM el 1950 per a reduir l\u2019esfor\u00e7 d\u2019implementaci\u00f3 de solucions a tasques cient\u00edfiques i d\u2019enginyeria (fins en aquella data desenvolupades en llenguatge d\u2019assemblador). El desenvolupament de FORTRAN va ser paral\u00b7lel al dels compiladors, va ser el primer llenguatge que tingu\u00e9 compilador i que permetia portar programes a distintes [&hellip;]","og_url":"https:\/\/museo.inf.upv.es\/fortran\/","og_site_name":"Web del Museo de Inform\u00e1tica 2.0","article_modified_time":"2021-07-13T08:46:49+00:00","og_image":[{"url":"https:\/\/museo.inf.upv.es\/wp-content\/uploads\/2021\/07\/FORTRAN_Backus-300x225.jpg","type":"","width":"","height":""}],"twitter_card":"summary_large_image","twitter_misc":{"Est. reading time":"6 minutes"},"schema":{"@context":"https:\/\/schema.org","@graph":[{"@type":"WebPage","@id":"https:\/\/museo.inf.upv.es\/fortran\/","url":"https:\/\/museo.inf.upv.es\/fortran\/","name":"Fortran - Web del Museo de Inform\u00e1tica 2.0","isPartOf":{"@id":"https:\/\/museo.inf.upv.es\/#website"},"primaryImageOfPage":{"@id":"https:\/\/museo.inf.upv.es\/fortran\/#primaryimage"},"image":{"@id":"https:\/\/museo.inf.upv.es\/fortran\/#primaryimage"},"thumbnailUrl":"https:\/\/museo.inf.upv.es\/wp-content\/uploads\/2021\/07\/FORTRAN_Backus-300x225.jpg","datePublished":"2021-07-12T08:46:27+00:00","dateModified":"2021-07-13T08:46:49+00:00","breadcrumb":{"@id":"https:\/\/museo.inf.upv.es\/fortran\/#breadcrumb"},"inLanguage":"va-VA","potentialAction":[{"@type":"ReadAction","target":["https:\/\/museo.inf.upv.es\/fortran\/"]}]},{"@type":"ImageObject","inLanguage":"va-VA","@id":"https:\/\/museo.inf.upv.es\/fortran\/#primaryimage","url":"https:\/\/museo.inf.upv.es\/wp-content\/uploads\/2021\/07\/FORTRAN_Backus-300x225.jpg","contentUrl":"https:\/\/museo.inf.upv.es\/wp-content\/uploads\/2021\/07\/FORTRAN_Backus-300x225.jpg"},{"@type":"BreadcrumbList","@id":"https:\/\/museo.inf.upv.es\/fortran\/#breadcrumb","itemListElement":[{"@type":"ListItem","position":1,"name":"Portada","item":"https:\/\/museo.inf.upv.es\/"},{"@type":"ListItem","position":2,"name":"Fortran"}]},{"@type":"WebSite","@id":"https:\/\/museo.inf.upv.es\/#website","url":"https:\/\/museo.inf.upv.es\/","name":"Web del Museo de Inform\u00e1tica 2.0","description":"Web del Museo de Inform\u00e1tica 2.0","potentialAction":[{"@type":"SearchAction","target":{"@type":"EntryPoint","urlTemplate":"https:\/\/museo.inf.upv.es\/?s={search_term_string}"},"query-input":{"@type":"PropertyValueSpecification","valueRequired":true,"valueName":"search_term_string"}}],"inLanguage":"va-VA"}]}},"_links":{"self":[{"href":"https:\/\/museo.inf.upv.es\/va\/wp-json\/wp\/v2\/pages\/8894","targetHints":{"allow":["GET"]}}],"collection":[{"href":"https:\/\/museo.inf.upv.es\/va\/wp-json\/wp\/v2\/pages"}],"about":[{"href":"https:\/\/museo.inf.upv.es\/va\/wp-json\/wp\/v2\/types\/page"}],"author":[{"embeddable":true,"href":"https:\/\/museo.inf.upv.es\/va\/wp-json\/wp\/v2\/users\/2"}],"replies":[{"embeddable":true,"href":"https:\/\/museo.inf.upv.es\/va\/wp-json\/wp\/v2\/comments?post=8894"}],"version-history":[{"count":17,"href":"https:\/\/museo.inf.upv.es\/va\/wp-json\/wp\/v2\/pages\/8894\/revisions"}],"predecessor-version":[{"id":9019,"href":"https:\/\/museo.inf.upv.es\/va\/wp-json\/wp\/v2\/pages\/8894\/revisions\/9019"}],"wp:attachment":[{"href":"https:\/\/museo.inf.upv.es\/va\/wp-json\/wp\/v2\/media?parent=8894"}],"curies":[{"name":"wp","href":"https:\/\/api.w.org\/{rel}","templated":true}]}}