{"id":8896,"date":"2021-07-12T08:46:56","date_gmt":"2021-07-12T08:46:56","guid":{"rendered":"https:\/\/museo.inf.upv.es\/?page_id=8896"},"modified":"2021-07-14T10:33:52","modified_gmt":"2021-07-14T10:33:52","slug":"java","status":"publish","type":"page","link":"https:\/\/museo.inf.upv.es\/va\/java\/","title":{"rendered":"Java"},"content":{"rendered":"<div class=\"wp-block-columns is-layout-flex wp-container-core-columns-is-layout-9d6595d7 wp-block-columns-is-layout-flex\">\n<div class=\"wp-block-column is-layout-flow wp-block-column-is-layout-flow\" style=\"flex-basis:75%\">\n<p><\/p>\n<h1>El Llenguatge de Programaci\u00f3 <strong>Java<\/strong><\/h1>\n<p style=\"text-align: justify;\"><a href=\"https:\/\/museo.inf.upv.es\/wp-content\/uploads\/2021\/07\/oracle-sun-java-logos.jpg\"><img loading=\"lazy\" decoding=\"async\" class=\"alignleft wp-image-9067 size-medium\" src=\"https:\/\/museo.inf.upv.es\/wp-content\/uploads\/2021\/07\/oracle-sun-java-logos-300x101.jpg\" alt=\"\" width=\"300\" height=\"101\" srcset=\"https:\/\/museo.inf.upv.es\/wp-content\/uploads\/2021\/07\/oracle-sun-java-logos-300x101.jpg 300w, https:\/\/museo.inf.upv.es\/wp-content\/uploads\/2021\/07\/oracle-sun-java-logos.jpg 554w\" sizes=\"auto, (max-width: 300px) 100vw, 300px\" \/><\/a>La versi\u00f3 beta de <strong>Java<\/strong> la presenta el 1995 <strong>Sun Microsystems<\/strong>, que la proposa com un llenguatge orientat a objectes dissenyats amb el menor nombre de depend\u00e8ncies possible, i que permet als desenvolupadors programar sense preocupar-se del sistema operatiu en qu\u00e8 s\u2019executaria l\u2019aplicaci\u00f3. El programa font es compila habitualment en un codi de bytes, que pot ser executat posteriorment en qualsevol m\u00e0quina virtual Java. Actualment, les aplicacions Java es poden executar en qualsevol plataforma, des de tauletes, port\u00e0tils, consoles de jocs fins a supercomputadors.<\/p>\n<div id=\"attachment_9072\" style=\"width: 310px\" class=\"wp-caption alignleft\"><a href=\"https:\/\/museo.inf.upv.es\/wp-content\/uploads\/2021\/07\/Green-Team-de-james-gosling.png\"><img loading=\"lazy\" decoding=\"async\" aria-describedby=\"caption-attachment-9072\" class=\"wp-image-9072 size-medium\" src=\"https:\/\/museo.inf.upv.es\/wp-content\/uploads\/2021\/07\/Green-Team-de-james-gosling-300x177.png\" alt=\"Green Team, Sun engineers team, with James Gosling, Mike Sheridan, y Patrick Naughton\" width=\"300\" height=\"177\" srcset=\"https:\/\/museo.inf.upv.es\/wp-content\/uploads\/2021\/07\/Green-Team-de-james-gosling-300x177.png 300w, https:\/\/museo.inf.upv.es\/wp-content\/uploads\/2021\/07\/Green-Team-de-james-gosling.png 554w\" sizes=\"auto, (max-width: 300px) 100vw, 300px\" \/><\/a><p id=\"caption-attachment-9072\" class=\"wp-caption-text\">Small <strong>Sun<\/strong> engineers team, called <strong>Green Team<\/strong>, with James Gosling, Mike Sheridan, y Patrick Naughton<\/p><\/div>\n<p style=\"text-align: justify;\"><strong>Java<\/strong> comen\u00e7a com a projecte de <strong>James Gosling<\/strong>, <strong>Mike Sheridan<\/strong> i <strong>Patrick Naughton<\/strong> per a la televisi\u00f3 interactiva i amb una sintaxi semblant a la de <a href=\"https:\/\/museo.inf.upv.es\/c-y-c\/\">C o C++<\/a> perqu\u00e8 els desenvolupadors la trobaren familiar.<\/p>\n<p style=\"text-align: justify;\">Despr\u00e9s de la seua venda a <strong>Oracle<\/strong> el 2010, la implementaci\u00f3 de <strong>Sun<\/strong> es pren com a base per a les versions de <strong>Windows<\/strong>, <strong>macOS<\/strong>, <strong>Linux<\/strong> i <strong>Solaris<\/strong>. Atesa la falta d\u2019est\u00e0ndard de Java (els intents de <strong>Sun<\/strong> el 1997 s\u2019abandonen prompte), la implementaci\u00f3 d\u2019<strong>Oracle<\/strong> es considera est\u00e0ndard <em>de facto<\/em>.<\/p>\n<p style=\"text-align: justify;\">La capacitat d\u2019executar codi Java en distintes plataformes va fer que fora ben rebut per la ind\u00fastria d\u2019Internet, que va introduir, malgrat no ser un est\u00e0ndard obert, la tecnologia de les miniaplicacions. Malgrat que aquesta tecnologia no tingu\u00e9 la vida que s\u2019esperava, marc\u00e0 un abans i un despr\u00e9s, ja que permetia lliurar una aplicaci\u00f3 a un client sense que aquesta estiguera instal\u00b7lada al seu ordinador, fet que va obrir una nova etapa en el desenvolupament dels negocis en Internet.<\/p>\n<p style=\"text-align: justify;\">L\u2019objectiu de Java continua sent obtenir implementacions compatibles. Des del seu naixement, Java ha sigut un llenguatge molt popular entre desenvolupadors. Avui dia (2021), ocupa la 3a posici\u00f3 en el r\u00e0nquing <a href=\"https:\/\/www.tiobe.com\/tiobe-index\/\">TIOBE<\/a> de popularitat de llenguatges de programaci\u00f3 (2n el 2020).<\/p>\n<p><\/p>\n<p>\u00a0<\/p>\n<\/div>\n\n\n\n<div class=\"wp-block-column is-layout-flow wp-block-column-is-layout-flow\" style=\"flex-basis:25%\">\n<p><\/p>\n<div style=\"border-image: initial; border: 3px solid; border-color: #d1005d; padding: 10px;\">\n<h3 align=\"center\">Java<\/h3>\n<hr \/><strong>Naixement<\/strong>: 1995<br \/><strong>Versions<\/strong>: Java 2 (v1.2, 1998); <br \/><strong>Influ\u00e8ncies de<\/strong>: Pascal; C++; Smalltalk 80; <br \/><strong>Influeix en<\/strong>: C#; Objective C; JavaScript; PHP; Python;<\/div>\n<p><\/p>\n<\/div>\n<\/div>","protected":false},"excerpt":{"rendered":"<p>El Llenguatge de Programaci\u00f3 Java La versi\u00f3 beta de Java la presenta el 1995 Sun Microsystems, que la proposa com un llenguatge orientat a objectes dissenyats amb el menor nombre de depend\u00e8ncies possible, i que permet als desenvolupadors programar sense preocupar-se del sistema operatiu en qu\u00e8 s\u2019executaria l\u2019aplicaci\u00f3. El programa font es compila habitualment en [&hellip;]<\/p>\n","protected":false},"author":2,"featured_media":0,"parent":0,"menu_order":0,"comment_status":"closed","ping_status":"closed","template":"","meta":{"_monsterinsights_skip_tracking":false,"_monsterinsights_sitenote_active":false,"_monsterinsights_sitenote_note":"","_monsterinsights_sitenote_category":0,"footnotes":""},"class_list":["post-8896","page","type-page","status-publish","hentry","post"],"yoast_head":"<!-- This site is optimized with the Yoast SEO plugin v27.5 - https:\/\/yoast.com\/product\/yoast-seo-wordpress\/ -->\n<title>Java - Web del Museo de Inform\u00e1tica 2.0<\/title>\n<meta name=\"robots\" content=\"index, follow, max-snippet:-1, max-image-preview:large, max-video-preview:-1\" \/>\n<link rel=\"canonical\" href=\"https:\/\/museo.inf.upv.es\/java\/\" \/>\n<meta property=\"og:locale\" content=\"en_US\" \/>\n<meta property=\"og:type\" content=\"article\" \/>\n<meta property=\"og:title\" content=\"Java - Web del Museo de Inform\u00e1tica 2.0\" \/>\n<meta property=\"og:description\" content=\"El Llenguatge de Programaci\u00f3 Java La versi\u00f3 beta de Java la presenta el 1995 Sun Microsystems, que la proposa com un llenguatge orientat a objectes dissenyats amb el menor nombre de depend\u00e8ncies possible, i que permet als desenvolupadors programar sense preocupar-se del sistema operatiu en qu\u00e8 s\u2019executaria l\u2019aplicaci\u00f3. El programa font es compila habitualment en [&hellip;]\" \/>\n<meta property=\"og:url\" content=\"https:\/\/museo.inf.upv.es\/java\/\" \/>\n<meta property=\"og:site_name\" content=\"Web del Museo de Inform\u00e1tica 2.0\" \/>\n<meta property=\"article:modified_time\" content=\"2021-07-14T10:33:52+00:00\" \/>\n<meta property=\"og:image\" content=\"https:\/\/museo.inf.upv.es\/wp-content\/uploads\/2021\/07\/oracle-sun-java-logos-300x101.jpg\" \/>\n<meta name=\"twitter:card\" content=\"summary_large_image\" \/>\n<meta name=\"twitter:label1\" content=\"Est. reading time\" \/>\n\t<meta name=\"twitter:data1\" content=\"6 minutes\" \/>\n<script type=\"application\/ld+json\" class=\"yoast-schema-graph\">{\"@context\":\"https:\\\/\\\/schema.org\",\"@graph\":[{\"@type\":\"WebPage\",\"@id\":\"https:\\\/\\\/museo.inf.upv.es\\\/java\\\/\",\"url\":\"https:\\\/\\\/museo.inf.upv.es\\\/java\\\/\",\"name\":\"Java - Web del Museo de Inform\u00e1tica 2.0\",\"isPartOf\":{\"@id\":\"https:\\\/\\\/museo.inf.upv.es\\\/#website\"},\"primaryImageOfPage\":{\"@id\":\"https:\\\/\\\/museo.inf.upv.es\\\/java\\\/#primaryimage\"},\"image\":{\"@id\":\"https:\\\/\\\/museo.inf.upv.es\\\/java\\\/#primaryimage\"},\"thumbnailUrl\":\"https:\\\/\\\/museo.inf.upv.es\\\/wp-content\\\/uploads\\\/2021\\\/07\\\/oracle-sun-java-logos-300x101.jpg\",\"datePublished\":\"2021-07-12T08:46:56+00:00\",\"dateModified\":\"2021-07-14T10:33:52+00:00\",\"breadcrumb\":{\"@id\":\"https:\\\/\\\/museo.inf.upv.es\\\/java\\\/#breadcrumb\"},\"inLanguage\":\"va-VA\",\"potentialAction\":[{\"@type\":\"ReadAction\",\"target\":[\"https:\\\/\\\/museo.inf.upv.es\\\/java\\\/\"]}]},{\"@type\":\"ImageObject\",\"inLanguage\":\"va-VA\",\"@id\":\"https:\\\/\\\/museo.inf.upv.es\\\/java\\\/#primaryimage\",\"url\":\"https:\\\/\\\/museo.inf.upv.es\\\/wp-content\\\/uploads\\\/2021\\\/07\\\/oracle-sun-java-logos-300x101.jpg\",\"contentUrl\":\"https:\\\/\\\/museo.inf.upv.es\\\/wp-content\\\/uploads\\\/2021\\\/07\\\/oracle-sun-java-logos-300x101.jpg\"},{\"@type\":\"BreadcrumbList\",\"@id\":\"https:\\\/\\\/museo.inf.upv.es\\\/java\\\/#breadcrumb\",\"itemListElement\":[{\"@type\":\"ListItem\",\"position\":1,\"name\":\"Portada\",\"item\":\"https:\\\/\\\/museo.inf.upv.es\\\/\"},{\"@type\":\"ListItem\",\"position\":2,\"name\":\"Java\"}]},{\"@type\":\"WebSite\",\"@id\":\"https:\\\/\\\/museo.inf.upv.es\\\/#website\",\"url\":\"https:\\\/\\\/museo.inf.upv.es\\\/\",\"name\":\"Web del Museo de Inform\u00e1tica 2.0\",\"description\":\"Web del Museo de Inform\u00e1tica 2.0\",\"potentialAction\":[{\"@type\":\"SearchAction\",\"target\":{\"@type\":\"EntryPoint\",\"urlTemplate\":\"https:\\\/\\\/museo.inf.upv.es\\\/?s={search_term_string}\"},\"query-input\":{\"@type\":\"PropertyValueSpecification\",\"valueRequired\":true,\"valueName\":\"search_term_string\"}}],\"inLanguage\":\"va-VA\"}]}<\/script>\n<!-- \/ Yoast SEO plugin. -->","yoast_head_json":{"title":"Java - Web del Museo de Inform\u00e1tica 2.0","robots":{"index":"index","follow":"follow","max-snippet":"max-snippet:-1","max-image-preview":"max-image-preview:large","max-video-preview":"max-video-preview:-1"},"canonical":"https:\/\/museo.inf.upv.es\/java\/","og_locale":"en_US","og_type":"article","og_title":"Java - Web del Museo de Inform\u00e1tica 2.0","og_description":"El Llenguatge de Programaci\u00f3 Java La versi\u00f3 beta de Java la presenta el 1995 Sun Microsystems, que la proposa com un llenguatge orientat a objectes dissenyats amb el menor nombre de depend\u00e8ncies possible, i que permet als desenvolupadors programar sense preocupar-se del sistema operatiu en qu\u00e8 s\u2019executaria l\u2019aplicaci\u00f3. El programa font es compila habitualment en [&hellip;]","og_url":"https:\/\/museo.inf.upv.es\/java\/","og_site_name":"Web del Museo de Inform\u00e1tica 2.0","article_modified_time":"2021-07-14T10:33:52+00:00","og_image":[{"url":"https:\/\/museo.inf.upv.es\/wp-content\/uploads\/2021\/07\/oracle-sun-java-logos-300x101.jpg","type":"","width":"","height":""}],"twitter_card":"summary_large_image","twitter_misc":{"Est. reading time":"6 minutes"},"schema":{"@context":"https:\/\/schema.org","@graph":[{"@type":"WebPage","@id":"https:\/\/museo.inf.upv.es\/java\/","url":"https:\/\/museo.inf.upv.es\/java\/","name":"Java - Web del Museo de Inform\u00e1tica 2.0","isPartOf":{"@id":"https:\/\/museo.inf.upv.es\/#website"},"primaryImageOfPage":{"@id":"https:\/\/museo.inf.upv.es\/java\/#primaryimage"},"image":{"@id":"https:\/\/museo.inf.upv.es\/java\/#primaryimage"},"thumbnailUrl":"https:\/\/museo.inf.upv.es\/wp-content\/uploads\/2021\/07\/oracle-sun-java-logos-300x101.jpg","datePublished":"2021-07-12T08:46:56+00:00","dateModified":"2021-07-14T10:33:52+00:00","breadcrumb":{"@id":"https:\/\/museo.inf.upv.es\/java\/#breadcrumb"},"inLanguage":"va-VA","potentialAction":[{"@type":"ReadAction","target":["https:\/\/museo.inf.upv.es\/java\/"]}]},{"@type":"ImageObject","inLanguage":"va-VA","@id":"https:\/\/museo.inf.upv.es\/java\/#primaryimage","url":"https:\/\/museo.inf.upv.es\/wp-content\/uploads\/2021\/07\/oracle-sun-java-logos-300x101.jpg","contentUrl":"https:\/\/museo.inf.upv.es\/wp-content\/uploads\/2021\/07\/oracle-sun-java-logos-300x101.jpg"},{"@type":"BreadcrumbList","@id":"https:\/\/museo.inf.upv.es\/java\/#breadcrumb","itemListElement":[{"@type":"ListItem","position":1,"name":"Portada","item":"https:\/\/museo.inf.upv.es\/"},{"@type":"ListItem","position":2,"name":"Java"}]},{"@type":"WebSite","@id":"https:\/\/museo.inf.upv.es\/#website","url":"https:\/\/museo.inf.upv.es\/","name":"Web del Museo de Inform\u00e1tica 2.0","description":"Web del Museo de Inform\u00e1tica 2.0","potentialAction":[{"@type":"SearchAction","target":{"@type":"EntryPoint","urlTemplate":"https:\/\/museo.inf.upv.es\/?s={search_term_string}"},"query-input":{"@type":"PropertyValueSpecification","valueRequired":true,"valueName":"search_term_string"}}],"inLanguage":"va-VA"}]}},"_links":{"self":[{"href":"https:\/\/museo.inf.upv.es\/va\/wp-json\/wp\/v2\/pages\/8896","targetHints":{"allow":["GET"]}}],"collection":[{"href":"https:\/\/museo.inf.upv.es\/va\/wp-json\/wp\/v2\/pages"}],"about":[{"href":"https:\/\/museo.inf.upv.es\/va\/wp-json\/wp\/v2\/types\/page"}],"author":[{"embeddable":true,"href":"https:\/\/museo.inf.upv.es\/va\/wp-json\/wp\/v2\/users\/2"}],"replies":[{"embeddable":true,"href":"https:\/\/museo.inf.upv.es\/va\/wp-json\/wp\/v2\/comments?post=8896"}],"version-history":[{"count":34,"href":"https:\/\/museo.inf.upv.es\/va\/wp-json\/wp\/v2\/pages\/8896\/revisions"}],"predecessor-version":[{"id":9117,"href":"https:\/\/museo.inf.upv.es\/va\/wp-json\/wp\/v2\/pages\/8896\/revisions\/9117"}],"wp:attachment":[{"href":"https:\/\/museo.inf.upv.es\/va\/wp-json\/wp\/v2\/media?parent=8896"}],"curies":[{"name":"wp","href":"https:\/\/api.w.org\/{rel}","templated":true}]}}