{"id":8898,"date":"2021-07-12T08:47:50","date_gmt":"2021-07-12T08:47:50","guid":{"rendered":"https:\/\/museo.inf.upv.es\/?page_id=8898"},"modified":"2021-07-14T16:34:35","modified_gmt":"2021-07-14T16:34:35","slug":"lisp","status":"publish","type":"page","link":"https:\/\/museo.inf.upv.es\/va\/lisp\/","title":{"rendered":"LISP"},"content":{"rendered":"<div class=\"wp-block-columns is-layout-flex wp-container-core-columns-is-layout-9d6595d7 wp-block-columns-is-layout-flex\">\n<div class=\"wp-block-column is-layout-flow wp-block-column-is-layout-flow\" style=\"flex-basis:75%\">\n<p><\/p>\n<h1>El Llenguatge de Programaci\u00f3 <strong>LISP<\/strong><\/h1>\n<div id=\"attachment_9162\" style=\"width: 310px\" class=\"wp-caption alignleft\"><a href=\"https:\/\/museo.inf.upv.es\/wp-content\/uploads\/2021\/07\/McCarthy.jpg\"><img loading=\"lazy\" decoding=\"async\" aria-describedby=\"caption-attachment-9162\" class=\"wp-image-9162 size-medium\" src=\"https:\/\/museo.inf.upv.es\/wp-content\/uploads\/2021\/07\/McCarthy-300x188.jpg\" alt=\"John McCarthy\" width=\"300\" height=\"188\" srcset=\"https:\/\/museo.inf.upv.es\/wp-content\/uploads\/2021\/07\/McCarthy-300x188.jpg 300w, https:\/\/museo.inf.upv.es\/wp-content\/uploads\/2021\/07\/McCarthy-436x272.jpg 436w, https:\/\/museo.inf.upv.es\/wp-content\/uploads\/2021\/07\/McCarthy.jpg 496w\" sizes=\"auto, (max-width: 300px) 100vw, 300px\" \/><\/a><p id=\"caption-attachment-9162\" class=\"wp-caption-text\">John McCarthy (1927\u20132011). The father of Artificial Intelligence.\u00a0<\/p><\/div>\n<p style=\"text-align: justify;\"><strong>LISP<\/strong> \u00e9s el segon llenguatge de programaci\u00f3 de m\u00e9s antiguitat, que es va publicar al <strong>MIT<\/strong> despr\u00e9s de <a href=\"https:\/\/museo.inf.upv.es\/fortran\/\">Fortran<\/a> i poc abans de <a href=\"https:\/\/museo.inf.upv.es\/cobol\/\">COBOL<\/a>. Creat per a seguir la notaci\u00f3 matem\u00e0tica del c\u00e0lcul lambda d\u2019Alonzo Church. Entre altres aportacions, <strong>LISP<\/strong> va introduir l\u2019estructura cond, que implementava, ara essencial, l\u2019estructura IF\u2026THEN\u2026ELSE.<\/p>\n<p style=\"text-align: justify;\"><strong>LISP<\/strong> va introduir la possibilitat de definir estructures de dades arborescents i els tipus din\u00e0mics de dades. La primera cosa que recorda qualsevol persona que haja utilitzat <strong>LISP<\/strong> \u00e9s la seua sintaxi basada en la notaci\u00f3 polonesa i l\u2019\u00fas extensiu de llistes (<strong>LISP<\/strong> prov\u00e9 de \u201c<strong>LIS<\/strong>t <strong>P<\/strong>rocessor\u201d). Les seues caracter\u00edstiques fan f\u00e0cil el disseny de regles \u00fatils per a la definici\u00f3 del comportament en escenaris complexos, que el va fer favorit en el camp de la intel\u00b7lig\u00e8ncia artificial. Una de les particularitats destacades de <strong>LISP<\/strong> \u00e9s que el codi mateix estiga estructurat en forma de llistes, que siga accessible, i modificable, pel mateix codi.<\/p>\n<div id=\"attachment_9159\" style=\"width: 231px\" class=\"wp-caption alignleft\"><a href=\"https:\/\/gigamonkeys.com\/book\/\"><img loading=\"lazy\" decoding=\"async\" aria-describedby=\"caption-attachment-9159\" class=\"wp-image-9159 size-medium\" src=\"https:\/\/museo.inf.upv.es\/wp-content\/uploads\/2021\/07\/1323-221x300.jpg\" alt=\"Peter Seibel LISP Book\" width=\"221\" height=\"300\" srcset=\"https:\/\/museo.inf.upv.es\/wp-content\/uploads\/2021\/07\/1323-221x300.jpg 221w, https:\/\/museo.inf.upv.es\/wp-content\/uploads\/2021\/07\/1323.jpg 310w\" sizes=\"auto, (max-width: 221px) 100vw, 221px\" \/><\/a><p id=\"caption-attachment-9159\" class=\"wp-caption-text\">Peter Seibel LISP Book online<\/p><\/div>\n<p style=\"text-align: justify;\"><strong>LISP<\/strong> \u00e9s un llenguatge habitualment interpretat que, unit al fet que considera la recursi\u00f3 com a estructura de control, fa que no fora molt eficient en les primeres versions. Si b\u00e9 en els anys 90 va experimentar un cert declivi, a partir del llibre de Peter Seibel (accessible en l\u00ednia de forma gratu\u00efta) despert\u00e0 de nou inter\u00e8s, i actualment hi ha una comunitat activa que ofereix recursos i f\u00f2rums de discussi\u00f3. Actualment (2021), <strong>Common Lisp<\/strong> i <strong>Scheme<\/strong> s\u00f3n les versions m\u00e9s esteses.<\/p>\n<p style=\"text-align: justify;\">Que fora dels primers llenguatges publicats va fer que, \u00f2bviament, influ\u00efra en molts altres (<a href=\"https:\/\/museo.inf.upv.es\/smalltalk\/\">Smalltalk<\/a>,\u00a0ALGOL), si b\u00e9 l\u2019estructura radical de <strong>LISP<\/strong> (que considera el mateix tipus tant per a la definici\u00f3 del codi com per a estructurar les dades) fa que no puguen aconseguir la coher\u00e8ncia i sinergia d\u2019aquest.<\/p>\n<p><\/p>\n\n\n\n<p><\/p>\n<\/div>\n\n\n\n<div class=\"wp-block-column is-layout-flow wp-block-column-is-layout-flow\" style=\"flex-basis:25%\">\n<p><\/p>\n<div style=\"border-image: initial; border: 3px solid; border-color: #d1005d; padding: 10px;\">\n<h3 align=\"center\">LISP<\/h3>\n<hr \/><strong>Naixement<\/strong>: 1958<br \/><strong>Evoluci\u00f3<\/strong>: Common Lisp (1984); ANSI Common Lisp (1994);<br \/><strong>Influ\u00e8ncies de<\/strong>: IPL<br \/><strong>Influeix en<\/strong>: ALGOL; Scheme; CLISP; Haskell; JavaScript; Logo; Smalltalk; Perl; Python; R;<\/div>\n<p><\/p>\n<\/div>\n<\/div>","protected":false},"excerpt":{"rendered":"<p>El Llenguatge de Programaci\u00f3 LISP LISP \u00e9s el segon llenguatge de programaci\u00f3 de m\u00e9s antiguitat, que es va publicar al MIT despr\u00e9s de Fortran i poc abans de COBOL. Creat per a seguir la notaci\u00f3 matem\u00e0tica del c\u00e0lcul lambda d\u2019Alonzo Church. Entre altres aportacions, LISP va introduir l\u2019estructura cond, que implementava, ara essencial, l\u2019estructura IF\u2026THEN\u2026ELSE. [&hellip;]<\/p>\n","protected":false},"author":2,"featured_media":0,"parent":0,"menu_order":0,"comment_status":"closed","ping_status":"closed","template":"","meta":{"_monsterinsights_skip_tracking":false,"_monsterinsights_sitenote_active":false,"_monsterinsights_sitenote_note":"","_monsterinsights_sitenote_category":0,"footnotes":""},"class_list":["post-8898","page","type-page","status-publish","hentry","post"],"yoast_head":"<!-- This site is optimized with the Yoast SEO plugin v27.6 - https:\/\/yoast.com\/product\/yoast-seo-wordpress\/ -->\n<title>LISP - Web del Museo de Inform\u00e1tica 2.0<\/title>\n<meta name=\"robots\" content=\"index, follow, max-snippet:-1, max-image-preview:large, max-video-preview:-1\" \/>\n<link rel=\"canonical\" href=\"https:\/\/museo.inf.upv.es\/lisp\/\" \/>\n<meta property=\"og:locale\" content=\"en_US\" \/>\n<meta property=\"og:type\" content=\"article\" \/>\n<meta property=\"og:title\" content=\"LISP - Web del Museo de Inform\u00e1tica 2.0\" \/>\n<meta property=\"og:description\" content=\"El Llenguatge de Programaci\u00f3 LISP LISP \u00e9s el segon llenguatge de programaci\u00f3 de m\u00e9s antiguitat, que es va publicar al MIT despr\u00e9s de Fortran i poc abans de COBOL. Creat per a seguir la notaci\u00f3 matem\u00e0tica del c\u00e0lcul lambda d\u2019Alonzo Church. Entre altres aportacions, LISP va introduir l\u2019estructura cond, que implementava, ara essencial, l\u2019estructura IF\u2026THEN\u2026ELSE. [&hellip;]\" \/>\n<meta property=\"og:url\" content=\"https:\/\/museo.inf.upv.es\/lisp\/\" \/>\n<meta property=\"og:site_name\" content=\"Web del Museo de Inform\u00e1tica 2.0\" \/>\n<meta property=\"article:modified_time\" content=\"2021-07-14T16:34:35+00:00\" \/>\n<meta property=\"og:image\" content=\"https:\/\/museo.inf.upv.es\/wp-content\/uploads\/2021\/07\/McCarthy-300x188.jpg\" \/>\n<meta name=\"twitter:card\" content=\"summary_large_image\" \/>\n<meta name=\"twitter:label1\" content=\"Est. reading time\" \/>\n\t<meta name=\"twitter:data1\" content=\"6 minutes\" \/>\n<script type=\"application\/ld+json\" class=\"yoast-schema-graph\">{\"@context\":\"https:\\\/\\\/schema.org\",\"@graph\":[{\"@type\":\"WebPage\",\"@id\":\"https:\\\/\\\/museo.inf.upv.es\\\/lisp\\\/\",\"url\":\"https:\\\/\\\/museo.inf.upv.es\\\/lisp\\\/\",\"name\":\"LISP - Web del Museo de Inform\u00e1tica 2.0\",\"isPartOf\":{\"@id\":\"https:\\\/\\\/museo.inf.upv.es\\\/#website\"},\"primaryImageOfPage\":{\"@id\":\"https:\\\/\\\/museo.inf.upv.es\\\/lisp\\\/#primaryimage\"},\"image\":{\"@id\":\"https:\\\/\\\/museo.inf.upv.es\\\/lisp\\\/#primaryimage\"},\"thumbnailUrl\":\"https:\\\/\\\/museo.inf.upv.es\\\/wp-content\\\/uploads\\\/2021\\\/07\\\/McCarthy-300x188.jpg\",\"datePublished\":\"2021-07-12T08:47:50+00:00\",\"dateModified\":\"2021-07-14T16:34:35+00:00\",\"breadcrumb\":{\"@id\":\"https:\\\/\\\/museo.inf.upv.es\\\/lisp\\\/#breadcrumb\"},\"inLanguage\":\"va-VA\",\"potentialAction\":[{\"@type\":\"ReadAction\",\"target\":[\"https:\\\/\\\/museo.inf.upv.es\\\/lisp\\\/\"]}]},{\"@type\":\"ImageObject\",\"inLanguage\":\"va-VA\",\"@id\":\"https:\\\/\\\/museo.inf.upv.es\\\/lisp\\\/#primaryimage\",\"url\":\"https:\\\/\\\/museo.inf.upv.es\\\/wp-content\\\/uploads\\\/2021\\\/07\\\/McCarthy-300x188.jpg\",\"contentUrl\":\"https:\\\/\\\/museo.inf.upv.es\\\/wp-content\\\/uploads\\\/2021\\\/07\\\/McCarthy-300x188.jpg\"},{\"@type\":\"BreadcrumbList\",\"@id\":\"https:\\\/\\\/museo.inf.upv.es\\\/lisp\\\/#breadcrumb\",\"itemListElement\":[{\"@type\":\"ListItem\",\"position\":1,\"name\":\"Portada\",\"item\":\"https:\\\/\\\/museo.inf.upv.es\\\/\"},{\"@type\":\"ListItem\",\"position\":2,\"name\":\"LISP\"}]},{\"@type\":\"WebSite\",\"@id\":\"https:\\\/\\\/museo.inf.upv.es\\\/#website\",\"url\":\"https:\\\/\\\/museo.inf.upv.es\\\/\",\"name\":\"Web del Museo de Inform\u00e1tica 2.0\",\"description\":\"Web del Museo de Inform\u00e1tica 2.0\",\"potentialAction\":[{\"@type\":\"SearchAction\",\"target\":{\"@type\":\"EntryPoint\",\"urlTemplate\":\"https:\\\/\\\/museo.inf.upv.es\\\/?s={search_term_string}\"},\"query-input\":{\"@type\":\"PropertyValueSpecification\",\"valueRequired\":true,\"valueName\":\"search_term_string\"}}],\"inLanguage\":\"va-VA\"}]}<\/script>\n<!-- \/ Yoast SEO plugin. -->","yoast_head_json":{"title":"LISP - Web del Museo de Inform\u00e1tica 2.0","robots":{"index":"index","follow":"follow","max-snippet":"max-snippet:-1","max-image-preview":"max-image-preview:large","max-video-preview":"max-video-preview:-1"},"canonical":"https:\/\/museo.inf.upv.es\/lisp\/","og_locale":"en_US","og_type":"article","og_title":"LISP - Web del Museo de Inform\u00e1tica 2.0","og_description":"El Llenguatge de Programaci\u00f3 LISP LISP \u00e9s el segon llenguatge de programaci\u00f3 de m\u00e9s antiguitat, que es va publicar al MIT despr\u00e9s de Fortran i poc abans de COBOL. Creat per a seguir la notaci\u00f3 matem\u00e0tica del c\u00e0lcul lambda d\u2019Alonzo Church. Entre altres aportacions, LISP va introduir l\u2019estructura cond, que implementava, ara essencial, l\u2019estructura IF\u2026THEN\u2026ELSE. [&hellip;]","og_url":"https:\/\/museo.inf.upv.es\/lisp\/","og_site_name":"Web del Museo de Inform\u00e1tica 2.0","article_modified_time":"2021-07-14T16:34:35+00:00","og_image":[{"url":"https:\/\/museo.inf.upv.es\/wp-content\/uploads\/2021\/07\/McCarthy-300x188.jpg","type":"","width":"","height":""}],"twitter_card":"summary_large_image","twitter_misc":{"Est. reading time":"6 minutes"},"schema":{"@context":"https:\/\/schema.org","@graph":[{"@type":"WebPage","@id":"https:\/\/museo.inf.upv.es\/lisp\/","url":"https:\/\/museo.inf.upv.es\/lisp\/","name":"LISP - Web del Museo de Inform\u00e1tica 2.0","isPartOf":{"@id":"https:\/\/museo.inf.upv.es\/#website"},"primaryImageOfPage":{"@id":"https:\/\/museo.inf.upv.es\/lisp\/#primaryimage"},"image":{"@id":"https:\/\/museo.inf.upv.es\/lisp\/#primaryimage"},"thumbnailUrl":"https:\/\/museo.inf.upv.es\/wp-content\/uploads\/2021\/07\/McCarthy-300x188.jpg","datePublished":"2021-07-12T08:47:50+00:00","dateModified":"2021-07-14T16:34:35+00:00","breadcrumb":{"@id":"https:\/\/museo.inf.upv.es\/lisp\/#breadcrumb"},"inLanguage":"va-VA","potentialAction":[{"@type":"ReadAction","target":["https:\/\/museo.inf.upv.es\/lisp\/"]}]},{"@type":"ImageObject","inLanguage":"va-VA","@id":"https:\/\/museo.inf.upv.es\/lisp\/#primaryimage","url":"https:\/\/museo.inf.upv.es\/wp-content\/uploads\/2021\/07\/McCarthy-300x188.jpg","contentUrl":"https:\/\/museo.inf.upv.es\/wp-content\/uploads\/2021\/07\/McCarthy-300x188.jpg"},{"@type":"BreadcrumbList","@id":"https:\/\/museo.inf.upv.es\/lisp\/#breadcrumb","itemListElement":[{"@type":"ListItem","position":1,"name":"Portada","item":"https:\/\/museo.inf.upv.es\/"},{"@type":"ListItem","position":2,"name":"LISP"}]},{"@type":"WebSite","@id":"https:\/\/museo.inf.upv.es\/#website","url":"https:\/\/museo.inf.upv.es\/","name":"Web del Museo de Inform\u00e1tica 2.0","description":"Web del Museo de Inform\u00e1tica 2.0","potentialAction":[{"@type":"SearchAction","target":{"@type":"EntryPoint","urlTemplate":"https:\/\/museo.inf.upv.es\/?s={search_term_string}"},"query-input":{"@type":"PropertyValueSpecification","valueRequired":true,"valueName":"search_term_string"}}],"inLanguage":"va-VA"}]}},"_links":{"self":[{"href":"https:\/\/museo.inf.upv.es\/va\/wp-json\/wp\/v2\/pages\/8898","targetHints":{"allow":["GET"]}}],"collection":[{"href":"https:\/\/museo.inf.upv.es\/va\/wp-json\/wp\/v2\/pages"}],"about":[{"href":"https:\/\/museo.inf.upv.es\/va\/wp-json\/wp\/v2\/types\/page"}],"author":[{"embeddable":true,"href":"https:\/\/museo.inf.upv.es\/va\/wp-json\/wp\/v2\/users\/2"}],"replies":[{"embeddable":true,"href":"https:\/\/museo.inf.upv.es\/va\/wp-json\/wp\/v2\/comments?post=8898"}],"version-history":[{"count":28,"href":"https:\/\/museo.inf.upv.es\/va\/wp-json\/wp\/v2\/pages\/8898\/revisions"}],"predecessor-version":[{"id":9171,"href":"https:\/\/museo.inf.upv.es\/va\/wp-json\/wp\/v2\/pages\/8898\/revisions\/9171"}],"wp:attachment":[{"href":"https:\/\/museo.inf.upv.es\/va\/wp-json\/wp\/v2\/media?parent=8898"}],"curies":[{"name":"wp","href":"https:\/\/api.w.org\/{rel}","templated":true}]}}