{"id":8906,"date":"2021-07-12T08:49:36","date_gmt":"2021-07-12T08:49:36","guid":{"rendered":"https:\/\/museo.inf.upv.es\/?page_id=8906"},"modified":"2021-07-15T15:31:39","modified_gmt":"2021-07-15T15:31:39","slug":"smalltalk","status":"publish","type":"page","link":"https:\/\/museo.inf.upv.es\/va\/smalltalk\/","title":{"rendered":"Smalltalk"},"content":{"rendered":"<div class=\"wp-block-columns is-layout-flex wp-container-core-columns-is-layout-9d6595d7 wp-block-columns-is-layout-flex\">\n<div class=\"wp-block-column is-layout-flow wp-block-column-is-layout-flow\" style=\"flex-basis:75%\">\n<p><\/p>\n<h1>El Llenguatge de Programaci\u00f3 <strong>Smalltalk<\/strong><\/h1>\n<p style=\"text-align: justify;\"><a href=\"https:\/\/museo.inf.upv.es\/wp-content\/uploads\/2021\/07\/AlanKayOnMessaging_v001.jpg\"><img loading=\"lazy\" decoding=\"async\" class=\"alignleft wp-image-9254 \" src=\"https:\/\/museo.inf.upv.es\/wp-content\/uploads\/2021\/07\/AlanKayOnMessaging_v001-300x109.jpg\" alt=\"alan kay\" width=\"336\" height=\"122\" srcset=\"https:\/\/museo.inf.upv.es\/wp-content\/uploads\/2021\/07\/AlanKayOnMessaging_v001-300x109.jpg 300w, https:\/\/museo.inf.upv.es\/wp-content\/uploads\/2021\/07\/AlanKayOnMessaging_v001.jpg 594w\" sizes=\"auto, (max-width: 336px) 100vw, 336px\" \/><\/a>Producte d\u2019un equip liderat per <strong>Alan Kay<\/strong>, <strong>Smalltalk<\/strong> es presenta com un llenguatge orientat a objectes i tipat din\u00e0mic. Despr\u00e9s de distintes versions publicades durant els anys 70, el 1980 es publica la primera versi\u00f3 \u00e0mpliament distribu\u00efda (Smalltalk-80) que va constituir la base de l\u2019est\u00e0ndard <strong>ANSI<\/strong> ratificat el 1998.<\/p>\n<p style=\"text-align: justify;\">Smalltalk sorgeix en el context del programa <strong>ARPA<\/strong>, projecte finan\u00e7at durant els anys 60 i d\u2019on sorgeixen altres resultats i tecnologies (com ara l\u2019hipertext, les GUI, la multim\u00e8dia o Internet) que defineixen el que avui entenem com a inform\u00e0tica. En particular, les caracter\u00edstiques del llenguatge, les eines de depuraci\u00f3 i l\u2019entorn de desenvolupament, influ\u00efren en el desenvolupament de les modernes GUI i els entorns <strong>WYSISYG<\/strong> (<em>What You See Is What You Get<\/em>).<\/p>\n<div id=\"attachment_9251\" style=\"width: 261px\" class=\"wp-caption alignright\"><a href=\"https:\/\/museo.inf.upv.es\/wp-content\/uploads\/2021\/07\/Smalltalk-80.jpg\"><img loading=\"lazy\" decoding=\"async\" aria-describedby=\"caption-attachment-9251\" class=\"wp-image-9251\" src=\"https:\/\/museo.inf.upv.es\/wp-content\/uploads\/2021\/07\/Smalltalk-80.jpg\" alt=\"Smalltalk-80 Book\" width=\"251\" height=\"327\" \/><\/a><p id=\"caption-attachment-9251\" class=\"wp-caption-text\">Smalltalk-80 Book<\/p><\/div>\n<p style=\"text-align: justify;\">A difer\u00e8ncia d\u2019altres llenguatges orientats a objectes, <strong>Smalltalk<\/strong> considera tots els elements implicats en el codi com objectes, sense diferenciar entre objectes i tipus primitius, com ara <a href=\"https:\/\/museo.inf.upv.es\/c-y-c\/\">C++<\/a> o <a href=\"https:\/\/museo.inf.upv.es\/java\/\">Java<\/a>. La sintaxi de Smalltalk \u00e9s minimalista i considera exclusivament sis paraules reservades, en qu\u00e8 est\u00e0 relacionada l\u2019execuci\u00f3 d\u2019operacions amb l\u2019enviament de missatges. Una altra caracter\u00edstica de <strong>Smalltalk<\/strong> \u00e9s la capacitat d\u2019un programa d\u2019accedir a la seua estructura i modificar-la; \u00e9s a dir, la capacitat d\u2019un programa d\u2019automodificar-se.<\/p>\n<p style=\"text-align: justify;\">Tot i que no va ser l\u2019\u00fanic llenguatge que recull l\u2019enfocament de programaci\u00f3 orientat a objectes presentat originalment per Simula, Smalltalk-80 s\u00ed \u00e9s el llenguatge que m\u00e9s \u00e8xit t\u00e9 i que, per tant, popularitza aquest paradigma de programaci\u00f3. Pr\u00e0cticament, tots els llenguatges posteriors que suporten orientaci\u00f3 a objectes (<a href=\"https:\/\/museo.inf.upv.es\/java\/\">Java<\/a>, <a href=\"https:\/\/museo.inf.upv.es\/python\/\">Python<\/a>, <strong>Objective-C<\/strong>, etc.) han estat influ\u00efts per <strong>Smalltalk<\/strong>.<\/p>\n<p style=\"text-align: justify;\">Atesa la import\u00e0ncia dels llenguatges influ\u00efts per Smalltalk, actualment no \u00e9s molt utilitzat i no apareix entre els 50 llenguatges m\u00e9s populars del r\u00e0nquing <a href=\"https:\/\/www.tiobe.com\/tiobe-index\/\">TIOBE<\/a> (2021).<\/p>\n<p><\/p>\n<\/div>\n\n\n\n<div class=\"wp-block-column is-layout-flow wp-block-column-is-layout-flow\" style=\"flex-basis:25%\">\n<p><\/p>\n<div style=\"border-image: initial; border: 3px solid; border-color: #d1005d; padding: 10px;\">\n<h3 align=\"center\">Smalltalk<\/h3>\n<hr><strong>Naixement<\/strong>:1960 <br><strong>Evoluci\u00f3<\/strong>: Smalltalk-71; Smalltalk-72; Smalltalk-76; Smalltalk-80; ANSI Smalltalk (1998)<br><strong>Influ\u00e8ncies de<\/strong>: Simula; Lisp; Logo<br><strong>Influeix en<\/strong>: Objective-C; Java; Python; Scratch<\/div>\n<p><\/p>\n<\/div>\n<\/div>","protected":false},"excerpt":{"rendered":"<p>El Llenguatge de Programaci\u00f3 Smalltalk Producte d\u2019un equip liderat per Alan Kay, Smalltalk es presenta com un llenguatge orientat a objectes i tipat din\u00e0mic. Despr\u00e9s de distintes versions publicades durant els anys 70, el 1980 es publica la primera versi\u00f3 \u00e0mpliament distribu\u00efda (Smalltalk-80) que va constituir la base de l\u2019est\u00e0ndard ANSI ratificat el 1998. Smalltalk [&hellip;]<\/p>\n","protected":false},"author":2,"featured_media":0,"parent":0,"menu_order":0,"comment_status":"closed","ping_status":"closed","template":"","meta":{"_monsterinsights_skip_tracking":false,"_monsterinsights_sitenote_active":false,"_monsterinsights_sitenote_note":"","_monsterinsights_sitenote_category":0,"footnotes":""},"class_list":["post-8906","page","type-page","status-publish","hentry","post"],"yoast_head":"<!-- This site is optimized with the Yoast SEO plugin v27.5 - https:\/\/yoast.com\/product\/yoast-seo-wordpress\/ -->\n<title>Smalltalk - Web del Museo de Inform\u00e1tica 2.0<\/title>\n<meta name=\"robots\" content=\"index, follow, max-snippet:-1, max-image-preview:large, max-video-preview:-1\" \/>\n<link rel=\"canonical\" href=\"https:\/\/museo.inf.upv.es\/smalltalk\/\" \/>\n<meta property=\"og:locale\" content=\"en_US\" \/>\n<meta property=\"og:type\" content=\"article\" \/>\n<meta property=\"og:title\" content=\"Smalltalk - Web del Museo de Inform\u00e1tica 2.0\" \/>\n<meta property=\"og:description\" content=\"El Llenguatge de Programaci\u00f3 Smalltalk Producte d\u2019un equip liderat per Alan Kay, Smalltalk es presenta com un llenguatge orientat a objectes i tipat din\u00e0mic. Despr\u00e9s de distintes versions publicades durant els anys 70, el 1980 es publica la primera versi\u00f3 \u00e0mpliament distribu\u00efda (Smalltalk-80) que va constituir la base de l\u2019est\u00e0ndard ANSI ratificat el 1998. Smalltalk [&hellip;]\" \/>\n<meta property=\"og:url\" content=\"https:\/\/museo.inf.upv.es\/smalltalk\/\" \/>\n<meta property=\"og:site_name\" content=\"Web del Museo de Inform\u00e1tica 2.0\" \/>\n<meta property=\"article:modified_time\" content=\"2021-07-15T15:31:39+00:00\" \/>\n<meta property=\"og:image\" content=\"https:\/\/museo.inf.upv.es\/wp-content\/uploads\/2021\/07\/AlanKayOnMessaging_v001-300x109.jpg\" \/>\n<meta name=\"twitter:card\" content=\"summary_large_image\" \/>\n<meta name=\"twitter:label1\" content=\"Est. reading time\" \/>\n\t<meta name=\"twitter:data1\" content=\"6 minutes\" \/>\n<script type=\"application\/ld+json\" class=\"yoast-schema-graph\">{\"@context\":\"https:\\\/\\\/schema.org\",\"@graph\":[{\"@type\":\"WebPage\",\"@id\":\"https:\\\/\\\/museo.inf.upv.es\\\/smalltalk\\\/\",\"url\":\"https:\\\/\\\/museo.inf.upv.es\\\/smalltalk\\\/\",\"name\":\"Smalltalk - Web del Museo de Inform\u00e1tica 2.0\",\"isPartOf\":{\"@id\":\"https:\\\/\\\/museo.inf.upv.es\\\/#website\"},\"primaryImageOfPage\":{\"@id\":\"https:\\\/\\\/museo.inf.upv.es\\\/smalltalk\\\/#primaryimage\"},\"image\":{\"@id\":\"https:\\\/\\\/museo.inf.upv.es\\\/smalltalk\\\/#primaryimage\"},\"thumbnailUrl\":\"https:\\\/\\\/museo.inf.upv.es\\\/wp-content\\\/uploads\\\/2021\\\/07\\\/AlanKayOnMessaging_v001-300x109.jpg\",\"datePublished\":\"2021-07-12T08:49:36+00:00\",\"dateModified\":\"2021-07-15T15:31:39+00:00\",\"breadcrumb\":{\"@id\":\"https:\\\/\\\/museo.inf.upv.es\\\/smalltalk\\\/#breadcrumb\"},\"inLanguage\":\"va-VA\",\"potentialAction\":[{\"@type\":\"ReadAction\",\"target\":[\"https:\\\/\\\/museo.inf.upv.es\\\/smalltalk\\\/\"]}]},{\"@type\":\"ImageObject\",\"inLanguage\":\"va-VA\",\"@id\":\"https:\\\/\\\/museo.inf.upv.es\\\/smalltalk\\\/#primaryimage\",\"url\":\"https:\\\/\\\/museo.inf.upv.es\\\/wp-content\\\/uploads\\\/2021\\\/07\\\/AlanKayOnMessaging_v001-300x109.jpg\",\"contentUrl\":\"https:\\\/\\\/museo.inf.upv.es\\\/wp-content\\\/uploads\\\/2021\\\/07\\\/AlanKayOnMessaging_v001-300x109.jpg\"},{\"@type\":\"BreadcrumbList\",\"@id\":\"https:\\\/\\\/museo.inf.upv.es\\\/smalltalk\\\/#breadcrumb\",\"itemListElement\":[{\"@type\":\"ListItem\",\"position\":1,\"name\":\"Portada\",\"item\":\"https:\\\/\\\/museo.inf.upv.es\\\/\"},{\"@type\":\"ListItem\",\"position\":2,\"name\":\"Smalltalk\"}]},{\"@type\":\"WebSite\",\"@id\":\"https:\\\/\\\/museo.inf.upv.es\\\/#website\",\"url\":\"https:\\\/\\\/museo.inf.upv.es\\\/\",\"name\":\"Web del Museo de Inform\u00e1tica 2.0\",\"description\":\"Web del Museo de Inform\u00e1tica 2.0\",\"potentialAction\":[{\"@type\":\"SearchAction\",\"target\":{\"@type\":\"EntryPoint\",\"urlTemplate\":\"https:\\\/\\\/museo.inf.upv.es\\\/?s={search_term_string}\"},\"query-input\":{\"@type\":\"PropertyValueSpecification\",\"valueRequired\":true,\"valueName\":\"search_term_string\"}}],\"inLanguage\":\"va-VA\"}]}<\/script>\n<!-- \/ Yoast SEO plugin. -->","yoast_head_json":{"title":"Smalltalk - Web del Museo de Inform\u00e1tica 2.0","robots":{"index":"index","follow":"follow","max-snippet":"max-snippet:-1","max-image-preview":"max-image-preview:large","max-video-preview":"max-video-preview:-1"},"canonical":"https:\/\/museo.inf.upv.es\/smalltalk\/","og_locale":"en_US","og_type":"article","og_title":"Smalltalk - Web del Museo de Inform\u00e1tica 2.0","og_description":"El Llenguatge de Programaci\u00f3 Smalltalk Producte d\u2019un equip liderat per Alan Kay, Smalltalk es presenta com un llenguatge orientat a objectes i tipat din\u00e0mic. Despr\u00e9s de distintes versions publicades durant els anys 70, el 1980 es publica la primera versi\u00f3 \u00e0mpliament distribu\u00efda (Smalltalk-80) que va constituir la base de l\u2019est\u00e0ndard ANSI ratificat el 1998. Smalltalk [&hellip;]","og_url":"https:\/\/museo.inf.upv.es\/smalltalk\/","og_site_name":"Web del Museo de Inform\u00e1tica 2.0","article_modified_time":"2021-07-15T15:31:39+00:00","og_image":[{"url":"https:\/\/museo.inf.upv.es\/wp-content\/uploads\/2021\/07\/AlanKayOnMessaging_v001-300x109.jpg","type":"","width":"","height":""}],"twitter_card":"summary_large_image","twitter_misc":{"Est. reading time":"6 minutes"},"schema":{"@context":"https:\/\/schema.org","@graph":[{"@type":"WebPage","@id":"https:\/\/museo.inf.upv.es\/smalltalk\/","url":"https:\/\/museo.inf.upv.es\/smalltalk\/","name":"Smalltalk - Web del Museo de Inform\u00e1tica 2.0","isPartOf":{"@id":"https:\/\/museo.inf.upv.es\/#website"},"primaryImageOfPage":{"@id":"https:\/\/museo.inf.upv.es\/smalltalk\/#primaryimage"},"image":{"@id":"https:\/\/museo.inf.upv.es\/smalltalk\/#primaryimage"},"thumbnailUrl":"https:\/\/museo.inf.upv.es\/wp-content\/uploads\/2021\/07\/AlanKayOnMessaging_v001-300x109.jpg","datePublished":"2021-07-12T08:49:36+00:00","dateModified":"2021-07-15T15:31:39+00:00","breadcrumb":{"@id":"https:\/\/museo.inf.upv.es\/smalltalk\/#breadcrumb"},"inLanguage":"va-VA","potentialAction":[{"@type":"ReadAction","target":["https:\/\/museo.inf.upv.es\/smalltalk\/"]}]},{"@type":"ImageObject","inLanguage":"va-VA","@id":"https:\/\/museo.inf.upv.es\/smalltalk\/#primaryimage","url":"https:\/\/museo.inf.upv.es\/wp-content\/uploads\/2021\/07\/AlanKayOnMessaging_v001-300x109.jpg","contentUrl":"https:\/\/museo.inf.upv.es\/wp-content\/uploads\/2021\/07\/AlanKayOnMessaging_v001-300x109.jpg"},{"@type":"BreadcrumbList","@id":"https:\/\/museo.inf.upv.es\/smalltalk\/#breadcrumb","itemListElement":[{"@type":"ListItem","position":1,"name":"Portada","item":"https:\/\/museo.inf.upv.es\/"},{"@type":"ListItem","position":2,"name":"Smalltalk"}]},{"@type":"WebSite","@id":"https:\/\/museo.inf.upv.es\/#website","url":"https:\/\/museo.inf.upv.es\/","name":"Web del Museo de Inform\u00e1tica 2.0","description":"Web del Museo de Inform\u00e1tica 2.0","potentialAction":[{"@type":"SearchAction","target":{"@type":"EntryPoint","urlTemplate":"https:\/\/museo.inf.upv.es\/?s={search_term_string}"},"query-input":{"@type":"PropertyValueSpecification","valueRequired":true,"valueName":"search_term_string"}}],"inLanguage":"va-VA"}]}},"_links":{"self":[{"href":"https:\/\/museo.inf.upv.es\/va\/wp-json\/wp\/v2\/pages\/8906","targetHints":{"allow":["GET"]}}],"collection":[{"href":"https:\/\/museo.inf.upv.es\/va\/wp-json\/wp\/v2\/pages"}],"about":[{"href":"https:\/\/museo.inf.upv.es\/va\/wp-json\/wp\/v2\/types\/page"}],"author":[{"embeddable":true,"href":"https:\/\/museo.inf.upv.es\/va\/wp-json\/wp\/v2\/users\/2"}],"replies":[{"embeddable":true,"href":"https:\/\/museo.inf.upv.es\/va\/wp-json\/wp\/v2\/comments?post=8906"}],"version-history":[{"count":18,"href":"https:\/\/museo.inf.upv.es\/va\/wp-json\/wp\/v2\/pages\/8906\/revisions"}],"predecessor-version":[{"id":9283,"href":"https:\/\/museo.inf.upv.es\/va\/wp-json\/wp\/v2\/pages\/8906\/revisions\/9283"}],"wp:attachment":[{"href":"https:\/\/museo.inf.upv.es\/va\/wp-json\/wp\/v2\/media?parent=8906"}],"curies":[{"name":"wp","href":"https:\/\/api.w.org\/{rel}","templated":true}]}}