{"id":9457,"date":"2021-09-27T08:14:09","date_gmt":"2021-09-27T08:14:09","guid":{"rendered":"https:\/\/museo.inf.upv.es\/?page_id=9001"},"modified":"2022-11-21T16:12:27","modified_gmt":"2022-11-21T16:12:27","slug":"geocaching","status":"publish","type":"page","link":"https:\/\/museo.inf.upv.es\/va\/geocaching\/","title":{"rendered":"geocaching"},"content":{"rendered":"<h1>Geocaching<\/h1>\n<p style=\"text-align: justify;\"> Coneixes el geocaching? saps que hi ha un cache premiat ambientat en el Museu d&#8217;Inform\u00e0tica de la ETSINF?<\/p>\n<p><a href=\"https:\/\/museo.inf.upv.es\/wp-content\/uploads\/2021\/09\/28a8e265-358f-40bc-b913-7e83877ba499-300x283.jpeg\"><img loading=\"lazy\" decoding=\"async\" class=\"aligncenter wp-image-9013 size-medium\" src=\"https:\/\/museo.inf.upv.es\/wp-content\/uploads\/2021\/09\/28a8e265-358f-40bc-b913-7e83877ba499-300x283.jpeg\" alt=\"\" width=\"300\" height=\"283\" \/><\/a><\/p>\n<p>En aquest v\u00eddeo pots veure en qu\u00e8 consisteix un repte de geocaching<a href=\"https:\/\/www.youtube.com\/watch?v=EqLsJno1mhs\"> https:\/\/www.youtube.com\/watch?v=EqLsJno1mhs<\/a><\/p>\n<p><\/p>\n<div style=\"width: 720px;\" class=\"wp-video\"><video class=\"wp-video-shortcode\" id=\"video-9457-1\" width=\"720\" height=\"405\" preload=\"metadata\" controls=\"controls\"><source type=\"video\/mp4\" src=\"https:\/\/museo.inf.upv.es\/wp-content\/uploads\/2021\/09\/\u00bfQue-es-el-Geocaching_.mp4?_=1\" \/><a href=\"https:\/\/museo.inf.upv.es\/wp-content\/uploads\/2021\/09\/\u00bfQue-es-el-Geocaching_.mp4\">https:\/\/museo.inf.upv.es\/wp-content\/uploads\/2021\/09\/\u00bfQue-es-el-Geocaching_.mp4<\/a><\/video><\/div>\n<h2><span style=\"color: #000000;\">El misterio de la Inform\u00e1tica<\/span><\/h2>\n<p style=\"text-align: justify;\"> L&#8217;objectiu del cach\u00e9 \u00e9s donar a con\u00e9ixer el <a href=\"http:\/\/museo.inf.upv.es\">Museu d&#8217;Inform\u00e0tica<\/a>, situat en la Escola T\u00e8cnica Superior d\u2019Enginyeria Inform\u00e0tica (<a href=\"http:\/\/etsinf.upv.es\">ETSINF<\/a>) de la Universitat Polit\u00e8cnica de Val\u00e8ncia (<a href=\"http:\/\/www.upv.es\">UPV<\/a>).<\/p>\n<p>Gr\u00e0cies a <a href=\"https:\/\/www.geocaching.com\/p\/?guid=0ef7ab27-0f0d-4f68-aec4-1b60fb19957d&amp;wid=9209e84b-8f78-4b99-b5a7-36699f4a24b2&amp;ds=2\">Culebrillos y fitimollas<\/a> per la creaci\u00f3 d&#8217;aquest cach\u00e9 anomenat <strong>El misterio de la Inform\u00e1tica<\/strong>:<\/p>\n<p>Acc\u00e9s al cache: <a href=\"https:\/\/coord.info\/GC7V5EH\">https:\/\/coord.info\/GC7V5EH<\/a><\/p>\n<p>Anima&#8217;t i supera el repte&#8230;<\/p>\n<p><\/p>\n<p><\/p>","protected":false},"excerpt":{"rendered":"<p>Geocaching Coneixes el geocaching? saps que hi ha un cache premiat ambientat en el Museu d&#8217;Inform\u00e0tica de la ETSINF? En aquest v\u00eddeo pots veure en qu\u00e8 consisteix un repte de geocaching https:\/\/www.youtube.com\/watch?v=EqLsJno1mhs El misterio de la Inform\u00e1tica L&#8217;objectiu del cach\u00e9 \u00e9s donar a con\u00e9ixer el Museu d&#8217;Inform\u00e0tica, situat en la Escola T\u00e8cnica Superior d\u2019Enginyeria Inform\u00e0tica [&hellip;]<\/p>\n","protected":false},"author":2,"featured_media":0,"parent":0,"menu_order":0,"comment_status":"closed","ping_status":"closed","template":"","meta":{"_monsterinsights_skip_tracking":false,"_monsterinsights_sitenote_active":false,"_monsterinsights_sitenote_note":"","_monsterinsights_sitenote_category":0,"footnotes":""},"class_list":["post-9457","page","type-page","status-publish","hentry","post"],"yoast_head":"<!-- This site is optimized with the Yoast SEO plugin v27.3 - https:\/\/yoast.com\/product\/yoast-seo-wordpress\/ -->\n<title>geocaching - Web del Museo de Inform\u00e1tica 2.0<\/title>\n<meta name=\"robots\" content=\"index, follow, max-snippet:-1, max-image-preview:large, max-video-preview:-1\" \/>\n<link rel=\"canonical\" href=\"https:\/\/museo.inf.upv.es\/geocaching\/\" \/>\n<meta property=\"og:locale\" content=\"en_US\" \/>\n<meta property=\"og:type\" content=\"article\" \/>\n<meta property=\"og:title\" content=\"geocaching - Web del Museo de Inform\u00e1tica 2.0\" \/>\n<meta property=\"og:description\" content=\"Geocaching Coneixes el geocaching? saps que hi ha un cache premiat ambientat en el Museu d&#8217;Inform\u00e0tica de la ETSINF? En aquest v\u00eddeo pots veure en qu\u00e8 consisteix un repte de geocaching https:\/\/www.youtube.com\/watch?v=EqLsJno1mhs El misterio de la Inform\u00e1tica L&#8217;objectiu del cach\u00e9 \u00e9s donar a con\u00e9ixer el Museu d&#8217;Inform\u00e0tica, situat en la Escola T\u00e8cnica Superior d\u2019Enginyeria Inform\u00e0tica [&hellip;]\" \/>\n<meta property=\"og:url\" content=\"https:\/\/museo.inf.upv.es\/geocaching\/\" \/>\n<meta property=\"og:site_name\" content=\"Web del Museo de Inform\u00e1tica 2.0\" \/>\n<meta property=\"article:modified_time\" content=\"2022-11-21T16:12:27+00:00\" \/>\n<meta property=\"og:image\" content=\"https:\/\/museo.inf.upv.es\/wp-content\/uploads\/2021\/09\/28a8e265-358f-40bc-b913-7e83877ba499-300x283.jpeg\" \/>\n<meta name=\"twitter:card\" content=\"summary_large_image\" \/>\n<meta name=\"twitter:label1\" content=\"Est. reading time\" \/>\n\t<meta name=\"twitter:data1\" content=\"2 minutes\" \/>\n<script type=\"application\/ld+json\" class=\"yoast-schema-graph\">{\"@context\":\"https:\\\/\\\/schema.org\",\"@graph\":[{\"@type\":\"WebPage\",\"@id\":\"https:\\\/\\\/museo.inf.upv.es\\\/geocaching\\\/\",\"url\":\"https:\\\/\\\/museo.inf.upv.es\\\/geocaching\\\/\",\"name\":\"geocaching - Web del Museo de Inform\u00e1tica 2.0\",\"isPartOf\":{\"@id\":\"https:\\\/\\\/museo.inf.upv.es\\\/#website\"},\"primaryImageOfPage\":{\"@id\":\"https:\\\/\\\/museo.inf.upv.es\\\/geocaching\\\/#primaryimage\"},\"image\":{\"@id\":\"https:\\\/\\\/museo.inf.upv.es\\\/geocaching\\\/#primaryimage\"},\"thumbnailUrl\":\"https:\\\/\\\/museo.inf.upv.es\\\/wp-content\\\/uploads\\\/2021\\\/09\\\/28a8e265-358f-40bc-b913-7e83877ba499-300x283.jpeg\",\"datePublished\":\"2021-09-27T08:14:09+00:00\",\"dateModified\":\"2022-11-21T16:12:27+00:00\",\"breadcrumb\":{\"@id\":\"https:\\\/\\\/museo.inf.upv.es\\\/geocaching\\\/#breadcrumb\"},\"inLanguage\":\"va-VA\",\"potentialAction\":[{\"@type\":\"ReadAction\",\"target\":[\"https:\\\/\\\/museo.inf.upv.es\\\/geocaching\\\/\"]}]},{\"@type\":\"ImageObject\",\"inLanguage\":\"va-VA\",\"@id\":\"https:\\\/\\\/museo.inf.upv.es\\\/geocaching\\\/#primaryimage\",\"url\":\"https:\\\/\\\/museo.inf.upv.es\\\/wp-content\\\/uploads\\\/2021\\\/09\\\/28a8e265-358f-40bc-b913-7e83877ba499-300x283.jpeg\",\"contentUrl\":\"https:\\\/\\\/museo.inf.upv.es\\\/wp-content\\\/uploads\\\/2021\\\/09\\\/28a8e265-358f-40bc-b913-7e83877ba499-300x283.jpeg\"},{\"@type\":\"BreadcrumbList\",\"@id\":\"https:\\\/\\\/museo.inf.upv.es\\\/geocaching\\\/#breadcrumb\",\"itemListElement\":[{\"@type\":\"ListItem\",\"position\":1,\"name\":\"Portada\",\"item\":\"https:\\\/\\\/museo.inf.upv.es\\\/\"},{\"@type\":\"ListItem\",\"position\":2,\"name\":\"geocaching\"}]},{\"@type\":\"WebSite\",\"@id\":\"https:\\\/\\\/museo.inf.upv.es\\\/#website\",\"url\":\"https:\\\/\\\/museo.inf.upv.es\\\/\",\"name\":\"Web del Museo de Inform\u00e1tica 2.0\",\"description\":\"Web del Museo de Inform\u00e1tica 2.0\",\"potentialAction\":[{\"@type\":\"SearchAction\",\"target\":{\"@type\":\"EntryPoint\",\"urlTemplate\":\"https:\\\/\\\/museo.inf.upv.es\\\/?s={search_term_string}\"},\"query-input\":{\"@type\":\"PropertyValueSpecification\",\"valueRequired\":true,\"valueName\":\"search_term_string\"}}],\"inLanguage\":\"va-VA\"}]}<\/script>\n<!-- \/ Yoast SEO plugin. -->","yoast_head_json":{"title":"geocaching - Web del Museo de Inform\u00e1tica 2.0","robots":{"index":"index","follow":"follow","max-snippet":"max-snippet:-1","max-image-preview":"max-image-preview:large","max-video-preview":"max-video-preview:-1"},"canonical":"https:\/\/museo.inf.upv.es\/geocaching\/","og_locale":"en_US","og_type":"article","og_title":"geocaching - Web del Museo de Inform\u00e1tica 2.0","og_description":"Geocaching Coneixes el geocaching? saps que hi ha un cache premiat ambientat en el Museu d&#8217;Inform\u00e0tica de la ETSINF? En aquest v\u00eddeo pots veure en qu\u00e8 consisteix un repte de geocaching https:\/\/www.youtube.com\/watch?v=EqLsJno1mhs El misterio de la Inform\u00e1tica L&#8217;objectiu del cach\u00e9 \u00e9s donar a con\u00e9ixer el Museu d&#8217;Inform\u00e0tica, situat en la Escola T\u00e8cnica Superior d\u2019Enginyeria Inform\u00e0tica [&hellip;]","og_url":"https:\/\/museo.inf.upv.es\/geocaching\/","og_site_name":"Web del Museo de Inform\u00e1tica 2.0","article_modified_time":"2022-11-21T16:12:27+00:00","og_image":[{"url":"https:\/\/museo.inf.upv.es\/wp-content\/uploads\/2021\/09\/28a8e265-358f-40bc-b913-7e83877ba499-300x283.jpeg","type":"","width":"","height":""}],"twitter_card":"summary_large_image","twitter_misc":{"Est. reading time":"2 minutes"},"schema":{"@context":"https:\/\/schema.org","@graph":[{"@type":"WebPage","@id":"https:\/\/museo.inf.upv.es\/geocaching\/","url":"https:\/\/museo.inf.upv.es\/geocaching\/","name":"geocaching - Web del Museo de Inform\u00e1tica 2.0","isPartOf":{"@id":"https:\/\/museo.inf.upv.es\/#website"},"primaryImageOfPage":{"@id":"https:\/\/museo.inf.upv.es\/geocaching\/#primaryimage"},"image":{"@id":"https:\/\/museo.inf.upv.es\/geocaching\/#primaryimage"},"thumbnailUrl":"https:\/\/museo.inf.upv.es\/wp-content\/uploads\/2021\/09\/28a8e265-358f-40bc-b913-7e83877ba499-300x283.jpeg","datePublished":"2021-09-27T08:14:09+00:00","dateModified":"2022-11-21T16:12:27+00:00","breadcrumb":{"@id":"https:\/\/museo.inf.upv.es\/geocaching\/#breadcrumb"},"inLanguage":"va-VA","potentialAction":[{"@type":"ReadAction","target":["https:\/\/museo.inf.upv.es\/geocaching\/"]}]},{"@type":"ImageObject","inLanguage":"va-VA","@id":"https:\/\/museo.inf.upv.es\/geocaching\/#primaryimage","url":"https:\/\/museo.inf.upv.es\/wp-content\/uploads\/2021\/09\/28a8e265-358f-40bc-b913-7e83877ba499-300x283.jpeg","contentUrl":"https:\/\/museo.inf.upv.es\/wp-content\/uploads\/2021\/09\/28a8e265-358f-40bc-b913-7e83877ba499-300x283.jpeg"},{"@type":"BreadcrumbList","@id":"https:\/\/museo.inf.upv.es\/geocaching\/#breadcrumb","itemListElement":[{"@type":"ListItem","position":1,"name":"Portada","item":"https:\/\/museo.inf.upv.es\/"},{"@type":"ListItem","position":2,"name":"geocaching"}]},{"@type":"WebSite","@id":"https:\/\/museo.inf.upv.es\/#website","url":"https:\/\/museo.inf.upv.es\/","name":"Web del Museo de Inform\u00e1tica 2.0","description":"Web del Museo de Inform\u00e1tica 2.0","potentialAction":[{"@type":"SearchAction","target":{"@type":"EntryPoint","urlTemplate":"https:\/\/museo.inf.upv.es\/?s={search_term_string}"},"query-input":{"@type":"PropertyValueSpecification","valueRequired":true,"valueName":"search_term_string"}}],"inLanguage":"va-VA"}]}},"_links":{"self":[{"href":"https:\/\/museo.inf.upv.es\/va\/wp-json\/wp\/v2\/pages\/9457","targetHints":{"allow":["GET"]}}],"collection":[{"href":"https:\/\/museo.inf.upv.es\/va\/wp-json\/wp\/v2\/pages"}],"about":[{"href":"https:\/\/museo.inf.upv.es\/va\/wp-json\/wp\/v2\/types\/page"}],"author":[{"embeddable":true,"href":"https:\/\/museo.inf.upv.es\/va\/wp-json\/wp\/v2\/users\/2"}],"replies":[{"embeddable":true,"href":"https:\/\/museo.inf.upv.es\/va\/wp-json\/wp\/v2\/comments?post=9457"}],"version-history":[{"count":7,"href":"https:\/\/museo.inf.upv.es\/va\/wp-json\/wp\/v2\/pages\/9457\/revisions"}],"predecessor-version":[{"id":10725,"href":"https:\/\/museo.inf.upv.es\/va\/wp-json\/wp\/v2\/pages\/9457\/revisions\/10725"}],"wp:attachment":[{"href":"https:\/\/museo.inf.upv.es\/va\/wp-json\/wp\/v2\/media?parent=9457"}],"curies":[{"name":"wp","href":"https:\/\/api.w.org\/{rel}","templated":true}]}}