{"id":9843,"date":"2022-03-28T12:53:11","date_gmt":"2022-03-28T12:53:11","guid":{"rendered":"https:\/\/museo.inf.upv.es\/?page_id=9843"},"modified":"2025-03-20T13:00:16","modified_gmt":"2025-03-20T13:00:16","slug":"publico-visitante","status":"publish","type":"page","link":"https:\/\/museo.inf.upv.es\/va\/publico-visitante\/","title":{"rendered":"P\u00fablic visitant"},"content":{"rendered":"<p><\/p>\n<p style=\"text-align: justify;\">L&#8217;entrada a l&#8217;esdeveniment \u00e9s gratu\u00efta econ\u00f2micament per\u00f2 requerix d&#8217;una entrada sostenible o solid\u00e0ria.<\/p>\n<p style=\"text-align: justify;\"><img loading=\"lazy\" decoding=\"async\" class=\"alignleft wp-image-6660 size-medium\" src=\"https:\/\/museo.inf.upv.es\/wp-content\/uploads\/2021\/05\/Entrada_Sostenible-300x145.png\" alt=\"\" width=\"300\" height=\"145\" srcset=\"https:\/\/museo.inf.upv.es\/wp-content\/uploads\/2021\/05\/Entrada_Sostenible-300x145.png 300w, https:\/\/museo.inf.upv.es\/wp-content\/uploads\/2021\/05\/Entrada_Sostenible.png 528w\" sizes=\"auto, (max-width: 300px) 100vw, 300px\" \/><\/p>\n<p style=\"text-align: justify;\"><strong>Entrada sostenible.<\/strong> El Museu d&#8217;Inform\u00e0tica t\u00e9 implantada la iniciativa d&#8217;ENTRADA SOSTENIBLE que \u00e9s imprescindible per a poder accedir al recinte. Per a aix\u00f2, els visitants hauran de portar un residu electr\u00f2nic per a reciclar: aparells electr\u00f2nics, ordenadors, xicotets electrodom\u00e8stics, impressores, pantalles, CD, DVD, m\u00f2bils, carregadors, bateries, piles, cables, etc. Qualsevol \u201cRAEE\u201d \u00e9s benvingut per a conscienciar sobre la import\u00e0ncia de reciclar i treballar la problem\u00e0tica de les escombraries electr\u00f2niques. La iniciativa ser\u00e0 coordinada pel Museu d&#8217;Inform\u00e0tica i la Unitat de Medi Ambient de la Universitat Polit\u00e8cnica de Val\u00e8ncia.<\/p>\n<p style=\"text-align: justify;\"><\/pre>\n<hr \/>\n<p><\/p>\n<p><img loading=\"lazy\" decoding=\"async\" class=\"size-medium wp-image-9856 alignleft\" src=\"https:\/\/museo.inf.upv.es\/wp-content\/uploads\/2022\/03\/videojuegosxalimentos-300x73.jpg\" alt=\"\" width=\"300\" height=\"73\" srcset=\"https:\/\/museo.inf.upv.es\/wp-content\/uploads\/2022\/03\/videojuegosxalimentos-300x73.jpg 300w, https:\/\/museo.inf.upv.es\/wp-content\/uploads\/2022\/03\/videojuegosxalimentos.jpg 455w\" sizes=\"auto, (max-width: 300px) 100vw, 300px\" \/><\/p>\n<p style=\"text-align: justify;\"><span style=\"color: initial; font-size: revert;\"><strong>Entrada solid\u00e0ria.<\/strong> Asupiva \u00e9s una associaci\u00f3 sense \u00e0nim de lucre fundada en 1999 i entre els seus diversos objectius socials est\u00e0 este projecte que \u00e9s Videojocs per Aliments. En col\u00b7laboraci\u00f3 amb (FESBAL) estem organitzant un esdeveniment solidari a favor del Banc d&#8217;Aliments que \u00e9s una nova manera d&#8217;ajudar a totes les persones que l&#8217;estan passant malament amb la crisi i que gr\u00e0cies a bancs d&#8217;aliments no passen fam. En qu\u00e8 consistix videojocs per aliments? F\u00e0cil, \u00e9s un mercat ambulant solidari en el qual nosaltres posem videojocs i material de videojocs, que canviem per l&#8217;aliment que el teu portes. L&#8217;\u00fanica moneda de canvi \u00e9s aliments, quilos d&#8217;aliments no peribles, MAI DINERS. Eixe \u00e9s el secret del nostre projecte, que mai hi ha diners tant per a canviar videojocs com si organitzem un altre tipus de projecte com a campionats esportius de videojocs.<\/span><\/p>\n<p><\/p>","protected":false},"excerpt":{"rendered":"<p>L&#8217;entrada a l&#8217;esdeveniment \u00e9s gratu\u00efta econ\u00f2micament per\u00f2 requerix d&#8217;una entrada sostenible o solid\u00e0ria. Entrada sostenible. El Museu d&#8217;Inform\u00e0tica t\u00e9 implantada la iniciativa d&#8217;ENTRADA SOSTENIBLE que \u00e9s imprescindible per a poder accedir al recinte. Per a aix\u00f2, els visitants hauran de portar un residu electr\u00f2nic per a reciclar: aparells electr\u00f2nics, ordenadors, xicotets electrodom\u00e8stics, impressores, pantalles, CD, [&hellip;]<\/p>\n","protected":false},"author":2,"featured_media":0,"parent":0,"menu_order":0,"comment_status":"closed","ping_status":"closed","template":"","meta":{"_monsterinsights_skip_tracking":false,"_monsterinsights_sitenote_active":false,"_monsterinsights_sitenote_note":"","_monsterinsights_sitenote_category":0,"footnotes":""},"class_list":["post-9843","page","type-page","status-publish","hentry","post"],"yoast_head":"<!-- This site is optimized with the Yoast SEO plugin v27.6 - https:\/\/yoast.com\/product\/yoast-seo-wordpress\/ -->\n<title>P\u00fablic visitant - Web del Museo de Inform\u00e1tica 2.0<\/title>\n<meta name=\"robots\" content=\"index, follow, max-snippet:-1, max-image-preview:large, max-video-preview:-1\" \/>\n<link rel=\"canonical\" href=\"https:\/\/museo.inf.upv.es\/publico-visitante\/\" \/>\n<meta property=\"og:locale\" content=\"en_US\" \/>\n<meta property=\"og:type\" content=\"article\" \/>\n<meta property=\"og:title\" content=\"P\u00fablic visitant - Web del Museo de Inform\u00e1tica 2.0\" \/>\n<meta property=\"og:description\" content=\"L&#8217;entrada a l&#8217;esdeveniment \u00e9s gratu\u00efta econ\u00f2micament per\u00f2 requerix d&#8217;una entrada sostenible o solid\u00e0ria. Entrada sostenible. El Museu d&#8217;Inform\u00e0tica t\u00e9 implantada la iniciativa d&#8217;ENTRADA SOSTENIBLE que \u00e9s imprescindible per a poder accedir al recinte. Per a aix\u00f2, els visitants hauran de portar un residu electr\u00f2nic per a reciclar: aparells electr\u00f2nics, ordenadors, xicotets electrodom\u00e8stics, impressores, pantalles, CD, [&hellip;]\" \/>\n<meta property=\"og:url\" content=\"https:\/\/museo.inf.upv.es\/publico-visitante\/\" \/>\n<meta property=\"og:site_name\" content=\"Web del Museo de Inform\u00e1tica 2.0\" \/>\n<meta property=\"article:modified_time\" content=\"2025-03-20T13:00:16+00:00\" \/>\n<meta property=\"og:image\" content=\"https:\/\/museo.inf.upv.es\/wp-content\/uploads\/2021\/05\/Entrada_Sostenible.png\" \/>\n\t<meta property=\"og:image:width\" content=\"528\" \/>\n\t<meta property=\"og:image:height\" content=\"255\" \/>\n\t<meta property=\"og:image:type\" content=\"image\/png\" \/>\n<meta name=\"twitter:card\" content=\"summary_large_image\" \/>\n<meta name=\"twitter:label1\" content=\"Est. reading time\" \/>\n\t<meta name=\"twitter:data1\" content=\"5 minutes\" \/>\n<script type=\"application\/ld+json\" class=\"yoast-schema-graph\">{\"@context\":\"https:\\\/\\\/schema.org\",\"@graph\":[{\"@type\":\"WebPage\",\"@id\":\"https:\\\/\\\/museo.inf.upv.es\\\/publico-visitante\\\/\",\"url\":\"https:\\\/\\\/museo.inf.upv.es\\\/publico-visitante\\\/\",\"name\":\"P\u00fablic visitant - Web del Museo de Inform\u00e1tica 2.0\",\"isPartOf\":{\"@id\":\"https:\\\/\\\/museo.inf.upv.es\\\/#website\"},\"primaryImageOfPage\":{\"@id\":\"https:\\\/\\\/museo.inf.upv.es\\\/publico-visitante\\\/#primaryimage\"},\"image\":{\"@id\":\"https:\\\/\\\/museo.inf.upv.es\\\/publico-visitante\\\/#primaryimage\"},\"thumbnailUrl\":\"https:\\\/\\\/museo.inf.upv.es\\\/wp-content\\\/uploads\\\/2021\\\/05\\\/Entrada_Sostenible-300x145.png\",\"datePublished\":\"2022-03-28T12:53:11+00:00\",\"dateModified\":\"2025-03-20T13:00:16+00:00\",\"breadcrumb\":{\"@id\":\"https:\\\/\\\/museo.inf.upv.es\\\/publico-visitante\\\/#breadcrumb\"},\"inLanguage\":\"va-VA\",\"potentialAction\":[{\"@type\":\"ReadAction\",\"target\":[\"https:\\\/\\\/museo.inf.upv.es\\\/publico-visitante\\\/\"]}]},{\"@type\":\"ImageObject\",\"inLanguage\":\"va-VA\",\"@id\":\"https:\\\/\\\/museo.inf.upv.es\\\/publico-visitante\\\/#primaryimage\",\"url\":\"https:\\\/\\\/museo.inf.upv.es\\\/wp-content\\\/uploads\\\/2021\\\/05\\\/Entrada_Sostenible-300x145.png\",\"contentUrl\":\"https:\\\/\\\/museo.inf.upv.es\\\/wp-content\\\/uploads\\\/2021\\\/05\\\/Entrada_Sostenible-300x145.png\"},{\"@type\":\"BreadcrumbList\",\"@id\":\"https:\\\/\\\/museo.inf.upv.es\\\/publico-visitante\\\/#breadcrumb\",\"itemListElement\":[{\"@type\":\"ListItem\",\"position\":1,\"name\":\"Portada\",\"item\":\"https:\\\/\\\/museo.inf.upv.es\\\/\"},{\"@type\":\"ListItem\",\"position\":2,\"name\":\"[:es]P\u00fablico visitante[:va]P\u00fablic visitant[:en]Visitors[:]\"}]},{\"@type\":\"WebSite\",\"@id\":\"https:\\\/\\\/museo.inf.upv.es\\\/#website\",\"url\":\"https:\\\/\\\/museo.inf.upv.es\\\/\",\"name\":\"Web del Museo de Inform\u00e1tica 2.0\",\"description\":\"Web del Museo de Inform\u00e1tica 2.0\",\"potentialAction\":[{\"@type\":\"SearchAction\",\"target\":{\"@type\":\"EntryPoint\",\"urlTemplate\":\"https:\\\/\\\/museo.inf.upv.es\\\/?s={search_term_string}\"},\"query-input\":{\"@type\":\"PropertyValueSpecification\",\"valueRequired\":true,\"valueName\":\"search_term_string\"}}],\"inLanguage\":\"va-VA\"}]}<\/script>\n<!-- \/ Yoast SEO plugin. -->","yoast_head_json":{"title":"P\u00fablic visitant - Web del Museo de Inform\u00e1tica 2.0","robots":{"index":"index","follow":"follow","max-snippet":"max-snippet:-1","max-image-preview":"max-image-preview:large","max-video-preview":"max-video-preview:-1"},"canonical":"https:\/\/museo.inf.upv.es\/publico-visitante\/","og_locale":"en_US","og_type":"article","og_title":"P\u00fablic visitant - Web del Museo de Inform\u00e1tica 2.0","og_description":"L&#8217;entrada a l&#8217;esdeveniment \u00e9s gratu\u00efta econ\u00f2micament per\u00f2 requerix d&#8217;una entrada sostenible o solid\u00e0ria. Entrada sostenible. El Museu d&#8217;Inform\u00e0tica t\u00e9 implantada la iniciativa d&#8217;ENTRADA SOSTENIBLE que \u00e9s imprescindible per a poder accedir al recinte. Per a aix\u00f2, els visitants hauran de portar un residu electr\u00f2nic per a reciclar: aparells electr\u00f2nics, ordenadors, xicotets electrodom\u00e8stics, impressores, pantalles, CD, [&hellip;]","og_url":"https:\/\/museo.inf.upv.es\/publico-visitante\/","og_site_name":"Web del Museo de Inform\u00e1tica 2.0","article_modified_time":"2025-03-20T13:00:16+00:00","og_image":[{"width":528,"height":255,"url":"https:\/\/museo.inf.upv.es\/wp-content\/uploads\/2021\/05\/Entrada_Sostenible.png","type":"image\/png"}],"twitter_card":"summary_large_image","twitter_misc":{"Est. reading time":"5 minutes"},"schema":{"@context":"https:\/\/schema.org","@graph":[{"@type":"WebPage","@id":"https:\/\/museo.inf.upv.es\/publico-visitante\/","url":"https:\/\/museo.inf.upv.es\/publico-visitante\/","name":"P\u00fablic visitant - Web del Museo de Inform\u00e1tica 2.0","isPartOf":{"@id":"https:\/\/museo.inf.upv.es\/#website"},"primaryImageOfPage":{"@id":"https:\/\/museo.inf.upv.es\/publico-visitante\/#primaryimage"},"image":{"@id":"https:\/\/museo.inf.upv.es\/publico-visitante\/#primaryimage"},"thumbnailUrl":"https:\/\/museo.inf.upv.es\/wp-content\/uploads\/2021\/05\/Entrada_Sostenible-300x145.png","datePublished":"2022-03-28T12:53:11+00:00","dateModified":"2025-03-20T13:00:16+00:00","breadcrumb":{"@id":"https:\/\/museo.inf.upv.es\/publico-visitante\/#breadcrumb"},"inLanguage":"va-VA","potentialAction":[{"@type":"ReadAction","target":["https:\/\/museo.inf.upv.es\/publico-visitante\/"]}]},{"@type":"ImageObject","inLanguage":"va-VA","@id":"https:\/\/museo.inf.upv.es\/publico-visitante\/#primaryimage","url":"https:\/\/museo.inf.upv.es\/wp-content\/uploads\/2021\/05\/Entrada_Sostenible-300x145.png","contentUrl":"https:\/\/museo.inf.upv.es\/wp-content\/uploads\/2021\/05\/Entrada_Sostenible-300x145.png"},{"@type":"BreadcrumbList","@id":"https:\/\/museo.inf.upv.es\/publico-visitante\/#breadcrumb","itemListElement":[{"@type":"ListItem","position":1,"name":"Portada","item":"https:\/\/museo.inf.upv.es\/"},{"@type":"ListItem","position":2,"name":"[:es]P\u00fablico visitante[:va]P\u00fablic visitant[:en]Visitors[:]"}]},{"@type":"WebSite","@id":"https:\/\/museo.inf.upv.es\/#website","url":"https:\/\/museo.inf.upv.es\/","name":"Web del Museo de Inform\u00e1tica 2.0","description":"Web del Museo de Inform\u00e1tica 2.0","potentialAction":[{"@type":"SearchAction","target":{"@type":"EntryPoint","urlTemplate":"https:\/\/museo.inf.upv.es\/?s={search_term_string}"},"query-input":{"@type":"PropertyValueSpecification","valueRequired":true,"valueName":"search_term_string"}}],"inLanguage":"va-VA"}]}},"_links":{"self":[{"href":"https:\/\/museo.inf.upv.es\/va\/wp-json\/wp\/v2\/pages\/9843","targetHints":{"allow":["GET"]}}],"collection":[{"href":"https:\/\/museo.inf.upv.es\/va\/wp-json\/wp\/v2\/pages"}],"about":[{"href":"https:\/\/museo.inf.upv.es\/va\/wp-json\/wp\/v2\/types\/page"}],"author":[{"embeddable":true,"href":"https:\/\/museo.inf.upv.es\/va\/wp-json\/wp\/v2\/users\/2"}],"replies":[{"embeddable":true,"href":"https:\/\/museo.inf.upv.es\/va\/wp-json\/wp\/v2\/comments?post=9843"}],"version-history":[{"count":30,"href":"https:\/\/museo.inf.upv.es\/va\/wp-json\/wp\/v2\/pages\/9843\/revisions"}],"predecessor-version":[{"id":11726,"href":"https:\/\/museo.inf.upv.es\/va\/wp-json\/wp\/v2\/pages\/9843\/revisions\/11726"}],"wp:attachment":[{"href":"https:\/\/museo.inf.upv.es\/va\/wp-json\/wp\/v2\/media?parent=9843"}],"curies":[{"name":"wp","href":"https:\/\/api.w.org\/{rel}","templated":true}]}}