{"id":9901,"date":"2022-04-04T09:52:03","date_gmt":"2022-04-04T09:52:03","guid":{"rendered":"https:\/\/museo.inf.upv.es\/?page_id=9901"},"modified":"2022-04-04T10:11:12","modified_gmt":"2022-04-04T10:11:12","slug":"apuntarexpositorretropolisvlc2022","status":"publish","type":"page","link":"https:\/\/museo.inf.upv.es\/va\/apuntarexpositorretropolisvlc2022\/","title":{"rendered":"(Espa\u00f1ol) apuntarexpositorretropolisvlc2022"},"content":{"rendered":"<p class=\"qtranxs-available-languages-message qtranxs-available-languages-message-va\">Ho sentim, aquesta entrada nom\u00e9s es troba disponible en <a href=\"https:\/\/museo.inf.upv.es\/es\/wp-json\/wp\/v2\/pages\/9901\" class=\"qtranxs-available-language-link qtranxs-available-language-link-es\" title=\"Espa\u00f1ol\">Espa\u00f1ol<\/a>.<\/p>","protected":false},"excerpt":{"rendered":"<p>Ho sentim, aquesta entrada nom\u00e9s es troba disponible en Espa\u00f1ol.<\/p>\n","protected":false},"author":2,"featured_media":0,"parent":0,"menu_order":0,"comment_status":"closed","ping_status":"closed","template":"","meta":{"_monsterinsights_skip_tracking":false,"_monsterinsights_sitenote_active":false,"_monsterinsights_sitenote_note":"","_monsterinsights_sitenote_category":0,"footnotes":""},"class_list":["post-9901","page","type-page","status-publish","hentry","post"],"yoast_head":"<!-- This site is optimized with the Yoast SEO plugin v27.3 - https:\/\/yoast.com\/product\/yoast-seo-wordpress\/ -->\n<title>(Espa\u00f1ol) apuntarexpositorretropolisvlc2022 - Web del Museo de Inform\u00e1tica 2.0<\/title>\n<meta name=\"robots\" content=\"index, follow, max-snippet:-1, max-image-preview:large, max-video-preview:-1\" \/>\n<link rel=\"canonical\" href=\"https:\/\/museo.inf.upv.es\/apuntarexpositorretropolisvlc2022\/\" \/>\n<meta property=\"og:locale\" content=\"en_US\" \/>\n<meta property=\"og:type\" content=\"article\" \/>\n<meta property=\"og:title\" content=\"(Espa\u00f1ol) apuntarexpositorretropolisvlc2022 - Web del Museo de Inform\u00e1tica 2.0\" \/>\n<meta property=\"og:description\" content=\"Ho sentim, aquesta entrada nom\u00e9s es troba disponible en Espa\u00f1ol.\" \/>\n<meta property=\"og:url\" content=\"https:\/\/museo.inf.upv.es\/apuntarexpositorretropolisvlc2022\/\" \/>\n<meta property=\"og:site_name\" content=\"Web del Museo de Inform\u00e1tica 2.0\" \/>\n<meta property=\"article:modified_time\" content=\"2022-04-04T10:11:12+00:00\" \/>\n<meta property=\"og:image\" content=\"https:\/\/museo.inf.upv.es\/wp-content\/uploads\/2022\/03\/RPV2022-DIN_PCACTS_v2-212x300.png\" \/>\n<meta name=\"twitter:card\" content=\"summary_large_image\" \/>\n<meta name=\"twitter:label1\" content=\"Est. reading time\" \/>\n\t<meta name=\"twitter:data1\" content=\"1 minute\" \/>\n<script type=\"application\/ld+json\" class=\"yoast-schema-graph\">{\"@context\":\"https:\\\/\\\/schema.org\",\"@graph\":[{\"@type\":\"WebPage\",\"@id\":\"https:\\\/\\\/museo.inf.upv.es\\\/apuntarexpositorretropolisvlc2022\\\/\",\"url\":\"https:\\\/\\\/museo.inf.upv.es\\\/apuntarexpositorretropolisvlc2022\\\/\",\"name\":\"(Espa\u00f1ol) apuntarexpositorretropolisvlc2022 - Web del Museo de Inform\u00e1tica 2.0\",\"isPartOf\":{\"@id\":\"https:\\\/\\\/museo.inf.upv.es\\\/#website\"},\"primaryImageOfPage\":{\"@id\":\"https:\\\/\\\/museo.inf.upv.es\\\/apuntarexpositorretropolisvlc2022\\\/#primaryimage\"},\"image\":{\"@id\":\"https:\\\/\\\/museo.inf.upv.es\\\/apuntarexpositorretropolisvlc2022\\\/#primaryimage\"},\"thumbnailUrl\":\"https:\\\/\\\/museo.inf.upv.es\\\/wp-content\\\/uploads\\\/2022\\\/03\\\/RPV2022-DIN_PCACTS_v2-212x300.png\",\"datePublished\":\"2022-04-04T09:52:03+00:00\",\"dateModified\":\"2022-04-04T10:11:12+00:00\",\"breadcrumb\":{\"@id\":\"https:\\\/\\\/museo.inf.upv.es\\\/apuntarexpositorretropolisvlc2022\\\/#breadcrumb\"},\"inLanguage\":\"va-VA\",\"potentialAction\":[{\"@type\":\"ReadAction\",\"target\":[\"https:\\\/\\\/museo.inf.upv.es\\\/apuntarexpositorretropolisvlc2022\\\/\"]}]},{\"@type\":\"ImageObject\",\"inLanguage\":\"va-VA\",\"@id\":\"https:\\\/\\\/museo.inf.upv.es\\\/apuntarexpositorretropolisvlc2022\\\/#primaryimage\",\"url\":\"https:\\\/\\\/museo.inf.upv.es\\\/wp-content\\\/uploads\\\/2022\\\/03\\\/RPV2022-DIN_PCACTS_v2-212x300.png\",\"contentUrl\":\"https:\\\/\\\/museo.inf.upv.es\\\/wp-content\\\/uploads\\\/2022\\\/03\\\/RPV2022-DIN_PCACTS_v2-212x300.png\"},{\"@type\":\"BreadcrumbList\",\"@id\":\"https:\\\/\\\/museo.inf.upv.es\\\/apuntarexpositorretropolisvlc2022\\\/#breadcrumb\",\"itemListElement\":[{\"@type\":\"ListItem\",\"position\":1,\"name\":\"Portada\",\"item\":\"https:\\\/\\\/museo.inf.upv.es\\\/\"},{\"@type\":\"ListItem\",\"position\":2,\"name\":\"apuntarexpositorretropolisvlc2022\"}]},{\"@type\":\"WebSite\",\"@id\":\"https:\\\/\\\/museo.inf.upv.es\\\/#website\",\"url\":\"https:\\\/\\\/museo.inf.upv.es\\\/\",\"name\":\"Web del Museo de Inform\u00e1tica 2.0\",\"description\":\"Web del Museo de Inform\u00e1tica 2.0\",\"potentialAction\":[{\"@type\":\"SearchAction\",\"target\":{\"@type\":\"EntryPoint\",\"urlTemplate\":\"https:\\\/\\\/museo.inf.upv.es\\\/?s={search_term_string}\"},\"query-input\":{\"@type\":\"PropertyValueSpecification\",\"valueRequired\":true,\"valueName\":\"search_term_string\"}}],\"inLanguage\":\"va-VA\"}]}<\/script>\n<!-- \/ Yoast SEO plugin. -->","yoast_head_json":{"title":"(Espa\u00f1ol) apuntarexpositorretropolisvlc2022 - Web del Museo de Inform\u00e1tica 2.0","robots":{"index":"index","follow":"follow","max-snippet":"max-snippet:-1","max-image-preview":"max-image-preview:large","max-video-preview":"max-video-preview:-1"},"canonical":"https:\/\/museo.inf.upv.es\/apuntarexpositorretropolisvlc2022\/","og_locale":"en_US","og_type":"article","og_title":"(Espa\u00f1ol) apuntarexpositorretropolisvlc2022 - Web del Museo de Inform\u00e1tica 2.0","og_description":"Ho sentim, aquesta entrada nom\u00e9s es troba disponible en Espa\u00f1ol.","og_url":"https:\/\/museo.inf.upv.es\/apuntarexpositorretropolisvlc2022\/","og_site_name":"Web del Museo de Inform\u00e1tica 2.0","article_modified_time":"2022-04-04T10:11:12+00:00","og_image":[{"url":"https:\/\/museo.inf.upv.es\/wp-content\/uploads\/2022\/03\/RPV2022-DIN_PCACTS_v2-212x300.png","type":"","width":"","height":""}],"twitter_card":"summary_large_image","twitter_misc":{"Est. reading time":"1 minute"},"schema":{"@context":"https:\/\/schema.org","@graph":[{"@type":"WebPage","@id":"https:\/\/museo.inf.upv.es\/apuntarexpositorretropolisvlc2022\/","url":"https:\/\/museo.inf.upv.es\/apuntarexpositorretropolisvlc2022\/","name":"(Espa\u00f1ol) apuntarexpositorretropolisvlc2022 - Web del Museo de Inform\u00e1tica 2.0","isPartOf":{"@id":"https:\/\/museo.inf.upv.es\/#website"},"primaryImageOfPage":{"@id":"https:\/\/museo.inf.upv.es\/apuntarexpositorretropolisvlc2022\/#primaryimage"},"image":{"@id":"https:\/\/museo.inf.upv.es\/apuntarexpositorretropolisvlc2022\/#primaryimage"},"thumbnailUrl":"https:\/\/museo.inf.upv.es\/wp-content\/uploads\/2022\/03\/RPV2022-DIN_PCACTS_v2-212x300.png","datePublished":"2022-04-04T09:52:03+00:00","dateModified":"2022-04-04T10:11:12+00:00","breadcrumb":{"@id":"https:\/\/museo.inf.upv.es\/apuntarexpositorretropolisvlc2022\/#breadcrumb"},"inLanguage":"va-VA","potentialAction":[{"@type":"ReadAction","target":["https:\/\/museo.inf.upv.es\/apuntarexpositorretropolisvlc2022\/"]}]},{"@type":"ImageObject","inLanguage":"va-VA","@id":"https:\/\/museo.inf.upv.es\/apuntarexpositorretropolisvlc2022\/#primaryimage","url":"https:\/\/museo.inf.upv.es\/wp-content\/uploads\/2022\/03\/RPV2022-DIN_PCACTS_v2-212x300.png","contentUrl":"https:\/\/museo.inf.upv.es\/wp-content\/uploads\/2022\/03\/RPV2022-DIN_PCACTS_v2-212x300.png"},{"@type":"BreadcrumbList","@id":"https:\/\/museo.inf.upv.es\/apuntarexpositorretropolisvlc2022\/#breadcrumb","itemListElement":[{"@type":"ListItem","position":1,"name":"Portada","item":"https:\/\/museo.inf.upv.es\/"},{"@type":"ListItem","position":2,"name":"apuntarexpositorretropolisvlc2022"}]},{"@type":"WebSite","@id":"https:\/\/museo.inf.upv.es\/#website","url":"https:\/\/museo.inf.upv.es\/","name":"Web del Museo de Inform\u00e1tica 2.0","description":"Web del Museo de Inform\u00e1tica 2.0","potentialAction":[{"@type":"SearchAction","target":{"@type":"EntryPoint","urlTemplate":"https:\/\/museo.inf.upv.es\/?s={search_term_string}"},"query-input":{"@type":"PropertyValueSpecification","valueRequired":true,"valueName":"search_term_string"}}],"inLanguage":"va-VA"}]}},"_links":{"self":[{"href":"https:\/\/museo.inf.upv.es\/va\/wp-json\/wp\/v2\/pages\/9901","targetHints":{"allow":["GET"]}}],"collection":[{"href":"https:\/\/museo.inf.upv.es\/va\/wp-json\/wp\/v2\/pages"}],"about":[{"href":"https:\/\/museo.inf.upv.es\/va\/wp-json\/wp\/v2\/types\/page"}],"author":[{"embeddable":true,"href":"https:\/\/museo.inf.upv.es\/va\/wp-json\/wp\/v2\/users\/2"}],"replies":[{"embeddable":true,"href":"https:\/\/museo.inf.upv.es\/va\/wp-json\/wp\/v2\/comments?post=9901"}],"version-history":[{"count":12,"href":"https:\/\/museo.inf.upv.es\/va\/wp-json\/wp\/v2\/pages\/9901\/revisions"}],"predecessor-version":[{"id":11719,"href":"https:\/\/museo.inf.upv.es\/va\/wp-json\/wp\/v2\/pages\/9901\/revisions\/11719"}],"wp:attachment":[{"href":"https:\/\/museo.inf.upv.es\/va\/wp-json\/wp\/v2\/media?parent=9901"}],"curies":[{"name":"wp","href":"https:\/\/api.w.org\/{rel}","templated":true}]}}